{"id":63327,"date":"2026-02-16T15:10:39","date_gmt":"2026-02-16T14:10:39","guid":{"rendered":"https:\/\/agripedia.ch\/forum-wasser-landwirtschaft\/collecter-stocker-et-reutiliser-leau\/"},"modified":"2026-04-01T15:20:15","modified_gmt":"2026-04-01T13:20:15","slug":"collecter-stocker-et-reutiliser-leau","status":"publish","type":"page","link":"https:\/\/agripedia.ch\/forum-wasser-landwirtschaft\/fr\/collecter-stocker-et-reutiliser-leau\/","title":{"rendered":"Collecter, stocker et r\u00e9utiliser l&rsquo;eau"},"content":{"rendered":"\n<p class=\"has-normal-font-size\">L&rsquo;eau est collect\u00e9e et stock\u00e9e dans des bassins ouverts, des cuvettes et des \u00e9tangs ou dans des r\u00e9cipients ferm\u00e9s tels que des citernes et des r\u00e9servoirs pour les p\u00e9riodes s\u00e8ches. La collecte se fait en cas d&rsquo;abondance et \u00e0 partir de diff\u00e9rentes sources. <\/p>\n\n\n\n<div style=\"height:21px\" aria-hidden=\"true\" class=\"wp-block-spacer\"><\/div>\n\n\n\n<div class=\"wp-block-columns is-layout-flex wp-container-core-columns-is-layout-9d6595d7 wp-block-columns-is-layout-flex\">\n<div class=\"wp-block-column is-layout-flow wp-block-column-is-layout-flow\"><div class=\"agripedia-home-post agripedia-subpage-card\" data-type=\"subpage-card\">\n  <a class=\"agripedia-subpage-card__linkwrap\" href=\"https:\/\/agripedia.ch\/forum-wasser-landwirtschaft\/fr\/reservoirs-deau-ouverts-et-fermes\/\" target=\"_blank\" rel=\"noopener noreferrer\">    <div class=\"agripedia-home-thumbnail\">\n              <img decoding=\"async\" src=\"https:\/\/agripedia.ch\/forum-wasser-landwirtschaft\/wp-content\/uploads\/sites\/64\/2025\/10\/Teich-baggern-Katzhof2-DAL-scaled.jpg\" alt=\"R\u00e9servoirs d\u2019eau ouverts et ferm\u00e9s\" \/>\n          <\/div>\n  <\/a>\n  <div class=\"agripedia-home-post-content\">\n          <h2 class=\"agripedia-home-post-title\">\n                  <a href=\"https:\/\/agripedia.ch\/forum-wasser-landwirtschaft\/fr\/reservoirs-deau-ouverts-et-fermes\/\" target=\"_blank\" rel=\"noopener noreferrer\">\n        \n          R\u00e9servoirs d\u2019eau ouverts et ferm\u00e9s\n                  <\/a>\n              <\/h2>\n    \n          <p class=\"agripedia-home-post-excerpt\">La taille et la conception des bassins de stockage d\u00e9pendent de diff\u00e9rents facteurs : besoins en eau, disponibilit\u00e9 en eau, bases l\u00e9gales, co\u00fbts, effets suppl\u00e9mentaires souhait\u00e9s tels que le niveau de biodiversit\u00e9. Image : AGRIDEA<\/p>\n      <\/div>\n<\/div>\n<\/div>\n\n\n\n<div class=\"wp-block-column is-layout-flow wp-block-column-is-layout-flow\"><div class=\"agripedia-home-post agripedia-subpage-card\" data-type=\"subpage-card\">\n  <a class=\"agripedia-subpage-card__linkwrap\" href=\"https:\/\/agripedia.ch\/forum-wasser-landwirtschaft\/fr\/eau-collecte-recyclage-qualite\/\" target=\"_blank\" rel=\"noopener noreferrer\">    <div class=\"agripedia-home-thumbnail\">\n              <img decoding=\"async\" src=\"https:\/\/agripedia.ch\/forum-wasser-landwirtschaft\/wp-content\/uploads\/sites\/64\/2026\/02\/20240926_145812-768x1024.jpg\" alt=\"Collecter et r\u00e9utiliser l&#039;eau\" \/>\n          <\/div>\n  <\/a>\n  <div class=\"agripedia-home-post-content\">\n          <h2 class=\"agripedia-home-post-title\">\n                  <a href=\"https:\/\/agripedia.ch\/forum-wasser-landwirtschaft\/fr\/eau-collecte-recyclage-qualite\/\" target=\"_blank\" rel=\"noopener noreferrer\">\n        \n          Collecter et r\u00e9utiliser l&rsquo;eau\n                  <\/a>\n              <\/h2>\n    \n          <p class=\"agripedia-home-post-excerpt\">Pour pouvoir stocker l&rsquo;eau, il faut la collecter. Selon l&rsquo;exploitation, diff\u00e9rentes sources sont disponibles \u00e0 cet effet. Id\u00e9alement, cette activit\u00e9 devrait \u00eatre compl\u00e9t\u00e9e par une utilisation efficace de l&rsquo;eau, en la r\u00e9utilisant plusieurs fois. Il convient toutefois de veiller \u00e0 sa qualit\u00e9. Image : AGRIDEA<\/p>\n      <\/div>\n<\/div>\n<\/div>\n<\/div>\n\n\n\n<div style=\"height:21px\" aria-hidden=\"true\" class=\"wp-block-spacer\"><\/div>\n\n\n\n<p class=\"has-normal-font-size\"><strong>Vous trouverez ici des informations g\u00e9n\u00e9rales sur les projets portant, entre autres, sur le stockage de l&rsquo;eau :<\/strong><\/p>\n\n\n\n<p class=\"has-normal-font-size\">Bieri A., 2024. focus : <a href=\"https:\/\/www.revue-horizons.ch\/2024\/09\/05\/savoir-irriguer-en-ville-et-ailleurs\/\" target=\"_blank\" rel=\"noreferrer noopener\">La lutte pour l&rsquo;eau ; Savoir irriguer en ville et ailleurs<\/a>. Article publi\u00e9 dans : Horizons, Le magazine suisse de la recherche scientifique<\/p>\n\n\n\n<p class=\"has-normal-font-size\">Kilcher L., 2024. <a href=\"https:\/\/agripedia.ch\/forum-wasser-landwirtschaft\/wp-content\/uploads\/sites\/64\/2026\/03\/e-agil-mit-Slow-water-Franz.pdf\" target=\"_blank\" rel=\"noreferrer noopener\">Slow Water pour notre paysage culturel<\/a>. AGRIDEA, e-agil, No 2\/ao\u00fbt 2024<\/p>\n\n\n\n<p class=\"has-normal-font-size\">Kuster T., 2024, <a href=\"https:\/\/agripedia.ch\/forum-wasser-landwirtschaft\/wp-content\/uploads\/sites\/64\/2026\/03\/e-agil-mit-Slow-water-Franz.pdf\" target=\"_blank\" rel=\"noreferrer noopener\">Peut-on r\u00e9duire les pertes d\u2019eau dans le sol ?<\/a> AGRIDEA, e-agil, No 2\/ao\u00fbt 2024<\/p>\n\n\n\n<p class=\"has-normal-font-size\">Studer C., 2024. <a href=\"https:\/\/agripedia.ch\/forum-wasser-landwirtschaft\/wp-content\/uploads\/sites\/64\/2026\/03\/e-agil-mit-Slow-water-Franz.pdf\" target=\"_blank\" rel=\"noreferrer noopener\">Utilisation efficace de l\u2019eau dans les zones arides<\/a>. AGRIDEA, e-agil, No 2\/ao\u00fbt 2024<\/p>\n\n\n\n<hr class=\"wp-block-separator has-alpha-channel-opacity\"\/>\n\n\n\n<p class=\"has-normal-font-size\"><em>Cette page est en cours de r\u00e9daction, les contributions sur le sujet sont les bienvenues.<\/em><\/p>\n\n\n\n<p class=\"has-normal-font-size\">Nous acceptons volontiers vos contributions, remarques, compl\u00e9ments, suggestions et commentaires <a href=\"https:\/\/agripedia.ch\/forum-wasser-landwirtschaft\/fr\/contact\/\">ici<\/a>.<\/p>\n","protected":false},"excerpt":{"rendered":"<p>L&rsquo;eau est collect\u00e9e et stock\u00e9e dans des bassins ouverts, des cuvettes et des \u00e9tangs ou dans des r\u00e9cipients ferm\u00e9s tels que des citernes et des r\u00e9servoirs pour les p\u00e9riodes s\u00e8ches. La collecte se fait en cas d&rsquo;abondance et \u00e0 partir de diff\u00e9rentes sources. Vous trouverez ici des informations g\u00e9n\u00e9rales sur les projets portant, entre autres, [&hellip;]<\/p>\n","protected":false},"author":234,"featured_media":0,"parent":0,"menu_order":0,"comment_status":"closed","ping_status":"closed","template":"","meta":{"_sb_is_suggestion_mode":false,"_sb_show_suggestion_boards":false,"_sb_show_comment_boards":false,"_sb_suggestion_history":"","_sb_update_block_changes":"","om_disable_all_campaigns":false,"advgb_blocks_editor_width":"","advgb_blocks_columns_visual_guide":"","_monsterinsights_skip_tracking":false,"_monsterinsights_sitenote_active":false,"_monsterinsights_sitenote_note":"","_monsterinsights_sitenote_category":0,"footnotes":""},"class_list":["post-63327","page","type-page","status-publish","hentry"],"coauthors":[{"link":"https:\/\/agripedia.ch\/forum-wasser-landwirtschaft\/fr\/author\/dal0\/","display_name":"dal0"}],"author_meta":{"author_link":"https:\/\/agripedia.ch\/forum-wasser-landwirtschaft\/fr\/author\/dal0\/","display_name":"dal0"},"relative_dates":{"created":"Publi\u00e9 2 mois il y a","modified":"Mis \u00e0 jour 1 semaine il y a"},"absolute_dates":{"created":"Publi\u00e9 le 16 f\u00e9vrier 2026","modified":"Mise \u00e0 jour le 1 avril 2026"},"absolute_dates_time":{"created":"Publi\u00e9 le 16 f\u00e9vrier 2026 15h10","modified":"Mise \u00e0 jour le 1 avril 2026 15h20"},"featured_img_caption":"","featured_img":false,"series_order":"","_links":{"self":[{"href":"https:\/\/agripedia.ch\/forum-wasser-landwirtschaft\/fr\/wp-json\/wp\/v2\/pages\/63327","targetHints":{"allow":["GET"]}}],"collection":[{"href":"https:\/\/agripedia.ch\/forum-wasser-landwirtschaft\/fr\/wp-json\/wp\/v2\/pages"}],"about":[{"href":"https:\/\/agripedia.ch\/forum-wasser-landwirtschaft\/fr\/wp-json\/wp\/v2\/types\/page"}],"author":[{"embeddable":true,"href":"https:\/\/agripedia.ch\/forum-wasser-landwirtschaft\/fr\/wp-json\/wp\/v2\/users\/234"}],"replies":[{"embeddable":true,"href":"https:\/\/agripedia.ch\/forum-wasser-landwirtschaft\/fr\/wp-json\/wp\/v2\/comments?post=63327"}],"version-history":[{"count":13,"href":"https:\/\/agripedia.ch\/forum-wasser-landwirtschaft\/fr\/wp-json\/wp\/v2\/pages\/63327\/revisions"}],"predecessor-version":[{"id":64145,"href":"https:\/\/agripedia.ch\/forum-wasser-landwirtschaft\/fr\/wp-json\/wp\/v2\/pages\/63327\/revisions\/64145"}],"wp:attachment":[{"href":"https:\/\/agripedia.ch\/forum-wasser-landwirtschaft\/fr\/wp-json\/wp\/v2\/media?parent=63327"}],"curies":[{"name":"wp","href":"https:\/\/api.w.org\/{rel}","templated":true}]}}