{"id":63325,"date":"2026-02-16T15:10:37","date_gmt":"2026-02-16T14:10:37","guid":{"rendered":"https:\/\/agripedia.ch\/forum-wasser-landwirtschaft\/retention-deau-infiltration-et-stockage-dans-le-sol\/"},"modified":"2026-03-20T09:19:41","modified_gmt":"2026-03-20T08:19:41","slug":"retention-deau-infiltration-et-stockage-dans-le-sol","status":"publish","type":"page","link":"https:\/\/agripedia.ch\/forum-wasser-landwirtschaft\/fr\/retention-deau-infiltration-et-stockage-dans-le-sol\/","title":{"rendered":"R\u00e9tention d&rsquo;eau : infiltration et stockage dans le sol"},"content":{"rendered":"\n<p class=\"has-normal-font-size\">Les pr\u00e9cipitations s&rsquo;\u00e9coulent soit en tant qu&rsquo;eaux de surface, soit en s&rsquo;infiltrant dans le sol. En cas d&rsquo;ensablement et de compactage de la surface, l&rsquo;eau de pluie s&rsquo;\u00e9coulant en surface est perdue pour les plantes et peut entra\u00eener une destruction du sol par \u00e9rosion et des inondations. Seul un sol contenant de l&rsquo;eau peut se d\u00e9composer chimiquement et fournir aux racines des plantes des nutriments sous forme dissoute, favorisant ainsi la croissance des plantes.    <\/p>\n\n\n\n<p class=\"has-normal-font-size\">Une gestion durable de l&rsquo;eau, du sol et de la couverture v\u00e9g\u00e9tale peut att\u00e9nuer les pr\u00e9cipitations et \u00e9viter les sols nus, ainsi que retarder, r\u00e9partir et maintenir le plus longtemps possible le ruissellement de surface sur la parcelle afin que l&rsquo;eau ait le temps de s&rsquo;infiltrer. Des mesures appropri\u00e9es telles que la couverture du sol, le travail du sol en douceur, les foss\u00e9s d&rsquo;infiltration, le keyline design, l&rsquo;agroforesterie et le d\u00e9veloppement de l&rsquo;humus favorisent l&rsquo;infiltration de l&rsquo;eau dans le sol et contribuent ainsi \u00e0 am\u00e9liorer la gestion de l&rsquo;eau et du sol. <\/p>\n\n\n\n<div class=\"wp-block-columns is-layout-flex wp-container-core-columns-is-layout-9d6595d7 wp-block-columns-is-layout-flex\">\n<div class=\"wp-block-column is-layout-flow wp-block-column-is-layout-flow\"><div class=\"agripedia-home-post agripedia-subpage-card\" data-type=\"subpage-card\">\n  <a class=\"agripedia-subpage-card__linkwrap\" href=\"https:\/\/agripedia.ch\/forum-wasser-landwirtschaft\/fr\/informationen-zu-wasserretention\/\" target=\"_blank\" rel=\"noopener noreferrer\">    <div class=\"agripedia-home-thumbnail\">\n              <img decoding=\"async\" src=\"https:\/\/agripedia.ch\/forum-wasser-landwirtschaft\/wp-content\/uploads\/sites\/64\/2026\/01\/20250128_161243-1024x768.jpg\" alt=\"Informations et mesures\" \/>\n          <\/div>\n  <\/a>\n  <div class=\"agripedia-home-post-content\">\n          <h2 class=\"agripedia-home-post-title\">\n                  <a href=\"https:\/\/agripedia.ch\/forum-wasser-landwirtschaft\/fr\/informationen-zu-wasserretention\/\" target=\"_blank\" rel=\"noopener noreferrer\">\n        \n          Informations et mesures\n                  <\/a>\n              <\/h2>\n    \n          <p class=\"agripedia-home-post-excerpt\">Vous trouverez ici des catalogues de mesures, de la documentation, des vid\u00e9os, des podcasts et des informations sur des projets li\u00e9s \u00e0 la r\u00e9tention d&rsquo;eau en Suisse et \u00e0 l&rsquo;\u00e9tranger. Image: AGRIDEA<\/p>\n      <\/div>\n<\/div>\n<\/div>\n\n\n\n<div class=\"wp-block-column is-layout-flow wp-block-column-is-layout-flow\"><div class=\"agripedia-home-post agripedia-subpage-card\" data-type=\"subpage-card\">\n  <a class=\"agripedia-subpage-card__linkwrap\" href=\"https:\/\/agripedia.ch\/forum-wasser-landwirtschaft\/fr\/keyline-design-avec-tranchees-dinfiltration\/\" target=\"_blank\" rel=\"noopener noreferrer\">    <div class=\"agripedia-home-thumbnail\">\n              <img decoding=\"async\" src=\"https:\/\/agripedia.ch\/forum-wasser-landwirtschaft\/wp-content\/uploads\/sites\/64\/2025\/11\/20250327_145435-scaled.jpg\" alt=\"Foss\u00e9s d&#039;infiltration \/ rigoles \/ Swales\" \/>\n          <\/div>\n  <\/a>\n  <div class=\"agripedia-home-post-content\">\n          <h2 class=\"agripedia-home-post-title\">\n                  <a href=\"https:\/\/agripedia.ch\/forum-wasser-landwirtschaft\/fr\/keyline-design-avec-tranchees-dinfiltration\/\" target=\"_blank\" rel=\"noopener noreferrer\">\n        \n          Foss\u00e9s d&rsquo;infiltration \/ rigoles \/ Swales\n                  <\/a>\n              <\/h2>\n    \n          <p class=\"agripedia-home-post-excerpt\">Les foss\u00e9s d&rsquo;infiltration ralentissent l&rsquo;\u00e9coulement de l&rsquo;eau sur les pentes et lui laissent ainsi le temps de s&rsquo;infiltrer dans le sol. Ils sont souvent combin\u00e9s \u00e0 des haies, \u00e0 l&rsquo;agroforesterie ou \u00e0 un am\u00e9nagement Keyline complet. Il existe diff\u00e9rentes formes de foss\u00e9s. Image : AGRIDEA<\/p>\n      <\/div>\n<\/div>\n<\/div>\n\n\n\n<div class=\"wp-block-column is-layout-flow wp-block-column-is-layout-flow\"><div class=\"agripedia-home-post agripedia-subpage-card\" data-type=\"subpage-card\">\n  <a class=\"agripedia-subpage-card__linkwrap\" href=\"https:\/\/agripedia.ch\/forum-wasser-landwirtschaft\/fr\/techniques-culturales-preservant-le-sol\/\" target=\"_blank\" rel=\"noopener noreferrer\">    <div class=\"agripedia-home-thumbnail\">\n              <img decoding=\"async\" src=\"https:\/\/agripedia.ch\/forum-wasser-landwirtschaft\/wp-content\/uploads\/sites\/64\/2025\/11\/Geohobel_Cavin-scaled.jpg\" alt=\"Techniques culturales pr\u00e9servant le sol\" \/>\n          <\/div>\n  <\/a>\n  <div class=\"agripedia-home-post-content\">\n          <h2 class=\"agripedia-home-post-title\">\n                  <a href=\"https:\/\/agripedia.ch\/forum-wasser-landwirtschaft\/fr\/techniques-culturales-preservant-le-sol\/\" target=\"_blank\" rel=\"noopener noreferrer\">\n        \n          Techniques culturales pr\u00e9servant le sol\n                  <\/a>\n              <\/h2>\n    \n          <p class=\"agripedia-home-post-excerpt\">Un travail du sol respectueux pr\u00e9serve la vie et la structure du sol afin de garantir une bonne infiltration de l&rsquo;eau. Le compactage et l&rsquo;envasement sont \u00e9vit\u00e9s. Image : AGRIDEA<\/p>\n      <\/div>\n<\/div>\n<\/div>\n<\/div>\n\n\n\n<div class=\"wp-block-columns is-layout-flex wp-container-core-columns-is-layout-9d6595d7 wp-block-columns-is-layout-flex\">\n<div class=\"wp-block-column is-layout-flow wp-block-column-is-layout-flow\"><div class=\"agripedia-home-post agripedia-subpage-card\" data-type=\"subpage-card\">\n  <a class=\"agripedia-subpage-card__linkwrap\" href=\"https:\/\/agripedia.ch\/forum-wasser-landwirtschaft\/fr\/agroforesterie\/\" target=\"_blank\" rel=\"noopener noreferrer\">    <div class=\"agripedia-home-thumbnail\">\n              <img decoding=\"async\" src=\"https:\/\/agripedia.ch\/forum-wasser-landwirtschaft\/wp-content\/uploads\/sites\/64\/2025\/11\/20250327_154443-1-scaled.jpg\" alt=\"Agroforesterie\" \/>\n          <\/div>\n  <\/a>\n  <div class=\"agripedia-home-post-content\">\n          <h2 class=\"agripedia-home-post-title\">\n                  <a href=\"https:\/\/agripedia.ch\/forum-wasser-landwirtschaft\/fr\/agroforesterie\/\" target=\"_blank\" rel=\"noopener noreferrer\">\n        \n          Agroforesterie\n                  <\/a>\n              <\/h2>\n    \n          <p class=\"agripedia-home-post-excerpt\">Les arbres jouent un r\u00f4le essentiel dans le refroidissement et la pr\u00e9servation des cycles hydrologiques. On les trouve dans les vergers, en combinaison avec des saules, des haies ou le long de foss\u00e9s d&rsquo;infiltration. Image: AGRIDEA<\/p>\n      <\/div>\n<\/div>\n<\/div>\n\n\n\n<div class=\"wp-block-column is-layout-flow wp-block-column-is-layout-flow\"><div class=\"agripedia-home-post agripedia-subpage-card\" data-type=\"subpage-card\">\n  <a class=\"agripedia-subpage-card__linkwrap\" href=\"https:\/\/agripedia.ch\/forum-wasser-landwirtschaft\/fr\/keyline-design-avec-tranchees-dinfiltration\/\" target=\"_blank\" rel=\"noopener noreferrer\">    <div class=\"agripedia-home-thumbnail\">\n              <img decoding=\"async\" src=\"https:\/\/agripedia.ch\/forum-wasser-landwirtschaft\/wp-content\/uploads\/sites\/64\/2025\/11\/20250903_155657-scaled.jpg\" alt=\"Keyline design\" \/>\n          <\/div>\n  <\/a>\n  <div class=\"agripedia-home-post-content\">\n          <h2 class=\"agripedia-home-post-title\">\n                  <a href=\"https:\/\/agripedia.ch\/forum-wasser-landwirtschaft\/fr\/keyline-design-avec-tranchees-dinfiltration\/\" target=\"_blank\" rel=\"noopener noreferrer\">\n        \n          Keyline design\n                  <\/a>\n              <\/h2>\n    \n          <p class=\"agripedia-home-post-excerpt\">Keyline Design est un syst\u00e8me complet de foss\u00e9s avec ou sans plantation le long des courbes de niveau. Les foss\u00e9s peuvent acheminer l&rsquo;exc\u00e8s d&rsquo;eau lors de fortes pr\u00e9cipitations, qui ne s&rsquo;infiltre pas dans le sol, vers des bassins de stockage interm\u00e9diaire ou de consommation finale. Image : AGRIDEA<\/p>\n      <\/div>\n<\/div>\n<\/div>\n\n\n\n<div class=\"wp-block-column is-layout-flow wp-block-column-is-layout-flow\"><div class=\"agripedia-home-post agripedia-subpage-card\" data-type=\"subpage-card\">\n  <a class=\"agripedia-subpage-card__linkwrap\" href=\"https:\/\/agripedia.ch\/forum-wasser-landwirtschaft\/fr\/couverture-du-sol\/\" target=\"_blank\" rel=\"noopener noreferrer\">    <div class=\"agripedia-home-thumbnail\">\n              <img decoding=\"async\" src=\"https:\/\/agripedia.ch\/forum-wasser-landwirtschaft\/wp-content\/uploads\/sites\/64\/2025\/11\/Bodenbedeckung-Ziegelried-DAL-scaled.jpg\" alt=\"Couverture du sol\" \/>\n          <\/div>\n  <\/a>\n  <div class=\"agripedia-home-post-content\">\n          <h2 class=\"agripedia-home-post-title\">\n                  <a href=\"https:\/\/agripedia.ch\/forum-wasser-landwirtschaft\/fr\/couverture-du-sol\/\" target=\"_blank\" rel=\"noopener noreferrer\">\n        \n          Couverture du sol\n                  <\/a>\n              <\/h2>\n    \n          <p class=\"agripedia-home-post-excerpt\">Un sol couvert est nettement plus frais qu&rsquo;une surface non couverte et est prot\u00e9g\u00e9 contre une forte \u00e9rosion. La temp\u00e9rature ambiante se refroidit et l&rsquo;eau reste dans le cycle local gr\u00e2ce \u00e0 la transpiration des plantes. Une bonne couverture du sol peut \u00eatre obtenue \u00e0 l&rsquo;aide de mat\u00e9riaux meubles tels que du paillis ou de plantes cultiv\u00e9es en sous-semis ou en intercalaires. Image : AGRIDEA<\/p>\n      <\/div>\n<\/div>\n<\/div>\n<\/div>\n\n\n\n<div class=\"wp-block-columns is-layout-flex wp-container-core-columns-is-layout-9d6595d7 wp-block-columns-is-layout-flex\">\n<div class=\"wp-block-column is-layout-flow wp-block-column-is-layout-flow\"><div class=\"agripedia-home-post agripedia-subpage-card\" data-type=\"subpage-card\">\n  <a class=\"agripedia-subpage-card__linkwrap\" href=\"https:\/\/agripedia.ch\/forum-wasser-landwirtschaft\/fr\/constitution-dhumus\/\" target=\"_blank\" rel=\"noopener noreferrer\">    <div class=\"agripedia-home-thumbnail\">\n              <img decoding=\"async\" src=\"https:\/\/agripedia.ch\/forum-wasser-landwirtschaft\/wp-content\/uploads\/sites\/64\/2025\/11\/20250625_Biodiversitaet_Feldrand_jin-scaled.jpg\" alt=\"Constitution d&#039;humus\" \/>\n          <\/div>\n  <\/a>\n  <div class=\"agripedia-home-post-content\">\n          <h2 class=\"agripedia-home-post-title\">\n                  <a href=\"https:\/\/agripedia.ch\/forum-wasser-landwirtschaft\/fr\/constitution-dhumus\/\" target=\"_blank\" rel=\"noopener noreferrer\">\n        \n          Constitution d&rsquo;humus\n                  <\/a>\n              <\/h2>\n    \n          <p class=\"agripedia-home-post-excerpt\">L&rsquo;humus est un bon r\u00e9servoir d&rsquo;eau dans le sol et augmente la fertilit\u00e9 de celui-ci. Diverses mesures contribuent \u00e0 la formation d&rsquo;humus. Image : LID<\/p>\n      <\/div>\n<\/div>\n<\/div>\n\n\n\n<div class=\"wp-block-column is-layout-flow wp-block-column-is-layout-flow\"><\/div>\n\n\n\n<div class=\"wp-block-column is-layout-flow wp-block-column-is-layout-flow\"><div class=\"agripedia-home-post agripedia-subpage-card\" data-type=\"subpage-card\">\n  <a class=\"agripedia-subpage-card__linkwrap\" href=\"https:\/\/agripedia.ch\/forum-wasser-landwirtschaft\/fr\/bois-fragmente\/\" target=\"_blank\" rel=\"noopener noreferrer\">    <div class=\"agripedia-home-thumbnail\">\n              <img decoding=\"async\" src=\"https:\/\/agripedia.ch\/forum-wasser-landwirtschaft\/wp-content\/uploads\/sites\/64\/2026\/02\/IMG_3211-768x1024.jpg\" alt=\"Bois ram\u00e9al fragment\u00e9\" \/>\n          <\/div>\n  <\/a>\n  <div class=\"agripedia-home-post-content\">\n          <h2 class=\"agripedia-home-post-title\">\n                  <a href=\"https:\/\/agripedia.ch\/forum-wasser-landwirtschaft\/fr\/bois-fragmente\/\" target=\"_blank\" rel=\"noopener noreferrer\">\n        \n          Bois ram\u00e9al fragment\u00e9\n                  <\/a>\n              <\/h2>\n    \n          <p class=\"agripedia-home-post-excerpt\">Des branches broy\u00e9es sont ajout\u00e9es \u00e0 la couche sup\u00e9rieure du sol afin d&rsquo;am\u00e9liorer ses propri\u00e9t\u00e9s et d&rsquo;enrichir sa mati\u00e8re organique. Image : L. Arminjon (Hepia)<\/p>\n      <\/div>\n<\/div>\n<\/div>\n<\/div>\n\n\n\n<div style=\"height:21px\" aria-hidden=\"true\" class=\"wp-block-spacer\"><\/div>\n\n\n\n<p class=\"has-larger-font-size\"><strong>Processus de planification<\/strong><\/p>\n\n\n\n<p class=\"has-normal-font-size\">Lors de la mise en \u0153uvre de mesures de r\u00e9tention d&rsquo;eau, le paysage est en partie remodel\u00e9. Les \u00e9tapes suivantes sont recommand\u00e9es pour la cr\u00e9ation de paysages d&rsquo;\u00e9ponge efficaces : <\/p>\n\n\n\n<ol class=\"wp-block-list\">\n<li class=\"has-normal-font-size\"><strong>\u00c9valuer les d\u00e9cisions par rapport aux objectifs.<\/strong>  Les objectifs peuvent inclure de nombreux aspects tels que la gestion de la s\u00e9cheresse, des fortes pr\u00e9cipitations. La biodiversit\u00e9, la qualit\u00e9 de l&rsquo;eau et le d\u00e9veloppement social.   <\/li>\n\n\n\n<li class=\"has-normal-font-size\"><strong>Concevoir des mesures pour diff\u00e9rents \u00e9v\u00e9nements m\u00e9t\u00e9orologiques<\/strong>. La dur\u00e9e et l&rsquo;intensit\u00e9 des s\u00e9cheresses et des pr\u00e9cipitations ainsi que l&rsquo;\u00e9tat juste avant l&rsquo;\u00e9v\u00e9nement (conditions s\u00e8ches ou humides) influencent l&rsquo;impact des mesures. <\/li>\n\n\n\n<li class=\"has-normal-font-size\"><strong>Prendre en compte le sol et l&rsquo;eau comme principe directeur de l&rsquo;am\u00e9nagement du territoire<\/strong>. Un paysage r\u00e9silient, capable de r\u00e9sister aux s\u00e9cheresses et aux fortes pr\u00e9cipitations, r\u00e9duit le risque de dommages. <\/li>\n\n\n\n<li class=\"has-normal-font-size\"><strong>Travailler \u00e0 l&rsquo;\u00e9chelle du paysage<\/strong>. Les mesures individuelles peuvent avoir un impact local, mais n&rsquo;ont que peu d&rsquo;influence sur la r\u00e9silience climatique \u00e0 une \u00e9chelle plus large. <\/li>\n\n\n\n<li class=\"has-normal-font-size\"><strong>Travailler ensemble avec de nombreuses parties prenantes et les impliquer tr\u00e8s t\u00f4t<\/strong>. Ils prennent des d\u00e9cisions priv\u00e9es et publiques et sont affect\u00e9s par celles-ci. Les processus de planification et de mise en \u0153uvre ne peuvent \u00eatre d\u00e9velopp\u00e9s avec succ\u00e8s et de mani\u00e8re satisfaisante qu&rsquo;en collaboration avec toutes les parties prenantes.  <\/li>\n<\/ol>\n\n\n\n<p>Source : SpongeScapes, <a href=\"https:\/\/agripedia.ch\/forum-wasser-landwirtschaft\/wp-content\/uploads\/sites\/64\/2026\/01\/SpongeScapes_Policy-Brief-No.-1_From-Drainage-to-Water-Retention.pdf\" target=\"_blank\" rel=\"noreferrer noopener\">Policy Brief<\/a><\/p>\n\n\n\n<div style=\"height:21px\" aria-hidden=\"true\" class=\"wp-block-spacer\"><\/div>\n\n\n\n<p class=\"has-larger-font-size\"><strong>Collaboration<\/strong><\/p>\n\n\n\n<p class=\"has-normal-font-size\">Si vous souhaitez d\u00e9velopper le th\u00e8me de la r\u00e9tention d&rsquo;eau et de l&rsquo;infiltration avec des personnes partageant les m\u00eames id\u00e9es, rejoignez le groupe de travail. Pour en savoir plus, consultez la <a href=\"https:\/\/agripedia.ch\/forum-wasser-landwirtschaft\/fr\/association\/\" target=\"_blank\" rel=\"noreferrer noopener\">page Association<\/a> du Forum. <\/p>\n\n\n\n<hr class=\"wp-block-separator has-alpha-channel-opacity\"\/>\n\n\n\n<p class=\"has-normal-font-size\">Nous acceptons volontiers vos contributions, remarques, compl\u00e9ments, suggestions et commentaires <a href=\"https:\/\/agripedia.ch\/forum-wasser-landwirtschaft\/fr\/contact\/\" target=\"_blank\" rel=\"noreferrer noopener\">ici <\/a>.<\/p>\n","protected":false},"excerpt":{"rendered":"<p>Les pr\u00e9cipitations s&rsquo;\u00e9coulent soit en tant qu&rsquo;eaux de surface, soit en s&rsquo;infiltrant dans le sol. En cas d&rsquo;ensablement et de compactage de la surface, l&rsquo;eau de pluie s&rsquo;\u00e9coulant en surface est perdue pour les plantes et peut entra\u00eener une destruction du sol par \u00e9rosion et des inondations. Seul un sol contenant de l&rsquo;eau peut se [&hellip;]<\/p>\n","protected":false},"author":927,"featured_media":60056,"parent":0,"menu_order":0,"comment_status":"closed","ping_status":"closed","template":"","meta":{"_sb_is_suggestion_mode":false,"_sb_show_suggestion_boards":false,"_sb_show_comment_boards":false,"_sb_suggestion_history":"","_sb_update_block_changes":"","om_disable_all_campaigns":false,"advgb_blocks_editor_width":"","advgb_blocks_columns_visual_guide":"","_monsterinsights_skip_tracking":false,"_monsterinsights_sitenote_active":false,"_monsterinsights_sitenote_note":"","_monsterinsights_sitenote_category":0,"footnotes":""},"class_list":["post-63325","page","type-page","status-publish","has-post-thumbnail","hentry"],"coauthors":[{"link":"https:\/\/agripedia.ch\/forum-wasser-landwirtschaft\/fr\/author\/sar2\/","display_name":"sar2"}],"author_meta":{"author_link":"https:\/\/agripedia.ch\/forum-wasser-landwirtschaft\/fr\/author\/sar2\/","display_name":"sar2"},"relative_dates":{"created":"Publi\u00e9 2 mois il y a","modified":"Mis \u00e0 jour 3 semaines il y a"},"absolute_dates":{"created":"Publi\u00e9 le 16 f\u00e9vrier 2026","modified":"Mise \u00e0 jour le 20 mars 2026"},"absolute_dates_time":{"created":"Publi\u00e9 le 16 f\u00e9vrier 2026 15h10","modified":"Mise \u00e0 jour le 20 mars 2026 9h19"},"featured_img_caption":"","featured_img":"https:\/\/agripedia.ch\/forum-wasser-landwirtschaft\/wp-content\/uploads\/sites\/64\/2025\/02\/zuviel-Wasser-erosion-AGD-Datenbank-2560-Pixel-schmal-1200x544.jpg","series_order":"","_links":{"self":[{"href":"https:\/\/agripedia.ch\/forum-wasser-landwirtschaft\/fr\/wp-json\/wp\/v2\/pages\/63325","targetHints":{"allow":["GET"]}}],"collection":[{"href":"https:\/\/agripedia.ch\/forum-wasser-landwirtschaft\/fr\/wp-json\/wp\/v2\/pages"}],"about":[{"href":"https:\/\/agripedia.ch\/forum-wasser-landwirtschaft\/fr\/wp-json\/wp\/v2\/types\/page"}],"author":[{"embeddable":true,"href":"https:\/\/agripedia.ch\/forum-wasser-landwirtschaft\/fr\/wp-json\/wp\/v2\/users\/927"}],"replies":[{"embeddable":true,"href":"https:\/\/agripedia.ch\/forum-wasser-landwirtschaft\/fr\/wp-json\/wp\/v2\/comments?post=63325"}],"version-history":[{"count":14,"href":"https:\/\/agripedia.ch\/forum-wasser-landwirtschaft\/fr\/wp-json\/wp\/v2\/pages\/63325\/revisions"}],"predecessor-version":[{"id":64013,"href":"https:\/\/agripedia.ch\/forum-wasser-landwirtschaft\/fr\/wp-json\/wp\/v2\/pages\/63325\/revisions\/64013"}],"wp:featuredmedia":[{"embeddable":true,"href":"https:\/\/agripedia.ch\/forum-wasser-landwirtschaft\/fr\/wp-json\/wp\/v2\/media\/60056"}],"wp:attachment":[{"href":"https:\/\/agripedia.ch\/forum-wasser-landwirtschaft\/fr\/wp-json\/wp\/v2\/media?parent=63325"}],"curies":[{"name":"wp","href":"https:\/\/api.w.org\/{rel}","templated":true}]}}