{"id":63323,"date":"2026-02-16T12:15:52","date_gmt":"2026-02-16T11:15:52","guid":{"rendered":"https:\/\/agripedia.ch\/forum-wasser-landwirtschaft\/irrigation\/"},"modified":"2026-04-10T14:21:14","modified_gmt":"2026-04-10T12:21:14","slug":"irrigation","status":"publish","type":"page","link":"https:\/\/agripedia.ch\/forum-wasser-landwirtschaft\/fr\/irrigation\/","title":{"rendered":"Irrigation"},"content":{"rendered":"\n<p class=\"has-normal-font-size\">Gr\u00e2ce \u00e0 une technique appropri\u00e9e et \u00e0 l&rsquo;utilisation de capteurs d&rsquo;humidit\u00e9 du sol, les cultures peuvent \u00eatre irrigu\u00e9es efficacement et les rendements agricoles garantis.  <\/p>\n\n\n\n<div style=\"height:21px\" aria-hidden=\"true\" class=\"wp-block-spacer\"><\/div>\n\n\n\n<div class=\"wp-block-columns is-layout-flex wp-container-core-columns-is-layout-9d6595d7 wp-block-columns-is-layout-flex\">\n<div class=\"wp-block-column is-layout-flow wp-block-column-is-layout-flow\"><div class=\"agripedia-home-post agripedia-subpage-card\" data-type=\"subpage-card\">\n  <a class=\"agripedia-subpage-card__linkwrap\" href=\"https:\/\/agripedia.ch\/forum-wasser-landwirtschaft\/fr\/technique-dirrigation\/\" target=\"_blank\" rel=\"noopener noreferrer\">    <div class=\"agripedia-home-thumbnail\">\n              <img decoding=\"async\" src=\"https:\/\/agripedia.ch\/forum-wasser-landwirtschaft\/wp-content\/uploads\/sites\/64\/2025\/10\/Rollomat-schmal-scaled.jpg\" alt=\"Techniques d&#039;irrigation\" \/>\n          <\/div>\n  <\/a>\n  <div class=\"agripedia-home-post-content\">\n          <h2 class=\"agripedia-home-post-title\">\n                  <a href=\"https:\/\/agripedia.ch\/forum-wasser-landwirtschaft\/fr\/technique-dirrigation\/\" target=\"_blank\" rel=\"noopener noreferrer\">\n        \n          Techniques d&rsquo;irrigation\n                  <\/a>\n              <\/h2>\n    \n          <p class=\"agripedia-home-post-excerpt\">Selon la culture et l&rsquo;exploitation, diff\u00e9rents syst\u00e8mes d&rsquo;irrigation, avec leurs avantages et leurs inconv\u00e9nients, sont disponibles. Leur utilisation doit \u00eatre \u00e9valu\u00e9e en fonction de leur efficacit\u00e9 et de leur rentabilit\u00e9. Image : BFH-HAFL<\/p>\n      <\/div>\n<\/div>\n<\/div>\n\n\n\n<div class=\"wp-block-column is-layout-flow wp-block-column-is-layout-flow\"><div class=\"agripedia-home-post agripedia-subpage-card\" data-type=\"subpage-card\">\n  <a class=\"agripedia-subpage-card__linkwrap\" href=\"https:\/\/agripedia.ch\/forum-wasser-landwirtschaft\/fr\/mesurer-lhumidite-du-sol\/\" target=\"_blank\" rel=\"noopener noreferrer\">    <div class=\"agripedia-home-thumbnail\">\n              <img decoding=\"async\" src=\"https:\/\/agripedia.ch\/forum-wasser-landwirtschaft\/wp-content\/uploads\/sites\/64\/2025\/10\/Bodensonde-schmal-scaled.jpg\" alt=\"Mesurer l&#039;humidit\u00e9 du sol\" \/>\n          <\/div>\n  <\/a>\n  <div class=\"agripedia-home-post-content\">\n          <h2 class=\"agripedia-home-post-title\">\n                  <a href=\"https:\/\/agripedia.ch\/forum-wasser-landwirtschaft\/fr\/mesurer-lhumidite-du-sol\/\" target=\"_blank\" rel=\"noopener noreferrer\">\n        \n          Mesurer l&rsquo;humidit\u00e9 du sol\n                  <\/a>\n              <\/h2>\n    \n          <p class=\"agripedia-home-post-excerpt\">Les capteurs d&rsquo;humidit\u00e9 du sol permettent de d\u00e9terminer avec pr\u00e9cision le moment optimal pour l&rsquo;irrigation et la quantit\u00e9 d&rsquo;eau \u00e0 apporter. Cela am\u00e9liore l&rsquo;efficacit\u00e9 de l&rsquo;utilisation de l&rsquo;eau. Image : BFH-HAFL<\/p>\n      <\/div>\n<\/div>\n<\/div>\n<\/div>\n\n\n\n<div style=\"height:21px\" aria-hidden=\"true\" class=\"wp-block-spacer\"><\/div>\n\n\n\n<p class=\"has-normal-font-size\"><strong>Foire aux questions sur l&rsquo;irrigation de la Liebegg AG<\/strong><\/p>\n\n\n\n<p class=\"has-normal-font-size\">Liebegg, 2026. <mdspan datatext=\"el1775805753424\" class=\"mdspan-comment\"><a href=\"https:\/\/www.liebegg.ch\/de\/fachwissen\/klima-trockenheit\/faq-bewaesserung.html\" target=\"_blank\" rel=\"noreferrer noopener\">FAQ Irrigation<\/a>.<\/mdspan><\/p>\n\n\n\n<div style=\"height:10px\" aria-hidden=\"true\" class=\"wp-block-spacer\"><\/div>\n\n\n\n<p class=\"has-normal-font-size\"><strong>Vous trouverez ici des informations g\u00e9n\u00e9rales sur l&rsquo;irrigation<\/strong> :<\/p>\n\n\n\n<div style=\"height:10px\" aria-hidden=\"true\" class=\"wp-block-spacer\"><\/div>\n\n\n\n<p class=\"has-normal-font-size\"><strong>L\u00e9gumes<\/strong><\/p>\n\n\n\n<p class=\"has-normal-font-size\">Bachmann D., 2020. <a href=\"https:\/\/www.strickhof.ch\/publikationen\/bewaesserung-im-freilandgemuesebau-ein-entscheidendes-zukunftsthema\/\" target=\"_blank\" rel=\"noreferrer noopener\">Bew\u00e4sserung im Freilandgem\u00fcsebau \u2013 ein entscheidendes Zukunftsthema<\/a>. Strickhof, Eschikon, Lindau<\/p>\n\n\n\n<p class=\"has-normal-font-size\">Bachmann D., 2020. <a href=\"https:\/\/www.strickhof.ch\/publikationen\/gute-agrarpraxis-bei-der-gemuesebewaesserung\/\" target=\"_blank\" rel=\"noreferrer noopener\">Gute Agrarpraxis bei der Gem\u00fcsebew\u00e4sserung<\/a>. Strickhof, Eschikon, Lindau<\/p>\n\n\n\n<p class=\"has-normal-font-size\">Bucher C., 2017. <a href=\"https:\/\/agripedia.ch\/forum-wasser-landwirtschaft\/wp-content\/uploads\/sites\/64\/2026\/02\/Broschuere-Bewaesserungskosten.pdf\" target=\"_blank\" rel=\"noreferrer noopener\">Kosten von Bew\u00e4sserungsverfahren im Freiland-Gem\u00fcsebau<\/a>. INFORAMA Seeland. Fachstelle f\u00fcr Gem\u00fcsebau des Kantons Bern. Office de la culture mara\u00eech\u00e8re du canton de Berne<\/p>\n\n\n\n<p class=\"has-normal-font-size\">S\u00e4le V., 2020. <a href=\"https:\/\/www.ufarevue.ch\/fre\/production-vegetale\/que-coute-l-irrigation\" target=\"_blank\" rel=\"noreferrer noopener\">Que co\u00fbte l\u2019irrigation ?<\/a> UFA Revue 06.03.2019<\/p>\n\n\n\n<p class=\"has-normal-font-size\">ProAgricultura, 2026. <a href=\"https:\/\/proagricultura.ch\/be-und-entwaesserung\/\" target=\"_blank\" rel=\"noreferrer noopener\">Projekte zur Be- und Entw\u00e4sserung<\/a>.<\/p>\n\n\n\n<div style=\"height:10px\" aria-hidden=\"true\" class=\"wp-block-spacer\"><\/div>\n\n\n\n<p class=\"has-normal-font-size\"><strong>Stockage de l&rsquo;eau et irrigation<\/strong><\/p>\n\n\n\n<p class=\"has-normal-font-size\">Auckenthaler A., 2025. <a href=\"https:\/\/agripedia.ch\/forum-wasser-landwirtschaft\/wp-content\/uploads\/sites\/64\/2026\/01\/10-Auckenthaler_LM-Tagung2025.pdf\" target=\"_blank\" rel=\"noreferrer noopener\">Dezentrale Wasserspeicher f\u00fcr die Bew\u00e4sserung<\/a>. Pr\u00e4sentation vom Kanton Basel-Landschaft an der Tagung Landmanagement vom 23. Januar 2025. Plus d&rsquo;infos sur le <a href=\"https:\/\/agripedia.ch\/forum-wasser-landwirtschaft\/fr\/reservoirs-deau-ouverts-et-fermes\/\" target=\"_blank\" rel=\"noreferrer noopener\">stockage de l&rsquo;eau<\/a>.<\/p>\n\n\n\n<p class=\"has-normal-font-size\">Bieri A., 2024. focus. <a href=\"https:\/\/www.revue-horizons.ch\/2024\/09\/05\/savoir-irriguer-en-ville-et-ailleurs\/\" target=\"_blank\" rel=\"noreferrer noopener\">Lutte pour l&rsquo;eau ; Savoir irriguer en ville et ailleurs<\/a>. Article publi\u00e9 dans : Horizons, Le magazine suisse de la recherche, 5 septembre 2025.<\/p>\n\n\n\n<p class=\"has-normal-font-size\">Messmer R., 2025. Projekt. <a href=\"https:\/\/arenenberg.tg.ch\/innovationsprojekte\/wassermanagement.html\/15269\" target=\"_blank\" rel=\"noreferrer noopener\">Ressourcenprojekt Integrales Wassermanagement<\/a>.<\/p>\n\n\n\n<p class=\"has-normal-font-size\">Schweizer Bauernverband, 2025. <a href=\"https:\/\/fokus.sbv-usp.ch\/klima\/de\/inhalt\/sich-anpassen-was-heisst-das-konkret\/anpassungsmassnahmen-ackerbau.html\" target=\"_blank\" rel=\"noreferrer noopener\">Sich anpassen &#8211; was heisst das konkret?<\/a> Ackerbau. Bew\u00e4sserung und Wasserspeicherung.<\/p>\n\n\n\n<div style=\"height:10px\" aria-hidden=\"true\" class=\"wp-block-spacer\"><\/div>\n\n\n\n<p class=\"has-normal-font-size\"><strong>Consommation d&rsquo;eau<\/strong><\/p>\n\n\n\n<p class=\"has-normal-font-size\">Baumgartner T., Heinz M., Turek M. E., Erismann G., Kohling M., Aasen H., Holzk\u00e4mper A., 2025. SwissIrrigationInfo. Modellbasierte Sch\u00e4tzungen des Wasserverbrauchs f\u00fcr Bew\u00e4sserung in der Schweiz.<br><a href=\"https:\/\/www.agroscope.admin.ch\/agroscope\/de\/home\/publikationen\/suchen\/agroscope-science.html\" target=\"_blank\" rel=\"noreferrer noopener\">Agroscope Science<\/a>, 212, 2025, 1-66<\/p>\n\n\n\n<p class=\"has-normal-font-size\">Haute \u00e9cole des sciences agronomiques, foresti\u00e8res et alimentaires (HAFL). <a href=\"https:\/\/reseaudirrigation.ch\/\" target=\"_blank\" rel=\"noreferrer noopener\">R\u00e9seau d&rsquo;irrigation.ch<\/a><\/p>\n\n\n\n<p class=\"has-normal-font-size\">Holzk\u00e4mper A., 2026. <a href=\"https:\/\/www.agroscope.admin.ch\/agroscope\/fr\/home\/themes\/environnement-ressources\/climat-hygiene-lair\/changements-climatiques-et-agriculture\/swissirrigationinfo.html\" target=\"_blank\" rel=\"noreferrer noopener\">De quelle quantit\u00e9 d&rsquo;eau l&rsquo;agriculture suisse a-t-elle besoin aujourd&rsquo;hui et \u00e0 l&rsquo;avenir ?<\/a> Consult\u00e9 le 19 mars 2026<\/p>\n\n\n\n<p class=\"has-normal-font-size\">Horvath L., 2023. <a href=\"https:\/\/www.sab.ch\/wp-content\/uploads\/2023\/05\/Montagna-1_2-2023.LH_.pdf\" target=\"_blank\" rel=\"noreferrer noopener\">Les Agriculteurs de montagne ont besoin d&rsquo;eau<\/a>. Article in:montagna 1\/2 | 2023 <\/p>\n\n\n\n<div style=\"height:10px\" aria-hidden=\"true\" class=\"wp-block-spacer\"><\/div>\n\n\n\n<p class=\"has-normal-font-size\"><strong>Contributions de soutien<\/strong><\/p>\n\n\n\n<p class=\"has-normal-font-size\">OFAG, 2025. <a href=\"https:\/\/www.blw.admin.ch\/fr\/regime-hydrique-et-sol\" target=\"_blank\" rel=\"noreferrer noopener\">R\u00e9gime hydrique et sol<\/a>. Contributions aux mesures dans le domaine du r\u00e9gime hydrique du sol.<\/p>\n\n\n\n<div style=\"height:10px\" aria-hidden=\"true\" class=\"wp-block-spacer\"><\/div>\n\n\n\n<p class=\"has-normal-font-size\"><strong>Autres th\u00e8mes<\/strong><\/p>\n\n\n\n<p class=\"has-normal-font-size\">Cattin A., 2024. <a href=\"https:\/\/agripedia.ch\/forum-wasser-landwirtschaft\/wp-content\/uploads\/sites\/64\/2025\/11\/These-de-Master_Alexandre-Cattin.pdf\" target=\"_blank\" rel=\"noreferrer noopener\">Les p\u00e9rim\u00e8tres irrigu\u00e9s de la r\u00e9gion de la Broye :<\/a> motivations et r\u00e9ticences des agriculteur.trice.s. Th\u00e8se de Master, Universit\u00e9 Fribourg, Facult\u00e9 des sciences et de m\u00e9decine, D\u00e9partement des g\u00e9osciences. SP23-SP24  <\/p>\n\n\n\n<p class=\"has-normal-font-size\">Sur la plateforme Climat d&rsquo;AGRIDEA, les projets des cantons sont list\u00e9s, entre autres, sur le th\u00e8me de l&rsquo;eau et de l&rsquo;irrigation (via le domaine th\u00e9matique eau \/ s\u00e9cheresse) : <a href=\"https:\/\/agripedia.ch\/klima\/fr\/activites-des-cantons\/\" target=\"_blank\" rel=\"noreferrer noopener\">Activit\u00e9s des cantons &#8211; Plateforme Climat<\/a><\/p>\n\n\n\n<hr class=\"wp-block-separator has-alpha-channel-opacity\"\/>\n\n\n\n<p class=\"has-normal-font-size\">Nous acceptons volontiers vos contributions, remarques, compl\u00e9ments, suggestions et commentaires <a href=\"https:\/\/agripedia.ch\/forum-wasser-landwirtschaft\/fr\/contact\/\" target=\"_blank\" rel=\"noreferrer noopener\">ici<\/a>.<\/p>\n","protected":false},"excerpt":{"rendered":"<p>Gr\u00e2ce \u00e0 une technique appropri\u00e9e et \u00e0 l&rsquo;utilisation de capteurs d&rsquo;humidit\u00e9 du sol, les cultures peuvent \u00eatre irrigu\u00e9es efficacement et les rendements agricoles garantis. Foire aux questions sur l&rsquo;irrigation de la Liebegg AG Liebegg, 2026. FAQ Irrigation. Vous trouverez ici des informations g\u00e9n\u00e9rales sur l&rsquo;irrigation : L\u00e9gumes Bachmann D., 2020. Bew\u00e4sserung im Freilandgem\u00fcsebau \u2013 ein [&hellip;]<\/p>\n","protected":false},"author":927,"featured_media":0,"parent":0,"menu_order":0,"comment_status":"closed","ping_status":"closed","template":"","meta":{"_sb_is_suggestion_mode":false,"_sb_show_suggestion_boards":false,"_sb_show_comment_boards":false,"_sb_suggestion_history":"","_sb_update_block_changes":"","om_disable_all_campaigns":false,"advgb_blocks_editor_width":"","advgb_blocks_columns_visual_guide":"","_monsterinsights_skip_tracking":false,"_monsterinsights_sitenote_active":false,"_monsterinsights_sitenote_note":"","_monsterinsights_sitenote_category":0,"footnotes":""},"class_list":["post-63323","page","type-page","status-publish","hentry"],"coauthors":[{"link":"https:\/\/agripedia.ch\/forum-wasser-landwirtschaft\/fr\/author\/sar2\/","display_name":"sar2"}],"author_meta":{"author_link":"https:\/\/agripedia.ch\/forum-wasser-landwirtschaft\/fr\/author\/sar2\/","display_name":"sar2"},"relative_dates":{"created":"Publi\u00e9 2 mois il y a","modified":"Mis \u00e0 jour 2 jours il y a"},"absolute_dates":{"created":"Publi\u00e9 le 16 f\u00e9vrier 2026","modified":"Mise \u00e0 jour le 10 avril 2026"},"absolute_dates_time":{"created":"Publi\u00e9 le 16 f\u00e9vrier 2026 12h15","modified":"Mise \u00e0 jour le 10 avril 2026 14h21"},"featured_img_caption":"","featured_img":false,"series_order":"","_links":{"self":[{"href":"https:\/\/agripedia.ch\/forum-wasser-landwirtschaft\/fr\/wp-json\/wp\/v2\/pages\/63323","targetHints":{"allow":["GET"]}}],"collection":[{"href":"https:\/\/agripedia.ch\/forum-wasser-landwirtschaft\/fr\/wp-json\/wp\/v2\/pages"}],"about":[{"href":"https:\/\/agripedia.ch\/forum-wasser-landwirtschaft\/fr\/wp-json\/wp\/v2\/types\/page"}],"author":[{"embeddable":true,"href":"https:\/\/agripedia.ch\/forum-wasser-landwirtschaft\/fr\/wp-json\/wp\/v2\/users\/927"}],"replies":[{"embeddable":true,"href":"https:\/\/agripedia.ch\/forum-wasser-landwirtschaft\/fr\/wp-json\/wp\/v2\/comments?post=63323"}],"version-history":[{"count":36,"href":"https:\/\/agripedia.ch\/forum-wasser-landwirtschaft\/fr\/wp-json\/wp\/v2\/pages\/63323\/revisions"}],"predecessor-version":[{"id":64329,"href":"https:\/\/agripedia.ch\/forum-wasser-landwirtschaft\/fr\/wp-json\/wp\/v2\/pages\/63323\/revisions\/64329"}],"wp:attachment":[{"href":"https:\/\/agripedia.ch\/forum-wasser-landwirtschaft\/fr\/wp-json\/wp\/v2\/media?parent=63323"}],"curies":[{"name":"wp","href":"https:\/\/api.w.org\/{rel}","templated":true}]}}