{"id":63321,"date":"2026-02-16T12:15:50","date_gmt":"2026-02-16T11:15:50","guid":{"rendered":"https:\/\/agripedia.ch\/forum-wasser-landwirtschaft\/la-plate-forme-de-connaissances\/"},"modified":"2026-04-10T13:56:40","modified_gmt":"2026-04-10T11:56:40","slug":"la-plate-forme-de-connaissances","status":"publish","type":"page","link":"https:\/\/agripedia.ch\/forum-wasser-landwirtschaft\/fr\/la-plate-forme-de-connaissances\/","title":{"rendered":"La plateforme de connaissances"},"content":{"rendered":"\n<link rel=\"stylesheet\" href=\"https:\/\/themes.agripedia.ch\/code\/css\/mod-agripedia.css\"\/>\n\n\n\n\n\n\n\n<div style=\"height:15px\" aria-hidden=\"true\" class=\"wp-block-spacer\"><\/div>\n\n\n\n<p class=\"has-normal-font-size\">La diffusion d&rsquo;informations et de connaissances sur le th\u00e8me de la gestion durable de l&rsquo;eau dans l&rsquo;agriculture est de plus en plus importante. Dans la pratique, la mani\u00e8re dont les connaissances sont trait\u00e9es d\u00e9pend fortement de<a href=\"https:\/\/agripedia.ch\/forum-wasser-landwirtschaft\/wp-content\/uploads\/sites\/64\/2026\/02\/279-287_Buetikofer_Umwelt_Bodenbearbeitung_DE_def.pdf\" target=\"_blank\" rel=\"noreferrer noopener\"> <\/a>l&rsquo;opinion des agriculteurs suisses sur le th\u00e8me de la gestion des sols (B\u00fctikofer et al., 2024).<\/p>\n\n\n\n<p class=\"has-normal-font-size\">Sur la plateforme de connaissances du Forum, vous trouverez des connaissances actualis\u00e9es sur les sujets suivants :<\/p>\n\n\n\n<div style=\"height:21px\" aria-hidden=\"true\" class=\"wp-block-spacer\"><\/div>\n\n\n\n<div class=\"wp-block-columns is-layout-flex wp-container-core-columns-is-layout-9d6595d7 wp-block-columns-is-layout-flex\">\n<div class=\"wp-block-column is-layout-flow wp-block-column-is-layout-flow\"><div class=\"agripedia-home-post agripedia-subpage-card\" data-type=\"subpage-card\">\n  <a class=\"agripedia-subpage-card__linkwrap\" href=\"https:\/\/agripedia.ch\/forum-wasser-landwirtschaft\/fr\/irrigation\/\" target=\"_blank\" rel=\"noopener noreferrer\">    <div class=\"agripedia-home-thumbnail\">\n              <img decoding=\"async\" src=\"https:\/\/agripedia.ch\/forum-wasser-landwirtschaft\/wp-content\/uploads\/sites\/64\/2025\/02\/Rollomat-scaled.jpg\" alt=\"Irrigation efficace et humidit\u00e9 du sol\" \/>\n          <\/div>\n  <\/a>\n  <div class=\"agripedia-home-post-content\">\n          <h2 class=\"agripedia-home-post-title\">\n                  <a href=\"https:\/\/agripedia.ch\/forum-wasser-landwirtschaft\/fr\/irrigation\/\" target=\"_blank\" rel=\"noopener noreferrer\">\n        \n          Irrigation efficace et humidit\u00e9 du sol\n                  <\/a>\n              <\/h2>\n    \n          <p class=\"agripedia-home-post-excerpt\">L&rsquo;irrigation permet de garantir les rendements agricoles. Une technique adapt\u00e9e et l&rsquo;utilisation de capteurs d&rsquo;humidit\u00e9 du sol permettent d&rsquo;irriguer efficacement. Image : BFH-HAFL<\/p>\n      <\/div>\n<\/div>\n<\/div>\n\n\n\n<div class=\"wp-block-column is-layout-flow wp-block-column-is-layout-flow\"><div class=\"agripedia-home-post agripedia-subpage-card\" data-type=\"subpage-card\">\n  <a class=\"agripedia-subpage-card__linkwrap\" href=\"https:\/\/agripedia.ch\/forum-wasser-landwirtschaft\/fr\/collecter-stocker-et-reutiliser-leau\/\" target=\"_blank\" rel=\"noopener noreferrer\">    <div class=\"agripedia-home-thumbnail\">\n              <img decoding=\"async\" src=\"https:\/\/agripedia.ch\/forum-wasser-landwirtschaft\/wp-content\/uploads\/sites\/64\/2025\/10\/Becken-scaled.jpg\" alt=\"Collecter, stocker, r\u00e9utiliser\" \/>\n          <\/div>\n  <\/a>\n  <div class=\"agripedia-home-post-content\">\n          <h2 class=\"agripedia-home-post-title\">\n                  <a href=\"https:\/\/agripedia.ch\/forum-wasser-landwirtschaft\/fr\/collecter-stocker-et-reutiliser-leau\/\" target=\"_blank\" rel=\"noopener noreferrer\">\n        \n          Collecter, stocker, r\u00e9utiliser\n                  <\/a>\n              <\/h2>\n    \n          <p class=\"agripedia-home-post-excerpt\">En hiver, lorsque l&rsquo;eau est abondante, il existe diff\u00e9rents moyens de la collecter et de la stocker. Son utilisation r\u00e9p\u00e9t\u00e9e permet d&rsquo;\u00e9conomiser l&rsquo;eau. Image : AGRIDEA<\/p>\n      <\/div>\n<\/div>\n<\/div>\n\n\n\n<div class=\"wp-block-column is-layout-flow wp-block-column-is-layout-flow\"><div class=\"agripedia-home-post agripedia-subpage-card\" data-type=\"subpage-card\">\n  <a class=\"agripedia-subpage-card__linkwrap\" href=\"https:\/\/agripedia.ch\/forum-wasser-landwirtschaft\/fr\/drainages\/\" target=\"_blank\" rel=\"noopener noreferrer\">    <div class=\"agripedia-home-thumbnail\">\n              <img decoding=\"async\" src=\"https:\/\/agripedia.ch\/forum-wasser-landwirtschaft\/wp-content\/uploads\/sites\/64\/2025\/11\/20250507_144732-scaled.jpg\" alt=\"Drainages\" \/>\n          <\/div>\n  <\/a>\n  <div class=\"agripedia-home-post-content\">\n          <h2 class=\"agripedia-home-post-title\">\n                  <a href=\"https:\/\/agripedia.ch\/forum-wasser-landwirtschaft\/fr\/drainages\/\" target=\"_blank\" rel=\"noopener noreferrer\">\n        \n          Drainages\n                  <\/a>\n              <\/h2>\n    \n          <p class=\"agripedia-home-post-excerpt\">De nombreux drainages devront \u00eatre remplac\u00e9s dans les ann\u00e9es \u00e0 venir. Il est aujourd&rsquo;hui possible de les concevoir de mani\u00e8re intelligente. Cela signifie que l&rsquo;eau peut \u00eatre stock\u00e9e dans le sol pendant les p\u00e9riodes s\u00e8ches si n\u00e9cessaire. Image : AGRIDEA<\/p>\n      <\/div>\n<\/div>\n<\/div>\n<\/div>\n\n\n\n<div style=\"height:21px\" aria-hidden=\"true\" class=\"wp-block-spacer\"><\/div>\n\n\n\n<div class=\"wp-block-columns is-layout-flex wp-container-core-columns-is-layout-9d6595d7 wp-block-columns-is-layout-flex\">\n<div class=\"wp-block-column is-layout-flow wp-block-column-is-layout-flow\"><div class=\"agripedia-home-post agripedia-subpage-card\" data-type=\"subpage-card\">\n  <a class=\"agripedia-subpage-card__linkwrap\" href=\"https:\/\/agripedia.ch\/forum-wasser-landwirtschaft\/fr\/retention-deau-infiltration-et-stockage-dans-le-sol\/\" target=\"_blank\" rel=\"noopener noreferrer\">    <div class=\"agripedia-home-thumbnail\">\n              <img decoding=\"async\" src=\"https:\/\/agripedia.ch\/forum-wasser-landwirtschaft\/wp-content\/uploads\/sites\/64\/2025\/02\/Keyline_Katzhof2-1_7765-Pixel-scaled.jpeg\" alt=\"R\u00e9tention d&#039;eau et infiltration\" \/>\n          <\/div>\n  <\/a>\n  <div class=\"agripedia-home-post-content\">\n          <h2 class=\"agripedia-home-post-title\">\n                  <a href=\"https:\/\/agripedia.ch\/forum-wasser-landwirtschaft\/fr\/retention-deau-infiltration-et-stockage-dans-le-sol\/\" target=\"_blank\" rel=\"noopener noreferrer\">\n        \n          R\u00e9tention d&rsquo;eau et infiltration\n                  <\/a>\n              <\/h2>\n    \n          <p class=\"agripedia-home-post-excerpt\">Condition pr\u00e9alable \u00e0 une gestion r\u00e9siliente face au changement climatique, tant en mati\u00e8re de s\u00e9cheresse que de fortes pr\u00e9cipitations. Image : AGRIDEA<\/p>\n      <\/div>\n<\/div>\n<\/div>\n\n\n\n<div class=\"wp-block-column is-layout-flow wp-block-column-is-layout-flow\"><div class=\"agripedia-home-post agripedia-subpage-card\" data-type=\"subpage-card\">\n  <a class=\"agripedia-subpage-card__linkwrap\" href=\"https:\/\/agripedia.ch\/forum-wasser-landwirtschaft\/fr\/cycle-de-leau\/\" target=\"_blank\" rel=\"noopener noreferrer\">    <div class=\"agripedia-home-thumbnail\">\n              <img decoding=\"async\" src=\"https:\/\/agripedia.ch\/forum-wasser-landwirtschaft\/wp-content\/uploads\/sites\/64\/2025\/12\/Evaporation-1024x551.jpg\" alt=\"Cycle de l&#039;eau et agriculture\" \/>\n          <\/div>\n  <\/a>\n  <div class=\"agripedia-home-post-content\">\n          <h2 class=\"agripedia-home-post-title\">\n                  <a href=\"https:\/\/agripedia.ch\/forum-wasser-landwirtschaft\/fr\/cycle-de-leau\/\" target=\"_blank\" rel=\"noopener noreferrer\">\n        \n          Cycle de l&rsquo;eau et agriculture\n                  <\/a>\n              <\/h2>\n    \n          <p class=\"agripedia-home-post-excerpt\">Les cycles locaux et mondiaux de l&rsquo;eau sont li\u00e9s. L&rsquo;agriculture peut alimenter le cycle local de l&rsquo;eau et le boucler dans une large mesure. Image : Hanspeter Liniger et AGRIDEA<\/p>\n      <\/div>\n<\/div>\n<\/div>\n\n\n\n<div class=\"wp-block-column is-layout-flow wp-block-column-is-layout-flow\"><div class=\"agripedia-home-post agripedia-subpage-card\" data-type=\"subpage-card\">\n  <a class=\"agripedia-subpage-card__linkwrap\" href=\"https:\/\/agripedia.ch\/forum-wasser-landwirtschaft\/fr\/region-destivage\/\" target=\"_blank\" rel=\"noopener noreferrer\">    <div class=\"agripedia-home-thumbnail\">\n              <img decoding=\"async\" src=\"https:\/\/agripedia.ch\/forum-wasser-landwirtschaft\/wp-content\/uploads\/sites\/64\/2025\/02\/Alp-Culand-Wasserteich10_1_7765-scaled.jpg\" alt=\"Eau dans la r\u00e9gion d&#039;estivage\" \/>\n          <\/div>\n  <\/a>\n  <div class=\"agripedia-home-post-content\">\n          <h2 class=\"agripedia-home-post-title\">\n                  <a href=\"https:\/\/agripedia.ch\/forum-wasser-landwirtschaft\/fr\/region-destivage\/\" target=\"_blank\" rel=\"noopener noreferrer\">\n        \n          Eau dans la r\u00e9gion d&rsquo;estivage\n                  <\/a>\n              <\/h2>\n    \n          <p class=\"agripedia-home-post-excerpt\">En raison de leur situation g\u00e9ographique, les Alpes sont particuli\u00e8rement touch\u00e9es par les longues p\u00e9riodes de s\u00e9cheresse et l&rsquo;augmentation des pr\u00e9cipitations abondantes. Quelles sont les possibilit\u00e9s pour am\u00e9liorer l&rsquo;approvisionnement en eau et adapter la gestion des p\u00e2turages ? Image : AGRIDEA<\/p>\n      <\/div>\n<\/div>\n<\/div>\n<\/div>\n\n\n\n<div style=\"height:21px\" aria-hidden=\"true\" class=\"wp-block-spacer\"><\/div>\n\n\n\n<div class=\"wp-block-columns is-not-stacked-on-mobile is-layout-flex wp-container-core-columns-is-layout-9d6595d7 wp-block-columns-is-layout-flex\">\n<div class=\"wp-block-column is-layout-flow wp-block-column-is-layout-flow\"><div class=\"agripedia-home-post agripedia-subpage-card\" data-type=\"subpage-card\">\n  <a class=\"agripedia-subpage-card__linkwrap\" href=\"https:\/\/agripedia.ch\/forum-wasser-landwirtschaft\/fr\/creation-de-varietes-de-plantes-resistantes-au-climat\/\" target=\"_blank\" rel=\"noopener noreferrer\">    <div class=\"agripedia-home-thumbnail\">\n              <img decoding=\"async\" src=\"https:\/\/agripedia.ch\/forum-wasser-landwirtschaft\/wp-content\/uploads\/sites\/64\/2025\/02\/Zuechtung_2-Quelle-DSP-AG.jpg\" alt=\"Culture v\u00e9g\u00e9tale r\u00e9sistante au climat\" \/>\n          <\/div>\n  <\/a>\n  <div class=\"agripedia-home-post-content\">\n          <h2 class=\"agripedia-home-post-title\">\n                  <a href=\"https:\/\/agripedia.ch\/forum-wasser-landwirtschaft\/fr\/creation-de-varietes-de-plantes-resistantes-au-climat\/\" target=\"_blank\" rel=\"noopener noreferrer\">\n        \n          Culture v\u00e9g\u00e9tale r\u00e9sistante au climat\n                  <\/a>\n              <\/h2>\n    \n          <p class=\"agripedia-home-post-excerpt\">Les plantes r\u00e9sistantes \u00e0 la s\u00e9cheresse ou tol\u00e9rantes \u00e0 la chaleur ont besoin de moins d&rsquo;eau. Cela peut att\u00e9nuer les conflits d&rsquo;utilisation li\u00e9s aux besoins en eau. D&rsquo;une part, les esp\u00e8ces v\u00e9g\u00e9tales locales peuvent \u00eatre adapt\u00e9es par s\u00e9lection, d&rsquo;autre part, les plantes provenant de pays o\u00f9 r\u00e8gne la s\u00e9cheresse suscitent \u00e9galement de l\u2019int\u00e9r\u00eat chez nous. Image : DSP AG<\/p>\n      <\/div>\n<\/div>\n<\/div>\n\n\n\n<div class=\"wp-block-column is-layout-flow wp-block-column-is-layout-flow\"><div class=\"agripedia-home-post agripedia-subpage-card\" data-type=\"subpage-card\">\n  <a class=\"agripedia-subpage-card__linkwrap\" href=\"https:\/\/agripedia.ch\/forum-wasser-landwirtschaft\/fr\/fondements-politiques\/\" target=\"_blank\" rel=\"noopener noreferrer\">    <div class=\"agripedia-home-thumbnail\">\n              <img decoding=\"async\" src=\"https:\/\/agripedia.ch\/forum-wasser-landwirtschaft\/wp-content\/uploads\/sites\/64\/2025\/10\/Dachwasser-Sils-fuer-Webseite-DAL-scaled.jpg\" alt=\"Contexte politique et tendances\" \/>\n          <\/div>\n  <\/a>\n  <div class=\"agripedia-home-post-content\">\n          <h2 class=\"agripedia-home-post-title\">\n                  <a href=\"https:\/\/agripedia.ch\/forum-wasser-landwirtschaft\/fr\/fondements-politiques\/\" target=\"_blank\" rel=\"noopener noreferrer\">\n        \n          Contexte politique et tendances\n                  <\/a>\n              <\/h2>\n    \n          <p class=\"agripedia-home-post-excerpt\">La Conf\u00e9d\u00e9ration et les cantons \u00e9laborent en permanence des instruments politiques visant \u00e0 garantir l&rsquo;approvisionnement en eau et la qualit\u00e9 de l&rsquo;eau dans tous les domaines. La mise en \u00e9vidence des tendances et des diff\u00e9rents instruments de promotion en fait \u00e9galement partie. Image : AGRIDEA<\/p>\n      <\/div>\n<\/div>\n<\/div>\n\n\n\n<div class=\"wp-block-column is-layout-flow wp-block-column-is-layout-flow\"><div class=\"agripedia-home-post agripedia-subpage-card\" data-type=\"subpage-card\">\n  <a class=\"agripedia-subpage-card__linkwrap\" href=\"https:\/\/agripedia.ch\/forum-wasser-landwirtschaft\/fr\/sensibilisation-de-la-population\/\" target=\"_blank\" rel=\"noopener noreferrer\">    <div class=\"agripedia-home-thumbnail\">\n              <img decoding=\"async\" src=\"https:\/\/agripedia.ch\/forum-wasser-landwirtschaft\/wp-content\/uploads\/sites\/64\/2026\/02\/Alpexkursion2-1024x768.jpg\" alt=\"Sensibilisation de la population\" \/>\n          <\/div>\n  <\/a>\n  <div class=\"agripedia-home-post-content\">\n          <h2 class=\"agripedia-home-post-title\">\n                  <a href=\"https:\/\/agripedia.ch\/forum-wasser-landwirtschaft\/fr\/sensibilisation-de-la-population\/\" target=\"_blank\" rel=\"noopener noreferrer\">\n        \n          Sensibilisation de la population\n                  <\/a>\n              <\/h2>\n    \n          <p class=\"agripedia-home-post-excerpt\">La Conf\u00e9d\u00e9ration et les cantons \u00e9laborent en permanence des instruments politiques visant \u00e0 garantir l&rsquo;approvisionnement en eau et la qualit\u00e9 de l&rsquo;eau dans tous les domaines. La mise en \u00e9vidence des tendances et des diff\u00e9rents instruments de promotion en fait \u00e9galement partie. Image : AGRIDEA<\/p>\n      <\/div>\n<\/div>\n<\/div>\n<\/div>\n\n\n\n<div style=\"height:23px\" aria-hidden=\"true\" class=\"wp-block-spacer\"><\/div>\n\n\n\n<p class=\"has-normal-font-size\">AGRIDEA d\u00e9veloppe la \u00ab\u00a0plateforme de connaissances sur la gestion durable de l&rsquo;eau dans l&rsquo;agriculture\u00a0\u00bb en continu. Vos contributions sont les bienvenues. Pour ce faire, utilisez les <a href=\"https:\/\/agripedia.ch\/forum-wasser-landwirtschaft\/fr\/contact\/\" target=\"_blank\" rel=\"noreferrer noopener\">formulaires de contact<\/a> correspondants.<\/p>\n\n\n\n<p class=\"has-normal-font-size\"><strong>Avertissement :<\/strong> nous nous effor\u00e7ons de pr\u00e9senter un contenu pertinent et fond\u00e9. Nous acceptons volontiers les critiques constructives sur les sujets abord\u00e9s. Si vous avez des questions sur le contenu de certains articles, adressez-vous directement \u00e0 leurs auteurs.<\/p>\n\n\n\n<p class=\"has-normal-font-size\"><strong>Lien vers la litt\u00e9rature :<\/strong> B\u00fctikofer N., Hacek M., Heller O., Leonhardt H., Holzk\u00e4mper A. (2024). Ansichten von Schweizer Landwirtinnen und Landwirten zum Thema Bodenbearbeitung. <em>Recherche agronomique suisse<\/em>, 15, 279-287. <a href=\"https:\/\/doi.org\/10.34776\/afs15-279\" target=\"_blank\" rel=\"noreferrer noopener\">https:\/\/doi.org\/10.34776\/afs15-279<\/a>, en allemand.<\/p>\n\n\n\n<div style=\"height:21px\" aria-hidden=\"true\" class=\"wp-block-spacer\"><\/div>\n\n\n    \n<div class=\"wp-block-agripedia-impressum\" >\n    \n    <div class=\"agripedia-box-header\">\n        Financement    <\/div>\n\n    <div class=\"agripedia-box-content\">\n        \n\n<p>La plateforme de connaissances du Forum est soutenue financi\u00e8rement par :<\/p>\n\n\n\n<figure class=\"wp-block-image size-large\"><img loading=\"lazy\" decoding=\"async\" width=\"1024\" height=\"136\" src=\"https:\/\/agripedia.ch\/forum-wasser-landwirtschaft\/wp-content\/uploads\/sites\/64\/2025\/11\/Logos-Wasserforum_DE-1024x136.jpg\" alt=\"\" class=\"wp-image-62004\"\/><\/figure>\n\n    <\/div>\n    \n<\/div>\n\n\n<div style=\"height:21px\" aria-hidden=\"true\" class=\"wp-block-spacer\"><\/div>\n<style class=\"advgb-styles-renderer\">.agripedia-teaser-block p a {\n\tcolor: white;\t\n\ttext-decoration: none;\n}\n\n.agripedia-teaser-block p {\n\tcolor: white !important;\n\tdisplay: inline-block;\n\tfont-weight: 700;\n\tfont-size: 25px;\n\ttext-align: left;\n\tbackground-color: var(--wp--preset--color--agripedia-red);\n\tpadding: 0.5em;\n\tposition: absolute;\n\tleft: 0;\n\tbottom: 20%;\n\twidth: unset !important;\n}\n\n.agripedia-teaser-block {\n\tbox-shadow: 0 0 0.6em lightgray;\n\tmargin: 0 !important;\n\ttransition: all .25s linear !important;\n\toverflow: clip;\n}\n\n.agripedia-teaser-block:hover {\n\tbox-shadow: -1px 10px 29px lightgray;\n}\n\n.agripedia-teaser-block.quadrat {\n        min-height: 294.7px;\n}\n\n.slick-next:before,\n.slick-prev:before {\n font-size:43px;\n}\n\n.slick-prev {\n left:-50px;\n}\n@media (max-width: 1100px) {\n    .slick-next {\n        right:25px;\n    }\n    .slick-prev {\n        left:0px;\n    }\n}\n@media (max-width: 782px) {\n    .slick-next:before,\n    .slick-prev:before {\n        font-size:29px;\n    }\n    .slick-next {\n        right:-13px;\n    }\n    .slick-prev {\n        left: -24px;\n    }\n}\n\n\n<\/style>","protected":false},"excerpt":{"rendered":"<p>La diffusion d&rsquo;informations et de connaissances sur le th\u00e8me de la gestion durable de l&rsquo;eau dans l&rsquo;agriculture est de plus en plus importante. Dans la pratique, la mani\u00e8re dont les connaissances sont trait\u00e9es d\u00e9pend fortement de l&rsquo;opinion des agriculteurs suisses sur le th\u00e8me de la gestion des sols (B\u00fctikofer et al., 2024). Sur la plateforme [&hellip;]<\/p>\n","protected":false},"author":26,"featured_media":61664,"parent":0,"menu_order":0,"comment_status":"closed","ping_status":"closed","template":"","meta":{"_sb_is_suggestion_mode":false,"_sb_show_suggestion_boards":false,"_sb_show_comment_boards":false,"_sb_suggestion_history":"","_sb_update_block_changes":"","om_disable_all_campaigns":false,"advgb_blocks_editor_width":"","advgb_blocks_columns_visual_guide":"","_monsterinsights_skip_tracking":false,"_monsterinsights_sitenote_active":false,"_monsterinsights_sitenote_note":"","_monsterinsights_sitenote_category":0,"footnotes":""},"class_list":["post-63321","page","type-page","status-publish","has-post-thumbnail","hentry"],"coauthors":[],"author_meta":{"author_link":"https:\/\/agripedia.ch\/forum-wasser-landwirtschaft\/fr\/author\/bge0\/","display_name":"bge"},"relative_dates":{"created":"Publi\u00e9 2 mois il y a","modified":"Mis \u00e0 jour 2 jours il y a"},"absolute_dates":{"created":"Publi\u00e9 le 16 f\u00e9vrier 2026","modified":"Mise \u00e0 jour le 10 avril 2026"},"absolute_dates_time":{"created":"Publi\u00e9 le 16 f\u00e9vrier 2026 12h15","modified":"Mise \u00e0 jour le 10 avril 2026 13h56"},"featured_img_caption":"","featured_img":"https:\/\/agripedia.ch\/forum-wasser-landwirtschaft\/wp-content\/uploads\/sites\/64\/2025\/10\/Katzhof-Buldung-in-Scheune-2024-Kurs-1-1200x531.jpg","series_order":"","_links":{"self":[{"href":"https:\/\/agripedia.ch\/forum-wasser-landwirtschaft\/fr\/wp-json\/wp\/v2\/pages\/63321","targetHints":{"allow":["GET"]}}],"collection":[{"href":"https:\/\/agripedia.ch\/forum-wasser-landwirtschaft\/fr\/wp-json\/wp\/v2\/pages"}],"about":[{"href":"https:\/\/agripedia.ch\/forum-wasser-landwirtschaft\/fr\/wp-json\/wp\/v2\/types\/page"}],"author":[{"embeddable":true,"href":"https:\/\/agripedia.ch\/forum-wasser-landwirtschaft\/fr\/wp-json\/wp\/v2\/users\/26"}],"replies":[{"embeddable":true,"href":"https:\/\/agripedia.ch\/forum-wasser-landwirtschaft\/fr\/wp-json\/wp\/v2\/comments?post=63321"}],"version-history":[{"count":27,"href":"https:\/\/agripedia.ch\/forum-wasser-landwirtschaft\/fr\/wp-json\/wp\/v2\/pages\/63321\/revisions"}],"predecessor-version":[{"id":64376,"href":"https:\/\/agripedia.ch\/forum-wasser-landwirtschaft\/fr\/wp-json\/wp\/v2\/pages\/63321\/revisions\/64376"}],"wp:featuredmedia":[{"embeddable":true,"href":"https:\/\/agripedia.ch\/forum-wasser-landwirtschaft\/fr\/wp-json\/wp\/v2\/media\/61664"}],"wp:attachment":[{"href":"https:\/\/agripedia.ch\/forum-wasser-landwirtschaft\/fr\/wp-json\/wp\/v2\/media?parent=63321"}],"curies":[{"name":"wp","href":"https:\/\/api.w.org\/{rel}","templated":true}]}}