{"id":63319,"date":"2026-02-16T12:14:44","date_gmt":"2026-02-16T11:14:44","guid":{"rendered":"https:\/\/agripedia.ch\/forum-wasser-landwirtschaft\/technique-dirrigation\/"},"modified":"2026-04-15T15:57:33","modified_gmt":"2026-04-15T13:57:33","slug":"technique-dirrigation","status":"publish","type":"page","link":"https:\/\/agripedia.ch\/forum-wasser-landwirtschaft\/fr\/technique-dirrigation\/","title":{"rendered":"Technique d&rsquo;irrigation"},"content":{"rendered":"\n<p class=\"has-normal-font-size\">Diff\u00e9rentes techniques sont disponibles pour l&rsquo;irrigation :<\/p>\n\n\n\n<div class=\"wp-block-getwid-accordion has-icon-left\" data-active-element=\"none\">\n<div class=\"wp-block-getwid-accordion__header-wrapper\"><span class=\"wp-block-getwid-accordion__header\"><a href=\"#\"><span class=\"wp-block-getwid-accordion__header-title\"><strong>Irrigation par aspersion<\/strong><\/span><span class=\"wp-block-getwid-accordion__icon is-active\"><i class=\"fas fa-plus\"><\/i><\/span><span class=\"wp-block-getwid-accordion__icon is-passive\"><i class=\"fas fa-minus\"><\/i><\/span><\/a><\/span><\/div><div class=\"wp-block-getwid-accordion__content-wrapper\"><div class=\"wp-block-getwid-accordion__content\">\n<p class=\"has-normal-font-size\">L&rsquo;irrigation par aspersion est tr\u00e8s souvent utilis\u00e9e dans l&rsquo;agriculture. L&rsquo;eau est distribu\u00e9e par le haut, au-dessus des plantes.<\/p>\n\n\n\n<p class=\"has-normal-font-size\">gvz-rossat. <a href=\"https:\/\/fr.gvz-rossat.ch\/irrigation-par-aspersion\/\" target=\"_blank\" rel=\"noreferrer noopener\">Irrigation par aspersion<\/a><\/p>\n<\/div><\/div>\n\n\n\n<div class=\"wp-block-getwid-accordion__header-wrapper\"><span class=\"wp-block-getwid-accordion__header\"><a href=\"#\"><span class=\"wp-block-getwid-accordion__header-title\"><strong>Irrigation goutte-\u00e0-goutte<\/strong><\/span><span class=\"wp-block-getwid-accordion__icon is-active\"><i class=\"fas fa-plus\"><\/i><\/span><span class=\"wp-block-getwid-accordion__icon is-passive\"><i class=\"fas fa-minus\"><\/i><\/span><\/a><\/span><\/div><div class=\"wp-block-getwid-accordion__content-wrapper\"><div class=\"wp-block-getwid-accordion__content\">\n<p class=\"has-normal-font-size\">L&rsquo;irrigation goutte-\u00e0-goutte est un syst\u00e8me d&rsquo;irrigation qui distribue l&rsquo;eau lentement et de mani\u00e8re cibl\u00e9e directement aux racines des plantes, plut\u00f4t que de la distribuer sur une grande surface. Il utilise des tuyaux ou des tubes munis de petites ouvertures (goutteurs) qui d\u00e9livrent l&rsquo;eau goutte-\u00e0-goutte, minimisant ainsi la consommation d&rsquo;eau due \u00e0 l&rsquo;\u00e9vaporation et au ruissellement de surface. Cette m\u00e9thode est plus efficace que les m\u00e9thodes d&rsquo;irrigation traditionnelles, elle permet d&rsquo;\u00e9conomiser de l&rsquo;eau et des nutriments et d&rsquo;alimenter les plantes en fonction de leurs besoins.<\/p>\n\n\n\n<p class=\"has-normal-font-size\"><strong>L&rsquo;irrigation dans la viticulture<\/strong><\/p>\n\n\n\n<p class=\"has-normal-font-size\">Berger A., 2025. <a href=\"https:\/\/www.petitspaysans.ch\/salquenen-irrigation-vignoble\/\" target=\"_blank\" rel=\"noreferrer noopener\">Salquenen : Repenser l\u2019irrigation du vignoble<\/a>. Agricultura \u00e9dition 4\/2025<\/p>\n<\/div><\/div>\n\n\n\n<div class=\"wp-block-getwid-accordion__header-wrapper\"><span class=\"wp-block-getwid-accordion__header\"><a href=\"#\"><span class=\"wp-block-getwid-accordion__header-title\"><strong>Drainage intelligent<\/strong><\/span><span class=\"wp-block-getwid-accordion__icon is-active\"><i class=\"fas fa-plus\"><\/i><\/span><span class=\"wp-block-getwid-accordion__icon is-passive\"><i class=\"fas fa-minus\"><\/i><\/span><\/a><\/span><\/div><div class=\"wp-block-getwid-accordion__content-wrapper\"><div class=\"wp-block-getwid-accordion__content\">\n<p class=\"has-normal-font-size\">Gr\u00e2ce \u00e0 des syst\u00e8mes de drainage intelligents, l&rsquo;eau peut \u00eatre retenue dans le sol en cas de besoin pendant les p\u00e9riodes s\u00e8ches ou ne pas \u00eatre enti\u00e8rement pomp\u00e9e par anticipation.<\/p>\n\n\n\n<p class=\"has-normal-font-size\"><strong>\u00c9tudes sur le drainage intelligent en Allemagne :<\/strong><\/p>\n\n\n\n<p class=\"has-normal-font-size\">NDR, juillet 2025. <a href=\"https:\/\/www.ardmediathek.de\/video\/hallo-niedersachsen\/wassermanagement-smarte-drainagen-sollen-felder-retten\/ndr\/Y3JpZDovL25kci5kZS80NjU2NGRhNC1iMDdhLTRmMjgtYWM0NC0yNGMxMmYzM2U2MTI\" target=\"_blank\" rel=\"noreferrer noopener\">Gestion de l&rsquo;eau : des drains intelligents pour sauver les champs<\/a>. Vid\u00e9o disponible jusqu&rsquo;au 09.07.2027<\/p>\n<\/div><\/div>\n\n\n\n<div class=\"wp-block-getwid-accordion__header-wrapper\"><span class=\"wp-block-getwid-accordion__header\"><a href=\"#\"><span class=\"wp-block-getwid-accordion__header-title\"><strong>Commande num\u00e9rique<\/strong><\/span><span class=\"wp-block-getwid-accordion__icon is-active\"><i class=\"fas fa-plus\"><\/i><\/span><span class=\"wp-block-getwid-accordion__icon is-passive\"><i class=\"fas fa-minus\"><\/i><\/span><\/a><\/span><\/div><div class=\"wp-block-getwid-accordion__content-wrapper\"><div class=\"wp-block-getwid-accordion__content\">\n<p class=\"has-normal-font-size\">Pour une irrigation pr\u00e9cise, des outils num\u00e9riques de surveillance et de contr\u00f4le via GPS peuvent \u00eatre utilis\u00e9s. Pour en savoir plus, voir : Bauernzeitung du 7 juillet 2023, <a href=\"https:\/\/www.bauernzeitung.ch\/artikel\/pflanzen\/der-raindancer-ist-eine-revolution-fuer-die-feldbewaesserung-480838\" target=\"_blank\" rel=\"noreferrer noopener\">Der \u00ab Raindancer \u00bb ist eine Revolution f\u00fcr die Feldbew\u00e4sserung<\/a>. Le \u00ab\u00a0Raindancer\u00a0\u00bb est une r\u00e9volution pour l&rsquo;irrigation des champs &#8211; bauernzeitung.ch | BauernZeitung<\/p>\n<\/div><\/div>\n\n\n\n<div class=\"wp-block-getwid-accordion__header-wrapper\"><span class=\"wp-block-getwid-accordion__header\"><a href=\"#\"><span class=\"wp-block-getwid-accordion__header-title\"><strong>Techniques traditionnelles<\/strong><\/span><span class=\"wp-block-getwid-accordion__icon is-active\"><i class=\"fas fa-plus\"><\/i><\/span><span class=\"wp-block-getwid-accordion__icon is-passive\"><i class=\"fas fa-minus\"><\/i><\/span><\/a><\/span><\/div><div class=\"wp-block-getwid-accordion__content-wrapper\"><div class=\"wp-block-getwid-accordion__content\">\n<p class=\"has-normal-font-size\">Les syst\u00e8mes d&rsquo;irrigation traditionnels ne font pas seulement partie du patrimoine culturel de l&rsquo;UNESCO, ils pourraient aujourd&rsquo;hui aider \u00e0 utiliser et \u00e0 renforcer les connaissances en mati\u00e8re de gestion des ressources locales.<\/p>\n\n\n\n<p class=\"has-normal-font-size\"><strong>Bisses<\/strong><\/p>\n\n\n\n<p class=\"has-normal-font-size\">Les <a href=\"https:\/\/zukunftsforumalpen.li\/wp-content\/uploads\/2025\/07\/Session-5-Presentation-Karina-Liechti-1.pdf\" target=\"_blank\" rel=\"noreferrer noopener\">bisses et l&rsquo;arrosage des pentes en Valais<\/a> en sont un exemple (en anglais). Les techniques traditionnelles sont aujourd&rsquo;hui menac\u00e9es, mais elles constituent des exemples importants de coop\u00e9ration entre les acteurs communaux. <\/p>\n\n\n\n<p class=\"has-normal-font-size\">Articles suppl\u00e9mentaires :<\/p>\n\n\n\n<p class=\"has-normal-font-size\">B\u00e4r R., Liechti K., 2020.  <a href=\"https:\/\/agripedia.ch\/forum-wasser-landwirtschaft\/wp-content\/uploads\/sites\/64\/2026\/02\/2020_LOW_Letter_Traditionelle_Bewaesser.pdf\" target=\"_blank\" rel=\"noreferrer noopener\">L&rsquo;irrigation traditionnelle &#8211; un patrimoine culturel d&rsquo;avenir ?<\/a>  CDE Universit\u00e9 de Berne<\/p>\n\n\n\n<p class=\"has-normal-font-size\">Sch\u00f6nmann A., 2026. <a href=\"https:\/\/www.petitspaysans.ch\/bisses-canaux-irrigation-valais\/\" target=\"_blank\" rel=\"noreferrer noopener\">Les bisses \u2013 un patrimoine culturel qui a de l\u2019avenir<\/a>. Agricultura \u00e9dition 4\/2025.<\/p>\n<\/div><\/div>\n\n\n\n<div class=\"wp-block-getwid-accordion__header-wrapper\"><span class=\"wp-block-getwid-accordion__header\"><a href=\"#\"><span class=\"wp-block-getwid-accordion__header-title\"><strong>Comparaison des syst\u00e8mes d&rsquo;irrigation<\/strong><\/span><span class=\"wp-block-getwid-accordion__icon is-active\"><i class=\"fas fa-plus\"><\/i><\/span><span class=\"wp-block-getwid-accordion__icon is-passive\"><i class=\"fas fa-minus\"><\/i><\/span><\/a><\/span><\/div><div class=\"wp-block-getwid-accordion__content-wrapper\"><div class=\"wp-block-getwid-accordion__content\">\n<p class=\"has-normal-font-size\">Il existe diff\u00e9rents syst\u00e8mes pour l&rsquo;irrigation des cultures agricoles. Ceux-ci pr\u00e9sentent diff\u00e9rents avantages et inconv\u00e9nients, notamment en termes de co\u00fbts, de temps de travail et d&rsquo;efficacit\u00e9 de l&rsquo;eau (<a href=\"https:\/\/www.ufarevue.ch\/fre\/production-vegetale\/comparaison-de-systemes-d-irrigation\" target=\"_blank\" rel=\"noreferrer noopener\">Revue UFA<\/a>).<\/p>\n\n\n\n<p class=\"has-normal-font-size\">Union mara\u00eech\u00e8re suisse et Inforama. <a href=\"https:\/\/agripedia.ch\/forum-wasser-landwirtschaft\/wp-content\/uploads\/sites\/64\/2026\/02\/2025_merkblatt-bewaesserungssysteme-g.pdf\" target=\"_blank\" rel=\"noreferrer noopener\">Merkblatt Bew\u00e4sserungssysteme im Gem\u00fcsebau.<\/a> Fiche technique sur les syst\u00e8mes d&rsquo;irrigation dans la culture mara\u00eech\u00e8re.<\/p>\n<\/div><\/div>\n<\/div>\n\n\n\n<div style=\"height:21px\" aria-hidden=\"true\" class=\"wp-block-spacer\"><\/div>\n\n\n\n<div style=\"height:21px\" aria-hidden=\"true\" class=\"wp-block-spacer\"><\/div>\n\n\n\n<p class=\"has-normal-font-size\"><strong>Collaboration<\/strong><\/p>\n\n\n\n<p class=\"has-normal-font-size\">Si vous souhaitez d\u00e9velopper le th\u00e8me des techniques d&rsquo;irrigation ou des m\u00e9thodes d&rsquo;irrigation traditionnelles avec des personnes partageant les m\u00eames id\u00e9es, rejoignez le groupe de travail. Pour en savoir plus, consultez la <a href=\"https:\/\/agripedia.ch\/forum-wasser-landwirtschaft\/fr\/association\/\" target=\"_blank\" rel=\"noreferrer noopener\">page Association <\/a>du Forum.<\/p>\n\n\n\n<hr class=\"wp-block-separator has-alpha-channel-opacity\"\/>\n\n\n\n<p class=\"has-normal-font-size\">Nous acceptons volontiers vos contributions, remarques, compl\u00e9ments, suggestions et commentaires <a href=\"https:\/\/agripedia.ch\/forum-wasser-landwirtschaft\/fr\/contact\/\" data-type=\"page\" data-id=\"1023\" target=\"_blank\" rel=\"noreferrer noopener\">ici<\/a>.<\/p>\n","protected":false},"excerpt":{"rendered":"<p>Diff\u00e9rentes techniques sont disponibles pour l&rsquo;irrigation : Collaboration Si vous souhaitez d\u00e9velopper le th\u00e8me des techniques d&rsquo;irrigation ou des m\u00e9thodes d&rsquo;irrigation traditionnelles avec des personnes partageant les m\u00eames id\u00e9es, rejoignez le groupe de travail. Pour en savoir plus, consultez la page Association du Forum. Nous acceptons volontiers vos contributions, remarques, compl\u00e9ments, suggestions et commentaires ici.<\/p>\n","protected":false},"author":234,"featured_media":61504,"parent":0,"menu_order":0,"comment_status":"closed","ping_status":"closed","template":"","meta":{"_sb_is_suggestion_mode":false,"_sb_show_suggestion_boards":false,"_sb_show_comment_boards":false,"_sb_suggestion_history":"","_sb_update_block_changes":"","om_disable_all_campaigns":false,"advgb_blocks_editor_width":"","advgb_blocks_columns_visual_guide":"","_monsterinsights_skip_tracking":false,"_monsterinsights_sitenote_active":false,"_monsterinsights_sitenote_note":"","_monsterinsights_sitenote_category":0,"footnotes":""},"class_list":["post-63319","page","type-page","status-publish","has-post-thumbnail","hentry"],"coauthors":[{"link":"https:\/\/agripedia.ch\/forum-wasser-landwirtschaft\/fr\/author\/dal0\/","display_name":"dal0"}],"author_meta":{"author_link":"https:\/\/agripedia.ch\/forum-wasser-landwirtschaft\/fr\/author\/dal0\/","display_name":"dal0"},"relative_dates":{"created":"Publi\u00e9 2 mois il y a","modified":"Mis \u00e0 jour 2 semaines il y a"},"absolute_dates":{"created":"Publi\u00e9 le 16 f\u00e9vrier 2026","modified":"Mise \u00e0 jour le 15 avril 2026"},"absolute_dates_time":{"created":"Publi\u00e9 le 16 f\u00e9vrier 2026 12h14","modified":"Mise \u00e0 jour le 15 avril 2026 15h57"},"featured_img_caption":"","featured_img":"https:\/\/agripedia.ch\/forum-wasser-landwirtschaft\/wp-content\/uploads\/sites\/64\/2025\/10\/Rollomat-schmal-1200x566.jpg","series_order":"","_links":{"self":[{"href":"https:\/\/agripedia.ch\/forum-wasser-landwirtschaft\/fr\/wp-json\/wp\/v2\/pages\/63319","targetHints":{"allow":["GET"]}}],"collection":[{"href":"https:\/\/agripedia.ch\/forum-wasser-landwirtschaft\/fr\/wp-json\/wp\/v2\/pages"}],"about":[{"href":"https:\/\/agripedia.ch\/forum-wasser-landwirtschaft\/fr\/wp-json\/wp\/v2\/types\/page"}],"author":[{"embeddable":true,"href":"https:\/\/agripedia.ch\/forum-wasser-landwirtschaft\/fr\/wp-json\/wp\/v2\/users\/234"}],"replies":[{"embeddable":true,"href":"https:\/\/agripedia.ch\/forum-wasser-landwirtschaft\/fr\/wp-json\/wp\/v2\/comments?post=63319"}],"version-history":[{"count":42,"href":"https:\/\/agripedia.ch\/forum-wasser-landwirtschaft\/fr\/wp-json\/wp\/v2\/pages\/63319\/revisions"}],"predecessor-version":[{"id":64615,"href":"https:\/\/agripedia.ch\/forum-wasser-landwirtschaft\/fr\/wp-json\/wp\/v2\/pages\/63319\/revisions\/64615"}],"wp:featuredmedia":[{"embeddable":true,"href":"https:\/\/agripedia.ch\/forum-wasser-landwirtschaft\/fr\/wp-json\/wp\/v2\/media\/61504"}],"wp:attachment":[{"href":"https:\/\/agripedia.ch\/forum-wasser-landwirtschaft\/fr\/wp-json\/wp\/v2\/media?parent=63319"}],"curies":[{"name":"wp","href":"https:\/\/api.w.org\/{rel}","templated":true}]}}