{"id":63317,"date":"2026-02-16T12:14:42","date_gmt":"2026-02-16T11:14:42","guid":{"rendered":"https:\/\/agripedia.ch\/forum-wasser-landwirtschaft\/couverture-du-sol\/"},"modified":"2026-04-02T15:00:22","modified_gmt":"2026-04-02T13:00:22","slug":"couverture-du-sol","status":"publish","type":"page","link":"https:\/\/agripedia.ch\/forum-wasser-landwirtschaft\/fr\/couverture-du-sol\/","title":{"rendered":"Couverture du sol"},"content":{"rendered":"\n<div class=\"wp-block-columns is-layout-flex wp-container-core-columns-is-layout-9d6595d7 wp-block-columns-is-layout-flex\">\n<div class=\"wp-block-column is-layout-flow wp-block-column-is-layout-flow\">\n<figure class=\"wp-block-image size-large\"><img loading=\"lazy\" decoding=\"async\" width=\"768\" height=\"1024\" src=\"https:\/\/agripedia.ch\/forum-wasser-landwirtschaft\/wp-content\/uploads\/sites\/64\/2025\/11\/Erosion-ZG-DAL-1-768x1024.jpg\" alt=\"\" class=\"wp-image-62229\" srcset=\"https:\/\/agripedia.ch\/forum-wasser-landwirtschaft\/wp-content\/uploads\/sites\/64\/2025\/11\/Erosion-ZG-DAL-1-768x1024.jpg 768w, https:\/\/agripedia.ch\/forum-wasser-landwirtschaft\/wp-content\/uploads\/sites\/64\/2025\/11\/Erosion-ZG-DAL-1-225x300.jpg 225w, https:\/\/agripedia.ch\/forum-wasser-landwirtschaft\/wp-content\/uploads\/sites\/64\/2025\/11\/Erosion-ZG-DAL-1-1152x1536.jpg 1152w, https:\/\/agripedia.ch\/forum-wasser-landwirtschaft\/wp-content\/uploads\/sites\/64\/2025\/11\/Erosion-ZG-DAL-1-1536x2048.jpg 1536w, https:\/\/agripedia.ch\/forum-wasser-landwirtschaft\/wp-content\/uploads\/sites\/64\/2025\/11\/Erosion-ZG-DAL-1-1200x1600.jpg 1200w, https:\/\/agripedia.ch\/forum-wasser-landwirtschaft\/wp-content\/uploads\/sites\/64\/2025\/11\/Erosion-ZG-DAL-1-1980x2640.jpg 1980w, https:\/\/agripedia.ch\/forum-wasser-landwirtschaft\/wp-content\/uploads\/sites\/64\/2025\/11\/Erosion-ZG-DAL-1-scaled.jpg 1920w\" sizes=\"auto, (max-width: 768px) 100vw, 768px\" \/><\/figure>\n<\/div>\n\n\n\n<div class=\"wp-block-column is-layout-flow wp-block-column-is-layout-flow\">\n<figure class=\"wp-block-image size-large\"><img loading=\"lazy\" decoding=\"async\" width=\"768\" height=\"1024\" src=\"https:\/\/agripedia.ch\/forum-wasser-landwirtschaft\/wp-content\/uploads\/sites\/64\/2025\/11\/Bodenbedeckung2-Ziegelried-DAL-768x1024.jpg\" alt=\"\" class=\"wp-image-62224\" srcset=\"https:\/\/agripedia.ch\/forum-wasser-landwirtschaft\/wp-content\/uploads\/sites\/64\/2025\/11\/Bodenbedeckung2-Ziegelried-DAL-768x1024.jpg 768w, https:\/\/agripedia.ch\/forum-wasser-landwirtschaft\/wp-content\/uploads\/sites\/64\/2025\/11\/Bodenbedeckung2-Ziegelried-DAL-225x300.jpg 225w, https:\/\/agripedia.ch\/forum-wasser-landwirtschaft\/wp-content\/uploads\/sites\/64\/2025\/11\/Bodenbedeckung2-Ziegelried-DAL-1152x1536.jpg 1152w, https:\/\/agripedia.ch\/forum-wasser-landwirtschaft\/wp-content\/uploads\/sites\/64\/2025\/11\/Bodenbedeckung2-Ziegelried-DAL-1536x2048.jpg 1536w, https:\/\/agripedia.ch\/forum-wasser-landwirtschaft\/wp-content\/uploads\/sites\/64\/2025\/11\/Bodenbedeckung2-Ziegelried-DAL-1200x1600.jpg 1200w, https:\/\/agripedia.ch\/forum-wasser-landwirtschaft\/wp-content\/uploads\/sites\/64\/2025\/11\/Bodenbedeckung2-Ziegelried-DAL-1980x2640.jpg 1980w, https:\/\/agripedia.ch\/forum-wasser-landwirtschaft\/wp-content\/uploads\/sites\/64\/2025\/11\/Bodenbedeckung2-Ziegelried-DAL-scaled.jpg 1920w\" sizes=\"auto, (max-width: 768px) 100vw, 768px\" \/><\/figure>\n<\/div>\n\n\n\n<div class=\"wp-block-column is-layout-flow wp-block-column-is-layout-flow\">\n<figure class=\"wp-block-image size-large\"><img loading=\"lazy\" decoding=\"async\" width=\"768\" height=\"1024\" src=\"https:\/\/agripedia.ch\/forum-wasser-landwirtschaft\/wp-content\/uploads\/sites\/64\/2025\/12\/20251216_121929-1-768x1024.jpg\" alt=\"\" class=\"wp-image-62491\" srcset=\"https:\/\/agripedia.ch\/forum-wasser-landwirtschaft\/wp-content\/uploads\/sites\/64\/2025\/12\/20251216_121929-1-768x1024.jpg 768w, https:\/\/agripedia.ch\/forum-wasser-landwirtschaft\/wp-content\/uploads\/sites\/64\/2025\/12\/20251216_121929-1-225x300.jpg 225w, https:\/\/agripedia.ch\/forum-wasser-landwirtschaft\/wp-content\/uploads\/sites\/64\/2025\/12\/20251216_121929-1-1152x1536.jpg 1152w, https:\/\/agripedia.ch\/forum-wasser-landwirtschaft\/wp-content\/uploads\/sites\/64\/2025\/12\/20251216_121929-1-1536x2048.jpg 1536w, https:\/\/agripedia.ch\/forum-wasser-landwirtschaft\/wp-content\/uploads\/sites\/64\/2025\/12\/20251216_121929-1-1200x1600.jpg 1200w, https:\/\/agripedia.ch\/forum-wasser-landwirtschaft\/wp-content\/uploads\/sites\/64\/2025\/12\/20251216_121929-1-1980x2640.jpg 1980w, https:\/\/agripedia.ch\/forum-wasser-landwirtschaft\/wp-content\/uploads\/sites\/64\/2025\/12\/20251216_121929-1-scaled.jpg 1920w\" sizes=\"auto, (max-width: 768px) 100vw, 768px\" \/><\/figure>\n<\/div>\n<\/div>\n\n\n\n<p class=\"has-larger-font-size\"><strong>Effet de la couverture du sol<\/strong><\/p>\n\n\n\n<p class=\"has-normal-font-size\">La couverture de la surface agricole est tr\u00e8s importante, d&rsquo;une part pour \u00e9viter l&rsquo;\u00e9rosion et, d&rsquo;autre part, pour maintenir la temp\u00e9rature du sol \u00e0 un niveau suffisamment bas pour prot\u00e9ger la vie du sol et minimiser les pertes par \u00e9vaporation. La croissance des plantes est r\u00e9duite \u00e0 partir d&rsquo;une temp\u00e9rature du sol de 32\u00b0C, et les premi\u00e8res bact\u00e9ries du sol meurent \u00e0 partir de 45\u00b0C. Une surface cultiv\u00e9e sans couverture du sol peut atteindre jusqu&rsquo;\u00e0 60\u00b0C lorsque la temp\u00e9rature de l&rsquo;air est de 35\u00b0C. Un sol bien recouvert atteint environ 30\u00b0C.<\/p>\n\n\n\n<blockquote class=\"wp-block-quote is-layout-flow wp-block-quote-is-layout-flow\">\n<p class=\"has-normal-font-size\"><strong>\u00ab\u00a0Un sol non cultiv\u00e9 et labour\u00e9 devient plus chaud que l&rsquo;asphalte\u00a0\u00bb.<\/strong><a href=\"https:\/\/www.ufarevue.ch\/pflanzenbau\/warum-boeden-vor-hitze-zu-schuetzen-sind\" target=\"_blank\" rel=\"noreferrer noopener\"> <\/a><a href=\"https:\/\/www.ufarevue.ch\/fre\/production-vegetale\/proteger-les-sols-de-la-chaleur-un-imperatif-crucial\" target=\"_blank\" rel=\"noreferrer noopener\">(Citation de Liniger et Askrabic)<\/a><\/p>\n<\/blockquote>\n\n\n\n<p class=\"has-larger-font-size\"><strong>Couverture v\u00e9g\u00e9tale ou paillis<\/strong><\/p>\n\n\n\n<p class=\"has-normal-font-size\">Lorsque le sol est recouvert de plantes en croissance, telles que des cultures intercalaires ou des engrais verts, la transpiration a lieu. L&rsquo;eau transpir\u00e9e emporte alors des bact\u00e9ries et d&rsquo;autres petites particules qui se trouvent sur la plante. Elles servent \u00e0 la nucl\u00e9ation de l&rsquo;eau, c&rsquo;est-\u00e0-dire que l&rsquo;eau peut former une goutte de pluie. Le<mdspan datatext=\"el1775132122907\" class=\"mdspan-comment\"> <a href=\"https:\/\/agripedia.ch\/forum-wasser-landwirtschaft\/fr\/cycle-de-leau\/\" target=\"_blank\" rel=\"noreferrer noopener\">cycle local de l&rsquo;eau<\/a><\/mdspan> est favoris\u00e9. Les cultures intercalaires et les engrais verts sont bien adapt\u00e9s \u00e0 cet effet.<\/p>\n\n\n\n<p class=\"has-normal-font-size\">Si l&rsquo;on m\u00e9lange des plantes \u00e0 racines profondes avec des plantes \u00e0 racines plates, lorsque le sol est humide, les plantes \u00e0 racines profondes vont chercher l&rsquo;eau en profondeur pendant la nuit pour la transf\u00e9rer dans les couches de sol plus s\u00e8ches des plantes \u00e0 racines plates, qui peuvent alors en profiter pendant la journ\u00e9e (isodrones, <a href=\"https:\/\/www.youtube.com\/watch?v=ismOYjrJMl8\" target=\"_blank\" rel=\"noreferrer noopener\">redistribution hydraulique<\/a>). Les mycorhizes favorisent ce transfert (isodrones, <a href=\"https:\/\/www.youtube.com\/watch?v=GlqTeVAQ-ho\" target=\"_blank\" rel=\"noreferrer noopener\">mycorhizes<\/a>). <\/p>\n\n\n\n<div class=\"wp-block-columns is-layout-flex wp-container-core-columns-is-layout-9d6595d7 wp-block-columns-is-layout-flex\">\n<div class=\"wp-block-column is-layout-flow wp-block-column-is-layout-flow\">\n<figure class=\"wp-block-image size-large is-resized\"><img loading=\"lazy\" decoding=\"async\" width=\"1024\" height=\"784\" src=\"https:\/\/agripedia.ch\/forum-wasser-landwirtschaft\/wp-content\/uploads\/sites\/64\/2026\/02\/image-1024x784.png\" alt=\"\" class=\"wp-image-63237\" style=\"aspect-ratio:4\/3;object-fit:cover;width:331px;height:auto\" srcset=\"https:\/\/agripedia.ch\/forum-wasser-landwirtschaft\/wp-content\/uploads\/sites\/64\/2026\/02\/image-1024x784.png 1024w, https:\/\/agripedia.ch\/forum-wasser-landwirtschaft\/wp-content\/uploads\/sites\/64\/2026\/02\/image-300x230.png 300w, https:\/\/agripedia.ch\/forum-wasser-landwirtschaft\/wp-content\/uploads\/sites\/64\/2026\/02\/image-768x588.png 768w, https:\/\/agripedia.ch\/forum-wasser-landwirtschaft\/wp-content\/uploads\/sites\/64\/2026\/02\/image-1200x918.png 1200w, https:\/\/agripedia.ch\/forum-wasser-landwirtschaft\/wp-content\/uploads\/sites\/64\/2026\/02\/image.png 1283w\" sizes=\"auto, (max-width: 1024px) 100vw, 1024px\" \/><\/figure>\n<\/div>\n\n\n\n<div class=\"wp-block-column is-layout-flow wp-block-column-is-layout-flow\">\n<figure class=\"wp-block-image size-full is-resized\"><img loading=\"lazy\" decoding=\"async\" width=\"1008\" height=\"573\" src=\"https:\/\/agripedia.ch\/forum-wasser-landwirtschaft\/wp-content\/uploads\/sites\/64\/2026\/02\/image-1.png\" alt=\"\" class=\"wp-image-63239\" style=\"aspect-ratio:1.3333333333333333;object-fit:cover;width:331px;height:auto\" srcset=\"https:\/\/agripedia.ch\/forum-wasser-landwirtschaft\/wp-content\/uploads\/sites\/64\/2026\/02\/image-1.png 1008w, https:\/\/agripedia.ch\/forum-wasser-landwirtschaft\/wp-content\/uploads\/sites\/64\/2026\/02\/image-1-300x171.png 300w, https:\/\/agripedia.ch\/forum-wasser-landwirtschaft\/wp-content\/uploads\/sites\/64\/2026\/02\/image-1-768x437.png 768w\" sizes=\"auto, (max-width: 1008px) 100vw, 1008px\" \/><\/figure>\n<\/div>\n<\/div>\n\n\n\n<p><mdspan datatext=\"el1775132275548\" class=\"mdspan-comment\">Source de l&rsquo;image : Pompe hydraulique et mycorhizes, isodrones<\/mdspan><\/p>\n\n\n\n<div style=\"height:10px\" aria-hidden=\"true\" class=\"wp-block-spacer\"><\/div>\n\n\n\n<p class=\"has-normal-font-size\">La culture intercalaire favorise les microorganismes en les nourrissant de mani\u00e8re cibl\u00e9e avec les exsudats des racines. Les restes des plantes de couverture sont conserv\u00e9s sous forme de paillis dans le champ et servent \u00e0 la protection contre l&rsquo;\u00e9rosion et offrent une bonne offre de nourriture aux grands habitants du sol tels que les vers de terre, les cloportes et autres (<a href=\"https:\/\/www.bodenistleben.at\/eip-boden.biodiversitaet\/\" target=\"_blank\" rel=\"noreferrer noopener\">Projekt \u00ab\u00a0Boden.Biodiversit\u00e4t\u00a0\u00bb<\/a>).<\/p>\n\n\n\n<p class=\"has-normal-font-size\">Une couverture de paillis ou de paille emp\u00eache la pluie d&rsquo;atteindre directement le sol. Cela permet au sol d&rsquo;absorber plus d&rsquo;eau et de r\u00e9duire le <a href=\"https:\/\/themes.agripedia.ch\/fr\/massnahmen-zur-vermeidung-von-abdrift-und-abschwemmung-im-feldbau\/\" target=\"_blank\" rel=\"noreferrer noopener\">ruissellement<\/a>. De plus, l&rsquo;\u00e9vaporation de l&rsquo;eau est \u00e9vit\u00e9e. L&rsquo;humidit\u00e9 reste dans le sol et peut \u00eatre absorb\u00e9e plus longtemps par les plantes. La vie du sol est \u00e9galement prot\u00e9g\u00e9e, bien que le paillis refroidisse moins la surface qu&rsquo;une couverture v\u00e9g\u00e9tale vivante et en croissance.<\/p>\n\n\n\n<div style=\"height:21px\" aria-hidden=\"true\" class=\"wp-block-spacer\"><\/div>\n\n\n\n<p class=\"has-normal-font-size\"><strong>En savoir plus sur les couvertures v\u00e9g\u00e9tales et le paillage :<\/strong><\/p>\n\n\n\n<p class=\"has-normal-font-size\">Mittermeier C., 2021. \u00e9tablissement du <strong>paillage vivant<\/strong> <strong>permanent<\/strong> dans <strong>les grandes cultures<\/strong> par le biais de diverses rotations avec des cultures d&rsquo;hiver et de printemps (<a href=\"https:\/\/www.dalea.blog\/\" target=\"_blank\" rel=\"noreferrer noopener\">DaLeA<\/a>).<\/p>\n\n\n\n<div style=\"height:21px\" aria-hidden=\"true\" class=\"wp-block-spacer\"><\/div>\n\n\n\n<p class=\"has-larger-font-size\"><strong>Liens sur la couverture du sol :<\/strong><\/p>\n\n\n\n<ul class=\"wp-block-list\">\n<li class=\"has-normal-font-size\">La <a href=\"https:\/\/themes.agripedia.ch\/fr\/couverture-appropriee-du-sol-dans-les-grandes-cultures\/\" target=\"_blank\" rel=\"noreferrer noopener\">couverture appropri\u00e9e<\/a> du sol dans les grandes cultures<\/li>\n\n\n\n<li class=\"has-normal-font-size\"><a href=\"https:\/\/themes.agripedia.ch\/zwischenkulturen-und-gruenduengungen\/#:~:text=4%20Mulchschicht,Wasserregulierungsf%C3%A4higkeit%20des%20Bodens%20positiv%20beeinflussen.\" target=\"_blank\" rel=\"noreferrer noopener\"><a href=\"https:\/\/themes.agripedia.ch\/zwischenkulturen-und-gruenduengungen\/#:~:text=4%20Mulchschicht,Wasserregulierungsf%C3%A4higkeit%20des%20Bodens%20positiv%20beeinflussen.\" target=\"_blank\" rel=\"noreferrer noopener\">Zwischenkulturen und Gr\u00fcnd\u00fcngungen<\/a><\/a><\/li>\n\n\n\n<li class=\"has-normal-font-size\"><a href=\"https:\/\/www.lid.ch\/artikel\/gruenduengung-die-pflanzen-die-niemand-erntet-und-doch-alle-ernaehren?utm_medium=email&amp;utm_source=mailXpert&amp;utm_campaign=Mediendienst&amp;utm_content=LID-Mediendienst%3A%20Kaffeeverarbeitung%20und%20-konsum%20in%20der%20Schweiz\" target=\"_blank\" rel=\"noreferrer noopener\">Gr\u00fcnd\u00fcngung: Die Pflanzen, die niemand erntet \u2013 und doch alle ern\u00e4hren<\/a> (LID)<\/li>\n\n\n\n<li class=\"has-normal-font-size\"><a href=\"https:\/\/themes.agripedia.ch\/agronomische-massnahmen\/\" target=\"_blank\" rel=\"noreferrer noopener\"><a href=\"https:\/\/themes.agripedia.ch\/agronomische-massnahmen\/\" target=\"_blank\" rel=\"noreferrer noopener\">Untersaaten, Einsaaten und Saum auf Ackerland<\/a><\/a><\/li>\n\n\n\n<li class=\"has-normal-font-size\"><a href=\"https:\/\/www.youtube.com\/watch?v=Ra8xkwdRjgU\" target=\"_blank\" rel=\"noreferrer noopener\">Untersaaten im Getreide<\/a> &#8211; ein Schl\u00fcssel um klimaresilienten Ackerbau (Vid\u00e9o, FiBL)<\/li>\n\n\n\n<li class=\"has-normal-font-size\">Cours sur <a href=\"https:\/\/www.agirinfo.com\/actualites\/les-articles-agir\/tx_news\/nos-cultures-ont-besoin-deau-pas-forcement-dirrigation\/?L=0&amp;cHash=41682875c4c78895f5b7360c0d5d55e4#:~:text=La%20p%C3%A9dologue%20Nathalie%20Dakhel%20Robert%20(au%20centre),la%20circulation%20de%20l%27eau%20%E2%80%93%20photo%20EA.\" target=\"_blank\" rel=\"noreferrer noopener\">la couverture du sol<\/a><a href=\"https:\/\/www.lid.ch\/artikel\/unsere-kulturen-brauchen-wasser-nicht-unbedingt-bewaesserung\" target=\"_blank\" rel=\"noreferrer noopener\"> <\/a>et le cycle de l&rsquo;eau \u00e0 Bavois VD (janvier 2025, AGIR)<\/li>\n\n\n\n<li class=\"has-normal-font-size\"><a href=\"https:\/\/forschung.boku.ac.at\/de\/projects\/13156\" target=\"_blank\" rel=\"noreferrer noopener\">Projekt <\/a>Wassersparender Bio-Ackerbau in Ober\u00f6sterreich: <a href=\"https:\/\/www.zukunftsraumland.at\/medien\/podcasts\/\" target=\"_blank\" rel=\"noreferrer noopener\">Podcast Nr. 5<\/a><\/li>\n\n\n\n<li class=\"has-normal-font-size\">Projekt <a href=\"https:\/\/www.optero-kartoffel.at\/versuchsvarianten\/\" target=\"_blank\" rel=\"noreferrer noopener\">Optero<\/a>: <strong>Opt<\/strong>imierung des&nbsp;<strong>Ero<\/strong>sionsschutzes im Kartoffelbau, <a href=\"https:\/\/www.zukunftsraumland.at\/medien\/podcasts\/\" target=\"_blank\" rel=\"noreferrer noopener\">Podcast Nr. 4<\/a><\/li>\n\n\n\n<li class=\"has-normal-font-size\"><a href=\"https:\/\/so.ch\/verwaltung\/volkswirtschaftsdepartement\/amt-fuer-landwirtschaft\/direktzahlungen-und-foerderprogramme\/ressourcenprogramm\/ressourcenprojekt-staffelkulturen\/\" target=\"_blank\" rel=\"noreferrer noopener\">Projekt Staffelkulturen<\/a>, canton de Soleure, avec vid\u00e9o explicative<\/li>\n\n\n\n<li class=\"has-normal-font-size\">Le Swiss No-Till.<a href=\"https:\/\/no-till.ch\/fr\/couverture-du-sol\/\" target=\"_blank\" rel=\"noreferrer noopener\"> Couverture du sol<\/a>.<\/li>\n<\/ul>\n\n\n\n<p><\/p>\n","protected":false},"excerpt":{"rendered":"<p>Effet de la couverture du sol La couverture de la surface agricole est tr\u00e8s importante, d&rsquo;une part pour \u00e9viter l&rsquo;\u00e9rosion et, d&rsquo;autre part, pour maintenir la temp\u00e9rature du sol \u00e0 un niveau suffisamment bas pour prot\u00e9ger la vie du sol et minimiser les pertes par \u00e9vaporation. La croissance des plantes est r\u00e9duite \u00e0 partir d&rsquo;une [&hellip;]<\/p>\n","protected":false},"author":234,"featured_media":0,"parent":0,"menu_order":0,"comment_status":"closed","ping_status":"closed","template":"","meta":{"_sb_is_suggestion_mode":false,"_sb_show_suggestion_boards":false,"_sb_show_comment_boards":false,"_sb_suggestion_history":"","_sb_update_block_changes":"","om_disable_all_campaigns":false,"advgb_blocks_editor_width":"","advgb_blocks_columns_visual_guide":"","_monsterinsights_skip_tracking":false,"_monsterinsights_sitenote_active":false,"_monsterinsights_sitenote_note":"","_monsterinsights_sitenote_category":0,"footnotes":""},"class_list":["post-63317","page","type-page","status-publish","hentry"],"coauthors":[{"link":"https:\/\/agripedia.ch\/forum-wasser-landwirtschaft\/fr\/author\/dal0\/","display_name":"dal0"}],"author_meta":{"author_link":"https:\/\/agripedia.ch\/forum-wasser-landwirtschaft\/fr\/author\/dal0\/","display_name":"dal0"},"relative_dates":{"created":"Publi\u00e9 2 mois il y a","modified":"Mis \u00e0 jour 1 semaine il y a"},"absolute_dates":{"created":"Publi\u00e9 le 16 f\u00e9vrier 2026","modified":"Mise \u00e0 jour le 2 avril 2026"},"absolute_dates_time":{"created":"Publi\u00e9 le 16 f\u00e9vrier 2026 12h14","modified":"Mise \u00e0 jour le 2 avril 2026 15h00"},"featured_img_caption":"","featured_img":false,"series_order":"","_links":{"self":[{"href":"https:\/\/agripedia.ch\/forum-wasser-landwirtschaft\/fr\/wp-json\/wp\/v2\/pages\/63317","targetHints":{"allow":["GET"]}}],"collection":[{"href":"https:\/\/agripedia.ch\/forum-wasser-landwirtschaft\/fr\/wp-json\/wp\/v2\/pages"}],"about":[{"href":"https:\/\/agripedia.ch\/forum-wasser-landwirtschaft\/fr\/wp-json\/wp\/v2\/types\/page"}],"author":[{"embeddable":true,"href":"https:\/\/agripedia.ch\/forum-wasser-landwirtschaft\/fr\/wp-json\/wp\/v2\/users\/234"}],"replies":[{"embeddable":true,"href":"https:\/\/agripedia.ch\/forum-wasser-landwirtschaft\/fr\/wp-json\/wp\/v2\/comments?post=63317"}],"version-history":[{"count":20,"href":"https:\/\/agripedia.ch\/forum-wasser-landwirtschaft\/fr\/wp-json\/wp\/v2\/pages\/63317\/revisions"}],"predecessor-version":[{"id":64218,"href":"https:\/\/agripedia.ch\/forum-wasser-landwirtschaft\/fr\/wp-json\/wp\/v2\/pages\/63317\/revisions\/64218"}],"wp:attachment":[{"href":"https:\/\/agripedia.ch\/forum-wasser-landwirtschaft\/fr\/wp-json\/wp\/v2\/media?parent=63317"}],"curies":[{"name":"wp","href":"https:\/\/api.w.org\/{rel}","templated":true}]}}