{"id":63311,"date":"2026-02-16T12:12:06","date_gmt":"2026-02-16T11:12:06","guid":{"rendered":"https:\/\/agripedia.ch\/forum-wasser-landwirtschaft\/contact\/"},"modified":"2026-03-30T15:39:02","modified_gmt":"2026-03-30T13:39:02","slug":"contact","status":"publish","type":"page","link":"https:\/\/agripedia.ch\/forum-wasser-landwirtschaft\/fr\/contact\/","title":{"rendered":"Contact"},"content":{"rendered":"\n<p class=\"has-normal-font-size\">AGRIDEA d\u00e9veloppe la plateforme de connaissances en continue.<\/p>\n\n\n\n<p class=\"has-normal-font-size\">Si vous <strong>avez des questions concernant la plateforme de connaissances<\/strong>, utilisez ce formulaire :<\/p>\n\n\n\n<p><\/p>\n\n\n\n<div class=\"wp-block-advgb-contact-form advgb-contact-form\"><form method=\"POST\"><div class=\"advgb-form-field advgb-form-field-half\"><input type=\"text\" class=\"advgb-form-input advgb-form-input-name\" placeholder=\"Nom\" name=\"contact_name\" style=\"background-color:#FFFFFF;color:#141414;border-color:#0090C5;border-style:solid;border-radius:0\"><\/div><div class=\"advgb-form-field advgb-form-field-half\"><input type=\"email\" class=\"advgb-form-input advgb-form-input-email\" placeholder=\"Adresse \u00e9lectronique\" name=\"contact_email\" style=\"background-color:#FFFFFF;color:#141414;border-color:#0090C5;border-style:solid;border-radius:0\"><\/div><div class=\"advgb-form-field advgb-form-field-full\"><textarea class=\"advgb-form-input advgb-form-input-msg\" placeholder=\"Message\" name=\"contact_message\" style=\"background-color:#FFFFFF;color:#141414;border-color:#0090C5;border-style:solid;border-radius:0\"><\/textarea><\/div><div class=\"advgb-grecaptcha clearfix position-right\"><\/div><input type=\"hidden\" name=\"advgb_blockform_nonce_field\" value=\"a3c3149dd4\"><div class=\"advgb-form-submit-wrapper\" style=\"text-align:right\"><button class=\"advgb-form-submit\" type=\"submit\" data-success=\"Nachricht gesendet.\" data-alert=\"Bitte geben Sie eine g\u00fcltige Nachricht ein.\" style=\"background-color:#0090C5;border-radius:24px\">Soumettre<\/button><\/div><\/form><\/div>\n\n\n\n<div style=\"height:48px\" aria-hidden=\"true\" class=\"wp-block-spacer\"><\/div>\n\n\n\n<p class=\"has-normal-font-size\">Pour <strong>soumettre vos propres contributions, projets et \u00e9v\u00e9nements<\/strong>, veuillez utiliser les formulaires suivants et les envoyer \u00e0 <a href=\"mailto:danielle.albiker@agridea.ch\" target=\"_blank\" rel=\"noreferrer noopener\">Danielle Albiker<\/a>. En cas d&rsquo;utilisation d&rsquo;illustrations (image, graphique, tableau, diagramme, etc.), le <strong>formulaire<\/strong> correspondant doit \u00eatre soumis <strong>avec les informations compl\u00e9mentaires<\/strong> :<\/p>\n\n\n\n<div style=\"height:24px\" aria-hidden=\"true\" class=\"wp-block-spacer\"><\/div>\n\n\n\n<div class=\"wp-block-buttons is-layout-flex wp-block-buttons-is-layout-flex\"><\/div>\n\n\n\n<div class=\"wp-block-buttons is-layout-flex wp-block-buttons-is-layout-flex\"><\/div>\n\n\n\n<div class=\"wp-block-buttons is-layout-flex wp-block-buttons-is-layout-flex\"><\/div>\n\n\n\n<div class=\"wp-block-advgb-adv-tabs advgb-tabs-wrapper advgb-tab-horz-desktop advgb-tab-vert-tablet advgb-tab-stack-mobile advgb-tabs-541ad579-c04e-4991-abca-7c4d9fa146cf\" data-tab-active=\"0\"><ul class=\"advgb-tabs-panel\"><li class=\"advgb-tab\" style=\"background-color:#0090C5;border-style:solid;border-width:1px;border-radius:10px\"><a id=\"\" href=\"#advgb-tabs-tab0\" style=\"color:#fff\"><span>Contributions \/ Contenu<\/span><\/a><\/li><li class=\"advgb-tab\" style=\"background-color:#0090C5;border-style:solid;border-width:1px;border-radius:10px\"><a id=\"\" href=\"#advgb-tabs-tab1\" style=\"color:#fff\"><span>Projets en cours<\/span><\/a><\/li><li class=\"advgb-tab\" style=\"background-color:#0090C5;border-style:solid;border-width:1px;border-radius:10px\"><a id=\"\" href=\"#advgb-tabs-tab2\" style=\"color:#fff\"><span>\u00c9v\u00e9nements<\/span><\/a><\/li><li class=\"advgb-tab\" style=\"background-color:#0090C5;border-style:solid;border-width:1px;border-radius:10px\"><a id=\"\" href=\"#advgb-tabs-tab3\" style=\"color:#fff\"><span>Informations compl\u00e9mentaires<\/span><\/a><\/li><\/ul><div class=\"advgb-tab-body-wrapper\" style=\"border-style:solid;border-width:1px;border-radius:10px\">\n<div class=\"wp-block-advgb-tab advgb-tab-body-container\"><div class=\"advgb-tab-body-header advgb-tab-class-\">Contributions \/ Contenu<\/div><div class=\"advgb-tab-_9957c1-cb advgb-tab-body\" aria-labelledby=\"advgb-tabs-tab0\">\n<p><a href=\"https:\/\/agripedia.ch\/forum-wasser-landwirtschaft\/wp-content\/uploads\/sites\/64\/2026\/03\/F-ERFASSUNGSFORMULAR-INHALTE.docx\" target=\"_blank\" rel=\"noreferrer noopener\">Formulaire de contact : contributions \/ contenu<\/a><\/p>\n<\/div><\/div>\n\n\n\n<div class=\"wp-block-advgb-tab advgb-tab-body-container\"><div class=\"advgb-tab-body-header advgb-tab-class-\">Projets en cours<\/div><div class=\"advgb-tab-_b2d2af-1d advgb-tab-body\" aria-labelledby=\"advgb-tabs-tab1\">\n<p><a href=\"https:\/\/agripedia.ch\/forum-wasser-landwirtschaft\/wp-content\/uploads\/sites\/64\/2026\/03\/F-ERFASSUNGSFORMULAR-PROJEKTE-1.docx\" target=\"_blank\" rel=\"noreferrer noopener\">Formulaire : projets en cours<\/a><\/p>\n<\/div><\/div>\n\n\n\n<div class=\"wp-block-advgb-tab advgb-tab-body-container\"><div class=\"advgb-tab-body-header advgb-tab-class-\">\u00c9v\u00e9nements<\/div><div class=\"advgb-tab-_c86812-d1 advgb-tab-body\" aria-labelledby=\"advgb-tabs-tab2\">\n<p><a href=\"https:\/\/agripedia.ch\/forum-wasser-landwirtschaft\/wp-content\/uploads\/sites\/64\/2026\/03\/F-ERFASSUNGSFORMULAR-VERANSTALTUNGEN-1.docx\" target=\"_blank\" rel=\"noreferrer noopener\">Formulaire : \u00e9v\u00e9nements<\/a><\/p>\n<\/div><\/div>\n\n\n\n<div class=\"wp-block-advgb-tab advgb-tab-body-container\"><div class=\"advgb-tab-body-header advgb-tab-class-\">Tab Header<\/div><div class=\"advgb-tab-_659b24-98 advgb-tab-body\" aria-labelledby=\"advgb-tabs-tab3\">\n<p><a href=\"https:\/\/agripedia.ch\/forum-wasser-landwirtschaft\/wp-content\/uploads\/sites\/64\/2026\/03\/F-ZUSATZINFORMATIONEN-ZU-ABBILDUNGEN.docx\" target=\"_blank\" rel=\"noreferrer noopener\">Formulaire : Informations compl\u00e9mentaires sur les illustrations<\/a><\/p>\n<\/div><\/div>\n<\/div><\/div>\n\n\n\n<div style=\"height:40px\" aria-hidden=\"true\" class=\"wp-block-spacer\"><\/div>\n\n\n\n<p class=\"has-normal-font-size\"><strong>Avertissement :<\/strong> nous nous effor\u00e7ons au mieux de pr\u00e9senter un contenu pertinent et fond\u00e9. Nous acceptons volontiers les critiques constructives sur les sujets abord\u00e9s. Si vous avez des questions sur le contenu de certains articles, adressez-vous directement \u00e0 leurs auteurs.  <\/p>\n\n\n\n<div style=\"height:24px\" aria-hidden=\"true\" class=\"wp-block-spacer\"><\/div>\n\n\n\n<p class=\"has-normal-font-size\">Nous acceptons volontiers les suggestions de contenus et de liens de tiers via le <strong>formulaire de contact <\/strong>.<\/p>\n\n\n\n<div style=\"height:24px\" aria-hidden=\"true\" class=\"wp-block-spacer\"><\/div>\n\n\n\n<h4 class=\"wp-block-heading\">Formulaire de contact<\/h4>\n\n\n<style id=\"wpforms-css-vars-63878\">\n\t\t\t\t#wpforms-63878 {\n\t\t\t\t--wpforms-container-padding: 0px;\n--wpforms-container-border-width: 1px;\n--wpforms-container-border-radius: 3px;\n--wpforms-background-color: rgba(0, 0, 0, 0);\n--wpforms-field-size-input-height: 43px;\n--wpforms-field-size-input-spacing: 15px;\n--wpforms-field-size-font-size: 16px;\n--wpforms-field-size-line-height: 19px;\n--wpforms-field-size-padding-h: 14px;\n--wpforms-field-size-checkbox-size: 16px;\n--wpforms-field-size-sublabel-spacing: 5px;\n--wpforms-field-size-icon-size: 1;\n--wpforms-label-size-font-size: 16px;\n--wpforms-label-size-line-height: 19px;\n--wpforms-label-size-sublabel-font-size: 14px;\n--wpforms-label-size-sublabel-line-height: 17px;\n--wpforms-button-size-font-size: 17px;\n--wpforms-button-size-height: 41px;\n--wpforms-button-size-padding-h: 15px;\n--wpforms-button-size-margin-top: 10px;\n--wpforms-container-shadow-size-box-shadow: none;\n\t\t\t}\n\t\t\t<\/style><div class=\"wpforms-container wpforms-container-full wpforms-render-modern\" id=\"wpforms-63878\"><form id=\"wpforms-form-63878\" class=\"wpforms-validate wpforms-form wpforms-ajax-form\" data-formid=\"63878\" method=\"post\" enctype=\"multipart\/form-data\" action=\"\/forum-wasser-landwirtschaft\/fr\/wp-json\/wp\/v2\/pages\/63311\" data-token=\"4c4d2363729d6319d494cbb047a82f08\" data-token-time=\"1775963110\"><noscript class=\"wpforms-error-noscript\">Veuillez activer JavaScript dans votre navigateur pour remplir ce formulaire.<\/noscript><div id=\"wpforms-error-noscript\" style=\"display: none;\">Veuillez activer JavaScript dans votre navigateur pour remplir ce formulaire.<\/div><div class=\"wpforms-field-container\"><div id=\"wpforms-63878-field_1-container\" class=\"wpforms-field wpforms-field-name\" data-field-id=\"1\"><fieldset><legend class=\"wpforms-field-label\">Nom <span class=\"wpforms-required-label\" aria-hidden=\"true\">*<\/span><\/legend><div class=\"wpforms-field-row wpforms-field-medium\"><div class=\"wpforms-field-row-block wpforms-first wpforms-one-half\"><input type=\"text\" id=\"wpforms-63878-field_1\" class=\"wpforms-field-name-first wpforms-field-required\" name=\"wpforms[fields][1][first]\" aria-errormessage=\"wpforms-63878-field_1-error\" required><label for=\"wpforms-63878-field_1\" class=\"wpforms-field-sublabel after\">Pr\u00e9nom<\/label><\/div><div class=\"wpforms-field-row-block wpforms-one-half\"><input type=\"text\" id=\"wpforms-63878-field_1-last\" class=\"wpforms-field-name-last wpforms-field-required\" name=\"wpforms[fields][1][last]\" aria-errormessage=\"wpforms-63878-field_1-last-error\" required><label for=\"wpforms-63878-field_1-last\" class=\"wpforms-field-sublabel after\">Nom<\/label><\/div><\/div><\/fieldset><\/div><div id=\"wpforms-63878-field_8-container\" class=\"wpforms-field wpforms-field-email\" data-field-id=\"8\"><label class=\"wpforms-field-label\" for=\"wpforms-63878-field_8\">Email <span class=\"wpforms-required-label\" aria-hidden=\"true\">*<\/span><\/label><input type=\"email\" id=\"wpforms-63878-field_8\" class=\"wpforms-field-medium wpforms-field-required\" name=\"wpforms[fields][8]\" spellcheck=\"false\" aria-errormessage=\"wpforms-63878-field_8-error\" required><\/div><div id=\"wpforms-63878-field_9-container\" class=\"wpforms-field wpforms-field-text\" data-field-id=\"9\"><label class=\"wpforms-field-label\" for=\"wpforms-63878-field_9\">Titre du contenu<\/label><input type=\"text\" id=\"wpforms-63878-field_9\" class=\"wpforms-field-medium\" name=\"wpforms[fields][9]\" aria-errormessage=\"wpforms-63878-field_9-error\" ><\/div><div id=\"wpforms-63878-field_4-container\" class=\"wpforms-field wpforms-field-radio\" data-field-id=\"4\"><fieldset><legend class=\"wpforms-field-label\">Quel type de contenu proposez-vous ?<\/legend><ul id=\"wpforms-63878-field_4\"><li class=\"choice-4 depth-1\"><input type=\"radio\" id=\"wpforms-63878-field_4_4\" name=\"wpforms[fields][4]\" value=\"Articles\" aria-errormessage=\"wpforms-63878-field_4_4-error\"  ><label class=\"wpforms-field-label-inline\" for=\"wpforms-63878-field_4_4\">Articles<\/label><\/li><li class=\"choice-1 depth-1\"><input type=\"radio\" id=\"wpforms-63878-field_4_1\" name=\"wpforms[fields][4]\" value=\"Projets\" aria-errormessage=\"wpforms-63878-field_4_1-error\"  ><label class=\"wpforms-field-label-inline\" for=\"wpforms-63878-field_4_1\">Projets<\/label><\/li><li class=\"choice-2 depth-1\"><input type=\"radio\" id=\"wpforms-63878-field_4_2\" name=\"wpforms[fields][4]\" value=\"Ev\u00e9nements\" aria-errormessage=\"wpforms-63878-field_4_2-error\"  ><label class=\"wpforms-field-label-inline\" for=\"wpforms-63878-field_4_2\">Ev\u00e9nements<\/label><\/li><li class=\"choice-3 depth-1\"><input type=\"radio\" id=\"wpforms-63878-field_4_3\" name=\"wpforms[fields][4]\" value=\"Vid\u00e9os, webinaire et podcasts\" aria-errormessage=\"wpforms-63878-field_4_3-error\"  ><label class=\"wpforms-field-label-inline\" for=\"wpforms-63878-field_4_3\">Vid\u00e9os, webinaire et podcasts<\/label><\/li><\/ul><\/fieldset><\/div><div id=\"wpforms-63878-field_6-container\" class=\"wpforms-field wpforms-field-select wpforms-field-select-style-classic\" data-field-id=\"6\"><label class=\"wpforms-field-label\" for=\"wpforms-63878-field_6\">Quel est le th\u00e8me de votre contenu ? <span class=\"wpforms-required-label\" aria-hidden=\"true\">*<\/span><\/label><select id=\"wpforms-63878-field_6\" class=\"wpforms-field-medium wpforms-field-required\" name=\"wpforms[fields][6]\" required=\"required\"><option value=\"irrigation\"  class=\"choice-4 depth-1\"  >irrigation<\/option><option value=\"r\u00e9tention de l&#039;eau\"  class=\"choice-1 depth-1\"  >r\u00e9tention de l'eau<\/option><option value=\"zone d&#039;estivage\"  class=\"choice-2 depth-1\"  >zone d'estivage<\/option><option value=\"s\u00e9lection v\u00e9g\u00e9tale\"  class=\"choice-3 depth-1\"  >s\u00e9lection v\u00e9g\u00e9tale<\/option><option value=\"cycle de l&#039;eau\"  class=\"choice-5 depth-1\"  >cycle de l'eau<\/option><\/select><\/div>\t\t<div id=\"wpforms-63878-field_2-container\"\n\t\t\tclass=\"wpforms-field wpforms-field-text\"\n\t\t\tdata-field-type=\"text\"\n\t\t\tdata-field-id=\"2\"\n\t\t\t>\n\t\t\t<label class=\"wpforms-field-label\" for=\"wpforms-63878-field_2\" >type Quel votre<\/label>\n\t\t\t<input type=\"text\" id=\"wpforms-63878-field_2\" class=\"wpforms-field-medium\" name=\"wpforms[fields][2]\" >\n\t\t<\/div>\n\t\t<div id=\"wpforms-63878-field_7-container\" class=\"wpforms-field wpforms-field-textarea\" data-field-id=\"7\"><label class=\"wpforms-field-label\" for=\"wpforms-63878-field_7\">Br\u00e8ve description<\/label><textarea id=\"wpforms-63878-field_7\" class=\"wpforms-field-medium\" name=\"wpforms[fields][7]\" aria-errormessage=\"wpforms-63878-field_7-error\" ><\/textarea><\/div><script>\n\t\t\t\t( function() {\n\t\t\t\t\tconst style = document.createElement( 'style' );\n\t\t\t\t\tstyle.appendChild( document.createTextNode( '#wpforms-63878-field_2-container { position: absolute !important; overflow: hidden !important; display: inline !important; height: 1px !important; width: 1px !important; z-index: -1000 !important; padding: 0 !important; } #wpforms-63878-field_2-container input { visibility: hidden; } #wpforms-conversational-form-page #wpforms-63878-field_2-container label { counter-increment: none; }' ) );\n\t\t\t\t\tdocument.head.appendChild( style );\n\t\t\t\t\tdocument.currentScript?.remove();\n\t\t\t\t} )();\n\t\t\t<\/script><\/div><!-- .wpforms-field-container --><div class=\"wpforms-submit-container\" ><input type=\"hidden\" name=\"wpforms[id]\" value=\"63878\"><input type=\"hidden\" name=\"page_title\" value=\"\"><input type=\"hidden\" name=\"page_url\" value=\"https:\/\/agripedia.ch\/forum-wasser-landwirtschaft\/fr\/wp-json\/wp\/v2\/pages\/63311\"><input type=\"hidden\" name=\"url_referer\" value=\"\"><button type=\"submit\" name=\"wpforms[submit]\" id=\"wpforms-submit-63878\" class=\"wpforms-submit\" data-alt-text=\"Sending...\" data-submit-text=\"Soumettre\" aria-live=\"assertive\" value=\"wpforms-submit\">Soumettre<\/button><img loading=\"lazy\" decoding=\"async\" src=\"https:\/\/agripedia.ch\/forum-wasser-landwirtschaft\/wp-content\/plugins\/wpforms-lite\/assets\/images\/submit-spin.svg\" class=\"wpforms-submit-spinner\" style=\"display: none;\" width=\"26\" height=\"26\" alt=\"Chargement en cours\"><\/div><\/form><\/div>  <!-- .wpforms-container -->\n<style class=\"advgb-styles-renderer\">.advgb-tabs-541ad579-c04e-4991-abca-7c4d9fa146cf ul.advgb-tabs-panel li.advgb-tab.advgb-tab-active {background-color:#5954d6 !important;color:#fff !important;}#advgb-tabs-541ad579-c04e-4991-abca-7c4d9fa146cf .advgb-tab-body-header.header-active, .advgb-tabs-541ad579-c04e-4991-abca-7c4d9fa146cf .advgb-tab-body-header.header-active{background-color:#5954d6 !important;color:#fff !important;}<\/style>","protected":false},"excerpt":{"rendered":"<p>AGRIDEA d\u00e9veloppe la plateforme de connaissances en continue. Si vous avez des questions concernant la plateforme de connaissances, utilisez ce formulaire : Pour soumettre vos propres contributions, projets et \u00e9v\u00e9nements, veuillez utiliser les formulaires suivants et les envoyer \u00e0 Danielle Albiker. En cas d&rsquo;utilisation d&rsquo;illustrations (image, graphique, tableau, diagramme, etc.), le formulaire correspondant doit \u00eatre [&hellip;]<\/p>\n","protected":false},"author":927,"featured_media":0,"parent":0,"menu_order":0,"comment_status":"closed","ping_status":"closed","template":"","meta":{"_sb_is_suggestion_mode":false,"_sb_show_suggestion_boards":false,"_sb_show_comment_boards":false,"_sb_suggestion_history":"","_sb_update_block_changes":"","om_disable_all_campaigns":false,"advgb_blocks_editor_width":"","advgb_blocks_columns_visual_guide":"","_monsterinsights_skip_tracking":false,"_monsterinsights_sitenote_active":false,"_monsterinsights_sitenote_note":"","_monsterinsights_sitenote_category":0,"footnotes":""},"class_list":["post-63311","page","type-page","status-publish","hentry"],"coauthors":[{"link":"https:\/\/agripedia.ch\/forum-wasser-landwirtschaft\/fr\/author\/sar2\/","display_name":"sar2"}],"author_meta":{"author_link":"https:\/\/agripedia.ch\/forum-wasser-landwirtschaft\/fr\/author\/sar2\/","display_name":"sar2"},"relative_dates":{"created":"Publi\u00e9 2 mois il y a","modified":"Mis \u00e0 jour 2 semaines il y a"},"absolute_dates":{"created":"Publi\u00e9 le 16 f\u00e9vrier 2026","modified":"Mise \u00e0 jour le 30 mars 2026"},"absolute_dates_time":{"created":"Publi\u00e9 le 16 f\u00e9vrier 2026 12h12","modified":"Mise \u00e0 jour le 30 mars 2026 15h39"},"featured_img_caption":"","featured_img":false,"series_order":"","_links":{"self":[{"href":"https:\/\/agripedia.ch\/forum-wasser-landwirtschaft\/fr\/wp-json\/wp\/v2\/pages\/63311","targetHints":{"allow":["GET"]}}],"collection":[{"href":"https:\/\/agripedia.ch\/forum-wasser-landwirtschaft\/fr\/wp-json\/wp\/v2\/pages"}],"about":[{"href":"https:\/\/agripedia.ch\/forum-wasser-landwirtschaft\/fr\/wp-json\/wp\/v2\/types\/page"}],"author":[{"embeddable":true,"href":"https:\/\/agripedia.ch\/forum-wasser-landwirtschaft\/fr\/wp-json\/wp\/v2\/users\/927"}],"replies":[{"embeddable":true,"href":"https:\/\/agripedia.ch\/forum-wasser-landwirtschaft\/fr\/wp-json\/wp\/v2\/comments?post=63311"}],"version-history":[{"count":24,"href":"https:\/\/agripedia.ch\/forum-wasser-landwirtschaft\/fr\/wp-json\/wp\/v2\/pages\/63311\/revisions"}],"predecessor-version":[{"id":64137,"href":"https:\/\/agripedia.ch\/forum-wasser-landwirtschaft\/fr\/wp-json\/wp\/v2\/pages\/63311\/revisions\/64137"}],"wp:attachment":[{"href":"https:\/\/agripedia.ch\/forum-wasser-landwirtschaft\/fr\/wp-json\/wp\/v2\/media?parent=63311"}],"curies":[{"name":"wp","href":"https:\/\/api.w.org\/{rel}","templated":true}]}}