{"id":63308,"date":"2026-02-16T11:56:02","date_gmt":"2026-02-16T10:56:02","guid":{"rendered":"https:\/\/agripedia.ch\/forum-wasser-landwirtschaft\/fondements-politiques\/"},"modified":"2026-04-02T15:01:02","modified_gmt":"2026-04-02T13:01:02","slug":"fondements-politiques","status":"publish","type":"page","link":"https:\/\/agripedia.ch\/forum-wasser-landwirtschaft\/fr\/fondements-politiques\/","title":{"rendered":"Contexte politique"},"content":{"rendered":"\n<p class=\"has-normal-font-size\">Informez-vous sur le cadre actuel en mati\u00e8re de gestion de l&rsquo;eau.<\/p>\n\n\n\n<div class=\"wp-block-columns is-layout-flex wp-container-core-columns-is-layout-9d6595d7 wp-block-columns-is-layout-flex\">\n<div class=\"wp-block-column is-layout-flow wp-block-column-is-layout-flow\"><div class=\"agripedia-home-post agripedia-subpage-card\" data-type=\"subpage-card\">\n  <a class=\"agripedia-subpage-card__linkwrap\" href=\"https:\/\/agripedia.ch\/forum-wasser-landwirtschaft\/fr\/strategies-de-leau\/\" target=\"_blank\" rel=\"noopener noreferrer\">    <div class=\"agripedia-home-thumbnail\">\n              <img decoding=\"async\" src=\"https:\/\/agripedia.ch\/forum-wasser-landwirtschaft\/wp-content\/uploads\/sites\/64\/2025\/10\/20240306_155518-1-scaled.jpg\" alt=\"Strat\u00e9gie de l&#039;eau\" \/>\n          <\/div>\n  <\/a>\n  <div class=\"agripedia-home-post-content\">\n          <h2 class=\"agripedia-home-post-title\">\n                  <a href=\"https:\/\/agripedia.ch\/forum-wasser-landwirtschaft\/fr\/strategies-de-leau\/\" target=\"_blank\" rel=\"noopener noreferrer\">\n        \n          Strat\u00e9gie de l&rsquo;eau\n                  <\/a>\n              <\/h2>\n    \n          <p class=\"agripedia-home-post-excerpt\">La gestion de l&rsquo;eau rel\u00e8ve de la responsabilit\u00e9 des cantons. Ceux-ci peuvent \u00e9galement la d\u00e9l\u00e9guer aux communes. Plusieurs cantons ont \u00e9labor\u00e9 des strat\u00e9gies dans le domaine de l&rsquo;eau. Image : AGRIDEA<\/p>\n      <\/div>\n<\/div>\n<\/div>\n\n\n\n<div class=\"wp-block-column is-layout-flow wp-block-column-is-layout-flow\"><div class=\"agripedia-home-post agripedia-subpage-card\" data-type=\"subpage-card\">\n      <div class=\"agripedia-home-thumbnail\">\n              <img decoding=\"async\" src=\"https:\/\/agripedia.ch\/forum-wasser-landwirtschaft\/wp-content\/uploads\/sites\/64\/2025\/10\/20241127_114039-scaled.jpg\" alt=\"Concept d&#039;utilisation de l&#039;eau\" \/>\n          <\/div>\n  \n  <div class=\"agripedia-home-post-content\">\n          <h2 class=\"agripedia-home-post-title\">\n        \n          Concept d&rsquo;utilisation de l&rsquo;eau\n              <\/h2>\n    \n          <p class=\"agripedia-home-post-excerpt\">L&rsquo;OFAG \u00e9labore actuellement un concept d&rsquo;utilisation de l&rsquo;eau. Ce concept aborde des th\u00e8mes tels que les besoins en eau et la disponibilit\u00e9 de l&rsquo;eau, et pr\u00e9voit l&rsquo;\u00e9laboration de guides sur diff\u00e9rents th\u00e8mes li\u00e9s \u00e0 l&rsquo;eau et \u00e0 l&rsquo;agriculture. Image : AGRIDEA<\/p>\n      <\/div>\n<\/div>\n<\/div>\n\n\n\n<div class=\"wp-block-column is-layout-flow wp-block-column-is-layout-flow\"><div class=\"agripedia-home-post agripedia-subpage-card\" data-type=\"subpage-card\">\n  <a class=\"agripedia-subpage-card__linkwrap\" href=\"https:\/\/agripedia.ch\/forum-wasser-landwirtschaft\/fr\/tendances-climatiques\/\" target=\"_blank\" rel=\"noopener noreferrer\">    <div class=\"agripedia-home-thumbnail\">\n              <img decoding=\"async\" src=\"https:\/\/agripedia.ch\/forum-wasser-landwirtschaft\/wp-content\/uploads\/sites\/64\/2025\/10\/2013_salat-im-regen_lid-scaled.jpg\" alt=\"Tendances climatiques\" \/>\n          <\/div>\n  <\/a>\n  <div class=\"agripedia-home-post-content\">\n          <h2 class=\"agripedia-home-post-title\">\n                  <a href=\"https:\/\/agripedia.ch\/forum-wasser-landwirtschaft\/fr\/tendances-climatiques\/\" target=\"_blank\" rel=\"noopener noreferrer\">\n        \n          Tendances climatiques\n                  <\/a>\n              <\/h2>\n    \n          <p class=\"agripedia-home-post-excerpt\">\u00c0 l&rsquo;avenir, l&rsquo;eau se rar\u00e9fiera, les p\u00e9riodes de chaleur seront plus longues et les pr\u00e9cipitations plus fortes. Les tendances de M\u00e9t\u00e9oSuisse indiquent o\u00f9 et dans quelle mesure exactement. Cela permet de prendre des mesures \u00e0 temps pour pr\u00e9venir des dommages importants. Image : LID<\/p>\n      <\/div>\n<\/div>\n<\/div>\n<\/div>\n\n\n\n<div style=\"height:21px\" aria-hidden=\"true\" class=\"wp-block-spacer\"><\/div>\n\n\n\n<p class=\"has-normal-font-size\"><strong>Informations<\/strong><\/p>\n\n\n\n<p class=\"has-normal-font-size\"><strong>Fran\u00e7ais<\/strong><\/p>\n\n\n\n<p class=\"has-normal-font-size\">Autorit\u00e9s de la Conf\u00e9d\u00e9ration suisse, 2026. <a href=\"https:\/\/www.trockenheit.admin.ch\/fr\" target=\"_blank\" rel=\"noreferrer noopener\">Plateforme nationale sur la s\u00e9cheresse<\/a>.<\/p>\n\n\n\n<p class=\"has-normal-font-size\"><strong><mdspan datatext=\"el1775053630987\" class=\"mdspan-comment\">Allemand<\/mdspan><\/strong><\/p>\n\n\n\n<p class=\"has-normal-font-size\">aqua viva, 2023. <a href=\"https:\/\/agripedia.ch\/forum-wasser-landwirtschaft\/wp-content\/uploads\/sites\/64\/2026\/02\/aqua-viva-2-2023-positionen.pdf\" target=\"_blank\" rel=\"noreferrer noopener\">Die Grundlage sch\u00fctzen<\/a>. Wasserextensive Landwirtschaft f\u00f6rdern. aqua viva 2\/2023.<\/p>\n\n\n\n<p class=\"has-normal-font-size\">Baumgartner T., Heinz M., Turek M. E., Erismann G., Kohling M., Aasen H.,&nbsp;Holzk\u00e4mper A., 2025. <a href=\"https:\/\/agripedia.ch\/forum-wasser-landwirtschaft\/wp-content\/uploads\/sites\/64\/2026\/01\/SwissirrigationInfo-2025.pdf\" target=\"_blank\" rel=\"noreferrer noopener\">SwissIrrigationInfo<\/a>. Modellbasierte Sch\u00e4tzungen des Wasserverbrauchs f\u00fcr Bew\u00e4sserung in der Schweiz. Studie im Auftrag des Bundesamtes f\u00fcr Umwelt BAFU \u2013 August 2025. Agroscope Science | Nr. 212 \/ 2025<\/p>\n\n\n\n<p class=\"has-normal-font-size\">Holzk\u00e4mper A., 2025. <a href=\"https:\/\/agripedia.ch\/forum-wasser-landwirtschaft\/wp-content\/uploads\/sites\/64\/2026\/01\/3-Holzkaemper_LM-Tagung2025.pdf\" target=\"_blank\" rel=\"noreferrer noopener\">Konkurrenz um Wasser &#8211; aktuelle und k\u00fcnftige Nutzungskonflikte<\/a>. Pr\u00e4sentation von Agroscope an der Tagung Landmanagement vom 23. Januar 2025.<\/p>\n\n\n\n<p class=\"has-normal-font-size\">Rosenbaum H., 2025. LID: <a href=\"https:\/\/www.lid.ch\/artikel\/artikelserie-hochwasser-und-landwirtschaft-teil-2-hochwasser-naturgefahrenrisiko-nummer-1-in-der-landwirtschaft\" target=\"_blank\" rel=\"noreferrer noopener\">Hochwasser: Naturgefahrenrisiko Nummer 1 in der Landwirtschaft<\/a>.<\/p>\n\n\n\n<p class=\"has-normal-font-size\">Zahner S. und Chaix O., 2023. <a href=\"https:\/\/agripedia.ch\/forum-wasser-landwirtschaft\/wp-content\/uploads\/sites\/64\/2026\/02\/aqua-viva-2-2023-artikel-samuel-zahner-olivier-chaix.pdf\" target=\"_blank\" rel=\"noreferrer noopener\">Wasserressourcenmanagement nach Schweizer Art: gestern &#8211; heute &#8211; morgen<\/a>. aqua viva 2\/2023.<\/p>\n\n\n\n<p class=\"has-normal-font-size\"><strong>Anglais<\/strong><\/p>\n\n\n\n<p class=\"has-normal-font-size\">Ellison D., Morris C.E., Locatelli B., Sheil D., Cohen J., Murdiyarso D., Gutierrez V., van Noordwijk M., Creed I.F., Pokorny J., Gaveau D., Spracklen D.V., Bargu\u00e9s Tobella A., Ilstedt U., Teuling A.J., Gebreyohannis Gebrehiwot S., Sands D.C., Muys B., Verbist B., Springgay E., Sugandi Y., Sullivan C.A., 2017. Trees, forests and water: Cool insights for a hot world. <a href=\"http:\/\/dx.doi.org\/10.1016\/j.gloenvcha.2017.01.002\" target=\"_blank\" rel=\"noreferrer noopener\">Research paper<\/a>. Global Environmental Change, Volume 43,&nbsp;M\u00e4rz 2017, Seiten 51-61. Keywords: For\u00eat, eau, climat, carbone, reboisement, att\u00e9nuation, adaptation, durabilit\u00e9. <a href=\"https:\/\/agripedia.ch\/forum-wasser-landwirtschaft\/wp-content\/uploads\/sites\/64\/2026\/01\/ARTIKE1.pdf\" target=\"_blank\" rel=\"noreferrer noopener\">Deutsche Zusammenfassung<\/a> hier.<\/p>\n\n\n\n<p class=\"has-normal-font-size\">SpongeScapes, 2024. <a href=\"https:\/\/agripedia.ch\/forum-wasser-landwirtschaft\/wp-content\/uploads\/sites\/64\/2026\/01\/SpongeScapes_Policy-Brief-No.-1_From-Drainage-to-Water-Retention.pdf\" target=\"_blank\" rel=\"noreferrer noopener\">From Drainage to Water Retention<\/a>. Advancing a Paradigm Shift Towards Sponge Landscapes for Enhanced Climate Resilience. Policy Brief, September 2024. Keywords: gestion des terres, terres spongieuses, sol, eau, parties prenantes.<\/p>\n\n\n\n<hr class=\"wp-block-separator has-alpha-channel-opacity\"\/>\n\n\n\n<p class=\"has-normal-font-size\">Nous acceptons volontiers vos contributions, remarques, compl\u00e9ments, suggestions et commentaires <a href=\"https:\/\/agripedia.ch\/forum-wasser-landwirtschaft\/fr\/contact\/\" target=\"_blank\" rel=\"noreferrer noopener\">ici<\/a>.<\/p>\n","protected":false},"excerpt":{"rendered":"<p>Informez-vous sur le cadre actuel en mati\u00e8re de gestion de l&rsquo;eau. Informations Fran\u00e7ais Autorit\u00e9s de la Conf\u00e9d\u00e9ration suisse, 2026. Plateforme nationale sur la s\u00e9cheresse. Allemand aqua viva, 2023. Die Grundlage sch\u00fctzen. Wasserextensive Landwirtschaft f\u00f6rdern. aqua viva 2\/2023. Baumgartner T., Heinz M., Turek M. E., Erismann G., Kohling M., Aasen H.,&nbsp;Holzk\u00e4mper A., 2025. SwissIrrigationInfo. Modellbasierte Sch\u00e4tzungen [&hellip;]<\/p>\n","protected":false},"author":234,"featured_media":0,"parent":0,"menu_order":0,"comment_status":"closed","ping_status":"closed","template":"","meta":{"_sb_is_suggestion_mode":false,"_sb_show_suggestion_boards":false,"_sb_show_comment_boards":false,"_sb_suggestion_history":"","_sb_update_block_changes":"","om_disable_all_campaigns":false,"advgb_blocks_editor_width":"","advgb_blocks_columns_visual_guide":"","_monsterinsights_skip_tracking":false,"_monsterinsights_sitenote_active":false,"_monsterinsights_sitenote_note":"","_monsterinsights_sitenote_category":0,"footnotes":""},"class_list":["post-63308","page","type-page","status-publish","hentry"],"coauthors":[{"link":"https:\/\/agripedia.ch\/forum-wasser-landwirtschaft\/fr\/author\/dal0\/","display_name":"dal0"}],"author_meta":{"author_link":"https:\/\/agripedia.ch\/forum-wasser-landwirtschaft\/fr\/author\/dal0\/","display_name":"dal0"},"relative_dates":{"created":"Publi\u00e9 2 mois il y a","modified":"Mis \u00e0 jour 1 semaine il y a"},"absolute_dates":{"created":"Publi\u00e9 le 16 f\u00e9vrier 2026","modified":"Mise \u00e0 jour le 2 avril 2026"},"absolute_dates_time":{"created":"Publi\u00e9 le 16 f\u00e9vrier 2026 11h56","modified":"Mise \u00e0 jour le 2 avril 2026 15h01"},"featured_img_caption":"","featured_img":false,"series_order":"","_links":{"self":[{"href":"https:\/\/agripedia.ch\/forum-wasser-landwirtschaft\/fr\/wp-json\/wp\/v2\/pages\/63308","targetHints":{"allow":["GET"]}}],"collection":[{"href":"https:\/\/agripedia.ch\/forum-wasser-landwirtschaft\/fr\/wp-json\/wp\/v2\/pages"}],"about":[{"href":"https:\/\/agripedia.ch\/forum-wasser-landwirtschaft\/fr\/wp-json\/wp\/v2\/types\/page"}],"author":[{"embeddable":true,"href":"https:\/\/agripedia.ch\/forum-wasser-landwirtschaft\/fr\/wp-json\/wp\/v2\/users\/234"}],"replies":[{"embeddable":true,"href":"https:\/\/agripedia.ch\/forum-wasser-landwirtschaft\/fr\/wp-json\/wp\/v2\/comments?post=63308"}],"version-history":[{"count":37,"href":"https:\/\/agripedia.ch\/forum-wasser-landwirtschaft\/fr\/wp-json\/wp\/v2\/pages\/63308\/revisions"}],"predecessor-version":[{"id":64207,"href":"https:\/\/agripedia.ch\/forum-wasser-landwirtschaft\/fr\/wp-json\/wp\/v2\/pages\/63308\/revisions\/64207"}],"wp:attachment":[{"href":"https:\/\/agripedia.ch\/forum-wasser-landwirtschaft\/fr\/wp-json\/wp\/v2\/media?parent=63308"}],"curies":[{"name":"wp","href":"https:\/\/api.w.org\/{rel}","templated":true}]}}