{"id":63306,"date":"2026-02-16T11:55:49","date_gmt":"2026-02-16T10:55:49","guid":{"rendered":"https:\/\/agripedia.ch\/forum-wasser-landwirtschaft\/techniques-culturales-preservant-le-sol\/"},"modified":"2026-03-20T10:05:04","modified_gmt":"2026-03-20T09:05:04","slug":"techniques-culturales-preservant-le-sol","status":"publish","type":"page","link":"https:\/\/agripedia.ch\/forum-wasser-landwirtschaft\/fr\/techniques-culturales-preservant-le-sol\/","title":{"rendered":"Techniques culturales pr\u00e9servant le sol"},"content":{"rendered":"\n<p class=\"has-normal-font-size\">Pour que les plantes puissent profiter de l&rsquo;eau, que ce soit sous forme de pluie ou d&rsquo;irrigation, le sol doit \u00eatre con\u00e7u de mani\u00e8re \u00e0 pouvoir absorber suffisamment d&rsquo;eau, la stocker et la restituer aux plantes. Un travail du sol respectueux contribue \u00e0 ce que le sol ne soit pas compact\u00e9, qu&rsquo;il ne soit pas \u00e9rod\u00e9 dans la mesure du possible et que la structure du sol soit telle que l&rsquo;eau puisse bien s&rsquo;infiltrer. <\/p>\n\n\n\n<p class=\"has-normal-font-size\"><strong>Informations :<\/strong><\/p>\n\n\n\n<ul class=\"wp-block-list\">\n<li class=\"has-normal-font-size\"><a href=\"https:\/\/themes.agripedia.ch\/fr\/techniques-culturales-preservant-le-sol\/\" target=\"_blank\" rel=\"noreferrer noopener\">Techniques culturales pr\u00e9servant le sol<\/a><\/li>\n\n\n\n<li class=\"has-normal-font-size\">Fiche de mesures <a href=\"https:\/\/themes.agripedia.ch\/agronomische-massnahmen\/#toc-2\" target=\"_blank\" rel=\"noreferrer noopener\">pour un travail du sol respectueux<\/a> Slow water: Bewirtschaftungstechnische Massnahmen<\/li>\n\n\n\n<li class=\"has-normal-font-size\">Fiche d&rsquo;information <a href=\"https:\/\/shop.agridea.ch\/fr\/produit\/prevenir-le-compactage-des-sols-conseils-pratiques\" target=\"_blank\" rel=\"noreferrer noopener\">Pr\u00e9venir le compactage des sols &#8211; conseils pratiques ! <\/a><\/li>\n\n\n\n<li class=\"has-normal-font-size\"><a href=\"https:\/\/no-till.ch\/\" target=\"_blank\" rel=\"noreferrer noopener\">Suisse No-Till<\/a><\/li>\n\n\n\n<li class=\"has-normal-font-size\">Turiel Dammkultur: <a href=\"https:\/\/www.turiel-dammkultur.com\/\" target=\"_blank\" rel=\"noreferrer noopener\">Culture de buttage de Turiel<\/a>. Les principaux effets de barrage.<\/li>\n\n\n\n<li class=\"has-normal-font-size\">Chervet A, Ramseier L, Sturny WG, 2006. <a href=\"https:\/\/no-till.ch\/wp-content\/uploads\/2023\/04\/Bodenwasser-bei-Direktsaat-und-Pflug.pdf\" target=\"_blank\" rel=\"noreferrer noopener\">Bodenwasser bei Direktsaart und Pflug<\/a>.  Eau du sol en semis direct et en labour. Recherche agricole 13\/4<\/li>\n\n\n\n<li class=\"has-normal-font-size\">Keller T., Bickel S., Or D., 2026. <a href=\"https:\/\/www.agrarforschungschweiz.ch\/fr\/2026\/01\/eviter-le-compactage-du-sous-sol-en-semis-direct\/\" target=\"_blank\" rel=\"noreferrer noopener\">\u00c9viter le compactage du sous-sol lors du semis direct<\/a>. Article original paru dans PNAS. <a href=\"https:\/\/doi.org\/10.1073\/pnas.2515473122\" target=\"_blank\" rel=\"noreferrer noopener\">https:\/\/doi.org\/10.1073\/pnas.2515473122<\/a><\/li>\n<\/ul>\n\n\n\n<p class=\"has-normal-font-size\"><strong>Projets<\/strong>:<\/p>\n\n\n\n<ul class=\"wp-block-list has-normal-font-size\">\n<li>Klimaresilienz durch wassersparenden Bio-Ackerbau. <a href=\"https:\/\/forschung.boku.ac.at\/de\/projects\/13156\" target=\"_blank\" rel=\"noreferrer noopener\">Projet <\/a>d&rsquo;agriculture biologique \u00e9conome en eau en Haute-Autriche : <a href=\"https:\/\/www.zukunftsraumland.at\/medien\/podcasts\/\" target=\"_blank\" rel=\"noreferrer noopener\">Podcast n\u00b0 5<\/a><\/li>\n<\/ul>\n\n\n\n<ul class=\"wp-block-list has-normal-font-size\">\n<li><strong>Opt<\/strong>imierung des\u00a0<strong>Ero<\/strong>sionsschutzes im Kartoffelbau. Projet <a href=\"https:\/\/www.optero-kartoffel.at\/versuchsvarianten\/\" target=\"_blank\" rel=\"noreferrer noopener\">Optero<\/a>: <strong>optimisation<\/strong> de la <strong>protection contre l&rsquo;\u00e9rosion<\/strong> dans la culture de la pomme de terre, Autriche. <a href=\"https:\/\/www.zukunftsraumland.at\/medien\/podcasts\/\" target=\"_blank\" rel=\"noreferrer noopener\">Podcast n\u00b0 4<\/a><\/li>\n<\/ul>\n\n\n\n<p class=\"has-normal-font-size\"><strong>Pratique<\/strong>:<\/p>\n\n\n\n<ul class=\"wp-block-list has-normal-font-size\">\n<li>Gantenbein S., 2025. <a href=\"https:\/\/www.ufarevue.ch\/fre\/gestion\/le-sol-premier-garant-de-la-recolte\" target=\"_blank\" rel=\"noreferrer noopener\">Le sol, premier garant de la r\u00e9colte<\/a>. Favoriser la vie du sol au lieu de l&rsquo;assurer. Revue UFA, 06.03.2025<\/li>\n<\/ul>\n\n\n\n<ul class=\"wp-block-list has-normal-font-size\">\n<li>Exemple pratique de <a href=\"https:\/\/www.hoflabor.ch\/\" target=\"_blank\" rel=\"noreferrer noopener\">laboratoire de ferme<\/a>, paysage en mosa\u00efque, culture en bandes, mulch, Controlled Traffic Farming (CTF)<\/li>\n<\/ul>\n","protected":false},"excerpt":{"rendered":"<p>Pour que les plantes puissent profiter de l&rsquo;eau, que ce soit sous forme de pluie ou d&rsquo;irrigation, le sol doit \u00eatre con\u00e7u de mani\u00e8re \u00e0 pouvoir absorber suffisamment d&rsquo;eau, la stocker et la restituer aux plantes. Un travail du sol respectueux contribue \u00e0 ce que le sol ne soit pas compact\u00e9, qu&rsquo;il ne soit pas [&hellip;]<\/p>\n","protected":false},"author":234,"featured_media":62247,"parent":0,"menu_order":0,"comment_status":"closed","ping_status":"closed","template":"","meta":{"_sb_is_suggestion_mode":false,"_sb_show_suggestion_boards":false,"_sb_show_comment_boards":false,"_sb_suggestion_history":"","_sb_update_block_changes":"","om_disable_all_campaigns":false,"advgb_blocks_editor_width":"","advgb_blocks_columns_visual_guide":"","_monsterinsights_skip_tracking":false,"_monsterinsights_sitenote_active":false,"_monsterinsights_sitenote_note":"","_monsterinsights_sitenote_category":0,"footnotes":""},"class_list":["post-63306","page","type-page","status-publish","has-post-thumbnail","hentry"],"coauthors":[{"link":"https:\/\/agripedia.ch\/forum-wasser-landwirtschaft\/fr\/author\/dal0\/","display_name":"dal0"}],"author_meta":{"author_link":"https:\/\/agripedia.ch\/forum-wasser-landwirtschaft\/fr\/author\/dal0\/","display_name":"dal0"},"relative_dates":{"created":"Publi\u00e9 2 mois il y a","modified":"Mis \u00e0 jour 3 semaines il y a"},"absolute_dates":{"created":"Publi\u00e9 le 16 f\u00e9vrier 2026","modified":"Mise \u00e0 jour le 20 mars 2026"},"absolute_dates_time":{"created":"Publi\u00e9 le 16 f\u00e9vrier 2026 11h55","modified":"Mise \u00e0 jour le 20 mars 2026 10h05"},"featured_img_caption":"","featured_img":"https:\/\/agripedia.ch\/forum-wasser-landwirtschaft\/wp-content\/uploads\/sites\/64\/2025\/11\/Geohobel_Cavin-1200x900.jpg","series_order":"","_links":{"self":[{"href":"https:\/\/agripedia.ch\/forum-wasser-landwirtschaft\/fr\/wp-json\/wp\/v2\/pages\/63306","targetHints":{"allow":["GET"]}}],"collection":[{"href":"https:\/\/agripedia.ch\/forum-wasser-landwirtschaft\/fr\/wp-json\/wp\/v2\/pages"}],"about":[{"href":"https:\/\/agripedia.ch\/forum-wasser-landwirtschaft\/fr\/wp-json\/wp\/v2\/types\/page"}],"author":[{"embeddable":true,"href":"https:\/\/agripedia.ch\/forum-wasser-landwirtschaft\/fr\/wp-json\/wp\/v2\/users\/234"}],"replies":[{"embeddable":true,"href":"https:\/\/agripedia.ch\/forum-wasser-landwirtschaft\/fr\/wp-json\/wp\/v2\/comments?post=63306"}],"version-history":[{"count":10,"href":"https:\/\/agripedia.ch\/forum-wasser-landwirtschaft\/fr\/wp-json\/wp\/v2\/pages\/63306\/revisions"}],"predecessor-version":[{"id":64035,"href":"https:\/\/agripedia.ch\/forum-wasser-landwirtschaft\/fr\/wp-json\/wp\/v2\/pages\/63306\/revisions\/64035"}],"wp:featuredmedia":[{"embeddable":true,"href":"https:\/\/agripedia.ch\/forum-wasser-landwirtschaft\/fr\/wp-json\/wp\/v2\/media\/62247"}],"wp:attachment":[{"href":"https:\/\/agripedia.ch\/forum-wasser-landwirtschaft\/fr\/wp-json\/wp\/v2\/media?parent=63306"}],"curies":[{"name":"wp","href":"https:\/\/api.w.org\/{rel}","templated":true}]}}