{"id":63302,"date":"2026-02-16T11:55:34","date_gmt":"2026-02-16T10:55:34","guid":{"rendered":"https:\/\/agripedia.ch\/forum-wasser-landwirtschaft\/tendances-climatiques\/"},"modified":"2026-04-02T14:06:02","modified_gmt":"2026-04-02T12:06:02","slug":"tendances-climatiques","status":"publish","type":"page","link":"https:\/\/agripedia.ch\/forum-wasser-landwirtschaft\/fr\/tendances-climatiques\/","title":{"rendered":"Tendances climatiques"},"content":{"rendered":"\n<p class=\"has-normal-font-size\">\u00c0 l&rsquo;avenir, l&rsquo;eau sera plus rare, les p\u00e9riodes de chaleur plus longues et les pluies plus abondantes. Les tendances de M\u00e9t\u00e9oSuisse dans le projet <a href=\"https:\/\/www.meteosuisse.admin.ch\/portrait\/recherche-et-collaboration\/projets\/2023\/climat-ch2025.html\" target=\"_blank\" rel=\"noreferrer noopener\">Climat CH2025<\/a> montrent o\u00f9 et comment. Cela aide \u00e0 prendre des mesures pr\u00e9coces pour pr\u00e9venir des dommages importants.<\/p>\n\n\n\n<p class=\"has-normal-font-size\">En tant que r\u00e9seau f\u00e9d\u00e9ral, le National Centre for Climate Services (<a href=\"https:\/\/www.nccs.admin.ch\/nccs\/fr\/home.html\" target=\"_blank\" rel=\"noreferrer noopener\">NCCS<\/a>) coordonne l&rsquo;\u00e9laboration, le regroupement et la diffusion des services climatiques. Le centre sert d&rsquo;interface entre les producteurs et les utilisateurs et fournit toutes les bases de connaissances n\u00e9cessaires \u00e0 l&rsquo;adaptation au changement climatique.<\/p>\n\n\n\n<p><\/p>\n","protected":false},"excerpt":{"rendered":"<p>\u00c0 l&rsquo;avenir, l&rsquo;eau sera plus rare, les p\u00e9riodes de chaleur plus longues et les pluies plus abondantes. Les tendances de M\u00e9t\u00e9oSuisse dans le projet Climat CH2025 montrent o\u00f9 et comment. Cela aide \u00e0 prendre des mesures pr\u00e9coces pour pr\u00e9venir des dommages importants. En tant que r\u00e9seau f\u00e9d\u00e9ral, le National Centre for Climate Services (NCCS) coordonne [&hellip;]<\/p>\n","protected":false},"author":234,"featured_media":0,"parent":0,"menu_order":0,"comment_status":"closed","ping_status":"closed","template":"","meta":{"_sb_is_suggestion_mode":false,"_sb_show_suggestion_boards":false,"_sb_show_comment_boards":false,"_sb_suggestion_history":"","_sb_update_block_changes":"","om_disable_all_campaigns":false,"advgb_blocks_editor_width":"","advgb_blocks_columns_visual_guide":"","_monsterinsights_skip_tracking":false,"_monsterinsights_sitenote_active":false,"_monsterinsights_sitenote_note":"","_monsterinsights_sitenote_category":0,"footnotes":""},"class_list":["post-63302","page","type-page","status-publish","hentry"],"coauthors":[{"link":"https:\/\/agripedia.ch\/forum-wasser-landwirtschaft\/fr\/author\/dal0\/","display_name":"dal0"}],"author_meta":{"author_link":"https:\/\/agripedia.ch\/forum-wasser-landwirtschaft\/fr\/author\/dal0\/","display_name":"dal0"},"relative_dates":{"created":"Publi\u00e9 2 mois il y a","modified":"Mis \u00e0 jour 1 semaine il y a"},"absolute_dates":{"created":"Publi\u00e9 le 16 f\u00e9vrier 2026","modified":"Mise \u00e0 jour le 2 avril 2026"},"absolute_dates_time":{"created":"Publi\u00e9 le 16 f\u00e9vrier 2026 11h55","modified":"Mise \u00e0 jour le 2 avril 2026 14h06"},"featured_img_caption":"","featured_img":false,"series_order":"","_links":{"self":[{"href":"https:\/\/agripedia.ch\/forum-wasser-landwirtschaft\/fr\/wp-json\/wp\/v2\/pages\/63302","targetHints":{"allow":["GET"]}}],"collection":[{"href":"https:\/\/agripedia.ch\/forum-wasser-landwirtschaft\/fr\/wp-json\/wp\/v2\/pages"}],"about":[{"href":"https:\/\/agripedia.ch\/forum-wasser-landwirtschaft\/fr\/wp-json\/wp\/v2\/types\/page"}],"author":[{"embeddable":true,"href":"https:\/\/agripedia.ch\/forum-wasser-landwirtschaft\/fr\/wp-json\/wp\/v2\/users\/234"}],"replies":[{"embeddable":true,"href":"https:\/\/agripedia.ch\/forum-wasser-landwirtschaft\/fr\/wp-json\/wp\/v2\/comments?post=63302"}],"version-history":[{"count":5,"href":"https:\/\/agripedia.ch\/forum-wasser-landwirtschaft\/fr\/wp-json\/wp\/v2\/pages\/63302\/revisions"}],"predecessor-version":[{"id":64209,"href":"https:\/\/agripedia.ch\/forum-wasser-landwirtschaft\/fr\/wp-json\/wp\/v2\/pages\/63302\/revisions\/64209"}],"wp:attachment":[{"href":"https:\/\/agripedia.ch\/forum-wasser-landwirtschaft\/fr\/wp-json\/wp\/v2\/media?parent=63302"}],"curies":[{"name":"wp","href":"https:\/\/api.w.org\/{rel}","templated":true}]}}