{"id":63300,"date":"2026-02-16T11:54:41","date_gmt":"2026-02-16T10:54:41","guid":{"rendered":"https:\/\/agripedia.ch\/forum-wasser-landwirtschaft\/drainages\/"},"modified":"2026-04-09T14:51:53","modified_gmt":"2026-04-09T12:51:53","slug":"drainages","status":"publish","type":"page","link":"https:\/\/agripedia.ch\/forum-wasser-landwirtschaft\/fr\/drainages\/","title":{"rendered":"Drainages"},"content":{"rendered":"\n<p class=\"has-normal-font-size\">De nombreux drains devront \u00eatre remplac\u00e9s dans les ann\u00e9es \u00e0 venir. Il est aujourd&rsquo;hui possible de les rendre intelligents (mot-cl\u00e9 : drainage intelligent). Les drainages intelligents sont des syst\u00e8mes de drainage agricoles souterrains qui, \u00e0 l&rsquo;aide d&rsquo;\u00e9l\u00e9ments de contr\u00f4le tels que des puits de r\u00e9gulation, peuvent retenir ou \u00e9vacuer l&rsquo;eau afin de r\u00e9agir aux changements des conditions m\u00e9t\u00e9orologiques. Il s&rsquo;agit d&rsquo;une mesure d&rsquo;adaptation au changement climatique, qui sert \u00e0 \u00e9viter la stagnation de l&rsquo;eau en cas d&rsquo;inondation et \u00e0 rendre l&rsquo;eau stock\u00e9e utilisable par les plantes en cas de s\u00e9cheresse, en augmentant le potentiel de stockage naturel du sol.     <\/p>\n\n\n\n<div style=\"height:21px\" aria-hidden=\"true\" class=\"wp-block-spacer\"><\/div>\n\n\n\n<p class=\"has-normal-font-size\"><strong>Vous trouverez ici des informations g\u00e9n\u00e9rales sur les drains<\/strong> :<\/p>\n\n\n\n<p class=\"has-normal-font-size\"><strong>Fran\u00e7ais<\/strong><\/p>\n\n\n\n<p class=\"has-normal-font-size\">OFAG, 2025, <a href=\"https:\/\/www.blw.admin.ch\/fr\/regime-hydrique-et-sol\" target=\"_blank\" rel=\"noreferrer noopener\">R\u00e9gime hydrique et sol<\/a>. Contributions aux mesures dans le domaine du r\u00e9gime des eaux et des sols.<\/p>\n\n\n\n<p class=\"has-normal-font-size\">VSA, 2023. Document de position du VSA sur le <a href=\"https:\/\/vsa.ch\/wp-content\/uploads\/2023\/05\/Positionspapier-Umgang-mit-Drainagenetzen-FR.pdf\" target=\"_blank\" rel=\"noreferrer noopener\">traitement des r\u00e9seaux de drainage n\u00e9cessitant un assainissement<\/a>.<\/p>\n\n\n\n<p class=\"has-normal-font-size\"><strong>Allemand<\/strong><\/p>\n\n\n\n<p class=\"has-normal-font-size\">FHNW, 2022. Smarte Drainagen realisieren. Projet FHNW 2022-2027 : <a href=\"https:\/\/so.ch\/fileadmin\/internet\/bjd\/bjd-afu\/01_Aktuell\/4_Vernehmlassungen\/22-12_REP_Oesch\/N6_Smarte_Drainagen_realisieren.pdf\" target=\"_blank\" rel=\"noreferrer noopener\">N6_Smarte_Drainagen_realisieren.pdf<\/a><\/p>\n\n\n\n<p class=\"has-normal-font-size\">Gramlich A., Stoll S., Aldrich A., Stamm C., Walter T., Prasuhn V., 2018. <a href=\"https:\/\/agripedia.ch\/forum-wasser-landwirtschaft\/wp-content\/uploads\/sites\/64\/2026\/02\/Einfluesse-lw-Draunage-auf-Wasserhaushalt-Agroscope.pdf\" target=\"_blank\" rel=\"noreferrer noopener\">Einfl\u00fcsse landwirtschaftlicher Drainage auf den Wasserhaushalt, auf N\u00e4hrstofffl\u00fcsse und Schadstoffaustrag &#8211; Eine Literaturstudie<\/a>. Agroscope Science | N\u00b0 73 \/ Novembre 2018<\/p>\n\n\n\n<p class=\"has-normal-font-size\">Gross A., Matera E., 2025. <a href=\"https:\/\/taz.de\/Wasserknappheit-in-Brandenburg\/!6106031\/?&amp;_hsenc=p2ANqtz-9r0YIwZzX_HgaxVRFex8we3Ffg8F_0REfz62O26rAQhI-XLcZLa1iKpElyWjdHw_BlKIaGbwcvcVIqJxJF8R97zJFxflAp2kn5mnBw7Ts9VGB5iLc&amp;_hsmi=118022690\" target=\"_blank\" rel=\"noreferrer noopener\">Wasserknappheit in Brandenburg: Stopfen gegen die D\u00fcrre.<\/a> TAZ, Allemagne<\/p>\n\n\n\n<p class=\"has-normal-font-size\">LTZ, 2025. Potentiale von smarten <a href=\"https:\/\/agripedia.ch\/forum-wasser-landwirtschaft\/wp-content\/uploads\/sites\/64\/2026\/01\/BERICH1.pdf\" target=\"_blank\" rel=\"noreferrer noopener\">Drainagesteuerungen <\/a>im \u00f6kologischen Landbau in Baden-W\u00fcrttemberg. Machbarkeitstudie, Landwirtschaftliches Technologiezentrum.<\/p>\n\n\n\n<p class=\"has-normal-font-size\">NDR, Juli 2025. <a href=\"https:\/\/www.ardmediathek.de\/video\/hallo-niedersachsen\/wassermanagement-smarte-drainagen-sollen-felder-retten\/ndr\/Y3JpZDovL25kci5kZS80NjU2NGRhNC1iMDdhLTRmMjgtYWM0NC0yNGMxMmYzM2U2MTI\" target=\"_blank\" rel=\"noreferrer noopener\">Wassermanagement: Smarte Drainagen sollen Felder retten<\/a>. Video verf\u00fcgbar bis 09.07.2027<\/p>\n\n\n\n<p class=\"has-normal-font-size\"><a href=\"https:\/\/www.zukunftsraumland.at\/netzwerk-zukunftsraum-land-jahreskonferenz-im-zeichen-der-ressource-wasser\/\" target=\"_blank\" rel=\"noreferrer noopener\">Netzwerk Zukunftsraum Land<\/a>, 2024. Ressource Wasser \u2013 <a href=\"https:\/\/youtu.be\/eOCIgD2HxOg\" target=\"_blank\" rel=\"noreferrer noopener\">Bew\u00e4sserungsanlage Spitzwies<\/a>, Gemeinden Waldkirchen, Rappolz, Waldhers. <br>L&rsquo;association d&rsquo;irrigation collecte l&rsquo;eau des syst\u00e8mes de drainage existants ou l&rsquo;eau de pluie afin de l&rsquo;utiliser pour l&rsquo;irrigation pendant la p\u00e9riode de v\u00e9g\u00e9tation. L&rsquo;eau reste ainsi dans la r\u00e9gion. De plus, le stockage de l&rsquo;eau contribue \u00e0 la pr\u00e9servation des ressources en eau souterraine et les \u00e9tangs de stockage cr\u00e9ent \u00e9galement des habitats pr\u00e9cieux pour la flore et la faune locales.<\/p>\n\n\n\n<p class=\"has-normal-font-size\">ProAgricultura, 2626. <a href=\"https:\/\/proagricultura.ch\/be-und-entwaesserung\/\" target=\"_blank\" rel=\"noreferrer noopener\">Projekte zur Be- und Entw\u00e4sserung<\/a>.<\/p>\n\n\n\n<p class=\"has-normal-font-size\">Spelzhausen L., Franke S., 2024. <a href=\"https:\/\/agripedia.ch\/forum-wasser-landwirtschaft\/wp-content\/uploads\/sites\/64\/2026\/01\/Kurzstudie-Entwaesserung-Brandenburg.pdf\" target=\"_blank\" rel=\"noreferrer noopener\">Drainagen, Entw\u00e4sserung und Wasserr\u00fcckhalt in der Brandenburger Landwirtschaft<\/a>. 1. Auflage, November 2024, Klimapraxis Paper #3, Berlin, DOI: 10.5281\/zenodo.14188186. L&rsquo;\u00e9tude succincte \u00ab\u00a0Drainages, \u00e9vacuation de l&rsquo;eau et possibilit\u00e9s de r\u00e9tention d&rsquo;eau dans la gestion agricole du Brandebourg\u00a0\u00bb a \u00e9t\u00e9 r\u00e9alis\u00e9e dans le cadre du projet \u00ab\u00a0Maintenir l&rsquo;eau sur les terres !\u00a0\u00bb de Klimapraxis.<\/p>\n\n\n\n<p class=\"has-normal-font-size\">Venuleo, S., Lebrenz, H., Staufer, P., 2022. <a href=\"https:\/\/irf.fhnw.ch\/entities\/publication\/bf83149a-0864-4996-9db2-dbfb182dd96d\" target=\"_blank\" rel=\"noreferrer noopener\">Machbarkeit von smarten Drainagen in bindigen B\u00f6den<\/a>.&nbsp;Wasser und Abfall,&nbsp;24 (12), 18\u201322<br>Des essais de mod\u00e9lisation physique ont permis d&rsquo;\u00e9tudier les limites et la faisabilit\u00e9 fondamentale des drainages intelligents dans des situations de terrain typiques du nord-ouest de la Suisse et du sud du Bade. Les drainages intelligents peuvent non seulement r\u00e9duire les pics de crue, mais aussi relever le niveau des nappes phr\u00e9atiques et augmenter les d\u00e9bits d&rsquo;\u00e9tiage.<\/p>\n\n\n\n<hr class=\"wp-block-separator has-alpha-channel-opacity\"\/>\n\n\n\n<p class=\"has-normal-font-size\">Nous acceptons volontiers vos contributions, remarques, compl\u00e9ments, suggestions et commentaires <a href=\"https:\/\/agripedia.ch\/forum-wasser-landwirtschaft\/fr\/contact\/\" target=\"_blank\" rel=\"noreferrer noopener\">ici <\/a>.<\/p>\n","protected":false},"excerpt":{"rendered":"<p>De nombreux drains devront \u00eatre remplac\u00e9s dans les ann\u00e9es \u00e0 venir. Il est aujourd&rsquo;hui possible de les rendre intelligents (mot-cl\u00e9 : drainage intelligent). Les drainages intelligents sont des syst\u00e8mes de drainage agricoles souterrains qui, \u00e0 l&rsquo;aide d&rsquo;\u00e9l\u00e9ments de contr\u00f4le tels que des puits de r\u00e9gulation, peuvent retenir ou \u00e9vacuer l&rsquo;eau afin de r\u00e9agir aux changements [&hellip;]<\/p>\n","protected":false},"author":234,"featured_media":62182,"parent":0,"menu_order":0,"comment_status":"closed","ping_status":"closed","template":"","meta":{"_sb_is_suggestion_mode":false,"_sb_show_suggestion_boards":false,"_sb_show_comment_boards":false,"_sb_suggestion_history":"","_sb_update_block_changes":"","om_disable_all_campaigns":false,"advgb_blocks_editor_width":"","advgb_blocks_columns_visual_guide":"","_monsterinsights_skip_tracking":false,"_monsterinsights_sitenote_active":false,"_monsterinsights_sitenote_note":"","_monsterinsights_sitenote_category":0,"footnotes":""},"class_list":["post-63300","page","type-page","status-publish","has-post-thumbnail","hentry"],"coauthors":[{"link":"https:\/\/agripedia.ch\/forum-wasser-landwirtschaft\/fr\/author\/dal0\/","display_name":"dal0"}],"author_meta":{"author_link":"https:\/\/agripedia.ch\/forum-wasser-landwirtschaft\/fr\/author\/dal0\/","display_name":"dal0"},"relative_dates":{"created":"Publi\u00e9 2 mois il y a","modified":"Mis \u00e0 jour 3 jours il y a"},"absolute_dates":{"created":"Publi\u00e9 le 16 f\u00e9vrier 2026","modified":"Mise \u00e0 jour le 9 avril 2026"},"absolute_dates_time":{"created":"Publi\u00e9 le 16 f\u00e9vrier 2026 11h54","modified":"Mise \u00e0 jour le 9 avril 2026 14h51"},"featured_img_caption":"","featured_img":"https:\/\/agripedia.ch\/forum-wasser-landwirtschaft\/wp-content\/uploads\/sites\/64\/2025\/11\/20250507_144732-1200x900.jpg","series_order":"","_links":{"self":[{"href":"https:\/\/agripedia.ch\/forum-wasser-landwirtschaft\/fr\/wp-json\/wp\/v2\/pages\/63300","targetHints":{"allow":["GET"]}}],"collection":[{"href":"https:\/\/agripedia.ch\/forum-wasser-landwirtschaft\/fr\/wp-json\/wp\/v2\/pages"}],"about":[{"href":"https:\/\/agripedia.ch\/forum-wasser-landwirtschaft\/fr\/wp-json\/wp\/v2\/types\/page"}],"author":[{"embeddable":true,"href":"https:\/\/agripedia.ch\/forum-wasser-landwirtschaft\/fr\/wp-json\/wp\/v2\/users\/234"}],"replies":[{"embeddable":true,"href":"https:\/\/agripedia.ch\/forum-wasser-landwirtschaft\/fr\/wp-json\/wp\/v2\/comments?post=63300"}],"version-history":[{"count":21,"href":"https:\/\/agripedia.ch\/forum-wasser-landwirtschaft\/fr\/wp-json\/wp\/v2\/pages\/63300\/revisions"}],"predecessor-version":[{"id":64282,"href":"https:\/\/agripedia.ch\/forum-wasser-landwirtschaft\/fr\/wp-json\/wp\/v2\/pages\/63300\/revisions\/64282"}],"wp:featuredmedia":[{"embeddable":true,"href":"https:\/\/agripedia.ch\/forum-wasser-landwirtschaft\/fr\/wp-json\/wp\/v2\/media\/62182"}],"wp:attachment":[{"href":"https:\/\/agripedia.ch\/forum-wasser-landwirtschaft\/fr\/wp-json\/wp\/v2\/media?parent=63300"}],"curies":[{"name":"wp","href":"https:\/\/api.w.org\/{rel}","templated":true}]}}