{"id":63296,"date":"2026-02-16T11:54:35","date_gmt":"2026-02-16T10:54:35","guid":{"rendered":"https:\/\/agripedia.ch\/forum-wasser-landwirtschaft\/reunion-annuelle-2025\/"},"modified":"2026-03-08T15:13:43","modified_gmt":"2026-03-08T14:13:43","slug":"reunion-annuelle-2025","status":"publish","type":"page","link":"https:\/\/agripedia.ch\/forum-wasser-landwirtschaft\/fr\/reunion-annuelle-2025\/","title":{"rendered":"R\u00e9union annuelle 2025"},"content":{"rendered":"\n<p><strong>Gestion de l&rsquo;eau dans les cultures mara\u00eech\u00e8res<\/strong><\/p>\n\n\n\n<p>Plus de 70 personnes int\u00e9ress\u00e9es ont particip\u00e9 \u00e0 la r\u00e9union annuelle du 13 novembre 2025, qui s&rsquo;est tenue \u00e0 la HESB-HAFL.<\/p>\n\n\n\n<p>La professeure Jana Zinkernagel de l&rsquo;universit\u00e9 de Geisenheim en Allemagne a pr\u00e9sent\u00e9 les effets du changement climatique sur l&rsquo;irrigation de certaines cultures mara\u00eech\u00e8res et les options futures.<\/p>\n\n\n\n<div class=\"wp-block-buttons is-nowrap is-layout-flex wp-container-core-buttons-is-layout-ad2f72ca wp-block-buttons-is-layout-flex\">\n<div class=\"wp-block-button has-custom-width wp-block-button__width-100\"><a class=\"wp-block-button__link wp-element-button\" href=\"https:\/\/agripedia.ch\/forum-wasser-landwirtschaft\/wp-content\/uploads\/sites\/64\/2026\/03\/1_2025-11-13-Wasserforum-CH-Zinkernagel_F.pdf\" target=\"_blank\" rel=\"noreferrer noopener\">Cons\u00e9quences du changement climatique sur l&rsquo;irrigation de cultures mara\u00eech\u00e8res choisies<\/a><\/div>\n<\/div>\n\n\n\n<div style=\"height:11px\" aria-hidden=\"true\" class=\"wp-block-spacer\"><\/div>\n\n\n\n<p>Trois producteurs de l\u00e9gumes ont ensuite pr\u00e9sent\u00e9 leur gestion de l&rsquo;eau dans la production de l\u00e9gumes.  <\/p>\n\n\n\n<p>Roland Stoll, de Stoll Fr\u00e8res SA \u00e0 Mathod, a mis l&rsquo;accent sur la disponibilit\u00e9 de l&rsquo;eau, le syst\u00e8me d&rsquo;irrigation et les obstacles financiers et politiques.  <\/p>\n\n\n\n<div class=\"wp-block-buttons is-layout-flex wp-block-buttons-is-layout-flex\">\n<div class=\"wp-block-button has-custom-width wp-block-button__width-100\"><a class=\"wp-block-button__link wp-element-button\" href=\"https:\/\/agripedia.ch\/forum-wasser-landwirtschaft\/wp-content\/uploads\/sites\/64\/2026\/03\/2_Stoll-Freres-Presentation-Irrigation_F.pdf\" target=\"_blank\" rel=\"noreferrer noopener\">Irrigation : besoins futurs pour les l\u00e9gumes en Suisse<\/a><\/div>\n<\/div>\n\n\n\n<div style=\"height:10px\" aria-hidden=\"true\" class=\"wp-block-spacer\"><\/div>\n\n\n\n<p>Christoph Johner de Johner Gem\u00fcsebau a parl\u00e9 de ses d\u00e9fis actuels et futurs en mati\u00e8re d&rsquo;irrigation.<\/p>\n\n\n\n<div class=\"wp-block-buttons is-layout-flex wp-block-buttons-is-layout-flex\">\n<div class=\"wp-block-button\"><a class=\"wp-block-button__link wp-element-button\" href=\"https:\/\/agripedia.ch\/forum-wasser-landwirtschaft\/wp-content\/uploads\/sites\/64\/2026\/03\/3_20251113_Presentation-Christoph-Johner_F.pdf\" target=\"_blank\" rel=\"noreferrer noopener\">L&rsquo;eau, l&rsquo;or bleu<\/a><\/div>\n<\/div>\n\n\n\n<div style=\"height:10px\" aria-hidden=\"true\" class=\"wp-block-spacer\"><\/div>\n\n\n\n<p>Bernhard H\u00e4nni, directeur d&rsquo;une exploitation biologique \u00e0 Noflen BE, a convaincu en cultivant avec des m\u00e9thodes de travail r\u00e9g\u00e9n\u00e9ratives et respectueuses du sol afin d&rsquo;optimiser la disponibilit\u00e9 de l&rsquo;eau pour les plantes.<\/p>\n\n\n\n<div class=\"wp-block-buttons is-layout-flex wp-block-buttons-is-layout-flex\">\n<div class=\"wp-block-button has-custom-width wp-block-button__width-100\"><a class=\"wp-block-button__link wp-element-button\" href=\"https:\/\/agripedia.ch\/forum-wasser-landwirtschaft\/wp-content\/uploads\/sites\/64\/2026\/03\/4_Journee-Wassermanagement-Haenni-HAFL-2025-F.pdf\" target=\"_blank\" rel=\"noreferrer noopener\">Regenerer le sol, stocker l&rsquo;eau dans le secteur mara\u00eecher<\/a><\/div>\n<\/div>\n\n\n\n<div style=\"height:10px\" aria-hidden=\"true\" class=\"wp-block-spacer\"><\/div>\n\n\n\n<p>Apr\u00e8s le d\u00e9jeuner debout, Fabia H\u00fcsler et Petra Schmocker-Fackel de l&rsquo;OFEV ont pr\u00e9sent\u00e9 le fonctionnement de la plate-forme s\u00e9cheresse et son travail de collecte des donn\u00e9es sur l&rsquo;eau ainsi que la strat\u00e9gie nationale de gestion de l&rsquo;eau.<\/p>\n\n\n\n<div class=\"wp-block-buttons is-layout-flex wp-block-buttons-is-layout-flex\">\n<div class=\"wp-block-button has-custom-width wp-block-button__width-100\"><a class=\"wp-block-button__link wp-element-button\" href=\"https:\/\/agripedia.ch\/forum-wasser-landwirtschaft\/wp-content\/uploads\/sites\/64\/2026\/03\/5_Trockenheitsprogramm_Huesler_OFEV_13.11.25_F-1.pdf\" target=\"_blank\" rel=\"noreferrer noopener\">Plate-forme s\u00e9cheresse, donn\u00e9es sur l&rsquo;utilisation de l&rsquo;eau et strat\u00e9gie de Sa gestion<\/a><\/div>\n<\/div>\n\n\n\n<div style=\"height:10px\" aria-hidden=\"true\" class=\"wp-block-spacer\"><\/div>\n\n\n\n<p>Trois ateliers ont permis aux participants d&rsquo;en savoir plus sur :<\/p>\n\n\n\n<div class=\"wp-block-buttons is-layout-flex wp-block-buttons-is-layout-flex\">\n<div class=\"wp-block-button\"><a class=\"wp-block-button__link wp-element-button\" href=\"https:\/\/agripedia.ch\/forum-wasser-landwirtschaft\/wp-content\/uploads\/sites\/64\/2026\/03\/Workshop-intelligente-Drainage_20251113_PABE_Poster_F.pdf\" target=\"_blank\" rel=\"noreferrer noopener\">Drainages intelligents<\/a><\/div>\n\n\n\n<div class=\"wp-block-button\"><a class=\"wp-block-button__link wp-element-button\" href=\"https:\/\/agripedia.ch\/forum-wasser-landwirtschaft\/wp-content\/uploads\/sites\/64\/2026\/03\/Workshop_modelisation-eaux-souterraines-brunner_kipfer_schillingFR.pdf\" target=\"_blank\" rel=\"noreferrer noopener\">Mod\u00e9lisation des eaux souterraines<\/a><\/div>\n<\/div>\n\n\n\n<div style=\"height:20px\" aria-hidden=\"true\" class=\"wp-block-spacer\"><\/div>\n\n\n\n<div class=\"wp-block-buttons is-layout-flex wp-block-buttons-is-layout-flex\">\n<div class=\"wp-block-button has-custom-width wp-block-button__width-100\"><a class=\"wp-block-button__link wp-element-button\" href=\"https:\/\/agripedia.ch\/forum-wasser-landwirtschaft\/wp-content\/uploads\/sites\/64\/2026\/03\/Workshop_essai-de-paillage_Poster_Jahrestagung_Forum_FR.pdf\" target=\"_blank\" rel=\"noreferrer noopener\">Essai exact de paillage de paille dans les pommes de terre<\/a><\/div>\n<\/div>\n\n\n\n<div style=\"height:10px\" aria-hidden=\"true\" class=\"wp-block-spacer\"><\/div>\n\n\n\n<div class=\"wp-block-buttons is-layout-flex wp-block-buttons-is-layout-flex\">\n<div class=\"wp-block-button has-custom-width wp-block-button__width-100\"><a class=\"wp-block-button__link wp-element-button\" href=\"https:\/\/agripedia.ch\/forum-wasser-landwirtschaft\/wp-content\/uploads\/sites\/64\/2025\/11\/WORKSH4-1.pdf\" target=\"_blank\" rel=\"noreferrer noopener\">Utilisation du paillis de paille dans Rotation des cultures avec des pommes de terre<\/a><\/div>\n\n\n\n<div class=\"wp-block-button has-custom-width wp-block-button__width-100\"><a class=\"wp-block-button__link wp-element-button\" href=\"https:\/\/agripedia.ch\/forum-wasser-landwirtschaft\/wp-content\/uploads\/sites\/64\/2025\/11\/Workshop_StrohmulchKABB_Jahrestagung_ForumWasser_20251113-1.pdf\" target=\"_blank\" rel=\"noreferrer noopener\">Pommes de terre biologiques sous Mulch de transfert<\/a><\/div>\n<\/div>\n\n\n\n<div style=\"height:20px\" aria-hidden=\"true\" class=\"wp-block-spacer\"><\/div>\n\n\n\n<div class=\"wp-block-buttons is-layout-flex wp-block-buttons-is-layout-flex\">\n<div class=\"wp-block-button\"><a class=\"wp-block-button__link wp-element-button\" href=\"https:\/\/agripedia.ch\/forum-wasser-landwirtschaft\/wp-content\/uploads\/sites\/64\/2026\/03\/Workshop_bulletin_d_irrigation.pdf\" target=\"_blank\" rel=\"noreferrer noopener\">Bulletin d&rsquo;irrigation<\/a><\/div>\n<\/div>\n\n\n\n<div style=\"height:10px\" aria-hidden=\"true\" class=\"wp-block-spacer\"><\/div>\n\n\n\n<p>Enfin, Laurent Maret, du canton du Valais, a pr\u00e9sent\u00e9 sa gestion de l&rsquo;eau dans l&rsquo;agriculture :<\/p>\n\n\n\n<div class=\"wp-block-buttons is-content-justification-left is-layout-flex wp-container-core-buttons-is-layout-45245d17 wp-block-buttons-is-layout-flex\">\n<div class=\"wp-block-button has-custom-width wp-block-button__width-100\"><a class=\"wp-block-button__link wp-element-button\" href=\"https:\/\/agripedia.ch\/forum-wasser-landwirtschaft\/wp-content\/uploads\/sites\/64\/2026\/03\/6_251113_Forum_Eau_Valais_F.pdf\" target=\"_blank\" rel=\"noreferrer noopener\">Gestion de l&rsquo;eau dans l&rsquo;agriculture dans le canton du Valais : strat\u00e9gie et d\u00e9fis<\/a><\/div>\n<\/div>\n\n\n\n<div style=\"height:9px\" aria-hidden=\"true\" class=\"wp-block-spacer\"><\/div>\n\n\n\n<p>Valentin Comte de la FRIj a pr\u00e9sent\u00e9 le projet de ressources \u00ab\u00a0Climagriculture : Repenser les pratiques agricoles dans le contexte de la vuln\u00e9rabilit\u00e9 climatique de l&rsquo;agriculture dans le Jura et le Jura bernois\u00a0\u00bb.<\/p>\n\n\n\n<div class=\"wp-block-buttons is-layout-flex wp-block-buttons-is-layout-flex\">\n<div class=\"wp-block-button\"><a class=\"wp-block-button__link wp-element-button\" href=\"https:\/\/agripedia.ch\/forum-wasser-landwirtschaft\/wp-content\/uploads\/sites\/64\/2026\/03\/7_Climagriculture-Forum-GestEauAgri.pdf\" target=\"_blank\" rel=\"noreferrer noopener\">Climagriculture JU et BE<\/a><\/div>\n<\/div>\n\n\n\n<div style=\"height:10px\" aria-hidden=\"true\" class=\"wp-block-spacer\"><\/div>\n\n\n\n<p>Des informations sur la nouvelle offre de soutien de la Suisse Gr\u00eale sont disponibles aupr\u00e8s de Bettina Koster et ici :<\/p>\n\n\n\n<div class=\"wp-block-buttons is-layout-flex wp-block-buttons-is-layout-flex\">\n<div class=\"wp-block-button\"><a class=\"wp-block-button__link wp-element-button\" href=\"https:\/\/agripedia.ch\/forum-wasser-landwirtschaft\/wp-content\/uploads\/sites\/64\/2026\/03\/8_HagelAdapt_Jahrestagung2025_F.pdf\" target=\"_blank\" rel=\"noreferrer noopener\">Gr\u00ealeAdapt<\/a><\/div>\n<\/div>\n\n\n\n<div style=\"height:20px\" aria-hidden=\"true\" class=\"wp-block-spacer\"><\/div>\n\n\n\n<p>Un grand merci aux membres de l&rsquo;association ainsi qu&rsquo;aux sponsors de la plate-forme de connaissances :<\/p>\n\n\n\n<div class=\"wp-block-buttons is-layout-flex wp-block-buttons-is-layout-flex\">\n<div class=\"wp-block-button\"><a class=\"wp-block-button__link wp-element-button\" href=\"https:\/\/agripedia.ch\/forum-wasser-landwirtschaft\/wp-content\/uploads\/sites\/64\/2026\/03\/9_Conference_Slides_Fin_F.pdf\" target=\"_blank\" rel=\"noreferrer noopener\">Membres et sponsors<\/a><\/div>\n<\/div>\n\n\n\n<figure class=\"wp-block-image size-large\"><img loading=\"lazy\" decoding=\"async\" width=\"1024\" height=\"183\" src=\"https:\/\/agripedia.ch\/forum-wasser-landwirtschaft\/wp-content\/uploads\/sites\/64\/2025\/11\/Logo-3-Bunde-2-1024x183.png\" alt=\"\" class=\"wp-image-62109\" srcset=\"https:\/\/agripedia.ch\/forum-wasser-landwirtschaft\/wp-content\/uploads\/sites\/64\/2025\/11\/Logo-3-Bunde-2-1024x183.png 1024w, https:\/\/agripedia.ch\/forum-wasser-landwirtschaft\/wp-content\/uploads\/sites\/64\/2025\/11\/Logo-3-Bunde-2-300x54.png 300w, https:\/\/agripedia.ch\/forum-wasser-landwirtschaft\/wp-content\/uploads\/sites\/64\/2025\/11\/Logo-3-Bunde-2-768x137.png 768w, https:\/\/agripedia.ch\/forum-wasser-landwirtschaft\/wp-content\/uploads\/sites\/64\/2025\/11\/Logo-3-Bunde-2-1536x274.png 1536w, https:\/\/agripedia.ch\/forum-wasser-landwirtschaft\/wp-content\/uploads\/sites\/64\/2025\/11\/Logo-3-Bunde-2-2048x365.png 2048w, https:\/\/agripedia.ch\/forum-wasser-landwirtschaft\/wp-content\/uploads\/sites\/64\/2025\/11\/Logo-3-Bunde-2-1200x214.png 1200w, https:\/\/agripedia.ch\/forum-wasser-landwirtschaft\/wp-content\/uploads\/sites\/64\/2025\/11\/Logo-3-Bunde-2-1980x353.png 1980w\" sizes=\"auto, (max-width: 1024px) 100vw, 1024px\" \/><\/figure>\n","protected":false},"excerpt":{"rendered":"<p>Gestion de l&rsquo;eau dans les cultures mara\u00eech\u00e8res Plus de 70 personnes int\u00e9ress\u00e9es ont particip\u00e9 \u00e0 la r\u00e9union annuelle du 13 novembre 2025, qui s&rsquo;est tenue \u00e0 la HESB-HAFL. La professeure Jana Zinkernagel de l&rsquo;universit\u00e9 de Geisenheim en Allemagne a pr\u00e9sent\u00e9 les effets du changement climatique sur l&rsquo;irrigation de certaines cultures mara\u00eech\u00e8res et les options futures. [&hellip;]<\/p>\n","protected":false},"author":234,"featured_media":0,"parent":0,"menu_order":0,"comment_status":"closed","ping_status":"closed","template":"","meta":{"_sb_is_suggestion_mode":false,"_sb_show_suggestion_boards":false,"_sb_show_comment_boards":false,"_sb_suggestion_history":"","_sb_update_block_changes":"","om_disable_all_campaigns":false,"advgb_blocks_editor_width":"","advgb_blocks_columns_visual_guide":"","_monsterinsights_skip_tracking":false,"_monsterinsights_sitenote_active":false,"_monsterinsights_sitenote_note":"","_monsterinsights_sitenote_category":0,"footnotes":""},"class_list":["post-63296","page","type-page","status-publish","hentry"],"coauthors":[{"link":"https:\/\/agripedia.ch\/forum-wasser-landwirtschaft\/fr\/author\/dal0\/","display_name":"dal0"}],"author_meta":{"author_link":"https:\/\/agripedia.ch\/forum-wasser-landwirtschaft\/fr\/author\/dal0\/","display_name":"dal0"},"relative_dates":{"created":"Publi\u00e9 2 mois il y a","modified":"Mis \u00e0 jour 1 mois il y a"},"absolute_dates":{"created":"Publi\u00e9 le 16 f\u00e9vrier 2026","modified":"Mise \u00e0 jour le 8 mars 2026"},"absolute_dates_time":{"created":"Publi\u00e9 le 16 f\u00e9vrier 2026 11h54","modified":"Mise \u00e0 jour le 8 mars 2026 15h13"},"featured_img_caption":"","featured_img":false,"series_order":"","_links":{"self":[{"href":"https:\/\/agripedia.ch\/forum-wasser-landwirtschaft\/fr\/wp-json\/wp\/v2\/pages\/63296","targetHints":{"allow":["GET"]}}],"collection":[{"href":"https:\/\/agripedia.ch\/forum-wasser-landwirtschaft\/fr\/wp-json\/wp\/v2\/pages"}],"about":[{"href":"https:\/\/agripedia.ch\/forum-wasser-landwirtschaft\/fr\/wp-json\/wp\/v2\/types\/page"}],"author":[{"embeddable":true,"href":"https:\/\/agripedia.ch\/forum-wasser-landwirtschaft\/fr\/wp-json\/wp\/v2\/users\/234"}],"replies":[{"embeddable":true,"href":"https:\/\/agripedia.ch\/forum-wasser-landwirtschaft\/fr\/wp-json\/wp\/v2\/comments?post=63296"}],"version-history":[{"count":22,"href":"https:\/\/agripedia.ch\/forum-wasser-landwirtschaft\/fr\/wp-json\/wp\/v2\/pages\/63296\/revisions"}],"predecessor-version":[{"id":63750,"href":"https:\/\/agripedia.ch\/forum-wasser-landwirtschaft\/fr\/wp-json\/wp\/v2\/pages\/63296\/revisions\/63750"}],"wp:attachment":[{"href":"https:\/\/agripedia.ch\/forum-wasser-landwirtschaft\/fr\/wp-json\/wp\/v2\/media?parent=63296"}],"curies":[{"name":"wp","href":"https:\/\/api.w.org\/{rel}","templated":true}]}}