{"id":63294,"date":"2026-02-16T11:54:20","date_gmt":"2026-02-16T10:54:20","guid":{"rendered":"https:\/\/agripedia.ch\/forum-wasser-landwirtschaft\/bois-fragmente\/"},"modified":"2026-03-30T15:28:51","modified_gmt":"2026-03-30T13:28:51","slug":"bois-fragmente","status":"publish","type":"page","link":"https:\/\/agripedia.ch\/forum-wasser-landwirtschaft\/fr\/bois-fragmente\/","title":{"rendered":"Bois ram\u00e9al fragment\u00e9"},"content":{"rendered":"\n<p class=\"has-normal-font-size\">Les haies, mais aussi d&rsquo;autres arbres, peuvent fournir du bois ram\u00e9al fragment\u00e9 (BRF), c&rsquo;est-\u00e0-dire du bois dont la taille est inf\u00e9rieure \u00e0 8 cm. Si les haies sont plant\u00e9es sur les terres agricoles elles-m\u00eames, leur coupe peut \u00eatre utilis\u00e9e sur place pour am\u00e9liorer la fonction du sol dans les champs.<\/p>\n\n\n\n<div style=\"height:21px\" aria-hidden=\"true\" class=\"wp-block-spacer\"><\/div>\n\n\n\n<p class=\"has-normal-font-size\"><strong>Litt\u00e9rature<\/strong><\/p>\n\n\n\n<p class=\"has-normal-font-size\">Gilli C. (Agroscope), G\u00fcnther V. (Service de l&rsquo;agriculture VS). 2012. <a href=\"https:\/\/agripedia.ch\/forum-wasser-landwirtschaft\/wp-content\/uploads\/sites\/64\/2026\/03\/Fragmentiertes-Zweigholz-Agroscope-FR.pdf\" target=\"_blank\" rel=\"noreferrer noopener\">Le bois ram\u00e9al fragment\u00e9<\/a> (FZH). Fiche technique 1-08001.<\/p>\n\n\n\n<p class=\"has-normal-font-size\">Arminjon L., 2019, <a href=\"https:\/\/agripedia.ch\/forum-wasser-landwirtschaft\/wp-content\/uploads\/sites\/64\/2026\/03\/These-de-bachelor-Lucas-Arminjon-BRF-FRI.pdf\" target=\"_blank\" rel=\"noreferrer noopener\">\u00c9tude de faisabilit\u00e9 de l&rsquo;utilisation de Bois Ram\u00e9al Fragment\u00e9 au sein d&rsquo;exploitations suisses<\/a>. Th\u00e8se de bachelor, hepia Gen\u00e8ve.<\/p>\n\n\n\n<div style=\"height:21px\" aria-hidden=\"true\" class=\"wp-block-spacer\"><\/div>\n\n\n\n<p class=\"has-normal-font-size\"><strong>Conseils pratiques<\/strong>\u2009:<\/p>\n\n\n\n<ul class=\"wp-block-list\">\n<li class=\"has-normal-font-size\">broyer les branches fragment\u00e9es au lieu de les d\u00e9chiqueter\u2009;<\/li>\n\n\n\n<li class=\"has-normal-font-size\">diviser le BRF \u00e0 nouveau au milieu\u2009;<\/li>\n\n\n\n<li class=\"has-normal-font-size\">un BRF plus fin a une capacit\u00e9 d&rsquo;absorption d&rsquo;eau plus \u00e9lev\u00e9e.<\/li>\n<\/ul>\n\n\n\n<div style=\"height:21px\" aria-hidden=\"true\" class=\"wp-block-spacer\"><\/div>\n\n\n\n<p>Source de l&rsquo;image : L. Arminjon (Hepia)<\/p>\n\n\n\n<hr class=\"wp-block-separator has-alpha-channel-opacity\"\/>\n\n\n\n<p class=\"has-normal-font-size\">Nous acceptons volontiers vos contributions, remarques, compl\u00e9ments, suggestions et commentaires <a href=\"https:\/\/agripedia.ch\/forum-wasser-landwirtschaft\/fr\/contact\/\" target=\"_blank\" rel=\"noreferrer noopener\">ici.<\/a><\/p>\n","protected":false},"excerpt":{"rendered":"<p>Les haies, mais aussi d&rsquo;autres arbres, peuvent fournir du bois ram\u00e9al fragment\u00e9 (BRF), c&rsquo;est-\u00e0-dire du bois dont la taille est inf\u00e9rieure \u00e0 8 cm. Si les haies sont plant\u00e9es sur les terres agricoles elles-m\u00eames, leur coupe peut \u00eatre utilis\u00e9e sur place pour am\u00e9liorer la fonction du sol dans les champs. Litt\u00e9rature Gilli C. (Agroscope), G\u00fcnther [&hellip;]<\/p>\n","protected":false},"author":234,"featured_media":63214,"parent":0,"menu_order":0,"comment_status":"closed","ping_status":"closed","template":"","meta":{"_sb_is_suggestion_mode":false,"_sb_show_suggestion_boards":false,"_sb_show_comment_boards":false,"_sb_suggestion_history":"","_sb_update_block_changes":"","om_disable_all_campaigns":false,"advgb_blocks_editor_width":"","advgb_blocks_columns_visual_guide":"","_monsterinsights_skip_tracking":false,"_monsterinsights_sitenote_active":false,"_monsterinsights_sitenote_note":"","_monsterinsights_sitenote_category":0,"footnotes":""},"class_list":["post-63294","page","type-page","status-publish","has-post-thumbnail","hentry"],"coauthors":[{"link":"https:\/\/agripedia.ch\/forum-wasser-landwirtschaft\/fr\/author\/dal0\/","display_name":"dal0"}],"author_meta":{"author_link":"https:\/\/agripedia.ch\/forum-wasser-landwirtschaft\/fr\/author\/dal0\/","display_name":"dal0"},"relative_dates":{"created":"Publi\u00e9 2 mois il y a","modified":"Mis \u00e0 jour 2 semaines il y a"},"absolute_dates":{"created":"Publi\u00e9 le 16 f\u00e9vrier 2026","modified":"Mise \u00e0 jour le 30 mars 2026"},"absolute_dates_time":{"created":"Publi\u00e9 le 16 f\u00e9vrier 2026 11h54","modified":"Mise \u00e0 jour le 30 mars 2026 15h28"},"featured_img_caption":"","featured_img":"https:\/\/agripedia.ch\/forum-wasser-landwirtschaft\/wp-content\/uploads\/sites\/64\/2026\/02\/IMG_3211-1200x1600.jpg","series_order":"","_links":{"self":[{"href":"https:\/\/agripedia.ch\/forum-wasser-landwirtschaft\/fr\/wp-json\/wp\/v2\/pages\/63294","targetHints":{"allow":["GET"]}}],"collection":[{"href":"https:\/\/agripedia.ch\/forum-wasser-landwirtschaft\/fr\/wp-json\/wp\/v2\/pages"}],"about":[{"href":"https:\/\/agripedia.ch\/forum-wasser-landwirtschaft\/fr\/wp-json\/wp\/v2\/types\/page"}],"author":[{"embeddable":true,"href":"https:\/\/agripedia.ch\/forum-wasser-landwirtschaft\/fr\/wp-json\/wp\/v2\/users\/234"}],"replies":[{"embeddable":true,"href":"https:\/\/agripedia.ch\/forum-wasser-landwirtschaft\/fr\/wp-json\/wp\/v2\/comments?post=63294"}],"version-history":[{"count":21,"href":"https:\/\/agripedia.ch\/forum-wasser-landwirtschaft\/fr\/wp-json\/wp\/v2\/pages\/63294\/revisions"}],"predecessor-version":[{"id":64133,"href":"https:\/\/agripedia.ch\/forum-wasser-landwirtschaft\/fr\/wp-json\/wp\/v2\/pages\/63294\/revisions\/64133"}],"wp:featuredmedia":[{"embeddable":true,"href":"https:\/\/agripedia.ch\/forum-wasser-landwirtschaft\/fr\/wp-json\/wp\/v2\/media\/63214"}],"wp:attachment":[{"href":"https:\/\/agripedia.ch\/forum-wasser-landwirtschaft\/fr\/wp-json\/wp\/v2\/media?parent=63294"}],"curies":[{"name":"wp","href":"https:\/\/api.w.org\/{rel}","templated":true}]}}