{"id":63292,"date":"2026-02-16T11:54:19","date_gmt":"2026-02-16T10:54:19","guid":{"rendered":"https:\/\/agripedia.ch\/forum-wasser-landwirtschaft\/constitution-dhumus\/"},"modified":"2026-04-01T16:18:35","modified_gmt":"2026-04-01T14:18:35","slug":"constitution-dhumus","status":"publish","type":"page","link":"https:\/\/agripedia.ch\/forum-wasser-landwirtschaft\/fr\/constitution-dhumus\/","title":{"rendered":"Constitution d&rsquo;humus"},"content":{"rendered":"\n<p class=\"has-normal-font-size\">L&rsquo;humus et la mati\u00e8re organique am\u00e9liorent consid\u00e9rablement la structure du sol, le stockage de l&rsquo;eau et des nutriments ainsi que la vie du sol, ce qui augmente la fertilit\u00e9 du sol. Ils favorisent la formation de miettes, augmentent la capacit\u00e9 d&rsquo;\u00e9change cationique (CEC) pour les nutriments tels que l&rsquo;azote et le potassium, agissent comme engrais \u00e0 long terme, stimulent les microorganismes et fixent le carbone.<\/p>\n\n\n\n<p class=\"has-larger-font-size\"><strong>Projets<\/strong><\/p>\n\n\n\n<p class=\"has-normal-font-size\"><strong>Allemand<\/strong><\/p>\n\n\n\n<p class=\"has-normal-font-size\">Canton de Soleure, 2018 &#8211; 2025. <a href=\"https:\/\/so.ch\/verwaltung\/volkswirtschaftsdepartement\/amt-fuer-landwirtschaft\/boden-und-bodenrecht\/ressourcenprogramm-humus\/\" target=\"_blank\" rel=\"noreferrer noopener\">Programme de ressources humus<\/a>.<\/p>\n\n\n\n<p class=\"has-normal-font-size\">Centre Ebenrain pour l&rsquo;agriculture, la nature et l&rsquo;alimentation, FiBL et BLKB, 2021- 2027. <a href=\"https:\/\/www.baselland.ch\/politik-und-behorden\/direktionen\/volkswirtschafts-und-gesundheitsdirektion\/ebenrain\/landwirtschaft\/klima-und-ressourcen\/klimaschutz-durch-humusaufbau\" target=\"_blank\" rel=\"noreferrer noopener\">Protection du climat par la constitution d&rsquo;humus<\/a>.<\/p>\n\n\n\n<p class=\"has-normal-font-size\">Canton d&rsquo;Argovie, 2021 &#8211; 2027. <a href=\"https:\/\/www.ag.ch\/de\/themen\/klimawandel\/kanton\/massnahmenplan?dc=5e88a4f7-55f4-49ff-954f-95ec80869a45_de\" target=\"_blank\" rel=\"noreferrer noopener\">Avant-projet de constitution d&rsquo;humus dans le canton d&rsquo;Argovie<\/a>.<\/p>\n\n\n\n<p class=\"has-normal-font-size\">EU Soil Mission, 2023. Healthy Municipal Soils. <a href=\"https:\/\/www.humus-project.eu\/\" target=\"_blank\" rel=\"noreferrer noopener\">HuMUS &#8211; Healthy Municipal Soils<\/a>.<\/p>\n\n\n\n<p class=\"has-normal-font-size\">Verein HUMUS+Modell, \u00d6koregion Kaindorf. <a href=\"https:\/\/www.humusplus.at\/\" target=\"_blank\" rel=\"noreferrer noopener\">Humus+ Humusaufbauprojekt der \u00d6koregion Kaindorf<\/a>.<\/p>\n\n\n\n<p class=\"has-larger-font-size\"><strong>Litt\u00e9rature<\/strong><\/p>\n\n\n\n<p class=\"has-normal-font-size\"><strong>Fran\u00e7ais<\/strong><\/p>\n\n\n\n<p class=\"has-normal-font-size\">B\u00f6hler D., Niggli J., Schmid T., 2024. Gestion de l&rsquo;humus. Humification \u2013 maintenir et am\u00e9liorer la fertilit\u00e9 du sol. Fiche d&rsquo;information. \u00c9diteur : FiBL. <mdspan datatext=\"el1775052072756\" class=\"mdspan-comment\">Acc\u00e8s le 3.10.25<\/mdspan> : <a href=\"https:\/\/www.fibl.org\/fr\/boutique\/1315-gestion-humus\" target=\"_blank\" rel=\"noreferrer noopener\">FiBL &#8211; T\u00e9l\u00e9chargements et boutique en ligne<\/a>.<\/p>\n\n\n\n<p class=\"has-normal-font-size\">Boivin P., Gondret K., Dupla X., Lema\u00eetre T., 2021. <a href=\"https:\/\/www.vd.ch\/fileadmin\/user_upload\/themes\/environnement\/sol\/fichiers_pdf\/210211_Rapport_Etude_du_deficit_de_Corg_des_sols_vaudois_taux_devolution_et_relation_avec_les_pratiques.pdf\" target=\"_blank\" rel=\"noreferrer noopener\">\u00c9tude du d\u00e9ficit de carbone organique des sols vaudois, taux d&rsquo;\u00e9volution et relation avec les pratiques agricoles<\/a>. Rapport d&rsquo;\u00e9tude final. HEPIA, Groupe Sols et Substrats, Gen\u00e8ve. Acc\u00e8s le 3.10.25.<\/p>\n\n\n\n<p class=\"has-normal-font-size\"><mdspan datatext=\"el1775052257432\" class=\"mdspan-comment\">Schmidhauser A., Gobat JM., Dakhel-Robert N., \u00e9tat 2021. rKLABS-Description des sols sur le terrain, version 2. Un projet de la HESA-HAFL en collaboration avec divers partenaires. Dur\u00e9e jusqu&rsquo;en 2030 environ.<\/mdspan><\/p>\n\n\n\n<p class=\"has-normal-font-size\">Zihlmann U., Weisskopf P., Chervet A., Seitz B., 2019. <a href=\"https:\/\/shop.agridea.ch\/fr\/produit\/matiere-organique-des-sols-cultives-enrichir-plutt-que-consumer\" target=\"_blank\" rel=\"noreferrer noopener\">Mati\u00e8re organique des sols cultiv\u00e9s &#8211; enrichir plut\u00f4t que consumer<\/a>. Fiche technique. \u00c9diteur AGRIDEA. Acc\u00e8s le 3.10.25.<\/p>\n\n\n\n<p class=\"has-normal-font-size\"><strong>Allemand<\/strong><\/p>\n\n\n\n<p class=\"has-normal-font-size\"><mdspan datatext=\"el1775052307276\" class=\"mdspan-comment\">Bodner G., Keiblinger K. La nouvelle th\u00e9orie de l&rsquo;humus comme guide pour une gestion innovante des sols ? Inform &#8211; Journal de l&rsquo;am\u00e9lioration des plantes et de la production de semences (Linz). 2020:2\/2020:15-8<\/mdspan><\/p>\n\n\n\n<p class=\"has-normal-font-size\">Egenolf K. <a href=\"https:\/\/www.landwirtschaftskammer.de\/landwirtschaft\/ackerbau\/boden\/humus\/humustheorie.htm\" target=\"_blank\" rel=\"noreferrer noopener\">La nouvelle th\u00e9orie de l&rsquo;humus et ce que nous pouvons en d\u00e9duire<\/a>. Chambre d&rsquo;agriculture de Rh\u00e9nanie du Nord-Westphalie. Acc\u00e8s le 3.10.25.<\/p>\n\n\n\n<p class=\"has-normal-font-size\">Kolbe H., Zimmer J., 2016. <a href=\"https:\/\/d-nb.info\/1141604558\/34\" target=\"_blank\" rel=\"noreferrer noopener\">Guide de l&rsquo;approvisionnement en humus<\/a>. Informations pour la pratique, le conseil et la formation. \u00c9tat libre de Thuringe, Institut agricole de Thuringe, rapports 2016 : 1. Acc\u00e8s le 3.10.25.<\/p>\n\n\n\n<p class=\"has-normal-font-size\">Pfeiffer E., 1961. Disponibilit\u00e9, solubilit\u00e9 dans l&rsquo;eau ou stockage &#8211; l&rsquo;humus d\u00e9cide de la r\u00e9partition. Essai, mentionn\u00e9 sous : <a href=\"https:\/\/www.bionika.ch\/view\/data\/8383\/Das%20Team_L%C3%BCbke-Hildebrandt.pdf\" target=\"_blank\" rel=\"noreferrer noopener\">Bionika.ch<\/a><\/p>\n\n\n\n<p class=\"has-normal-font-size\"><mdspan datatext=\"el1775052426682\" class=\"mdspan-comment\">Pfeiffer E., 1969, La fertilit\u00e9 de la terre. Sa conservation et son renouvellement. Rudolph Geering-Verlag \/ Dornach, Suisse, 5e \u00e9dition augment\u00e9e, p. 41-43<\/mdspan><\/p>\n\n\n\n<p class=\"has-normal-font-size\">Weisskopf P., 2024. La protection des sols dans l&rsquo;agriculture et son \u00e9volution au fil des ann\u00e9es. <a href=\"https:\/\/www.youtube.com\/watch?v=cyu6ifBtu_0\" target=\"_blank\" rel=\"noreferrer noopener\">Vid\u00e9o de la pr\u00e9sentation lors de la journ\u00e9e des sols 2024<\/a>. Acc\u00e8s le 3.10.25.<\/p>\n","protected":false},"excerpt":{"rendered":"<p>L&rsquo;humus et la mati\u00e8re organique am\u00e9liorent consid\u00e9rablement la structure du sol, le stockage de l&rsquo;eau et des nutriments ainsi que la vie du sol, ce qui augmente la fertilit\u00e9 du sol. Ils favorisent la formation de miettes, augmentent la capacit\u00e9 d&rsquo;\u00e9change cationique (CEC) pour les nutriments tels que l&rsquo;azote et le potassium, agissent comme engrais [&hellip;]<\/p>\n","protected":false},"author":234,"featured_media":61965,"parent":0,"menu_order":0,"comment_status":"closed","ping_status":"closed","template":"","meta":{"_sb_is_suggestion_mode":false,"_sb_show_suggestion_boards":false,"_sb_show_comment_boards":false,"_sb_suggestion_history":"","_sb_update_block_changes":"","om_disable_all_campaigns":false,"advgb_blocks_editor_width":"","advgb_blocks_columns_visual_guide":"","_monsterinsights_skip_tracking":false,"_monsterinsights_sitenote_active":false,"_monsterinsights_sitenote_note":"","_monsterinsights_sitenote_category":0,"footnotes":""},"class_list":["post-63292","page","type-page","status-publish","has-post-thumbnail","hentry"],"coauthors":[{"link":"https:\/\/agripedia.ch\/forum-wasser-landwirtschaft\/fr\/author\/dal0\/","display_name":"dal0"}],"author_meta":{"author_link":"https:\/\/agripedia.ch\/forum-wasser-landwirtschaft\/fr\/author\/dal0\/","display_name":"dal0"},"relative_dates":{"created":"Publi\u00e9 2 mois il y a","modified":"Mis \u00e0 jour 1 semaine il y a"},"absolute_dates":{"created":"Publi\u00e9 le 16 f\u00e9vrier 2026","modified":"Mise \u00e0 jour le 1 avril 2026"},"absolute_dates_time":{"created":"Publi\u00e9 le 16 f\u00e9vrier 2026 11h54","modified":"Mise \u00e0 jour le 1 avril 2026 16h18"},"featured_img_caption":"","featured_img":"https:\/\/agripedia.ch\/forum-wasser-landwirtschaft\/wp-content\/uploads\/sites\/64\/2025\/11\/20250625_Biodiversitaet_Feldrand_jin-1200x800.jpg","series_order":"","_links":{"self":[{"href":"https:\/\/agripedia.ch\/forum-wasser-landwirtschaft\/fr\/wp-json\/wp\/v2\/pages\/63292","targetHints":{"allow":["GET"]}}],"collection":[{"href":"https:\/\/agripedia.ch\/forum-wasser-landwirtschaft\/fr\/wp-json\/wp\/v2\/pages"}],"about":[{"href":"https:\/\/agripedia.ch\/forum-wasser-landwirtschaft\/fr\/wp-json\/wp\/v2\/types\/page"}],"author":[{"embeddable":true,"href":"https:\/\/agripedia.ch\/forum-wasser-landwirtschaft\/fr\/wp-json\/wp\/v2\/users\/234"}],"replies":[{"embeddable":true,"href":"https:\/\/agripedia.ch\/forum-wasser-landwirtschaft\/fr\/wp-json\/wp\/v2\/comments?post=63292"}],"version-history":[{"count":32,"href":"https:\/\/agripedia.ch\/forum-wasser-landwirtschaft\/fr\/wp-json\/wp\/v2\/pages\/63292\/revisions"}],"predecessor-version":[{"id":64177,"href":"https:\/\/agripedia.ch\/forum-wasser-landwirtschaft\/fr\/wp-json\/wp\/v2\/pages\/63292\/revisions\/64177"}],"wp:featuredmedia":[{"embeddable":true,"href":"https:\/\/agripedia.ch\/forum-wasser-landwirtschaft\/fr\/wp-json\/wp\/v2\/media\/61965"}],"wp:attachment":[{"href":"https:\/\/agripedia.ch\/forum-wasser-landwirtschaft\/fr\/wp-json\/wp\/v2\/media?parent=63292"}],"curies":[{"name":"wp","href":"https:\/\/api.w.org\/{rel}","templated":true}]}}