{"id":63290,"date":"2026-02-16T11:53:28","date_gmt":"2026-02-16T10:53:28","guid":{"rendered":"https:\/\/agripedia.ch\/forum-wasser-landwirtschaft\/mesurer-lhumidite-du-sol\/"},"modified":"2026-04-10T14:05:32","modified_gmt":"2026-04-10T12:05:32","slug":"mesurer-lhumidite-du-sol","status":"publish","type":"page","link":"https:\/\/agripedia.ch\/forum-wasser-landwirtschaft\/fr\/mesurer-lhumidite-du-sol\/","title":{"rendered":"Mesurer l&rsquo;humidit\u00e9 du sol"},"content":{"rendered":"\n<p class=\"has-normal-font-size\">Les capteurs d&rsquo;humidit\u00e9 du sol aident les agriculteurs \u00e0 \u00e9valuer la capacit\u00e9 de stockage de l&rsquo;eau (infiltration, infiltration en profondeur et lessivage) et les processus internes du sol.<\/p>\n\n\n\n<div style=\"height:21px\" aria-hidden=\"true\" class=\"wp-block-spacer\"><\/div>\n\n\n\n<div class=\"wp-block-getwid-accordion has-icon-left\" data-active-element=\"none\">\n<div class=\"wp-block-getwid-accordion__header-wrapper\"><span class=\"wp-block-getwid-accordion__header\"><a href=\"#\"><span class=\"wp-block-getwid-accordion__header-title\"><strong>Mesure<\/strong><\/span><span class=\"wp-block-getwid-accordion__icon is-active\"><i class=\"fas fa-plus\"><\/i><\/span><span class=\"wp-block-getwid-accordion__icon is-passive\"><i class=\"fas fa-minus\"><\/i><\/span><\/a><\/span><\/div><div class=\"wp-block-getwid-accordion__content-wrapper\"><div class=\"wp-block-getwid-accordion__content\">\n<p class=\"has-normal-font-size\">Les capteurs d&rsquo;humidit\u00e9 du sol mesurent la teneur en eau du sol en utilisant les propri\u00e9t\u00e9s \u00e9lectriques ou capacitives du sol, qui varient en fonction de l&rsquo;humidit\u00e9. Ces capteurs fournissent des donn\u00e9es pour les syst\u00e8mes d&rsquo;irrigation automatis\u00e9s, optimisent l&rsquo;utilisation de l&rsquo;eau, aident \u00e0 prendre soin des plantes et contribuent \u00e0 la protection de l&rsquo;environnement.   <\/p>\n\n\n\n<p class=\"has-normal-font-size\"><strong>Fonctionnement<\/strong><br>Les capteurs d&rsquo;humidit\u00e9 du sol fonctionnent de diff\u00e9rentes mani\u00e8res :<\/p>\n\n\n\n<ul class=\"wp-block-list has-normal-font-size\">\n<li><strong>R\u00e9sistance \u00e9lectrique :<\/strong> ces capteurs utilisent deux sondes m\u00e9talliques qui sont enfonc\u00e9es dans le sol. Si le sol est humide, la r\u00e9sistance \u00e9lectrique est plus faible ; s&rsquo;il est sec, elle est plus \u00e9lev\u00e9e. <\/li>\n\n\n\n<li><strong>Mesure capacitive :<\/strong> ces capteurs ne mesurent pas directement l&rsquo;humidit\u00e9, mais la variation de la capacit\u00e9 du sol, qui r\u00e9sulte de la diff\u00e9rence de contraste di\u00e9lectrique entre l&rsquo;eau et le sol.<\/li>\n\n\n\n<li><strong>Capteurs TDR (Time-Domain-Reflectometry) :<\/strong> Ces capteurs \u00e9mettent des ondes \u00e9lectromagn\u00e9tiques et mesurent le temps n\u00e9cessaire \u00e0 leur passage dans le sol pour d\u00e9terminer le taux d&rsquo;humidit\u00e9.  <\/li>\n<\/ul>\n<\/div><\/div>\n\n\n\n<div class=\"wp-block-getwid-accordion__header-wrapper\"><span class=\"wp-block-getwid-accordion__header\"><a href=\"#\"><span class=\"wp-block-getwid-accordion__header-title\"><strong>Objet et utilisation<\/strong><\/span><span class=\"wp-block-getwid-accordion__icon is-active\"><i class=\"fas fa-plus\"><\/i><\/span><span class=\"wp-block-getwid-accordion__icon is-passive\"><i class=\"fas fa-minus\"><\/i><\/span><\/a><\/span><\/div><div class=\"wp-block-getwid-accordion__content-wrapper\"><div class=\"wp-block-getwid-accordion__content\">\n<p class=\"has-normal-font-size\"><strong>Arrosage automatis\u00e9 :<\/strong> les capteurs de sol peuvent contr\u00f4ler les syst\u00e8mes d&rsquo;irrigation afin de fournir de l&rsquo;eau aux plantes uniquement lorsque cela est n\u00e9cessaire.<\/p>\n\n\n\n<p class=\"has-normal-font-size\"><strong>Optimisation des ressources :<\/strong> ils fournissent des donn\u00e9es en temps r\u00e9el sur le r\u00e9gime des eaux et permettent un contr\u00f4le pr\u00e9cis de l&rsquo;irrigation. Une irrigation pr\u00e9cise permet d&rsquo;\u00e9conomiser l&rsquo;eau et d&rsquo;\u00e9viter des inondations co\u00fbteuses ou des d\u00e9g\u00e2ts dus \u00e0 la s\u00e9cheresse. <\/p>\n\n\n\n<p class=\"has-normal-font-size\"><strong>Croissance des plantes et rendements :<\/strong> Les bonnes conditions d&rsquo;humidit\u00e9 favorisent une croissance saine des plantes et assurent des rendements plus \u00e9lev\u00e9s.  <\/p>\n<\/div><\/div>\n\n\n\n<div class=\"wp-block-getwid-accordion__header-wrapper\"><span class=\"wp-block-getwid-accordion__header\"><a href=\"#\"><span class=\"wp-block-getwid-accordion__header-title\"><strong>S\u00e9lection et entretien<\/strong><\/span><span class=\"wp-block-getwid-accordion__icon is-active\"><i class=\"fas fa-plus\"><\/i><\/span><span class=\"wp-block-getwid-accordion__icon is-passive\"><i class=\"fas fa-minus\"><\/i><\/span><\/a><\/span><\/div><div class=\"wp-block-getwid-accordion__content-wrapper\"><div class=\"wp-block-getwid-accordion__content\">\n<p class=\"has-normal-font-size\"><strong>\u00c9talonnage :<\/strong> les capteurs doivent \u00eatre \u00e9talonn\u00e9s r\u00e9guli\u00e8rement pour garantir des lectures pr\u00e9cises, car les diff\u00e9rents types de sol ont des plages d&rsquo;humidit\u00e9 id\u00e9ales diff\u00e9rentes.<\/p>\n\n\n\n<p class=\"has-normal-font-size\"><strong>Compatibilit\u00e9 :<\/strong> assurez-vous de la compatibilit\u00e9 de la sonde avec votre syst\u00e8me d&rsquo;irrigation ou d&rsquo;autres appareils.  <\/p>\n<\/div><\/div>\n<\/div>\n\n\n\n<div style=\"height:21px\" aria-hidden=\"true\" class=\"wp-block-spacer\"><\/div>\n\n\n\n<p class=\"has-normal-font-size\">Ruedi Hunger, r\u00e9dacteur, Technique agricole suisse : <a href=\"https:\/\/www.agrartechnik.ch\/fileadmin\/user_upload\/downloads_verlag\/SP_Hunger_Schwerpunkt_Homepage.pdf\" target=\"_blank\" rel=\"noreferrer noopener\">Markt\u00fcbersicht<br>Bodenfeuchtesensoren, Forschungsprojekte<\/a>. Aper\u00e7u du march\u00e9 des capteurs d&rsquo;humidit\u00e9 du sol.<\/p>\n\n\n\n<div style=\"height:21px\" aria-hidden=\"true\" class=\"wp-block-spacer\"><\/div>\n\n\n\n<p class=\"has-normal-font-size\"><strong>Collaboration<\/strong><\/p>\n\n\n\n<p class=\"has-normal-font-size\">Si vous souhaitez d\u00e9velopper le th\u00e8me des techniques d&rsquo;irrigation avec des personnes partageant les m\u00eames id\u00e9es, rejoignez le groupe de travail. Pour en savoir plus, consultez la <a href=\"https:\/\/agripedia.ch\/forum-wasser-landwirtschaft\/fr\/association\/\" target=\"_blank\" rel=\"noreferrer noopener\">page Association<\/a> du Forum.<\/p>\n\n\n\n<hr class=\"wp-block-separator has-alpha-channel-opacity\"\/>\n\n\n\n<p class=\"has-normal-font-size\">Nous acceptons volontiers vos contributions, remarques, compl\u00e9ments, suggestions et commentaires <a href=\"https:\/\/agripedia.ch\/forum-wasser-landwirtschaft\/fr\/contact\/\" data-type=\"page\" data-id=\"1023\" target=\"_blank\" rel=\"noreferrer noopener\">ici.<\/a><\/p>\n","protected":false},"excerpt":{"rendered":"<p>Les capteurs d&rsquo;humidit\u00e9 du sol aident les agriculteurs \u00e0 \u00e9valuer la capacit\u00e9 de stockage de l&rsquo;eau (infiltration, infiltration en profondeur et lessivage) et les processus internes du sol. Ruedi Hunger, r\u00e9dacteur, Technique agricole suisse : Markt\u00fcbersichtBodenfeuchtesensoren, Forschungsprojekte. Aper\u00e7u du march\u00e9 des capteurs d&rsquo;humidit\u00e9 du sol. Collaboration Si vous souhaitez d\u00e9velopper le th\u00e8me des techniques d&rsquo;irrigation [&hellip;]<\/p>\n","protected":false},"author":234,"featured_media":61475,"parent":0,"menu_order":0,"comment_status":"closed","ping_status":"closed","template":"","meta":{"_sb_is_suggestion_mode":false,"_sb_show_suggestion_boards":false,"_sb_show_comment_boards":false,"_sb_suggestion_history":"","_sb_update_block_changes":"","om_disable_all_campaigns":false,"advgb_blocks_editor_width":"","advgb_blocks_columns_visual_guide":"","_monsterinsights_skip_tracking":false,"_monsterinsights_sitenote_active":false,"_monsterinsights_sitenote_note":"","_monsterinsights_sitenote_category":0,"footnotes":""},"class_list":["post-63290","page","type-page","status-publish","has-post-thumbnail","hentry"],"coauthors":[{"link":"https:\/\/agripedia.ch\/forum-wasser-landwirtschaft\/fr\/author\/dal0\/","display_name":"dal0"}],"author_meta":{"author_link":"https:\/\/agripedia.ch\/forum-wasser-landwirtschaft\/fr\/author\/dal0\/","display_name":"dal0"},"relative_dates":{"created":"Publi\u00e9 2 mois il y a","modified":"Mis \u00e0 jour 2 jours il y a"},"absolute_dates":{"created":"Publi\u00e9 le 16 f\u00e9vrier 2026","modified":"Mise \u00e0 jour le 10 avril 2026"},"absolute_dates_time":{"created":"Publi\u00e9 le 16 f\u00e9vrier 2026 11h53","modified":"Mise \u00e0 jour le 10 avril 2026 14h05"},"featured_img_caption":"","featured_img":"https:\/\/agripedia.ch\/forum-wasser-landwirtschaft\/wp-content\/uploads\/sites\/64\/2025\/10\/Bodensonde-schmal-1200x567.jpg","series_order":"","_links":{"self":[{"href":"https:\/\/agripedia.ch\/forum-wasser-landwirtschaft\/fr\/wp-json\/wp\/v2\/pages\/63290","targetHints":{"allow":["GET"]}}],"collection":[{"href":"https:\/\/agripedia.ch\/forum-wasser-landwirtschaft\/fr\/wp-json\/wp\/v2\/pages"}],"about":[{"href":"https:\/\/agripedia.ch\/forum-wasser-landwirtschaft\/fr\/wp-json\/wp\/v2\/types\/page"}],"author":[{"embeddable":true,"href":"https:\/\/agripedia.ch\/forum-wasser-landwirtschaft\/fr\/wp-json\/wp\/v2\/users\/234"}],"replies":[{"embeddable":true,"href":"https:\/\/agripedia.ch\/forum-wasser-landwirtschaft\/fr\/wp-json\/wp\/v2\/comments?post=63290"}],"version-history":[{"count":7,"href":"https:\/\/agripedia.ch\/forum-wasser-landwirtschaft\/fr\/wp-json\/wp\/v2\/pages\/63290\/revisions"}],"predecessor-version":[{"id":64378,"href":"https:\/\/agripedia.ch\/forum-wasser-landwirtschaft\/fr\/wp-json\/wp\/v2\/pages\/63290\/revisions\/64378"}],"wp:featuredmedia":[{"embeddable":true,"href":"https:\/\/agripedia.ch\/forum-wasser-landwirtschaft\/fr\/wp-json\/wp\/v2\/media\/61475"}],"wp:attachment":[{"href":"https:\/\/agripedia.ch\/forum-wasser-landwirtschaft\/fr\/wp-json\/wp\/v2\/media?parent=63290"}],"curies":[{"name":"wp","href":"https:\/\/api.w.org\/{rel}","templated":true}]}}