{"id":63288,"date":"2026-02-16T11:52:12","date_gmt":"2026-02-16T10:52:12","guid":{"rendered":"https:\/\/agripedia.ch\/forum-wasser-landwirtschaft\/agroforesterie\/"},"modified":"2026-03-30T15:15:04","modified_gmt":"2026-03-30T13:15:04","slug":"agroforesterie","status":"publish","type":"page","link":"https:\/\/agripedia.ch\/forum-wasser-landwirtschaft\/fr\/agroforesterie\/","title":{"rendered":"Agroforesterie"},"content":{"rendered":"\n<p class=\"has-normal-font-size\"><a href=\"https:\/\/www.agroforesterie.ch\/ig-agroforst-2\/\" target=\"_blank\" rel=\"noreferrer noopener\">IG Agroforst<\/a> est le r\u00e9seau suisse autour de ce th\u00e8me. Il \u00e9labore des connaissances et encourage les \u00e9changes entre les agriculteurs, les conseillers et les experts. Dans toute l&rsquo;Europe, l&rsquo;agroforesterie est une composante importante de l&rsquo;agriculture actuelle.<\/p>\n\n\n\n<p class=\"has-normal-font-size\">L&rsquo;agroforesterie moderne maintient des syst\u00e8mes agricoles productifs dans les conditions du changement climatique, capte le carbone, prot\u00e8ge les sols et favorise la biodiversit\u00e9.<\/p>\n\n\n\n<div style=\"height:21px\" aria-hidden=\"true\" class=\"wp-block-spacer\"><\/div>\n\n\n\n<p class=\"has-larger-font-size\"><strong>Litt\u00e9rature<\/strong><\/p>\n\n\n\n<p class=\"has-normal-font-size\">AGRIDEA.<mdspan datatext=\"el1774876108602\" class=\"mdspan-comment\"> <a href=\"https:\/\/shop.agridea.ch\/fr\/produit\/comment-planter-et-entretenir-les-haies\" target=\"_blank\" rel=\"noreferrer noopener\">Planter et entretenir correctement les haies.<\/a><\/mdspan> Fiche d&rsquo;information.<\/p>\n\n\n\n<p class=\"has-normal-font-size\">Brandle JR, Hodges L, Zhou XH, 2004, Windbreaks in North American agricultural systems : New visitas in Agroforestry. <a href=\"https:\/\/link.springer.com\/article\/10.1023\/B:AGFO.0000028990.31801.62\" target=\"_blank\" rel=\"noreferrer noopener\">DOI:10.1023\/B:AGFO.0000028990.31801.62<\/a><\/p>\n\n\n\n<p class=\"has-normal-font-size\"><mdspan datatext=\"el1774876444515\" class=\"mdspan-comment\">Den Hoond Vaccaro C, Herzog F, Schoop J, Nilles L, J\u00e4ger M, Kay S, 2025. Pratique agroforesti\u00e8re en Suisse. ISBN : 978-3-258-08366-7<\/mdspan><\/p>\n\n\n\n<p class=\"has-normal-font-size\">CI agroforesterie suisse, 2025. Podcast agroforesterie en allemand, <a href=\"https:\/\/www.agroforst.ch\/podcast\/\" target=\"_blank\" rel=\"noreferrer noopener\">agroforst.ch<\/a><\/p>\n\n\n\n<p><\/p>\n","protected":false},"excerpt":{"rendered":"<p>IG Agroforst est le r\u00e9seau suisse autour de ce th\u00e8me. Il \u00e9labore des connaissances et encourage les \u00e9changes entre les agriculteurs, les conseillers et les experts. Dans toute l&rsquo;Europe, l&rsquo;agroforesterie est une composante importante de l&rsquo;agriculture actuelle. L&rsquo;agroforesterie moderne maintient des syst\u00e8mes agricoles productifs dans les conditions du changement climatique, capte le carbone, prot\u00e8ge les [&hellip;]<\/p>\n","protected":false},"author":234,"featured_media":0,"parent":0,"menu_order":0,"comment_status":"closed","ping_status":"closed","template":"","meta":{"_sb_is_suggestion_mode":false,"_sb_show_suggestion_boards":false,"_sb_show_comment_boards":false,"_sb_suggestion_history":"","_sb_update_block_changes":"","om_disable_all_campaigns":false,"advgb_blocks_editor_width":"","advgb_blocks_columns_visual_guide":"","_monsterinsights_skip_tracking":false,"_monsterinsights_sitenote_active":false,"_monsterinsights_sitenote_note":"","_monsterinsights_sitenote_category":0,"footnotes":""},"class_list":["post-63288","page","type-page","status-publish","hentry"],"coauthors":[{"link":"https:\/\/agripedia.ch\/forum-wasser-landwirtschaft\/fr\/author\/dal0\/","display_name":"dal0"}],"author_meta":{"author_link":"https:\/\/agripedia.ch\/forum-wasser-landwirtschaft\/fr\/author\/dal0\/","display_name":"dal0"},"relative_dates":{"created":"Publi\u00e9 2 mois il y a","modified":"Mis \u00e0 jour 2 semaines il y a"},"absolute_dates":{"created":"Publi\u00e9 le 16 f\u00e9vrier 2026","modified":"Mise \u00e0 jour le 30 mars 2026"},"absolute_dates_time":{"created":"Publi\u00e9 le 16 f\u00e9vrier 2026 11h52","modified":"Mise \u00e0 jour le 30 mars 2026 15h15"},"featured_img_caption":"","featured_img":false,"series_order":"","_links":{"self":[{"href":"https:\/\/agripedia.ch\/forum-wasser-landwirtschaft\/fr\/wp-json\/wp\/v2\/pages\/63288","targetHints":{"allow":["GET"]}}],"collection":[{"href":"https:\/\/agripedia.ch\/forum-wasser-landwirtschaft\/fr\/wp-json\/wp\/v2\/pages"}],"about":[{"href":"https:\/\/agripedia.ch\/forum-wasser-landwirtschaft\/fr\/wp-json\/wp\/v2\/types\/page"}],"author":[{"embeddable":true,"href":"https:\/\/agripedia.ch\/forum-wasser-landwirtschaft\/fr\/wp-json\/wp\/v2\/users\/234"}],"replies":[{"embeddable":true,"href":"https:\/\/agripedia.ch\/forum-wasser-landwirtschaft\/fr\/wp-json\/wp\/v2\/comments?post=63288"}],"version-history":[{"count":6,"href":"https:\/\/agripedia.ch\/forum-wasser-landwirtschaft\/fr\/wp-json\/wp\/v2\/pages\/63288\/revisions"}],"predecessor-version":[{"id":64130,"href":"https:\/\/agripedia.ch\/forum-wasser-landwirtschaft\/fr\/wp-json\/wp\/v2\/pages\/63288\/revisions\/64130"}],"wp:attachment":[{"href":"https:\/\/agripedia.ch\/forum-wasser-landwirtschaft\/fr\/wp-json\/wp\/v2\/media?parent=63288"}],"curies":[{"name":"wp","href":"https:\/\/api.w.org\/{rel}","templated":true}]}}