{"id":668,"date":"2022-05-13T14:48:09","date_gmt":"2022-05-13T14:48:09","guid":{"rendered":"https:\/\/agripedia.ch\/focus-ap-pa\/?page_id=668"},"modified":"2026-01-20T15:42:24","modified_gmt":"2026-01-20T15:42:24","slug":"trajectoire-de-reduction-des-elements-nutritifs-et-des-produits-phytosanitaires","status":"publish","type":"page","link":"https:\/\/agripedia.ch\/focus-ap-pa\/page-daccueil\/trajectoire-de-reduction-des-elements-nutritifs-et-des-produits-phytosanitaires\/","title":{"rendered":"Trajectoire de r\u00e9duction des \u00e9l\u00e9ments nutritifs et des produits phytosanitaires"},"content":{"rendered":"<p><div class=\"fusion-fullwidth fullwidth-box fusion-builder-row-1 fusion-flex-container nonhundred-percent-fullwidth non-hundred-percent-height-scrolling\" style=\"--awb-border-radius-top-left:0px;--awb-border-radius-top-right:0px;--awb-border-radius-bottom-right:0px;--awb-border-radius-bottom-left:0px;--awb-flex-wrap:wrap;\" ><div class=\"fusion-builder-row fusion-row fusion-flex-align-items-flex-start fusion-flex-content-wrap\" style=\"max-width:1144px;margin-left: calc(-4% \/ 2 );margin-right: calc(-4% \/ 2 );\"><div class=\"fusion-layout-column fusion_builder_column fusion-builder-column-0 fusion_builder_column_1_1 1_1 fusion-flex-column\" style=\"--awb-bg-size:cover;--awb-width-large:100%;--awb-margin-top-large:0px;--awb-spacing-right-large:1.92%;--awb-margin-bottom-large:20px;--awb-spacing-left-large:1.92%;--awb-width-medium:100%;--awb-order-medium:0;--awb-spacing-right-medium:1.92%;--awb-spacing-left-medium:1.92%;--awb-width-small:100%;--awb-order-small:0;--awb-spacing-right-small:1.92%;--awb-spacing-left-small:1.92%;\"><div class=\"fusion-column-wrapper fusion-column-has-shadow fusion-flex-justify-content-flex-start fusion-content-layout-column\"><div class=\"fusion-text fusion-text-1\"><p>En ao\u00fbt 2019, la Commission de l\u2019\u00e9conomie et des redevances du Conseil des Etats (CER-E) a d\u00e9pos\u00e9 l\u2019initiative parlementaire (Iv. pa.) 19.475 \u00abR\u00e9duire le risque de l\u2019utilisation de pesticides\u00bb. Celle-ci a \u00e9t\u00e9 compl\u00e9t\u00e9e pendant les d\u00e9bats parlementaires avec l\u2019objectif de r\u00e9duire de mani\u00e8re appropri\u00e9e les pertes d\u2019\u00e9l\u00e9ments nutritifs dans l\u2019agriculture. Avec l\u2019Iv.pa. les risques li\u00e9s \u00e0 l\u2019utilisation de produits phytosanitaires et les pertes d\u2019\u00e9l\u00e9ments nutritifs doivent \u00eatre r\u00e9duits et une trajectoire de r\u00e9duction avec des valeurs cibles pour les risques li\u00e9s \u00e0 l\u2019utilisation de pesticides et les pertes d\u2019\u00e9l\u00e9ments nutritifs doit \u00eatre ancr\u00e9e dans la loi. Les risques li\u00e9s \u00e0 l\u2019utilisation de produits phytosanitaires doivent \u00eatre diminu\u00e9s de moiti\u00e9 d\u2019ici 2027 et les pertes d\u2019\u00e9l\u00e9ments nutritifs doivent \u00eatre r\u00e9duites de 15 % pour l\u2019azote et de 20 % pour le phosphore d\u2019ici 2030.<\/p>\n<p>Par la suite, le Parlement a adopt\u00e9 la loi f\u00e9d\u00e9rale sur la r\u00e9duction des risques li\u00e9s \u00e0 l\u2019utilisation des pesticides. Cette loi contient des modifications de la l\u00e9gislation sur les produits chimiques, l\u2019agriculture et la protection des eaux.<\/p>\n<\/div><\/div><\/div><\/div><\/div><div class=\"fusion-fullwidth fullwidth-box fusion-builder-row-2 fusion-flex-container nonhundred-percent-fullwidth non-hundred-percent-height-scrolling\" style=\"--awb-border-radius-top-left:0px;--awb-border-radius-top-right:0px;--awb-border-radius-bottom-right:0px;--awb-border-radius-bottom-left:0px;--awb-flex-wrap:wrap;\" ><div class=\"fusion-builder-row fusion-row fusion-flex-align-items-flex-start fusion-flex-content-wrap\" style=\"max-width:1144px;margin-left: calc(-4% \/ 2 );margin-right: calc(-4% \/ 2 );\"><div class=\"fusion-layout-column fusion_builder_column fusion-builder-column-1 fusion_builder_column_1_1 1_1 fusion-flex-column\" style=\"--awb-bg-size:cover;--awb-width-large:100%;--awb-margin-top-large:0px;--awb-spacing-right-large:1.92%;--awb-margin-bottom-large:20px;--awb-spacing-left-large:1.92%;--awb-width-medium:100%;--awb-order-medium:0;--awb-spacing-right-medium:1.92%;--awb-spacing-left-medium:1.92%;--awb-width-small:100%;--awb-order-small:0;--awb-spacing-right-small:1.92%;--awb-spacing-left-small:1.92%;\"><div class=\"fusion-column-wrapper fusion-column-has-shadow fusion-flex-justify-content-flex-start fusion-content-layout-column\"><\/div><\/div><div class=\"fusion-layout-column fusion_builder_column fusion-builder-column-2 fusion_builder_column_1_3 1_3 fusion-flex-column agri-teaser-box fusion-column-inner-bg-wrapper\" style=\"--awb-inner-bg-image:url(&#039;https:\/\/agripedia.ch\/focus-ap-pa\/wp-content\/uploads\/sites\/22\/2022\/04\/Paysage-SPB-Jachere-florale-Fontanney-LeMont-2019-07-19_MAmaudruz-4305-600x292.jpg&#039;);--awb-inner-bg-size:cover;--awb-width-large:33.333333333333%;--awb-margin-top-large:0px;--awb-spacing-right-large:5.76%;--awb-margin-bottom-large:20px;--awb-spacing-left-large:5.76%;--awb-width-medium:33.333333333333%;--awb-order-medium:0;--awb-spacing-right-medium:5.76%;--awb-spacing-left-medium:5.76%;--awb-width-small:100%;--awb-order-small:0;--awb-spacing-right-small:1.92%;--awb-spacing-left-small:1.92%;\"><span class=\"fusion-column-inner-bg hover-type-none\"><a class=\"fusion-column-anchor\" href=\"https:\/\/agripedia.ch\/focus-ap-pa\/page-daccueil\/trajectoire-de-reduction-des-elements-nutritifs-et-des-produits-phytosanitaires\/train-dordonnance-iv-pa-19-475\/\" rel=\"noopener noreferrer\" target=\"_blank\"><span class=\"fusion-column-inner-bg-image\"><\/span><\/a><\/span><div class=\"fusion-column-wrapper fusion-column-has-shadow fusion-flex-justify-content-flex-start fusion-content-layout-column fusion-column-has-bg-image\" data-bg-url=\"https:\/\/agripedia.ch\/focus-ap-pa\/wp-content\/uploads\/sites\/22\/2022\/04\/Paysage-SPB-Jachere-florale-Fontanney-LeMont-2019-07-19_MAmaudruz-4305-600x292.jpg\"><div class=\"fusion-title title fusion-title-1 fusion-sep-none fusion-title-text fusion-title-size-three agri-title-bar\"><h3 class=\"fusion-title-heading title-heading-left fusion-responsive-typography-calculated\" style=\"margin:0;--fontSize:28;line-height:1.1;\">Trains d\u2019ordonnances agricoles<\/h3><\/div><\/div><\/div><div class=\"fusion-layout-column fusion_builder_column fusion-builder-column-3 fusion_builder_column_1_3 1_3 fusion-flex-column agri-teaser-box fusion-column-inner-bg-wrapper\" style=\"--awb-inner-bg-image:url(&#039;https:\/\/agripedia.ch\/focus-ap-pa\/wp-content\/uploads\/sites\/22\/2022\/05\/Schleppschlauch_2-600x327.jpg&#039;);--awb-inner-bg-size:cover;--awb-width-large:33.333333333333%;--awb-margin-top-large:0px;--awb-spacing-right-large:5.76%;--awb-margin-bottom-large:20px;--awb-spacing-left-large:5.76%;--awb-width-medium:33.333333333333%;--awb-order-medium:0;--awb-spacing-right-medium:5.76%;--awb-spacing-left-medium:5.76%;--awb-width-small:100%;--awb-order-small:0;--awb-spacing-right-small:1.92%;--awb-spacing-left-small:1.92%;\" data-scroll-devices=\"small-visibility,medium-visibility,large-visibility\"><span class=\"fusion-column-inner-bg hover-type-none\"><a class=\"fusion-column-anchor\" href=\"https:\/\/agripedia.ch\/focus-ap-pa\/page-daccueil\/trajectoire-de-reduction-des-elements-nutritifs-et-des-produits-phytosanitaires\/absenkpfad-naehrstoffe\/\" rel=\"noopener noreferrer\" target=\"_blank\"><span class=\"fusion-column-inner-bg-image\"><\/span><\/a><\/span><div class=\"fusion-column-wrapper fusion-column-has-shadow fusion-flex-justify-content-flex-start fusion-content-layout-column fusion-column-has-bg-image\" data-bg-url=\"https:\/\/agripedia.ch\/focus-ap-pa\/wp-content\/uploads\/sites\/22\/2022\/05\/Schleppschlauch_2-600x327.jpg\"><div class=\"fusion-title title fusion-title-2 fusion-sep-none fusion-title-text fusion-title-size-three agri-title-bar\"><h3 class=\"fusion-title-heading title-heading-left fusion-responsive-typography-calculated\" style=\"margin:0;--fontSize:28;line-height:1.1;\">Trajectoire de r\u00e9duction des \u00e9missions d\u2019\u00e9l\u00e9ments nutritifs<\/h3><\/div><\/div><\/div><div class=\"fusion-layout-column fusion_builder_column fusion-builder-column-4 fusion_builder_column_1_3 1_3 fusion-flex-column agri-teaser-box fusion-column-inner-bg-wrapper\" style=\"--awb-inner-bg-image:url(&#039;https:\/\/agripedia.ch\/focus-ap-pa\/wp-content\/uploads\/sites\/22\/2022\/05\/Pflanzenschutz_schmal-4-600x305.jpg&#039;);--awb-inner-bg-size:cover;--awb-width-large:33.333333333333%;--awb-margin-top-large:0px;--awb-spacing-right-large:5.76%;--awb-margin-bottom-large:20px;--awb-spacing-left-large:5.76%;--awb-width-medium:33.333333333333%;--awb-order-medium:0;--awb-spacing-right-medium:5.76%;--awb-spacing-left-medium:5.76%;--awb-width-small:100%;--awb-order-small:0;--awb-spacing-right-small:1.92%;--awb-spacing-left-small:1.92%;\"><span class=\"fusion-column-inner-bg hover-type-none\"><a class=\"fusion-column-anchor\" href=\"https:\/\/agripedia.ch\/focus-ap-pa\/bonne-pratique-agricoles-en-protection-des-plantes\/\" rel=\"noopener noreferrer\" target=\"_blank\"><span class=\"fusion-column-inner-bg-image\"><\/span><\/a><\/span><div class=\"fusion-column-wrapper fusion-column-has-shadow fusion-flex-justify-content-flex-start fusion-content-layout-column fusion-column-has-bg-image\" data-bg-url=\"https:\/\/agripedia.ch\/focus-ap-pa\/wp-content\/uploads\/sites\/22\/2022\/05\/Pflanzenschutz_schmal-4-600x305.jpg\"><div class=\"fusion-title title fusion-title-3 fusion-sep-none fusion-title-text fusion-title-size-three agri-title-bar\"><h3 class=\"fusion-title-heading title-heading-left fusion-responsive-typography-calculated\" style=\"margin:0;--fontSize:28;line-height:1.1;\">Trajectoire de r\u00e9duction des produits phytosanitaires<\/h3><\/div><\/div><\/div><\/div><\/div><\/p>\n","protected":false},"excerpt":{"rendered":"","protected":false},"author":267,"featured_media":0,"parent":277,"menu_order":0,"comment_status":"closed","ping_status":"closed","template":"","meta":{"_sb_is_suggestion_mode":false,"_sb_show_suggestion_boards":false,"_sb_show_comment_boards":false,"_sb_suggestion_history":"","_sb_update_block_changes":"","inline_featured_image":false,"_monsterinsights_skip_tracking":false,"_monsterinsights_sitenote_active":false,"_monsterinsights_sitenote_note":"","_monsterinsights_sitenote_category":0,"footnotes":""},"class_list":["post-668","page","type-page","status-publish","hentry"],"_links":{"self":[{"href":"https:\/\/agripedia.ch\/focus-ap-pa\/wp-json\/wp\/v2\/pages\/668","targetHints":{"allow":["GET"]}}],"collection":[{"href":"https:\/\/agripedia.ch\/focus-ap-pa\/wp-json\/wp\/v2\/pages"}],"about":[{"href":"https:\/\/agripedia.ch\/focus-ap-pa\/wp-json\/wp\/v2\/types\/page"}],"author":[{"embeddable":true,"href":"https:\/\/agripedia.ch\/focus-ap-pa\/wp-json\/wp\/v2\/users\/267"}],"replies":[{"embeddable":true,"href":"https:\/\/agripedia.ch\/focus-ap-pa\/wp-json\/wp\/v2\/comments?post=668"}],"version-history":[{"count":25,"href":"https:\/\/agripedia.ch\/focus-ap-pa\/wp-json\/wp\/v2\/pages\/668\/revisions"}],"predecessor-version":[{"id":3413,"href":"https:\/\/agripedia.ch\/focus-ap-pa\/wp-json\/wp\/v2\/pages\/668\/revisions\/3413"}],"up":[{"embeddable":true,"href":"https:\/\/agripedia.ch\/focus-ap-pa\/wp-json\/wp\/v2\/pages\/277"}],"wp:attachment":[{"href":"https:\/\/agripedia.ch\/focus-ap-pa\/wp-json\/wp\/v2\/media?parent=668"}],"curies":[{"name":"wp","href":"https:\/\/api.w.org\/{rel}","templated":true}]}}