{"id":314,"date":"2022-04-14T06:20:17","date_gmt":"2022-04-14T06:20:17","guid":{"rendered":"https:\/\/agripedia.ch\/focus-ap-pa\/?page_id=314"},"modified":"2025-12-01T08:45:38","modified_gmt":"2025-12-01T08:45:38","slug":"outil-de-calcul-des-contributions","status":"publish","type":"page","link":"https:\/\/agripedia.ch\/focus-ap-pa\/outil-de-calcul-des-contributions\/","title":{"rendered":"Outil de calcul des contributions"},"content":{"rendered":"<div class=\"fusion-fullwidth fullwidth-box fusion-builder-row-1 fusion-flex-container nonhundred-percent-fullwidth non-hundred-percent-height-scrolling\" style=\"--awb-border-radius-top-left:0px;--awb-border-radius-top-right:0px;--awb-border-radius-bottom-right:0px;--awb-border-radius-bottom-left:0px;--awb-flex-wrap:wrap;\" ><div class=\"fusion-builder-row fusion-row fusion-flex-align-items-flex-start fusion-flex-content-wrap\" style=\"max-width:1144px;margin-left: calc(-4% \/ 2 );margin-right: calc(-4% \/ 2 );\"><div class=\"fusion-layout-column fusion_builder_column fusion-builder-column-0 fusion_builder_column_1_1 1_1 fusion-flex-column\" style=\"--awb-bg-size:cover;--awb-width-large:100%;--awb-margin-top-large:0px;--awb-spacing-right-large:1.92%;--awb-margin-bottom-large:20px;--awb-spacing-left-large:1.92%;--awb-width-medium:100%;--awb-spacing-right-medium:1.92%;--awb-spacing-left-medium:1.92%;--awb-width-small:100%;--awb-spacing-right-small:1.92%;--awb-spacing-left-small:1.92%;\"><div class=\"fusion-column-wrapper fusion-flex-justify-content-flex-start fusion-content-layout-column\"><div class=\"fusion-title title fusion-title-1 fusion-sep-none fusion-title-text fusion-title-size-one\"><h1 class=\"fusion-title-heading title-heading-left fusion-responsive-typography-calculated\" style=\"margin:0;--fontSize:48;line-height:1.2;\">Outil de calcul des contributions 2026<\/h1><\/div><div class=\"fusion-text fusion-text-1\"><p>Ici, vous avez la possibilit\u00e9 de t\u00e9l\u00e9charger l\u2019outil de calcul des contributions 2026. Le train d\u2019ordonnances agricoles du 29.10.2025 fait r\u00e9f\u00e9rence.<\/p>\n<p>Les conditions requises pour recevoir des paiements directs sont les suivantes:<\/p>\n<ul>\n<li>Charge minimale de travail (0,2 UMOS)<\/li>\n<li>Limite d\u2019\u00e2ge (65 ans)<\/li>\n<li>Part minimale de main-d\u2019\u0153uvre propre \u00e0 l\u2019exploitation (50 %)<\/li>\n<li>Formation professionnelle agricole<\/li>\n<li><a href=\"https:\/\/agripedia.ch\/per\" target=\"_blank\" rel=\"noopener noreferrer\">Prestations \u00e9cologiques requises PER<\/a><\/li>\n<\/ul>\n<p>Pour plus de d\u00e9tails, voir <a href=\"https:\/\/www.blw.admin.ch\/blw\/fr\/home\/instrumente\/direktzahlungen.html\" target=\"_blank\" rel=\"noopener noreferrer\">Site OFAG<\/a>.<\/p>\n<\/div><div class=\"fusion-content-boxes content-boxes columns row fusion-columns-1 fusion-columns-total-1 fusion-content-boxes-1 content-boxes-icon-with-title content-left agri-contentbox\" style=\"--awb-hover-accent-color:#ffffff;--awb-circle-hover-accent-color:#ffffff;--awb-item-margin-bottom:40px;\" data-animationOffset=\"top-into-view\"><div style=\"--awb-backgroundcolor:rgba(106,111,119,0.8);\" class=\"fusion-column content-box-column content-box-column content-box-column-1 col-lg-12 col-md-12 col-sm-12 fusion-content-box-hover content-box-column-last content-box-column-last-in-row\"><div class=\"col content-box-wrapper content-wrapper-background link-area-link-icon link-type-button icon-hover-animation-fade\" data-animationOffset=\"top-into-view\"><div class=\"heading heading-with-icon icon-left\"><a class=\"heading-link\" style=\"float:left;\" href=\"https:\/\/agripedia.ch\/focus-ap-pa\/wp-content\/uploads\/sites\/22\/2025\/12\/Outil-de-calcul-des-contributions-F-V4-11.xlsx\" target=\"_blank\" rel=\"noopener noreferrer\"><div class=\"icon\"><i style=\"border-color:#e72200;border-width:1px;background-color:#ffffff;box-sizing:content-box;height:56px;width:56px;line-height:56px;border-radius:50%;font-size:28px;\" aria-hidden=\"true\" class=\"fontawesome-icon fa-table fas circle-yes\"><\/i><\/div><h2 class=\"content-box-heading fusion-responsive-typography-calculated\" style=\"--h2_typography-font-size:24px;--fontSize:24;line-height:1.2;\">Outil de calcul des contributions  (V 4.11)<\/h2><\/a><\/div><div class=\"fusion-clearfix\"><\/div><div class=\"content-container\">\n<p><strong>Tableur Excel\u00a0<\/strong>pour le calcul d\u00e9taill\u00e9 des contributions.<\/p>\n<p><a href=\"https:\/\/agripedia.ch\/focus-ap-pa\/wp-content\/uploads\/sites\/22\/2025\/12\/Historique-des-versions-F-V4-11.pdf\" target=\"_blank\" rel=\"noopener noreferrer\">Vous trouvez les diff\u00e9rences et les adaptations de chaque nouvelle version ici.<\/a><\/p>\n<\/div><div class=\"fusion-clearfix\"><\/div><a class=\"fusion-read-more-button fusion-content-box-button fusion-button button-default fusion-button-default-size button- button-flat\" style=\"float:left;\" href=\"https:\/\/agripedia.ch\/focus-ap-pa\/wp-content\/uploads\/sites\/22\/2025\/12\/Outil-de-calcul-des-contributions-F-V4-11.xlsx\" target=\"_blank\" rel=\"noopener noreferrer\"><span class=\"fusion-button-text\">T\u00e9l\u00e9charger<\/span><\/a><div class=\"fusion-clearfix\"><\/div><\/div><\/div><div class=\"fusion-clearfix\"><\/div><\/div><div class=\"fusion-text fusion-text-2\"><p>Prenez s\u2019il vous pla\u00eet contact avec votre service cantonal de vulgarisation agricole pour bien analyser et comprendre le calcul et les cons\u00e9quences. <a href=\"https:\/\/www.agridea.ch\/fr\/agridea\/adresses-de-la-vulgarisation\/\" target=\"_blank\" rel=\"noopener noreferrer\">Vulgarisation: adresses<\/a>.<\/p>\n<\/div><\/div><\/div><\/div><\/div>\n","protected":false},"excerpt":{"rendered":"","protected":false},"author":26,"featured_media":0,"parent":0,"menu_order":0,"comment_status":"closed","ping_status":"closed","template":"","meta":{"_sb_is_suggestion_mode":false,"_sb_show_suggestion_boards":false,"_sb_show_comment_boards":false,"_sb_suggestion_history":"","_sb_update_block_changes":"","inline_featured_image":false,"_monsterinsights_skip_tracking":false,"_monsterinsights_sitenote_active":false,"_monsterinsights_sitenote_note":"","_monsterinsights_sitenote_category":0,"footnotes":""},"class_list":["post-314","page","type-page","status-publish","hentry"],"_links":{"self":[{"href":"https:\/\/agripedia.ch\/focus-ap-pa\/wp-json\/wp\/v2\/pages\/314","targetHints":{"allow":["GET"]}}],"collection":[{"href":"https:\/\/agripedia.ch\/focus-ap-pa\/wp-json\/wp\/v2\/pages"}],"about":[{"href":"https:\/\/agripedia.ch\/focus-ap-pa\/wp-json\/wp\/v2\/types\/page"}],"author":[{"embeddable":true,"href":"https:\/\/agripedia.ch\/focus-ap-pa\/wp-json\/wp\/v2\/users\/26"}],"replies":[{"embeddable":true,"href":"https:\/\/agripedia.ch\/focus-ap-pa\/wp-json\/wp\/v2\/comments?post=314"}],"version-history":[{"count":30,"href":"https:\/\/agripedia.ch\/focus-ap-pa\/wp-json\/wp\/v2\/pages\/314\/revisions"}],"predecessor-version":[{"id":3359,"href":"https:\/\/agripedia.ch\/focus-ap-pa\/wp-json\/wp\/v2\/pages\/314\/revisions\/3359"}],"wp:attachment":[{"href":"https:\/\/agripedia.ch\/focus-ap-pa\/wp-json\/wp\/v2\/media?parent=314"}],"curies":[{"name":"wp","href":"https:\/\/api.w.org\/{rel}","templated":true}]}}