{"id":174,"date":"2022-04-13T06:09:54","date_gmt":"2022-04-13T06:09:54","guid":{"rendered":"https:\/\/agripedia.ch\/focus-ap-pa\/?page_id=174"},"modified":"2026-01-15T15:15:50","modified_gmt":"2026-01-15T15:15:50","slug":"bonne-pratique-agricoles-en-protection-des-plantes","status":"publish","type":"page","link":"https:\/\/agripedia.ch\/focus-ap-pa\/page-daccueil\/trajectoire-de-reduction-des-elements-nutritifs-et-des-produits-phytosanitaires\/bonne-pratique-agricoles-en-protection-des-plantes\/","title":{"rendered":"Trajectoire de r\u00e9duction des produits phytosanitaires"},"content":{"rendered":"<p><div class=\"fusion-fullwidth fullwidth-box fusion-builder-row-1 fusion-flex-container nonhundred-percent-fullwidth non-hundred-percent-height-scrolling\" style=\"--awb-border-radius-top-left:0px;--awb-border-radius-top-right:0px;--awb-border-radius-bottom-right:0px;--awb-border-radius-bottom-left:0px;--awb-flex-wrap:wrap;\" ><div class=\"fusion-builder-row fusion-row fusion-flex-align-items-flex-start fusion-flex-content-wrap\" style=\"max-width:1144px;margin-left: calc(-4% \/ 2 );margin-right: calc(-4% \/ 2 );\"><div class=\"fusion-layout-column fusion_builder_column fusion-builder-column-0 fusion_builder_column_1_1 1_1 fusion-flex-column\" style=\"--awb-bg-size:cover;--awb-width-large:100%;--awb-margin-top-large:0px;--awb-spacing-right-large:1.92%;--awb-margin-bottom-large:20px;--awb-spacing-left-large:1.92%;--awb-width-medium:100%;--awb-order-medium:0;--awb-spacing-right-medium:1.92%;--awb-spacing-left-medium:1.92%;--awb-width-small:100%;--awb-order-small:0;--awb-spacing-right-small:1.92%;--awb-spacing-left-small:1.92%;\"><div class=\"fusion-column-wrapper fusion-column-has-shadow fusion-flex-justify-content-flex-start fusion-content-layout-column\"><div class=\"fusion-text fusion-text-1\"><p>L\u2019initiative parlementaire Pa. Iv. 19.475 vise \u00e0 r\u00e9duire de 50 % les risques li\u00e9s \u00e0 l\u2019utilisation de produits phytosanitaires d\u2019ici 2027. Diff\u00e9rentes mesures sont pr\u00e9vues pour atteindre cet objectif :<\/p>\n<ul>\n<li>Obligation de notification pour les produits biocides (LChim)<\/li>\n<li>R\u00e9examen de l\u2019autorisation des produits phytosanitaires lorsqu\u2019une certaine valeur limite est d\u00e9pass\u00e9e dans les eaux souterraines (LEaux)<\/li>\n<li>R\u00e9duction des risques li\u00e9s \u00e0 l\u2019utilisation de produits phytosanitaires (LAgr)<\/li>\n<li>Obligation de communication pour les produits phytosanitaires (LAgr)<\/li>\n<\/ul>\n<p>Ces adaptations de la loi reprennent des mesures du <a href=\"https:\/\/www.blw.admin.ch\/fr\/plan-daction-produits-phytosanitaires\" target=\"_blank\" rel=\"noopener\">plan d\u2019action Produits phytosanitaires<\/a> qui doivent contribuer \u00e0 atteindre la trajectoire de r\u00e9duction vis\u00e9e.<\/p>\n<p>Le 13 avril 2022, le Conseil f\u00e9d\u00e9ral a adopt\u00e9 le <a href=\"https:\/\/www.admin.ch\/gov\/fr\/accueil\/documentation\/communiques.msg-id-88022.html\" target=\"_blank\" rel=\"noopener\">premier train d\u2019ordonnances pour une eau potable propre et une agriculture plus durable<\/a>. Ce paquet d\u2019ordonnances pr\u00e9voit diff\u00e9rentes mesures :<\/p>\n<ul>\n<li>Interdiction des substances actives pr\u00e9sentant un potentiel de risque accru dans les PER<\/li>\n<li>Mesures pour \u00e9viter <a href=\"https:\/\/themes.agripedia.ch\/fr\/series\/derive-et-ruissellement-dans-la-protection-des-cultures-fr\/\" target=\"_blank\" rel=\"noopener\">la d\u00e9rive et le ruissellement dans les PER<\/a><\/li>\n<li>R\u00e9servoir d\u2019eau de rin\u00e7age obligatoire et <a href=\"https:\/\/agridea.abacuscity.ch\/fr\/A~2945~1\/3~410400~Shop\/Publications\/Production-v%C3%A9g%C3%A9tale-Environnement\/Protection-des-ressources-%28eau-air-sol%29\/Rin%C3%A7age-correct-des-pulv%C3%A9risateurs\/Franz%C3%B6sisch\/Download-PDF\" target=\"_blank\" rel=\"noopener\">nettoyage int\u00e9rieur automatique<\/a> pour les pulv\u00e9risateurs d\u2019une capacit\u00e9 sup\u00e9rieure \u00e0 400 l<\/li>\n<li>Diff\u00e9rents programmes de renonciation aux PPP dans le cadre des <a href=\"https:\/\/www.blw.admin.ch\/blw\/fr\/home\/instrumente\/direktzahlungen\/produktionssystembeitraege23.html\" target=\"_blank\" rel=\"noopener\">contributions au syst\u00e8me de production<\/a><\/li>\n<li>Introduction de la <a href=\"https:\/\/digiflux.info\/fr\/\" target=\"_blank\" rel=\"noopener\">notification obligatoire des produits phytosanitaires et des nutriments dans le cadre du projet digiFLUX<\/a>. La plateforme sera introduite progressivement \u00e0 partir de 2025.<\/li>\n<\/ul>\n<p>En outre, la loi sur l\u2019agriculture pr\u00e9voit que les interprofessions puissent prendre leurs propres mesures pour atteindre les objectifs de la trajectoire de r\u00e9duction. Elles peuvent \u00e0 cet effet conclure des conventions d\u2019objectifs avec la Conf\u00e9d\u00e9ration et lui font r\u00e9guli\u00e8rement rapport. Entre-temps, certaines interprofessions ont accept\u00e9 ce mandat et d\u00e9velopp\u00e9 des mesures sp\u00e9cifiques \u00e0 leur secteur :<\/p>\n<ul>\n<li>Fruit-Union Suisse (FUS)<\/li>\n<li>F\u00e9d\u00e9ration suisse des betteraviers (FSB)<\/li>\n<li>Interprofession du secteur suisse des pommes de terre (swisspatat)<\/li>\n<li>JardinSuisse<\/li>\n<li>Parcs naturels : Chasseral, Gruy\u00e8re Pays-d\u2019Enhaut, Jura vaudois<\/li>\n<\/ul>\n<p>Une autre mesure de protection de l\u2019eau potable pr\u00e9voit que l\u2019autorisation des produits phytosanitaires soit r\u00e9examin\u00e9e et, le cas \u00e9ch\u00e9ant, retir\u00e9e si la valeur limite de 0,1 microgramme par litre est d\u00e9pass\u00e9e de mani\u00e8re r\u00e9p\u00e9t\u00e9e et g\u00e9n\u00e9ralis\u00e9e dans les eaux destin\u00e9es \u00e0 la consommation(LEaux).<\/p>\n<p>Selon les estimations des experts, les apports dans les eaux de surface sont dus \u00e0 40 % \u00e0 des sources ponctuelles (notamment les <a href=\"https:\/\/agridea.abacuscity.ch\/fr\/A~3832~1\/3~410400~Shop\/Publications\/Production-v%C3%A9g%C3%A9tale-Environnement\/Protection-des-ressources-%28eau-air-sol%29\/Place-de-remplissage-et-nettoyage-des-pulv%C3%A9risateurs\/Deutsch\/Print-Papier\" target=\"_blank\" rel=\"noopener\">stations de lavage non conformes aux normes de protection des eaux<\/a>), \u00e0 22 % au ruissellement, \u00e0 22 % aux courts-circuits (p. ex. regards, routes drain\u00e9es), \u00e0 11 % aux drainages et \u00e0 5 % \u00e0 la d\u00e9rive (voir le rapport Agroscope \u00ab <a href=\"https:\/\/ira.agroscope.ch\/fr-CH\/Page\/Publikation\/Index\/52647\" target=\"_blank\" rel=\"noopener\">Indicateurs nationaux de risque pour les produits phytosanitaires<\/a> \u00bb). Il convient donc de respecter les conditions d\u2019utilisation et d\u2019\u00e9viter les contaminations.<\/p>\n<div id=\"attachment_2542\" style=\"width: 625px\" class=\"wp-caption alignnone\"><img decoding=\"async\" aria-describedby=\"caption-attachment-2542\" class=\"wp-image-2542 size-full\" src=\"https:\/\/agripedia.ch\/focus-ap-pa\/wp-content\/uploads\/sites\/22\/2023\/11\/Eintrittspfade-PSM_fr.jpg\" alt=\"\" width=\"615\" height=\"466\" srcset=\"https:\/\/agripedia.ch\/focus-ap-pa\/wp-content\/uploads\/sites\/22\/2023\/11\/Eintrittspfade-PSM_fr-200x152.jpg 200w, https:\/\/agripedia.ch\/focus-ap-pa\/wp-content\/uploads\/sites\/22\/2023\/11\/Eintrittspfade-PSM_fr-300x227.jpg 300w, https:\/\/agripedia.ch\/focus-ap-pa\/wp-content\/uploads\/sites\/22\/2023\/11\/Eintrittspfade-PSM_fr-400x303.jpg 400w, https:\/\/agripedia.ch\/focus-ap-pa\/wp-content\/uploads\/sites\/22\/2023\/11\/Eintrittspfade-PSM_fr-600x455.jpg 600w, https:\/\/agripedia.ch\/focus-ap-pa\/wp-content\/uploads\/sites\/22\/2023\/11\/Eintrittspfade-PSM_fr.jpg 615w\" sizes=\"(max-width: 615px) 100vw, 615px\" \/><p id=\"caption-attachment-2542\" class=\"wp-caption-text\"><i><span lang=\"EN-US\" data-olk-copy-source=\"MessageBody\">Voies d\u2019apport des PPh dans les eaux de surface et leur contribution moyenne estim\u00e9e \u00e0 l\u2019apport total pendant la p\u00e9riode de r\u00e9f\u00e9rence 2012-2015 (selon l\u2019estimation des experts ; Korkaric et al. 2022). Les pourcentages respectifs se modifient au fil du temps, selon l\u2019impact des mesures de r\u00e9duction des risques.\u00a0<\/span><\/i><i>Source: Agroscope<\/i><\/p><\/div>\n<\/div><div class=\"fusion-separator fusion-full-width-sep\" style=\"align-self: center;margin-left: auto;margin-right: auto;margin-top:10px;margin-bottom:10px;width:100%;\"><\/div><\/div><\/div><\/div><\/div><div class=\"fusion-fullwidth fullwidth-box fusion-builder-row-2 fusion-flex-container nonhundred-percent-fullwidth non-hundred-percent-height-scrolling\" style=\"--awb-border-radius-top-left:0px;--awb-border-radius-top-right:0px;--awb-border-radius-bottom-right:0px;--awb-border-radius-bottom-left:0px;--awb-flex-wrap:wrap;\" ><div class=\"fusion-builder-row fusion-row fusion-flex-align-items-stretch fusion-flex-content-wrap\" style=\"max-width:1144px;margin-left: calc(-4% \/ 2 );margin-right: calc(-4% \/ 2 );\"><div class=\"fusion-layout-column fusion_builder_column fusion-builder-column-1 fusion_builder_column_1_1 1_1 fusion-flex-column\" style=\"--awb-bg-size:cover;--awb-width-large:100%;--awb-margin-top-large:0px;--awb-spacing-right-large:1.92%;--awb-margin-bottom-large:20px;--awb-spacing-left-large:1.92%;--awb-width-medium:100%;--awb-order-medium:0;--awb-spacing-right-medium:1.92%;--awb-spacing-left-medium:1.92%;--awb-width-small:100%;--awb-order-small:0;--awb-spacing-right-small:1.92%;--awb-spacing-left-small:1.92%;\"><div class=\"fusion-column-wrapper fusion-column-has-shadow fusion-flex-justify-content-flex-start fusion-content-layout-column\"><div class=\"fusion-text fusion-text-2\"><p>Vous trouverez ici de plus amples informations sur l\u2019utilisation des produits phytosanitaires et la pr\u00e9vention du ruissellement et de la d\u00e9rive :<\/p>\n<\/div><\/div><\/div><div class=\"fusion-layout-column fusion_builder_column fusion-builder-column-2 fusion_builder_column_1_2 1_2 fusion-flex-column agri-teaser-box-border\" style=\"--awb-bg-size:cover;--awb-width-large:50%;--awb-margin-top-large:0px;--awb-spacing-right-large:3.84%;--awb-margin-bottom-large:20px;--awb-spacing-left-large:3.84%;--awb-width-medium:50%;--awb-order-medium:0;--awb-spacing-right-medium:3.84%;--awb-spacing-left-medium:3.84%;--awb-width-small:100%;--awb-order-small:0;--awb-spacing-right-small:1.92%;--awb-spacing-left-small:1.92%;\"><div class=\"fusion-column-wrapper fusion-column-has-shadow fusion-flex-justify-content-flex-start fusion-content-layout-column\"><div class=\"fusion-image-element \" style=\"--awb-caption-title-font-family:var(--h2_typography-font-family);--awb-caption-title-font-weight:var(--h2_typography-font-weight);--awb-caption-title-font-style:var(--h2_typography-font-style);--awb-caption-title-size:var(--h2_typography-font-size);--awb-caption-title-transform:var(--h2_typography-text-transform);--awb-caption-title-line-height:var(--h2_typography-line-height);--awb-caption-title-letter-spacing:var(--h2_typography-letter-spacing);\"><span class=\" fusion-imageframe imageframe-none imageframe-1 hover-type-none\"><a class=\"fusion-no-lightbox\" href=\"https:\/\/gutelandwirtschaftlichepraxis.ch\/\" target=\"_blank\" aria-label=\"bonnepratiqueagricole.ch\" rel=\"noopener noreferrer\"><img decoding=\"async\" width=\"600\" height=\"321\" alt=\"bonnepratiqueagricole.ch\" src=\"https:\/\/agripedia.ch\/focus-ap-pa\/wp-content\/uploads\/sites\/22\/2022\/04\/bonnepratiqueagricole-600x321.jpg\" class=\"img-responsive wp-image-185\" srcset=\"https:\/\/agripedia.ch\/focus-ap-pa\/wp-content\/uploads\/sites\/22\/2022\/04\/bonnepratiqueagricole-200x107.jpg 200w, https:\/\/agripedia.ch\/focus-ap-pa\/wp-content\/uploads\/sites\/22\/2022\/04\/bonnepratiqueagricole-400x214.jpg 400w, https:\/\/agripedia.ch\/focus-ap-pa\/wp-content\/uploads\/sites\/22\/2022\/04\/bonnepratiqueagricole-600x321.jpg 600w, https:\/\/agripedia.ch\/focus-ap-pa\/wp-content\/uploads\/sites\/22\/2022\/04\/bonnepratiqueagricole-800x429.jpg 800w, https:\/\/agripedia.ch\/focus-ap-pa\/wp-content\/uploads\/sites\/22\/2022\/04\/bonnepratiqueagricole.jpg 1146w\" sizes=\"(max-width: 640px) 100vw, 600px\" \/><\/a><\/span><\/div><div class=\"fusion-text fusion-text-3\"><h3>Site internet Bonnes pratiques agricoles<\/h3>\n<p>Un site contenant des informations de diff\u00e9rentes organisations partenaires sur les bonnes pratiques agricoles en mati\u00e8re de protection des cultures.<\/p>\n<ul>\n<li>Protection de la sant\u00e9 et de l\u2019environnement :\n<ul>\n<li><a href=\"https:\/\/gutelandwirtschaftlichepraxis.ch\/bonnes-pratiques\/protection-sante-environnement\/toolkit-protection-utilisateur-pph\/\" target=\"_blank\" rel=\"noopener\">Toolkit protection de l\u2018utilisateur<\/a>, module grande cultures et viticulture<\/li>\n<li>Limiter les risques de pollution ponctuelle : Par ex. <a href=\"https:\/\/www.gutelandwirtschaftlichepraxis.ch\/bonnes-pratiques\/protection-sante-environnement\/systemes-de-traitement\/\" target=\"_blank\" rel=\"noopener\">Tableau en ligne des syst\u00e8mes de traitement<\/a><\/li>\n<li>Limiter les risques de pollution diffuse<\/li>\n<\/ul>\n<\/li>\n<\/ul>\n<ul>\n<li>Optimisation des traitements<\/li>\n<li>Outils\n<ul>\n<li>Vid\u00e9os<\/li>\n<li>Outil d\u2019aide \u00e0 la d\u00e9cision<\/li>\n<li>Site web compl\u00e9mentaires<\/li>\n<\/ul>\n<\/li>\n<\/ul>\n<\/div><div style=\"text-align:center;\"><a class=\"fusion-button button-flat fusion-button-default-size button-default fusion-button-default button-1 fusion-button-default-span fusion-button-default-type\" style=\"--button-border-radius-top-left:0;--button-border-radius-top-right:0;--button-border-radius-bottom-right:0;--button-border-radius-bottom-left:0;\" target=\"_blank\" rel=\"noopener noreferrer\" href=\"https:\/\/gutelandwirtschaftlichepraxis.ch\/\"><span class=\"fusion-button-text awb-button__text awb-button__text--default\">Visiter le site web<\/span><\/a><\/div><div class=\"fusion-separator fusion-full-width-sep\" style=\"align-self: center;margin-left: auto;margin-right: auto;margin-top:10px;margin-bottom:10px;width:100%;\"><\/div><\/div><\/div><div class=\"fusion-layout-column fusion_builder_column fusion-builder-column-3 fusion_builder_column_1_2 1_2 fusion-flex-column agri-teaser-box-border\" style=\"--awb-bg-size:cover;--awb-width-large:50%;--awb-margin-top-large:0px;--awb-spacing-right-large:3.84%;--awb-margin-bottom-large:20px;--awb-spacing-left-large:3.84%;--awb-width-medium:50%;--awb-order-medium:0;--awb-spacing-right-medium:3.84%;--awb-spacing-left-medium:3.84%;--awb-width-small:100%;--awb-order-small:0;--awb-spacing-right-small:1.92%;--awb-spacing-left-small:1.92%;\"><div class=\"fusion-column-wrapper fusion-column-has-shadow fusion-flex-justify-content-flex-start fusion-content-layout-column\"><div class=\"fusion-image-element \" style=\"--awb-caption-title-font-family:var(--h2_typography-font-family);--awb-caption-title-font-weight:var(--h2_typography-font-weight);--awb-caption-title-font-style:var(--h2_typography-font-style);--awb-caption-title-size:var(--h2_typography-font-size);--awb-caption-title-transform:var(--h2_typography-text-transform);--awb-caption-title-line-height:var(--h2_typography-line-height);--awb-caption-title-letter-spacing:var(--h2_typography-letter-spacing);\"><span class=\" fusion-imageframe imageframe-none imageframe-2 hover-type-none\"><a class=\"fusion-no-lightbox\" href=\"https:\/\/produits-phytosanitaires-et-eaux.ch\/\" target=\"_blank\" aria-label=\"plattformpsm_fr\" rel=\"noopener noreferrer\"><img decoding=\"async\" width=\"600\" height=\"322\" src=\"https:\/\/agripedia.ch\/focus-ap-pa\/wp-content\/uploads\/sites\/22\/2022\/04\/plattformpsm_fr-600x322.jpg\" alt class=\"img-responsive wp-image-179\" srcset=\"https:\/\/agripedia.ch\/focus-ap-pa\/wp-content\/uploads\/sites\/22\/2022\/04\/plattformpsm_fr-200x107.jpg 200w, https:\/\/agripedia.ch\/focus-ap-pa\/wp-content\/uploads\/sites\/22\/2022\/04\/plattformpsm_fr-400x215.jpg 400w, https:\/\/agripedia.ch\/focus-ap-pa\/wp-content\/uploads\/sites\/22\/2022\/04\/plattformpsm_fr-600x322.jpg 600w, https:\/\/agripedia.ch\/focus-ap-pa\/wp-content\/uploads\/sites\/22\/2022\/04\/plattformpsm_fr-800x429.jpg 800w, https:\/\/agripedia.ch\/focus-ap-pa\/wp-content\/uploads\/sites\/22\/2022\/04\/plattformpsm_fr-1200x644.jpg 1200w, https:\/\/agripedia.ch\/focus-ap-pa\/wp-content\/uploads\/sites\/22\/2022\/04\/plattformpsm_fr.jpg 1235w\" sizes=\"(max-width: 640px) 100vw, 600px\" \/><\/a><\/span><\/div><div class=\"fusion-text fusion-text-4\"><h3>Plateforme produits phytosanitaires et eaux<\/h3>\n<p>La plateforme sert de point de contact et de coordination \u00e0 l\u2019interface entre la recherche scientifique, le conseil et la mise en \u0153uvre de mesures dans le domaine des produits phytosanitaires et de la protection des eaux. Gr\u00e2ce \u00e0 sa position comme plateforme de comp\u00e9tences et de connaissances, elle permet aux acteurs de son environnement (offices cantonaux de l\u2019environnement, offices cantonaux agricoles, services phytosanitaires cantonaux, projets de ressources, etc.) une utilisation efficace des connaissances et des synergies entre elles. En outre, la plateforme d\u00e9veloppe et affine des m\u00e9thodes et des outils dans le domaine de la \u00ab promotion des bonnes pratiques professionnelles \u00bb.<\/p>\n<\/div><div style=\"text-align:center;\"><a class=\"fusion-button button-flat fusion-button-default-size button-default fusion-button-default button-2 fusion-button-default-span fusion-button-default-type\" style=\"--button-border-radius-top-left:0;--button-border-radius-top-right:0;--button-border-radius-bottom-right:0;--button-border-radius-bottom-left:0;\" target=\"_blank\" rel=\"noopener noreferrer\" href=\"https:\/\/produits-phytosanitaires-et-eaux.ch\/\"><span class=\"fusion-button-text awb-button__text awb-button__text--default\">Visiter le site web<\/span><\/a><\/div><div class=\"fusion-separator fusion-full-width-sep\" style=\"align-self: center;margin-left: auto;margin-right: auto;margin-top:10px;margin-bottom:10px;width:100%;\"><\/div><\/div><\/div><\/div><\/div><\/p>\n","protected":false},"excerpt":{"rendered":"","protected":false},"author":26,"featured_media":0,"parent":668,"menu_order":0,"comment_status":"closed","ping_status":"closed","template":"","meta":{"_sb_is_suggestion_mode":false,"_sb_show_suggestion_boards":false,"_sb_show_comment_boards":false,"_sb_suggestion_history":"","_sb_update_block_changes":"","inline_featured_image":false,"_monsterinsights_skip_tracking":false,"_monsterinsights_sitenote_active":false,"_monsterinsights_sitenote_note":"","_monsterinsights_sitenote_category":0,"footnotes":""},"class_list":["post-174","page","type-page","status-publish","hentry"],"_links":{"self":[{"href":"https:\/\/agripedia.ch\/focus-ap-pa\/wp-json\/wp\/v2\/pages\/174","targetHints":{"allow":["GET"]}}],"collection":[{"href":"https:\/\/agripedia.ch\/focus-ap-pa\/wp-json\/wp\/v2\/pages"}],"about":[{"href":"https:\/\/agripedia.ch\/focus-ap-pa\/wp-json\/wp\/v2\/types\/page"}],"author":[{"embeddable":true,"href":"https:\/\/agripedia.ch\/focus-ap-pa\/wp-json\/wp\/v2\/users\/26"}],"replies":[{"embeddable":true,"href":"https:\/\/agripedia.ch\/focus-ap-pa\/wp-json\/wp\/v2\/comments?post=174"}],"version-history":[{"count":43,"href":"https:\/\/agripedia.ch\/focus-ap-pa\/wp-json\/wp\/v2\/pages\/174\/revisions"}],"predecessor-version":[{"id":3381,"href":"https:\/\/agripedia.ch\/focus-ap-pa\/wp-json\/wp\/v2\/pages\/174\/revisions\/3381"}],"up":[{"embeddable":true,"href":"https:\/\/agripedia.ch\/focus-ap-pa\/wp-json\/wp\/v2\/pages\/668"}],"wp:attachment":[{"href":"https:\/\/agripedia.ch\/focus-ap-pa\/wp-json\/wp\/v2\/media?parent=174"}],"curies":[{"name":"wp","href":"https:\/\/api.w.org\/{rel}","templated":true}]}}