{"id":1971,"date":"2023-05-12T08:56:11","date_gmt":"2023-05-12T08:56:11","guid":{"rendered":"https:\/\/agripedia.ch\/focus-ap-pa\/?page_id=1971"},"modified":"2023-08-22T14:31:54","modified_gmt":"2023-08-22T14:31:54","slug":"percorso-di-riduzione-delle-perdite-di-sostanze-nutritive-2","status":"publish","type":"page","link":"https:\/\/agripedia.ch\/focus-ap-pa\/it\/startseite_it\/riduzione-progressiva-dei-prodotti-fitosanitari-e-dei-nutrienti-iv-pa-19-475\/percorso-di-riduzione-delle-perdite-di-sostanze-nutritive-2\/","title":{"rendered":"Percorso di riduzione delle perdite di sostanze nutritive"},"content":{"rendered":"<p><div class=\"fusion-fullwidth fullwidth-box fusion-builder-row-1 fusion-flex-container nonhundred-percent-fullwidth non-hundred-percent-height-scrolling\" style=\"--awb-border-radius-top-left:0px;--awb-border-radius-top-right:0px;--awb-border-radius-bottom-right:0px;--awb-border-radius-bottom-left:0px;--awb-flex-wrap:wrap;\" ><div class=\"fusion-builder-row fusion-row fusion-flex-align-items-flex-start fusion-flex-content-wrap\" style=\"max-width:1144px;margin-left: calc(-4% \/ 2 );margin-right: calc(-4% \/ 2 );\"><div class=\"fusion-layout-column fusion_builder_column fusion-builder-column-0 fusion_builder_column_1_1 1_1 fusion-flex-column\" style=\"--awb-bg-size:cover;--awb-width-large:100%;--awb-margin-top-large:0px;--awb-spacing-right-large:1.92%;--awb-margin-bottom-large:20px;--awb-spacing-left-large:1.92%;--awb-width-medium:100%;--awb-order-medium:0;--awb-spacing-right-medium:1.92%;--awb-spacing-left-medium:1.92%;--awb-width-small:100%;--awb-order-small:0;--awb-spacing-right-small:1.92%;--awb-spacing-left-small:1.92%;\"><div class=\"fusion-column-wrapper fusion-column-has-shadow fusion-flex-justify-content-flex-start fusion-content-layout-column\"><div class=\"fusion-title title fusion-title-1 fusion-sep-none fusion-title-text fusion-title-size-one\"><h1 class=\"fusion-title-heading title-heading-left fusion-responsive-typography-calculated\" style=\"margin:0;--fontSize:48;line-height:1.2;\">Applicazione dei prodotti di fermentazione<\/h1><\/div><div class=\"fusion-text fusion-text-1\"><h4>Letame trasformato da cortile e riciclato<\/h4>\n<p>La produzione di biogas produce prodotti di fermentazione che si prestano ottimamente come fertilizzanti organici. A seconda del materiale di partenza e della lavorazione, si ottengono diversi prodotti fertilizzanti:<\/p>\n<ul>\n<li>Fermentazione di letame e materiale di origine agricola (oltre l\u201980% della sostanza secca): <strong>liquame di fermentazione <\/strong>o, tramite separazione, <strong>liquame di fermentazione <\/strong>e<\/li>\n<li>Fermentazione di materiale di origine agricola e\/o non agricola (oltre il 20% di sostanza secca): <strong>digestato <\/strong>o, per separazione, digestato <strong>liquido <\/strong>e <strong>digestato solido.<\/strong><\/li>\n<\/ul>\n<p>Gli opuscoli (disponibili solo in tedesco) illustrano le propriet\u00e0 e le possibili applicazioni dei vari prodotti fertilizzanti.<\/p>\n<\/div><div class=\"fusion-content-boxes content-boxes columns row fusion-columns-3 fusion-columns-total-4 fusion-content-boxes-1 content-boxes-icon-with-title content-left agri-contentbox\" style=\"--awb-hover-accent-color:#ffffff;--awb-circle-hover-accent-color:#ffffff;\" data-animationOffset=\"top-into-view\"><div style=\"--awb-backgroundcolor:rgba(106,111,119,0.8);\" class=\"fusion-column content-box-column content-box-column content-box-column-1 col-lg-4 col-md-4 col-sm-4 fusion-content-box-hover content-box-column-first-in-row\"><div class=\"col content-box-wrapper content-wrapper-background link-area-box link-type-text icon-hover-animation-fade\" data-link=\"https:\/\/agripedia.ch\/focus-ap-pa\/wp-content\/uploads\/sites\/22\/2023\/03\/N0177__D-23__MB_Gargut_fluessig_DEF.pdf\" data-link-target=\"_blank\" data-animationOffset=\"top-into-view\"><div class=\"heading heading-with-icon icon-left\"><a class=\"heading-link\" style=\"float:left;\" href=\"https:\/\/agripedia.ch\/focus-ap-pa\/wp-content\/uploads\/sites\/22\/2023\/03\/N0177__D-23__MB_Gargut_fluessig_DEF.pdf\" target=\"_blank\" rel=\"noopener noreferrer\"><div class=\"icon\"><i style=\"border-color:#e72200;border-width:1px;background-color:#ffffff;box-sizing:content-box;height:56px;width:56px;line-height:56px;border-radius:50%;font-size:28px;\" aria-hidden=\"true\" class=\"fontawesome-icon fa-file-pdf fas circle-yes\"><\/i><\/div><h3 class=\"content-box-heading fusion-responsive-typography-calculated\" style=\"--h3_typography-font-size:24px;--fontSize:24;line-height:1.1;\">Fl\u00fcssiges G\u00e4rgut<\/h3><\/a><\/div><div class=\"fusion-clearfix\"><\/div><div class=\"content-container\">\n<p>Wird G\u00e4rgut separiert, entsteht fl\u00fcssiges G\u00e4rgut und festes G\u00e4rgut. Das fl\u00fcssige G\u00e4rgut zeichnet sich durch einen hohen Gehalt an Ammonium-Stickstoff aus.<\/p>\n<\/div><\/div><\/div><div style=\"--awb-backgroundcolor:rgba(106,111,119,0.8);\" class=\"fusion-column content-box-column content-box-column content-box-column-2 col-lg-4 col-md-4 col-sm-4 fusion-content-box-hover \"><div class=\"col content-box-wrapper content-wrapper-background link-area-box link-type-text icon-hover-animation-fade\" data-link=\"https:\/\/agripedia.ch\/focus-ap-pa\/wp-content\/uploads\/sites\/22\/2023\/04\/N0177__D-23__MB_WEB_Gaerguelle_DEF.pdf?ver\" data-link-target=\"_blank\" data-animationOffset=\"top-into-view\"><div class=\"heading heading-with-icon icon-left\"><a class=\"heading-link\" style=\"float:left;\" href=\"https:\/\/agripedia.ch\/focus-ap-pa\/wp-content\/uploads\/sites\/22\/2023\/04\/N0177__D-23__MB_WEB_Gaerguelle_DEF.pdf?ver\" target=\"_blank\" rel=\"noopener noreferrer\"><div class=\"icon\"><i style=\"border-color:#e72200;border-width:1px;background-color:#ffffff;box-sizing:content-box;height:56px;width:56px;line-height:56px;border-radius:50%;font-size:28px;\" aria-hidden=\"true\" class=\"fontawesome-icon fa-file-pdf fas circle-yes\"><\/i><\/div><h3 class=\"content-box-heading fusion-responsive-typography-calculated\" style=\"--h3_typography-font-size:24px;--fontSize:24;line-height:1.1;\">G\u00e4rg\u00fclle und G\u00e4rd\u00fcnng\u00fclle<\/h3><\/a><\/div><div class=\"fusion-clearfix\"><\/div><div class=\"content-container\">\n<p>G\u00e4rg\u00fclle oder -d\u00fcnng\u00fclle hat einen h\u00f6heren Gehalt an Ammonium-Stickstoff als G\u00fclle und eignet sich sehr gut f\u00fcr den Einsatz in Ackerkulturen.<\/p>\n<\/div><\/div><\/div><div style=\"--awb-backgroundcolor:rgba(106,111,119,0.8);\" class=\"fusion-column content-box-column content-box-column content-box-column-3 col-lg-4 col-md-4 col-sm-4 fusion-content-box-hover content-box-column-last-in-row\"><div class=\"col content-box-wrapper content-wrapper-background link-area-box link-type-text icon-hover-animation-fade\" data-link=\"https:\/\/agripedia.ch\/focus-ap-pa\/wp-content\/uploads\/sites\/22\/2023\/04\/N0177__D-23__MB_WEB_Gaermist_DEF.pdf?ver\" data-link-target=\"_blank\" data-animationOffset=\"top-into-view\"><div class=\"heading heading-with-icon icon-left\"><a class=\"heading-link\" style=\"float:left;\" href=\"https:\/\/agripedia.ch\/focus-ap-pa\/wp-content\/uploads\/sites\/22\/2023\/04\/N0177__D-23__MB_WEB_Gaermist_DEF.pdf?ver\" target=\"_blank\" rel=\"noopener noreferrer\"><div class=\"icon\"><i style=\"border-color:#e72200;border-width:1px;background-color:#ffffff;box-sizing:content-box;height:56px;width:56px;line-height:56px;border-radius:50%;font-size:28px;\" aria-hidden=\"true\" class=\"fontawesome-icon fa-file-pdf fas circle-yes\"><\/i><\/div><h3 class=\"content-box-heading fusion-responsive-typography-calculated\" style=\"--h3_typography-font-size:24px;--fontSize:24;line-height:1.1;\">G\u00e4rmist<\/h3><\/a><\/div><div class=\"fusion-clearfix\"><\/div><div class=\"content-container\">\n<p>Aus der G\u00e4rg\u00fclle wird durch Separation G\u00e4rmist gewonnen. G\u00e4rmist hat einen hohen Faser- und Trockensubstanzgehalt. Er verbessert die Bodenstruktur und hat eine positive Humuswirkung.<\/p>\n<\/div><\/div><\/div><div style=\"--awb-backgroundcolor:rgba(106,111,119,0.8);\" class=\"fusion-column content-box-column content-box-column content-box-column-4 col-lg-4 col-md-4 col-sm-4 fusion-content-box-hover content-box-column-first-in-row content-box-column-last\"><div class=\"col content-box-wrapper content-wrapper-background link-area-box link-type-text icon-hover-animation-fade\" data-link=\"https:\/\/agripedia.ch\/focus-ap-pa\/wp-content\/uploads\/sites\/22\/2023\/08\/N0177__D-23__MB_AK1_Gaergut-fest_DEF.pdf\" data-link-target=\"_blank\" data-animationOffset=\"top-into-view\"><div class=\"heading heading-with-icon icon-left\"><a class=\"heading-link\" style=\"float:left;\" href=\"https:\/\/agripedia.ch\/focus-ap-pa\/wp-content\/uploads\/sites\/22\/2023\/08\/N0177__D-23__MB_AK1_Gaergut-fest_DEF.pdf\" target=\"_blank\" rel=\"noopener noreferrer\"><div class=\"icon\"><i style=\"border-color:#e72200;border-width:1px;background-color:#ffffff;box-sizing:content-box;height:56px;width:56px;line-height:56px;border-radius:50%;font-size:28px;\" aria-hidden=\"true\" class=\"fontawesome-icon fa-file-pdf fas circle-yes\"><\/i><\/div><h3 class=\"content-box-heading fusion-responsive-typography-calculated\" style=\"--h3_typography-font-size:24px;--fontSize:24;line-height:1.1;\">Festes G\u00e4rgut<\/h3><\/a><\/div><div class=\"fusion-clearfix\"><\/div><div class=\"content-container\">\n<p>Wird G\u00e4rgut separiert, entsteht fl\u00fcssiges G\u00e4rgut und festes G\u00e4rgut. Das feste G\u00e4rgut ist ein wertvoller organischer D\u00fcnger. Er verbessert die Bodenstruktur und hat eine positive Humuswirkung.<\/p>\n<\/div><\/div><\/div><div class=\"fusion-clearfix\"><\/div><\/div>\n<div class=\"fusion-text fusion-text-2\"><p>Queste schede sono state realizzate nell\u2019ambito di un progetto congiunto di <a href=\"https:\/\/biomassesuisse.ch\/\">Biomasse Suisse<\/a>, <a href=\"https:\/\/www.kompost.ch\/\">Kompostforum Schweiz<\/a>, <a href=\"https:\/\/oekostromschweiz.ch\/fr\/\">\u00d6kostrom Schweiz<\/a> e <a href=\"https:\/\/www.agridea.ch\/it\/\">Agridea<\/a>.<\/p>\n<\/div><\/div><\/div><\/div><\/div><div class=\"fusion-fullwidth fullwidth-box fusion-builder-row-2 fusion-flex-container nonhundred-percent-fullwidth non-hundred-percent-height-scrolling\" style=\"--awb-border-radius-top-left:0px;--awb-border-radius-top-right:0px;--awb-border-radius-bottom-right:0px;--awb-border-radius-bottom-left:0px;--awb-flex-wrap:wrap;\" ><div class=\"fusion-builder-row fusion-row fusion-flex-align-items-flex-start fusion-flex-content-wrap\" style=\"max-width:1144px;margin-left: calc(-4% \/ 2 );margin-right: calc(-4% \/ 2 );\"><div class=\"fusion-layout-column fusion_builder_column fusion-builder-column-1 fusion_builder_column_1_1 1_1 fusion-flex-column\" style=\"--awb-bg-size:cover;--awb-width-large:100%;--awb-margin-top-large:0px;--awb-spacing-right-large:1.92%;--awb-margin-bottom-large:20px;--awb-spacing-left-large:1.92%;--awb-width-medium:100%;--awb-order-medium:0;--awb-spacing-right-medium:1.92%;--awb-spacing-left-medium:1.92%;--awb-width-small:100%;--awb-order-small:0;--awb-spacing-right-small:1.92%;--awb-spacing-left-small:1.92%;\"><div class=\"fusion-column-wrapper fusion-column-has-shadow fusion-flex-justify-content-flex-start fusion-content-layout-column\"><div class=\"fusion-separator fusion-full-width-sep\" style=\"align-self: center;margin-left: auto;margin-right: auto;margin-top:20px;margin-bottom:20px;width:100%;\"><\/div><div class=\"fusion-title title fusion-title-2 fusion-sep-none fusion-title-text fusion-title-size-two\"><h2 class=\"fusion-title-heading title-heading-left fusion-responsive-typography-calculated\" style=\"margin:0;--fontSize:38;line-height:1.2;\">Ulteriori informazioni sull\u2019argomento<\/h2><\/div><\/div><\/div><div class=\"fusion-layout-column fusion_builder_column fusion-builder-column-2 fusion_builder_column_1_3 1_3 fusion-flex-column agri-teaser-box fusion-column-inner-bg-wrapper\" style=\"--awb-inner-bg-image:url(&#039;https:\/\/agripedia.ch\/focus-ap-pa\/wp-content\/uploads\/sites\/22\/2022\/04\/Paysage-Engrais-verts-en-automne-PhacelieTrefle-Dubarde-LeMont-2018-10-25_MAmaudruz-0123-scaled.jpg&#039;);--awb-inner-bg-size:cover;--awb-width-large:33.333333333333%;--awb-margin-top-large:0px;--awb-spacing-right-large:5.76%;--awb-margin-bottom-large:20px;--awb-spacing-left-large:5.76%;--awb-width-medium:33.333333333333%;--awb-order-medium:0;--awb-spacing-right-medium:5.76%;--awb-spacing-left-medium:5.76%;--awb-width-small:100%;--awb-order-small:0;--awb-spacing-right-small:1.92%;--awb-spacing-left-small:1.92%;\"><span class=\"fusion-column-inner-bg hover-type-none\"><a class=\"fusion-column-anchor\" href=\"https:\/\/www.blw.admin.ch\/blw\/it\/home\/politik\/agrarpolitik\/parlamentarischeinitiative.html\" rel=\"noopener noreferrer\" target=\"_blank\"><span class=\"fusion-column-inner-bg-image\"><\/span><\/a><\/span><div class=\"fusion-column-wrapper fusion-column-has-shadow fusion-flex-justify-content-flex-start fusion-content-layout-column fusion-column-has-bg-image\" data-bg-url=\"https:\/\/agripedia.ch\/focus-ap-pa\/wp-content\/uploads\/sites\/22\/2022\/04\/Paysage-Engrais-verts-en-automne-PhacelieTrefle-Dubarde-LeMont-2018-10-25_MAmaudruz-0123-scaled.jpg\"><div class=\"fusion-title title fusion-title-3 fusion-sep-none fusion-title-text fusion-title-size-three agri-title-bar\"><h3 class=\"fusion-title-heading title-heading-left fusion-responsive-typography-calculated\" style=\"margin:0;--fontSize:28;line-height:1.1;\">Informazioni dell\u2019UFAG sul pacchetto di ordinanze Pa. Iv. 19.474<\/h3><\/div><\/div><\/div><div class=\"fusion-layout-column fusion_builder_column fusion-builder-column-3 fusion_builder_column_1_3 1_3 fusion-flex-column\" style=\"--awb-bg-size:cover;--awb-width-large:33.333333333333%;--awb-margin-top-large:0px;--awb-spacing-right-large:5.76%;--awb-margin-bottom-large:20px;--awb-spacing-left-large:5.76%;--awb-width-medium:33.333333333333%;--awb-order-medium:0;--awb-spacing-right-medium:5.76%;--awb-spacing-left-medium:5.76%;--awb-width-small:100%;--awb-order-small:0;--awb-spacing-right-small:1.92%;--awb-spacing-left-small:1.92%;\"><div class=\"fusion-column-wrapper fusion-column-has-shadow fusion-flex-justify-content-flex-start fusion-content-layout-column\"><\/div><\/div><div class=\"fusion-layout-column fusion_builder_column fusion-builder-column-4 fusion_builder_column_1_3 1_3 fusion-flex-column\" style=\"--awb-bg-size:cover;--awb-width-large:33.333333333333%;--awb-margin-top-large:0px;--awb-spacing-right-large:5.76%;--awb-margin-bottom-large:20px;--awb-spacing-left-large:5.76%;--awb-width-medium:33.333333333333%;--awb-order-medium:0;--awb-spacing-right-medium:5.76%;--awb-spacing-left-medium:5.76%;--awb-width-small:100%;--awb-order-small:0;--awb-spacing-right-small:1.92%;--awb-spacing-left-small:1.92%;\"><div class=\"fusion-column-wrapper fusion-column-has-shadow fusion-flex-justify-content-flex-start fusion-content-layout-column\"><\/div><\/div><\/div><\/div><\/p>\n","protected":false},"excerpt":{"rendered":"","protected":false},"author":385,"featured_media":0,"parent":1079,"menu_order":0,"comment_status":"closed","ping_status":"closed","template":"","meta":{"_sb_is_suggestion_mode":false,"_sb_show_suggestion_boards":false,"_sb_show_comment_boards":false,"_sb_suggestion_history":"","_sb_update_block_changes":"","inline_featured_image":false,"_monsterinsights_skip_tracking":false,"_monsterinsights_sitenote_active":false,"_monsterinsights_sitenote_note":"","_monsterinsights_sitenote_category":0,"footnotes":""},"class_list":["post-1971","page","type-page","status-publish","hentry"],"_links":{"self":[{"href":"https:\/\/agripedia.ch\/focus-ap-pa\/it\/wp-json\/wp\/v2\/pages\/1971","targetHints":{"allow":["GET"]}}],"collection":[{"href":"https:\/\/agripedia.ch\/focus-ap-pa\/it\/wp-json\/wp\/v2\/pages"}],"about":[{"href":"https:\/\/agripedia.ch\/focus-ap-pa\/it\/wp-json\/wp\/v2\/types\/page"}],"author":[{"embeddable":true,"href":"https:\/\/agripedia.ch\/focus-ap-pa\/it\/wp-json\/wp\/v2\/users\/385"}],"replies":[{"embeddable":true,"href":"https:\/\/agripedia.ch\/focus-ap-pa\/it\/wp-json\/wp\/v2\/comments?post=1971"}],"version-history":[{"count":6,"href":"https:\/\/agripedia.ch\/focus-ap-pa\/it\/wp-json\/wp\/v2\/pages\/1971\/revisions"}],"predecessor-version":[{"id":2264,"href":"https:\/\/agripedia.ch\/focus-ap-pa\/it\/wp-json\/wp\/v2\/pages\/1971\/revisions\/2264"}],"up":[{"embeddable":true,"href":"https:\/\/agripedia.ch\/focus-ap-pa\/it\/wp-json\/wp\/v2\/pages\/1079"}],"wp:attachment":[{"href":"https:\/\/agripedia.ch\/focus-ap-pa\/it\/wp-json\/wp\/v2\/media?parent=1971"}],"curies":[{"name":"wp","href":"https:\/\/api.w.org\/{rel}","templated":true}]}}