{"id":3226,"date":"2025-02-06T13:06:28","date_gmt":"2025-02-06T13:06:28","guid":{"rendered":"https:\/\/agripedia.ch\/focus-ap-pa\/?page_id=3226"},"modified":"2025-03-14T19:03:53","modified_gmt":"2025-03-14T19:03:53","slug":"betriebsportraits-n-effizienz-4","status":"publish","type":"page","link":"https:\/\/agripedia.ch\/focus-ap-pa\/de\/betriebsportraits-n-effizienz-4\/","title":{"rendered":"Betriebsportraits N-Effizienz 4"},"content":{"rendered":"<div class=\"fusion-fullwidth fullwidth-box fusion-builder-row-1 fusion-flex-container nonhundred-percent-fullwidth non-hundred-percent-height-scrolling\" style=\"--awb-border-radius-top-left:0px;--awb-border-radius-top-right:0px;--awb-border-radius-bottom-right:0px;--awb-border-radius-bottom-left:0px;--awb-flex-wrap:wrap;\" ><div class=\"fusion-builder-row fusion-row fusion-flex-align-items-flex-start fusion-flex-content-wrap\" style=\"max-width:1144px;margin-left: calc(-4% \/ 2 );margin-right: calc(-4% \/ 2 );\"><div class=\"fusion-layout-column fusion_builder_column fusion-builder-column-0 fusion_builder_column_1_1 1_1 fusion-flex-column\" style=\"--awb-bg-size:cover;--awb-width-large:100%;--awb-margin-top-large:0px;--awb-spacing-right-large:1.92%;--awb-margin-bottom-large:0px;--awb-spacing-left-large:1.92%;--awb-width-medium:100%;--awb-spacing-right-medium:1.92%;--awb-spacing-left-medium:1.92%;--awb-width-small:100%;--awb-spacing-right-small:1.92%;--awb-spacing-left-small:1.92%;\"><div class=\"fusion-column-wrapper fusion-flex-justify-content-flex-start fusion-content-layout-column\"><div class=\"fusion-text fusion-text-1\"><h1>N-Effizienz: Betriebsportr\u00e4t <strong>Christoph Geiselmann<\/strong><\/h1>\n<h1>\u00ab<strong>Die Futteranpassung entlastet meine N-Bilanz<\/strong>\u00bb<\/h1>\n<p>Christoph Geiselmann hat sich im Rahmen des Projekts verpflichtet, seine gesamtbetriebliche N-Effizienz von 41 Prozent (Durchschnitt der Jahre 2015-2017) auf mindestens 46 Prozent zu steigern. Ausserdem will er seine N-Saldo\u00fcbersch\u00fcsse von 123 Kilogramm N\/ha d\u00fcngbare Fl\u00e4che (Durchschnitt der Jahre 2015-2017) um 23 Kilogramm N\/ha d\u00fcngbare Fl\u00e4che reduzieren.<\/p>\n<div class=\"video-shortcode\"><iframe title=\"N-Effizienz: Betriebsportr\u00e4t Christoph Geiselmann\" width=\"1100\" height=\"619\" src=\"https:\/\/www.youtube.com\/embed\/MBEZYkysQkM?feature=oembed\" frameborder=\"0\" allow=\"accelerometer; autoplay; clipboard-write; encrypted-media; gyroscope; picture-in-picture; web-share\" referrerpolicy=\"strict-origin-when-cross-origin\" allowfullscreen><\/iframe><\/div>\n<p><strong>Was hat Sie motiviert, sich am Projekt N-Effizienz zu beteiligen?<\/strong><\/p>\n<p><em>Christoph Geiselmann:<\/em> Ich hatte in der Fachzeitung \u00abZ\u00fcrcher Bauer\u00bb dar\u00fcber gelesen. Das Projekt passte zu den \u00dcberlegungen, die ich mir gemacht hatte bez\u00fcglich Einsparpotenzial bei der Milchproduktion. Ich wollte durch den Verzicht von Sojaschrot als Ausgleichsfutter die Kosten pro Liter Milch senken.<\/p>\n<div id=\"attachment_3241\" style=\"width: 610px\" class=\"wp-caption alignnone\"><img decoding=\"async\" aria-describedby=\"caption-attachment-3241\" class=\"wp-image-3241 size-fusion-600\" src=\"https:\/\/agripedia.ch\/focus-ap-pa\/wp-content\/uploads\/sites\/22\/2025\/02\/Bild_1-600x450.jpg\" alt=\"\" width=\"600\" height=\"450\" srcset=\"https:\/\/agripedia.ch\/focus-ap-pa\/wp-content\/uploads\/sites\/22\/2025\/02\/Bild_1-66x50.jpg 66w, https:\/\/agripedia.ch\/focus-ap-pa\/wp-content\/uploads\/sites\/22\/2025\/02\/Bild_1-177x133.jpg 177w, https:\/\/agripedia.ch\/focus-ap-pa\/wp-content\/uploads\/sites\/22\/2025\/02\/Bild_1-200x150.jpg 200w, https:\/\/agripedia.ch\/focus-ap-pa\/wp-content\/uploads\/sites\/22\/2025\/02\/Bild_1-300x225.jpg 300w, https:\/\/agripedia.ch\/focus-ap-pa\/wp-content\/uploads\/sites\/22\/2025\/02\/Bild_1-320x240.jpg 320w, https:\/\/agripedia.ch\/focus-ap-pa\/wp-content\/uploads\/sites\/22\/2025\/02\/Bild_1-400x300.jpg 400w, https:\/\/agripedia.ch\/focus-ap-pa\/wp-content\/uploads\/sites\/22\/2025\/02\/Bild_1-460x345.jpg 460w, https:\/\/agripedia.ch\/focus-ap-pa\/wp-content\/uploads\/sites\/22\/2025\/02\/Bild_1-540x405.jpg 540w, https:\/\/agripedia.ch\/focus-ap-pa\/wp-content\/uploads\/sites\/22\/2025\/02\/Bild_1-600x450.jpg 600w, https:\/\/agripedia.ch\/focus-ap-pa\/wp-content\/uploads\/sites\/22\/2025\/02\/Bild_1-669x502.jpg 669w, https:\/\/agripedia.ch\/focus-ap-pa\/wp-content\/uploads\/sites\/22\/2025\/02\/Bild_1-700x525.jpg 700w, https:\/\/agripedia.ch\/focus-ap-pa\/wp-content\/uploads\/sites\/22\/2025\/02\/Bild_1-768x576.jpg 768w, https:\/\/agripedia.ch\/focus-ap-pa\/wp-content\/uploads\/sites\/22\/2025\/02\/Bild_1-800x600.jpg 800w, https:\/\/agripedia.ch\/focus-ap-pa\/wp-content\/uploads\/sites\/22\/2025\/02\/Bild_1-940x705.jpg 940w, https:\/\/agripedia.ch\/focus-ap-pa\/wp-content\/uploads\/sites\/22\/2025\/02\/Bild_1-1024x768.jpg 1024w, https:\/\/agripedia.ch\/focus-ap-pa\/wp-content\/uploads\/sites\/22\/2025\/02\/Bild_1-1200x900.jpg 1200w, https:\/\/agripedia.ch\/focus-ap-pa\/wp-content\/uploads\/sites\/22\/2025\/02\/Bild_1-1536x1152.jpg 1536w\" sizes=\"(max-width: 600px) 100vw, 600px\" \/><p id=\"caption-attachment-3241\" class=\"wp-caption-text\"><em>Christoph Geiselmann setzt zu 100 Prozent auf hofeigenes Kraftfutter: \u00abIch wollte die Kosten pro Liter Milch senken.\u00bb (Bild Agrofutura)<\/em><em style=\"font-size: 16px;\">\u00a0 \u00a0 \u00a0 \u00a0 \u00a0 \u00a0 \u00a0 \u00a0 \u00a0 \u00a0 \u00a0\u00a0<\/em><\/p><\/div>\n<p><strong>Um wie viele Prozent konnten Sie Ihre N-Effizienz steigern, und um wie viele Kilogramm konnten Sie die N-Saldo\u00fcbersch\u00fcsse pro ha DF reduzieren?<\/strong><\/p>\n<p>Ich konnte meine N-Effizienz um 14,5 Prozent steigern und die N-Saldo\u00fcbersch\u00fcsse um 60 Prozent auf den d\u00fcngbaren Fl\u00e4chen senken. Massgeblich dazu beigetragen hat, dass ich kein betriebsfremdes Kraftfutter mehr verf\u00fcttere und dass ich Minerald\u00fcnger eingespart habe.<\/p>\n<p><strong>Welche Massnahmen setzen Sie um? <\/strong><\/p>\n<ul>\n<li>Verzicht auf betriebsfremdes Kraftfutter: Verzicht auf Einsatz von Sojaschrot als Ausgleichsfutter.<\/li>\n<li>Beprobung von Grundfutter und Hofd\u00fcngern: Es zeigte sich, dass ich mich beim Futter und bei den Hofd\u00fcngern im Rahmen der Richtwerte bewege.<\/li>\n<li>Im Rahmen einer D\u00fcngeberatung hat mir der Strickhof-Berater vorgeschlagen, dass ich im Getreide Ammonsalpeter statt Harnstoffd\u00fcnger einsetzen soll.<\/li>\n<\/ul>\n<p><strong>Welche Massnahmen sind besonders wirksam auf Ihrem Betrieb?<\/strong><\/p>\n<p>Die F\u00fctterungsumstellung hat sich positiv auf die Milchharnstoffwerte ausgewirkt. Ich bin im Jahresschnitt unter 20 mg\/dl. Auch sind die K\u00fche ges\u00fcnder. Sehr zufrieden bin ich auch mit der Umstellung von Harnstoffd\u00fcnger auf Ammonsalpeter.<\/p>\n<div id=\"attachment_3244\" style=\"width: 610px\" class=\"wp-caption alignnone\"><img decoding=\"async\" aria-describedby=\"caption-attachment-3244\" class=\"wp-image-3244 size-fusion-600\" src=\"https:\/\/agripedia.ch\/focus-ap-pa\/wp-content\/uploads\/sites\/22\/2025\/02\/Bild_2-600x450.jpg\" alt=\"\" width=\"600\" height=\"450\" srcset=\"https:\/\/agripedia.ch\/focus-ap-pa\/wp-content\/uploads\/sites\/22\/2025\/02\/Bild_2-66x50.jpg 66w, https:\/\/agripedia.ch\/focus-ap-pa\/wp-content\/uploads\/sites\/22\/2025\/02\/Bild_2-177x133.jpg 177w, https:\/\/agripedia.ch\/focus-ap-pa\/wp-content\/uploads\/sites\/22\/2025\/02\/Bild_2-200x150.jpg 200w, https:\/\/agripedia.ch\/focus-ap-pa\/wp-content\/uploads\/sites\/22\/2025\/02\/Bild_2-300x225.jpg 300w, https:\/\/agripedia.ch\/focus-ap-pa\/wp-content\/uploads\/sites\/22\/2025\/02\/Bild_2-320x240.jpg 320w, https:\/\/agripedia.ch\/focus-ap-pa\/wp-content\/uploads\/sites\/22\/2025\/02\/Bild_2-400x300.jpg 400w, https:\/\/agripedia.ch\/focus-ap-pa\/wp-content\/uploads\/sites\/22\/2025\/02\/Bild_2-460x345.jpg 460w, https:\/\/agripedia.ch\/focus-ap-pa\/wp-content\/uploads\/sites\/22\/2025\/02\/Bild_2-540x405.jpg 540w, https:\/\/agripedia.ch\/focus-ap-pa\/wp-content\/uploads\/sites\/22\/2025\/02\/Bild_2-600x450.jpg 600w, https:\/\/agripedia.ch\/focus-ap-pa\/wp-content\/uploads\/sites\/22\/2025\/02\/Bild_2-669x502.jpg 669w, https:\/\/agripedia.ch\/focus-ap-pa\/wp-content\/uploads\/sites\/22\/2025\/02\/Bild_2-700x525.jpg 700w, https:\/\/agripedia.ch\/focus-ap-pa\/wp-content\/uploads\/sites\/22\/2025\/02\/Bild_2-768x576.jpg 768w, https:\/\/agripedia.ch\/focus-ap-pa\/wp-content\/uploads\/sites\/22\/2025\/02\/Bild_2-800x600.jpg 800w, https:\/\/agripedia.ch\/focus-ap-pa\/wp-content\/uploads\/sites\/22\/2025\/02\/Bild_2-940x705.jpg 940w, https:\/\/agripedia.ch\/focus-ap-pa\/wp-content\/uploads\/sites\/22\/2025\/02\/Bild_2-1024x768.jpg 1024w, https:\/\/agripedia.ch\/focus-ap-pa\/wp-content\/uploads\/sites\/22\/2025\/02\/Bild_2-1200x900.jpg 1200w, https:\/\/agripedia.ch\/focus-ap-pa\/wp-content\/uploads\/sites\/22\/2025\/02\/Bild_2-1536x1152.jpg 1536w\" sizes=\"(max-width: 600px) 100vw, 600px\" \/><p id=\"caption-attachment-3244\" class=\"wp-caption-text\"><em>Durch die F\u00fctterungsumstellung ist zwar die Milchmenge gesunken, daf\u00fcr liegen die Milchharnstoffwerte unter 20 mg\/dl und die Tierarztkosten sind um fast die H\u00e4lfte tiefer. (Bild Agrofutura)<\/em><\/p><\/div>\n<p><strong>Was waren\/sind f\u00fcr Sie die gr\u00f6ssten Herausforderungen beim Umsetzen dieser Massnahmen?<\/strong><\/p>\n<p>Das Akzeptieren der tieferen Milchleistung. Durch das Absetzen des Sojaschrots sank die durchschnittliche Milchmenge von 8675 kg auf 7413 kg. In der Milchgeldabrechnung standen andere Zahlen, das musste ich zuerst einmal verdauen.<\/p>\n<p><strong>Sind Ihnen durch das Umsetzen dieser Massnahmen zus\u00e4tzliche Kosten entstanden? <\/strong><\/p>\n<p>Wie bereits erw\u00e4hnt, sind die Einnahmen bei der Milchproduktion gesunken.<\/p>\n<p>Ammonsalpeter ist zwar etwas teurer als Harnstoff, daf\u00fcr muss ich weniger davon zukaufen. Unter dem Strich habe ich sogar etwas an D\u00fcngerkosten eingespart.<\/p>\n<p><strong>Konnten Sie weitere Kosten einsparen?<\/strong><\/p>\n<p>Ich habe merkliche Einsparungen bei den Tierarztkosten. Sie sind von Fr. 14\u2019972 auf Fr. 7\u2019699 gesunden, also um fast die H\u00e4lfte. \u00a0Die K\u00fche liegen weniger oft fest, und ich beobachte eine bessere Klauengesundheit. Dass es meinen K\u00fchen besser geht, gibt mir ein gutes Gef\u00fchl. Das kann ich zwar nicht in Zahlen und Franken messen, ist aber ein wichtiger Faktor f\u00fcr mich.<\/p>\n<p><strong>Sehen Sie weiteres Verbesserungspotenzial in Bezug auf die N-Effizienz auf Ihrem Betrieb?<\/strong><\/p>\n<p>Ich kann mir vorstellen, bei der G\u00fclleausbringung auf einen Schleppschuh umzustellen. Durch diese technische L\u00f6sung verspreche ich mir noch mehr Kilogramm Stickstoff die direkt in den Boden und in die Pflanze gelangen.<\/p>\n<div id=\"attachment_3247\" style=\"width: 610px\" class=\"wp-caption alignnone\"><img decoding=\"async\" aria-describedby=\"caption-attachment-3247\" class=\"wp-image-3247 size-fusion-600\" src=\"https:\/\/agripedia.ch\/focus-ap-pa\/wp-content\/uploads\/sites\/22\/2025\/02\/Bild_3-600x450.jpg\" alt=\"\" width=\"600\" height=\"450\" srcset=\"https:\/\/agripedia.ch\/focus-ap-pa\/wp-content\/uploads\/sites\/22\/2025\/02\/Bild_3-66x50.jpg 66w, https:\/\/agripedia.ch\/focus-ap-pa\/wp-content\/uploads\/sites\/22\/2025\/02\/Bild_3-177x133.jpg 177w, https:\/\/agripedia.ch\/focus-ap-pa\/wp-content\/uploads\/sites\/22\/2025\/02\/Bild_3-200x150.jpg 200w, https:\/\/agripedia.ch\/focus-ap-pa\/wp-content\/uploads\/sites\/22\/2025\/02\/Bild_3-300x225.jpg 300w, https:\/\/agripedia.ch\/focus-ap-pa\/wp-content\/uploads\/sites\/22\/2025\/02\/Bild_3-320x240.jpg 320w, https:\/\/agripedia.ch\/focus-ap-pa\/wp-content\/uploads\/sites\/22\/2025\/02\/Bild_3-400x300.jpg 400w, https:\/\/agripedia.ch\/focus-ap-pa\/wp-content\/uploads\/sites\/22\/2025\/02\/Bild_3-460x345.jpg 460w, https:\/\/agripedia.ch\/focus-ap-pa\/wp-content\/uploads\/sites\/22\/2025\/02\/Bild_3-540x405.jpg 540w, https:\/\/agripedia.ch\/focus-ap-pa\/wp-content\/uploads\/sites\/22\/2025\/02\/Bild_3-600x450.jpg 600w, https:\/\/agripedia.ch\/focus-ap-pa\/wp-content\/uploads\/sites\/22\/2025\/02\/Bild_3-669x502.jpg 669w, https:\/\/agripedia.ch\/focus-ap-pa\/wp-content\/uploads\/sites\/22\/2025\/02\/Bild_3-700x525.jpg 700w, https:\/\/agripedia.ch\/focus-ap-pa\/wp-content\/uploads\/sites\/22\/2025\/02\/Bild_3-768x576.jpg 768w, https:\/\/agripedia.ch\/focus-ap-pa\/wp-content\/uploads\/sites\/22\/2025\/02\/Bild_3-800x600.jpg 800w, https:\/\/agripedia.ch\/focus-ap-pa\/wp-content\/uploads\/sites\/22\/2025\/02\/Bild_3-940x705.jpg 940w, https:\/\/agripedia.ch\/focus-ap-pa\/wp-content\/uploads\/sites\/22\/2025\/02\/Bild_3-1024x768.jpg 1024w, https:\/\/agripedia.ch\/focus-ap-pa\/wp-content\/uploads\/sites\/22\/2025\/02\/Bild_3-1200x900.jpg 1200w, https:\/\/agripedia.ch\/focus-ap-pa\/wp-content\/uploads\/sites\/22\/2025\/02\/Bild_3-1536x1152.jpg 1536w\" sizes=\"(max-width: 600px) 100vw, 600px\" \/><p id=\"caption-attachment-3247\" class=\"wp-caption-text\"><em>Seit 2017 bringt Christoph Geiselmann die G\u00fclle mittels Schleppschlauch aus. Er kann sich vorstellen, mittels Schleppschuh eine noch bessere N-Effizienz zu erzielen. (Bild Agrofutura)<\/em><\/p><\/div>\n<p><strong>Werden Sie im Rahmen des Projekts unterst\u00fctzt?<\/strong><\/p>\n<p>F\u00fcr die Teilnahme am Projekt bekomme ich eine Abgeltung in Form eines fixen Grundbeitrags und in Form von wirkungsbasierten Beitr\u00e4gen. Letztere entsch\u00e4digen mich f\u00fcr die Reduktion der N-Zufuhr und des N-Saldos\u00fcberschusses pro ha d\u00fcngbare Fl\u00e4che. Die Beitr\u00e4ge halfen mit, die Mindereinnahmen bei der Milchproduktion abzufedern. Mein landwirtschaftliches Einkommen ist dadurch sogar von Fr. 23\u2019500 auf Fr. 26\u2019395 gestiegen.<\/p>\n<p>Sehr spannend fand ich die Anl\u00e4sse, die im Rahmen des Projekts f\u00fcr uns Landwirte organisiert wurden. Ich bekam Neues zu sehen und konnte mich mit Berufskollegen austauschen.<\/p>\n<p><strong>Nach Projektende: Werden Sie die Massnahmen weiterhin umsetzen? <\/strong><\/p>\n<p>Durch den Verzicht Sojaschrot als Ausgleichsfutter einzusetzen, konnte ich die Futterkosten in der Vollkostenrechnung senken, das macht aber die Mindereinnahmen wegen der gesunkenen Jahresmilchleitung nicht Wett. Trotzdem will ich die Massnahme weiterf\u00fchren, weil die bessere Tiergesundheit mir das Wert ist.<\/p>\n<p>Die D\u00fcngeplanung inklusive der Umstellung auf Ammonsalpeter werde ich ebenfalls beibehalten. Die Beprobungen von Grundfutter und Hofd\u00fcnger werde ich hingegen nicht weiterf\u00fchren.<\/p>\n<p><strong>Ihr Fazit zum Projektende?<\/strong><\/p>\n<p>Es braucht etwas Mut, eine grosse Ver\u00e4nderung auf dem Betrieb umzusetzen. Willst du etwas Neues ausprobieren, musst du aus der der Komfortzone heraus. Das bedeutet vielleicht, dass du genau das Gegenteil von dem machst, was die andern tun oder dir der Futtermittelverk\u00e4ufer r\u00e4t. Ebenfalls weisst du nicht, ob es gut kommt oder schief geht. Ohne den finanziellen Zustupf durch das Projekt h\u00e4tte ich die finanziellen Auswirkungen in der Phase der Futterumstellung weniger gut abfedern k\u00f6nnen.<\/p>\n<p>Mir hat beim Projekt das Anreizsystem gefallen. Denn wir Bauern sind Freigeister und m\u00f6gen nicht, wenn man uns zu viele Vorschriften macht.<\/p>\n<p><strong>Betriebsspiegel<\/strong><\/p>\n<ul>\n<li><strong>Name:<\/strong> Christoph Geiselmann<\/li>\n<li><strong>Adresse:<\/strong> Stubenloo7, 8618 Oetwil am See<\/li>\n<li><strong>Tiere:<\/strong> 50 Milchk\u00fche, Rassen: Brown Swiss, Holstein, Redholstein, 2 Jersey und 2 Kreuzungstiere plus Aufzucht, Zuchtziel nach IG Neue Schweizer Kuh<\/li>\n<li><strong>Fl\u00e4chen:<\/strong> 47,5 ha LN, davon 11 ha OA, 44 ha DF<\/li>\n<li><strong>Kulturen:<\/strong> Winterweizen, Wintergerste, Hafer, Silomais, Kunstwiese<\/li>\n<li><strong>Mitarbeitende:<\/strong> Betriebsleiter, Partnerin und Eltern<\/li>\n<li><strong>Besonderes:<\/strong> Brennholzverkauf, hofeigenes Kraftfutter: eigenes Getreide wird auf Betrieb gelagert, monatlich kommt eine fahrbare M\u00fchle vorbei (Estermann, Eschenbach LU), um Futter frisch zu mahlen<\/li>\n<\/ul>\n<div id=\"attachment_3250\" style=\"width: 610px\" class=\"wp-caption alignnone\"><img decoding=\"async\" aria-describedby=\"caption-attachment-3250\" class=\"wp-image-3250 size-fusion-600\" src=\"https:\/\/agripedia.ch\/focus-ap-pa\/wp-content\/uploads\/sites\/22\/2025\/02\/Bild_4-600x450.jpg\" alt=\"\" width=\"600\" height=\"450\" srcset=\"https:\/\/agripedia.ch\/focus-ap-pa\/wp-content\/uploads\/sites\/22\/2025\/02\/Bild_4-66x50.jpg 66w, https:\/\/agripedia.ch\/focus-ap-pa\/wp-content\/uploads\/sites\/22\/2025\/02\/Bild_4-177x133.jpg 177w, https:\/\/agripedia.ch\/focus-ap-pa\/wp-content\/uploads\/sites\/22\/2025\/02\/Bild_4-200x150.jpg 200w, https:\/\/agripedia.ch\/focus-ap-pa\/wp-content\/uploads\/sites\/22\/2025\/02\/Bild_4-300x225.jpg 300w, https:\/\/agripedia.ch\/focus-ap-pa\/wp-content\/uploads\/sites\/22\/2025\/02\/Bild_4-320x240.jpg 320w, https:\/\/agripedia.ch\/focus-ap-pa\/wp-content\/uploads\/sites\/22\/2025\/02\/Bild_4-400x300.jpg 400w, https:\/\/agripedia.ch\/focus-ap-pa\/wp-content\/uploads\/sites\/22\/2025\/02\/Bild_4-460x345.jpg 460w, https:\/\/agripedia.ch\/focus-ap-pa\/wp-content\/uploads\/sites\/22\/2025\/02\/Bild_4-540x405.jpg 540w, https:\/\/agripedia.ch\/focus-ap-pa\/wp-content\/uploads\/sites\/22\/2025\/02\/Bild_4-600x450.jpg 600w, https:\/\/agripedia.ch\/focus-ap-pa\/wp-content\/uploads\/sites\/22\/2025\/02\/Bild_4-669x502.jpg 669w, https:\/\/agripedia.ch\/focus-ap-pa\/wp-content\/uploads\/sites\/22\/2025\/02\/Bild_4-700x525.jpg 700w, https:\/\/agripedia.ch\/focus-ap-pa\/wp-content\/uploads\/sites\/22\/2025\/02\/Bild_4-768x576.jpg 768w, https:\/\/agripedia.ch\/focus-ap-pa\/wp-content\/uploads\/sites\/22\/2025\/02\/Bild_4-800x600.jpg 800w, https:\/\/agripedia.ch\/focus-ap-pa\/wp-content\/uploads\/sites\/22\/2025\/02\/Bild_4-940x705.jpg 940w, https:\/\/agripedia.ch\/focus-ap-pa\/wp-content\/uploads\/sites\/22\/2025\/02\/Bild_4-1024x768.jpg 1024w, https:\/\/agripedia.ch\/focus-ap-pa\/wp-content\/uploads\/sites\/22\/2025\/02\/Bild_4-1200x900.jpg 1200w, https:\/\/agripedia.ch\/focus-ap-pa\/wp-content\/uploads\/sites\/22\/2025\/02\/Bild_4-1536x1152.jpg 1536w\" sizes=\"(max-width: 600px) 100vw, 600px\" \/><p id=\"caption-attachment-3250\" class=\"wp-caption-text\"><em>Milchviehbetrieb Geiselmann, Oetwil am See ZH. (Bild Agrofutura)<\/em><\/p><\/div>\n<p><a href=\"https:\/\/agripedia.ch\/focus-ap-pa\/wp-content\/uploads\/sites\/22\/2025\/02\/N-Effizienz_Betriebsportraet_Geiselmann_241210_est.pdf\" target=\"_blank\" rel=\"noopener\"><strong>Das Portr\u00e4t von Christoph Geiselmann als PDF (Download)<\/strong><\/a><\/p>\n<p><a href=\"https:\/\/agripedia.ch\/focus-ap-pa\/de\/betriebsportraits-n-effizienz-2\/\"><strong>Link zum Portr\u00e4t N-Effizienz auf dem Milchvieh-Ackerbaubetrieb von Michael Frey<\/strong><\/a><\/p>\n<p><a href=\"https:\/\/agripedia.ch\/focus-ap-pa\/de\/betriebsportraits-n-effizienz-3\/\"><strong>Link zum Portr\u00e4t N-Effizienz auf dem Legehennen-Ackerbaubetrieb von Marc Peter<\/strong><\/a><\/p>\n<p><a href=\"https:\/\/agripedia.ch\/focus-ap-pa\/de\/betriebsportraits-n-effizienz\/\" target=\"_blank\" rel=\"noopener\"><strong>Link zu Portr\u00e4t N-Effizienz auf dem Milchvieh-Gr\u00fcnlandbetrieb von Marco Zollinger<\/strong><\/a><\/p>\n<p><a title=\"Absenkpfad N\u00e4hrstoffe\" href=\"www.agripedia.ch\/absenkpfad-naehrstoffe\"><strong>Link zur\u00fcck zur \u00dcbersichtsseite \u201eAbsenkpfad N\u00e4hrstoffe\u201c<\/strong><\/a><\/p>\n<\/div><\/div><\/div><\/div><\/div>\n","protected":false},"excerpt":{"rendered":"","protected":false},"author":927,"featured_media":0,"parent":0,"menu_order":0,"comment_status":"closed","ping_status":"closed","template":"","meta":{"_sb_is_suggestion_mode":false,"_sb_show_suggestion_boards":false,"_sb_show_comment_boards":false,"_sb_suggestion_history":"","_sb_update_block_changes":"","inline_featured_image":false,"_monsterinsights_skip_tracking":false,"_monsterinsights_sitenote_active":false,"_monsterinsights_sitenote_note":"","_monsterinsights_sitenote_category":0,"footnotes":""},"class_list":["post-3226","page","type-page","status-publish","hentry"],"_links":{"self":[{"href":"https:\/\/agripedia.ch\/focus-ap-pa\/de\/wp-json\/wp\/v2\/pages\/3226","targetHints":{"allow":["GET"]}}],"collection":[{"href":"https:\/\/agripedia.ch\/focus-ap-pa\/de\/wp-json\/wp\/v2\/pages"}],"about":[{"href":"https:\/\/agripedia.ch\/focus-ap-pa\/de\/wp-json\/wp\/v2\/types\/page"}],"author":[{"embeddable":true,"href":"https:\/\/agripedia.ch\/focus-ap-pa\/de\/wp-json\/wp\/v2\/users\/927"}],"replies":[{"embeddable":true,"href":"https:\/\/agripedia.ch\/focus-ap-pa\/de\/wp-json\/wp\/v2\/comments?post=3226"}],"version-history":[{"count":12,"href":"https:\/\/agripedia.ch\/focus-ap-pa\/de\/wp-json\/wp\/v2\/pages\/3226\/revisions"}],"predecessor-version":[{"id":3290,"href":"https:\/\/agripedia.ch\/focus-ap-pa\/de\/wp-json\/wp\/v2\/pages\/3226\/revisions\/3290"}],"wp:attachment":[{"href":"https:\/\/agripedia.ch\/focus-ap-pa\/de\/wp-json\/wp\/v2\/media?parent=3226"}],"curies":[{"name":"wp","href":"https:\/\/api.w.org\/{rel}","templated":true}]}}