{"id":2353,"date":"2023-11-17T13:08:54","date_gmt":"2023-11-17T13:08:54","guid":{"rendered":"https:\/\/agripedia.ch\/focus-ap-pa\/?page_id=2353"},"modified":"2025-02-06T13:23:04","modified_gmt":"2025-02-06T13:23:04","slug":"betriebsportraits-n-effizienz-3","status":"publish","type":"page","link":"https:\/\/agripedia.ch\/focus-ap-pa\/de\/betriebsportraits-n-effizienz-3\/","title":{"rendered":"Betriebsportraits N-Effizienz 3"},"content":{"rendered":"<div class=\"fusion-fullwidth fullwidth-box fusion-builder-row-1 fusion-flex-container nonhundred-percent-fullwidth non-hundred-percent-height-scrolling\" style=\"--awb-border-radius-top-left:0px;--awb-border-radius-top-right:0px;--awb-border-radius-bottom-right:0px;--awb-border-radius-bottom-left:0px;--awb-flex-wrap:wrap;\" ><div class=\"fusion-builder-row fusion-row fusion-flex-align-items-flex-start fusion-flex-content-wrap\" style=\"max-width:1144px;margin-left: calc(-4% \/ 2 );margin-right: calc(-4% \/ 2 );\"><div class=\"fusion-layout-column fusion_builder_column fusion-builder-column-0 fusion_builder_column_1_1 1_1 fusion-flex-column\" style=\"--awb-bg-size:cover;--awb-width-large:100%;--awb-margin-top-large:0px;--awb-spacing-right-large:1.92%;--awb-margin-bottom-large:0px;--awb-spacing-left-large:1.92%;--awb-width-medium:100%;--awb-spacing-right-medium:1.92%;--awb-spacing-left-medium:1.92%;--awb-width-small:100%;--awb-spacing-right-small:1.92%;--awb-spacing-left-small:1.92%;\"><div class=\"fusion-column-wrapper fusion-flex-justify-content-flex-start fusion-content-layout-column\"><div class=\"fusion-text fusion-text-1\"><h1>N-Effizienz: <strong>Betriebsportr\u00e4t Marc Peter<\/strong><\/h1>\n<h1>\u00ab<strong>Die Futteranpassung entlastet meine N-Bilanz<\/strong>\u00bb<\/h1>\n<p>Marc Peter hat sich im Rahmen des Projekts verpflichtet, seine gesamtbetriebliche N-Effizienz von 80 Prozent (Durchschnitt der Jahre 2015-2017) auf 90 Prozent zu steigern. Ausserdem will er seine N-Saldo\u00fcbersch\u00fcsse von 130 Kilogramm N\/ha d\u00fcngbare Fl\u00e4che (Durchschnitt der Jahre 2015-2017) um 13 Kilogramm N\/ha d\u00fcngbare Fl\u00e4che reduzieren.<\/p>\n<div class=\"video-shortcode\"><iframe title=\"N Effizienz- Betriebsportr\u00e4t Marc Peter\" width=\"1100\" height=\"619\" src=\"https:\/\/www.youtube.com\/embed\/Ro66rZZimV4?feature=oembed\" frameborder=\"0\" allow=\"accelerometer; autoplay; clipboard-write; encrypted-media; gyroscope; picture-in-picture; web-share\" allowfullscreen><\/iframe><\/div>\n<p><strong>Um wie viele Prozent konnten Sie bis jetzt Ihre N-Effizienz steigern, und um wie viele Kilogramm konnten Sie die N-Saldo\u00fcbersch\u00fcsse pro ha DF reduzieren?<\/strong><\/p>\n<p><em>Marc Peter: <\/em>Ich w\u00fcrde sagen, dass ich meine N-Effizienz um zirka 3 Prozent gesteigert habe und nun am Maximum angelangt bin. Die angestrebte Steigerung um 10 Prozent war wohl etwas gar ambitioniert geplant f\u00fcr meinen Betrieb. Ich war schon vor Projektbeginn bei der Tierhaltung sehr effizient. Eventuell k\u00f6nnte ich im Ackerbau noch auf Extenso umsteigen und so etwas D\u00fcnger einsparen. Aber das erachte ich bei meinen guten B\u00f6den nicht als sinnvoll.<\/p>\n<p>Beim Saldo\u00fcberschuss sieht es besser aus, hier habe ich das Ziel sogar \u00fcbertroffen. Wahrscheinlich haben wir realistischere Zielwerte angenommen. In den vergangenen drei Jahren lag ich jeweils bei zirka 100 kg N pro DF. Doch das h\u00e4ngt jeweils sehr vom Wetter und einer guten Ernte ab.<\/p>\n<div id=\"attachment_2572\" style=\"width: 610px\" class=\"wp-caption alignnone\"><img decoding=\"async\" aria-describedby=\"caption-attachment-2572\" class=\"wp-image-2572 size-fusion-600\" src=\"https:\/\/agripedia.ch\/focus-ap-pa\/wp-content\/uploads\/sites\/22\/2023\/11\/Bild_Peter_1_web-600x450.jpg\" alt=\"\" width=\"600\" height=\"450\" srcset=\"https:\/\/agripedia.ch\/focus-ap-pa\/wp-content\/uploads\/sites\/22\/2023\/11\/Bild_Peter_1_web-200x150.jpg 200w, https:\/\/agripedia.ch\/focus-ap-pa\/wp-content\/uploads\/sites\/22\/2023\/11\/Bild_Peter_1_web-300x225.jpg 300w, https:\/\/agripedia.ch\/focus-ap-pa\/wp-content\/uploads\/sites\/22\/2023\/11\/Bild_Peter_1_web-400x300.jpg 400w, https:\/\/agripedia.ch\/focus-ap-pa\/wp-content\/uploads\/sites\/22\/2023\/11\/Bild_Peter_1_web-600x450.jpg 600w, https:\/\/agripedia.ch\/focus-ap-pa\/wp-content\/uploads\/sites\/22\/2023\/11\/Bild_Peter_1_web-768x576.jpg 768w, https:\/\/agripedia.ch\/focus-ap-pa\/wp-content\/uploads\/sites\/22\/2023\/11\/Bild_Peter_1_web-800x600.jpg 800w, https:\/\/agripedia.ch\/focus-ap-pa\/wp-content\/uploads\/sites\/22\/2023\/11\/Bild_Peter_1_web.jpg 1024w\" sizes=\"(max-width: 600px) 100vw, 600px\" \/><p id=\"caption-attachment-2572\" class=\"wp-caption-text\"><em>Marc Peter gef\u00e4llt am Projekt, \u00abdass der Z\u00fcrcher Bauernverband proaktiv etwas im Bereich Stickstoff macht.\u00bb\u00a0 (Bild Agrofutura)<\/em><\/p><\/div>\n<p><strong>Was hat Sie motiviert, sich am Projekt zu beteiligen?<\/strong><\/p>\n<p>Mir gef\u00e4llt die Grund\u00fcberlegung des Z\u00fcrcher Bauernverbands, proaktiv etwas im Bereich Stickstoff zu machen. Pers\u00f6nlich wollte ich vor allem die Hoftorbilanz mit der N\u00e4hrstoffbilanz vergleichen. Zudem zeigt mir der vertiefte Blick in die N-Thematik auf, wo es sinnvoll ist, etwas zu machen und wo es sich nicht lohnt.<\/p>\n<p><strong>Welche Massnahmen setzen Sie um? <\/strong><\/p>\n<ul>\n<li>Kauf eines Wieged\u00fcngerstreuer mit Section Control zur Reduktion der Minerald\u00fcngerzufuhr.<\/li>\n<li>Anpassung des Rohproteingehalts des Legehennenfutters von 177g\/kg auf 168g\/kg.<\/li>\n<li>Regelm\u00e4ssige Hofd\u00fcngeranalysen.<\/li>\n<li>Anpassung des Herdenmanagements: Statt zweimal pro Woche entmiste ich nun t\u00e4glich am Abend.<\/li>\n<\/ul>\n<p>Ausserdem habe ich bei der Hofd\u00fcngerausbringung nochmals optimiert, in dem ich den Mist noch schneller in die Erde einarbeite. Das ist schon wegen der Geruchsemissionen ein Muss. Es ist jedoch keine Massnahme im Rahmen dieses Projekts.<\/p>\n<p><strong>Welche Massnahme erachten Sie als die wirkungsvollste auf Ihrem Betrieb? <\/strong><\/p>\n<p>In der Beprobung der G\u00fclle und des Futters sehe ich Potenzial, und es ist einfach umsetzbar. Wie bereits erw\u00e4hnt, war ich erstaunt \u00fcber die guten D\u00fcngewerte meiner G\u00fclle. Die D\u00fcngung konnten wir dementsprechend anpassen.<\/p>\n<p><strong>Was waren\/sind f\u00fcr Sie die gr\u00f6ssten Herausforderungen beim Umsetzen dieser Massnahmen?<\/strong><\/p>\n<p>Die Futteranpassung: Sie entlastet klar meine N-Bilanz. Als Konsequenz musste ich weniger Mist wegf\u00fchren. Das entlastet mich auch finanziell. Denn in der Regel geht die H\u00e4lfte meines Hofd\u00fcngers in die Biogasanlage, und das verursacht Kosten.<\/p>\n<div id=\"attachment_2576\" style=\"width: 610px\" class=\"wp-caption alignnone\"><img decoding=\"async\" aria-describedby=\"caption-attachment-2576\" class=\"wp-image-2576 size-fusion-600\" src=\"https:\/\/agripedia.ch\/focus-ap-pa\/wp-content\/uploads\/sites\/22\/2023\/11\/Bild_Peter_2_web-600x450.jpg\" alt=\"\" width=\"600\" height=\"450\" srcset=\"https:\/\/agripedia.ch\/focus-ap-pa\/wp-content\/uploads\/sites\/22\/2023\/11\/Bild_Peter_2_web-200x150.jpg 200w, https:\/\/agripedia.ch\/focus-ap-pa\/wp-content\/uploads\/sites\/22\/2023\/11\/Bild_Peter_2_web-300x225.jpg 300w, https:\/\/agripedia.ch\/focus-ap-pa\/wp-content\/uploads\/sites\/22\/2023\/11\/Bild_Peter_2_web-400x300.jpg 400w, https:\/\/agripedia.ch\/focus-ap-pa\/wp-content\/uploads\/sites\/22\/2023\/11\/Bild_Peter_2_web-600x450.jpg 600w, https:\/\/agripedia.ch\/focus-ap-pa\/wp-content\/uploads\/sites\/22\/2023\/11\/Bild_Peter_2_web-768x576.jpg 768w, https:\/\/agripedia.ch\/focus-ap-pa\/wp-content\/uploads\/sites\/22\/2023\/11\/Bild_Peter_2_web-800x600.jpg 800w, https:\/\/agripedia.ch\/focus-ap-pa\/wp-content\/uploads\/sites\/22\/2023\/11\/Bild_Peter_2_web.jpg 1024w\" sizes=\"(max-width: 600px) 100vw, 600px\" \/><p id=\"caption-attachment-2576\" class=\"wp-caption-text\"><em>Bei den Legehennen wurde der Proteingehalt im Futter gesenkt, das entlastet die N-Bilanz. (Bild Agrofutura)<\/em><\/p><\/div>\n<p><strong>Kaufen Sie weniger Futter- und D\u00fcngemittel zu?<\/strong><\/p>\n<p>Die Anschaffung des neuen D\u00fcngerstreuers erleichtert mir die D\u00fcngerausbringung, weil genau so viel ausgebracht wird, wie ich m\u00f6chte und weil ich keine Fl\u00e4che doppelt d\u00fcnge. Die hohen D\u00fcngerpreise vom letzten Jahr animierten mich zus\u00e4tzlich, gezielt meinen Minerald\u00fcnger auszubringen.<\/p>\n<p><strong>Was waren\/sind f\u00fcr Sie die gr\u00f6ssten Herausforderungen im Projekt?<\/strong><\/p>\n<p>Ich wollte verstehen, weshalb es Unterschiede zwischen der Hoftor- und N\u00e4hrstoffbilanz gibt.<\/p>\n<p><strong>Und, haben Sie diese Herausforderung unterdessen gemeistert? <\/strong><\/p>\n<p>Ja, meine Schlussfolgerung ist: Die GRUD (Grundlagen f\u00fcr die D\u00fcngung) m\u00fcsste angepasst werden. Ich nahm Analysen von H\u00fchnermist am Lager, H\u00fchnermist in der Einstreu und Frischmist. Alle meine Analysedaten waren nicht mit den GRUD-Daten vergleichbar, sprich waren tiefer.<\/p>\n<p><strong>Sind Ihnen durch das Umsetzen dieser Massnahmen zus\u00e4tzliche Kosten entstanden?<\/strong><\/p>\n<p>Ein Wieged\u00fcngerstreuer mit Section Control ist eine teure Anschaffung (Fr. 16\u2019000). Trotzdem finde ich es eine sehr sinnvolle Anschaffung, die mir eine grosse Arbeitserleichterung bringt.<\/p>\n<p>Durch das h\u00e4ufigere Entmisten n\u00fctzt sich das Entmistungsband st\u00e4rker ab, das ergibt Mehrkosten.<\/p>\n<div id=\"attachment_2579\" style=\"width: 610px\" class=\"wp-caption alignnone\"><img decoding=\"async\" aria-describedby=\"caption-attachment-2579\" class=\"wp-image-2579 size-fusion-600\" src=\"https:\/\/agripedia.ch\/focus-ap-pa\/wp-content\/uploads\/sites\/22\/2023\/11\/Bild_Peter_3_web-600x450.jpg\" alt=\"\" width=\"600\" height=\"450\" srcset=\"https:\/\/agripedia.ch\/focus-ap-pa\/wp-content\/uploads\/sites\/22\/2023\/11\/Bild_Peter_3_web-200x150.jpg 200w, https:\/\/agripedia.ch\/focus-ap-pa\/wp-content\/uploads\/sites\/22\/2023\/11\/Bild_Peter_3_web-300x225.jpg 300w, https:\/\/agripedia.ch\/focus-ap-pa\/wp-content\/uploads\/sites\/22\/2023\/11\/Bild_Peter_3_web-400x300.jpg 400w, https:\/\/agripedia.ch\/focus-ap-pa\/wp-content\/uploads\/sites\/22\/2023\/11\/Bild_Peter_3_web-600x450.jpg 600w, https:\/\/agripedia.ch\/focus-ap-pa\/wp-content\/uploads\/sites\/22\/2023\/11\/Bild_Peter_3_web-768x576.jpg 768w, https:\/\/agripedia.ch\/focus-ap-pa\/wp-content\/uploads\/sites\/22\/2023\/11\/Bild_Peter_3_web-800x600.jpg 800w, https:\/\/agripedia.ch\/focus-ap-pa\/wp-content\/uploads\/sites\/22\/2023\/11\/Bild_Peter_3_web.jpg 1024w\" sizes=\"(max-width: 600px) 100vw, 600px\" \/><p id=\"caption-attachment-2579\" class=\"wp-caption-text\"><em>Umstellung beim Herdenmanagement: Es wird nun t\u00e4glich statt nur zweimal die Woche gemistet. (Bild Agrofutura)<\/em><\/p><\/div>\n<p><strong>Oder konnten Sie Kosten einsparen?<\/strong><\/p>\n<p>Ja, ein wenig beim D\u00fcnger. Die Futteranpassung hingegen hatte keine Auswirkungen auf die Kosten. Die Einsparung durch die Reduktion des Proteins wurde durch die Mehrkosten f\u00fcr die St\u00e4rke wieder ausgeglichen.<\/p>\n<p><strong>Sehen Sie weiteres Verbesserungspotenzial in Bezug auf die N-Effizienz auf Ihrem Betrieb?<\/strong><\/p>\n<p>Ich k\u00f6nnte eine Kotbandbel\u00fcftung oder einen Luftw\u00e4scher installieren. Doch das sind sehr teure Investitionen, die meiner Meinung nach nicht sinnvoll und praxistauglich sind.<\/p>\n<p>In den Niederlanden und in Deutschland laufen Versuche, die Emissionen an der Quelle eliminieren wollen, in dem man den Kot mit einem Mittel bespritzt, welches das Ammoniak bindet. Diesen Ansatz finde ich spannend.<\/p>\n<p>Im Rahmen des N-Effizienz-Projekts haben wir einen Pouletmastbetrieb besucht, der mit einer Bodenheizung und einem W\u00e4rmetauscher ein optimales Stallklima schafft, was ebenfalls die Emissionen reduziert.<\/p>\n<p><strong>Wie werden Sie unterst\u00fctzt? Bekommen Sie eine Entsch\u00e4digung f\u00fcr die Projektteilnahme?<\/strong><\/p>\n<p>Bei Fragen oder Problemen kann ich Beratungspersonen der HAFL oder des Strickhofs kontaktieren.<\/p>\n<p>F\u00fcr die Projektteilnahme werde ich entsch\u00e4digt. Doch abgesehen davon finde ich den Austausch mit den Berufskollegen sehr bereichernd. Dieser ist sehr spezifisch auf das Thema N-Effizienz ausgerichtet, das finde ich nicht so schnell anderswo wieder.<\/p>\n<p><strong>Welche Massnahmen werden Sie nach Projektende weiterhin umsetzen? <\/strong><\/p>\n<p>Ich werde alle Massnahmen beibehalten, ausser die Hofd\u00fcngeranalysen. Ich hatte mich zu Projektbeginn bewusst f\u00fcr Massnahmen entschieden, die ich l\u00e4ngerfristig auf meinem Betrieb umsetzen wollte.<\/p>\n<p>Auf die Analysen verzichte ich, weil ich keine grossen Unterschiede zwischen den einzelnen Proben feststellen konnte und ich die Gehalte meines Hofd\u00fcngers genau kenne.<\/p>\n<div id=\"attachment_2582\" style=\"width: 610px\" class=\"wp-caption alignnone\"><img decoding=\"async\" aria-describedby=\"caption-attachment-2582\" class=\"wp-image-2582 size-fusion-600\" src=\"https:\/\/agripedia.ch\/focus-ap-pa\/wp-content\/uploads\/sites\/22\/2023\/11\/Bild_Peter_4_web-600x450.jpg\" alt=\"\" width=\"600\" height=\"450\" srcset=\"https:\/\/agripedia.ch\/focus-ap-pa\/wp-content\/uploads\/sites\/22\/2023\/11\/Bild_Peter_4_web-200x150.jpg 200w, https:\/\/agripedia.ch\/focus-ap-pa\/wp-content\/uploads\/sites\/22\/2023\/11\/Bild_Peter_4_web-300x225.jpg 300w, https:\/\/agripedia.ch\/focus-ap-pa\/wp-content\/uploads\/sites\/22\/2023\/11\/Bild_Peter_4_web-400x300.jpg 400w, https:\/\/agripedia.ch\/focus-ap-pa\/wp-content\/uploads\/sites\/22\/2023\/11\/Bild_Peter_4_web-600x450.jpg 600w, https:\/\/agripedia.ch\/focus-ap-pa\/wp-content\/uploads\/sites\/22\/2023\/11\/Bild_Peter_4_web-768x576.jpg 768w, https:\/\/agripedia.ch\/focus-ap-pa\/wp-content\/uploads\/sites\/22\/2023\/11\/Bild_Peter_4_web-800x600.jpg 800w, https:\/\/agripedia.ch\/focus-ap-pa\/wp-content\/uploads\/sites\/22\/2023\/11\/Bild_Peter_4_web.jpg 1024w\" sizes=\"(max-width: 600px) 100vw, 600px\" \/><p id=\"caption-attachment-2582\" class=\"wp-caption-text\"><em>Veredlungsbetriebe haben oft bereits eine sehr hohe N-Effizienz, eine Steigerung ist schwierig zu erreichen. (Bild Agrofutura)<\/em><\/p><\/div>\n<p><strong>Betriebsspiegel <\/strong><\/p>\n<ul>\n<li><strong>Name:<\/strong> Marc Peter<\/li>\n<li><strong>Adresse:<\/strong> Herrenackerstrasse 20, 8542 Wiesendangen<strong><br \/>\n<\/strong><\/li>\n<li><strong>Tiere:<\/strong> 18\u2019000 Legehennen, weiss, Legeleistung 98 %<\/li>\n<li><strong>Fl\u00e4chen:<\/strong> 48 ha LN, davon 41 ha OA, 44 ha DF<\/li>\n<li><strong>Kulturen:<\/strong> Kartoffeln, Zuckerr\u00fcben, Weizen, Gerste, Mais und etwas Kunstwiese<\/li>\n<li><strong>Arbeitskr\u00e4fte:<\/strong> Betriebsleiterpaar Marc und Silvia Peter, 1 Angestellter und verschiedene Teilzeitmitarbeitende<\/li>\n<li><strong>Besonderes: <\/strong>Minerald\u00fcngerausbringung mittels Wiegestreuer mit Section Control; tiefer Rohproteingehalt im Legehennenfutter<\/li>\n<\/ul>\n<div id=\"attachment_2585\" style=\"width: 610px\" class=\"wp-caption alignnone\"><img decoding=\"async\" aria-describedby=\"caption-attachment-2585\" class=\"wp-image-2585 size-fusion-600\" src=\"https:\/\/agripedia.ch\/focus-ap-pa\/wp-content\/uploads\/sites\/22\/2023\/11\/Bild_Peter_5_web-600x450.jpg\" alt=\"\" width=\"600\" height=\"450\" srcset=\"https:\/\/agripedia.ch\/focus-ap-pa\/wp-content\/uploads\/sites\/22\/2023\/11\/Bild_Peter_5_web-200x150.jpg 200w, https:\/\/agripedia.ch\/focus-ap-pa\/wp-content\/uploads\/sites\/22\/2023\/11\/Bild_Peter_5_web-300x225.jpg 300w, https:\/\/agripedia.ch\/focus-ap-pa\/wp-content\/uploads\/sites\/22\/2023\/11\/Bild_Peter_5_web-400x300.jpg 400w, https:\/\/agripedia.ch\/focus-ap-pa\/wp-content\/uploads\/sites\/22\/2023\/11\/Bild_Peter_5_web-600x450.jpg 600w, https:\/\/agripedia.ch\/focus-ap-pa\/wp-content\/uploads\/sites\/22\/2023\/11\/Bild_Peter_5_web-768x576.jpg 768w, https:\/\/agripedia.ch\/focus-ap-pa\/wp-content\/uploads\/sites\/22\/2023\/11\/Bild_Peter_5_web-800x600.jpg 800w, https:\/\/agripedia.ch\/focus-ap-pa\/wp-content\/uploads\/sites\/22\/2023\/11\/Bild_Peter_5_web.jpg 1024w\" sizes=\"(max-width: 600px) 100vw, 600px\" \/><p id=\"caption-attachment-2585\" class=\"wp-caption-text\"><em>Der Legehennenstall von Marc Peter in Wiesendangen ZH. (Bild Agrofutura)<\/em><\/p><\/div>\n<p><em>\u00a0<\/em><\/p>\n<p><strong>Das Portr\u00e4t von Marc Peter als PDF<\/strong> <a href=\"https:\/\/agripedia.ch\/focus-ap-pa\/wp-content\/uploads\/sites\/22\/2023\/11\/N-Effizienz_Inti_Peter_def_230815_est_AU.pdf\"><strong>(Download)<\/strong><\/a><\/p>\n<p><a href=\"https:\/\/agripedia.ch\/focus-ap-pa\/de\/betriebsportraits-n-effizienz-1\/\">Link zu Portr\u00e4t N-Effizienz auf dem Milchvieh-Gr\u00fcnlandbetrieb von Marco Zollinger<\/a><\/p>\n<p><a href=\"https:\/\/agripedia.ch\/focus-ap-pa\/de\/betriebsportraits-n-effizienz-2\/\">Link zu Portr\u00e4t N-Effizienz auf dem Milchvieh-Ackerbaubetrieb von Michael Frey<\/a><\/p>\n<p><a href=\"https:\/\/agripedia.ch\/focus-ap-pa\/de\/betriebsportraits-n-effizienz-4\/\">Link zum Portr\u00e4t N-Effizienz auf dem Milchvieh-Gr\u00fcnlandbetrieb von Christoph Geiselmann<\/a><\/p>\n<p><a title=\"Absenkpfad N\u00e4hrstoffe\" href=\"www.agripedia.ch\/absenkpfad-naehrstoffe\">Link zur\u00fcck zur \u00dcbersichtsseite \u201eAbsenkpfad N\u00e4hrstoffe\u201c<\/a><\/p>\n<\/div><\/div><\/div><\/div><\/div>\n","protected":false},"excerpt":{"rendered":"","protected":false},"author":385,"featured_media":0,"parent":0,"menu_order":0,"comment_status":"closed","ping_status":"closed","template":"","meta":{"_sb_is_suggestion_mode":false,"_sb_show_suggestion_boards":false,"_sb_show_comment_boards":false,"_sb_suggestion_history":"","_sb_update_block_changes":"","inline_featured_image":false,"_monsterinsights_skip_tracking":false,"_monsterinsights_sitenote_active":false,"_monsterinsights_sitenote_note":"","_monsterinsights_sitenote_category":0,"footnotes":""},"class_list":["post-2353","page","type-page","status-publish","hentry"],"_links":{"self":[{"href":"https:\/\/agripedia.ch\/focus-ap-pa\/de\/wp-json\/wp\/v2\/pages\/2353","targetHints":{"allow":["GET"]}}],"collection":[{"href":"https:\/\/agripedia.ch\/focus-ap-pa\/de\/wp-json\/wp\/v2\/pages"}],"about":[{"href":"https:\/\/agripedia.ch\/focus-ap-pa\/de\/wp-json\/wp\/v2\/types\/page"}],"author":[{"embeddable":true,"href":"https:\/\/agripedia.ch\/focus-ap-pa\/de\/wp-json\/wp\/v2\/users\/385"}],"replies":[{"embeddable":true,"href":"https:\/\/agripedia.ch\/focus-ap-pa\/de\/wp-json\/wp\/v2\/comments?post=2353"}],"version-history":[{"count":11,"href":"https:\/\/agripedia.ch\/focus-ap-pa\/de\/wp-json\/wp\/v2\/pages\/2353\/revisions"}],"predecessor-version":[{"id":3266,"href":"https:\/\/agripedia.ch\/focus-ap-pa\/de\/wp-json\/wp\/v2\/pages\/2353\/revisions\/3266"}],"wp:attachment":[{"href":"https:\/\/agripedia.ch\/focus-ap-pa\/de\/wp-json\/wp\/v2\/media?parent=2353"}],"curies":[{"name":"wp","href":"https:\/\/api.w.org\/{rel}","templated":true}]}}