{"id":2349,"date":"2023-11-01T07:00:14","date_gmt":"2023-11-01T07:00:14","guid":{"rendered":"https:\/\/agripedia.ch\/focus-ap-pa\/?page_id=2349"},"modified":"2025-02-06T13:21:06","modified_gmt":"2025-02-06T13:21:06","slug":"betriebsportraits-n-effizienz-2","status":"publish","type":"page","link":"https:\/\/agripedia.ch\/focus-ap-pa\/de\/betriebsportraits-n-effizienz-2\/","title":{"rendered":"Betriebsportraits N-Effizienz 2"},"content":{"rendered":"<div class=\"fusion-fullwidth fullwidth-box fusion-builder-row-1 fusion-flex-container nonhundred-percent-fullwidth non-hundred-percent-height-scrolling\" style=\"--awb-border-radius-top-left:0px;--awb-border-radius-top-right:0px;--awb-border-radius-bottom-right:0px;--awb-border-radius-bottom-left:0px;--awb-flex-wrap:wrap;\" ><div class=\"fusion-builder-row fusion-row fusion-flex-align-items-flex-start fusion-flex-content-wrap\" style=\"max-width:1144px;margin-left: calc(-4% \/ 2 );margin-right: calc(-4% \/ 2 );\"><div class=\"fusion-layout-column fusion_builder_column fusion-builder-column-0 fusion_builder_column_1_1 1_1 fusion-flex-column\" style=\"--awb-bg-size:cover;--awb-width-large:100%;--awb-margin-top-large:0px;--awb-spacing-right-large:1.92%;--awb-margin-bottom-large:0px;--awb-spacing-left-large:1.92%;--awb-width-medium:100%;--awb-spacing-right-medium:1.92%;--awb-spacing-left-medium:1.92%;--awb-width-small:100%;--awb-spacing-right-small:1.92%;--awb-spacing-left-small:1.92%;\"><div class=\"fusion-column-wrapper fusion-flex-justify-content-flex-start fusion-content-layout-column\"><div class=\"fusion-text fusion-text-1\"><h1>N-Effizienz: <strong>Betriebsportr\u00e4t Michael Frey<\/strong><\/h1>\n<h1>\u00ab<strong>Mir gef\u00e4llt der Ansatz der Effizienzsteigerung\u00bb<\/strong><\/h1>\n<p>Michael Frey hat sich im Rahmen des Projekts verpflichtet, seine gesamtbetriebliche N-Effizienz von 49 Prozent (Durchschnitt der Jahre 2015-2017) auf mindestens 59 Prozent zu steigern. Ausserdem will er seine N-Saldo\u00fcbersch\u00fcsse von 174 Kilogramm N\/ha d\u00fcngbare Fl\u00e4che (Durchschnitt der Jahre 2015-2017) um 18 Kilogramm N\/ha d\u00fcngbare Fl\u00e4che reduzieren.<\/p>\n<p>\u00a0<\/p>\n<div class=\"video-shortcode\"><iframe title=\"N Effizienz- Betriebsportr\u00e4t Michi Frey.\" width=\"1100\" height=\"619\" src=\"https:\/\/www.youtube.com\/embed\/hBXasGgSj70?feature=oembed\" frameborder=\"0\" allow=\"accelerometer; autoplay; clipboard-write; encrypted-media; gyroscope; picture-in-picture; web-share\" allowfullscreen><\/iframe><\/div>\n<p>\u00a0<\/p>\n<p><strong>Um wie viele Prozent konnten Sie bis jetzt Ihre N-Effizienz steigern, und um wie viele Kilogramm konnten Sie die N-Saldo\u00fcbersch\u00fcsse pro ha DF reduzieren?<\/strong><\/p>\n<p><em>Michael Frey: <\/em>Gem\u00e4ss den Auswertungen konnte ich die N-Effizienz 2022 auf 59,8 Prozent steigern und die N-Saldo\u00fcbersch\u00fcsse sanken auf 145 Kilogramm, was eine Reduktion von 29 Kilogramm pro Hektare d\u00fcngbare Fl\u00e4che entspricht. Aber das \u00e4ndert sich von Jahr zu Jahr.<\/p>\n<p>N-effizient bin ich vor allem in Jahren mit guten Ertr\u00e4gen, wie z. B. letztes Jahr mit meinen Super-Getreide-Ertr\u00e4gen. Vor ein paar Jahren machte mir der St\u00e4ngelr\u00fcssler im Raps einen Strich durch die Rechnung: dreschen konnte ich nur gerade 17 Kilogramm auf die Are, doch der D\u00fcnger war ausgebracht. Da war meine N-Effizienz nat\u00fcrlich dahin.<\/p>\n<p>Wenn es um die N-Effizienz geht, spricht man vor allem vom D\u00fcnger. Ich finde aber, es braucht die gesamtheitliche Betrachtung: Ist der Boden verdichtet oder stimmt die Fruchtfolge nicht, kann ich nicht N-effizient sein.<\/p>\n<div id=\"attachment_2445\" style=\"width: 610px\" class=\"wp-caption alignnone\"><img decoding=\"async\" aria-describedby=\"caption-attachment-2445\" class=\"wp-image-2445 size-fusion-600\" src=\"https:\/\/agripedia.ch\/focus-ap-pa\/wp-content\/uploads\/sites\/22\/2023\/10\/Frey_1_web-600x450.jpg\" alt=\"\" width=\"600\" height=\"450\" srcset=\"https:\/\/agripedia.ch\/focus-ap-pa\/wp-content\/uploads\/sites\/22\/2023\/10\/Frey_1_web-200x150.jpg 200w, https:\/\/agripedia.ch\/focus-ap-pa\/wp-content\/uploads\/sites\/22\/2023\/10\/Frey_1_web-300x225.jpg 300w, https:\/\/agripedia.ch\/focus-ap-pa\/wp-content\/uploads\/sites\/22\/2023\/10\/Frey_1_web-400x300.jpg 400w, https:\/\/agripedia.ch\/focus-ap-pa\/wp-content\/uploads\/sites\/22\/2023\/10\/Frey_1_web-600x450.jpg 600w, https:\/\/agripedia.ch\/focus-ap-pa\/wp-content\/uploads\/sites\/22\/2023\/10\/Frey_1_web-768x576.jpg 768w, https:\/\/agripedia.ch\/focus-ap-pa\/wp-content\/uploads\/sites\/22\/2023\/10\/Frey_1_web-800x600.jpg 800w, https:\/\/agripedia.ch\/focus-ap-pa\/wp-content\/uploads\/sites\/22\/2023\/10\/Frey_1_web.jpg 1024w\" sizes=\"(max-width: 600px) 100vw, 600px\" \/><p id=\"caption-attachment-2445\" class=\"wp-caption-text\"><em>Michael Frey ist der Meinung: \u00abF\u00fcr eine gute N-Effizient braucht es eine gesamtheitliche Betrachtung.\u00bb (Bild Agrofutura)<\/em><\/p><\/div>\n<p><strong>Kaufen Sie weniger D\u00fcnge- und Futtermittel zu?<\/strong><\/p>\n<p>Vielleicht habe ich etwas weniger D\u00fcnger eingekauft, daf\u00fcr aber teureren, wie z. B. Entec, der nitrifiziert weniger schnell. Gem\u00e4ss Bodenanalysen nach Kinsey, bei denen unter anderem das Basenverh\u00e4ltnis und der Kationenaustausch untersucht werden, setze ich vermehrt Spurenn\u00e4hrstoffe ein. Ich habe ebenfalls festgestellt, dass ich einen Kalzium\u00fcberschuss habe, deshalb verwende ich schwefelhaltige D\u00fcngemittel.<\/p>\n<p>Beim Futter setzte ich gezielt auf Futtererg\u00e4nzungsmittel. Diese sind gem\u00e4ss Futteranalysen individuell auf jeden meiner Fahrsilos abgestimmt. Das Resultat stimmt, mein Milchharnstoffwert ist seit Jahren unter 20 mg. Wichtig ist f\u00fcr mich, dass es wirtschaftlich stimmt. Sprich, was ich als Hilfsstoffe einsetze, muss sich finanziell lohnen und muss von meinen Tieren und den Pflanzen optimal aufgenommen und umgesetzt werden. Nur so bin ich N-effizient.<\/p>\n<div id=\"attachment_2448\" style=\"width: 610px\" class=\"wp-caption alignnone\"><img decoding=\"async\" aria-describedby=\"caption-attachment-2448\" class=\"wp-image-2448 size-fusion-600\" src=\"https:\/\/agripedia.ch\/focus-ap-pa\/wp-content\/uploads\/sites\/22\/2023\/10\/Frey_2_web-600x450.jpg\" alt=\"\" width=\"600\" height=\"450\" srcset=\"https:\/\/agripedia.ch\/focus-ap-pa\/wp-content\/uploads\/sites\/22\/2023\/10\/Frey_2_web-200x150.jpg 200w, https:\/\/agripedia.ch\/focus-ap-pa\/wp-content\/uploads\/sites\/22\/2023\/10\/Frey_2_web-300x225.jpg 300w, https:\/\/agripedia.ch\/focus-ap-pa\/wp-content\/uploads\/sites\/22\/2023\/10\/Frey_2_web-400x300.jpg 400w, https:\/\/agripedia.ch\/focus-ap-pa\/wp-content\/uploads\/sites\/22\/2023\/10\/Frey_2_web-600x450.jpg 600w, https:\/\/agripedia.ch\/focus-ap-pa\/wp-content\/uploads\/sites\/22\/2023\/10\/Frey_2_web-768x576.jpg 768w, https:\/\/agripedia.ch\/focus-ap-pa\/wp-content\/uploads\/sites\/22\/2023\/10\/Frey_2_web-800x600.jpg 800w, https:\/\/agripedia.ch\/focus-ap-pa\/wp-content\/uploads\/sites\/22\/2023\/10\/Frey_2_web.jpg 1024w\" sizes=\"(max-width: 600px) 100vw, 600px\" \/><p id=\"caption-attachment-2448\" class=\"wp-caption-text\"><em>Der Milchharnstoffwert auf dem Betrieb von Michael Frey liegt unter 20 mg\/dl.\u00a0(Bild Agrofutura)<\/em><\/p><\/div>\n<p><strong>Was hat Sie motiviert, sich am Projekt zu beteiligen?<\/strong><\/p>\n<p>Ich habe mich auf die Ausschreibung gemeldet, weil das Thema N-Effizienz bei mir auf dem Betrieb bereits pr\u00e4sent war und meine Werte auf gutem Niveau.<\/p>\n<p>Mir gef\u00e4llt der Ansatz der Effizienzsteigerung: entweder sollen mit weniger N gleiche Ertr\u00e4ge oder mit gleichviel N h\u00f6here Ertr\u00e4ge erzielt werden.<\/p>\n<p><strong>Welche Massnahmen setzen Sie um und weshalb? <\/strong><\/p>\n<ul>\n<li>F\u00fctterungsplan in Kombination mit der Beprobung des Grundfutters, um den Kraftfuttereinsatz zu senken.<\/li>\n<li>Optimierte D\u00fcngungsplanung inkl. Ber\u00fccksichtigung der Vorkultur, Beprobung der G\u00fclle, Entec-D\u00fcnger, Nitrifikationshemmer Piadin in der G\u00fclle bei der Maisd\u00fcngung, um den Minerald\u00fcngereinsatz zu senken.<\/li>\n<li>D\u00fcngerstreuer mit Section Control und Durchflussmengensteuerung EMC, Parallelfahrsystem, ebenfalls um den Minerald\u00fcngereinsatz zu senken.<\/li>\n<li>Ein Teil der G\u00fclle geht durch die Biogasanlage, dadurch wird sie besser pflanzenverf\u00fcgbar.<\/li>\n<\/ul>\n<p><strong>Was l\u00e4uft besonders gut? <\/strong><\/p>\n<p>Parallelfahrsystem und Section Control m\u00f6chte ich nie mehr hergeben. Alle Arbeitsg\u00e4nge sind genauer, so spare ich nebst D\u00fcnge- auch Pflanzenschutzmittel ein. Zudem belaste ich den Boden beim Wenden weniger, da ich in Kreisen fahren kann.<\/p>\n<p>Es hat sich herausgestellt, dass das Piadin sehr gut in der Gerste und im Raps wirkt. Da die N\u00e4hrstoffe der G\u00fclle durch das Piadin sp\u00e4ter verf\u00fcgbar sind, geht der Raps kleiner in den Winter und die Gerste wird weniger \u00fcppig im Herbst.<\/p>\n<p><strong>Was waren\/sind f\u00fcr Sie die gr\u00f6ssten Herausforderungen beim Umsetzen dieser Massnahmen?<\/strong><\/p>\n<p>Die Anpassung der F\u00fctterung finde ich eher schwierig. Ich bin der Meinung, dass weniger Kraftfutter nicht unbedingt besser bedeutet. Wie schon vorg\u00e4ngig erw\u00e4hnt, ist wichtig, dass die K\u00fche das Futter richtig verwerten. Das zeichnet sich bei mir in der hohen Milchmenge und den tiefen Harnstoffwerten ab.<\/p>\n<p><strong>Sind Ihnen durch das Umsetzen dieser Massnahmen zus\u00e4tzliche Kosten entstanden?<\/strong><\/p>\n<p>Die Futter- und G\u00fclleanalysen werden durch das Projekt bezahlt. Das Piadin kaufe ich selbst.<\/p>\n<p>Das Parellelfahrsystem habe ich mir selbst zusammengebaut, rein kostenm\u00e4ssig war ich mit CHF 1500 dabei, jedoch ohne meine Arbeitszeit mitzurechnen.<\/p>\n<p>Der D\u00fcngerstreuer mit Section Control ist sicher dreimal so teuer wie ein normaler. Dieses Geld hole ich mit dem eingesparten D\u00fcnger nicht wieder rein.<\/p>\n<div id=\"attachment_2451\" style=\"width: 610px\" class=\"wp-caption alignnone\"><img decoding=\"async\" aria-describedby=\"caption-attachment-2451\" class=\"wp-image-2451 size-fusion-600\" src=\"https:\/\/agripedia.ch\/focus-ap-pa\/wp-content\/uploads\/sites\/22\/2023\/10\/Frey_3_web-600x450.jpg\" alt=\"\" width=\"600\" height=\"450\" srcset=\"https:\/\/agripedia.ch\/focus-ap-pa\/wp-content\/uploads\/sites\/22\/2023\/10\/Frey_3_web-200x150.jpg 200w, https:\/\/agripedia.ch\/focus-ap-pa\/wp-content\/uploads\/sites\/22\/2023\/10\/Frey_3_web-300x225.jpg 300w, https:\/\/agripedia.ch\/focus-ap-pa\/wp-content\/uploads\/sites\/22\/2023\/10\/Frey_3_web-400x300.jpg 400w, https:\/\/agripedia.ch\/focus-ap-pa\/wp-content\/uploads\/sites\/22\/2023\/10\/Frey_3_web-600x450.jpg 600w, https:\/\/agripedia.ch\/focus-ap-pa\/wp-content\/uploads\/sites\/22\/2023\/10\/Frey_3_web-768x576.jpg 768w, https:\/\/agripedia.ch\/focus-ap-pa\/wp-content\/uploads\/sites\/22\/2023\/10\/Frey_3_web-800x600.jpg 800w, https:\/\/agripedia.ch\/focus-ap-pa\/wp-content\/uploads\/sites\/22\/2023\/10\/Frey_3_web.jpg 1024w\" sizes=\"(max-width: 600px) 100vw, 600px\" \/><p id=\"caption-attachment-2451\" class=\"wp-caption-text\"><em>Sein Parallelfahrsystem hat sich Michael Frey aus Komponenten selbst zusammengestellt. (Bild Agrofutura)<\/em><\/p><\/div>\n<p><strong>Oder konnten Sie Kosten einsparen?<\/strong><\/p>\n<p>Eher nein.<\/p>\n<p><strong>Sehen Sie weiteres Verbesserungspotenzial in Bezug auf die N-Effizienz auf Ihrem Betrieb?<\/strong><\/p>\n<p>Das Thema Fl\u00fcssigd\u00fcnger m\u00f6chte ich weiterverfolgen. Ich denke, das kann in trockenen Jahren interessant sein.<\/p>\n<p>Bei der Technik Section Control w\u00fcnsche ich mir, dass die Anwendung im Randbereich genauer wird. Denn dort kommt zurzeit zu wenig D\u00fcnger hin.<\/p>\n<p>Die Kinsey-Analysen m\u00f6chte ich weiterziehen, um noch gezielter zu d\u00fcngen. Obwohl diese mit Fr. 600 pro St\u00fcck sehr teuer sind.<\/p>\n<p><strong>Wie werden Sie unterst\u00fctzt? Bekommen Sie eine Entsch\u00e4digung f\u00fcr die Projektteilnahme?<\/strong><\/p>\n<p>Wertvoll finde ich die Unterst\u00fctzung durch die Beratung. Sie hilft mir die Daten aus den Analysen richtig zu interpretieren und entsprechend zu reagieren.<\/p>\n<p>F\u00fcr die Teilnahme am Projekt bekomme ich eine Abgeltung in Form eines fixen Grundbeitrags und in Form von wirkungsbasierten Beitr\u00e4gen. Letztere entsch\u00e4digen mich f\u00fcr die Reduktion der N-Zufuhr und des N-Saldo\u00fcberschusses pro kg N. Die Beitr\u00e4ge halfen, die Massnahmen (wie z. B. f\u00fcr die Section Control) zu finanzieren.<\/p>\n<p><strong>Welche Massnahmen werde Sie nach Projektende weiterhin umsetzen, welche weniger?<\/strong><\/p>\n<p>Ich will die meisten Massnahmen weiterf\u00fchren, da sie sich in der Praxis bew\u00e4hren.<\/p>\n<p>Die N-Min-Proben lasse ich tendenziell eher weg, da sie recht teuer sind und der Minerald\u00fcnger noch zu billig ist. Zudem weiss ich langsam, wie meine B\u00f6den und die Kulturen funktionieren.<\/p>\n<p>Wahrscheinlich verzichte ich auf das Piadin im Mais, da ich nicht unbedingt einen Nutzen feststellen kann. In der Gerste und im Raps hingegen werde ich es weiterhin anwenden.<\/p>\n<div id=\"attachment_2457\" style=\"width: 610px\" class=\"wp-caption alignnone\"><img decoding=\"async\" aria-describedby=\"caption-attachment-2457\" class=\"wp-image-2457 size-fusion-600\" src=\"https:\/\/agripedia.ch\/focus-ap-pa\/wp-content\/uploads\/sites\/22\/2023\/10\/Frey_4_web_bearb-600x450.jpg\" alt=\"\" width=\"600\" height=\"450\" srcset=\"https:\/\/agripedia.ch\/focus-ap-pa\/wp-content\/uploads\/sites\/22\/2023\/10\/Frey_4_web_bearb-200x150.jpg 200w, https:\/\/agripedia.ch\/focus-ap-pa\/wp-content\/uploads\/sites\/22\/2023\/10\/Frey_4_web_bearb-300x225.jpg 300w, https:\/\/agripedia.ch\/focus-ap-pa\/wp-content\/uploads\/sites\/22\/2023\/10\/Frey_4_web_bearb-400x300.jpg 400w, https:\/\/agripedia.ch\/focus-ap-pa\/wp-content\/uploads\/sites\/22\/2023\/10\/Frey_4_web_bearb-600x450.jpg 600w, https:\/\/agripedia.ch\/focus-ap-pa\/wp-content\/uploads\/sites\/22\/2023\/10\/Frey_4_web_bearb-768x576.jpg 768w, https:\/\/agripedia.ch\/focus-ap-pa\/wp-content\/uploads\/sites\/22\/2023\/10\/Frey_4_web_bearb-800x600.jpg 800w, https:\/\/agripedia.ch\/focus-ap-pa\/wp-content\/uploads\/sites\/22\/2023\/10\/Frey_4_web_bearb-1024x768.jpg 1024w, https:\/\/agripedia.ch\/focus-ap-pa\/wp-content\/uploads\/sites\/22\/2023\/10\/Frey_4_web_bearb-1200x900.jpg 1200w, https:\/\/agripedia.ch\/focus-ap-pa\/wp-content\/uploads\/sites\/22\/2023\/10\/Frey_4_web_bearb-1536x1152.jpg 1536w\" sizes=\"(max-width: 600px) 100vw, 600px\" \/><p id=\"caption-attachment-2457\" class=\"wp-caption-text\"><em>Michael Frey bringt die G\u00fclle mit Schleppschuhverteiler aus und erh\u00f6ht damit die N-Ausnutzung. (Bild Agrofutura)<\/em><\/p><\/div>\n<p><strong>Betriebsspiegel <\/strong><\/p>\n<ul>\n<li><strong>Name:<\/strong> Michael Frey<\/li>\n<li><strong>Adresse: <\/strong>Schulrain 12, 8909 Zwillikon<\/li>\n<li><strong>Tiere:<\/strong> 53 Milchk\u00fche, Braunvieh und Holstein, durchschnittliche Milchleistung 10\u2019000 kg<\/li>\n<li><strong>Fl\u00e4chen:<\/strong> 42 ha LN, davon 27 ha OA, 39,3 ha DF<\/li>\n<li><strong>Kulturen:<\/strong> Kunstwiese, Mais, Zuckerr\u00fcbe, Weizen, Triticale, Raps, Gerste; Fruchtfolge \u00fcber 8 Jahre mit Mais im 2. und 5. Jahr<\/li>\n<li><strong>Arbeitskr\u00e4fte: <\/strong>Betriebsleiter Michael Frey, 1 Lehrling, Bruder in Teilzeit<\/li>\n<li><strong>Besonderes: <\/strong>Lohnarbeiten: G\u00fclleausbringung per Verschlauchung mit Schleppschuhverteiler, Pflanzenschutz, S\u00e4en (Einzelkorn- und Drillsaat), Bodenbearbeitung, Dreschen, Silieren, H\u00e4ckselarbeiten; D\u00fcngerstreuer von Rauch mit Section Control und elektronischer D\u00fcngerdurchflussmessung EMC<\/li>\n<\/ul>\n<div id=\"attachment_2460\" style=\"width: 610px\" class=\"wp-caption alignnone\"><img decoding=\"async\" aria-describedby=\"caption-attachment-2460\" class=\"wp-image-2460 size-fusion-600\" src=\"https:\/\/agripedia.ch\/focus-ap-pa\/wp-content\/uploads\/sites\/22\/2023\/10\/Frey_5_web-600x450.jpg\" alt=\"\" width=\"600\" height=\"450\" srcset=\"https:\/\/agripedia.ch\/focus-ap-pa\/wp-content\/uploads\/sites\/22\/2023\/10\/Frey_5_web-200x150.jpg 200w, https:\/\/agripedia.ch\/focus-ap-pa\/wp-content\/uploads\/sites\/22\/2023\/10\/Frey_5_web-300x225.jpg 300w, https:\/\/agripedia.ch\/focus-ap-pa\/wp-content\/uploads\/sites\/22\/2023\/10\/Frey_5_web-400x300.jpg 400w, https:\/\/agripedia.ch\/focus-ap-pa\/wp-content\/uploads\/sites\/22\/2023\/10\/Frey_5_web-600x450.jpg 600w, https:\/\/agripedia.ch\/focus-ap-pa\/wp-content\/uploads\/sites\/22\/2023\/10\/Frey_5_web-768x576.jpg 768w, https:\/\/agripedia.ch\/focus-ap-pa\/wp-content\/uploads\/sites\/22\/2023\/10\/Frey_5_web-800x600.jpg 800w, https:\/\/agripedia.ch\/focus-ap-pa\/wp-content\/uploads\/sites\/22\/2023\/10\/Frey_5_web.jpg 1024w\" sizes=\"(max-width: 600px) 100vw, 600px\" \/><p id=\"caption-attachment-2460\" class=\"wp-caption-text\"><em>Ackerbau- und Milchviehbetrieb Frey, Zwillikon ZH.<\/em><\/p><\/div>\n<p><em>\u00a0<\/em><\/p>\n<p><a href=\"https:\/\/agripedia.ch\/focus-ap-pa\/wp-content\/uploads\/sites\/22\/2023\/10\/N-Effizienz_Inti_Frey_def_230830_est.pdf\"><strong>Das Portr\u00e4t von Michael Frey als PDF (Download)<\/strong><\/a><\/p>\n<p><a href=\"https:\/\/agripedia.ch\/focus-ap-pa\/de\/betriebsportraits-n-effizienz\/\" target=\"_blank\" rel=\"noopener\"><strong>Link zu Portr\u00e4t N-Effizienz auf dem Milchvieh-Gr\u00fcnlandbetrieb von Marco Zollinger<\/strong><\/a><\/p>\n<p><a href=\"https:\/\/agripedia.ch\/focus-ap-pa\/de\/betriebsportraits-n-effizienz-3\/\"><strong>Link zu Portr\u00e4t N-Effizienz auf dem Legehennen-Ackerbaubetrieb von Marc Peter<\/strong><\/a><\/p>\n<p><a href=\"https:\/\/agripedia.ch\/focus-ap-pa\/de\/betriebsportraits-n-effizienz-4\/\"><strong>Link zum Portr\u00e4t N-Effizienz auf dem Milchvieh-Gr\u00fcnlandbetrieb von Christoph Geiselmann<\/strong><\/a><\/p>\n<p><a title=\"Absenkpfad N\u00e4hrstoffe\" href=\"www.agripedia.ch\/absenkpfad-naehrstoffe\"><strong>Link zur\u00fcck zur \u00dcbersichtsseite \u201eAbsenkpfad N\u00e4hrstoffe\u201c<\/strong><\/a><\/p>\n<\/div><\/div><\/div><\/div><\/div>\n","protected":false},"excerpt":{"rendered":"","protected":false},"author":385,"featured_media":0,"parent":0,"menu_order":0,"comment_status":"closed","ping_status":"closed","template":"","meta":{"_sb_is_suggestion_mode":false,"_sb_show_suggestion_boards":false,"_sb_show_comment_boards":false,"_sb_suggestion_history":"","_sb_update_block_changes":"","inline_featured_image":false,"_monsterinsights_skip_tracking":false,"_monsterinsights_sitenote_active":false,"_monsterinsights_sitenote_note":"","_monsterinsights_sitenote_category":0,"footnotes":""},"class_list":["post-2349","page","type-page","status-publish","hentry"],"_links":{"self":[{"href":"https:\/\/agripedia.ch\/focus-ap-pa\/de\/wp-json\/wp\/v2\/pages\/2349","targetHints":{"allow":["GET"]}}],"collection":[{"href":"https:\/\/agripedia.ch\/focus-ap-pa\/de\/wp-json\/wp\/v2\/pages"}],"about":[{"href":"https:\/\/agripedia.ch\/focus-ap-pa\/de\/wp-json\/wp\/v2\/types\/page"}],"author":[{"embeddable":true,"href":"https:\/\/agripedia.ch\/focus-ap-pa\/de\/wp-json\/wp\/v2\/users\/385"}],"replies":[{"embeddable":true,"href":"https:\/\/agripedia.ch\/focus-ap-pa\/de\/wp-json\/wp\/v2\/comments?post=2349"}],"version-history":[{"count":22,"href":"https:\/\/agripedia.ch\/focus-ap-pa\/de\/wp-json\/wp\/v2\/pages\/2349\/revisions"}],"predecessor-version":[{"id":3265,"href":"https:\/\/agripedia.ch\/focus-ap-pa\/de\/wp-json\/wp\/v2\/pages\/2349\/revisions\/3265"}],"wp:attachment":[{"href":"https:\/\/agripedia.ch\/focus-ap-pa\/de\/wp-json\/wp\/v2\/media?parent=2349"}],"curies":[{"name":"wp","href":"https:\/\/api.w.org\/{rel}","templated":true}]}}