{"id":2281,"date":"2023-08-22T15:14:11","date_gmt":"2023-08-22T15:14:11","guid":{"rendered":"https:\/\/agripedia.ch\/focus-ap-pa\/?page_id=2281"},"modified":"2025-02-06T13:20:30","modified_gmt":"2025-02-06T13:20:30","slug":"betriebsportraits-n-effizienz-1","status":"publish","type":"page","link":"https:\/\/agripedia.ch\/focus-ap-pa\/de\/betriebsportraits-n-effizienz-1\/","title":{"rendered":"Betriebsportraits N-Effizienz 1"},"content":{"rendered":"<h1>N-Effizienz: Betriebsportr\u00e4t Marco Zollinger<\/h1>\n<h1>\u00abIn der Beprobung der G\u00fclle und des Futters sehe ich Potenzial\u00bb<\/h1>\n<p>Marco Zollinger hat sich im Rahmen des Ressourcenprojekts \u00abEinzelbetriebliche N-Effizienz steigern und N-Verlustrisiko reduzieren\u00bb verpflichtet, seine gesamtbetriebliche N-Effizienz von 32 Prozent (Durchschnitt der Jahre 2015-2017) auf mindestens 37 Prozent zu steigern. Ausserdem will er seine N-Saldo\u00fcbersch\u00fcsse von 308 Kilogramm N\/ha d\u00fcngbare Fl\u00e4che (Durchschnitt der Jahre 2015-2017) um 16 Kilogramm N\/ha d\u00fcngbare Fl\u00e4che reduzieren.<\/p>\n<p>&nbsp;<\/p>\n<div class=\"video-shortcode\"><iframe title=\"N-Effizienz \u2212 Betriebsportr\u00e4t Marco Zollinger.\" width=\"1100\" height=\"619\" src=\"https:\/\/www.youtube.com\/embed\/OQUJ9FHwvEM?feature=oembed\" frameborder=\"0\" allow=\"accelerometer; autoplay; clipboard-write; encrypted-media; gyroscope; picture-in-picture; web-share\" allowfullscreen><\/iframe><\/div>\n<p>&nbsp;<\/p>\n<p><strong>Um wie viele Prozent konnten Sie bis jetzt Ihre N-Effizienz steigern und um wie viele Kilogramm konnten Sie die N-Saldo\u00fcbersch\u00fcsse pro ha DF reduzieren?<\/strong><\/p>\n<p><em>Marco Zollinger:<\/em> Die N-Effizienz stieg gem\u00e4ss Hoftorbilanz um 15 Prozent und die N-Saldo\u00fcbersch\u00fcsse sanken um 31 Kilogramm pro Hektare d\u00fcngbare Fl\u00e4che.<\/p>\n<p>Das liegt zum einen an den im Projekt umgesetzten Massnahmen, weiter beg\u00fcnstigten bereits geplante betriebliche Umstellungen die Resultate. Ich gehe davon aus, dass eine Steigerung in den Folgejahren schwieriger wird. Ausserdem hat die Witterung, also N\u00e4sse, K\u00e4lte, Trockenheit und Hitze, wesentliche Auswirkungen auf die j\u00e4hrlichen Resultate.<\/p>\n<div id=\"attachment_2302\" style=\"width: 610px\" class=\"wp-caption alignnone\"><img decoding=\"async\" aria-describedby=\"caption-attachment-2302\" class=\"wp-image-2302 size-fusion-600\" src=\"https:\/\/agripedia.ch\/focus-ap-pa\/wp-content\/uploads\/sites\/22\/2023\/08\/Zollinger_Bild_1_webgr-600x450.jpg\" alt=\"\" width=\"600\" height=\"450\" srcset=\"https:\/\/agripedia.ch\/focus-ap-pa\/wp-content\/uploads\/sites\/22\/2023\/08\/Zollinger_Bild_1_webgr-200x150.jpg 200w, https:\/\/agripedia.ch\/focus-ap-pa\/wp-content\/uploads\/sites\/22\/2023\/08\/Zollinger_Bild_1_webgr-300x225.jpg 300w, https:\/\/agripedia.ch\/focus-ap-pa\/wp-content\/uploads\/sites\/22\/2023\/08\/Zollinger_Bild_1_webgr-400x300.jpg 400w, https:\/\/agripedia.ch\/focus-ap-pa\/wp-content\/uploads\/sites\/22\/2023\/08\/Zollinger_Bild_1_webgr-600x450.jpg 600w, https:\/\/agripedia.ch\/focus-ap-pa\/wp-content\/uploads\/sites\/22\/2023\/08\/Zollinger_Bild_1_webgr-768x576.jpg 768w, https:\/\/agripedia.ch\/focus-ap-pa\/wp-content\/uploads\/sites\/22\/2023\/08\/Zollinger_Bild_1_webgr-800x600.jpg 800w, https:\/\/agripedia.ch\/focus-ap-pa\/wp-content\/uploads\/sites\/22\/2023\/08\/Zollinger_Bild_1_webgr.jpg 1024w\" sizes=\"(max-width: 600px) 100vw, 600px\" \/><p id=\"caption-attachment-2302\" class=\"wp-caption-text\"><em>Marco Zollinger ist \u00fcberzeugt: \u00abOhne das Projekt h\u00e4tte ich im Bereich N-Effizienz sicher nicht so genau hingeschaut.\u00bb (Bild Agrofutura)<\/em><\/p><\/div>\n<p><strong>Kaufen Sie weniger D\u00fcnge- und Futtermittel zu?<\/strong><\/p>\n<p>Seit Projektbeginn habe ich den Milchviehbestand um 12 Tiere erh\u00f6ht und habe somit einen gr\u00f6sseren Hofd\u00fcngeranfall. Andererseits kenne ich durch die Beprobung die Gehalte meiner hofeigenen G\u00fclle, und diese sind h\u00f6her als angenommen: statt 1,5kg N sind 2 kg N\/m<sup>3<\/sup> G\u00fclle enthalten. Das ber\u00fccksichtige ich nun bei der Ausbringung und spare so Stickstoff ein.<\/p>\n<p>Aufgrund des eher hohen N\u00e4hrstoffanfalls aus der Tierhaltung kaufte ich schon vor der Teilnahme am Projekt nur wenige D\u00fcngemittel zu. Wir konnten jedoch die D\u00fcngung noch besser abstimmen und optimieren.<\/p>\n<p>Der R\u00fcckgang bei den zugekauften Futtermitteln f\u00fchre ich auf die Gew\u00f6hnung meiner K\u00fche an den Melkroboter zur\u00fcck und weniger auf die Teilnahme am Projekt.<\/p>\n<p><strong>Was hat Sie motiviert, sich am Projekt zu beteiligen?<\/strong><\/p>\n<p>Meist werden solch freiwillige Programme Pflicht, da m\u00f6chte ich schon jetzt dabei sein und will wissen, was auf mich zukommt. Ausserdem lerne ich neue Leute kennen. Der Austausch untereinander ist sehr gewinnbringend. Ohne das Projekt h\u00e4tte ich im Bereich N-Effizienz sicher nicht so genau hingeschaut.<\/p>\n<p><strong>Welche Massnahmen setzen Sie um? <\/strong><\/p>\n<ul>\n<li>Optimierter F\u00fctterungsplan in Kombination mit der Beprobung des Grundfutters, um den Kraftfuttereinsatz zu senken. Eine hohe Qualit\u00e4t meines Grundfutters war mir aber schon vor der Projektteilnahme wichtig.<\/li>\n<li>Optimierte D\u00fcngungsplanung, Beprobung, Separierung und Wegfuhr von G\u00fclle, um den Minerald\u00fcngereinsatz zu senken.<\/li>\n<li>Den Nitrifikationshemmer Piadin in der G\u00fclle bei der Maisd\u00fcngung, um ebenfalls den Minerald\u00fcngereinsatz zu senken.<\/li>\n<\/ul>\n<div id=\"attachment_2305\" style=\"width: 610px\" class=\"wp-caption alignnone\"><img decoding=\"async\" aria-describedby=\"caption-attachment-2305\" class=\"wp-image-2305 size-fusion-600\" src=\"https:\/\/agripedia.ch\/focus-ap-pa\/wp-content\/uploads\/sites\/22\/2023\/08\/Zollinger_Bild_2_web-600x450.jpg\" alt=\"\" width=\"600\" height=\"450\" srcset=\"https:\/\/agripedia.ch\/focus-ap-pa\/wp-content\/uploads\/sites\/22\/2023\/08\/Zollinger_Bild_2_web-200x150.jpg 200w, https:\/\/agripedia.ch\/focus-ap-pa\/wp-content\/uploads\/sites\/22\/2023\/08\/Zollinger_Bild_2_web-300x225.jpg 300w, https:\/\/agripedia.ch\/focus-ap-pa\/wp-content\/uploads\/sites\/22\/2023\/08\/Zollinger_Bild_2_web-400x300.jpg 400w, https:\/\/agripedia.ch\/focus-ap-pa\/wp-content\/uploads\/sites\/22\/2023\/08\/Zollinger_Bild_2_web-600x450.jpg 600w, https:\/\/agripedia.ch\/focus-ap-pa\/wp-content\/uploads\/sites\/22\/2023\/08\/Zollinger_Bild_2_web-768x576.jpg 768w, https:\/\/agripedia.ch\/focus-ap-pa\/wp-content\/uploads\/sites\/22\/2023\/08\/Zollinger_Bild_2_web-800x600.jpg 800w, https:\/\/agripedia.ch\/focus-ap-pa\/wp-content\/uploads\/sites\/22\/2023\/08\/Zollinger_Bild_2_web.jpg 1024w\" sizes=\"(max-width: 600px) 100vw, 600px\" \/><p id=\"caption-attachment-2305\" class=\"wp-caption-text\"><em>Marco Zollinger ist sich \u00fcber die Wirkung von Piadin in der G\u00fclle noch nicht ganz im Klaren. (Bild Agrofutura)<\/em><\/p><\/div>\n<p><strong>Was l\u00e4uft besonders gut? <\/strong><\/p>\n<p>In der Beprobung der G\u00fclle und des Futters sehe ich Potenzial, und es ist einfach umsetzbar. Wie bereits erw\u00e4hnt, war ich erstaunt \u00fcber die guten D\u00fcngewerte meiner G\u00fclle. Die D\u00fcngung konnten wir dementsprechend anpassen.<\/p>\n<p><strong>Was waren\/sind f\u00fcr Sie die gr\u00f6ssten Herausforderungen beim Umsetzen dieser Massnahmen?<\/strong><\/p>\n<p>Bei der Umsetzung des vorgeschlagenen F\u00fctterungsplans halte ich mich zurzeit etwas zur\u00fcck. Eine Futterumstellung bei K\u00fchen ist nicht zu untersch\u00e4tzen, besonders bei Hochleistungstieren wie ich sie habe. Zudem waren die empfohlenen Komponenten (Maiskleber und Soja) durch die angespannte Situation am Markt teilweise nicht mehr zahl- oder gar verf\u00fcgbar.<\/p>\n<p><strong>Sind Ihnen durch das Umsetzen dieser Massnahmen zus\u00e4tzliche Kosten entstanden?<\/strong><\/p>\n<p>Futter- und G\u00fclleanalysen kosten, aber diese werden durch das Projekt bezahlt. Das Piadin finanziere ich selber. Durch die Separierung der G\u00fclle entstehen mir Kosten von zirka Fr. 2000\/Jahr. \u00a0Im Gegenzug ist die G\u00fclle so besser pflanzenverf\u00fcgbar und zieht einfacher in den Boden ein.<\/p>\n<p><strong>Oder konnten Sie Kosten einsparen?<\/strong><\/p>\n<p>Durch die genauere D\u00fcngungsplanung und die Erweiterung des Tierbestandes konnte ich etwas Minerald\u00fcnger einsparen. Mit den erh\u00f6hten Preisen der vergangenen Saison war diese Einsparung von gr\u00f6sserer finanzieller Wirkung.<\/p>\n<div id=\"attachment_2325\" style=\"width: 610px\" class=\"wp-caption alignnone\"><img decoding=\"async\" aria-describedby=\"caption-attachment-2325\" class=\"wp-image-2325 size-fusion-600\" src=\"https:\/\/agripedia.ch\/focus-ap-pa\/wp-content\/uploads\/sites\/22\/2023\/08\/Zollinger_Bild_3_web-1-600x450.jpg\" alt=\"\" width=\"600\" height=\"450\" srcset=\"https:\/\/agripedia.ch\/focus-ap-pa\/wp-content\/uploads\/sites\/22\/2023\/08\/Zollinger_Bild_3_web-1-200x150.jpg 200w, https:\/\/agripedia.ch\/focus-ap-pa\/wp-content\/uploads\/sites\/22\/2023\/08\/Zollinger_Bild_3_web-1-300x225.jpg 300w, https:\/\/agripedia.ch\/focus-ap-pa\/wp-content\/uploads\/sites\/22\/2023\/08\/Zollinger_Bild_3_web-1-400x300.jpg 400w, https:\/\/agripedia.ch\/focus-ap-pa\/wp-content\/uploads\/sites\/22\/2023\/08\/Zollinger_Bild_3_web-1-600x450.jpg 600w, https:\/\/agripedia.ch\/focus-ap-pa\/wp-content\/uploads\/sites\/22\/2023\/08\/Zollinger_Bild_3_web-1-768x576.jpg 768w, https:\/\/agripedia.ch\/focus-ap-pa\/wp-content\/uploads\/sites\/22\/2023\/08\/Zollinger_Bild_3_web-1-800x600.jpg 800w, https:\/\/agripedia.ch\/focus-ap-pa\/wp-content\/uploads\/sites\/22\/2023\/08\/Zollinger_Bild_3_web-1.jpg 1024w\" sizes=\"(max-width: 600px) 100vw, 600px\" \/><p id=\"caption-attachment-2325\" class=\"wp-caption-text\"><em>Seit Marco Zollinger seine G\u00fclle beprobt, weiss er genau, was in ihr steckt. (Bild Agrofutura)<\/em><\/p><\/div>\n<p><strong>Sehen Sie weiteres Verbesserungspotenzial in Bezug auf die N-Effizienz auf Ihrem Betrieb?<\/strong><\/p>\n<p>Im Hinblick auf die gesunkenen Rohstoffpreise m\u00f6chte ich die vorgeschlagene Anpassung der F\u00fctterung nochmals anpacken, um einen durchschnittlichen j\u00e4hrlichen Milchharnstoffwert im Bereich von 20 bis 25 mg zu erreichen.<\/p>\n<p>Zusammen mit Partnerbetrieben (je nach Jahr sind das ein bis vier Betriebe mit Mutterk\u00fchen und\/oder Ackerbau) versuchen wir einen Kreislauf hinzubekommen: Ich nehme bei ihnen Zwischenfutter und vor allem den ersten Kunstwiesenschnitt ab. Dieser ist am ausgiebigsten und sehr ausgeglichen. Im Gegenzug nehmen die Betriebe bei mir G\u00fclle ab.<\/p>\n<p>Durch die Zusammenarbeit konnte ich auch unsere Fruchtfolge neu ausrichten und so erstmals Konservenerbsen anbauen. Diese haben den Vorteil, dass sie wenig N\u00e4hrstoffe ben\u00f6tigen und die Fl\u00e4che nur f\u00fcr eine kurze Zeit belegen. Somit kann ich mehr Grundfutter aus der eigenen Fl\u00e4che gewinnen.<\/p>\n<p><strong>Wie werden Sie unterst\u00fctzt? Bekommen Sie eine Entsch\u00e4digung f\u00fcr die Projektteilnahme?<\/strong><\/p>\n<p>Ich kann mich bei Bedarf an die landwirtschaftliche Beratung wenden. Diese macht mir auch die D\u00fcnge- und F\u00fctterungsplanung.<\/p>\n<p>F\u00fcr die Teilnahme am Projekt bekomme ich eine Abgeltung in Form eines fixen Grundbeitrags und in Form von wirkungsbasierten Beitr\u00e4gen. Letztere entsch\u00e4digen mich f\u00fcr die Reduktion der N-Zufuhr und des N-Saldos\u00fcberschusses pro kg N.<\/p>\n<p><strong>Nach Projektende: Werden Sie die Massnahmen weiterhin umsetzen? <\/strong><\/p>\n<p>Den F\u00fctterungsplan will ich weiterhin halbj\u00e4hrlich anhand der Futteranalysen anpassen. Bei den Futterbeprobungen werde ich sicher eine kosteng\u00fcnstigere Variante w\u00e4hlen. G\u00fclleproben werde ich ebenfalls weiterhin machen, aber in gr\u00f6sseren Zeitabst\u00e4nden.<\/p>\n<p>Den Piadineinsatz im Mais werde ich wahrscheinlich einstellen, da ich keinen offensichtlichen Nutzen erkennen konnte. Trotzdem werde ich dieses Jahr nochmals einen Versuch damit durchf\u00fchren, indem ich Teilparzellen mit und ohne Piadinzugabe miteinander vergleiche.<\/p>\n<div id=\"attachment_2311\" style=\"width: 610px\" class=\"wp-caption alignnone\"><img decoding=\"async\" aria-describedby=\"caption-attachment-2311\" class=\"wp-image-2311 size-fusion-600\" src=\"https:\/\/agripedia.ch\/focus-ap-pa\/wp-content\/uploads\/sites\/22\/2023\/08\/Zollinger_Bild_4_web-2-600x450.jpg\" alt=\"\" width=\"600\" height=\"450\" srcset=\"https:\/\/agripedia.ch\/focus-ap-pa\/wp-content\/uploads\/sites\/22\/2023\/08\/Zollinger_Bild_4_web-2-200x150.jpg 200w, https:\/\/agripedia.ch\/focus-ap-pa\/wp-content\/uploads\/sites\/22\/2023\/08\/Zollinger_Bild_4_web-2-300x225.jpg 300w, https:\/\/agripedia.ch\/focus-ap-pa\/wp-content\/uploads\/sites\/22\/2023\/08\/Zollinger_Bild_4_web-2-400x300.jpg 400w, https:\/\/agripedia.ch\/focus-ap-pa\/wp-content\/uploads\/sites\/22\/2023\/08\/Zollinger_Bild_4_web-2-600x450.jpg 600w, https:\/\/agripedia.ch\/focus-ap-pa\/wp-content\/uploads\/sites\/22\/2023\/08\/Zollinger_Bild_4_web-2-768x576.jpg 768w, https:\/\/agripedia.ch\/focus-ap-pa\/wp-content\/uploads\/sites\/22\/2023\/08\/Zollinger_Bild_4_web-2-800x600.jpg 800w, https:\/\/agripedia.ch\/focus-ap-pa\/wp-content\/uploads\/sites\/22\/2023\/08\/Zollinger_Bild_4_web-2.jpg 1024w\" sizes=\"(max-width: 600px) 100vw, 600px\" \/><p id=\"caption-attachment-2311\" class=\"wp-caption-text\"><em>Bei der F\u00fctterung hat es bez\u00fcglich N-Effizienz noch Potenzial auf dem Hof Zollinger. (Bild Agrofutura)<\/em><\/p><\/div>\n<p><strong>Betriebsspiegel <\/strong><\/p>\n<ul>\n<li><strong>Name:<\/strong> Marco Zollinger<\/li>\n<li><strong>Adresse:<\/strong> Dorfstrasse 44, 8902 Urdorf<\/li>\n<li><strong>Tiere:<\/strong> 65 Milchk\u00fche, Holstein, durchschnittliche Milchleistung 11&#8217;000 kg, 5 Pferde<\/li>\n<li><strong>Fl\u00e4chen:<\/strong> 26,5 ha LN, davon 9 ha OA, 23,5 ha DF, 11% \u00f6A: teilweise in Qualit\u00e4t Q2, Hochstammb\u00e4ume: Obst, Kirschen, N\u00fcsse; Linden, Weiden, z. T. unter Schutz<\/li>\n<li><strong>Kulturen:<\/strong> Kunstwiese, Silomais, Getreide<\/li>\n<li><strong>Arbeitskr\u00e4fte:<\/strong> Betriebsleiter Marco Zollinger, Vater Erwin Zollinger, 1 Angestellter und 1 Lehrling<\/li>\n<li><strong>Besonderes:<\/strong> Lohnarbeiten Landwirtschaft: G\u00fclleausbringung, S\u00e4en; kommunale Dienstleistungen: Strassenwischen, Naturschutz- und Gartenarbeiten; kleiner eigener Maschinenpark, da Zusammenarbeit mit anderen Betrieben; Photovoltaikanlage auf Stalldach<\/li>\n<\/ul>\n<div id=\"attachment_2314\" style=\"width: 610px\" class=\"wp-caption alignnone\"><img decoding=\"async\" aria-describedby=\"caption-attachment-2314\" class=\"wp-image-2314 size-fusion-600\" src=\"https:\/\/agripedia.ch\/focus-ap-pa\/wp-content\/uploads\/sites\/22\/2023\/08\/Zollinger-Bild_5_web-600x450.jpg\" alt=\"\" width=\"600\" height=\"450\" srcset=\"https:\/\/agripedia.ch\/focus-ap-pa\/wp-content\/uploads\/sites\/22\/2023\/08\/Zollinger-Bild_5_web-200x150.jpg 200w, https:\/\/agripedia.ch\/focus-ap-pa\/wp-content\/uploads\/sites\/22\/2023\/08\/Zollinger-Bild_5_web-300x225.jpg 300w, https:\/\/agripedia.ch\/focus-ap-pa\/wp-content\/uploads\/sites\/22\/2023\/08\/Zollinger-Bild_5_web-400x300.jpg 400w, https:\/\/agripedia.ch\/focus-ap-pa\/wp-content\/uploads\/sites\/22\/2023\/08\/Zollinger-Bild_5_web-600x450.jpg 600w, https:\/\/agripedia.ch\/focus-ap-pa\/wp-content\/uploads\/sites\/22\/2023\/08\/Zollinger-Bild_5_web-768x576.jpg 768w, https:\/\/agripedia.ch\/focus-ap-pa\/wp-content\/uploads\/sites\/22\/2023\/08\/Zollinger-Bild_5_web-800x600.jpg 800w, https:\/\/agripedia.ch\/focus-ap-pa\/wp-content\/uploads\/sites\/22\/2023\/08\/Zollinger-Bild_5_web.jpg 1024w\" sizes=\"(max-width: 600px) 100vw, 600px\" \/><p id=\"caption-attachment-2314\" class=\"wp-caption-text\"><em>Milchviehbetrieb Zollinger, Urdorf ZH. (Bild Agrofutura)<\/em><\/p><\/div>\n<p><strong>Das Portr\u00e4t von Marco Zollinger als PDF <a href=\"https:\/\/agripedia.ch\/focus-ap-pa\/wp-content\/uploads\/sites\/22\/2023\/08\/PDF-Betriebsportraet_Zollinger.pdf\" target=\"_blank\" rel=\"noopener\">(Download)<\/a><\/strong><\/p>\n<p><a href=\"https:\/\/agripedia.ch\/focus-ap-pa\/de\/betriebsportraits-n-effizienz-2\/\"><strong>Link zum Portr\u00e4t N-Effizienz auf dem Milchvieh-Ackerbaubetrieb von Michael Frey<\/strong><\/a><\/p>\n<p><a href=\"https:\/\/agripedia.ch\/focus-ap-pa\/de\/betriebsportraits-n-effizienz-3\/\"><strong>Link zum Portr\u00e4t N-Effizienz auf dem Legehennen-Ackerbaubetrieb von Marc Peter<\/strong><\/a><\/p>\n<p><a href=\"https:\/\/agripedia.ch\/focus-ap-pa\/de\/betriebsportraits-n-effizienz-4\/\"><strong>Link zum Portr\u00e4t N-Effizienz auf dem Milchvieh-Gr\u00fcnlandbetrieb von Christoph Geiselmann<\/strong><\/a><\/p>\n<p><a title=\"Absenkpfad N\u00e4hrstoffe\" href=\"www.agripedia.ch\/absenkpfad-naehrstoffe\"><strong>Link zur\u00fcck zur \u00dcbersichtsseite &#8222;Absenkpfad N\u00e4hrstoffe&#8220;<\/strong><\/a><\/p>\n","protected":false},"excerpt":{"rendered":"<p>N-Effizienz: Betriebsportr\u00e4t Marco Zollinger \u00abIn der Beprobung der G\u00fclle und des Futters sehe ich Potenzial\u00bb  [&#8230;]<\/p>\n","protected":false},"author":385,"featured_media":0,"parent":0,"menu_order":0,"comment_status":"closed","ping_status":"closed","template":"","meta":{"_sb_is_suggestion_mode":false,"_sb_show_suggestion_boards":false,"_sb_show_comment_boards":false,"_sb_suggestion_history":"","_sb_update_block_changes":"","inline_featured_image":false,"_monsterinsights_skip_tracking":false,"_monsterinsights_sitenote_active":false,"_monsterinsights_sitenote_note":"","_monsterinsights_sitenote_category":0,"footnotes":""},"class_list":["post-2281","page","type-page","status-publish","hentry"],"_links":{"self":[{"href":"https:\/\/agripedia.ch\/focus-ap-pa\/de\/wp-json\/wp\/v2\/pages\/2281","targetHints":{"allow":["GET"]}}],"collection":[{"href":"https:\/\/agripedia.ch\/focus-ap-pa\/de\/wp-json\/wp\/v2\/pages"}],"about":[{"href":"https:\/\/agripedia.ch\/focus-ap-pa\/de\/wp-json\/wp\/v2\/types\/page"}],"author":[{"embeddable":true,"href":"https:\/\/agripedia.ch\/focus-ap-pa\/de\/wp-json\/wp\/v2\/users\/385"}],"replies":[{"embeddable":true,"href":"https:\/\/agripedia.ch\/focus-ap-pa\/de\/wp-json\/wp\/v2\/comments?post=2281"}],"version-history":[{"count":38,"href":"https:\/\/agripedia.ch\/focus-ap-pa\/de\/wp-json\/wp\/v2\/pages\/2281\/revisions"}],"predecessor-version":[{"id":3264,"href":"https:\/\/agripedia.ch\/focus-ap-pa\/de\/wp-json\/wp\/v2\/pages\/2281\/revisions\/3264"}],"wp:attachment":[{"href":"https:\/\/agripedia.ch\/focus-ap-pa\/de\/wp-json\/wp\/v2\/media?parent=2281"}],"curies":[{"name":"wp","href":"https:\/\/api.w.org\/{rel}","templated":true}]}}