{"id":226,"date":"2022-04-13T06:09:38","date_gmt":"2022-04-13T06:09:38","guid":{"rendered":"https:\/\/agripedia.ch\/focus-ap-pa\/?page_id=226"},"modified":"2026-01-15T15:06:24","modified_gmt":"2026-01-15T15:06:24","slug":"absenkpfad-pflanzenschutz","status":"publish","type":"page","link":"https:\/\/agripedia.ch\/focus-ap-pa\/de\/startseite\/absenkpfad-pflanzenschutz-und-naehrstoffe-pa-iv-19-475\/absenkpfad-pflanzenschutz\/","title":{"rendered":"Absenkpfad Pflanzenschutz"},"content":{"rendered":"<p><div class=\"fusion-fullwidth fullwidth-box fusion-builder-row-1 fusion-flex-container nonhundred-percent-fullwidth non-hundred-percent-height-scrolling\" style=\"--awb-border-radius-top-left:0px;--awb-border-radius-top-right:0px;--awb-border-radius-bottom-right:0px;--awb-border-radius-bottom-left:0px;--awb-flex-wrap:wrap;\" ><div class=\"fusion-builder-row fusion-row fusion-flex-align-items-flex-start fusion-flex-content-wrap\" style=\"max-width:1144px;margin-left: calc(-4% \/ 2 );margin-right: calc(-4% \/ 2 );\"><div class=\"fusion-layout-column fusion_builder_column fusion-builder-column-0 fusion_builder_column_1_1 1_1 fusion-flex-column\" style=\"--awb-bg-size:cover;--awb-width-large:100%;--awb-margin-top-large:0px;--awb-spacing-right-large:1.92%;--awb-margin-bottom-large:20px;--awb-spacing-left-large:1.92%;--awb-width-medium:100%;--awb-order-medium:0;--awb-spacing-right-medium:1.92%;--awb-spacing-left-medium:1.92%;--awb-width-small:100%;--awb-order-small:0;--awb-spacing-right-small:1.92%;--awb-spacing-left-small:1.92%;\"><div class=\"fusion-column-wrapper fusion-column-has-shadow fusion-flex-justify-content-flex-start fusion-content-layout-column\"><div class=\"fusion-text fusion-text-1\"><p>Die Parlamentarische Initiative Pa. Iv. 19.475 zielt darauf ab, die Risiken beim Einsatz von Pflanzenschutzmitteln bis 2027 um 50 % zu reduzieren. Um dieses Ziel zu erreichen sind verschiedene Massnahmen vorgesehen:<\/p>\n<ul>\n<li>Mitteilungspflicht f\u00fcr Biozidprodukte (<a href=\"https:\/\/www.fedlex.admin.ch\/eli\/cc\/2004\/724\/de\" target=\"_blank\" rel=\"noopener\">ChemG<\/a>)<\/li>\n<li>\u00dcberpr\u00fcfung der Zulassung von Pflanzenschutzmittel wenn ein bestimmter Grenzwert im Grundwasser \u00fcberschritten wird (<a href=\"https:\/\/www.fedlex.admin.ch\/eli\/cc\/1992\/1860_1860_1860\/de\" target=\"_blank\" rel=\"noopener\">GSchG<\/a>)<\/li>\n<li>Verminderung der Risiken durch den Einsatz von Pflanzenschutzmitteln (<a href=\"https:\/\/www.fedlex.admin.ch\/eli\/cc\/1998\/3033_3033_3033\/de\" target=\"_blank\" rel=\"noopener\">LwG<\/a>)<\/li>\n<li>Mitteilungspflicht f\u00fcr Pflanzenschutzmittel (<a href=\"https:\/\/www.fedlex.admin.ch\/eli\/cc\/1998\/3033_3033_3033\/de\" target=\"_blank\" rel=\"noopener\">LwG<\/a>)<\/li>\n<\/ul>\n<p>Mit diesen Gesetzesanpassungen werden Massnahmen aus dem <a href=\"https:\/\/www.blw.admin.ch\/de\/aktionsplan-pflanzenschutzmittel\" target=\"_blank\" rel=\"noopener\">Aktionsplan Pflanzenschutzmittel<\/a> aufgegriffen, die dazu beitragen sollen, den angestrebten Absenkpfad zu erreichen.<\/p>\n<p>Der Bundesrat hat am 13. April 2022 das <a href=\"https:\/\/www.admin.ch\/gov\/de\/start\/dokumentation\/medienmitteilungen.msg-id-88022.html\" target=\"_blank\" rel=\"noopener\">erste Verordnungspaket f\u00fcr sauberes Trinkwasser und eine nachhaltigere Landwirtschaft<\/a> verabschiedet. Dieses Verordnungspaket sieht verschiedene Massnahmen vor:<\/p>\n<ul>\n<li>Verbot von <a href=\"https:\/\/themes.agripedia.ch\/einsatz-von-pflanzenschutzmitteln\/\" target=\"_blank\" rel=\"noopener\">Wirkstoffen mit erh\u00f6htem Risikopotential im \u00d6LN<\/a><\/li>\n<li>Massnahmen zur <a href=\"https:\/\/themes.agripedia.ch\/series\/abdrift-und-abschwemmung-im-pflanzenschutz\/\" target=\"_blank\" rel=\"noopener\">Verhinderung von Abdrift und Abschwemmung im \u00d6LN<\/a><\/li>\n<li>Obligatorischer Sp\u00fclwassertank und automatische <a href=\"https:\/\/agridea.abacuscity.ch\/de\/A~2945~1\/3~410400~Shop\/Publikationen\/Pflanzenbau-Umwelt-Natur-Landschaft\/Ressourcenschutz-%28Boden-Wasser-Luft%29\/Pflanzenschutzspritzen-korrekt-reinigen\/Franz%C3%B6sisch\/Download-PDF\" target=\"_blank\" rel=\"noopener\">Innenreinigung f\u00fcr Spritzger\u00e4te<\/a> gr\u00f6sser 400 l Inhalt<\/li>\n<li>Verschiedene PSM-Verzichtsprogramme im Rahmen von <a href=\"https:\/\/www.blw.admin.ch\/blw\/de\/home\/instrumente\/direktzahlungen\/produktionssystembeitraege23.html\" target=\"_blank\" rel=\"noopener\">Produktionssystembeitr\u00e4gen<\/a><\/li>\n<li>Einf\u00fchrung der <a href=\"https:\/\/digiflux.info\/de\/\" target=\"_blank\" rel=\"noopener\">Mitteilungspflicht f\u00fcr Pflanzenschutzmittel und N\u00e4hrstoffe im Rahmen des Projekts digiFLUX<\/a>. Die Plattform wird ab 2025 schrittweise eingef\u00fchrt.<\/li>\n<\/ul>\n<p>Dar\u00fcber hinaus, sieht das Landwirtschaftsgesetz vor, dass Branchenorganisationen eigene Massnahmen ergreifen k\u00f6nnen, um die Ziele des Absenkpfads zu erreichen. Sie k\u00f6nnen zu diesem Zweck Zielvereinbarungen mit dem Bund abschliessen und erstatten dem Bund regelm\u00e4ssig Bericht. Mittlerweile haben einige Branchenorganisationen diesen Auftrag angenommen und branchenspezifische Massnahmen entwickelt:<\/p>\n<ul>\n<li>Schweizer Obstverband (SOV)<\/li>\n<li>Schweizerischer Verband der Zuckerr\u00fcbenpflanzer (SVZ)<\/li>\n<li>Branchenorganisation der Schweizer Kartoffeln (swisspatat)<\/li>\n<li>JardinSuisse<\/li>\n<li>Naturp\u00e4rke: Chasseral, Gruy\u00e8re Pays-d\u2019Enhaut, Jura vaudois<\/li>\n<\/ul>\n<p>Eine weitere Massnahme zum Schutz Trinkwassers sieht vor, dass\u00a0 die Zulassung von Pflanzenschutzmitteln \u00fcberpr\u00fcft und gegebenenfalls entzogen wird, wenn der Grenzwert von 0,1 Mikrogramm pro Liter in Gew\u00e4ssern zur Trinkwassernutzung wiederholt und verbreitet \u00fcberschritten wird (GSchG).<\/p>\n<p>Expertensch\u00e4tzungen zufolge gehen die Eintr\u00e4ge in Oberfl\u00e4chengew\u00e4sser zu 40 % auf Punktquellen (insbesondere nicht <a href=\"https:\/\/agridea.abacuscity.ch\/de\/A~3832~1\/3~410400~Shop\/Publikationen\/Pflanzenbau-Umwelt-Natur-Landschaft\/Ressourcenschutz-%28Boden-Wasser-Luft%29\/Bef%C3%BCll-und-Waschplatz-f%C3%BCr-Spritzger%C3%A4te-worauf-ist-zu-achten-%28Merkblatt%29\/Deutsch\/Print-Papier\" target=\"_blank\" rel=\"noopener\">gew\u00e4sserschutzkonforme Waschpl\u00e4tze<\/a>), 22 % auf Abschwemmung, 22 % auf Kurzschl\u00fcsse (z. B. Sch\u00e4chte, entw\u00e4sserte Strassen) 11 % auf Drainagen und 5 % auf Drift zur\u00fcck (s. Agroscope-Bericht \u00ab<a href=\"https:\/\/ira.agroscope.ch\/de-CH\/publication\/52647\" target=\"_blank\" rel=\"noopener\">Nationale Risikoindikatoren f\u00fcr Pflanzenschutzmittel<\/a>\u00bb). Die Anwendungsauflagen sollten daher beachtet und Eintr\u00e4ge vermieden werden.<\/p>\n<div id=\"attachment_2511\" style=\"width: 500px\" class=\"wp-caption alignleft\"><img decoding=\"async\" aria-describedby=\"caption-attachment-2511\" class=\"wp-image-2511 size-full\" src=\"https:\/\/agripedia.ch\/focus-ap-pa\/wp-content\/uploads\/sites\/22\/2023\/11\/Eintrittspfade-PSM.jpg\" alt=\"\" width=\"490\" height=\"372\" srcset=\"https:\/\/agripedia.ch\/focus-ap-pa\/wp-content\/uploads\/sites\/22\/2023\/11\/Eintrittspfade-PSM-200x152.jpg 200w, https:\/\/agripedia.ch\/focus-ap-pa\/wp-content\/uploads\/sites\/22\/2023\/11\/Eintrittspfade-PSM-300x228.jpg 300w, https:\/\/agripedia.ch\/focus-ap-pa\/wp-content\/uploads\/sites\/22\/2023\/11\/Eintrittspfade-PSM-400x304.jpg 400w, https:\/\/agripedia.ch\/focus-ap-pa\/wp-content\/uploads\/sites\/22\/2023\/11\/Eintrittspfade-PSM.jpg 490w\" sizes=\"(max-width: 490px) 100vw, 490px\" \/><p id=\"caption-attachment-2511\" class=\"wp-caption-text\"><em>Eintragspfade von PSM in Oberfl\u00e4chengew\u00e4sser und ihr mittlerer gesch\u00e4tzter Beitrag zum Gesamteintrag im Referenzzeitraum 2012-2015 (gem\u00e4ss Sch\u00e4tzung von Experten; Korkaric et al. 2022). Die prozentualen Anteile \u00e4ndern sich mit der Zeit, wenn die Risikominderungsmassnahmen wirken. Quelle: Agrocsope<\/em><\/p><\/div>\n<\/div><div class=\"fusion-separator fusion-full-width-sep\" style=\"align-self: center;margin-left: auto;margin-right: auto;margin-top:10px;margin-bottom:20px;width:100%;\"><\/div><\/div><\/div><\/div><\/div><div class=\"fusion-fullwidth fullwidth-box fusion-builder-row-2 fusion-flex-container nonhundred-percent-fullwidth non-hundred-percent-height-scrolling\" style=\"--awb-border-radius-top-left:0px;--awb-border-radius-top-right:0px;--awb-border-radius-bottom-right:0px;--awb-border-radius-bottom-left:0px;--awb-flex-wrap:wrap;\" ><div class=\"fusion-builder-row fusion-row fusion-flex-align-items-stretch fusion-flex-content-wrap\" style=\"max-width:1144px;margin-left: calc(-4% \/ 2 );margin-right: calc(-4% \/ 2 );\"><div class=\"fusion-layout-column fusion_builder_column fusion-builder-column-1 fusion_builder_column_1_1 1_1 fusion-flex-column\" style=\"--awb-bg-size:cover;--awb-width-large:100%;--awb-margin-top-large:0px;--awb-spacing-right-large:1.92%;--awb-margin-bottom-large:20px;--awb-spacing-left-large:1.92%;--awb-width-medium:100%;--awb-order-medium:0;--awb-spacing-right-medium:1.92%;--awb-spacing-left-medium:1.92%;--awb-width-small:100%;--awb-order-small:0;--awb-spacing-right-small:1.92%;--awb-spacing-left-small:1.92%;\"><div class=\"fusion-column-wrapper fusion-column-has-shadow fusion-flex-justify-content-flex-start fusion-content-layout-column\"><div class=\"fusion-text fusion-text-2\"><p>Weiterf\u00fchrende Informationen zum Einsatz von Pflanzenschutzmitteln und der Vermeidung von Abschwemmung und Abdrift finden Sie hier:<\/p>\n<\/div><\/div><\/div><div class=\"fusion-layout-column fusion_builder_column fusion-builder-column-2 fusion_builder_column_1_2 1_2 fusion-flex-column agri-teaser-box-border\" style=\"--awb-bg-size:cover;--awb-width-large:50%;--awb-margin-top-large:0px;--awb-spacing-right-large:3.84%;--awb-margin-bottom-large:20px;--awb-spacing-left-large:3.84%;--awb-width-medium:50%;--awb-order-medium:0;--awb-spacing-right-medium:3.84%;--awb-spacing-left-medium:3.84%;--awb-width-small:100%;--awb-order-small:0;--awb-spacing-right-small:1.92%;--awb-spacing-left-small:1.92%;\"><div class=\"fusion-column-wrapper fusion-column-has-shadow fusion-flex-justify-content-flex-start fusion-content-layout-column\"><div class=\"fusion-image-element \" style=\"--awb-caption-title-font-family:var(--h2_typography-font-family);--awb-caption-title-font-weight:var(--h2_typography-font-weight);--awb-caption-title-font-style:var(--h2_typography-font-style);--awb-caption-title-size:var(--h2_typography-font-size);--awb-caption-title-transform:var(--h2_typography-text-transform);--awb-caption-title-line-height:var(--h2_typography-line-height);--awb-caption-title-letter-spacing:var(--h2_typography-letter-spacing);\"><span class=\" fusion-imageframe imageframe-none imageframe-1 hover-type-none\"><a class=\"fusion-no-lightbox\" href=\"https:\/\/gutelandwirtschaftlichepraxis.ch\/de\" target=\"_blank\" aria-label=\"bonnepratiqueagricole_de\" rel=\"noopener noreferrer\"><img decoding=\"async\" width=\"600\" height=\"323\" src=\"https:\/\/agripedia.ch\/focus-ap-pa\/wp-content\/uploads\/sites\/22\/2022\/04\/bonnepratiqueagricole_de-600x323.jpg\" alt class=\"img-responsive wp-image-184\" srcset=\"https:\/\/agripedia.ch\/focus-ap-pa\/wp-content\/uploads\/sites\/22\/2022\/04\/bonnepratiqueagricole_de-200x108.jpg 200w, https:\/\/agripedia.ch\/focus-ap-pa\/wp-content\/uploads\/sites\/22\/2022\/04\/bonnepratiqueagricole_de-400x215.jpg 400w, https:\/\/agripedia.ch\/focus-ap-pa\/wp-content\/uploads\/sites\/22\/2022\/04\/bonnepratiqueagricole_de-600x323.jpg 600w, https:\/\/agripedia.ch\/focus-ap-pa\/wp-content\/uploads\/sites\/22\/2022\/04\/bonnepratiqueagricole_de-800x431.jpg 800w, https:\/\/agripedia.ch\/focus-ap-pa\/wp-content\/uploads\/sites\/22\/2022\/04\/bonnepratiqueagricole_de.jpg 1148w\" sizes=\"(max-width: 640px) 100vw, 600px\" \/><\/a><\/span><\/div><div class=\"fusion-text fusion-text-3\"><h3>Webseite Gute landwirtschaftliche Praxis<\/h3>\n<p>Eine Seite mit Informationen verschiedener Partnerorganisationen zur guten landwirtschaftlichen Praxis im Pflanzenschutz.<\/p>\n<ul>\n<li>Schutz der Gesundheit und Umwelt:\n<ul>\n<li><a href=\"https:\/\/gutelandwirtschaftlichepraxis.ch\/de\/gute-praxis\/umweltschutz-und-anwenderschutz\/toolkit-anwenderschutz-pflanzenschutzmittel\/\" target=\"_blank\" rel=\"noopener\">Toolkit Anwenderschutz<\/a>, Modul Ackerbau und Weinbau<\/li>\n<li>Reduktion von Punktquellen: z. B. <a href=\"http:\/\/www.gutelandwirtschaftlichepraxis.ch\/behandlungssysteme\" target=\"_blank\" rel=\"noopener noreferrer\">Onlinekartei zu Behandlungssystemen<\/a><\/li>\n<\/ul>\n<\/li>\n<\/ul>\n<ul>\n<li>Reduktion von diffusen Quellen<\/li>\n<li>Optimierung der Behandlungen<\/li>\n<li>Hilfsmittel\n<ul>\n<li>Videos<\/li>\n<li>Entscheidungshilfen<\/li>\n<li>Weiterf\u00fchrende Webseiten<\/li>\n<\/ul>\n<\/li>\n<\/ul>\n<\/div><div style=\"text-align:center;\"><a class=\"fusion-button button-flat fusion-button-default-size button-default fusion-button-default button-1 fusion-button-default-span fusion-button-default-type\" style=\"--button-border-radius-top-left:0;--button-border-radius-top-right:0;--button-border-radius-bottom-right:0;--button-border-radius-bottom-left:0;\" target=\"_blank\" rel=\"noopener noreferrer\" href=\"https:\/\/gutelandwirtschaftlichepraxis.ch\/de\"><span class=\"fusion-button-text awb-button__text awb-button__text--default\">Website besuchen<\/span><\/a><\/div><div class=\"fusion-separator fusion-full-width-sep\" style=\"align-self: center;margin-left: auto;margin-right: auto;margin-top:10px;margin-bottom:10px;width:100%;\"><\/div><\/div><\/div><div class=\"fusion-layout-column fusion_builder_column fusion-builder-column-3 fusion_builder_column_1_2 1_2 fusion-flex-column agri-teaser-box-border\" style=\"--awb-bg-size:cover;--awb-width-large:50%;--awb-margin-top-large:0px;--awb-spacing-right-large:3.84%;--awb-margin-bottom-large:20px;--awb-spacing-left-large:3.84%;--awb-width-medium:50%;--awb-order-medium:0;--awb-spacing-right-medium:3.84%;--awb-spacing-left-medium:3.84%;--awb-width-small:100%;--awb-order-small:0;--awb-spacing-right-small:1.92%;--awb-spacing-left-small:1.92%;\"><div class=\"fusion-column-wrapper fusion-column-has-shadow fusion-flex-justify-content-flex-start fusion-content-layout-column\"><div class=\"fusion-image-element \" style=\"--awb-caption-title-font-family:var(--h2_typography-font-family);--awb-caption-title-font-weight:var(--h2_typography-font-weight);--awb-caption-title-font-style:var(--h2_typography-font-style);--awb-caption-title-size:var(--h2_typography-font-size);--awb-caption-title-transform:var(--h2_typography-text-transform);--awb-caption-title-line-height:var(--h2_typography-line-height);--awb-caption-title-letter-spacing:var(--h2_typography-letter-spacing);\"><span class=\" fusion-imageframe imageframe-none imageframe-2 hover-type-none\"><a class=\"fusion-no-lightbox\" href=\"https:\/\/pflanzenschutzmittel-und-gewaesser.ch\/\" target=\"_blank\" aria-label=\"plattformpsm\" rel=\"noopener noreferrer\"><img decoding=\"async\" width=\"600\" height=\"360\" src=\"https:\/\/agripedia.ch\/focus-ap-pa\/wp-content\/uploads\/sites\/22\/2022\/04\/plattformpsm-600x360.jpg\" alt class=\"img-responsive wp-image-182\" srcset=\"https:\/\/agripedia.ch\/focus-ap-pa\/wp-content\/uploads\/sites\/22\/2022\/04\/plattformpsm-200x120.jpg 200w, https:\/\/agripedia.ch\/focus-ap-pa\/wp-content\/uploads\/sites\/22\/2022\/04\/plattformpsm-400x240.jpg 400w, https:\/\/agripedia.ch\/focus-ap-pa\/wp-content\/uploads\/sites\/22\/2022\/04\/plattformpsm-600x360.jpg 600w, https:\/\/agripedia.ch\/focus-ap-pa\/wp-content\/uploads\/sites\/22\/2022\/04\/plattformpsm-800x480.jpg 800w, https:\/\/agripedia.ch\/focus-ap-pa\/wp-content\/uploads\/sites\/22\/2022\/04\/plattformpsm-1200x720.jpg 1200w, https:\/\/agripedia.ch\/focus-ap-pa\/wp-content\/uploads\/sites\/22\/2022\/04\/plattformpsm.jpg 1229w\" sizes=\"(max-width: 640px) 100vw, 600px\" \/><\/a><\/span><\/div><div class=\"fusion-text fusion-text-4\"><h3>Plattform Pflanzenschutzmittel und Gew\u00e4sser<\/h3>\n<p>Die Plattform dient generell als Ansprech- und Koordinationsstelle in der Schnittstelle zwischen wissenschaftlicher Forschung, Beratung und der Umsetzung von Massnahmen im Bereich \u201ePflanzenschutzmittel und Schutz der Gew\u00e4sser\u201c. Durch ihre Position als Wissenskompetenzplattform erm\u00f6glicht sie den Akteuren in ihrem Umfeld (kantonale Umwelt-, Landwirtschafts\u00e4mtern, kantonale Pflanzenschutzdienste, Ressourcenprojekten, usw.), das Wissen und die Synergien untereinander effizient zu nutzen. Zudem werden Methoden und Werkzeuge im Bereich \u00abF\u00f6rderung der guten fachlichen Praxis\u00bb erarbeitet und weiterentwickelt.<\/p>\n<\/div><div style=\"text-align:center;\"><a class=\"fusion-button button-flat fusion-button-default-size button-default fusion-button-default button-2 fusion-button-default-span fusion-button-default-type\" style=\"--button-border-radius-top-left:0;--button-border-radius-top-right:0;--button-border-radius-bottom-right:0;--button-border-radius-bottom-left:0;\" target=\"_blank\" rel=\"noopener noreferrer\" href=\"https:\/\/pflanzenschutzmittel-und-gewaesser.ch\/\"><span class=\"fusion-button-text awb-button__text awb-button__text--default\">Website besuchen<\/span><\/a><\/div><div class=\"fusion-separator fusion-full-width-sep\" style=\"align-self: center;margin-left: auto;margin-right: auto;margin-top:10px;margin-bottom:10px;width:100%;\"><\/div><\/div><\/div><\/div><\/div><\/p>\n","protected":false},"excerpt":{"rendered":"","protected":false},"author":26,"featured_media":0,"parent":556,"menu_order":0,"comment_status":"closed","ping_status":"closed","template":"","meta":{"_sb_is_suggestion_mode":false,"_sb_show_suggestion_boards":false,"_sb_show_comment_boards":false,"_sb_suggestion_history":"","_sb_update_block_changes":"","inline_featured_image":false,"_monsterinsights_skip_tracking":false,"_monsterinsights_sitenote_active":false,"_monsterinsights_sitenote_note":"","_monsterinsights_sitenote_category":0,"footnotes":""},"class_list":["post-226","page","type-page","status-publish","hentry"],"_links":{"self":[{"href":"https:\/\/agripedia.ch\/focus-ap-pa\/de\/wp-json\/wp\/v2\/pages\/226","targetHints":{"allow":["GET"]}}],"collection":[{"href":"https:\/\/agripedia.ch\/focus-ap-pa\/de\/wp-json\/wp\/v2\/pages"}],"about":[{"href":"https:\/\/agripedia.ch\/focus-ap-pa\/de\/wp-json\/wp\/v2\/types\/page"}],"author":[{"embeddable":true,"href":"https:\/\/agripedia.ch\/focus-ap-pa\/de\/wp-json\/wp\/v2\/users\/26"}],"replies":[{"embeddable":true,"href":"https:\/\/agripedia.ch\/focus-ap-pa\/de\/wp-json\/wp\/v2\/comments?post=226"}],"version-history":[{"count":26,"href":"https:\/\/agripedia.ch\/focus-ap-pa\/de\/wp-json\/wp\/v2\/pages\/226\/revisions"}],"predecessor-version":[{"id":3420,"href":"https:\/\/agripedia.ch\/focus-ap-pa\/de\/wp-json\/wp\/v2\/pages\/226\/revisions\/3420"}],"up":[{"embeddable":true,"href":"https:\/\/agripedia.ch\/focus-ap-pa\/de\/wp-json\/wp\/v2\/pages\/556"}],"wp:attachment":[{"href":"https:\/\/agripedia.ch\/focus-ap-pa\/de\/wp-json\/wp\/v2\/media?parent=226"}],"curies":[{"name":"wp","href":"https:\/\/api.w.org\/{rel}","templated":true}]}}