{"id":86,"date":"2020-10-09T06:38:25","date_gmt":"2020-10-09T06:38:25","guid":{"rendered":"https:\/\/agripedia.ch\/farah\/?page_id=86"},"modified":"2020-11-09T15:33:35","modified_gmt":"2020-11-09T15:33:35","slug":"gueterstand","status":"publish","type":"page","link":"https:\/\/agripedia.ch\/farah\/gueterstand\/","title":{"rendered":"G\u00fcterstand"},"content":{"rendered":"<p><div class=\"fusion-fullwidth fullwidth-box fusion-builder-row-1 fusion-flex-container nonhundred-percent-fullwidth non-hundred-percent-height-scrolling\" style=\"--awb-border-radius-top-left:0px;--awb-border-radius-top-right:0px;--awb-border-radius-bottom-right:0px;--awb-border-radius-bottom-left:0px;--awb-flex-wrap:wrap;\" ><div class=\"fusion-builder-row fusion-row fusion-flex-align-items-flex-start fusion-flex-content-wrap\" style=\"max-width:1144px;margin-left: calc(-4% \/ 2 );margin-right: calc(-4% \/ 2 );\"><div class=\"fusion-layout-column fusion_builder_column fusion-builder-column-0 fusion_builder_column_1_1 1_1 fusion-flex-column\" style=\"--awb-bg-size:cover;--awb-width-large:100%;--awb-margin-top-large:0px;--awb-spacing-right-large:1.92%;--awb-margin-bottom-large:20px;--awb-spacing-left-large:1.92%;--awb-width-medium:100%;--awb-spacing-right-medium:1.92%;--awb-spacing-left-medium:1.92%;--awb-width-small:100%;--awb-spacing-right-small:1.92%;--awb-spacing-left-small:1.92%;\"><div class=\"fusion-column-wrapper fusion-column-has-shadow fusion-flex-justify-content-flex-start fusion-content-layout-column\"><div class=\"fusion-text fusion-text-1\"><h6><span style=\"color: #ffaa00\"><a style=\"color: #ffaa00\" href=\"https:\/\/agripedia.ch\/farah\/\">Startseite<\/a> > Famili\u00e4re Situation ><a style=\"color: #ffaa00\" href=\"https:\/\/agripedia.ch\/farah\/gueterstand\/\"> G\u00fcterstand<\/a><\/span><\/h6>\n<\/div><div class=\"fusion-separator fusion-full-width-sep\" style=\"align-self: center;margin-left: auto;margin-right: auto;width:100%;\"><div class=\"fusion-separator-border sep-single sep-solid\" style=\"--awb-height:20px;--awb-amount:20px;--awb-sep-color:#ffaa00;border-color:#ffaa00;border-top-width:1px;\"><\/div><\/div><div class=\"fusion-separator fusion-full-width-sep agri-separator\" style=\"align-self: center;margin-left: auto;margin-right: auto;width:100%;\"><\/div><div class=\"fusion-text fusion-text-2\"><h2><span style=\"color: #ffaa00\"><i class=\"fb-icon-element-1 fb-icon-element fontawesome-icon fa-hand-holding-usd fas circle-yes fusion-text-flow\" style=\"--awb-circlecolor:#ffaa00;--awb-circlecolor-hover:#ffaa00;--awb-circlebordersize:0px;--awb-font-size:33.44px;--awb-width:66.88px;--awb-height:66.88px;--awb-line-height:66.88px;--awb-margin-right:19px;\"><\/i> G\u00fcterstand<\/span><\/h2>\n<\/div><\/div><\/div><\/div><\/div><div class=\"fusion-fullwidth fullwidth-box fusion-builder-row-2 fusion-flex-container nonhundred-percent-fullwidth non-hundred-percent-height-scrolling\" style=\"--awb-border-radius-top-left:0px;--awb-border-radius-top-right:0px;--awb-border-radius-bottom-right:0px;--awb-border-radius-bottom-left:0px;--awb-flex-wrap:wrap;\" ><div class=\"fusion-builder-row fusion-row fusion-flex-align-items-stretch fusion-flex-content-wrap\" style=\"max-width:1144px;margin-left: calc(-4% \/ 2 );margin-right: calc(-4% \/ 2 );\"><div class=\"fusion-layout-column fusion_builder_column fusion-builder-column-1 fusion_builder_column_3_5 3_5 fusion-flex-column\" style=\"--awb-bg-size:cover;--awb-width-large:60%;--awb-margin-top-large:0px;--awb-spacing-right-large:3.2%;--awb-margin-bottom-large:20px;--awb-spacing-left-large:3.2%;--awb-width-medium:60%;--awb-spacing-right-medium:3.2%;--awb-spacing-left-medium:3.2%;--awb-width-small:100%;--awb-spacing-right-small:1.92%;--awb-spacing-left-small:1.92%;\"><div class=\"fusion-column-wrapper fusion-column-has-shadow fusion-flex-justify-content-flex-start fusion-content-layout-column\"><div class=\"fusion-text fusion-text-3\"><div class=\"accordian fusion-accordian\" style=\"--awb-border-size:2px;--awb-icon-size:20px;--awb-content-font-size:18px;--awb-icon-alignment:left;--awb-hover-color:#ffffd6;--awb-border-color:#ffffd6;--awb-background-color:#ffffe3;--awb-divider-color:#e0dede;--awb-divider-hover-color:#e0dede;--awb-icon-color:#ffaa00;--awb-title-color:#f44336;--awb-content-color:#0f0f0f;--awb-icon-box-color:#7a7a7a;--awb-toggle-hover-accent-color:#ffaa00;--awb-title-font-family:&quot;Roboto&quot;;--awb-title-font-weight:700;--awb-title-font-style:normal;--awb-title-font-size:22px;--awb-title-line-height:1.5;--awb-content-font-family:&quot;Roboto&quot;;--awb-content-font-style:normal;--awb-content-font-weight:300;\"><div class=\"panel-group fusion-toggle-icon-unboxed\" id=\"accordion-86-1\"><div class=\"fusion-panel panel-default panel-8ba4a7f4eb7c63310 fusion-toggle-no-divider fusion-toggle-boxed-mode\"><div class=\"panel-heading\"><h4 class=\"panel-title toggle\" id=\"toggle_8ba4a7f4eb7c63310\"><a aria-expanded=\"false\" aria-controls=\"8ba4a7f4eb7c63310\" role=\"button\" data-toggle=\"collapse\" data-parent=\"#accordion-86-1\" data-target=\"#8ba4a7f4eb7c63310\" href=\"#8ba4a7f4eb7c63310\"><span class=\"fusion-toggle-icon-wrapper\" aria-hidden=\"true\"><i class=\"fa-fusion-box active-icon awb-icon-minus\" aria-hidden=\"true\"><\/i><i class=\"fa-fusion-box inactive-icon awb-icon-plus\" aria-hidden=\"true\"><\/i><\/span><span class=\"fusion-toggle-heading\">Wie w\u00e4hle ich meinen G\u00fcterstand und was sind die Konsequenzen? Kann ich etwas daran \u00e4ndern?<\/span><\/a><\/h4><\/div><div id=\"8ba4a7f4eb7c63310\" class=\"panel-collapse collapse \" aria-labelledby=\"toggle_8ba4a7f4eb7c63310\"><div class=\"panel-body toggle-content fusion-clearfix\"><\/p>\n<p><span style=\"color: #333333\">Das Schweizer Recht sieht drei G\u00fcterst\u00e4nde vor: <strong>Errungenschaftsbeteiligung<\/strong>, <strong>G\u00fctertrennung<\/strong> und <strong>G\u00fctergemeinschaft<\/strong>.<\/span><\/p>\n<p><span style=\"color: #333333\">Der G\u00fcterstand regelt die finanziellen Beziehungen w\u00e4hrend der Ehe und bei ihrer Aufl\u00f6sung (durch Tod, Scheidung oder \u00c4nderung des G\u00fcterstandes). In der Regel gilt die Errungenschaftsbeteiligung, sofern im Ehevertrag keine G\u00fctertrennung oder G\u00fctergemeinschaft festgelegt wird. Jeder G\u00fcterstand hat seine Vor- und Nachteile. Deshalb ist es ratsam, diese Frage mit einer Fachperson zu besprechen. Die Errungenschaftsbeteiligung ist gerechter f\u00fcr den Ehegatten, der oder die wenig oder kein Einkommen erzielt und einen Teil oder seine resp. ihre gesamte Zeit f\u00fcr den Haushalt und die Kinder aufbringt.<\/span><\/p>\n<p><span style=\"color: #333333\">Der G\u00fcterstand kann jederzeit ge\u00e4ndert werden, wenn beide Ehegatten damit einverstanden sind und vor einem Notar einen entsprechenden Ehevertrag unterzeichnen. Die Frage, ob der G\u00fcterstand ge\u00e4ndert werden soll, sollte man sich beispielsweise bei der Geburt eines Kindes oder vor einer gr\u00f6sseren Investition stellen.<\/span><\/p>\n<p><\/div><\/div><\/div><div class=\"fusion-panel panel-default panel-183bc38e736fc0f70 fusion-toggle-no-divider fusion-toggle-boxed-mode\"><div class=\"panel-heading\"><h4 class=\"panel-title toggle\" id=\"toggle_183bc38e736fc0f70\"><a aria-expanded=\"false\" aria-controls=\"183bc38e736fc0f70\" role=\"button\" data-toggle=\"collapse\" data-parent=\"#accordion-86-1\" data-target=\"#183bc38e736fc0f70\" href=\"#183bc38e736fc0f70\"><span class=\"fusion-toggle-icon-wrapper\" aria-hidden=\"true\"><i class=\"fa-fusion-box active-icon awb-icon-minus\" aria-hidden=\"true\"><\/i><i class=\"fa-fusion-box inactive-icon awb-icon-plus\" aria-hidden=\"true\"><\/i><\/span><span class=\"fusion-toggle-heading\">In welchen Situationen ist die G\u00fctertrennung vorteilhaft?<\/span><\/a><\/h4><\/div><div id=\"183bc38e736fc0f70\" class=\"panel-collapse collapse \" aria-labelledby=\"toggle_183bc38e736fc0f70\"><div class=\"panel-body toggle-content fusion-clearfix\"><\/p>\n<p><span style=\"color: #333333\">Bei der G\u00fctertrennung behalten, nutzen und verwalten beide Ehegatten ihr Verm\u00f6gen selbst und k\u00f6nnen nach eigenem Ermessen dar\u00fcber verf\u00fcgen. Wenn die Ehe aufgel\u00f6st wird, werden diese Verm\u00f6genswerte nicht geteilt. Jeder nimmt sein Eigentum und die Verm\u00f6genswerte zur\u00fcck, die er oder sie w\u00e4hrend der Ehe erworben hat.<\/span><\/p>\n<p><span style=\"color: #333333\">Dieser G\u00fcterstand kann beispielsweise sinnvoll sein, wenn die Frau ihren landwirtlichen Betrieb in ihrem eigenen Erbe behalten m\u00f6chte, wenn sie ausserhalb des Betriebs ein wesentlich h\u00f6heres Einkommen als ihr Ehemann verdient oder wenn der Hof ihres Ehemannes hoch verschuldet ist. Es ist jedoch wichtig, das Risiko im Zusammenhang mit Schulden und das Risiko, das Anrecht auf die H\u00e4lfte der Errungenschaft des Ehemannes zu verlieren, sorgf\u00e4ltig gegeneinander abzuw\u00e4gen.<\/span><\/p>\n<p><\/div><\/div><\/div><div class=\"fusion-panel panel-default panel-37598b9444ace928d fusion-toggle-no-divider fusion-toggle-boxed-mode\"><div class=\"panel-heading\"><h4 class=\"panel-title toggle\" id=\"toggle_37598b9444ace928d\"><a aria-expanded=\"false\" aria-controls=\"37598b9444ace928d\" role=\"button\" data-toggle=\"collapse\" data-parent=\"#accordion-86-1\" data-target=\"#37598b9444ace928d\" href=\"#37598b9444ace928d\"><span class=\"fusion-toggle-icon-wrapper\" aria-hidden=\"true\"><i class=\"fa-fusion-box active-icon awb-icon-minus\" aria-hidden=\"true\"><\/i><i class=\"fa-fusion-box inactive-icon awb-icon-plus\" aria-hidden=\"true\"><\/i><\/span><span class=\"fusion-toggle-heading\">Worauf muss ich achten, wenn ich mich entscheide, unverheiratet im Konkubinat zu leben?<\/span><\/a><\/h4><\/div><div id=\"37598b9444ace928d\" class=\"panel-collapse collapse \" aria-labelledby=\"toggle_37598b9444ace928d\"><div class=\"panel-body toggle-content fusion-clearfix\"><\/p>\n<p>Das Zusammenleben von Paaren ohne Trauschein ist im Gesetz nicht geregelt. Es ist aber m\u00f6glich, einen <strong>Konkubinatsvertrag<\/strong> und ein<br \/>\nTestament aufzusetzen und darin das Eigentum, die g\u00fcterrechtliche Auseinandersetzung, die Erbfolge zwischen den Lebenspartnern oder auch die Entbindung von der \u00e4rztlichen Schweigepflicht zu regeln.<\/p>\n<p>Wenn die Ehegatten in der Landwirtschaft zusammenarbeiten, muss unbedingt ein Rechtsstatus f\u00fcr diejenige Person festgelegt werden, die nicht der Betriebsleiter bzw. die Betriebsleiterin ist.<\/p>\n<p><\/div><\/div><\/div><\/div><\/div>\n<\/div><\/div><\/div><div class=\"fusion-layout-column fusion_builder_column fusion-builder-column-2 fusion_builder_column_2_5 2_5 fusion-flex-column\" style=\"--awb-padding-top:6%;--awb-padding-right:6%;--awb-padding-bottom:6%;--awb-padding-left:6%;--awb-bg-size:cover;--awb-border-color:rgba(255,170,0,0.61);--awb-border-top:2px;--awb-border-right:2px;--awb-border-bottom:2px;--awb-border-left:2px;--awb-border-style:solid;--awb-width-large:40%;--awb-margin-top-large:0px;--awb-spacing-right-large:4.8%;--awb-margin-bottom-large:20px;--awb-spacing-left-large:4.8%;--awb-width-medium:40%;--awb-order-medium:0;--awb-spacing-right-medium:4.8%;--awb-spacing-left-medium:4.8%;--awb-width-small:100%;--awb-order-small:0;--awb-spacing-right-small:1.92%;--awb-spacing-left-small:1.92%;\"><div class=\"fusion-column-wrapper fusion-column-has-shadow fusion-flex-justify-content-flex-start fusion-content-layout-column\"><div class=\"fusion-text fusion-text-4\"><h5><span style=\"color: #4d4a4a\">N\u00fctzliche Dokumente und Links<\/span><\/h5>\n<div class=\"fusion-separator fusion-full-width-sep agri-separator\" style=\"align-self: center;margin-left: auto;margin-right: auto;width:100%;\"><\/div>\n<p><span style=\"color: #ffaa00\"><i class=\"fb-icon-element-2 fb-icon-element fontawesome-icon fa-square fas circle-no fusion-text-flow\" style=\"--awb-iconcolor:#ffaa00;--awb-iconcolor-hover:#ffaa00;--awb-font-size:10px;--awb-margin-right:5px;\"><\/i><\/span> Schweizerisches Zivilgesetzbuch:<br \/>\n<em>Das G\u00fcterrecht der Ehegatten<\/em>, Art. 181 und folgende<br \/>\n<em>Der ordentliche G\u00fcterstand der Errungenschaftsbeteiligung<\/em>, Art. 196 und folgende<br \/>\n<em>Die G\u00fctergemeinschaft<\/em>, Art. 221 und folgende<br \/>\n<em>Die G\u00fctertrennung<\/em>, Art. 241\u00a0und folgende<br \/>\n<span style=\"color: #ffaa00\"><strong><a style=\"color: #ffaa00\" href=\"https:\/\/www.admin.ch\/opc\/de\/classified-compilation\/19070042\/index.html\" target=\"_blank\" rel=\"noopener noreferrer\">Link<\/a><\/strong><br \/>\n<\/span><\/p>\n<p><span style=\"color: #ffaa00\"><i class=\"fb-icon-element-3 fb-icon-element fontawesome-icon fa-square fas circle-no fusion-text-flow\" style=\"--awb-iconcolor:#ffaa00;--awb-iconcolor-hover:#ffaa00;--awb-font-size:10px;--awb-margin-right:5px;\"><\/i> <span style=\"color: #000000\">Merkblattserie Bewusst B\u00e4uerin sein, Merkblatt Nr. 1: <em>\u00abMein\u00bb und \u00abDein\u00bb in der Ehe<\/em>. AGRIDEA<br \/>\n<\/span><\/span><strong><a href=\"https:\/\/agridea.abacuscity.ch\/de\/3~310370~Shop\/Publikationen\/Unternehmen-und-Familie\/Partnerschaft-Familie\" target=\"_blank\" rel=\"noopener noreferrer\"><span style=\"color: #ffaa00\">Link<\/span><\/a><\/strong><\/p>\n<p><span style=\"color: #ffaa00\"><i class=\"fb-icon-element-4 fb-icon-element fontawesome-icon fa-square fas circle-no fusion-text-flow\" style=\"--awb-iconcolor:#ffaa00;--awb-iconcolor-hover:#ffaa00;--awb-font-size:10px;--awb-margin-right:5px;\"><\/i>\u00a0<span style=\"color: #000000\">Merkblattserie Bewusst B\u00e4uerin sein, Merkblatt Nr. 7: <em>Konkubinat, Vertrauen und Vertr\u00e4ge<\/em>. AGRIDEA<br \/>\n<strong><a href=\"https:\/\/agridea.abacuscity.ch\/de\/3~310370~Shop\/Publikationen\/Unternehmen-und-Familie\/Partnerschaft-Familie\" target=\"_blank\" rel=\"noopener noreferrer\"><span style=\"color: #ffaa00\">Link<\/span><\/a><\/strong><br \/>\n<\/span><\/span><\/p>\n<p><span style=\"color: #ffaa00\"><i class=\"fb-icon-element-5 fb-icon-element fontawesome-icon fa-square fas circle-no fusion-text-flow\" style=\"--awb-iconcolor:#ffaa00;--awb-iconcolor-hover:#ffaa00;--awb-font-size:10px;--awb-margin-right:5px;\"><\/i>\u00a0<span style=\"color: #000000\"><em>Partnerschaft im landwirtschaftlichen Unternehmen, <\/em>Checkliste zu pers\u00f6nlichen und betrieblichen Fragen<em><br \/>\n<\/em><strong><span style=\"color: #ffaa00\"><a style=\"color: #ffaa00\" href=\"https:\/\/agridea.abacuscity.ch\/de\/3~310370~Shop\/Publikationen\/Unternehmen-und-Familie\/Partnerschaft-Familie\" target=\"_blank\" rel=\"noopener noreferrer\">Link<\/a><\/span><\/strong><em><br \/>\n<\/em><\/span><\/span><\/p>\n<p><span style=\"color: #ffaa00\"><i class=\"fb-icon-element-6 fb-icon-element fontawesome-icon fa-square fas circle-no fusion-text-flow\" style=\"--awb-iconcolor:#ffaa00;--awb-iconcolor-hover:#ffaa00;--awb-font-size:10px;--awb-margin-right:5px;\"><\/i><\/span><span style=\"color: #000000\"> Agriexpert Fachartikel zu Eherecht und Scheidung<br \/>\n<strong><a href=\"https:\/\/www.agriexpert.ch\/de\/dienstleistungen\/recht\/eherecht\/scheidung\/\" target=\"_blank\" rel=\"noopener noreferrer\"><span style=\"color: #ffaa00\">Link<\/span><\/a><\/strong><br \/>\n<\/span><\/p>\n<p><span style=\"color: #ffaa00\"><i class=\"fb-icon-element-7 fb-icon-element fontawesome-icon fa-square fas circle-no fusion-text-flow\" style=\"--awb-iconcolor:#ffaa00;--awb-iconcolor-hover:#ffaa00;--awb-font-size:10px;--awb-margin-right:5px;\"><\/i>\u00a0<span style=\"color: #000000\">Orientierung im Sozialwesen Schweiz<br \/>\n<strong><a href=\"https:\/\/www.sozialinfo.ch\/\" target=\"_blank\" rel=\"noopener noreferrer\"><span style=\"color: #ffaa00\">Link<\/span><\/a><\/strong><br \/>\n<\/span><\/span><\/p>\n<p><span style=\"color: #ffaa00\"><i class=\"fb-icon-element-8 fb-icon-element fontawesome-icon fa-square fas circle-no fusion-text-flow\" style=\"--awb-iconcolor:#ffaa00;--awb-iconcolor-hover:#ffaa00;--awb-font-size:10px;--awb-margin-right:5px;\"><\/i> <span style=\"color: #000000\">Webseite des Schweizerischen B\u00e4uerinnen- und Landfrauenverbands<br \/>\n<strong><a href=\"https:\/\/www.landfrauen.ch\/de\/frau-mann\/soziale-absicherung\/\" target=\"_blank\" rel=\"noopener noreferrer\"><span style=\"color: #ffaa00\">Link<\/span><\/a><\/strong><br \/>\n<\/span><\/span><\/p>\n<\/div><\/div><\/div><\/div><\/div><div class=\"fusion-fullwidth fullwidth-box fusion-builder-row-3 fusion-flex-container nonhundred-percent-fullwidth non-hundred-percent-height-scrolling\" style=\"--awb-border-radius-top-left:0px;--awb-border-radius-top-right:0px;--awb-border-radius-bottom-right:0px;--awb-border-radius-bottom-left:0px;--awb-flex-wrap:wrap;\" ><div class=\"fusion-builder-row fusion-row fusion-flex-align-items-flex-start fusion-flex-content-wrap\" style=\"max-width:1144px;margin-left: calc(-4% \/ 2 );margin-right: calc(-4% \/ 2 );\"><div class=\"fusion-layout-column fusion_builder_column fusion-builder-column-3 fusion_builder_column_1_1 1_1 fusion-flex-column\" style=\"--awb-bg-size:cover;--awb-width-large:100%;--awb-margin-top-large:0px;--awb-spacing-right-large:1.92%;--awb-margin-bottom-large:20px;--awb-spacing-left-large:1.92%;--awb-width-medium:100%;--awb-spacing-right-medium:1.92%;--awb-spacing-left-medium:1.92%;--awb-width-small:100%;--awb-spacing-right-small:1.92%;--awb-spacing-left-small:1.92%;\"><div class=\"fusion-column-wrapper fusion-column-has-shadow fusion-flex-justify-content-flex-start fusion-content-layout-column\"><div class=\"fusion-separator fusion-full-width-sep agri-separator\" style=\"align-self: center;margin-left: auto;margin-right: auto;width:100%;\"><\/div><\/div><\/div><\/div><\/div><div class=\"fusion-fullwidth fullwidth-box fusion-builder-row-4 fusion-flex-container nonhundred-percent-fullwidth non-hundred-percent-height-scrolling\" style=\"--awb-border-radius-top-left:0px;--awb-border-radius-top-right:0px;--awb-border-radius-bottom-right:0px;--awb-border-radius-bottom-left:0px;--awb-flex-wrap:wrap;\" ><div class=\"fusion-builder-row fusion-row fusion-flex-align-items-flex-start fusion-flex-content-wrap\" style=\"max-width:1144px;margin-left: calc(-4% \/ 2 );margin-right: calc(-4% \/ 2 );\"><div class=\"fusion-layout-column fusion_builder_column fusion-builder-column-4 fusion_builder_column_1_3 1_3 fusion-flex-column\" style=\"--awb-bg-size:cover;--awb-width-large:33.333333333333%;--awb-margin-top-large:0px;--awb-spacing-right-large:5.76%;--awb-margin-bottom-large:20px;--awb-spacing-left-large:5.76%;--awb-width-medium:33.333333333333%;--awb-spacing-right-medium:5.76%;--awb-spacing-left-medium:5.76%;--awb-width-small:100%;--awb-spacing-right-small:1.92%;--awb-spacing-left-small:1.92%;\"><div class=\"fusion-column-wrapper fusion-column-has-shadow fusion-flex-justify-content-flex-start fusion-content-layout-column\"><\/div><\/div><div class=\"fusion-layout-column fusion_builder_column fusion-builder-column-5 fusion_builder_column_1_3 1_3 fusion-flex-column\" style=\"--awb-bg-size:cover;--awb-width-large:33.333333333333%;--awb-margin-top-large:0px;--awb-spacing-right-large:5.76%;--awb-margin-bottom-large:20px;--awb-spacing-left-large:5.76%;--awb-width-medium:33.333333333333%;--awb-spacing-right-medium:5.76%;--awb-spacing-left-medium:5.76%;--awb-width-small:100%;--awb-spacing-right-small:1.92%;--awb-spacing-left-small:1.92%;\"><div class=\"fusion-column-wrapper fusion-column-has-shadow fusion-flex-justify-content-flex-start fusion-content-layout-column\"><div ><a class=\"fusion-button button-flat button-large button-custom fusion-button-default button-1 fusion-button-span-yes fusion-button-default-type button-inhaltsverzeichnis\" style=\"--button_accent_color:#ffffff;--button_accent_hover_color:#ffffff;--button_border_hover_color:#ffffff;--button_gradient_top_color:#4d4a4a;--button_gradient_bottom_color:#4d4a4a;--button_gradient_top_color_hover:#4d4a4a;--button_gradient_bottom_color_hover:#4d4a4a;\" target=\"_self\" href=\"https:\/\/agripedia.ch\/farah\/inhaltsverzeichnis\/\"><span class=\"fusion-button-icon-divider button-icon-divider-left\"><i class=\"fa-list fas awb-button__icon awb-button__icon--default\" aria-hidden=\"true\"><\/i><\/span><span class=\"fusion-button-text awb-button__text awb-button__text--default fusion-button-text-left\">Inhaltsverzeichnis<\/span><\/a><\/div><\/div><\/div><div class=\"fusion-layout-column fusion_builder_column fusion-builder-column-6 fusion_builder_column_1_3 1_3 fusion-flex-column\" style=\"--awb-bg-size:cover;--awb-width-large:33.333333333333%;--awb-margin-top-large:0px;--awb-spacing-right-large:5.76%;--awb-margin-bottom-large:20px;--awb-spacing-left-large:5.76%;--awb-width-medium:33.333333333333%;--awb-spacing-right-medium:5.76%;--awb-spacing-left-medium:5.76%;--awb-width-small:100%;--awb-spacing-right-small:1.92%;--awb-spacing-left-small:1.92%;\"><div class=\"fusion-column-wrapper fusion-column-has-shadow fusion-flex-justify-content-flex-start fusion-content-layout-column\"><div ><a class=\"fusion-button button-flat button-large button-custom fusion-button-default button-2 fusion-button-span-yes fusion-button-default-type\" style=\"--button_accent_color:#ffffff;--button_accent_hover_color:#ffffff;--button_border_hover_color:#ffffff;--button_gradient_top_color:#ffaa00;--button_gradient_bottom_color:#ffaa00;--button_gradient_top_color_hover:#ffaa00;--button_gradient_bottom_color_hover:#ffaa00;\" target=\"_self\" href=\"https:\/\/agripedia.ch\/farah\/trennungscheidung\/\"><span class=\"fusion-button-text awb-button__text awb-button__text--default fusion-button-text-right\">Trennung und Scheidung<\/span><span class=\"fusion-button-icon-divider button-icon-divider-right\"><i class=\"fa-arrow-right fas awb-button__icon awb-button__icon--default\" aria-hidden=\"true\"><\/i><\/span><\/a><\/div><\/div><\/div><\/div><\/div><\/p>\n","protected":false},"excerpt":{"rendered":"","protected":false},"author":192,"featured_media":0,"parent":0,"menu_order":0,"comment_status":"closed","ping_status":"closed","template":"","meta":{"_sb_is_suggestion_mode":false,"_sb_show_suggestion_boards":false,"_sb_show_comment_boards":false,"_sb_suggestion_history":"","_sb_update_block_changes":"","_monsterinsights_skip_tracking":false,"_monsterinsights_sitenote_active":false,"_monsterinsights_sitenote_note":"","_monsterinsights_sitenote_category":0,"footnotes":""},"class_list":["post-86","page","type-page","status-publish","hentry"],"_links":{"self":[{"href":"https:\/\/agripedia.ch\/farah\/wp-json\/wp\/v2\/pages\/86","targetHints":{"allow":["GET"]}}],"collection":[{"href":"https:\/\/agripedia.ch\/farah\/wp-json\/wp\/v2\/pages"}],"about":[{"href":"https:\/\/agripedia.ch\/farah\/wp-json\/wp\/v2\/types\/page"}],"author":[{"embeddable":true,"href":"https:\/\/agripedia.ch\/farah\/wp-json\/wp\/v2\/users\/192"}],"replies":[{"embeddable":true,"href":"https:\/\/agripedia.ch\/farah\/wp-json\/wp\/v2\/comments?post=86"}],"version-history":[{"count":50,"href":"https:\/\/agripedia.ch\/farah\/wp-json\/wp\/v2\/pages\/86\/revisions"}],"predecessor-version":[{"id":589,"href":"https:\/\/agripedia.ch\/farah\/wp-json\/wp\/v2\/pages\/86\/revisions\/589"}],"wp:attachment":[{"href":"https:\/\/agripedia.ch\/farah\/wp-json\/wp\/v2\/media?parent=86"}],"curies":[{"name":"wp","href":"https:\/\/api.w.org\/{rel}","templated":true}]}}