{"id":152,"date":"2020-10-09T12:46:52","date_gmt":"2020-10-09T12:46:52","guid":{"rendered":"https:\/\/agripedia.ch\/farah\/?page_id=152"},"modified":"2020-11-09T15:44:43","modified_gmt":"2020-11-09T15:44:43","slug":"ausbildung","status":"publish","type":"page","link":"https:\/\/agripedia.ch\/farah\/ausbildung\/","title":{"rendered":"Ausbildung"},"content":{"rendered":"<p><div class=\"fusion-fullwidth fullwidth-box fusion-builder-row-1 fusion-flex-container nonhundred-percent-fullwidth non-hundred-percent-height-scrolling\" style=\"--awb-border-radius-top-left:0px;--awb-border-radius-top-right:0px;--awb-border-radius-bottom-right:0px;--awb-border-radius-bottom-left:0px;--awb-flex-wrap:wrap;\" ><div class=\"fusion-builder-row fusion-row fusion-flex-align-items-flex-start fusion-flex-content-wrap\" style=\"max-width:1144px;margin-left: calc(-4% \/ 2 );margin-right: calc(-4% \/ 2 );\"><div class=\"fusion-layout-column fusion_builder_column fusion-builder-column-0 fusion_builder_column_1_1 1_1 fusion-flex-column\" style=\"--awb-bg-size:cover;--awb-width-large:100%;--awb-margin-top-large:0px;--awb-spacing-right-large:1.92%;--awb-margin-bottom-large:20px;--awb-spacing-left-large:1.92%;--awb-width-medium:100%;--awb-spacing-right-medium:1.92%;--awb-spacing-left-medium:1.92%;--awb-width-small:100%;--awb-spacing-right-small:1.92%;--awb-spacing-left-small:1.92%;\"><div class=\"fusion-column-wrapper fusion-column-has-shadow fusion-flex-justify-content-flex-start fusion-content-layout-column\"><div class=\"fusion-text fusion-text-1\"><h6><span style=\"color: #0589b5\"><a style=\"color: #0589b5\" href=\"https:\/\/agripedia.ch\/farah\/\">Startseite<\/a> > Ausbildung > <a style=\"color: #0589b5\" href=\"https:\/\/agripedia.ch\/farah\/ausbildung\/\">Alle Informationen<\/a><\/span><\/h6>\n<\/div><div class=\"fusion-separator fusion-full-width-sep\" style=\"align-self: center;margin-left: auto;margin-right: auto;width:100%;\"><div class=\"fusion-separator-border sep-single sep-solid\" style=\"--awb-height:20px;--awb-amount:20px;--awb-sep-color:#0589b5;border-color:#0589b5;border-top-width:1px;\"><\/div><\/div><div class=\"fusion-separator fusion-full-width-sep agri-separator\" style=\"align-self: center;margin-left: auto;margin-right: auto;width:100%;\"><\/div><div class=\"fusion-text fusion-text-2\"><h2><span style=\"color: #0589b5\"><i class=\"fb-icon-element-1 fb-icon-element fontawesome-icon fa fa-graduation-cap circle-yes fusion-text-flow\" style=\"--awb-circlecolor:#0589b5;--awb-circlecolor-hover:#0589b5;--awb-circlebordersize:0px;--awb-font-size:33.44px;--awb-width:66.88px;--awb-height:66.88px;--awb-line-height:66.88px;--awb-margin-right:19px;\"><\/i> Ausbildung<\/span><\/h2>\n<\/div><\/div><\/div><\/div><\/div><div class=\"fusion-fullwidth fullwidth-box fusion-builder-row-2 fusion-flex-container nonhundred-percent-fullwidth non-hundred-percent-height-scrolling\" style=\"--awb-border-radius-top-left:0px;--awb-border-radius-top-right:0px;--awb-border-radius-bottom-right:0px;--awb-border-radius-bottom-left:0px;--awb-flex-wrap:wrap;\" ><div class=\"fusion-builder-row fusion-row fusion-flex-align-items-stretch fusion-flex-content-wrap\" style=\"max-width:1144px;margin-left: calc(-4% \/ 2 );margin-right: calc(-4% \/ 2 );\"><div class=\"fusion-layout-column fusion_builder_column fusion-builder-column-1 fusion_builder_column_3_5 3_5 fusion-flex-column\" style=\"--awb-bg-size:cover;--awb-width-large:60%;--awb-margin-top-large:0px;--awb-spacing-right-large:3.2%;--awb-margin-bottom-large:20px;--awb-spacing-left-large:3.2%;--awb-width-medium:60%;--awb-spacing-right-medium:3.2%;--awb-spacing-left-medium:3.2%;--awb-width-small:100%;--awb-spacing-right-small:1.92%;--awb-spacing-left-small:1.92%;\"><div class=\"fusion-column-wrapper fusion-column-has-shadow fusion-flex-justify-content-flex-start fusion-content-layout-column\"><div class=\"fusion-text fusion-text-3\"><div class=\"accordian fusion-accordian\" style=\"--awb-border-size:2px;--awb-icon-size:20px;--awb-content-font-size:18px;--awb-icon-alignment:left;--awb-hover-color:#f2f7f7;--awb-border-color:#f2f7f7;--awb-background-color:#fafcfc;--awb-divider-color:#e0dede;--awb-divider-hover-color:#e0dede;--awb-icon-color:#0589b5;--awb-title-color:#f44336;--awb-content-color:#0f0f0f;--awb-icon-box-color:#7a7a7a;--awb-toggle-hover-accent-color:#0589b5;--awb-title-font-family:&quot;Roboto&quot;;--awb-title-font-weight:700;--awb-title-font-style:normal;--awb-title-font-size:22px;--awb-title-line-height:1.5;--awb-content-font-family:&quot;Roboto&quot;;--awb-content-font-style:normal;--awb-content-font-weight:300;\"><div class=\"panel-group fusion-toggle-icon-unboxed\" id=\"accordion-152-1\"><div class=\"fusion-panel panel-default panel-77e0850efc43d22d5 fusion-toggle-no-divider fusion-toggle-boxed-mode\"><div class=\"panel-heading\"><h4 class=\"panel-title toggle\" id=\"toggle_77e0850efc43d22d5\"><a aria-expanded=\"false\" aria-controls=\"77e0850efc43d22d5\" role=\"button\" data-toggle=\"collapse\" data-parent=\"#accordion-152-1\" data-target=\"#77e0850efc43d22d5\" href=\"#77e0850efc43d22d5\"><span class=\"fusion-toggle-icon-wrapper\" aria-hidden=\"true\"><i class=\"fa-fusion-box active-icon awb-icon-minus\" aria-hidden=\"true\"><\/i><i class=\"fa-fusion-box inactive-icon awb-icon-plus\" aria-hidden=\"true\"><\/i><\/span><span class=\"fusion-toggle-heading\">Ich heirate einen Bauern. Muss ich eine landwirtschaftliche Ausbildung absolvieren?<\/span><\/a><\/h4><\/div><div id=\"77e0850efc43d22d5\" class=\"panel-collapse collapse \" aria-labelledby=\"toggle_77e0850efc43d22d5\"><div class=\"panel-body toggle-content fusion-clearfix\"><\/p>\n<p>Es besteht keine Ausbildungspflicht, um auf einem Hof zu leben. Wenn Sie ausw\u00e4rts arbeiten und nicht beabsichtigen, im Betrieb mitzuwirken, ben\u00f6tigen Sie keine spezielle Ausbildung. Wenn Sie sich hingegen in die Arbeit auf dem Hof einbringen und an Entscheidungen beteiligt werden m\u00f6chten, ist es ratsam, eine entsprechende Ausbildung zu absolvieren.<\/p>\n<p>Wenn Sie<strong> Mitunternehmerin<\/strong> werden, ist die <strong>Ausbildung obligatorisch<\/strong>, ebenso wenn Sie nach einem bestimmten Ereignis (Tod, Invalidit\u00e4t oder Ruhestand des Ehemannes) den Betrieb \u00fcbernehmen und Direktzahlungen erhalten m\u00f6chten. Es stehen Ihnen verschiedene Ausbildungsm\u00f6glichkeiten offen.<\/p>\n<p>Sie m\u00fcssen sich gut \u00fcberlegen, welcher dieser Wege am besten zu Ihrer gegenw\u00e4rtigen oder zuk\u00fcnftigen Situation passt. Die verschiedenen M\u00f6glichkeiten sind in der Antwort zur n\u00e4chsten Frage aufgelistet.<\/p>\n<p><\/div><\/div><\/div><div class=\"fusion-panel panel-default panel-620a7f4814f0ef1eb fusion-toggle-no-divider fusion-toggle-boxed-mode\"><div class=\"panel-heading\"><h4 class=\"panel-title toggle\" id=\"toggle_620a7f4814f0ef1eb\"><a aria-expanded=\"false\" aria-controls=\"620a7f4814f0ef1eb\" role=\"button\" data-toggle=\"collapse\" data-parent=\"#accordion-152-1\" data-target=\"#620a7f4814f0ef1eb\" href=\"#620a7f4814f0ef1eb\"><span class=\"fusion-toggle-icon-wrapper\" aria-hidden=\"true\"><i class=\"fa-fusion-box active-icon awb-icon-minus\" aria-hidden=\"true\"><\/i><i class=\"fa-fusion-box inactive-icon awb-icon-plus\" aria-hidden=\"true\"><\/i><\/span><span class=\"fusion-toggle-heading\">Muss ich eine spezielle Ausbildung absolvieren, wenn ich den Familienbetrieb \u00fcbernehmen will?<\/span><\/a><\/h4><\/div><div id=\"620a7f4814f0ef1eb\" class=\"panel-collapse collapse \" aria-labelledby=\"toggle_620a7f4814f0ef1eb\"><div class=\"panel-body toggle-content fusion-clearfix\"><\/p>\n<p>B\u00e4uerin sein und einen Hof f\u00fchren ist ein Beruf, den man nicht einfach so aus\u00fcben kann. Eine gute Ausbildung ist wichtig, um eine optimale Bewirtschaftung Ihres Hofs zu gew\u00e4hrleisten. Es gibt mehrere Ausbildungen, dank denen Sie als landwirtschaftliche Bewirtschafterin anerkannt werden und Anspruch auf Direktzahlungen erheben k\u00f6nnen:<\/p>\n<p><span style=\"color: #3dc7f5\"><span style=\"color: #0589b5\"><i class=\"fb-icon-element-2 fb-icon-element fontawesome-icon fa-square fas circle-no fusion-text-flow\" style=\"--awb-iconcolor:#0589b5;--awb-iconcolor-hover:#0589b5;--awb-font-size:10px;--awb-margin-right:5px;\"><\/i><\/span> <span style=\"color: #000000\">Berufliche Grundbildung im Berufsfeld <\/span><\/span>\u00ab<span style=\"color: #3dc7f5\"><span style=\"color: #000000\">Landwirtschaft und deren Berufe\u00bb mit Eidgen\u00f6ssischem Berufsattest (<strong>EBA<\/strong>) oder Eidgen\u00f6ssischem F\u00e4higkeitszeugnis (<strong>EFZ<\/strong>) oder <strong>h\u00f6here Ausbildung<\/strong> in diesen Berufen (Fachhochschule, ETH, usw.).<\/span><\/span><\/p>\n<p><span style=\"color: #3dc7f5\"><span style=\"color: #000000\"><span style=\"color: #0589b5\"><i class=\"fb-icon-element-3 fb-icon-element fontawesome-icon fa-square fas circle-no fusion-text-flow\" style=\"--awb-iconcolor:#0589b5;--awb-iconcolor-hover:#0589b5;--awb-font-size:10px;--awb-margin-right:5px;\"><\/i> <\/span>Eidgen\u00f6ssisches Berufsattest (<strong>EBA<\/strong>) oder Eidgen\u00f6ssisches F\u00e4higkeitszeugnis (<strong>EFZ<\/strong>) ausserhalb des Berufsfelds Landwirtschaft, erg\u00e4nzt durch eine landwirtschaftliche Weiterbildung oder eine ausgewiesene <strong>praktische T\u00e4tigkeit<\/strong> w\u00e4hrend mindestens <strong>drei Jahren<\/strong> als Bewirtschafter\/in, Mitbewirtschafter\/in oder Angestellte\/r auf einem Landwirtschaftsbetrieb. Der Ehepartner oder die Ehepartnerin erf\u00fcllt die Anforderungen bez\u00fcglich Praxisnachweis ohne formelle Best\u00e4tigung (vgl. Direktzahlungsverordnung, Kommentar zu Art. 4 Abs. 2 Bst. b).<\/span><\/span><\/p>\n<p><span style=\"color: #3dc7f5\"><span style=\"color: #000000\"><br \/>\n<span style=\"color: #0589b5\"><i class=\"fb-icon-element-4 fb-icon-element fontawesome-icon fa-square fas circle-no fusion-text-flow\" style=\"--awb-iconcolor:#0589b5;--awb-iconcolor-hover:#0589b5;--awb-font-size:10px;--awb-margin-right:5px;\"><\/i><\/span> B\u00e4uerin mit <strong>Fachausweis<\/strong> oder <strong>diplomierte B\u00e4uerin<\/strong>.<br \/>\n<\/span><\/span><\/p>\n<p>Es ist wichtig, die Bildungspl\u00e4ne sorgf\u00e4ltig zu studieren und die Ausbildung zu w\u00e4hlen, die Ihren Erwartungen und Bed\u00fcrfnissen am besten entspricht.<\/p>\n<p><\/div><\/div><\/div><\/div><\/div>\n<\/div><\/div><\/div><div class=\"fusion-layout-column fusion_builder_column fusion-builder-column-2 fusion_builder_column_2_5 2_5 fusion-flex-column\" style=\"--awb-padding-top:6%;--awb-padding-right:6%;--awb-padding-bottom:6%;--awb-padding-left:6%;--awb-bg-size:cover;--awb-border-color:rgba(5,137,181,0.52);--awb-border-top:2px;--awb-border-right:2px;--awb-border-bottom:2px;--awb-border-left:2px;--awb-border-style:solid;--awb-width-large:40%;--awb-margin-top-large:0px;--awb-spacing-right-large:4.8%;--awb-margin-bottom-large:20px;--awb-spacing-left-large:4.8%;--awb-width-medium:40%;--awb-order-medium:0;--awb-spacing-right-medium:4.8%;--awb-spacing-left-medium:4.8%;--awb-width-small:100%;--awb-order-small:0;--awb-spacing-right-small:1.92%;--awb-spacing-left-small:1.92%;\"><div class=\"fusion-column-wrapper fusion-column-has-shadow fusion-flex-justify-content-flex-start fusion-content-layout-column\"><div class=\"fusion-text fusion-text-4\"><h5><span style=\"color: #4d4a4a\">N\u00fctzliche Dokumente und Links<\/span><\/h5>\n<div class=\"fusion-separator fusion-full-width-sep agri-separator\" style=\"align-self: center;margin-left: auto;margin-right: auto;width:100%;\"><\/div>\n<p><span style=\"color: #3dc7f5\"><span style=\"color: #0589b5\"><i class=\"fb-icon-element-5 fb-icon-element fontawesome-icon fa-square fas circle-no fusion-text-flow\" style=\"--awb-iconcolor:#0589b5;--awb-iconcolor-hover:#0589b5;--awb-font-size:10px;--awb-margin-right:5px;\"><\/i><\/span>\u00a0<span style=\"color: #000000\">Verordnung \u00fcber die Direktzahlungen an die Landwirtschaft (DZV), Art. 4<br \/>\n<span style=\"color: #0589b5\"><a style=\"color: #0589b5\" href=\"https:\/\/www.admin.ch\/opc\/de\/classified-compilation\/20130216\/index.html\" target=\"_blank\" rel=\"noopener noreferrer\"><strong>Link<\/strong><\/a><\/span><\/span><\/span><\/p>\n<p><span style=\"color: #3dc7f5\"><span style=\"color: #0589b5\"><i class=\"fb-icon-element-6 fb-icon-element fontawesome-icon fa-square fas circle-no fusion-text-flow\" style=\"--awb-iconcolor:#0589b5;--awb-iconcolor-hover:#0589b5;--awb-font-size:10px;--awb-margin-right:5px;\"><\/i><\/span> <span style=\"color: #000000\">Merkblattserie Bewusst B\u00e4uerin sein, Merkblatt Nr. 10: <em>Selbst\u00e4ndigerwerbend auf dem Betrieb. <\/em>AGRIDEA<br \/>\n<span style=\"color: #0589b5\"><a style=\"color: #0589b5\" href=\"https:\/\/agridea.abacuscity.ch\/de\/3~310370~Shop\/Publikationen\/Unterneh%ADmen-und-Familie\/Partnerschaft-Familie\" target=\"_blank\" rel=\"noopener noreferrer\"><strong>Link<\/strong><\/a><\/span><br \/>\n<\/span><\/span><\/p>\n<p><span style=\"color: #3dc7f5\"><span style=\"color: #0589b5\"><i class=\"fb-icon-element-7 fb-icon-element fontawesome-icon fa-square fas circle-no fusion-text-flow\" style=\"--awb-iconcolor:#0589b5;--awb-iconcolor-hover:#0589b5;--awb-font-size:10px;--awb-margin-right:5px;\"><\/i><\/span> <span style=\"color: #000000\">Informationen \u00fcber die verschiedenen Ausbildungsgm\u00f6glichkeiten: Schweizerischer B\u00e4uerinnen- und Landfrauenverband, <em>Bildung<\/em><br \/>\n<span style=\"color: #0589b5\"><a style=\"color: #0589b5\" href=\"https:\/\/www.landfrauen.ch\/de\/bildung\/\" target=\"_blank\" rel=\"noopener noreferrer\"><strong>Link<\/strong><\/a><\/span><\/span><\/span><\/p>\n<p><span style=\"color: #3dc7f5\"><span style=\"color: #0589b5\"><i class=\"fb-icon-element-8 fb-icon-element fontawesome-icon fa-square fas circle-no fusion-text-flow\" style=\"--awb-iconcolor:#0589b5;--awb-iconcolor-hover:#0589b5;--awb-font-size:10px;--awb-margin-right:5px;\"><\/i><\/span> <span style=\"color: #000000\">Agri-Job, Berufsfeld Landwirtschaft<br \/>\n<span style=\"color: #0589b5\"><a style=\"color: #0589b5\" href=\"https:\/\/www.agri-job.ch\/de\/berufsprofile\/berufsfeld.html\" target=\"_blank\" rel=\"noopener noreferrer\"><strong>Link<\/strong><\/a><\/span><\/span><\/span><\/p>\n<\/div><\/div><\/div><\/div><\/div><div class=\"fusion-fullwidth fullwidth-box fusion-builder-row-3 fusion-flex-container nonhundred-percent-fullwidth non-hundred-percent-height-scrolling\" style=\"--awb-border-radius-top-left:0px;--awb-border-radius-top-right:0px;--awb-border-radius-bottom-right:0px;--awb-border-radius-bottom-left:0px;--awb-flex-wrap:wrap;\" ><div class=\"fusion-builder-row fusion-row fusion-flex-align-items-flex-start fusion-flex-content-wrap\" style=\"max-width:1144px;margin-left: calc(-4% \/ 2 );margin-right: calc(-4% \/ 2 );\"><div class=\"fusion-layout-column fusion_builder_column fusion-builder-column-3 fusion_builder_column_1_1 1_1 fusion-flex-column\" style=\"--awb-bg-size:cover;--awb-width-large:100%;--awb-margin-top-large:0px;--awb-spacing-right-large:1.92%;--awb-margin-bottom-large:20px;--awb-spacing-left-large:1.92%;--awb-width-medium:100%;--awb-spacing-right-medium:1.92%;--awb-spacing-left-medium:1.92%;--awb-width-small:100%;--awb-spacing-right-small:1.92%;--awb-spacing-left-small:1.92%;\"><div class=\"fusion-column-wrapper fusion-column-has-shadow fusion-flex-justify-content-flex-start fusion-content-layout-column\"><div class=\"fusion-separator fusion-full-width-sep agri-separator\" style=\"align-self: center;margin-left: auto;margin-right: auto;width:100%;\"><\/div><\/div><\/div><\/div><\/div><div class=\"fusion-fullwidth fullwidth-box fusion-builder-row-4 fusion-flex-container nonhundred-percent-fullwidth non-hundred-percent-height-scrolling\" style=\"--awb-border-radius-top-left:0px;--awb-border-radius-top-right:0px;--awb-border-radius-bottom-right:0px;--awb-border-radius-bottom-left:0px;--awb-flex-wrap:wrap;\" ><div class=\"fusion-builder-row fusion-row fusion-flex-align-items-flex-start fusion-flex-content-wrap\" style=\"max-width:1144px;margin-left: calc(-4% \/ 2 );margin-right: calc(-4% \/ 2 );\"><div class=\"fusion-layout-column fusion_builder_column fusion-builder-column-4 fusion_builder_column_1_3 1_3 fusion-flex-column\" style=\"--awb-bg-size:cover;--awb-width-large:33.333333333333%;--awb-margin-top-large:0px;--awb-spacing-right-large:5.76%;--awb-margin-bottom-large:20px;--awb-spacing-left-large:5.76%;--awb-width-medium:33.333333333333%;--awb-spacing-right-medium:5.76%;--awb-spacing-left-medium:5.76%;--awb-width-small:100%;--awb-spacing-right-small:1.92%;--awb-spacing-left-small:1.92%;\"><div class=\"fusion-column-wrapper fusion-column-has-shadow fusion-flex-justify-content-flex-start fusion-content-layout-column\"><div ><a class=\"fusion-button button-flat button-large button-custom fusion-button-default button-1 fusion-button-span-yes fusion-button-default-type\" style=\"--button_accent_color:#ffffff;--button_accent_hover_color:#ffffff;--button_border_hover_color:#ffffff;--button_gradient_top_color:#1ea686;--button_gradient_bottom_color:#1ea686;--button_gradient_top_color_hover:#1ea686;--button_gradient_bottom_color_hover:#1ea686;\" target=\"_self\" href=\"https:\/\/agripedia.ch\/farah\/eigentum\/\"><span class=\"fusion-button-icon-divider button-icon-divider-left\"><i class=\"fa-arrow-left fas awb-button__icon awb-button__icon--default\" aria-hidden=\"true\"><\/i><\/span><span class=\"fusion-button-text awb-button__text awb-button__text--default fusion-button-text-left\">Eigentum<\/span><\/a><\/div><\/div><\/div><div class=\"fusion-layout-column fusion_builder_column fusion-builder-column-5 fusion_builder_column_1_3 1_3 fusion-flex-column\" style=\"--awb-bg-size:cover;--awb-width-large:33.333333333333%;--awb-margin-top-large:0px;--awb-spacing-right-large:5.76%;--awb-margin-bottom-large:20px;--awb-spacing-left-large:5.76%;--awb-width-medium:33.333333333333%;--awb-spacing-right-medium:5.76%;--awb-spacing-left-medium:5.76%;--awb-width-small:100%;--awb-spacing-right-small:1.92%;--awb-spacing-left-small:1.92%;\"><div class=\"fusion-column-wrapper fusion-column-has-shadow fusion-flex-justify-content-flex-start fusion-content-layout-column\"><div ><a class=\"fusion-button button-flat button-large button-custom fusion-button-default button-2 fusion-button-span-yes fusion-button-default-type\" style=\"--button_accent_color:#ffffff;--button_accent_hover_color:#ffffff;--button_border_hover_color:#ffffff;--button_gradient_top_color:#4d4a4a;--button_gradient_bottom_color:#4d4a4a;--button_gradient_top_color_hover:#4d4a4a;--button_gradient_bottom_color_hover:#4d4a4a;\" target=\"_self\" href=\"https:\/\/agripedia.ch\/farah\/inhaltsverzeichnis\/\"><span class=\"fusion-button-icon-divider button-icon-divider-left\"><i class=\"fa-list fas awb-button__icon awb-button__icon--default\" aria-hidden=\"true\"><\/i><\/span><span class=\"fusion-button-text awb-button__text awb-button__text--default fusion-button-text-left\">Inhaltsverzeichnis<\/span><\/a><\/div><\/div><\/div><div class=\"fusion-layout-column fusion_builder_column fusion-builder-column-6 fusion_builder_column_1_3 1_3 fusion-flex-column\" style=\"--awb-bg-size:cover;--awb-width-large:33.333333333333%;--awb-margin-top-large:0px;--awb-spacing-right-large:5.76%;--awb-margin-bottom-large:20px;--awb-spacing-left-large:5.76%;--awb-width-medium:33.333333333333%;--awb-spacing-right-medium:5.76%;--awb-spacing-left-medium:5.76%;--awb-width-small:100%;--awb-spacing-right-small:1.92%;--awb-spacing-left-small:1.92%;\"><div class=\"fusion-column-wrapper fusion-column-has-shadow fusion-flex-justify-content-flex-start fusion-content-layout-column\"><div ><a class=\"fusion-button button-flat button-large button-custom fusion-button-default button-3 fusion-button-span-yes fusion-button-default-type\" style=\"--button_accent_color:#ffffff;--button_accent_hover_color:#ffffff;--button_border_hover_color:#ffffff;--button_gradient_top_color:#37913f;--button_gradient_bottom_color:#37913f;--button_gradient_top_color_hover:#37913f;--button_gradient_bottom_color_hover:#37913f;\" target=\"_self\" href=\"https:\/\/agripedia.ch\/farah\/versicherung\/\"><span class=\"fusion-button-text awb-button__text awb-button__text--default fusion-button-text-right\">Versicherung<\/span><span class=\"fusion-button-icon-divider button-icon-divider-right\"><i class=\"fa-arrow-right fas awb-button__icon awb-button__icon--default\" aria-hidden=\"true\"><\/i><\/span><\/a><\/div><\/div><\/div><\/div><\/div><\/p>\n","protected":false},"excerpt":{"rendered":"","protected":false},"author":192,"featured_media":0,"parent":0,"menu_order":0,"comment_status":"closed","ping_status":"closed","template":"","meta":{"_sb_is_suggestion_mode":false,"_sb_show_suggestion_boards":false,"_sb_show_comment_boards":false,"_sb_suggestion_history":"","_sb_update_block_changes":"","_monsterinsights_skip_tracking":false,"_monsterinsights_sitenote_active":false,"_monsterinsights_sitenote_note":"","_monsterinsights_sitenote_category":0,"footnotes":""},"class_list":["post-152","page","type-page","status-publish","hentry"],"_links":{"self":[{"href":"https:\/\/agripedia.ch\/farah\/wp-json\/wp\/v2\/pages\/152","targetHints":{"allow":["GET"]}}],"collection":[{"href":"https:\/\/agripedia.ch\/farah\/wp-json\/wp\/v2\/pages"}],"about":[{"href":"https:\/\/agripedia.ch\/farah\/wp-json\/wp\/v2\/types\/page"}],"author":[{"embeddable":true,"href":"https:\/\/agripedia.ch\/farah\/wp-json\/wp\/v2\/users\/192"}],"replies":[{"embeddable":true,"href":"https:\/\/agripedia.ch\/farah\/wp-json\/wp\/v2\/comments?post=152"}],"version-history":[{"count":21,"href":"https:\/\/agripedia.ch\/farah\/wp-json\/wp\/v2\/pages\/152\/revisions"}],"predecessor-version":[{"id":601,"href":"https:\/\/agripedia.ch\/farah\/wp-json\/wp\/v2\/pages\/152\/revisions\/601"}],"wp:attachment":[{"href":"https:\/\/agripedia.ch\/farah\/wp-json\/wp\/v2\/media?parent=152"}],"curies":[{"name":"wp","href":"https:\/\/api.w.org\/{rel}","templated":true}]}}