{"id":146,"date":"2020-10-09T12:35:13","date_gmt":"2020-10-09T12:35:13","guid":{"rendered":"https:\/\/agripedia.ch\/farah\/?page_id=146"},"modified":"2020-11-09T15:47:55","modified_gmt":"2020-11-09T15:47:55","slug":"rente","status":"publish","type":"page","link":"https:\/\/agripedia.ch\/farah\/rente\/","title":{"rendered":"Rente"},"content":{"rendered":"<p><div class=\"fusion-fullwidth fullwidth-box fusion-builder-row-1 fusion-flex-container nonhundred-percent-fullwidth non-hundred-percent-height-scrolling\" style=\"--awb-border-radius-top-left:0px;--awb-border-radius-top-right:0px;--awb-border-radius-bottom-right:0px;--awb-border-radius-bottom-left:0px;--awb-flex-wrap:wrap;\" ><div class=\"fusion-builder-row fusion-row fusion-flex-align-items-flex-start fusion-flex-content-wrap\" style=\"max-width:1144px;margin-left: calc(-4% \/ 2 );margin-right: calc(-4% \/ 2 );\"><div class=\"fusion-layout-column fusion_builder_column fusion-builder-column-0 fusion_builder_column_1_1 1_1 fusion-flex-column\" style=\"--awb-bg-size:cover;--awb-width-large:100%;--awb-margin-top-large:0px;--awb-spacing-right-large:1.92%;--awb-margin-bottom-large:20px;--awb-spacing-left-large:1.92%;--awb-width-medium:100%;--awb-spacing-right-medium:1.92%;--awb-spacing-left-medium:1.92%;--awb-width-small:100%;--awb-spacing-right-small:1.92%;--awb-spacing-left-small:1.92%;\"><div class=\"fusion-column-wrapper fusion-column-has-shadow fusion-flex-justify-content-flex-start fusion-content-layout-column\"><div class=\"fusion-text fusion-text-1\"><h6><span style=\"color: #37913f\"><a style=\"color: #37913f\" href=\"https:\/\/agripedia.ch\/farah\/\">Startseite<\/a> > Versicherung und Vorsorge > <a style=\"color: #37913f\" href=\"https:\/\/agripedia.ch\/farah\/rente\/\">Rente<\/a><\/span><\/h6>\n<\/div><div class=\"fusion-separator fusion-full-width-sep\" style=\"align-self: center;margin-left: auto;margin-right: auto;width:100%;\"><div class=\"fusion-separator-border sep-single sep-solid\" style=\"--awb-height:20px;--awb-amount:20px;--awb-sep-color:#37913f;border-color:#37913f;border-top-width:1px;\"><\/div><\/div><div class=\"fusion-separator fusion-full-width-sep agri-separator\" style=\"align-self: center;margin-left: auto;margin-right: auto;width:100%;\"><\/div><div class=\"fusion-text fusion-text-2\"><h2><span style=\"color: #37913f\"><i class=\"fb-icon-element-1 fb-icon-element fontawesome-icon fa-university fas circle-yes fusion-text-flow\" style=\"--awb-circlecolor:#37913f;--awb-circlecolor-hover:#37913f;--awb-circlebordersize:0px;--awb-font-size:33.44px;--awb-width:66.88px;--awb-height:66.88px;--awb-line-height:66.88px;--awb-margin-right:19px;\"><\/i> Rente<\/span><\/h2>\n<\/div><\/div><\/div><\/div><\/div><div class=\"fusion-fullwidth fullwidth-box fusion-builder-row-2 fusion-flex-container nonhundred-percent-fullwidth non-hundred-percent-height-scrolling\" style=\"--awb-border-radius-top-left:0px;--awb-border-radius-top-right:0px;--awb-border-radius-bottom-right:0px;--awb-border-radius-bottom-left:0px;--awb-flex-wrap:wrap;\" ><div class=\"fusion-builder-row fusion-row fusion-flex-align-items-stretch fusion-flex-content-wrap\" style=\"max-width:1144px;margin-left: calc(-4% \/ 2 );margin-right: calc(-4% \/ 2 );\"><div class=\"fusion-layout-column fusion_builder_column fusion-builder-column-1 fusion_builder_column_3_5 3_5 fusion-flex-column\" style=\"--awb-bg-size:cover;--awb-width-large:60%;--awb-margin-top-large:0px;--awb-spacing-right-large:3.2%;--awb-margin-bottom-large:20px;--awb-spacing-left-large:3.2%;--awb-width-medium:60%;--awb-spacing-right-medium:3.2%;--awb-spacing-left-medium:3.2%;--awb-width-small:100%;--awb-spacing-right-small:1.92%;--awb-spacing-left-small:1.92%;\"><div class=\"fusion-column-wrapper fusion-column-has-shadow fusion-flex-justify-content-flex-start fusion-content-layout-column\"><div class=\"fusion-text fusion-text-3\"><div class=\"accordian fusion-accordian\" style=\"--awb-border-size:2px;--awb-icon-size:20px;--awb-content-font-size:18px;--awb-icon-alignment:left;--awb-hover-color:#f5fcf6;--awb-border-color:#f5fcf6;--awb-background-color:#f7fff8;--awb-divider-color:#e0dede;--awb-divider-hover-color:#e0dede;--awb-icon-color:#37913f;--awb-title-color:#f44336;--awb-content-color:#0f0f0f;--awb-icon-box-color:#7a7a7a;--awb-toggle-hover-accent-color:#37913f;--awb-title-font-family:&quot;Roboto&quot;;--awb-title-font-weight:700;--awb-title-font-style:normal;--awb-title-font-size:22px;--awb-title-line-height:1.5;--awb-content-font-family:&quot;Roboto&quot;;--awb-content-font-style:normal;--awb-content-font-weight:300;\"><div class=\"panel-group fusion-toggle-icon-unboxed\" id=\"accordion-146-1\"><div class=\"fusion-panel panel-default panel-6519c694565052f04 fusion-toggle-no-divider fusion-toggle-boxed-mode\"><div class=\"panel-heading\"><h4 class=\"panel-title toggle\" id=\"toggle_6519c694565052f04\"><a aria-expanded=\"false\" aria-controls=\"6519c694565052f04\" role=\"button\" data-toggle=\"collapse\" data-parent=\"#accordion-146-1\" data-target=\"#6519c694565052f04\" href=\"#6519c694565052f04\"><span class=\"fusion-toggle-icon-wrapper\" aria-hidden=\"true\"><i class=\"fa-fusion-box active-icon awb-icon-minus\" aria-hidden=\"true\"><\/i><i class=\"fa-fusion-box inactive-icon awb-icon-plus\" aria-hidden=\"true\"><\/i><\/span><span class=\"fusion-toggle-heading\">Was ist Splitting? Was sind Erziehungsgutschriften?<\/span><\/a><\/h4><\/div><div id=\"6519c694565052f04\" class=\"panel-collapse collapse \" aria-labelledby=\"toggle_6519c694565052f04\"><div class=\"panel-body toggle-content fusion-clearfix\"><\/p>\n<p>Splitting bezeichnet das Verfahren zur Rentenberechnung, bei dem das w\u00e4hrend der Ehejahre erzielte Einkommen aus der Erwerbst\u00e4tigkeit je zur H\u00e4lfte auf beide Ehegatten aufgeteilt wird.<\/p>\n<p>Diese Einkommensteilung wird vorgenommen:<\/p>\n<p><span style=\"color: #37913f\"><i class=\"fb-icon-element-2 fb-icon-element fontawesome-icon fa-square fas circle-no fusion-text-flow\" style=\"--awb-iconcolor:#37913f;--awb-iconcolor-hover:#37913f;--awb-font-size:10px;--awb-margin-right:5px;\"><\/i><\/span> <span style=\"color: #000000\">sobald beide Ehepartner eine AHV- oder IV-Rente beziehen;<br \/>\n<span style=\"color: #4ebf58\"><span style=\"color: #37913f\"><i class=\"fb-icon-element-3 fb-icon-element fontawesome-icon fa-square fas circle-no fusion-text-flow\" style=\"--awb-iconcolor:#37913f;--awb-iconcolor-hover:#37913f;--awb-font-size:10px;--awb-margin-right:5px;\"><\/i><\/span> <span style=\"color: #000000\">sobald eine verwitwete Person Anspruch auf eine AHV- oder IV-Rente erh\u00e4lt;<br \/>\n<span style=\"color: #37913f\"><i class=\"fb-icon-element-4 fb-icon-element fontawesome-icon fa-square fas circle-no fusion-text-flow\" style=\"--awb-iconcolor:#37913f;--awb-iconcolor-hover:#37913f;--awb-font-size:10px;--awb-margin-right:5px;\"><\/i><\/span> wenn sich das Ehepaar scheiden l\u00e4sst oder die Ehe f\u00fcr ung\u00fcltig erkl\u00e4rt wird.<\/span><\/span><\/span><\/span><\/span><\/p>\n<p>Bei der Berechnung der Rente kann einer versicherten Person f\u00fcr jedes Jahr, in dem sie oder er Kinder unter 16 Jahren betreut hat, eine <strong>Erziehungsgutschrift<\/strong> gutgeschrieben werden. Bei Ehepaaren werden die Erziehungsgutschriften w\u00e4hrend der Ehejahre h\u00e4lftig geteilt.<\/p>\n<p><\/div><\/div><\/div><div class=\"fusion-panel panel-default panel-afe40fd590eab80d6 fusion-toggle-no-divider fusion-toggle-boxed-mode\"><div class=\"panel-heading\"><h4 class=\"panel-title toggle\" id=\"toggle_afe40fd590eab80d6\"><a aria-expanded=\"false\" aria-controls=\"afe40fd590eab80d6\" role=\"button\" data-toggle=\"collapse\" data-parent=\"#accordion-146-1\" data-target=\"#afe40fd590eab80d6\" href=\"#afe40fd590eab80d6\"><span class=\"fusion-toggle-icon-wrapper\" aria-hidden=\"true\"><i class=\"fa-fusion-box active-icon awb-icon-minus\" aria-hidden=\"true\"><\/i><i class=\"fa-fusion-box inactive-icon awb-icon-plus\" aria-hidden=\"true\"><\/i><\/span><span class=\"fusion-toggle-heading\">Ist es m\u00f6glich oder sinnvoll, meine 2. oder 3. S\u00e4ule in den Betrieb oder das Haus meines Mannes zu investieren?<\/span><\/a><\/h4><\/div><div id=\"afe40fd590eab80d6\" class=\"panel-collapse collapse \" aria-labelledby=\"toggle_afe40fd590eab80d6\"><div class=\"panel-body toggle-content fusion-clearfix\"><\/p>\n<p>Wenn Sie nicht (Mit-)Eigent\u00fcmerin sind, k\u00f6nnen Sie Ihre 2. oder 3. S\u00e4ule nicht vorbeziehen, um das Geld in den Betrieb oder das Haus Ihres Mannes zu investieren. Wenn Sie Miteigent\u00fcmerin sind, k\u00f6nnen Sie das Geld aus Ihrer 2. oder 3. S\u00e4ule vorbeziehen und in Ihr Haus investieren. Wenn Sie sich (bez\u00fcglich Ihres AHV-Status) selbst\u00e4ndig machen und jede angestellte T\u00e4tigkeit vollst\u00e4ndig einstellen, k\u00f6nnen Sie Ihre 2. S\u00e4ule in bar auszahlen lassen und frei dar\u00fcber verf\u00fcgen. Sie haben dann die M\u00f6glichkeit, dieses Geld in den Betrieb oder das Haus zu investieren.<\/p>\n<p>Denken Sie aber daran, dass jeder Bezug der 2. oder 3. S\u00e4ule zu einer <strong>Verminderung der Altersrente<\/strong> f\u00fchrt. Sie m\u00fcssen deshalb klar\u00a0 zwischen einem Schuldenabbau auf der einen Seite und einer Verminderung der Altersrente auf der anderen Seite abw\u00e4gen. Eine solche Investition muss zudem unbedingt schriftlich festgehalten werden.<\/p>\n<p><\/div><\/div><\/div><div class=\"fusion-panel panel-default panel-a182070408cd2bb43 fusion-toggle-no-divider fusion-toggle-boxed-mode\"><div class=\"panel-heading\"><h4 class=\"panel-title toggle\" id=\"toggle_a182070408cd2bb43\"><a aria-expanded=\"false\" aria-controls=\"a182070408cd2bb43\" role=\"button\" data-toggle=\"collapse\" data-parent=\"#accordion-146-1\" data-target=\"#a182070408cd2bb43\" href=\"#a182070408cd2bb43\"><span class=\"fusion-toggle-icon-wrapper\" aria-hidden=\"true\"><i class=\"fa-fusion-box active-icon awb-icon-minus\" aria-hidden=\"true\"><\/i><i class=\"fa-fusion-box inactive-icon awb-icon-plus\" aria-hidden=\"true\"><\/i><\/span><span class=\"fusion-toggle-heading\">Ich arbeite im Betrieb meines Mannes und bin weder angestellt noch selbst\u00e4ndig. Wie hoch wird meine Rente sein, wenn ich pensioniert bin?<\/span><\/a><\/h4><\/div><div id=\"a182070408cd2bb43\" class=\"panel-collapse collapse \" aria-labelledby=\"toggle_a182070408cd2bb43\"><div class=\"panel-body toggle-content fusion-clearfix\"><\/p>\n<p>Jede Person im Rentenalter hat Anspruch auf eine Altersrente (AHV). Die Rente berechnet sich aus dem Einkommen, das auf dem individuellen AHV-Konto verbucht wurde, sowie den Betr\u00e4gen aus Splitting und Erziehungsgutschriften. Die Minimal- und Maximalrenten werden jedes Jahr neu festgelegt. Wenn beide Ehepartner in den Ruhestand treten, betr\u00e4gt die Rente des Paares h\u00f6chstens <strong>150 % einer maximalen Einzelrente<\/strong>.<\/p>\n<p>Sie k\u00f6nnen bei der Ausgleichskasse Ihres Kantons jederzeit eine vorl\u00e4ufige Berechnung Ihrer zuk\u00fcnftigen AHV-Rente beantragen.<\/p>\n<p><\/div><\/div><\/div><\/div><\/div>\n<\/div><\/div><\/div><div class=\"fusion-layout-column fusion_builder_column fusion-builder-column-2 fusion_builder_column_2_5 2_5 fusion-flex-column\" style=\"--awb-padding-top:6%;--awb-padding-right:6%;--awb-padding-bottom:6%;--awb-padding-left:6%;--awb-bg-size:cover;--awb-border-color:#629466;--awb-border-top:2px;--awb-border-right:2px;--awb-border-bottom:2px;--awb-border-left:2px;--awb-border-style:solid;--awb-width-large:40%;--awb-margin-top-large:0px;--awb-spacing-right-large:4.8%;--awb-margin-bottom-large:20px;--awb-spacing-left-large:4.8%;--awb-width-medium:40%;--awb-order-medium:0;--awb-spacing-right-medium:4.8%;--awb-spacing-left-medium:4.8%;--awb-width-small:100%;--awb-order-small:0;--awb-spacing-right-small:1.92%;--awb-spacing-left-small:1.92%;\"><div class=\"fusion-column-wrapper fusion-column-has-shadow fusion-flex-justify-content-flex-start fusion-content-layout-column\"><div class=\"fusion-text fusion-text-4\"><h5><span style=\"color: #4d4a4a\">N\u00fctzliche Dokumente und Links<\/span><\/h5>\n<div class=\"fusion-separator fusion-full-width-sep agri-separator\" style=\"align-self: center;margin-left: auto;margin-right: auto;width:100%;\"><\/div>\n<p><span style=\"color: #37913f\"><i class=\"fb-icon-element-5 fb-icon-element fontawesome-icon fa-square fas circle-no fusion-text-flow\" style=\"--awb-iconcolor:#37913f;--awb-iconcolor-hover:#37913f;--awb-font-size:10px;--awb-margin-right:5px;\"><\/i><\/span> <span style=\"color: #000000\">Merkblattserie Bewusst B\u00e4uerin sein, Merkblatt Nr. 6: <em>Vorsorge der Bauernfamilie richtig aufbauen<\/em>, AGRIDEA<br \/>\n<span style=\"color: #37913f\"><a style=\"color: #37913f\" href=\"https:\/\/agridea.abacuscity.ch\/de\/3~310370~Shop\/Publikationen\/Unternehmen-und-Familie\/Partnerschaft-Familie\" target=\"_blank\" rel=\"noopener noreferrer\"><strong>Link<\/strong><\/a><\/span><\/span><\/span><\/span><\/p>\n<p><span style=\"color: #37913f\"><i class=\"fb-icon-element-6 fb-icon-element fontawesome-icon fa-square fas circle-no fusion-text-flow\" style=\"--awb-iconcolor:#37913f;--awb-iconcolor-hover:#37913f;--awb-font-size:10px;--awb-margin-right:5px;\"><\/i><\/span> <span style=\"color: #000000\"><em>Standardwerk landwirtschaftliches Versicherungswesen<\/em>, Agrisano Stiftung, Brugg 2015<br \/>\n<span style=\"color: #37913f\"><a style=\"color: #37913f\" href=\"https:\/\/www.agrisano.ch\/de\/angebot\/landwirtschaftliches-versicherungswesen\/\" target=\"_blank\" rel=\"noopener noreferrer\"><strong>Link<\/strong><\/a><\/span><\/span><\/span><\/span><\/p>\n<p><span style=\"color: #37913f\"><i class=\"fb-icon-element-7 fb-icon-element fontawesome-icon fa-square fas circle-no fusion-text-flow\" style=\"--awb-iconcolor:#37913f;--awb-iconcolor-hover:#37913f;--awb-font-size:10px;--awb-margin-right:5px;\"><\/i><\/span> <span style=\"color: #000000\">Bundesamt f\u00fcr Sozialversicherungen BSV<br \/>\n<span style=\"color: #4ebf58\"><span style=\"color: #37913f\"><a style=\"color: #37913f\" href=\"https:\/\/www.bsv.admin.ch\/bsv\/de\/home.html\" target=\"_blank\" rel=\"noopener noreferrer\"><strong>Link<\/strong><\/a><\/span><br \/>\n<\/span><\/span><\/span><\/span><\/p>\n<p><span style=\"color: #37913f\"><i class=\"fb-icon-element-8 fb-icon-element fontawesome-icon fa-square fas circle-no fusion-text-flow\" style=\"--awb-iconcolor:#37913f;--awb-iconcolor-hover:#37913f;--awb-font-size:10px;--awb-margin-right:5px;\"><\/i><\/span> <span style=\"color: #000000\">Informationsstelle AHV\/IV<br \/>\n<span style=\"color: #37913f\"><a style=\"color: #37913f\" href=\"https:\/\/www.ahv-iv.ch\/de\/\" target=\"_blank\" rel=\"noopener noreferrer\"><strong>Link<\/strong><\/a><\/span><\/span><\/span><\/span><\/p>\n<p><span style=\"color: #37913f\"><i class=\"fb-icon-element-9 fb-icon-element fontawesome-icon fa-square fas circle-no fusion-text-flow\" style=\"--awb-iconcolor:#37913f;--awb-iconcolor-hover:#37913f;--awb-font-size:10px;--awb-margin-right:5px;\"><\/i><\/span> <span style=\"color: #000000\">Webseite des Schweizerischen B\u00e4uerinnen- und Landfrauenverbandes, Soziale Absicherung<br \/>\n<span style=\"color: #37913f\"><a style=\"color: #37913f\" href=\"https:\/\/www.landfrauen.ch\/de\/frau-mann\/soziale-absicherung\/\" target=\"_blank\" rel=\"noopener noreferrer\"><strong>Link<\/strong><\/a><\/span><\/span><\/span><\/span><\/p>\n<p><span style=\"color: #37913f\"><i class=\"fb-icon-element-10 fb-icon-element fontawesome-icon fa-square fas circle-no fusion-text-flow\" style=\"--awb-iconcolor:#37913f;--awb-iconcolor-hover:#37913f;--awb-font-size:10px;--awb-margin-right:5px;\"><\/i><\/span> <span style=\"color: #000000\">Website zur Rentensch\u00e4tzung der AHV<br \/>\n<span style=\"color: #37913f\"><a style=\"color: #37913f\" href=\"https:\/\/www.acor-avs.ch\/conditions\" target=\"_blank\" rel=\"noopener noreferrer\"><strong>Link<\/strong><\/a><\/span><\/span><\/span><\/span><\/p>\n<\/div><\/div><\/div><\/div><\/div><div class=\"fusion-fullwidth fullwidth-box fusion-builder-row-3 fusion-flex-container nonhundred-percent-fullwidth non-hundred-percent-height-scrolling\" style=\"--awb-border-radius-top-left:0px;--awb-border-radius-top-right:0px;--awb-border-radius-bottom-right:0px;--awb-border-radius-bottom-left:0px;--awb-flex-wrap:wrap;\" ><div class=\"fusion-builder-row fusion-row fusion-flex-align-items-flex-start fusion-flex-content-wrap\" style=\"max-width:1144px;margin-left: calc(-4% \/ 2 );margin-right: calc(-4% \/ 2 );\"><div class=\"fusion-layout-column fusion_builder_column fusion-builder-column-3 fusion_builder_column_1_1 1_1 fusion-flex-column\" style=\"--awb-bg-size:cover;--awb-width-large:100%;--awb-margin-top-large:0px;--awb-spacing-right-large:1.92%;--awb-margin-bottom-large:20px;--awb-spacing-left-large:1.92%;--awb-width-medium:100%;--awb-spacing-right-medium:1.92%;--awb-spacing-left-medium:1.92%;--awb-width-small:100%;--awb-spacing-right-small:1.92%;--awb-spacing-left-small:1.92%;\"><div class=\"fusion-column-wrapper fusion-column-has-shadow fusion-flex-justify-content-flex-start fusion-content-layout-column\"><div class=\"fusion-separator fusion-full-width-sep agri-separator\" style=\"align-self: center;margin-left: auto;margin-right: auto;width:100%;\"><\/div><\/div><\/div><\/div><\/div><div class=\"fusion-fullwidth fullwidth-box fusion-builder-row-4 fusion-flex-container nonhundred-percent-fullwidth non-hundred-percent-height-scrolling\" style=\"--awb-border-radius-top-left:0px;--awb-border-radius-top-right:0px;--awb-border-radius-bottom-right:0px;--awb-border-radius-bottom-left:0px;--awb-flex-wrap:wrap;\" ><div class=\"fusion-builder-row fusion-row fusion-flex-align-items-flex-start fusion-flex-content-wrap\" style=\"max-width:1144px;margin-left: calc(-4% \/ 2 );margin-right: calc(-4% \/ 2 );\"><div class=\"fusion-layout-column fusion_builder_column fusion-builder-column-4 fusion_builder_column_1_3 1_3 fusion-flex-column\" style=\"--awb-bg-size:cover;--awb-width-large:33.333333333333%;--awb-margin-top-large:0px;--awb-spacing-right-large:5.76%;--awb-margin-bottom-large:20px;--awb-spacing-left-large:5.76%;--awb-width-medium:33.333333333333%;--awb-spacing-right-medium:5.76%;--awb-spacing-left-medium:5.76%;--awb-width-small:100%;--awb-spacing-right-small:1.92%;--awb-spacing-left-small:1.92%;\"><div class=\"fusion-column-wrapper fusion-column-has-shadow fusion-flex-justify-content-flex-start fusion-content-layout-column\"><div ><a class=\"fusion-button button-flat button-large button-custom fusion-button-default button-1 fusion-button-span-yes fusion-button-default-type\" style=\"--button_accent_color:#ffffff;--button_accent_hover_color:#ffffff;--button_border_hover_color:#ffffff;--button_gradient_top_color:#37913f;--button_gradient_bottom_color:#37913f;--button_gradient_top_color_hover:#37913f;--button_gradient_bottom_color_hover:#37913f;\" target=\"_self\" href=\"https:\/\/agripedia.ch\/farah\/versicherung\/\"><span class=\"fusion-button-icon-divider button-icon-divider-left\"><i class=\"fa-arrow-left fas awb-button__icon awb-button__icon--default\" aria-hidden=\"true\"><\/i><\/span><span class=\"fusion-button-text awb-button__text awb-button__text--default fusion-button-text-left\">Versicherung<\/span><\/a><\/div><\/div><\/div><div class=\"fusion-layout-column fusion_builder_column fusion-builder-column-5 fusion_builder_column_1_3 1_3 fusion-flex-column\" style=\"--awb-bg-size:cover;--awb-width-large:33.333333333333%;--awb-margin-top-large:0px;--awb-spacing-right-large:5.76%;--awb-margin-bottom-large:20px;--awb-spacing-left-large:5.76%;--awb-width-medium:33.333333333333%;--awb-spacing-right-medium:5.76%;--awb-spacing-left-medium:5.76%;--awb-width-small:100%;--awb-spacing-right-small:1.92%;--awb-spacing-left-small:1.92%;\"><div class=\"fusion-column-wrapper fusion-column-has-shadow fusion-flex-justify-content-flex-start fusion-content-layout-column\"><div ><a class=\"fusion-button button-flat button-large button-custom fusion-button-default button-2 fusion-button-span-yes fusion-button-default-type\" style=\"--button_accent_color:#ffffff;--button_accent_hover_color:#ffffff;--button_border_hover_color:#ffffff;--button_gradient_top_color:#4d4a4a;--button_gradient_bottom_color:#4d4a4a;--button_gradient_top_color_hover:#4d4a4a;--button_gradient_bottom_color_hover:#4d4a4a;\" target=\"_self\" href=\"https:\/\/agripedia.ch\/farah\/inhaltsverzeichnis\/\"><span class=\"fusion-button-icon-divider button-icon-divider-left\"><i class=\"fa-list fas awb-button__icon awb-button__icon--default\" aria-hidden=\"true\"><\/i><\/span><span class=\"fusion-button-text awb-button__text awb-button__text--default fusion-button-text-left\">Inhaltsverzeichnis<\/span><\/a><\/div><\/div><\/div><div class=\"fusion-layout-column fusion_builder_column fusion-builder-column-6 fusion_builder_column_1_3 1_3 fusion-flex-column\" style=\"--awb-bg-size:cover;--awb-width-large:33.333333333333%;--awb-margin-top-large:0px;--awb-spacing-right-large:5.76%;--awb-margin-bottom-large:20px;--awb-spacing-left-large:5.76%;--awb-width-medium:33.333333333333%;--awb-spacing-right-medium:5.76%;--awb-spacing-left-medium:5.76%;--awb-width-small:100%;--awb-spacing-right-small:1.92%;--awb-spacing-left-small:1.92%;\"><div class=\"fusion-column-wrapper fusion-column-has-shadow fusion-flex-justify-content-flex-start fusion-content-layout-column\"><div ><a class=\"fusion-button button-flat button-large button-custom fusion-button-default button-3 fusion-button-span-yes fusion-button-default-type\" style=\"--button_accent_color:#ffffff;--button_accent_hover_color:#ffffff;--button_border_hover_color:#ffffff;--button_gradient_top_color:#4d4a4a;--button_gradient_bottom_color:#4d4a4a;--button_gradient_top_color_hover:#4d4a4a;--button_gradient_bottom_color_hover:#4d4a4a;\" target=\"_self\" href=\"https:\/\/agripedia.ch\/farah\/nuetzliche-kontakte\/\"><span class=\"fusion-button-text awb-button__text awb-button__text--default fusion-button-text-right\">N\u00fctzliche Kontakte<\/span><span class=\"fusion-button-icon-divider button-icon-divider-right\"><i class=\"fa-arrow-right fas awb-button__icon awb-button__icon--default\" aria-hidden=\"true\"><\/i><\/span><\/a><\/div><\/div><\/div><\/div><\/div><\/p>\n","protected":false},"excerpt":{"rendered":"","protected":false},"author":192,"featured_media":0,"parent":0,"menu_order":0,"comment_status":"closed","ping_status":"closed","template":"","meta":{"_sb_is_suggestion_mode":false,"_sb_show_suggestion_boards":false,"_sb_show_comment_boards":false,"_sb_suggestion_history":"","_sb_update_block_changes":"","_monsterinsights_skip_tracking":false,"_monsterinsights_sitenote_active":false,"_monsterinsights_sitenote_note":"","_monsterinsights_sitenote_category":0,"footnotes":""},"class_list":["post-146","page","type-page","status-publish","hentry"],"_links":{"self":[{"href":"https:\/\/agripedia.ch\/farah\/wp-json\/wp\/v2\/pages\/146","targetHints":{"allow":["GET"]}}],"collection":[{"href":"https:\/\/agripedia.ch\/farah\/wp-json\/wp\/v2\/pages"}],"about":[{"href":"https:\/\/agripedia.ch\/farah\/wp-json\/wp\/v2\/types\/page"}],"author":[{"embeddable":true,"href":"https:\/\/agripedia.ch\/farah\/wp-json\/wp\/v2\/users\/192"}],"replies":[{"embeddable":true,"href":"https:\/\/agripedia.ch\/farah\/wp-json\/wp\/v2\/comments?post=146"}],"version-history":[{"count":15,"href":"https:\/\/agripedia.ch\/farah\/wp-json\/wp\/v2\/pages\/146\/revisions"}],"predecessor-version":[{"id":603,"href":"https:\/\/agripedia.ch\/farah\/wp-json\/wp\/v2\/pages\/146\/revisions\/603"}],"wp:attachment":[{"href":"https:\/\/agripedia.ch\/farah\/wp-json\/wp\/v2\/media?parent=146"}],"curies":[{"name":"wp","href":"https:\/\/api.w.org\/{rel}","templated":true}]}}