{"id":144,"date":"2020-10-09T12:23:22","date_gmt":"2020-10-09T12:23:22","guid":{"rendered":"https:\/\/agripedia.ch\/farah\/?page_id=144"},"modified":"2020-11-09T15:46:43","modified_gmt":"2020-11-09T15:46:43","slug":"versicherung","status":"publish","type":"page","link":"https:\/\/agripedia.ch\/farah\/versicherung\/","title":{"rendered":"Versicherung"},"content":{"rendered":"<p><div class=\"fusion-fullwidth fullwidth-box fusion-builder-row-1 fusion-flex-container nonhundred-percent-fullwidth non-hundred-percent-height-scrolling\" style=\"--awb-border-radius-top-left:0px;--awb-border-radius-top-right:0px;--awb-border-radius-bottom-right:0px;--awb-border-radius-bottom-left:0px;--awb-flex-wrap:wrap;\" ><div class=\"fusion-builder-row fusion-row fusion-flex-align-items-flex-start fusion-flex-content-wrap\" style=\"max-width:1144px;margin-left: calc(-4% \/ 2 );margin-right: calc(-4% \/ 2 );\"><div class=\"fusion-layout-column fusion_builder_column fusion-builder-column-0 fusion_builder_column_1_1 1_1 fusion-flex-column\" style=\"--awb-bg-size:cover;--awb-width-large:100%;--awb-margin-top-large:0px;--awb-spacing-right-large:1.92%;--awb-margin-bottom-large:20px;--awb-spacing-left-large:1.92%;--awb-width-medium:100%;--awb-spacing-right-medium:1.92%;--awb-spacing-left-medium:1.92%;--awb-width-small:100%;--awb-spacing-right-small:1.92%;--awb-spacing-left-small:1.92%;\"><div class=\"fusion-column-wrapper fusion-column-has-shadow fusion-flex-justify-content-flex-start fusion-content-layout-column\"><div class=\"fusion-text fusion-text-1\"><h6><span style=\"color: #37913f\"><a style=\"color: #37913f\" href=\"https:\/\/agripedia.ch\/farah\/\">Startseite<\/a> > Versicherung und Vorsorge > <a style=\"color: #37913f\" href=\"https:\/\/agripedia.ch\/farah\/versicherung\/\">Versicherung<\/a><\/span><\/h6>\n<\/div><div class=\"fusion-separator fusion-full-width-sep\" style=\"align-self: center;margin-left: auto;margin-right: auto;width:100%;\"><div class=\"fusion-separator-border sep-single sep-solid\" style=\"--awb-height:20px;--awb-amount:20px;--awb-sep-color:#37913f;border-color:#37913f;border-top-width:1px;\"><\/div><\/div><div class=\"fusion-separator fusion-full-width-sep agri-separator\" style=\"align-self: center;margin-left: auto;margin-right: auto;width:100%;\"><\/div><div class=\"fusion-text fusion-text-2\"><h2><span style=\"color: #37913f\"><i class=\"fb-icon-element-1 fb-icon-element fontawesome-icon fa-house-damage fas circle-yes fusion-text-flow\" style=\"--awb-circlecolor:#37913f;--awb-circlecolor-hover:#37913f;--awb-circlebordersize:0px;--awb-font-size:33.44px;--awb-width:66.88px;--awb-height:66.88px;--awb-line-height:66.88px;--awb-margin-right:19px;\"><\/i> Versicherung<\/span><\/h2>\n<\/div><\/div><\/div><\/div><\/div><div class=\"fusion-fullwidth fullwidth-box fusion-builder-row-2 fusion-flex-container nonhundred-percent-fullwidth non-hundred-percent-height-scrolling\" style=\"--awb-border-radius-top-left:0px;--awb-border-radius-top-right:0px;--awb-border-radius-bottom-right:0px;--awb-border-radius-bottom-left:0px;--awb-flex-wrap:wrap;\" ><div class=\"fusion-builder-row fusion-row fusion-flex-align-items-stretch fusion-flex-content-wrap\" style=\"max-width:1144px;margin-left: calc(-4% \/ 2 );margin-right: calc(-4% \/ 2 );\"><div class=\"fusion-layout-column fusion_builder_column fusion-builder-column-1 fusion_builder_column_3_5 3_5 fusion-flex-column\" style=\"--awb-bg-size:cover;--awb-width-large:60%;--awb-margin-top-large:0px;--awb-spacing-right-large:3.2%;--awb-margin-bottom-large:20px;--awb-spacing-left-large:3.2%;--awb-width-medium:60%;--awb-spacing-right-medium:3.2%;--awb-spacing-left-medium:3.2%;--awb-width-small:100%;--awb-spacing-right-small:1.92%;--awb-spacing-left-small:1.92%;\"><div class=\"fusion-column-wrapper fusion-column-has-shadow fusion-flex-justify-content-flex-start fusion-content-layout-column\"><div class=\"fusion-text fusion-text-3\"><div class=\"accordian fusion-accordian\" style=\"--awb-border-size:2px;--awb-icon-size:20px;--awb-content-font-size:18px;--awb-icon-alignment:left;--awb-hover-color:#f5fcf6;--awb-border-color:#f5fcf6;--awb-background-color:#f7fff8;--awb-divider-color:#e0dede;--awb-divider-hover-color:#e0dede;--awb-icon-color:#37913f;--awb-title-color:#f44336;--awb-content-color:#0f0f0f;--awb-icon-box-color:37913f;--awb-toggle-hover-accent-color:#37913f;--awb-title-font-family:&quot;Roboto&quot;;--awb-title-font-weight:700;--awb-title-font-style:normal;--awb-title-font-size:22px;--awb-title-line-height:1.5;--awb-content-font-family:&quot;Roboto&quot;;--awb-content-font-style:normal;--awb-content-font-weight:300;\"><div class=\"panel-group fusion-toggle-icon-unboxed\" id=\"accordion-144-1\"><div class=\"fusion-panel panel-default panel-9edbf17d8714bdc8b fusion-toggle-no-divider fusion-toggle-boxed-mode\"><div class=\"panel-heading\"><h4 class=\"panel-title toggle\" id=\"toggle_9edbf17d8714bdc8b\"><a aria-expanded=\"false\" aria-controls=\"9edbf17d8714bdc8b\" role=\"button\" data-toggle=\"collapse\" data-parent=\"#accordion-144-1\" data-target=\"#9edbf17d8714bdc8b\" href=\"#9edbf17d8714bdc8b\"><span class=\"fusion-toggle-icon-wrapper\" aria-hidden=\"true\"><i class=\"fa-fusion-box active-icon awb-icon-minus\" aria-hidden=\"true\"><\/i><i class=\"fa-fusion-box inactive-icon awb-icon-plus\" aria-hidden=\"true\"><\/i><\/span><span class=\"fusion-toggle-heading\">Habe ich Anrecht auf Leistungen der Arbeitslosenversicherung?<\/span><\/a><\/h4><\/div><div id=\"9edbf17d8714bdc8b\" class=\"panel-collapse collapse \" aria-labelledby=\"toggle_9edbf17d8714bdc8b\"><div class=\"panel-body toggle-content fusion-clearfix\"><\/p>\n<p>Wenn Sie nicht ausw\u00e4rts arbeiten, ist es unwahrscheinlich, dass Sie Leistungen aus der Arbeitslosenversicherung beziehen k\u00f6nnen. Eine B\u00e4uerin ohne Einkommen leistet n\u00e4mlich keine Beitr\u00e4ge an die Arbeitslosenversicherung und hat deshalb auch keinen Anspruch auf deren Leistungen.<\/p>\n<p>Eine im Betrieb angestellte B\u00e4uerin gilt als mitarbeitendes Familienmitglied in einem Landwirtschaftsbetrieb. Sie leistet keine Beitr\u00e4ge an die Arbeitslosenversicherung und hat keinen Anspruch auf deren Leistungen. Dasselbe gilt f\u00fcr eine selbst\u00e4ndig erwerbende B\u00e4uerin: Auch sie muss keine Beitr\u00e4ge an die Arbeitslosenversicherung bezahlen und hat somit auch kein Anrecht auf deren Leistungen.<\/p>\n<p><\/div><\/div><\/div><div class=\"fusion-panel panel-default panel-089fa9a973ac21cfe fusion-toggle-no-divider fusion-toggle-boxed-mode\"><div class=\"panel-heading\"><h4 class=\"panel-title toggle\" id=\"toggle_089fa9a973ac21cfe\"><a aria-expanded=\"false\" aria-controls=\"089fa9a973ac21cfe\" role=\"button\" data-toggle=\"collapse\" data-parent=\"#accordion-144-1\" data-target=\"#089fa9a973ac21cfe\" href=\"#089fa9a973ac21cfe\"><span class=\"fusion-toggle-icon-wrapper\" aria-hidden=\"true\"><i class=\"fa-fusion-box active-icon awb-icon-minus\" aria-hidden=\"true\"><\/i><i class=\"fa-fusion-box inactive-icon awb-icon-plus\" aria-hidden=\"true\"><\/i><\/span><span class=\"fusion-toggle-heading\">Wozu dient eine Erwerbsausfall-\/Taggeldversicherung? Wird eine solche Versicherung f\u00fcr eine B\u00e4uerin empfohlen und wenn ja: in welchen F\u00e4llen?<\/span><\/a><\/h4><\/div><div id=\"089fa9a973ac21cfe\" class=\"panel-collapse collapse \" aria-labelledby=\"toggle_089fa9a973ac21cfe\"><div class=\"panel-body toggle-content fusion-clearfix\"><\/p>\n<p>Mitarbeitende Familienmitglieder in einem Landwirtschaftsbetrieb haben die M\u00f6glichkeit, eine <strong>Taggeldversicherung<\/strong> abzuschliessen, die einen Einkommensausfall aufgrund von Krankheit, Unfall oder Mutterschaft abdeckt. Die H\u00f6he dieses Taggelds sollte die Kosten f\u00fcr die Stellvertretung decken. Eine solche Versicherung erm\u00f6glicht es zudem, Hilfe f\u00fcr die Hausarbeit oder Kinderbetreuung zu engagieren.<\/p>\n<p>Wenn Sie ein AHV-Einkommen als Angestellte oder Selbst\u00e4ndigerwerbende deklarieren, haben Sie Anspruch auf <strong>14 Wochen Mutterschaftsentsch\u00e4digung<\/strong> in der Form von Tagegeld.<\/p>\n<p><\/div><\/div><\/div><div class=\"fusion-panel panel-default panel-061fad0a776cbe6f0 fusion-toggle-no-divider fusion-toggle-boxed-mode\"><div class=\"panel-heading\"><h4 class=\"panel-title toggle\" id=\"toggle_061fad0a776cbe6f0\"><a aria-expanded=\"false\" aria-controls=\"061fad0a776cbe6f0\" role=\"button\" data-toggle=\"collapse\" data-parent=\"#accordion-144-1\" data-target=\"#061fad0a776cbe6f0\" href=\"#061fad0a776cbe6f0\"><span class=\"fusion-toggle-icon-wrapper\" aria-hidden=\"true\"><i class=\"fa-fusion-box active-icon awb-icon-minus\" aria-hidden=\"true\"><\/i><i class=\"fa-fusion-box inactive-icon awb-icon-plus\" aria-hidden=\"true\"><\/i><\/span><span class=\"fusion-toggle-heading\">Wie k\u00f6nnen wir uns gegen finanzielle Risiken bei Krankheit, Unfall, Tod oder Invalidit\u00e4t eines Ehepartners absichern? Sind die L\u00f6sungen je nach meinem Status im Betrieb unterschiedlich?<\/span><\/a><\/h4><\/div><div id=\"061fad0a776cbe6f0\" class=\"panel-collapse collapse \" aria-labelledby=\"toggle_061fad0a776cbe6f0\"><div class=\"panel-body toggle-content fusion-clearfix\"><\/p>\n<p>Durch den Abschluss einer Risikoversicherung k\u00f6nnen die Leistungen der AHV und der IV erg\u00e4nzt werden, wobei auf die Bed\u00fcrfnisse der versicherten Person eingegangen wird. Die beiden Risiken Krankheit und Unfall m\u00fcssen immer auf die gleiche Weise versichert werden.<\/p>\n<p>Wenn Sie AHV-Beitr\u00e4ge bezahlen, k\u00f6nnen Sie sich bei der Pensionskasse Ihres Berufsverbandes erkundigen, ob die Todes- und Invalidit\u00e4tsrisiken im Rahmen der freiwilligen S\u00e4ule 2b versichert werden k\u00f6nnen. Diese Deckungen k\u00f6nnen den Bed\u00fcrfnissen der Familie angepasst werden und sind mit <strong>steuerlichen Vorteilen<\/strong> verbunden. Wenn Sie nicht als erwerbst\u00e4tig gemeldet sind, k\u00f6nnen Sie in der freiwilligen S\u00e4ule 3b eine Risikoversicherung abschliessen. Diese ist jedoch steuerlich nicht abzugsf\u00e4hig.<\/p>\n<p><\/div><\/div><\/div><\/div><\/div>\n<\/div><\/div><\/div><div class=\"fusion-layout-column fusion_builder_column fusion-builder-column-2 fusion_builder_column_2_5 2_5 fusion-flex-column\" style=\"--awb-padding-top:6%;--awb-padding-right:6%;--awb-padding-bottom:6%;--awb-padding-left:6%;--awb-bg-size:cover;--awb-border-color:#629466;--awb-border-top:2px;--awb-border-right:2px;--awb-border-bottom:2px;--awb-border-left:2px;--awb-border-style:solid;--awb-width-large:40%;--awb-margin-top-large:0px;--awb-spacing-right-large:4.8%;--awb-margin-bottom-large:20px;--awb-spacing-left-large:4.8%;--awb-width-medium:40%;--awb-order-medium:0;--awb-spacing-right-medium:4.8%;--awb-spacing-left-medium:4.8%;--awb-width-small:100%;--awb-order-small:0;--awb-spacing-right-small:1.92%;--awb-spacing-left-small:1.92%;\"><div class=\"fusion-column-wrapper fusion-column-has-shadow fusion-flex-justify-content-flex-start fusion-content-layout-column\"><div class=\"fusion-text fusion-text-4\"><h5><span style=\"color: #4d4a4a\">N\u00fctzliche Dokumente und Links<\/span><\/h5>\n<div class=\"fusion-separator fusion-full-width-sep agri-separator\" style=\"align-self: center;margin-left: auto;margin-right: auto;width:100%;\"><\/div>\n<p><span style=\"color: #37913f\"><i class=\"fb-icon-element-2 fb-icon-element fontawesome-icon fa-square fas circle-no fusion-text-flow\" style=\"--awb-iconcolor:#37913f;--awb-iconcolor-hover:#37913f;--awb-font-size:10px;--awb-margin-right:5px;\"><\/i><\/span> <span style=\"color: #000000\">Merkblattserie Bewusst B\u00e4uerin sein, Merkblatt Nr. 5: <em>Tod oder Invalidit\u00e4t auf dem Bauernho<\/em>f, AGRIDEA<br \/>\n<span style=\"color: #37913f\"><a style=\"color: #37913f\" href=\"https:\/\/agridea.abacuscity.ch\/de\/3~310370~Shop\/Publikationen\/Unternehmen-und-Familie\/Partnerschaft-Familie\" target=\"_blank\" rel=\"noopener noreferrer\"><strong>Link<\/strong><\/a><\/span><br \/>\n<\/span><\/span><\/span><\/p>\n<p><span style=\"color: #37913f\"><i class=\"fb-icon-element-3 fb-icon-element fontawesome-icon fa-square fas circle-no fusion-text-flow\" style=\"--awb-iconcolor:#37913f;--awb-iconcolor-hover:#37913f;--awb-font-size:10px;--awb-margin-right:5px;\"><\/i><\/span> <span style=\"color: #000000\">Merkblattserie Bewusst B\u00e4uerin sein, Merkblatt Nr. 6: <em>Vorsorge der Bauernfamilie richtig aufbauen<\/em>, AGRIDEA<br \/>\n<span style=\"color: #4ebf58\"><a style=\"color: #4ebf58\" href=\"https:\/\/agridea.abacuscity.ch\/de\/3~310370~Shop\/Publikationen\/Unternehmen-und-Familie\/Partnerschaft-Familie\" target=\"_blank\" rel=\"noopener noreferrer\"><strong><span style=\"color: #37913f\">Link<\/span><\/strong><\/a><\/span><br \/>\n<\/span><\/span><\/span><\/p>\n<p><span style=\"color: #37913f\"><i class=\"fb-icon-element-4 fb-icon-element fontawesome-icon fa-square fas circle-no fusion-text-flow\" style=\"--awb-iconcolor:#37913f;--awb-iconcolor-hover:#37913f;--awb-font-size:10px;--awb-margin-right:5px;\"><\/i><\/span> <span style=\"color: #000000\"><em>Standardwerk landwirtschaftliches Versicherungswesen<\/em>, Agrisano Stiftung, Brugg 2015<br \/>\n<span style=\"color: #37913f\"><a style=\"color: #37913f\" href=\"https:\/\/www.agrisano.ch\/de\/angebot\/landwirtschaftliches-versicherungswesen\/\" target=\"_blank\" rel=\"noopener noreferrer\"><strong>Link<\/strong><\/a><\/span><\/span><\/span><\/span><\/p>\n<p><span style=\"color: #37913f\"><i class=\"fb-icon-element-5 fb-icon-element fontawesome-icon fa-square fas circle-no fusion-text-flow\" style=\"--awb-iconcolor:#37913f;--awb-iconcolor-hover:#37913f;--awb-font-size:10px;--awb-margin-right:5px;\"><\/i> <\/span><span style=\"color: #000000\"><span style=\"color: #000000\">Webseite des Schweizerischen B\u00e4uerinnen- und Landfrauenverbands, <\/span><em style=\"color: #000000\">Soziale Absicherung<br \/>\n<\/em><span style=\"color: #37913f\"><a style=\"color: #37913f\" href=\"https:\/\/www.landfrauen.ch\/de\/frau-mann\/soziale-absicherung\/\" target=\"_blank\" rel=\"noopener noreferrer\"><b>Link<\/b><\/a><\/span><\/span><\/span><\/span><\/p>\n<\/div><\/div><\/div><\/div><\/div><div class=\"fusion-fullwidth fullwidth-box fusion-builder-row-3 fusion-flex-container nonhundred-percent-fullwidth non-hundred-percent-height-scrolling\" style=\"--awb-border-radius-top-left:0px;--awb-border-radius-top-right:0px;--awb-border-radius-bottom-right:0px;--awb-border-radius-bottom-left:0px;--awb-flex-wrap:wrap;\" ><div class=\"fusion-builder-row fusion-row fusion-flex-align-items-flex-start fusion-flex-content-wrap\" style=\"max-width:1144px;margin-left: calc(-4% \/ 2 );margin-right: calc(-4% \/ 2 );\"><div class=\"fusion-layout-column fusion_builder_column fusion-builder-column-3 fusion_builder_column_1_1 1_1 fusion-flex-column\" style=\"--awb-bg-size:cover;--awb-width-large:100%;--awb-margin-top-large:0px;--awb-spacing-right-large:1.92%;--awb-margin-bottom-large:20px;--awb-spacing-left-large:1.92%;--awb-width-medium:100%;--awb-spacing-right-medium:1.92%;--awb-spacing-left-medium:1.92%;--awb-width-small:100%;--awb-spacing-right-small:1.92%;--awb-spacing-left-small:1.92%;\"><div class=\"fusion-column-wrapper fusion-column-has-shadow fusion-flex-justify-content-flex-start fusion-content-layout-column\"><div class=\"fusion-separator fusion-full-width-sep agri-separator\" style=\"align-self: center;margin-left: auto;margin-right: auto;width:100%;\"><\/div><\/div><\/div><\/div><\/div><div class=\"fusion-fullwidth fullwidth-box fusion-builder-row-4 fusion-flex-container nonhundred-percent-fullwidth non-hundred-percent-height-scrolling\" style=\"--awb-border-radius-top-left:0px;--awb-border-radius-top-right:0px;--awb-border-radius-bottom-right:0px;--awb-border-radius-bottom-left:0px;--awb-flex-wrap:wrap;\" ><div class=\"fusion-builder-row fusion-row fusion-flex-align-items-flex-start fusion-flex-content-wrap\" style=\"max-width:1144px;margin-left: calc(-4% \/ 2 );margin-right: calc(-4% \/ 2 );\"><div class=\"fusion-layout-column fusion_builder_column fusion-builder-column-4 fusion_builder_column_1_3 1_3 fusion-flex-column\" style=\"--awb-bg-size:cover;--awb-width-large:33.333333333333%;--awb-margin-top-large:0px;--awb-spacing-right-large:5.76%;--awb-margin-bottom-large:20px;--awb-spacing-left-large:5.76%;--awb-width-medium:33.333333333333%;--awb-spacing-right-medium:5.76%;--awb-spacing-left-medium:5.76%;--awb-width-small:100%;--awb-spacing-right-small:1.92%;--awb-spacing-left-small:1.92%;\"><div class=\"fusion-column-wrapper fusion-column-has-shadow fusion-flex-justify-content-flex-start fusion-content-layout-column\"><div ><a class=\"fusion-button button-flat button-large button-custom fusion-button-default button-1 fusion-button-span-yes fusion-button-default-type\" style=\"--button_accent_color:#ffffff;--button_accent_hover_color:#ffffff;--button_border_hover_color:#ffffff;--button_gradient_top_color:#0589b5;--button_gradient_bottom_color:#0589b5;--button_gradient_top_color_hover:#0589b5;--button_gradient_bottom_color_hover:#0589b5;\" target=\"_self\" href=\"https:\/\/agripedia.ch\/farah\/ausbildung\/\"><span class=\"fusion-button-icon-divider button-icon-divider-left\"><i class=\"fa-arrow-left fas awb-button__icon awb-button__icon--default\" aria-hidden=\"true\"><\/i><\/span><span class=\"fusion-button-text awb-button__text awb-button__text--default fusion-button-text-left\">Ausbildung<\/span><\/a><\/div><\/div><\/div><div class=\"fusion-layout-column fusion_builder_column fusion-builder-column-5 fusion_builder_column_1_3 1_3 fusion-flex-column\" style=\"--awb-bg-size:cover;--awb-width-large:33.333333333333%;--awb-margin-top-large:0px;--awb-spacing-right-large:5.76%;--awb-margin-bottom-large:20px;--awb-spacing-left-large:5.76%;--awb-width-medium:33.333333333333%;--awb-spacing-right-medium:5.76%;--awb-spacing-left-medium:5.76%;--awb-width-small:100%;--awb-spacing-right-small:1.92%;--awb-spacing-left-small:1.92%;\"><div class=\"fusion-column-wrapper fusion-column-has-shadow fusion-flex-justify-content-flex-start fusion-content-layout-column\"><div ><a class=\"fusion-button button-flat button-large button-custom fusion-button-default button-2 fusion-button-span-yes fusion-button-default-type\" style=\"--button_accent_color:#ffffff;--button_accent_hover_color:#ffffff;--button_border_hover_color:#ffffff;--button_gradient_top_color:#4d4a4a;--button_gradient_bottom_color:#4d4a4a;--button_gradient_top_color_hover:#4d4a4a;--button_gradient_bottom_color_hover:#4d4a4a;\" target=\"_self\" href=\"https:\/\/agripedia.ch\/farah\/inhaltsverzeichnis\/\"><span class=\"fusion-button-icon-divider button-icon-divider-left\"><i class=\"fa-list fas awb-button__icon awb-button__icon--default\" aria-hidden=\"true\"><\/i><\/span><span class=\"fusion-button-text awb-button__text awb-button__text--default fusion-button-text-left\">Inhaltsverzeichnis<\/span><\/a><\/div><\/div><\/div><div class=\"fusion-layout-column fusion_builder_column fusion-builder-column-6 fusion_builder_column_1_3 1_3 fusion-flex-column\" style=\"--awb-bg-size:cover;--awb-width-large:33.333333333333%;--awb-margin-top-large:0px;--awb-spacing-right-large:5.76%;--awb-margin-bottom-large:20px;--awb-spacing-left-large:5.76%;--awb-width-medium:33.333333333333%;--awb-spacing-right-medium:5.76%;--awb-spacing-left-medium:5.76%;--awb-width-small:100%;--awb-spacing-right-small:1.92%;--awb-spacing-left-small:1.92%;\"><div class=\"fusion-column-wrapper fusion-column-has-shadow fusion-flex-justify-content-flex-start fusion-content-layout-column\"><div ><a class=\"fusion-button button-flat button-large button-custom fusion-button-default button-3 fusion-button-span-yes fusion-button-default-type\" style=\"--button_accent_color:#ffffff;--button_accent_hover_color:#ffffff;--button_border_hover_color:#ffffff;--button_gradient_top_color:#37913f;--button_gradient_bottom_color:#37913f;--button_gradient_top_color_hover:#37913f;--button_gradient_bottom_color_hover:#37913f;\" target=\"_self\" href=\"https:\/\/agripedia.ch\/farah\/rente\/\"><span class=\"fusion-button-text awb-button__text awb-button__text--default fusion-button-text-right\">Rente<\/span><span class=\"fusion-button-icon-divider button-icon-divider-right\"><i class=\"fa-arrow-right fas awb-button__icon awb-button__icon--default\" aria-hidden=\"true\"><\/i><\/span><\/a><\/div><\/div><\/div><\/div><\/div><\/p>\n","protected":false},"excerpt":{"rendered":"","protected":false},"author":192,"featured_media":0,"parent":0,"menu_order":0,"comment_status":"closed","ping_status":"closed","template":"","meta":{"_sb_is_suggestion_mode":false,"_sb_show_suggestion_boards":false,"_sb_show_comment_boards":false,"_sb_suggestion_history":"","_sb_update_block_changes":"","_monsterinsights_skip_tracking":false,"_monsterinsights_sitenote_active":false,"_monsterinsights_sitenote_note":"","_monsterinsights_sitenote_category":0,"footnotes":""},"class_list":["post-144","page","type-page","status-publish","hentry"],"_links":{"self":[{"href":"https:\/\/agripedia.ch\/farah\/wp-json\/wp\/v2\/pages\/144","targetHints":{"allow":["GET"]}}],"collection":[{"href":"https:\/\/agripedia.ch\/farah\/wp-json\/wp\/v2\/pages"}],"about":[{"href":"https:\/\/agripedia.ch\/farah\/wp-json\/wp\/v2\/types\/page"}],"author":[{"embeddable":true,"href":"https:\/\/agripedia.ch\/farah\/wp-json\/wp\/v2\/users\/192"}],"replies":[{"embeddable":true,"href":"https:\/\/agripedia.ch\/farah\/wp-json\/wp\/v2\/comments?post=144"}],"version-history":[{"count":13,"href":"https:\/\/agripedia.ch\/farah\/wp-json\/wp\/v2\/pages\/144\/revisions"}],"predecessor-version":[{"id":602,"href":"https:\/\/agripedia.ch\/farah\/wp-json\/wp\/v2\/pages\/144\/revisions\/602"}],"wp:attachment":[{"href":"https:\/\/agripedia.ch\/farah\/wp-json\/wp\/v2\/media?parent=144"}],"curies":[{"name":"wp","href":"https:\/\/api.w.org\/{rel}","templated":true}]}}