{"id":140,"date":"2020-10-09T12:14:16","date_gmt":"2020-10-09T12:14:16","guid":{"rendered":"https:\/\/agripedia.ch\/farah\/?page_id=140"},"modified":"2020-11-09T15:42:06","modified_gmt":"2020-11-09T15:42:06","slug":"eigentum","status":"publish","type":"page","link":"https:\/\/agripedia.ch\/farah\/eigentum\/","title":{"rendered":"Eigentum"},"content":{"rendered":"<p><div class=\"fusion-fullwidth fullwidth-box fusion-builder-row-1 fusion-flex-container nonhundred-percent-fullwidth non-hundred-percent-height-scrolling\" style=\"--awb-border-radius-top-left:0px;--awb-border-radius-top-right:0px;--awb-border-radius-bottom-right:0px;--awb-border-radius-bottom-left:0px;--awb-flex-wrap:wrap;\" ><div class=\"fusion-builder-row fusion-row fusion-flex-align-items-flex-start fusion-flex-content-wrap\" style=\"max-width:1144px;margin-left: calc(-4% \/ 2 );margin-right: calc(-4% \/ 2 );\"><div class=\"fusion-layout-column fusion_builder_column fusion-builder-column-0 fusion_builder_column_1_1 1_1 fusion-flex-column\" style=\"--awb-bg-size:cover;--awb-width-large:100%;--awb-margin-top-large:0px;--awb-spacing-right-large:1.92%;--awb-margin-bottom-large:20px;--awb-spacing-left-large:1.92%;--awb-width-medium:100%;--awb-spacing-right-medium:1.92%;--awb-spacing-left-medium:1.92%;--awb-width-small:100%;--awb-spacing-right-small:1.92%;--awb-spacing-left-small:1.92%;\"><div class=\"fusion-column-wrapper fusion-column-has-shadow fusion-flex-justify-content-flex-start fusion-content-layout-column\"><div class=\"fusion-text fusion-text-1\"><h6><span style=\"color: #1ea686\"><a style=\"color: #1ea686\" href=\"https:\/\/agripedia.ch\/farah\/\">Startseite<\/a> > Finanzen > <a style=\"color: #1ea686\" href=\"https:\/\/agripedia.ch\/farah\/eigentum\/\">Eigentum<\/a><\/span><\/h6>\n<\/div><div class=\"fusion-separator fusion-full-width-sep\" style=\"align-self: center;margin-left: auto;margin-right: auto;width:100%;\"><div class=\"fusion-separator-border sep-single sep-solid\" style=\"--awb-height:20px;--awb-amount:20px;--awb-sep-color:#1ea686;border-color:#1ea686;border-top-width:1px;\"><\/div><\/div><div class=\"fusion-separator fusion-full-width-sep agri-separator\" style=\"align-self: center;margin-left: auto;margin-right: auto;width:100%;\"><\/div><div class=\"fusion-text fusion-text-2\"><h2><span style=\"color: #1ea686\"><i class=\"fb-icon-element-1 fb-icon-element fontawesome-icon fa fa-suitcase circle-yes fusion-text-flow\" style=\"--awb-circlecolor:#1ea686;--awb-circlecolor-hover:#1ea686;--awb-circlebordersize:0px;--awb-font-size:33.44px;--awb-width:66.88px;--awb-height:66.88px;--awb-line-height:66.88px;--awb-margin-right:19px;\"><\/i> Eigentum<\/span><\/h2>\n<\/div><\/div><\/div><\/div><\/div><div class=\"fusion-fullwidth fullwidth-box fusion-builder-row-2 fusion-flex-container nonhundred-percent-fullwidth non-hundred-percent-height-scrolling\" style=\"--awb-border-radius-top-left:0px;--awb-border-radius-top-right:0px;--awb-border-radius-bottom-right:0px;--awb-border-radius-bottom-left:0px;--awb-flex-wrap:wrap;\" ><div class=\"fusion-builder-row fusion-row fusion-flex-align-items-stretch fusion-flex-content-wrap\" style=\"max-width:1144px;margin-left: calc(-4% \/ 2 );margin-right: calc(-4% \/ 2 );\"><div class=\"fusion-layout-column fusion_builder_column fusion-builder-column-1 fusion_builder_column_3_5 3_5 fusion-flex-column\" style=\"--awb-bg-size:cover;--awb-width-large:60%;--awb-margin-top-large:0px;--awb-spacing-right-large:3.2%;--awb-margin-bottom-large:20px;--awb-spacing-left-large:3.2%;--awb-width-medium:60%;--awb-spacing-right-medium:3.2%;--awb-spacing-left-medium:3.2%;--awb-width-small:100%;--awb-spacing-right-small:1.92%;--awb-spacing-left-small:1.92%;\"><div class=\"fusion-column-wrapper fusion-column-has-shadow fusion-flex-justify-content-flex-start fusion-content-layout-column\"><div class=\"fusion-text fusion-text-3\"><div class=\"accordian fusion-accordian\" style=\"--awb-border-size:2px;--awb-icon-size:20px;--awb-content-font-size:18px;--awb-icon-alignment:left;--awb-hover-color:#e9f5f1;--awb-border-color:#e9f5f1;--awb-background-color:#f7faf9;--awb-divider-color:#e0dede;--awb-divider-hover-color:#e0dede;--awb-icon-color:#1ea686;--awb-title-color:#f44336;--awb-content-color:#0f0f0f;--awb-icon-box-color:#7a7a7a;--awb-toggle-hover-accent-color:#1ea686;--awb-title-font-family:&quot;Roboto&quot;;--awb-title-font-weight:700;--awb-title-font-style:normal;--awb-title-font-size:22px;--awb-title-line-height:1.5;--awb-content-font-family:&quot;Roboto&quot;;--awb-content-font-style:normal;--awb-content-font-weight:300;\"><div class=\"panel-group fusion-toggle-icon-unboxed\" id=\"accordion-140-1\"><div class=\"fusion-panel panel-default panel-6c62d7ff04e3841c7 fusion-toggle-no-divider fusion-toggle-boxed-mode\"><div class=\"panel-heading\"><h4 class=\"panel-title toggle\" id=\"toggle_6c62d7ff04e3841c7\"><a aria-expanded=\"false\" aria-controls=\"6c62d7ff04e3841c7\" role=\"button\" data-toggle=\"collapse\" data-parent=\"#accordion-140-1\" data-target=\"#6c62d7ff04e3841c7\" href=\"#6c62d7ff04e3841c7\"><span class=\"fusion-toggle-icon-wrapper\" aria-hidden=\"true\"><i class=\"fa-fusion-box active-icon awb-icon-minus\" aria-hidden=\"true\"><\/i><i class=\"fa-fusion-box inactive-icon awb-icon-plus\" aria-hidden=\"true\"><\/i><\/span><span class=\"fusion-toggle-heading\">Mein Mann wird den Familienbetrieb \u00fcbernehmen. W\u00e4re es f\u00fcr uns m\u00f6glich und sinnvoll, den Hof gemeinsam zu kaufen, sodass ich Miteigent\u00fcmerin werde?<\/span><\/a><\/h4><\/div><div id=\"6c62d7ff04e3841c7\" class=\"panel-collapse collapse \" aria-labelledby=\"toggle_6c62d7ff04e3841c7\"><div class=\"panel-body toggle-content fusion-clearfix\"><\/p>\n<p>Es ist rechtlich durchaus m\u00f6glich, dass Sie den Betrieb gemeinsam kaufen, solange Sie \u00fcber die erforderlichen F\u00e4higkeiten verf\u00fcgen und den Hof mit Ihrem Ehemann zusammen bewirtschaften m\u00f6chten. Allerdings m\u00fcssen Sie die Vorteile und Risiken f\u00fcr sich selbst und den Betrieb analysieren.<\/p>\n<p>M\u00f6glicherweise f\u00fchlen Sie sich besser gesch\u00fctzt und in Ihrer Position \u00abberuhigter\u00bb, wenn Sie Miteigent\u00fcmerin werden. Sie sind dann aber auch voll <strong>finanziell mitverantwortlich<\/strong> f\u00fcr den Betrieb. Bei einer Scheidung m\u00fcsste Ihr Ehemann Ihren Anteil zur\u00fcckkaufen, was die wirtschaftliche Rentabilit\u00e4t des Betriebs beeintr\u00e4chtigen kann.<\/p>\n<p>Kurz gesagt m\u00fcssen Sie genau analysieren, aus welchem Grund Sie Miteigent\u00fcmerin werden wollen. Wenn Sie sich st\u00e4rker anerkannt und einbezogener f\u00fchlen m\u00f6chten, kann es sinnvoll sein, andere M\u00f6glichkeiten zu pr\u00fcfen. Beispielsweise k\u00f6nnen Sie auch <strong>Mitarbeiterin<\/strong> werden, was finanziell vielleicht weniger riskant ist.<\/p>\n<p>Da das Thema komplex und heikel ist, wird dringend empfohlen, sich vor einer Entscheidung beraten zu lassen.<\/p>\n<p><\/div><\/div><\/div><div class=\"fusion-panel panel-default panel-c31d4ac77d5a9ab1c fusion-toggle-no-divider fusion-toggle-boxed-mode\"><div class=\"panel-heading\"><h4 class=\"panel-title toggle\" id=\"toggle_c31d4ac77d5a9ab1c\"><a aria-expanded=\"false\" aria-controls=\"c31d4ac77d5a9ab1c\" role=\"button\" data-toggle=\"collapse\" data-parent=\"#accordion-140-1\" data-target=\"#c31d4ac77d5a9ab1c\" href=\"#c31d4ac77d5a9ab1c\"><span class=\"fusion-toggle-icon-wrapper\" aria-hidden=\"true\"><i class=\"fa-fusion-box active-icon awb-icon-minus\" aria-hidden=\"true\"><\/i><i class=\"fa-fusion-box inactive-icon awb-icon-plus\" aria-hidden=\"true\"><\/i><\/span><span class=\"fusion-toggle-heading\">Mein Freund und ich besitzen beide einen Betrieb. Was geschieht, wenn wir heiraten?<\/span><\/a><\/h4><\/div><div id=\"c31d4ac77d5a9ab1c\" class=\"panel-collapse collapse \" aria-labelledby=\"toggle_c31d4ac77d5a9ab1c\"><div class=\"panel-body toggle-content fusion-clearfix\"><\/p>\n<p>Sie beide bleiben Eigent\u00fcmerin respektive Eigent\u00fcmer des eigenen Hofs. Gem\u00e4ss der Landwirtschaftlichen Begriffsverordnung gelten beide H\u00f6fe in der Regel <strong>zusammen als ein Betrieb<\/strong> (Art. 2 Abs. 3). In Ausnahmef\u00e4llen \u2013 wenn die beiden H\u00f6fe weiterhin als selbst\u00e4ndig und unabh\u00e4ngig bewirtschaftet werden und zum Eigentum der jeweiligen Mitglieder der Partnerschaft geh\u00f6ren \u2013 werden sie <strong>nicht zusammengef\u00fchrt<\/strong>.<\/p>\n<p>Angesichts der Komplexit\u00e4t der Situation und ihrer Auswirkungen auf die Direktzahlungen, der Berechnung der SAK, des Zugangs zu Investitionskrediten, der Identifizierung der jeweiligen Beitr\u00e4ge der Ehegatten, usw. wird dringend empfohlen, sich beraten zu lassen, bevor entscheidende Schritte gesetzt werden.<\/p>\n<p><\/div><\/div><\/div><\/div><\/div>\n<\/div><\/div><\/div><div class=\"fusion-layout-column fusion_builder_column fusion-builder-column-2 fusion_builder_column_2_5 2_5 fusion-flex-column\" style=\"--awb-padding-top:6%;--awb-padding-right:6%;--awb-padding-bottom:6%;--awb-padding-left:6%;--awb-bg-size:cover;--awb-border-color:rgba(30,166,134,0.61);--awb-border-top:2px;--awb-border-right:2px;--awb-border-bottom:2px;--awb-border-left:2px;--awb-border-style:solid;--awb-width-large:40%;--awb-margin-top-large:0px;--awb-spacing-right-large:4.8%;--awb-margin-bottom-large:20px;--awb-spacing-left-large:4.8%;--awb-width-medium:40%;--awb-order-medium:0;--awb-spacing-right-medium:4.8%;--awb-spacing-left-medium:4.8%;--awb-width-small:100%;--awb-order-small:0;--awb-spacing-right-small:1.92%;--awb-spacing-left-small:1.92%;\"><div class=\"fusion-column-wrapper fusion-column-has-shadow fusion-flex-justify-content-flex-start fusion-content-layout-column\"><div class=\"fusion-text fusion-text-4\"><h5><span style=\"color: #4d4a4a\">N\u00fctzliche Dokumente und Links<\/span><\/h5>\n<div class=\"fusion-separator fusion-full-width-sep agri-separator\" style=\"align-self: center;margin-left: auto;margin-right: auto;width:100%;\"><\/div>\n<p><span style=\"color: #1ea686\"><i class=\"fb-icon-element-2 fb-icon-element fontawesome-icon fa-square fas circle-no fusion-text-flow\" style=\"--awb-iconcolor:#1ea686;--awb-iconcolor-hover:#1ea686;--awb-font-size:10px;--awb-margin-right:5px;\"><\/i> <span style=\"color: #000000\">Verordnung \u00fcber landwirtschaftliche Begriffe und die Anerkennung von <\/span><span style=\"color: #000000\">Betriebsformen (LBV)<br \/>\n<a href=\"https:\/\/www.admin.ch\/opc\/de\/classified-compilation\/19983381\/index.html\" target=\"_blank\" rel=\"noopener noreferrer\"><strong><span style=\"color: #1ea686\">Link<\/span><\/strong><\/a><\/span><\/span><\/p>\n<p><span style=\"color: #1ea686\"><i class=\"fb-icon-element-3 fb-icon-element fontawesome-icon fa-square fas circle-no fusion-text-flow\" style=\"--awb-iconcolor:#1ea686;--awb-iconcolor-hover:#1ea686;--awb-font-size:10px;--awb-margin-right:5px;\"><\/i> <span style=\"color: #000000\">Webseite des Schweizerischen B\u00e4uerinnen- und Landfrauenverbandes. <em>Mein und Dein in der Ehe<br \/>\n<\/em><a href=\"https:\/\/www.landfrauen.ch\/de\/frau-mann\/mein-und-dein-in-der-ehe\/\" target=\"_blank\" rel=\"noopener noreferrer\"><span style=\"color: #1ea686\"><strong>Link<\/strong><\/span><\/a><\/span><\/span><\/p>\n<\/div><\/div><\/div><\/div><\/div><div class=\"fusion-fullwidth fullwidth-box fusion-builder-row-3 fusion-flex-container nonhundred-percent-fullwidth non-hundred-percent-height-scrolling\" style=\"--awb-border-radius-top-left:0px;--awb-border-radius-top-right:0px;--awb-border-radius-bottom-right:0px;--awb-border-radius-bottom-left:0px;--awb-flex-wrap:wrap;\" ><div class=\"fusion-builder-row fusion-row fusion-flex-align-items-flex-start fusion-flex-content-wrap\" style=\"max-width:1144px;margin-left: calc(-4% \/ 2 );margin-right: calc(-4% \/ 2 );\"><div class=\"fusion-layout-column fusion_builder_column fusion-builder-column-3 fusion_builder_column_1_1 1_1 fusion-flex-column\" style=\"--awb-bg-size:cover;--awb-width-large:100%;--awb-margin-top-large:0px;--awb-spacing-right-large:1.92%;--awb-margin-bottom-large:20px;--awb-spacing-left-large:1.92%;--awb-width-medium:100%;--awb-spacing-right-medium:1.92%;--awb-spacing-left-medium:1.92%;--awb-width-small:100%;--awb-spacing-right-small:1.92%;--awb-spacing-left-small:1.92%;\"><div class=\"fusion-column-wrapper fusion-column-has-shadow fusion-flex-justify-content-flex-start fusion-content-layout-column\"><div class=\"fusion-separator fusion-full-width-sep agri-separator\" style=\"align-self: center;margin-left: auto;margin-right: auto;width:100%;\"><\/div><\/div><\/div><\/div><\/div><div class=\"fusion-fullwidth fullwidth-box fusion-builder-row-4 fusion-flex-container nonhundred-percent-fullwidth non-hundred-percent-height-scrolling\" style=\"--awb-border-radius-top-left:0px;--awb-border-radius-top-right:0px;--awb-border-radius-bottom-right:0px;--awb-border-radius-bottom-left:0px;--awb-flex-wrap:wrap;\" ><div class=\"fusion-builder-row fusion-row fusion-flex-align-items-flex-start fusion-flex-content-wrap\" style=\"max-width:1144px;margin-left: calc(-4% \/ 2 );margin-right: calc(-4% \/ 2 );\"><div class=\"fusion-layout-column fusion_builder_column fusion-builder-column-4 fusion_builder_column_1_3 1_3 fusion-flex-column\" style=\"--awb-bg-size:cover;--awb-width-large:33.333333333333%;--awb-margin-top-large:0px;--awb-spacing-right-large:5.76%;--awb-margin-bottom-large:20px;--awb-spacing-left-large:5.76%;--awb-width-medium:33.333333333333%;--awb-spacing-right-medium:5.76%;--awb-spacing-left-medium:5.76%;--awb-width-small:100%;--awb-spacing-right-small:1.92%;--awb-spacing-left-small:1.92%;\"><div class=\"fusion-column-wrapper fusion-column-has-shadow fusion-flex-justify-content-flex-start fusion-content-layout-column\"><div ><a class=\"fusion-button button-flat button-large button-custom fusion-button-default button-1 fusion-button-span-yes fusion-button-default-type\" style=\"--button_accent_color:#ffffff;--button_accent_hover_color:#ffffff;--button_border_hover_color:#ffffff;--button_gradient_top_color:#1ea686;--button_gradient_bottom_color:#1ea686;--button_gradient_top_color_hover:#1ea686;--button_gradient_bottom_color_hover:#1ea686;\" target=\"_self\" href=\"https:\/\/agripedia.ch\/farah\/eigenes-einkommen\/\"><span class=\"fusion-button-icon-divider button-icon-divider-left\"><i class=\"fa-arrow-left fas awb-button__icon awb-button__icon--default\" aria-hidden=\"true\"><\/i><\/span><span class=\"fusion-button-text awb-button__text awb-button__text--default fusion-button-text-left\">Eigenes Einkommen<\/span><\/a><\/div><\/div><\/div><div class=\"fusion-layout-column fusion_builder_column fusion-builder-column-5 fusion_builder_column_1_3 1_3 fusion-flex-column\" style=\"--awb-bg-size:cover;--awb-width-large:33.333333333333%;--awb-margin-top-large:0px;--awb-spacing-right-large:5.76%;--awb-margin-bottom-large:20px;--awb-spacing-left-large:5.76%;--awb-width-medium:33.333333333333%;--awb-spacing-right-medium:5.76%;--awb-spacing-left-medium:5.76%;--awb-width-small:100%;--awb-spacing-right-small:1.92%;--awb-spacing-left-small:1.92%;\"><div class=\"fusion-column-wrapper fusion-column-has-shadow fusion-flex-justify-content-flex-start fusion-content-layout-column\"><div ><a class=\"fusion-button button-flat button-large button-custom fusion-button-default button-2 fusion-button-span-yes fusion-button-default-type\" style=\"--button_accent_color:#ffffff;--button_accent_hover_color:#ffffff;--button_border_hover_color:#ffffff;--button_gradient_top_color:#4d4a4a;--button_gradient_bottom_color:#4d4a4a;--button_gradient_top_color_hover:#4d4a4a;--button_gradient_bottom_color_hover:#4d4a4a;\" target=\"_self\" href=\"https:\/\/agripedia.ch\/farah\/inhaltsverzeichnis\/\"><span class=\"fusion-button-icon-divider button-icon-divider-left\"><i class=\"fa-list fas awb-button__icon awb-button__icon--default\" aria-hidden=\"true\"><\/i><\/span><span class=\"fusion-button-text awb-button__text awb-button__text--default fusion-button-text-left\">Inhaltsverzeichnis<\/span><\/a><\/div><\/div><\/div><div class=\"fusion-layout-column fusion_builder_column fusion-builder-column-6 fusion_builder_column_1_3 1_3 fusion-flex-column\" style=\"--awb-bg-size:cover;--awb-width-large:33.333333333333%;--awb-margin-top-large:0px;--awb-spacing-right-large:5.76%;--awb-margin-bottom-large:20px;--awb-spacing-left-large:5.76%;--awb-width-medium:33.333333333333%;--awb-spacing-right-medium:5.76%;--awb-spacing-left-medium:5.76%;--awb-width-small:100%;--awb-spacing-right-small:1.92%;--awb-spacing-left-small:1.92%;\"><div class=\"fusion-column-wrapper fusion-column-has-shadow fusion-flex-justify-content-flex-start fusion-content-layout-column\"><div ><a class=\"fusion-button button-flat button-large button-custom fusion-button-default button-3 fusion-button-span-yes fusion-button-default-type\" style=\"--button_accent_color:#ffffff;--button_accent_hover_color:#ffffff;--button_border_hover_color:#ffffff;--button_gradient_top_color:#0589b5;--button_gradient_bottom_color:#0589b5;--button_gradient_top_color_hover:#0589b5;--button_gradient_bottom_color_hover:#0589b5;\" target=\"_self\" href=\"https:\/\/agripedia.ch\/farah\/ausbildung\/\"><span class=\"fusion-button-text awb-button__text awb-button__text--default fusion-button-text-right\">Ausbildung<\/span><span class=\"fusion-button-icon-divider button-icon-divider-right\"><i class=\"fa-arrow-right fas awb-button__icon awb-button__icon--default\" aria-hidden=\"true\"><\/i><\/span><\/a><\/div><\/div><\/div><\/div><\/div><\/p>\n","protected":false},"excerpt":{"rendered":"","protected":false},"author":192,"featured_media":0,"parent":0,"menu_order":0,"comment_status":"closed","ping_status":"closed","template":"","meta":{"_sb_is_suggestion_mode":false,"_sb_show_suggestion_boards":false,"_sb_show_comment_boards":false,"_sb_suggestion_history":"","_sb_update_block_changes":"","_monsterinsights_skip_tracking":false,"_monsterinsights_sitenote_active":false,"_monsterinsights_sitenote_note":"","_monsterinsights_sitenote_category":0,"footnotes":""},"class_list":["post-140","page","type-page","status-publish","hentry"],"_links":{"self":[{"href":"https:\/\/agripedia.ch\/farah\/wp-json\/wp\/v2\/pages\/140","targetHints":{"allow":["GET"]}}],"collection":[{"href":"https:\/\/agripedia.ch\/farah\/wp-json\/wp\/v2\/pages"}],"about":[{"href":"https:\/\/agripedia.ch\/farah\/wp-json\/wp\/v2\/types\/page"}],"author":[{"embeddable":true,"href":"https:\/\/agripedia.ch\/farah\/wp-json\/wp\/v2\/users\/192"}],"replies":[{"embeddable":true,"href":"https:\/\/agripedia.ch\/farah\/wp-json\/wp\/v2\/comments?post=140"}],"version-history":[{"count":15,"href":"https:\/\/agripedia.ch\/farah\/wp-json\/wp\/v2\/pages\/140\/revisions"}],"predecessor-version":[{"id":598,"href":"https:\/\/agripedia.ch\/farah\/wp-json\/wp\/v2\/pages\/140\/revisions\/598"}],"wp:attachment":[{"href":"https:\/\/agripedia.ch\/farah\/wp-json\/wp\/v2\/media?parent=140"}],"curies":[{"name":"wp","href":"https:\/\/api.w.org\/{rel}","templated":true}]}}