{"id":134,"date":"2020-10-09T12:03:53","date_gmt":"2020-10-09T12:03:53","guid":{"rendered":"https:\/\/agripedia.ch\/farah\/?page_id=134"},"modified":"2020-11-09T15:37:51","modified_gmt":"2020-11-09T15:37:51","slug":"hofuebergabe-und-uebernahme","status":"publish","type":"page","link":"https:\/\/agripedia.ch\/farah\/hofuebergabe-und-uebernahme\/","title":{"rendered":"Betriebs\u00fcbergabe und -\u00fcbernahme"},"content":{"rendered":"<p><div class=\"fusion-fullwidth fullwidth-box fusion-builder-row-1 fusion-flex-container nonhundred-percent-fullwidth non-hundred-percent-height-scrolling\" style=\"--awb-border-radius-top-left:0px;--awb-border-radius-top-right:0px;--awb-border-radius-bottom-right:0px;--awb-border-radius-bottom-left:0px;--awb-flex-wrap:wrap;\" ><div class=\"fusion-builder-row fusion-row fusion-flex-align-items-flex-start fusion-flex-content-wrap\" style=\"max-width:1144px;margin-left: calc(-4% \/ 2 );margin-right: calc(-4% \/ 2 );\"><div class=\"fusion-layout-column fusion_builder_column fusion-builder-column-0 fusion_builder_column_1_1 1_1 fusion-flex-column\" style=\"--awb-bg-size:cover;--awb-width-large:100%;--awb-margin-top-large:0px;--awb-spacing-right-large:1.92%;--awb-margin-bottom-large:20px;--awb-spacing-left-large:1.92%;--awb-width-medium:100%;--awb-spacing-right-medium:1.92%;--awb-spacing-left-medium:1.92%;--awb-width-small:100%;--awb-spacing-right-small:1.92%;--awb-spacing-left-small:1.92%;\"><div class=\"fusion-column-wrapper fusion-column-has-shadow fusion-flex-justify-content-flex-start fusion-content-layout-column\"><div class=\"fusion-text fusion-text-1\"><h6><span style=\"color: #ffaa00\"><a style=\"color: #ffaa00\" href=\"https:\/\/agripedia.ch\/farah\/\">Startseite<\/a> > Famili\u00e4re Situation > <a style=\"color: #ffaa00\" href=\"https:\/\/agripedia.ch\/farah\/hofuebergabe-und-uebernahme\/\">Betriebs\u00fcbergabe <\/a><a style=\"color: #ffaa00\" href=\"https:\/\/agripedia.ch\/farah\/hofuebergabe-und-uebernahme\/\">und -\u00fcbernahme<\/a><\/span><\/h6>\n<\/div><div class=\"fusion-separator fusion-full-width-sep\" style=\"align-self: center;margin-left: auto;margin-right: auto;width:100%;\"><div class=\"fusion-separator-border sep-single sep-solid\" style=\"--awb-height:20px;--awb-amount:20px;--awb-sep-color:#ffaa00;border-color:#ffaa00;border-top-width:1px;\"><\/div><\/div><div class=\"fusion-separator fusion-full-width-sep agri-separator\" style=\"align-self: center;margin-left: auto;margin-right: auto;width:100%;\"><\/div><div class=\"fusion-text fusion-text-2\"><h2><span style=\"color: #ffaa00\"><i class=\"fb-icon-element-1 fb-icon-element fontawesome-icon fa fa-handshake circle-yes fusion-text-flow\" style=\"--awb-circlecolor:#ffaa00;--awb-circlecolor-hover:#ffaa00;--awb-circlebordersize:0px;--awb-font-size:33.44px;--awb-width:66.88px;--awb-height:66.88px;--awb-line-height:66.88px;--awb-margin-right:19px;\"><\/i> <\/span><span style=\"color: #ffaa00\">Betriebs\u00fcbergabe und -\u00fcbernahme<\/span><\/h2>\n<\/div><\/div><\/div><\/div><\/div><div class=\"fusion-fullwidth fullwidth-box fusion-builder-row-2 fusion-flex-container nonhundred-percent-fullwidth non-hundred-percent-height-scrolling\" style=\"--awb-border-radius-top-left:0px;--awb-border-radius-top-right:0px;--awb-border-radius-bottom-right:0px;--awb-border-radius-bottom-left:0px;--awb-flex-wrap:wrap;\" ><div class=\"fusion-builder-row fusion-row fusion-flex-align-items-stretch fusion-flex-content-wrap\" style=\"max-width:1144px;margin-left: calc(-4% \/ 2 );margin-right: calc(-4% \/ 2 );\"><div class=\"fusion-layout-column fusion_builder_column fusion-builder-column-1 fusion_builder_column_3_5 3_5 fusion-flex-column\" style=\"--awb-bg-size:cover;--awb-width-large:60%;--awb-margin-top-large:0px;--awb-spacing-right-large:3.2%;--awb-margin-bottom-large:20px;--awb-spacing-left-large:3.2%;--awb-width-medium:60%;--awb-spacing-right-medium:3.2%;--awb-spacing-left-medium:3.2%;--awb-width-small:100%;--awb-spacing-right-small:1.92%;--awb-spacing-left-small:1.92%;\"><div class=\"fusion-column-wrapper fusion-column-has-shadow fusion-flex-justify-content-flex-start fusion-content-layout-column\"><div class=\"fusion-text fusion-text-3\"><div class=\"accordian fusion-accordian\" style=\"--awb-border-size:2px;--awb-icon-size:20px;--awb-content-font-size:18px;--awb-icon-alignment:left;--awb-hover-color:#ffffd6;--awb-border-color:#ffffd6;--awb-background-color:#ffffe3;--awb-divider-color:#e0dede;--awb-divider-hover-color:#e0dede;--awb-icon-color:#ffaa00;--awb-title-color:#f44336;--awb-content-color:#0f0f0f;--awb-icon-box-color:#7a7a7a;--awb-toggle-hover-accent-color:#ffaa00;--awb-title-font-family:&quot;Roboto&quot;;--awb-title-font-weight:700;--awb-title-font-style:normal;--awb-title-font-size:22px;--awb-title-line-height:1.5;--awb-content-font-family:&quot;Roboto&quot;;--awb-content-font-style:normal;--awb-content-font-weight:300;\"><div class=\"panel-group fusion-toggle-icon-unboxed\" id=\"accordion-134-1\"><div class=\"fusion-panel panel-default panel-0f700bf48763c3686 fusion-toggle-no-divider fusion-toggle-boxed-mode\"><div class=\"panel-heading\"><h4 class=\"panel-title toggle\" id=\"toggle_0f700bf48763c3686\"><a aria-expanded=\"false\" aria-controls=\"0f700bf48763c3686\" role=\"button\" data-toggle=\"collapse\" data-parent=\"#accordion-134-1\" data-target=\"#0f700bf48763c3686\" href=\"#0f700bf48763c3686\"><span class=\"fusion-toggle-icon-wrapper\" aria-hidden=\"true\"><i class=\"fa-fusion-box active-icon awb-icon-minus\" aria-hidden=\"true\"><\/i><i class=\"fa-fusion-box inactive-icon awb-icon-plus\" aria-hidden=\"true\"><\/i><\/span><span class=\"fusion-toggle-heading\">Eines unserer Kinder \u00fcbernimmt den Betrieb meines Mannes. Was geschieht mit mir? Was sind meine Rechte?<\/span><\/a><\/h4><\/div><div id=\"0f700bf48763c3686\" class=\"panel-collapse collapse \" aria-labelledby=\"toggle_0f700bf48763c3686\"><div class=\"panel-body toggle-content fusion-clearfix\"><\/p>\n<p>Das b\u00e4uerliche Bodenrecht sieht vor, dass die Zustimmung der Ehefrau erforderlich ist, wenn der Ehemann das landwirtschaftliche Gewerbe ver\u00e4ussern will, das er zusammen mit ihr bewirtschaftet (d. h. wenn das Erwerbseinkommen beider Ehegatten aus der Landwirtschaft stammt), oder wenn die eheliche Wohnung Teil der verkauften Geb\u00e4ude ist. Wenn mindestens eine dieser Bedingungen gegeben ist, kann die Ehefrau ihre Zustimmung verweigern und somit den Verkauf verhindern.<\/p>\n<p>Die Ehefrau verf\u00fcgt somit \u00fcber \u00abgute Argumente\u00bb, um einen f\u00fcr sie zufriedenstellenden Status im landwirtschaftlichen Betrieb auszuhandeln, der von ihrem Sohn oder ihrer Tochter \u00fcbernommen und bewirtschaftet werden soll. Die getroffene Vereinbarung wird dann von den Parteien sorgf\u00e4ltig festgehalten und unterzeichnet \u2013 idealerweise in einem Vertrag, in dem alle Modalit\u00e4ten der Hof\u00fcbergabe definiert sind.<\/p>\n<p>\u00dcber die rechtlichen und gesetzlichen \u00dcberlegungen hinaus empfehlen wir Ihnen, die Rollen und den Platz jeder einzelnen Person nach der \u00dcbernahme ebenso wie allf\u00e4llige damit verbundene Entsch\u00e4digungen in der Familie zu besprechen. Dadurch kann vermieden werden, dass sich die Ehefrau, die bis dahin stark in den Betrieb ihres Ehemannes involviert war, \u00fcbergangen oder frustriert f\u00fchlt.<\/p>\n<p><\/div><\/div><\/div><div class=\"fusion-panel panel-default panel-2136b82ba4c32377b fusion-toggle-no-divider fusion-toggle-boxed-mode\"><div class=\"panel-heading\"><h4 class=\"panel-title toggle\" id=\"toggle_2136b82ba4c32377b\"><a aria-expanded=\"false\" aria-controls=\"2136b82ba4c32377b\" role=\"button\" data-toggle=\"collapse\" data-parent=\"#accordion-134-1\" data-target=\"#2136b82ba4c32377b\" href=\"#2136b82ba4c32377b\"><span class=\"fusion-toggle-icon-wrapper\" aria-hidden=\"true\"><i class=\"fa-fusion-box active-icon awb-icon-minus\" aria-hidden=\"true\"><\/i><i class=\"fa-fusion-box inactive-icon awb-icon-plus\" aria-hidden=\"true\"><\/i><\/span><span class=\"fusion-toggle-heading\">Mein Mann \u00fcbergibt den Landwirtschaftsbetrieb an eines unserer Kinder. Muss ich die Grundst\u00fccke und landwirtschaftlichen Geb\u00e4ude, die mir geh\u00f6ren, ebenfalls \u00fcbergeben?<\/span><\/a><\/h4><\/div><div id=\"2136b82ba4c32377b\" class=\"panel-collapse collapse \" aria-labelledby=\"toggle_2136b82ba4c32377b\"><div class=\"panel-body toggle-content fusion-clearfix\"><\/p>\n<p>Das b\u00e4uerliche Bodenrecht legt strenge Einschr\u00e4nkungen f\u00fcr die Teilung landwirtschaftlicher Gewerbe fest. Als <strong>landwirtschaftliches Gewerbe<\/strong> gilt die Gesamtheit von landwirtschaftlichen Grundst\u00fccken, Bauten und Anlagen eines Eigent\u00fcmers, zu deren Bewirtschaftung <strong>mindestens eine Standardarbeitskraft (SAK)<\/strong> n\u00f6tig ist. Einige Kantone haben diese Schwelle auf 0,75 SAK resp. 0.60 SAK gesenkt.<\/p>\n<p>Bei einer Aufgabe der Selbstbewirtschaftung und Hof\u00fcbergabe muss der Ehemann also s\u00e4mtliche Grundst\u00fccke und landwirtschaftlichen Bauten \u00fcbergeben, sofern diese ein landwirtschaftliches Gewerbe darstellen. Hingegen besteht f\u00fcr die Ehefrau keine Verpflichtung, Grundst\u00fccke und landwirtschaftliche Bauten, die ihr geh\u00f6ren, ebenfalls zu \u00fcbergeben. Ebenso wenig muss der Ehemann parallel zur Ver\u00e4usserung der ihm alleine geh\u00f6renden Grundst\u00fccke und Bauten auch solche abtreten, die er allenfalls als Miteigent\u00fcmer zusammen mit seiner Ehefrau oder mit anderen Dritten besitzt.<\/p>\n<p>Wir empfehlen Ihnen dringend, sich an einen Berater zu wenden und sich \u00fcber die pers\u00f6nlichen Rechte bei einer Nachfolge\/\u00dcbergabe informieren zu lassen.<\/p>\n<p><\/div><\/div><\/div><\/div><\/div>\n<\/div><\/div><\/div><div class=\"fusion-layout-column fusion_builder_column fusion-builder-column-2 fusion_builder_column_2_5 2_5 fusion-flex-column\" style=\"--awb-padding-top:6%;--awb-padding-right:6%;--awb-padding-bottom:6%;--awb-padding-left:6%;--awb-bg-size:cover;--awb-border-color:rgba(255,170,0,0.61);--awb-border-top:2px;--awb-border-right:2px;--awb-border-bottom:2px;--awb-border-left:2px;--awb-border-style:solid;--awb-width-large:40%;--awb-margin-top-large:0px;--awb-spacing-right-large:4.8%;--awb-margin-bottom-large:20px;--awb-spacing-left-large:4.8%;--awb-width-medium:40%;--awb-order-medium:0;--awb-spacing-right-medium:4.8%;--awb-spacing-left-medium:4.8%;--awb-width-small:100%;--awb-order-small:0;--awb-spacing-right-small:1.92%;--awb-spacing-left-small:1.92%;\"><div class=\"fusion-column-wrapper fusion-column-has-shadow fusion-flex-justify-content-flex-start fusion-content-layout-column\"><div class=\"fusion-text fusion-text-4\"><h5><span style=\"color: #4d4a4a\">N\u00fctzliche Dokumente und Links<\/span><\/h5>\n<div class=\"fusion-separator fusion-full-width-sep agri-separator\" style=\"align-self: center;margin-left: auto;margin-right: auto;width:100%;\"><\/div>\n<p><span style=\"color: #ffaa00\"><i class=\"fb-icon-element-2 fb-icon-element fontawesome-icon fa-square fas circle-no fusion-text-flow\" style=\"--awb-iconcolor:#ffaa00;--awb-iconcolor-hover:#ffaa00;--awb-font-size:10px;--awb-margin-right:5px;\"><\/i> <span style=\"color: #000000\">Bundesgesetz \u00fcber das b\u00e4uerliche Bodenrecht (BGBB)<br \/>\n<strong><a href=\"https:\/\/www.admin.ch\/opc\/de\/classified-compilation\/19910253\/index.html\" target=\"_blank\" rel=\"noopener noreferrer\"><span style=\"color: #ffaa00\">Link<\/span><\/a><\/strong><\/span><\/span><\/p>\n<p><span style=\"color: #ffaa00\"><i class=\"fb-icon-element-3 fb-icon-element fontawesome-icon fa-square fas circle-no fusion-text-flow\" style=\"--awb-iconcolor:#ffaa00;--awb-iconcolor-hover:#ffaa00;--awb-font-size:10px;--awb-margin-right:5px;\"><\/i> <span style=\"color: #000000\"><em>Betriebs\u00fcbergabe in der Familie<\/em>. Neuauflage als E-Book, AGRIDEA und agriexpert 2019<br \/>\n<strong><span style=\"color: #ffaa00\"><a style=\"color: #ffaa00\" href=\"https:\/\/agripedia.ch\/betriebsuebergabe\/inhaltsverzeichnis\/\" target=\"_blank\" rel=\"noopener noreferrer\">Link<\/a><\/span><\/strong><\/span><\/span><\/p>\n<\/div><\/div><\/div><\/div><\/div><div class=\"fusion-fullwidth fullwidth-box fusion-builder-row-3 fusion-flex-container nonhundred-percent-fullwidth non-hundred-percent-height-scrolling\" style=\"--awb-border-radius-top-left:0px;--awb-border-radius-top-right:0px;--awb-border-radius-bottom-right:0px;--awb-border-radius-bottom-left:0px;--awb-flex-wrap:wrap;\" ><div class=\"fusion-builder-row fusion-row fusion-flex-align-items-flex-start fusion-flex-content-wrap\" style=\"max-width:1144px;margin-left: calc(-4% \/ 2 );margin-right: calc(-4% \/ 2 );\"><div class=\"fusion-layout-column fusion_builder_column fusion-builder-column-3 fusion_builder_column_1_1 1_1 fusion-flex-column\" style=\"--awb-bg-size:cover;--awb-width-large:100%;--awb-margin-top-large:0px;--awb-spacing-right-large:1.92%;--awb-margin-bottom-large:20px;--awb-spacing-left-large:1.92%;--awb-width-medium:100%;--awb-spacing-right-medium:1.92%;--awb-spacing-left-medium:1.92%;--awb-width-small:100%;--awb-spacing-right-small:1.92%;--awb-spacing-left-small:1.92%;\"><div class=\"fusion-column-wrapper fusion-column-has-shadow fusion-flex-justify-content-flex-start fusion-content-layout-column\"><div class=\"fusion-separator fusion-full-width-sep agr-separator\" style=\"align-self: center;margin-left: auto;margin-right: auto;width:100%;\"><\/div><\/div><\/div><\/div><\/div><div class=\"fusion-fullwidth fullwidth-box fusion-builder-row-4 fusion-flex-container nonhundred-percent-fullwidth non-hundred-percent-height-scrolling\" style=\"--awb-border-radius-top-left:0px;--awb-border-radius-top-right:0px;--awb-border-radius-bottom-right:0px;--awb-border-radius-bottom-left:0px;--awb-flex-wrap:wrap;\" ><div class=\"fusion-builder-row fusion-row fusion-flex-align-items-flex-start fusion-flex-content-wrap\" style=\"max-width:1144px;margin-left: calc(-4% \/ 2 );margin-right: calc(-4% \/ 2 );\"><div class=\"fusion-layout-column fusion_builder_column fusion-builder-column-4 fusion_builder_column_1_1 1_1 fusion-flex-column\" style=\"--awb-bg-size:cover;--awb-width-large:100%;--awb-margin-top-large:0px;--awb-spacing-right-large:1.92%;--awb-margin-bottom-large:20px;--awb-spacing-left-large:1.92%;--awb-width-medium:100%;--awb-spacing-right-medium:1.92%;--awb-spacing-left-medium:1.92%;--awb-width-small:100%;--awb-spacing-right-small:1.92%;--awb-spacing-left-small:1.92%;\"><div class=\"fusion-column-wrapper fusion-column-has-shadow fusion-flex-justify-content-flex-start fusion-content-layout-column\"><div class=\"fusion-separator fusion-full-width-sep agr-separator\" style=\"align-self: center;margin-left: auto;margin-right: auto;width:100%;\"><\/div><\/div><\/div><\/div><\/div><div class=\"fusion-fullwidth fullwidth-box fusion-builder-row-5 fusion-flex-container nonhundred-percent-fullwidth non-hundred-percent-height-scrolling\" style=\"--awb-border-radius-top-left:0px;--awb-border-radius-top-right:0px;--awb-border-radius-bottom-right:0px;--awb-border-radius-bottom-left:0px;--awb-flex-wrap:wrap;\" ><div class=\"fusion-builder-row fusion-row fusion-flex-align-items-flex-start fusion-flex-content-wrap\" style=\"max-width:1144px;margin-left: calc(-4% \/ 2 );margin-right: calc(-4% \/ 2 );\"><div class=\"fusion-layout-column fusion_builder_column fusion-builder-column-5 fusion_builder_column_1_3 1_3 fusion-flex-column\" style=\"--awb-bg-size:cover;--awb-width-large:33.333333333333%;--awb-margin-top-large:0px;--awb-spacing-right-large:5.76%;--awb-margin-bottom-large:20px;--awb-spacing-left-large:5.76%;--awb-width-medium:33.333333333333%;--awb-spacing-right-medium:5.76%;--awb-spacing-left-medium:5.76%;--awb-width-small:100%;--awb-spacing-right-small:1.92%;--awb-spacing-left-small:1.92%;\"><div class=\"fusion-column-wrapper fusion-column-has-shadow fusion-flex-justify-content-flex-start fusion-content-layout-column\"><div ><a class=\"fusion-button button-flat button-large button-custom fusion-button-default button-1 fusion-button-span-yes fusion-button-default-type\" style=\"--button_accent_color:#ffffff;--button_accent_hover_color:#ffffff;--button_border_hover_color:#ffffff;--button_gradient_top_color:#ffaa00;--button_gradient_bottom_color:#ffaa00;--button_gradient_top_color_hover:#ffaa00;--button_gradient_bottom_color_hover:#ffaa00;\" target=\"_self\" href=\"https:\/\/agripedia.ch\/farah\/tod\/\"><span class=\"fusion-button-icon-divider button-icon-divider-left\"><i class=\"fa-arrow-left fas awb-button__icon awb-button__icon--default\" aria-hidden=\"true\"><\/i><\/span><span class=\"fusion-button-text awb-button__text awb-button__text--default fusion-button-text-left\">Tod<\/span><\/a><\/div><\/div><\/div><div class=\"fusion-layout-column fusion_builder_column fusion-builder-column-6 fusion_builder_column_1_3 1_3 fusion-flex-column\" style=\"--awb-bg-size:cover;--awb-width-large:33.333333333333%;--awb-margin-top-large:0px;--awb-spacing-right-large:5.76%;--awb-margin-bottom-large:20px;--awb-spacing-left-large:5.76%;--awb-width-medium:33.333333333333%;--awb-spacing-right-medium:5.76%;--awb-spacing-left-medium:5.76%;--awb-width-small:100%;--awb-spacing-right-small:1.92%;--awb-spacing-left-small:1.92%;\"><div class=\"fusion-column-wrapper fusion-column-has-shadow fusion-flex-justify-content-flex-start fusion-content-layout-column\"><div ><a class=\"fusion-button button-flat button-large button-custom fusion-button-default button-2 fusion-button-span-yes fusion-button-default-type\" style=\"--button_accent_color:#ffffff;--button_accent_hover_color:#ffffff;--button_border_hover_color:#ffffff;--button_gradient_top_color:#4d4a4a;--button_gradient_bottom_color:#4d4a4a;--button_gradient_top_color_hover:#4d4a4a;--button_gradient_bottom_color_hover:#4d4a4a;\" target=\"_self\" href=\"https:\/\/agripedia.ch\/farah\/inhaltsverzeichnis\/\"><span class=\"fusion-button-icon-divider button-icon-divider-left\"><i class=\"fa-list fas awb-button__icon awb-button__icon--default\" aria-hidden=\"true\"><\/i><\/span><span class=\"fusion-button-text awb-button__text awb-button__text--default fusion-button-text-left\">Inhaltsverzeichnis<\/span><\/a><\/div><\/div><\/div><div class=\"fusion-layout-column fusion_builder_column fusion-builder-column-7 fusion_builder_column_1_3 1_3 fusion-flex-column\" style=\"--awb-bg-size:cover;--awb-width-large:33.333333333333%;--awb-margin-top-large:0px;--awb-spacing-right-large:5.76%;--awb-margin-bottom-large:20px;--awb-spacing-left-large:5.76%;--awb-width-medium:33.333333333333%;--awb-spacing-right-medium:5.76%;--awb-spacing-left-medium:5.76%;--awb-width-small:100%;--awb-spacing-right-small:1.92%;--awb-spacing-left-small:1.92%;\"><div class=\"fusion-column-wrapper fusion-column-has-shadow fusion-flex-justify-content-flex-start fusion-content-layout-column\"><div ><a class=\"fusion-button button-flat button-large button-custom fusion-button-default button-3 fusion-button-span-yes fusion-button-default-type\" style=\"--button_accent_color:#ffffff;--button_accent_hover_color:#ffffff;--button_border_hover_color:#ffffff;--button_gradient_top_color:#de3131;--button_gradient_bottom_color:#de3131;--button_gradient_top_color_hover:#de3131;--button_gradient_bottom_color_hover:#de3131;\" target=\"_self\" href=\"https:\/\/agripedia.ch\/farah\/rechtlicher-status-im-betrieb\/\"><span class=\"fusion-button-text awb-button__text awb-button__text--default fusion-button-text-right\">Rechtlicher Status im Betrieb<\/span><span class=\"fusion-button-icon-divider button-icon-divider-right\"><i class=\"fa-arrow-right fas awb-button__icon awb-button__icon--default\" aria-hidden=\"true\"><\/i><\/span><\/a><\/div><\/div><\/div><\/div><\/div><\/p>\n","protected":false},"excerpt":{"rendered":"","protected":false},"author":192,"featured_media":0,"parent":0,"menu_order":0,"comment_status":"closed","ping_status":"closed","template":"","meta":{"_sb_is_suggestion_mode":false,"_sb_show_suggestion_boards":false,"_sb_show_comment_boards":false,"_sb_suggestion_history":"","_sb_update_block_changes":"","_monsterinsights_skip_tracking":false,"_monsterinsights_sitenote_active":false,"_monsterinsights_sitenote_note":"","_monsterinsights_sitenote_category":0,"footnotes":""},"class_list":["post-134","page","type-page","status-publish","hentry"],"_links":{"self":[{"href":"https:\/\/agripedia.ch\/farah\/wp-json\/wp\/v2\/pages\/134","targetHints":{"allow":["GET"]}}],"collection":[{"href":"https:\/\/agripedia.ch\/farah\/wp-json\/wp\/v2\/pages"}],"about":[{"href":"https:\/\/agripedia.ch\/farah\/wp-json\/wp\/v2\/types\/page"}],"author":[{"embeddable":true,"href":"https:\/\/agripedia.ch\/farah\/wp-json\/wp\/v2\/users\/192"}],"replies":[{"embeddable":true,"href":"https:\/\/agripedia.ch\/farah\/wp-json\/wp\/v2\/comments?post=134"}],"version-history":[{"count":24,"href":"https:\/\/agripedia.ch\/farah\/wp-json\/wp\/v2\/pages\/134\/revisions"}],"predecessor-version":[{"id":592,"href":"https:\/\/agripedia.ch\/farah\/wp-json\/wp\/v2\/pages\/134\/revisions\/592"}],"wp:attachment":[{"href":"https:\/\/agripedia.ch\/farah\/wp-json\/wp\/v2\/media?parent=134"}],"curies":[{"name":"wp","href":"https:\/\/api.w.org\/{rel}","templated":true}]}}