{"id":124,"date":"2020-10-09T11:51:24","date_gmt":"2020-10-09T11:51:24","guid":{"rendered":"https:\/\/agripedia.ch\/farah\/?page_id=124"},"modified":"2020-11-09T15:41:20","modified_gmt":"2020-11-09T15:41:20","slug":"eigenes-einkommen","status":"publish","type":"page","link":"https:\/\/agripedia.ch\/farah\/eigenes-einkommen\/","title":{"rendered":"Eigenes Einkommen"},"content":{"rendered":"<p><div class=\"fusion-fullwidth fullwidth-box fusion-builder-row-1 fusion-flex-container nonhundred-percent-fullwidth non-hundred-percent-height-scrolling\" style=\"--awb-border-radius-top-left:0px;--awb-border-radius-top-right:0px;--awb-border-radius-bottom-right:0px;--awb-border-radius-bottom-left:0px;--awb-flex-wrap:wrap;\" ><div class=\"fusion-builder-row fusion-row fusion-flex-align-items-flex-start fusion-flex-content-wrap\" style=\"max-width:1144px;margin-left: calc(-4% \/ 2 );margin-right: calc(-4% \/ 2 );\"><div class=\"fusion-layout-column fusion_builder_column fusion-builder-column-0 fusion_builder_column_1_1 1_1 fusion-flex-column\" style=\"--awb-bg-size:cover;--awb-width-large:100%;--awb-margin-top-large:0px;--awb-spacing-right-large:1.92%;--awb-margin-bottom-large:20px;--awb-spacing-left-large:1.92%;--awb-width-medium:100%;--awb-spacing-right-medium:1.92%;--awb-spacing-left-medium:1.92%;--awb-width-small:100%;--awb-spacing-right-small:1.92%;--awb-spacing-left-small:1.92%;\"><div class=\"fusion-column-wrapper fusion-column-has-shadow fusion-flex-justify-content-flex-start fusion-content-layout-column\"><div class=\"fusion-text fusion-text-1\"><h6><span style=\"color: #1ea686\"><a style=\"color: #1ea686\" href=\"https:\/\/agripedia.ch\/farah\/\">Startseite<\/a> > Finanzen > <a style=\"color: #1ea686\" href=\"https:\/\/agripedia.ch\/farah\/eigenes-einkommen\/\">Eigenes Einkommen<\/a><\/span><\/h6>\n<\/div><div class=\"fusion-separator fusion-full-width-sep\" style=\"align-self: center;margin-left: auto;margin-right: auto;width:100%;\"><div class=\"fusion-separator-border sep-single sep-solid\" style=\"--awb-height:20px;--awb-amount:20px;--awb-sep-color:#1ea686;border-color:#1ea686;border-top-width:1px;\"><\/div><\/div><div class=\"fusion-separator fusion-full-width-sep agri-separator\" style=\"align-self: center;margin-left: auto;margin-right: auto;width:100%;\"><\/div><div class=\"fusion-text fusion-text-2\"><h2><span style=\"color: #1ea686\"><i class=\"fb-icon-element-1 fb-icon-element fontawesome-icon fa fa-piggy-bank circle-yes fusion-text-flow\" style=\"--awb-circlecolor:#1ea686;--awb-circlecolor-hover:#1ea686;--awb-circlebordersize:0px;--awb-font-size:33.44px;--awb-width:66.88px;--awb-height:66.88px;--awb-line-height:66.88px;--awb-margin-right:19px;\"><\/i> Eigenes Einkommen<\/span><\/h2>\n<\/div><\/div><\/div><\/div><\/div><div class=\"fusion-fullwidth fullwidth-box fusion-builder-row-2 fusion-flex-container nonhundred-percent-fullwidth non-hundred-percent-height-scrolling\" style=\"--awb-border-radius-top-left:0px;--awb-border-radius-top-right:0px;--awb-border-radius-bottom-right:0px;--awb-border-radius-bottom-left:0px;--awb-flex-wrap:wrap;\" ><div class=\"fusion-builder-row fusion-row fusion-flex-align-items-stretch fusion-flex-content-wrap\" style=\"max-width:1144px;margin-left: calc(-4% \/ 2 );margin-right: calc(-4% \/ 2 );\"><div class=\"fusion-layout-column fusion_builder_column fusion-builder-column-1 fusion_builder_column_3_5 3_5 fusion-flex-column\" style=\"--awb-bg-size:cover;--awb-width-large:60%;--awb-margin-top-large:0px;--awb-spacing-right-large:3.2%;--awb-margin-bottom-large:20px;--awb-spacing-left-large:3.2%;--awb-width-medium:60%;--awb-spacing-right-medium:3.2%;--awb-spacing-left-medium:3.2%;--awb-width-small:100%;--awb-spacing-right-small:1.92%;--awb-spacing-left-small:1.92%;\"><div class=\"fusion-column-wrapper fusion-column-has-shadow fusion-flex-justify-content-flex-start fusion-content-layout-column\"><div class=\"fusion-text fusion-text-3\"><div class=\"accordian fusion-accordian\" style=\"--awb-border-size:2px;--awb-icon-size:20px;--awb-content-font-size:18px;--awb-icon-alignment:left;--awb-hover-color:#e9f5f1;--awb-border-color:#e9f5f1;--awb-background-color:#f7faf9;--awb-divider-color:#e0dede;--awb-divider-hover-color:#e0dede;--awb-icon-color:#1ea686;--awb-title-color:#f44336;--awb-content-color:#0f0f0f;--awb-icon-box-color:#7a7a7a;--awb-toggle-hover-accent-color:#1ea686;--awb-title-font-family:&quot;Roboto&quot;;--awb-title-font-weight:700;--awb-title-font-style:normal;--awb-title-font-size:22px;--awb-title-line-height:1.5;--awb-content-font-family:&quot;Roboto&quot;;--awb-content-font-style:normal;--awb-content-font-weight:300;\"><div class=\"panel-group fusion-toggle-icon-unboxed\" id=\"accordion-124-1\"><div class=\"fusion-panel panel-default panel-23d947d57207a2027 fusion-toggle-no-divider fusion-toggle-boxed-mode\"><div class=\"panel-heading\"><h4 class=\"panel-title toggle\" id=\"toggle_23d947d57207a2027\"><a aria-expanded=\"false\" aria-controls=\"23d947d57207a2027\" role=\"button\" data-toggle=\"collapse\" data-parent=\"#accordion-124-1\" data-target=\"#23d947d57207a2027\" href=\"#23d947d57207a2027\"><span class=\"fusion-toggle-icon-wrapper\" aria-hidden=\"true\"><i class=\"fa-fusion-box active-icon awb-icon-minus\" aria-hidden=\"true\"><\/i><i class=\"fa-fusion-box inactive-icon awb-icon-plus\" aria-hidden=\"true\"><\/i><\/span><span class=\"fusion-toggle-heading\">Ich erziele ein Einkommen ausserhalb des Betriebs. Hat dies Auswirkungen auf die Direktzahlungen, die der Hof erh\u00e4lt?<\/span><\/a><\/h4><\/div><div id=\"23d947d57207a2027\" class=\"panel-collapse collapse \" aria-labelledby=\"toggle_23d947d57207a2027\"><div class=\"panel-body toggle-content fusion-clearfix\"><\/p>\n<p>Direktzahlungen werden in Bezug auf den Bewirtschafter festgesetzt und nehmen keine R\u00fccksicht auf das vom Paar erzielte Einkommen, ausser bei einem <strong>\u00dcbergangsbeitrag<\/strong> (dessen Dauer unbestimmt ist). F\u00fcr den \u00dcbergangsbeitrag ist das steuerbare Einkommen massgebend, abz\u00fcglich CHF 50 000. \u2013 f\u00fcr verheiratete Bewirtschafter oder Bewirtschafterinnen.<\/p>\n<p><\/div><\/div><\/div><div class=\"fusion-panel panel-default panel-b4bd63a8dc7987dfc fusion-toggle-no-divider fusion-toggle-boxed-mode\"><div class=\"panel-heading\"><h4 class=\"panel-title toggle\" id=\"toggle_b4bd63a8dc7987dfc\"><a aria-expanded=\"false\" aria-controls=\"b4bd63a8dc7987dfc\" role=\"button\" data-toggle=\"collapse\" data-parent=\"#accordion-124-1\" data-target=\"#b4bd63a8dc7987dfc\" href=\"#b4bd63a8dc7987dfc\"><span class=\"fusion-toggle-icon-wrapper\" aria-hidden=\"true\"><i class=\"fa-fusion-box active-icon awb-icon-minus\" aria-hidden=\"true\"><\/i><i class=\"fa-fusion-box inactive-icon awb-icon-plus\" aria-hidden=\"true\"><\/i><\/span><span class=\"fusion-toggle-heading\">Kann ich die H\u00e4lfte der Direktzahlungen, die der Hof meines Mannes erh\u00e4lt, auf meinen Namen erhalten?<\/span><\/a><\/h4><\/div><div id=\"b4bd63a8dc7987dfc\" class=\"panel-collapse collapse \" aria-labelledby=\"toggle_b4bd63a8dc7987dfc\"><div class=\"panel-body toggle-content fusion-clearfix\"><\/p>\n<p>Das ist in der Verordnung \u00fcber die Direktzahlungen an die Landwirtschaft nicht vorgesehen, ausser wenn die Ehegatten vom kantonalen Amt f\u00fcr Landwirtschaft als Mitbewirtschafter anerkannt sind. Ist dies nicht der Fall, k\u00f6nnte eine <strong>Aufteilung<\/strong> der Direktzahlungen <strong>gem\u00e4ss dem Engagement der Ehefrau<\/strong> als Mitarbeiterin festgelegt werden, idealerweise durch eine schriftliche Vereinbarung. Ein Teil des Betrags k\u00f6nnte dann auf das Konto der Ehegattin \u00fcberwiesen werden.<\/p>\n<p><\/div><\/div><\/div><div class=\"fusion-panel panel-default panel-8cd2b73a1f8b0c04e fusion-toggle-no-divider fusion-toggle-boxed-mode\"><div class=\"panel-heading\"><h4 class=\"panel-title toggle\" id=\"toggle_8cd2b73a1f8b0c04e\"><a aria-expanded=\"false\" aria-controls=\"8cd2b73a1f8b0c04e\" role=\"button\" data-toggle=\"collapse\" data-parent=\"#accordion-124-1\" data-target=\"#8cd2b73a1f8b0c04e\" href=\"#8cd2b73a1f8b0c04e\"><span class=\"fusion-toggle-icon-wrapper\" aria-hidden=\"true\"><i class=\"fa-fusion-box active-icon awb-icon-minus\" aria-hidden=\"true\"><\/i><i class=\"fa-fusion-box inactive-icon awb-icon-plus\" aria-hidden=\"true\"><\/i><\/span><span class=\"fusion-toggle-heading\">Ich verdiene meinen Lebensunterhalt selbst und werde einen Bauern heiraten. Wer bezahlt was?<\/span><\/a><\/h4><\/div><div id=\"8cd2b73a1f8b0c04e\" class=\"panel-collapse collapse \" aria-labelledby=\"toggle_8cd2b73a1f8b0c04e\"><div class=\"panel-body toggle-content fusion-clearfix\"><\/p>\n<p>Die Ehe verpflichtet beide Ehegatten, nach ihren Kr\u00e4ften zum Unterhalt der Familie beizutragen. In einem Haushaltsbudget k\u00f6nnen die Ausgaben f\u00fcr die Familie wie etwa <strong>Fixkosten<\/strong> (Steuern, Miete, Versicherungen, usw.) und <strong>variable Posten<\/strong> (Nahrung, Bekleidung, Taschengeld, Freizeit, usw.) definiert werden.<\/p>\n<p>Im Gespr\u00e4ch miteinander wird dann vereinbart, wie die beiden Ehegatten im Rahmen der eigenen finanziellen Mittel dazu beitragen. Es ist sinnvoll, jedes Einkommen auf ein separates Konto zu \u00fcberweisen und den Beitrag zu den Ausgaben der Familie genau festzulegen.<\/p>\n<p>Bei einer Scheidung muss jede Person den <strong>Nachweis<\/strong> erbringen, dass sie ihren Beitrag erbracht hat, ob dieser nun zeitlich oder finanziell ist und aus dem Eigengut oder der Errungenschaft stammt.<\/p>\n<p><\/div><\/div><\/div><div class=\"fusion-panel panel-default panel-eff31270fc8bf9c64 fusion-toggle-no-divider fusion-toggle-boxed-mode\"><div class=\"panel-heading\"><h4 class=\"panel-title toggle\" id=\"toggle_eff31270fc8bf9c64\"><a aria-expanded=\"false\" aria-controls=\"eff31270fc8bf9c64\" role=\"button\" data-toggle=\"collapse\" data-parent=\"#accordion-124-1\" data-target=\"#eff31270fc8bf9c64\" href=\"#eff31270fc8bf9c64\"><span class=\"fusion-toggle-icon-wrapper\" aria-hidden=\"true\"><i class=\"fa-fusion-box active-icon awb-icon-minus\" aria-hidden=\"true\"><\/i><i class=\"fa-fusion-box inactive-icon awb-icon-plus\" aria-hidden=\"true\"><\/i><\/span><span class=\"fusion-toggle-heading\">Ich erbe w\u00e4hrend meiner Ehe. Was muss ich tun, damit mein Erbe als Eigengut anerkannt bleibt?<\/span><\/a><\/h4><\/div><div id=\"eff31270fc8bf9c64\" class=\"panel-collapse collapse \" aria-labelledby=\"toggle_eff31270fc8bf9c64\"><div class=\"panel-body toggle-content fusion-clearfix\"><\/p>\n<p>Da im Erbschein die Art der geerbten Verm\u00f6genswerte nicht angegeben wird, muss unbedingt ein von beiden Ehepartnern unterzeichnetes Dokument erstellt werden, in dem dieses Erbe und seine Herkunft bescheinigt werden.<\/p>\n<p><\/div><\/div><\/div><\/div><\/div>\n<\/div><\/div><\/div><div class=\"fusion-layout-column fusion_builder_column fusion-builder-column-2 fusion_builder_column_2_5 2_5 fusion-flex-column\" style=\"--awb-padding-top:6%;--awb-padding-right:6%;--awb-padding-bottom:6%;--awb-padding-left:6%;--awb-bg-size:cover;--awb-border-color:rgba(30,166,134,0.61);--awb-border-top:2px;--awb-border-right:2px;--awb-border-bottom:2px;--awb-border-left:2px;--awb-border-style:solid;--awb-width-large:40%;--awb-margin-top-large:0px;--awb-spacing-right-large:4.8%;--awb-margin-bottom-large:20px;--awb-spacing-left-large:4.8%;--awb-width-medium:40%;--awb-order-medium:0;--awb-spacing-right-medium:4.8%;--awb-spacing-left-medium:4.8%;--awb-width-small:100%;--awb-order-small:0;--awb-spacing-right-small:1.92%;--awb-spacing-left-small:1.92%;\"><div class=\"fusion-column-wrapper fusion-column-has-shadow fusion-flex-justify-content-flex-start fusion-content-layout-column\"><div class=\"fusion-text fusion-text-4\"><h5><span style=\"color: #4d4a4a\">N\u00fctzliche Dokumente und Links<\/span><\/h5>\n<div class=\"fusion-separator fusion-full-width-sep agri-separator\" style=\"align-self: center;margin-left: auto;margin-right: auto;width:100%;\"><\/div>\n<p><span style=\"color: #1ea686\"><i class=\"fb-icon-element-2 fb-icon-element fontawesome-icon fa-square fas circle-no fusion-text-flow\" style=\"--awb-iconcolor:#1ea686;--awb-iconcolor-hover:#1ea686;--awb-font-size:10px;--awb-margin-right:5px;\"><\/i> <span style=\"color: #000000\">Schweizerisches Zivilgesetzbuch, <em>Die Ehevoraussetzungen<\/em>, Art. 94 und folgende<br \/>\n<span style=\"color: #1ea686\"><strong><a style=\"color: #1ea686\" href=\"https:\/\/www.admin.ch\/opc\/de\/classified-compilation\/19070042\/index.html\" target=\"_blank\" rel=\"noopener noreferrer\">Link <\/a><\/strong><\/span><br \/>\n<\/span><\/span><\/p>\n<p><span style=\"color: #1ea686\"><i class=\"fb-icon-element-3 fb-icon-element fontawesome-icon fa-square fas circle-no fusion-text-flow\" style=\"--awb-iconcolor:#1ea686;--awb-iconcolor-hover:#1ea686;--awb-font-size:10px;--awb-margin-right:5px;\"><\/i> <span style=\"color: #000000\">Verordnung \u00fcber die Direktzahlungen an die Landwirtschaft (DZV)<br \/>\n<span style=\"color: #1ea686\"><a style=\"color: #1ea686\" href=\"https:\/\/www.admin.ch\/opc\/de\/classified-compilation\/20130216\/index.html\" target=\"_blank\" rel=\"noopener noreferrer\"><strong>Link<\/strong><\/a><\/span><br \/>\n<\/span><\/span><\/p>\n<p><span style=\"color: #1ea686\"><i class=\"fb-icon-element-4 fb-icon-element fontawesome-icon fa-square fas circle-no fusion-text-flow\" style=\"--awb-iconcolor:#1ea686;--awb-iconcolor-hover:#1ea686;--awb-font-size:10px;--awb-margin-right:5px;\"><\/i> <span style=\"color: #000000\">Merkblattserie Bewusst B\u00e4uerin sein, Merkblatt Nr. 2: <em>Arbeiten ausserhalb des Betriebs<\/em>. AGRIDEA<br \/>\n<\/span><a style=\"color: #1ea686\" href=\"https:\/\/agridea.abacuscity.ch\/de\/3~310370~Shop\/Publikationen\/Unternehmen-und-Familie\/Partnerschaft-Familie\" target=\"_blank\" rel=\"noopener noreferrer\"><strong>\u00a0Link<\/strong><\/a><\/span><\/p>\n<p><span style=\"color: #1ea686\"><i class=\"fb-icon-element-5 fb-icon-element fontawesome-icon fa-square fas circle-no fusion-text-flow\" style=\"--awb-iconcolor:#1ea686;--awb-iconcolor-hover:#1ea686;--awb-font-size:10px;--awb-margin-right:5px;\"><\/i> <span style=\"color: #000000\">Beispiele f\u00fcrs Familienbudget<br \/>\n<span style=\"color: #1ea686\"><a style=\"color: #1ea686\" href=\"http:\/\/www.budgetberatung.ch\/Budgetbeispiele.19.0.html\" target=\"_blank\" rel=\"noopener noreferrer\"><strong>\u00a0Link<\/strong><\/a><\/span><br \/>\n<\/span><\/span><\/p>\n<p><span style=\"color: #1ea686\"><i class=\"fb-icon-element-6 fb-icon-element fontawesome-icon fa-square fas circle-no fusion-text-flow\" style=\"--awb-iconcolor:#1ea686;--awb-iconcolor-hover:#1ea686;--awb-font-size:10px;--awb-margin-right:5px;\"><\/i> <span style=\"color: #000000\">Budgetvorlagen zum herunterladen<br \/>\n<span style=\"color: #1ea686\"><a style=\"color: #1ea686\" href=\"http:\/\/www.budgetberatung.ch\/Familienbudget.75.0.html\" target=\"_blank\" rel=\"noopener noreferrer\"><strong>\u00a0Link<\/strong><\/a><\/span><br \/>\n<\/span><\/span><\/p>\n<p><span style=\"color: #1ea686\"><i class=\"fb-icon-element-7 fb-icon-element fontawesome-icon fa-square fas circle-no fusion-text-flow\" style=\"--awb-iconcolor:#1ea686;--awb-iconcolor-hover:#1ea686;--awb-font-size:10px;--awb-margin-right:5px;\"><\/i> <span style=\"color: #000000\">Website des Schweizerischen B\u00e4uerinnen- und Landfrauenverbandes. <em>Mein und Dein in der Ehe<br \/>\n<\/em><span style=\"color: #1ea686\"><a style=\"color: #1ea686\" href=\"https:\/\/www.landfrauen.ch\/de\/frau-mann\/mein-und-dein-in-der-ehe\/\" target=\"_blank\" rel=\"noopener noreferrer\"><strong>\u00a0Link<\/strong><\/a><\/span><\/span><\/span><\/p>\n<\/div><\/div><\/div><\/div><\/div><div class=\"fusion-fullwidth fullwidth-box fusion-builder-row-3 fusion-flex-container nonhundred-percent-fullwidth non-hundred-percent-height-scrolling\" style=\"--awb-border-radius-top-left:0px;--awb-border-radius-top-right:0px;--awb-border-radius-bottom-right:0px;--awb-border-radius-bottom-left:0px;--awb-flex-wrap:wrap;\" ><div class=\"fusion-builder-row fusion-row fusion-flex-align-items-flex-start fusion-flex-content-wrap\" style=\"max-width:1144px;margin-left: calc(-4% \/ 2 );margin-right: calc(-4% \/ 2 );\"><div class=\"fusion-layout-column fusion_builder_column fusion-builder-column-3 fusion_builder_column_1_1 1_1 fusion-flex-column\" style=\"--awb-bg-size:cover;--awb-width-large:100%;--awb-margin-top-large:0px;--awb-spacing-right-large:1.92%;--awb-margin-bottom-large:20px;--awb-spacing-left-large:1.92%;--awb-width-medium:100%;--awb-spacing-right-medium:1.92%;--awb-spacing-left-medium:1.92%;--awb-width-small:100%;--awb-spacing-right-small:1.92%;--awb-spacing-left-small:1.92%;\"><div class=\"fusion-column-wrapper fusion-column-has-shadow fusion-flex-justify-content-flex-start fusion-content-layout-column\"><div class=\"fusion-separator fusion-full-width-sep agri-separator\" style=\"align-self: center;margin-left: auto;margin-right: auto;width:100%;\"><\/div><\/div><\/div><\/div><\/div><div class=\"fusion-fullwidth fullwidth-box fusion-builder-row-4 fusion-flex-container nonhundred-percent-fullwidth non-hundred-percent-height-scrolling\" style=\"--awb-border-radius-top-left:0px;--awb-border-radius-top-right:0px;--awb-border-radius-bottom-right:0px;--awb-border-radius-bottom-left:0px;--awb-flex-wrap:wrap;\" ><div class=\"fusion-builder-row fusion-row fusion-flex-align-items-flex-start fusion-flex-content-wrap\" style=\"max-width:1144px;margin-left: calc(-4% \/ 2 );margin-right: calc(-4% \/ 2 );\"><div class=\"fusion-layout-column fusion_builder_column fusion-builder-column-4 fusion_builder_column_1_3 1_3 fusion-flex-column\" style=\"--awb-bg-size:cover;--awb-width-large:33.333333333333%;--awb-margin-top-large:0px;--awb-spacing-right-large:5.76%;--awb-margin-bottom-large:20px;--awb-spacing-left-large:5.76%;--awb-width-medium:33.333333333333%;--awb-spacing-right-medium:5.76%;--awb-spacing-left-medium:5.76%;--awb-width-small:100%;--awb-spacing-right-small:1.92%;--awb-spacing-left-small:1.92%;\"><div class=\"fusion-column-wrapper fusion-column-has-shadow fusion-flex-justify-content-flex-start fusion-content-layout-column\"><div ><a class=\"fusion-button button-flat button-large button-custom fusion-button-default button-1 fusion-button-span-yes fusion-button-default-type\" style=\"--button_accent_color:#ffffff;--button_accent_hover_color:#ffffff;--button_border_hover_color:#ffffff;--button_gradient_top_color:#1ea686;--button_gradient_bottom_color:#1ea686;--button_gradient_top_color_hover:#1ea686;--button_gradient_bottom_color_hover:#1ea686;\" target=\"_self\" href=\"https:\/\/agripedia.ch\/farah\/finanziellehaftung\/\"><span class=\"fusion-button-icon-divider button-icon-divider-left\"><i class=\"fa-arrow-left fas awb-button__icon awb-button__icon--default\" aria-hidden=\"true\"><\/i><\/span><span class=\"fusion-button-text awb-button__text awb-button__text--default fusion-button-text-left\">Finanzielle Haftung<\/span><\/a><\/div><\/div><\/div><div class=\"fusion-layout-column fusion_builder_column fusion-builder-column-5 fusion_builder_column_1_3 1_3 fusion-flex-column\" style=\"--awb-bg-size:cover;--awb-width-large:33.333333333333%;--awb-margin-top-large:0px;--awb-spacing-right-large:5.76%;--awb-margin-bottom-large:20px;--awb-spacing-left-large:5.76%;--awb-width-medium:33.333333333333%;--awb-spacing-right-medium:5.76%;--awb-spacing-left-medium:5.76%;--awb-width-small:100%;--awb-spacing-right-small:1.92%;--awb-spacing-left-small:1.92%;\"><div class=\"fusion-column-wrapper fusion-column-has-shadow fusion-flex-justify-content-flex-start fusion-content-layout-column\"><div ><a class=\"fusion-button button-flat button-large button-custom fusion-button-default button-2 fusion-button-span-yes fusion-button-default-type\" style=\"--button_accent_color:#ffffff;--button_accent_hover_color:#ffffff;--button_border_hover_color:#ffffff;--button_gradient_top_color:#4d4a4a;--button_gradient_bottom_color:#4d4a4a;--button_gradient_top_color_hover:#4d4a4a;--button_gradient_bottom_color_hover:#4d4a4a;\" target=\"_self\" href=\"https:\/\/agripedia.ch\/farah\/inhaltsverzeichnis\/\"><span class=\"fusion-button-icon-divider button-icon-divider-left\"><i class=\"fa-list fas awb-button__icon awb-button__icon--default\" aria-hidden=\"true\"><\/i><\/span><span class=\"fusion-button-text awb-button__text awb-button__text--default fusion-button-text-left\">Inhaltsverzeichnis<\/span><\/a><\/div><\/div><\/div><div class=\"fusion-layout-column fusion_builder_column fusion-builder-column-6 fusion_builder_column_1_3 1_3 fusion-flex-column\" style=\"--awb-bg-size:cover;--awb-width-large:33.333333333333%;--awb-margin-top-large:0px;--awb-spacing-right-large:5.76%;--awb-margin-bottom-large:20px;--awb-spacing-left-large:5.76%;--awb-width-medium:33.333333333333%;--awb-spacing-right-medium:5.76%;--awb-spacing-left-medium:5.76%;--awb-width-small:100%;--awb-spacing-right-small:1.92%;--awb-spacing-left-small:1.92%;\"><div class=\"fusion-column-wrapper fusion-column-has-shadow fusion-flex-justify-content-flex-start fusion-content-layout-column\"><div ><a class=\"fusion-button button-flat button-large button-custom fusion-button-default button-3 fusion-button-span-yes fusion-button-default-type\" style=\"--button_accent_color:#ffffff;--button_accent_hover_color:#ffffff;--button_border_hover_color:#ffffff;--button_gradient_top_color:#1ea686;--button_gradient_bottom_color:#1ea686;--button_gradient_top_color_hover:#1ea686;--button_gradient_bottom_color_hover:#1ea686;\" target=\"_self\" href=\"https:\/\/agripedia.ch\/farah\/eigentum\/\"><span class=\"fusion-button-text awb-button__text awb-button__text--default fusion-button-text-right\">Eigentum<\/span><span class=\"fusion-button-icon-divider button-icon-divider-right\"><i class=\"fa-arrow-right fas awb-button__icon awb-button__icon--default\" aria-hidden=\"true\"><\/i><\/span><\/a><\/div><\/div><\/div><\/div><\/div><\/p>\n","protected":false},"excerpt":{"rendered":"","protected":false},"author":192,"featured_media":0,"parent":0,"menu_order":0,"comment_status":"closed","ping_status":"closed","template":"","meta":{"_sb_is_suggestion_mode":false,"_sb_show_suggestion_boards":false,"_sb_show_comment_boards":false,"_sb_suggestion_history":"","_sb_update_block_changes":"","_monsterinsights_skip_tracking":false,"_monsterinsights_sitenote_active":false,"_monsterinsights_sitenote_note":"","_monsterinsights_sitenote_category":0,"footnotes":""},"class_list":["post-124","page","type-page","status-publish","hentry"],"_links":{"self":[{"href":"https:\/\/agripedia.ch\/farah\/wp-json\/wp\/v2\/pages\/124","targetHints":{"allow":["GET"]}}],"collection":[{"href":"https:\/\/agripedia.ch\/farah\/wp-json\/wp\/v2\/pages"}],"about":[{"href":"https:\/\/agripedia.ch\/farah\/wp-json\/wp\/v2\/types\/page"}],"author":[{"embeddable":true,"href":"https:\/\/agripedia.ch\/farah\/wp-json\/wp\/v2\/users\/192"}],"replies":[{"embeddable":true,"href":"https:\/\/agripedia.ch\/farah\/wp-json\/wp\/v2\/comments?post=124"}],"version-history":[{"count":13,"href":"https:\/\/agripedia.ch\/farah\/wp-json\/wp\/v2\/pages\/124\/revisions"}],"predecessor-version":[{"id":596,"href":"https:\/\/agripedia.ch\/farah\/wp-json\/wp\/v2\/pages\/124\/revisions\/596"}],"wp:attachment":[{"href":"https:\/\/agripedia.ch\/farah\/wp-json\/wp\/v2\/media?parent=124"}],"curies":[{"name":"wp","href":"https:\/\/api.w.org\/{rel}","templated":true}]}}