{"id":118,"date":"2020-10-09T11:09:32","date_gmt":"2020-10-09T11:09:32","guid":{"rendered":"https:\/\/agripedia.ch\/farah\/?page_id=118"},"modified":"2021-02-25T12:56:31","modified_gmt":"2021-02-25T12:56:31","slug":"finanziellehaftung","status":"publish","type":"page","link":"https:\/\/agripedia.ch\/farah\/finanziellehaftung\/","title":{"rendered":"Finanzielle Haftung"},"content":{"rendered":"<p><div class=\"fusion-fullwidth fullwidth-box fusion-builder-row-1 fusion-flex-container nonhundred-percent-fullwidth non-hundred-percent-height-scrolling\" style=\"--awb-border-radius-top-left:0px;--awb-border-radius-top-right:0px;--awb-border-radius-bottom-right:0px;--awb-border-radius-bottom-left:0px;--awb-flex-wrap:wrap;\" ><div class=\"fusion-builder-row fusion-row fusion-flex-align-items-flex-start fusion-flex-content-wrap\" style=\"max-width:1144px;margin-left: calc(-4% \/ 2 );margin-right: calc(-4% \/ 2 );\"><div class=\"fusion-layout-column fusion_builder_column fusion-builder-column-0 fusion_builder_column_1_1 1_1 fusion-flex-column\" style=\"--awb-bg-size:cover;--awb-width-large:100%;--awb-margin-top-large:0px;--awb-spacing-right-large:1.92%;--awb-margin-bottom-large:20px;--awb-spacing-left-large:1.92%;--awb-width-medium:100%;--awb-spacing-right-medium:1.92%;--awb-spacing-left-medium:1.92%;--awb-width-small:100%;--awb-spacing-right-small:1.92%;--awb-spacing-left-small:1.92%;\"><div class=\"fusion-column-wrapper fusion-column-has-shadow fusion-flex-justify-content-flex-start fusion-content-layout-column\"><div class=\"fusion-text fusion-text-1\"><h6><span style=\"color: #1ea686\"><a style=\"color: #1ea686\" href=\"https:\/\/agripedia.ch\/farah\/\">Startseite<\/a> > Finanzen > <a style=\"color: #1ea686\" href=\"https:\/\/agripedia.ch\/farah\/finanziellehaftung\/\">Finanzielle Haftung<\/a><\/span><\/h6>\n<\/div><div class=\"fusion-separator fusion-full-width-sep\" style=\"align-self: center;margin-left: auto;margin-right: auto;width:100%;\"><div class=\"fusion-separator-border sep-single sep-solid\" style=\"--awb-height:20px;--awb-amount:20px;--awb-sep-color:#1ea686;border-color:#1ea686;border-top-width:1px;\"><\/div><\/div><div class=\"fusion-separator fusion-full-width-sep agri-separator\" style=\"align-self: center;margin-left: auto;margin-right: auto;width:100%;\"><\/div><div class=\"fusion-text fusion-text-2\"><h2><span style=\"color: #1ea686\"><i class=\"fb-icon-element-1 fb-icon-element fontawesome-icon fa fa-file-invoice-dollar circle-yes fusion-text-flow\" style=\"--awb-circlecolor:#1ea686;--awb-circlecolor-hover:#1ea686;--awb-circlebordersize:0px;--awb-font-size:33.44px;--awb-width:66.88px;--awb-height:66.88px;--awb-line-height:66.88px;--awb-margin-right:19px;\"><\/i> Finanzielle Haftung<\/span><\/h2>\n<\/div><\/div><\/div><\/div><\/div><div class=\"fusion-fullwidth fullwidth-box fusion-builder-row-2 fusion-flex-container nonhundred-percent-fullwidth non-hundred-percent-height-scrolling\" style=\"--awb-border-radius-top-left:0px;--awb-border-radius-top-right:0px;--awb-border-radius-bottom-right:0px;--awb-border-radius-bottom-left:0px;--awb-flex-wrap:wrap;\" ><div class=\"fusion-builder-row fusion-row fusion-flex-align-items-stretch fusion-flex-content-wrap\" style=\"max-width:1144px;margin-left: calc(-4% \/ 2 );margin-right: calc(-4% \/ 2 );\"><div class=\"fusion-layout-column fusion_builder_column fusion-builder-column-1 fusion_builder_column_3_5 3_5 fusion-flex-column\" style=\"--awb-bg-size:cover;--awb-width-large:60%;--awb-margin-top-large:0px;--awb-spacing-right-large:3.2%;--awb-margin-bottom-large:20px;--awb-spacing-left-large:3.2%;--awb-width-medium:60%;--awb-spacing-right-medium:3.2%;--awb-spacing-left-medium:3.2%;--awb-width-small:100%;--awb-spacing-right-small:1.92%;--awb-spacing-left-small:1.92%;\"><div class=\"fusion-column-wrapper fusion-column-has-shadow fusion-flex-justify-content-flex-start fusion-content-layout-column\"><div class=\"fusion-text fusion-text-3\"><div class=\"accordian fusion-accordian\" style=\"--awb-border-size:2px;--awb-icon-size:20px;--awb-content-font-size:18px;--awb-icon-alignment:left;--awb-hover-color:#e9f5f1;--awb-border-color:#e9f5f1;--awb-background-color:#f7faf9;--awb-divider-color:#e0dede;--awb-divider-hover-color:#e0dede;--awb-icon-color:#1ea686;--awb-title-color:#f44336;--awb-content-color:#0f0f0f;--awb-icon-box-color:#7a7a7a;--awb-toggle-hover-accent-color:#1ea686;--awb-title-font-family:&quot;Roboto&quot;;--awb-title-font-weight:700;--awb-title-font-style:normal;--awb-title-font-size:22px;--awb-title-line-height:1.5;--awb-content-font-family:&quot;Roboto&quot;;--awb-content-font-style:normal;--awb-content-font-weight:300;\"><div class=\"panel-group fusion-toggle-icon-unboxed\" id=\"accordion-118-1\"><div class=\"fusion-panel panel-default panel-0ce6202b33b250989 fusion-toggle-no-divider fusion-toggle-boxed-mode\"><div class=\"panel-heading\"><h4 class=\"panel-title toggle\" id=\"toggle_0ce6202b33b250989\"><a aria-expanded=\"false\" aria-controls=\"0ce6202b33b250989\" role=\"button\" data-toggle=\"collapse\" data-parent=\"#accordion-118-1\" data-target=\"#0ce6202b33b250989\" href=\"#0ce6202b33b250989\"><span class=\"fusion-toggle-icon-wrapper\" aria-hidden=\"true\"><i class=\"fa-fusion-box active-icon awb-icon-minus\" aria-hidden=\"true\"><\/i><i class=\"fa-fusion-box inactive-icon awb-icon-plus\" aria-hidden=\"true\"><\/i><\/span><span class=\"fusion-toggle-heading\">Hafte ich f\u00fcr die Schulden des Betriebs und was bedeutet das?<\/span><\/a><\/h4><\/div><div id=\"0ce6202b33b250989\" class=\"panel-collapse collapse \" aria-labelledby=\"toggle_0ce6202b33b250989\"><div class=\"panel-body toggle-content fusion-clearfix\"><\/p>\n<p>Wenn Sie weder Eigent\u00fcmerin noch Mitunternehmerin sind und keine G\u00fctergemeinschaft haben, haftet ihr Ehepartner alleine f\u00fcr seine Schulden. Wenn Sie hingegen einen Betriebszweig in Eigenverantwortung f\u00fchren, haften Sie f\u00fcr die damit verbundenen Verpflichtungen.<\/p>\n<p>Wenn Sie mit Ihrem Ehemann einen Vertrag abschliessen (Leasing, Bankdarlehen, usw.), haften Sie f\u00fcr die entsprechenden Betr\u00e4ge mit. Ebenso fordern einige Stellen, die landwirtschaftliche Kredite vergeben, oder auch Banken bei einer Betriebs\u00fcbernahme, dass die Ehefrau einen Vertrag bez\u00fcglich einer solidarischen Mithaftung f\u00fcr betriebliche Schulden unterzeichnet.<\/p>\n<p>Es liegt an Ihnen, die Risiken zu beurteilen, bevor Sie einen solchen Vertrag unterzeichnen. Sie sind nicht dazu verpflichtet.<\/p>\n<p><\/div><\/div><\/div><div class=\"fusion-panel panel-default panel-8d20178beb0049b38 fusion-toggle-no-divider fusion-toggle-boxed-mode\"><div class=\"panel-heading\"><h4 class=\"panel-title toggle\" id=\"toggle_8d20178beb0049b38\"><a aria-expanded=\"false\" aria-controls=\"8d20178beb0049b38\" role=\"button\" data-toggle=\"collapse\" data-parent=\"#accordion-118-1\" data-target=\"#8d20178beb0049b38\" href=\"#8d20178beb0049b38\"><span class=\"fusion-toggle-icon-wrapper\" aria-hidden=\"true\"><i class=\"fa-fusion-box active-icon awb-icon-minus\" aria-hidden=\"true\"><\/i><i class=\"fa-fusion-box inactive-icon awb-icon-plus\" aria-hidden=\"true\"><\/i><\/span><span class=\"fusion-toggle-heading\">Ich bin nicht die Eigent\u00fcmerin und werde gebeten, einen Darlehensvertrag meines Ehepartners mit zu unterzeichnen. Was k\u00f6nnten die Konsequenzen sein?<\/span><\/a><\/h4><\/div><div id=\"8d20178beb0049b38\" class=\"panel-collapse collapse \" aria-labelledby=\"toggle_8d20178beb0049b38\"><div class=\"panel-body toggle-content fusion-clearfix\"><\/p>\n<p>Wenn Sie einen Darlehensvertrag f\u00fcr eine Investition in den Betrieb des Ehegatten als Mitschuldnerin unterzeichnen, haften Sie mit Ihrem ganzen Verm\u00f6gen (ausserbetriebliche Einnahmen, Erbschaft, usw.). Wenn Sie kein Verm\u00f6gen haben, k\u00f6nnen Sie nicht solidarisch f\u00fcr Schulden haftbar gemacht werden.<\/p>\n<p>Vor einer Unterzeichnung eines Darlehensvertrags wird dringend empfohlen, die Risiken sorgf\u00e4ltig abzuw\u00e4gen und sich \u00fcber m\u00f6gliche Finanzierungsalternativen zu informieren.<\/p>\n<p><\/div><\/div><\/div><div class=\"fusion-panel panel-default panel-c20c2fa579f33255c fusion-toggle-no-divider fusion-toggle-boxed-mode\"><div class=\"panel-heading\"><h4 class=\"panel-title toggle\" id=\"toggle_c20c2fa579f33255c\"><a aria-expanded=\"false\" aria-controls=\"c20c2fa579f33255c\" role=\"button\" data-toggle=\"collapse\" data-parent=\"#accordion-118-1\" data-target=\"#c20c2fa579f33255c\" href=\"#c20c2fa579f33255c\"><span class=\"fusion-toggle-icon-wrapper\" aria-hidden=\"true\"><i class=\"fa-fusion-box active-icon awb-icon-minus\" aria-hidden=\"true\"><\/i><i class=\"fa-fusion-box inactive-icon awb-icon-plus\" aria-hidden=\"true\"><\/i><\/span><span class=\"fusion-toggle-heading\">Ich werde Geld zur Verf\u00fcgung stellen, um Investitionen in den Betrieb meines Mannes zu finanzieren. Muss ich etwas Besonderes beachten?<\/span><\/a><\/h4><\/div><div id=\"c20c2fa579f33255c\" class=\"panel-collapse collapse \" aria-labelledby=\"toggle_c20c2fa579f33255c\"><div class=\"panel-body toggle-content fusion-clearfix\"><\/p>\n<p>Wenn Sie Ihr eigenes Kapital in den Betrieb investieren, m\u00fcssen Sie die geleisteten Beitr\u00e4ge <strong>schriftlich dokumentieren<\/strong> und diese <strong>Belege aufbewahren<\/strong>. Diese Unterlagen k\u00f6nnen im Falle eines Todes oder einer Scheidung wichtig sein. Die Liste der get\u00e4tigten Investitionen muss regelm\u00e4ssig aktualisiert und immer von beiden Ehegatten unterschrieben werden.<\/p>\n<p>Wenn Sie unter dem G\u00fcterstand der Errungenschaftsbeteiligung verheiratet sind, muss in den Unterlagen auch angegeben werden, ob die Investition aus dem Eigengut oder der Errungenschaft get\u00e4tigt wurde. Bei einer Scheidung oder einem Todesfall werden die Verm\u00f6genswerte n\u00e4mlich unterschiedlich aufgeteilt, je nachdem, ob es sich um Eigengut oder Errungenschaft handelt. Jede Person hat Anspruch darauf, ihr gesamtes Eigengut zur\u00fcckzunehmen, w\u00e4hrend die Errungenschaft zwischen den Ehegatten je zur H\u00e4lfte geteilt wird.<\/p>\n<p><\/div><\/div><\/div><\/div><\/div>\n<\/div><\/div><\/div><div class=\"fusion-layout-column fusion_builder_column fusion-builder-column-2 fusion_builder_column_2_5 2_5 fusion-flex-column\" style=\"--awb-padding-top:6%;--awb-padding-right:6%;--awb-padding-bottom:6%;--awb-padding-left:6%;--awb-bg-size:cover;--awb-border-color:rgba(30,166,134,0.61);--awb-border-top:2px;--awb-border-right:2px;--awb-border-bottom:2px;--awb-border-left:2px;--awb-border-style:solid;--awb-width-large:40%;--awb-margin-top-large:0px;--awb-spacing-right-large:4.8%;--awb-margin-bottom-large:20px;--awb-spacing-left-large:4.8%;--awb-width-medium:40%;--awb-order-medium:0;--awb-spacing-right-medium:4.8%;--awb-spacing-left-medium:4.8%;--awb-width-small:100%;--awb-order-small:0;--awb-spacing-right-small:1.92%;--awb-spacing-left-small:1.92%;\"><div class=\"fusion-column-wrapper fusion-column-has-shadow fusion-flex-justify-content-flex-start fusion-content-layout-column\"><div class=\"fusion-text fusion-text-4\"><h5><span style=\"color: #4d4a4a\">N\u00fctzliche Dokumente und Links<\/span><\/h5>\n<div class=\"fusion-separator fusion-full-width-sep agri-separator\" style=\"align-self: center;margin-left: auto;margin-right: auto;width:100%;\"><\/div>\n<p><span style=\"color: #1ea686\"><i class=\"fb-icon-element-2 fb-icon-element fontawesome-icon fa-square fas circle-no fusion-text-flow\" style=\"--awb-iconcolor:#1ea686;--awb-iconcolor-hover:#1ea686;--awb-font-size:10px;--awb-margin-right:5px;\"><\/i> <span style=\"color: #000000\">Schweizerisches Zivilgesetzbuch, Art. 166. <em>Vertretung der ehelichen <\/em><\/span><em><span style=\"color: #000000\">Gemeinschaft<br \/>\n<\/span><\/em><span style=\"color: #000000\"><a href=\"https:\/\/www.admin.ch\/opc\/de\/classified-compilation\/19070042\/index.html\" target=\"_blank\" rel=\"noopener noreferrer\"><span style=\"color: #1ea686\"><strong>Link<\/strong><\/span><\/a><\/span><em><span style=\"color: #000000\"><br \/>\n<\/span><\/em><\/span><\/p>\n<p><span style=\"color: #1ea686\"><i class=\"fb-icon-element-3 fb-icon-element fontawesome-icon fa-square fas circle-no fusion-text-flow\" style=\"--awb-iconcolor:#1ea686;--awb-iconcolor-hover:#1ea686;--awb-font-size:10px;--awb-margin-right:5px;\"><\/i> <span style=\"color: #000000\">Merkblattserie Bewusst B\u00e4uerin sein, Merkblatt Nr. 3: <em>Geld in den Betrieb <\/em><\/span><span style=\"color: #000000\"><em>des Ehegatten investieren<\/em>, AGRIDEA<br \/>\n<\/span><a style=\"color: #1ea686\" href=\"https:\/\/agridea.abacuscity.ch\/de\/3~310370~Shop\/Publikationen\/Unternehmen-und-Familie\/Partnerschaft-Familie\" target=\"_blank\" rel=\"noopener noreferrer\"><strong>Link<\/strong><\/a><\/span><\/p>\n<p><span style=\"color: #1ea686\"><i class=\"fb-icon-element-4 fb-icon-element fontawesome-icon fa-square fas circle-no fusion-text-flow\" style=\"--awb-iconcolor:#1ea686;--awb-iconcolor-hover:#1ea686;--awb-font-size:10px;--awb-margin-right:5px;\"><\/i> <span style=\"color: #000000\">B\u00dcRKI P., <em>Schulden des Ehepartners. Haftung f\u00fcr Rechtsgesch\u00e4fte des Ehepartners<\/em>. UFA Revue 3 \/ 2014, S. 13 \u201314<br \/>\n<span style=\"color: #1ea686\"><a style=\"color: #1ea686\" href=\"https:\/\/agripedia.ch\/farah\/wp-content\/uploads\/sites\/32\/2021\/02\/Schulden_des_Ehepartners_UFA-Revue-B\u00fcrki.pdf\" target=\"_blank\" rel=\"noopener noreferrer\"><strong>Link<\/strong><\/a><\/span><br \/>\n<\/span><\/span><\/p>\n<p><span style=\"color: #1ea686\"><i class=\"fb-icon-element-5 fb-icon-element fontawesome-icon fa-square fas circle-no fusion-text-flow\" style=\"--awb-iconcolor:#1ea686;--awb-iconcolor-hover:#1ea686;--awb-font-size:10px;--awb-margin-right:5px;\"><\/i> <span style=\"color: #000000\">LANGE NAEF E., <em>Nebenerwerb der B\u00e4uerin. Wie teilen?<\/em> UFA Revue 4 \/ 2012, S. 10 \u201312<br \/>\n<span style=\"color: #1ea686\"><a style=\"color: #1ea686\" href=\"https:\/\/agripedia.ch\/farah\/wp-content\/uploads\/sites\/32\/2021\/02\/Nebenerwerb-der-B\u00e4uerin-UFA-Revue-04-2012.pdf\" target=\"_blank\" rel=\"noopener noreferrer\"><strong>Link<\/strong><\/a><\/span><br \/>\n<\/span><\/span><\/p>\n<p><span style=\"color: #1ea686\"><i class=\"fb-icon-element-6 fb-icon-element fontawesome-icon fa-square fas circle-no fusion-text-flow\" style=\"--awb-iconcolor:#1ea686;--awb-iconcolor-hover:#1ea686;--awb-font-size:10px;--awb-margin-right:5px;\"><\/i> <span style=\"color: #000000\">W\u00dcRSCH M., <em>Erspartes der Ehefrau investieren. Darlehen an Ehegatten<\/em>. UFA Revue 7\u2013 8 \/ 2011, S. 47\u2013 50<br \/>\n<span style=\"color: #1ea686\"><a style=\"color: #1ea686\" href=\"https:\/\/agripedia.ch\/farah\/wp-content\/uploads\/sites\/32\/2021\/02\/Erspartes-der-Ehefrau-investieren-UFA-Revue-7\u2013-8-2011.pdf\" target=\"_blank\" rel=\"noopener noreferrer\"><strong>\u00a0Link<\/strong><\/a><\/span><br \/>\n<\/span><\/span><\/p>\n<p><span style=\"color: #1ea686\"><i class=\"fb-icon-element-7 fb-icon-element fontawesome-icon fa-square fas circle-no fusion-text-flow\" style=\"--awb-iconcolor:#1ea686;--awb-iconcolor-hover:#1ea686;--awb-font-size:10px;--awb-margin-right:5px;\"><\/i> <span style=\"color: #000000\">Website des Schweizerischen B\u00e4uerinnen- und Landfrauenverbandes. <em>Mein und Dein in der Ehe.<br \/>\n<\/em><a href=\"https:\/\/www.landfrauen.ch\/de\/frau-mann\/mein-und-dein-in-der-ehe\/\" target=\"_blank\" rel=\"noopener noreferrer\"><span style=\"color: #1ea686\"><strong>Link<\/strong><\/span><\/a><em><br \/>\n<\/em><\/span><\/span><\/p>\n<\/div><\/div><\/div><\/div><\/div><div class=\"fusion-fullwidth fullwidth-box fusion-builder-row-3 fusion-flex-container nonhundred-percent-fullwidth non-hundred-percent-height-scrolling\" style=\"--awb-border-radius-top-left:0px;--awb-border-radius-top-right:0px;--awb-border-radius-bottom-right:0px;--awb-border-radius-bottom-left:0px;--awb-flex-wrap:wrap;\" ><div class=\"fusion-builder-row fusion-row fusion-flex-align-items-flex-start fusion-flex-content-wrap\" style=\"max-width:1144px;margin-left: calc(-4% \/ 2 );margin-right: calc(-4% \/ 2 );\"><div class=\"fusion-layout-column fusion_builder_column fusion-builder-column-3 fusion_builder_column_1_1 1_1 fusion-flex-column\" style=\"--awb-bg-size:cover;--awb-width-large:100%;--awb-margin-top-large:0px;--awb-spacing-right-large:1.92%;--awb-margin-bottom-large:20px;--awb-spacing-left-large:1.92%;--awb-width-medium:100%;--awb-spacing-right-medium:1.92%;--awb-spacing-left-medium:1.92%;--awb-width-small:100%;--awb-spacing-right-small:1.92%;--awb-spacing-left-small:1.92%;\"><div class=\"fusion-column-wrapper fusion-column-has-shadow fusion-flex-justify-content-flex-start fusion-content-layout-column\"><div class=\"fusion-separator fusion-full-width-sep agri-separator\" style=\"align-self: center;margin-left: auto;margin-right: auto;width:100%;\"><\/div><\/div><\/div><\/div><\/div><div class=\"fusion-fullwidth fullwidth-box fusion-builder-row-4 fusion-flex-container nonhundred-percent-fullwidth non-hundred-percent-height-scrolling\" style=\"--awb-border-radius-top-left:0px;--awb-border-radius-top-right:0px;--awb-border-radius-bottom-right:0px;--awb-border-radius-bottom-left:0px;--awb-flex-wrap:wrap;\" ><div class=\"fusion-builder-row fusion-row fusion-flex-align-items-flex-start fusion-flex-content-wrap\" style=\"max-width:1144px;margin-left: calc(-4% \/ 2 );margin-right: calc(-4% \/ 2 );\"><div class=\"fusion-layout-column fusion_builder_column fusion-builder-column-4 fusion_builder_column_1_3 1_3 fusion-flex-column\" style=\"--awb-bg-size:cover;--awb-width-large:33.333333333333%;--awb-margin-top-large:0px;--awb-spacing-right-large:5.76%;--awb-margin-bottom-large:20px;--awb-spacing-left-large:5.76%;--awb-width-medium:33.333333333333%;--awb-spacing-right-medium:5.76%;--awb-spacing-left-medium:5.76%;--awb-width-small:100%;--awb-spacing-right-small:1.92%;--awb-spacing-left-small:1.92%;\"><div class=\"fusion-column-wrapper fusion-column-has-shadow fusion-flex-justify-content-flex-start fusion-content-layout-column\"><div ><a class=\"fusion-button button-flat button-large button-custom fusion-button-default button-1 fusion-button-span-yes fusion-button-default-type\" style=\"--button_accent_color:#ffffff;--button_accent_hover_color:#ffffff;--button_border_hover_color:#ffffff;--button_gradient_top_color:#de3131;--button_gradient_bottom_color:#de3131;--button_gradient_top_color_hover:#de3131;--button_gradient_bottom_color_hover:#de3131;\" target=\"_self\" href=\"https:\/\/agripedia.ch\/farah\/rechtlicher-status-im-betrieb\/\"><span class=\"fusion-button-icon-divider button-icon-divider-left\"><i class=\"fa-arrow-left fas awb-button__icon awb-button__icon--default\" aria-hidden=\"true\"><\/i><\/span><span class=\"fusion-button-text awb-button__text awb-button__text--default fusion-button-text-left\">Rechtlicher Status im Betrieb<\/span><\/a><\/div><\/div><\/div><div class=\"fusion-layout-column fusion_builder_column fusion-builder-column-5 fusion_builder_column_1_3 1_3 fusion-flex-column\" style=\"--awb-bg-size:cover;--awb-width-large:33.333333333333%;--awb-margin-top-large:0px;--awb-spacing-right-large:5.76%;--awb-margin-bottom-large:20px;--awb-spacing-left-large:5.76%;--awb-width-medium:33.333333333333%;--awb-spacing-right-medium:5.76%;--awb-spacing-left-medium:5.76%;--awb-width-small:100%;--awb-spacing-right-small:1.92%;--awb-spacing-left-small:1.92%;\"><div class=\"fusion-column-wrapper fusion-column-has-shadow fusion-flex-justify-content-flex-start fusion-content-layout-column\"><div ><a class=\"fusion-button button-flat button-large button-custom fusion-button-default button-2 fusion-button-span-yes fusion-button-default-type\" style=\"--button_accent_color:#ffffff;--button_accent_hover_color:#ffffff;--button_border_hover_color:#ffffff;--button_gradient_top_color:#4d4a4a;--button_gradient_bottom_color:#4d4a4a;--button_gradient_top_color_hover:#4d4a4a;--button_gradient_bottom_color_hover:#4d4a4a;\" target=\"_self\" href=\"https:\/\/agripedia.ch\/farah\/inhaltsverzeichnis\/\"><span class=\"fusion-button-icon-divider button-icon-divider-left\"><i class=\"fa-list fas awb-button__icon awb-button__icon--default\" aria-hidden=\"true\"><\/i><\/span><span class=\"fusion-button-text awb-button__text awb-button__text--default fusion-button-text-left\">Inhaltsverzeichnis<\/span><\/a><\/div><\/div><\/div><div class=\"fusion-layout-column fusion_builder_column fusion-builder-column-6 fusion_builder_column_1_3 1_3 fusion-flex-column\" style=\"--awb-bg-size:cover;--awb-width-large:33.333333333333%;--awb-margin-top-large:0px;--awb-spacing-right-large:5.76%;--awb-margin-bottom-large:20px;--awb-spacing-left-large:5.76%;--awb-width-medium:33.333333333333%;--awb-spacing-right-medium:5.76%;--awb-spacing-left-medium:5.76%;--awb-width-small:100%;--awb-spacing-right-small:1.92%;--awb-spacing-left-small:1.92%;\"><div class=\"fusion-column-wrapper fusion-column-has-shadow fusion-flex-justify-content-flex-start fusion-content-layout-column\"><div ><a class=\"fusion-button button-flat button-large button-custom fusion-button-default button-3 fusion-button-span-yes fusion-button-default-type\" style=\"--button_accent_color:#ffffff;--button_accent_hover_color:#ffffff;--button_border_hover_color:#ffffff;--button_gradient_top_color:#1ea686;--button_gradient_bottom_color:#1ea686;--button_gradient_top_color_hover:#1ea686;--button_gradient_bottom_color_hover:#1ea686;\" target=\"_self\" href=\"https:\/\/agripedia.ch\/farah\/eigenes-einkommen\/\"><span class=\"fusion-button-text awb-button__text awb-button__text--default fusion-button-text-right\">Eigenes Einkommen<\/span><span class=\"fusion-button-icon-divider button-icon-divider-right\"><i class=\"fa-arrow-right fas awb-button__icon awb-button__icon--default\" aria-hidden=\"true\"><\/i><\/span><\/a><\/div><\/div><\/div><\/div><\/div><\/p>\n","protected":false},"excerpt":{"rendered":"","protected":false},"author":192,"featured_media":0,"parent":0,"menu_order":0,"comment_status":"closed","ping_status":"closed","template":"","meta":{"_sb_is_suggestion_mode":false,"_sb_show_suggestion_boards":false,"_sb_show_comment_boards":false,"_sb_suggestion_history":"","_sb_update_block_changes":"","_monsterinsights_skip_tracking":false,"_monsterinsights_sitenote_active":false,"_monsterinsights_sitenote_note":"","_monsterinsights_sitenote_category":0,"footnotes":""},"class_list":["post-118","page","type-page","status-publish","hentry"],"_links":{"self":[{"href":"https:\/\/agripedia.ch\/farah\/wp-json\/wp\/v2\/pages\/118","targetHints":{"allow":["GET"]}}],"collection":[{"href":"https:\/\/agripedia.ch\/farah\/wp-json\/wp\/v2\/pages"}],"about":[{"href":"https:\/\/agripedia.ch\/farah\/wp-json\/wp\/v2\/types\/page"}],"author":[{"embeddable":true,"href":"https:\/\/agripedia.ch\/farah\/wp-json\/wp\/v2\/users\/192"}],"replies":[{"embeddable":true,"href":"https:\/\/agripedia.ch\/farah\/wp-json\/wp\/v2\/comments?post=118"}],"version-history":[{"count":20,"href":"https:\/\/agripedia.ch\/farah\/wp-json\/wp\/v2\/pages\/118\/revisions"}],"predecessor-version":[{"id":667,"href":"https:\/\/agripedia.ch\/farah\/wp-json\/wp\/v2\/pages\/118\/revisions\/667"}],"wp:attachment":[{"href":"https:\/\/agripedia.ch\/farah\/wp-json\/wp\/v2\/media?parent=118"}],"curies":[{"name":"wp","href":"https:\/\/api.w.org\/{rel}","templated":true}]}}