{"id":111,"date":"2020-10-09T07:20:33","date_gmt":"2020-10-09T07:20:33","guid":{"rendered":"https:\/\/agripedia.ch\/farah\/?page_id=111"},"modified":"2020-11-09T15:36:30","modified_gmt":"2020-11-09T15:36:30","slug":"tod","status":"publish","type":"page","link":"https:\/\/agripedia.ch\/farah\/tod\/","title":{"rendered":"Tod"},"content":{"rendered":"<p><div class=\"fusion-fullwidth fullwidth-box fusion-builder-row-1 fusion-flex-container nonhundred-percent-fullwidth non-hundred-percent-height-scrolling\" style=\"--awb-border-radius-top-left:0px;--awb-border-radius-top-right:0px;--awb-border-radius-bottom-right:0px;--awb-border-radius-bottom-left:0px;--awb-flex-wrap:wrap;\" ><div class=\"fusion-builder-row fusion-row fusion-flex-align-items-flex-start fusion-flex-content-wrap\" style=\"max-width:1144px;margin-left: calc(-4% \/ 2 );margin-right: calc(-4% \/ 2 );\"><div class=\"fusion-layout-column fusion_builder_column fusion-builder-column-0 fusion_builder_column_1_1 1_1 fusion-flex-column\" style=\"--awb-bg-size:cover;--awb-width-large:100%;--awb-margin-top-large:0px;--awb-spacing-right-large:1.92%;--awb-margin-bottom-large:20px;--awb-spacing-left-large:1.92%;--awb-width-medium:100%;--awb-spacing-right-medium:1.92%;--awb-spacing-left-medium:1.92%;--awb-width-small:100%;--awb-spacing-right-small:1.92%;--awb-spacing-left-small:1.92%;\"><div class=\"fusion-column-wrapper fusion-column-has-shadow fusion-flex-justify-content-flex-start fusion-content-layout-column\"><div class=\"fusion-text fusion-text-1\"><h6><span style=\"color: #ffaa00\"><a style=\"color: #ffaa00\" href=\"https:\/\/agripedia.ch\/farah\/\">Startseite<\/a> > Famili\u00e4re Situation > <a style=\"color: #ffaa00\" href=\"https:\/\/agripedia.ch\/farah\/tod\/\">Tod<\/a><\/span><\/h6>\n<\/div><div class=\"fusion-separator fusion-full-width-sep\" style=\"align-self: center;margin-left: auto;margin-right: auto;width:100%;\"><div class=\"fusion-separator-border sep-single sep-solid\" style=\"--awb-height:20px;--awb-amount:20px;--awb-sep-color:#ffaa00;border-color:#ffaa00;border-top-width:1px;\"><\/div><\/div><div class=\"fusion-separator fusion-full-width-sep agri-separator\" style=\"align-self: center;margin-left: auto;margin-right: auto;width:100%;\"><\/div><div class=\"fusion-text fusion-text-2\"><h2><span style=\"color: #ffaa00\"><i class=\"fb-icon-element-1 fb-icon-element fontawesome-icon fa-cross fas circle-yes fusion-text-flow\" style=\"--awb-circlecolor:#ffaa00;--awb-circlecolor-hover:#ffaa00;--awb-circlebordersize:0px;--awb-font-size:33.44px;--awb-width:66.88px;--awb-height:66.88px;--awb-line-height:66.88px;--awb-margin-right:19px;\"><\/i> <\/span><span style=\"color: #ffaa00\">Tod<\/span><\/h2>\n<\/div><\/div><\/div><\/div><\/div><div class=\"fusion-fullwidth fullwidth-box fusion-builder-row-2 fusion-flex-container nonhundred-percent-fullwidth non-hundred-percent-height-scrolling\" style=\"--awb-border-radius-top-left:0px;--awb-border-radius-top-right:0px;--awb-border-radius-bottom-right:0px;--awb-border-radius-bottom-left:0px;--awb-flex-wrap:wrap;\" ><div class=\"fusion-builder-row fusion-row fusion-flex-align-items-stretch fusion-flex-content-wrap\" style=\"max-width:1144px;margin-left: calc(-4% \/ 2 );margin-right: calc(-4% \/ 2 );\"><div class=\"fusion-layout-column fusion_builder_column fusion-builder-column-1 fusion_builder_column_3_5 3_5 fusion-flex-column\" style=\"--awb-bg-size:cover;--awb-width-large:60%;--awb-margin-top-large:0px;--awb-spacing-right-large:3.2%;--awb-margin-bottom-large:20px;--awb-spacing-left-large:3.2%;--awb-width-medium:60%;--awb-spacing-right-medium:3.2%;--awb-spacing-left-medium:3.2%;--awb-width-small:100%;--awb-spacing-right-small:1.92%;--awb-spacing-left-small:1.92%;\"><div class=\"fusion-column-wrapper fusion-column-has-shadow fusion-flex-justify-content-flex-start fusion-content-layout-column\"><div class=\"fusion-text fusion-text-3\"><div class=\"accordian fusion-accordian\" style=\"--awb-border-size:2px;--awb-icon-size:20px;--awb-content-font-size:18px;--awb-icon-alignment:left;--awb-hover-color:#ffffd6;--awb-border-color:#ffffd6;--awb-background-color:#ffffe3;--awb-divider-color:#e0dede;--awb-divider-hover-color:#e0dede;--awb-icon-color:#ffaa00;--awb-title-color:#f44336;--awb-content-color:#0f0f0f;--awb-icon-box-color:#7a7a7a;--awb-toggle-hover-accent-color:#ffaa00;--awb-title-font-family:&quot;Roboto&quot;;--awb-title-font-weight:700;--awb-title-font-style:normal;--awb-title-font-size:22px;--awb-title-line-height:1.5;--awb-content-font-family:&quot;Roboto&quot;;--awb-content-font-style:normal;--awb-content-font-weight:300;\"><div class=\"panel-group fusion-toggle-icon-unboxed\" id=\"accordion-111-1\"><div class=\"fusion-panel panel-default panel-65f7fb49bd537e2b9 fusion-toggle-no-divider fusion-toggle-boxed-mode\"><div class=\"panel-heading\"><h4 class=\"panel-title toggle\" id=\"toggle_65f7fb49bd537e2b9\"><a aria-expanded=\"false\" aria-controls=\"65f7fb49bd537e2b9\" role=\"button\" data-toggle=\"collapse\" data-parent=\"#accordion-111-1\" data-target=\"#65f7fb49bd537e2b9\" href=\"#65f7fb49bd537e2b9\"><span class=\"fusion-toggle-icon-wrapper\" aria-hidden=\"true\"><i class=\"fa-fusion-box active-icon awb-icon-minus\" aria-hidden=\"true\"><\/i><i class=\"fa-fusion-box inactive-icon awb-icon-plus\" aria-hidden=\"true\"><\/i><\/span><span class=\"fusion-toggle-heading\">Kann ich den Betrieb \u00fcbernehmen, falls mein Ehepartner stirbt?<\/span><\/a><\/h4><\/div><div id=\"65f7fb49bd537e2b9\" class=\"panel-collapse collapse \" aria-labelledby=\"toggle_65f7fb49bd537e2b9\"><div class=\"panel-body toggle-content fusion-clearfix\"><\/p>\n<p>Beim Tod eines Selbstbewirtschafters oder einer Selbstbewirtschafterin wird sein resp. ihr landwirtschaftliches Gewerbe Teil seines oder ihres Nachlasses. Jeder Erbe und jede Erbin des\/der Verstorbenen, der oder die \u00fcber die erforderlichen F\u00e4higkeiten verf\u00fcgt und den Betrieb selbst \u00fcbernehmen will, kann die <strong>Zuweisung des landwirtschaftlichen Gewerbes<\/strong> verlangen.<\/p>\n<p>Um die Zuweisung des Hofes bei mehreren potenziell interessierten Erben \u2013 insbesondere Ehegatten oder Kindern \u2013 zu vereinfachen, kann der oder die Bewirtschafter\/in zu Lebzeiten denjenigen Erben bestimmen, der vorrangig ber\u00fccksichtigt werden soll. Die Witwe\/der Witwer kann den Betrieb ebenfalls weiterf\u00fchren, bis er von einem der Kinder \u00fcbernommen wird, oder ihn im Rahmen einer Erbengemeinschaft weiter bewirtschaften.<\/p>\n<p>Falls sich die Erben nicht einig werden, entscheidet das Gericht unter Ber\u00fccksichtigung der besonderen Situation aller Beteiligten. Wenn das landwirtschaftliche Gewerbe nicht der Witwe zugewiesen wird, kann sie die Einrichtung einer<strong> Nutzniessung<\/strong> an einer Wohnung oder ein Wohnrecht verlangen.<\/p>\n<p><\/div><\/div><\/div><div class=\"fusion-panel panel-default panel-f3152606755c4be19 fusion-toggle-no-divider fusion-toggle-boxed-mode\"><div class=\"panel-heading\"><h4 class=\"panel-title toggle\" id=\"toggle_f3152606755c4be19\"><a aria-expanded=\"false\" aria-controls=\"f3152606755c4be19\" role=\"button\" data-toggle=\"collapse\" data-parent=\"#accordion-111-1\" data-target=\"#f3152606755c4be19\" href=\"#f3152606755c4be19\"><span class=\"fusion-toggle-icon-wrapper\" aria-hidden=\"true\"><i class=\"fa-fusion-box active-icon awb-icon-minus\" aria-hidden=\"true\"><\/i><i class=\"fa-fusion-box inactive-icon awb-icon-plus\" aria-hidden=\"true\"><\/i><\/span><span class=\"fusion-toggle-heading\">Gibt es in einer solchen Situation eine \u00dcbergangsfrist, um die Anforderungen f\u00fcr den Erhalt von Direktzahlungen zu erf\u00fcllen?<\/span><\/a><\/h4><\/div><div id=\"f3152606755c4be19\" class=\"panel-collapse collapse \" aria-labelledby=\"toggle_f3152606755c4be19\"><div class=\"panel-body toggle-content fusion-clearfix\"><\/p>\n<p>Nach dem Tod eines Landwirts\/einer Landwirtin hat die Erbin oder der Erbe, die oder der den Betrieb \u00fcbernimmt, maximal drei Jahre Zeit, um die Anforderungen f\u00fcr den Erhalt von Direktzahlungen zu erf\u00fcllen.<\/p>\n<p>Die Direktzahlungsverordnung legt fest, dass Direktzahlungen nur an Bewirtschafterinnen und Bewirtschafter ausgerichtet werden, die gewisse Ausbildungsanforderungen erf\u00fcllen. Die folgenden Ausbildungen sind anerkannt:<\/p>\n<p><span style=\"color: #ffaa00\"><i class=\"fb-icon-element-2 fb-icon-element fontawesome-icon fa-square fas circle-no fusion-text-flow\" style=\"--awb-iconcolor:#ffaa00;--awb-iconcolor-hover:#ffaa00;--awb-font-size:10px;--awb-margin-right:5px;\"><\/i><strong>\u00a0<\/strong><span style=\"color: #000000\">Berufliche Grundbildung im Berufsfeld Landwirtschaft und deren Berufe mit Eidgen\u00f6ssischem Berufsattest (<strong>EBA<\/strong>) oder Eidgen\u00f6ssisches F\u00e4higkeitszeugnis (<strong>EFZ<\/strong>) oder <strong>h\u00f6here Ausbildung<\/strong> in diesen Berufen (Fachhochschule, ETH usw.).<\/span><\/span><\/p>\n<p><span style=\"color: #ffaa00\"><i class=\"fb-icon-element-3 fb-icon-element fontawesome-icon fa-square fas circle-no fusion-text-flow\" style=\"--awb-iconcolor:#ffaa00;--awb-iconcolor-hover:#ffaa00;--awb-font-size:10px;--awb-margin-right:5px;\"><\/i> <span style=\"color: #000000\">Berufliche<\/span> <span style=\"color: #000000\">Grundbildung mit Eidgen\u00f6ssischem Berufsattest (<strong>EBA<\/strong>) oder Eidgen\u00f6ssischem F\u00e4higkeitszeugnis (<strong>EFZ<\/strong>) ausserhalb des Berufsfelds Landwirtschaft, erg\u00e4nzt durch eine <strong>landwirtschaftliche Weiterbildung<\/strong> oder eine <strong>ausgewiesene praktische T\u00e4tigkeit w\u00e4hrend mindestens drei Jahren<\/strong> auf einem Landwirtschaftsbetrieb. Der Ehepartner oder die Ehepartnerin erf\u00fcllt die Anforderungen bez\u00fcglich Praxisnachweis ohne formelle Best\u00e4tigung (vgl. Direktzahlungsverordnung, Kommentar zu Art. 4 Abs. 2 Bst. b).<\/span><\/span><\/p>\n<p><span style=\"color: #ffaa00\"><i class=\"fb-icon-element-4 fb-icon-element fontawesome-icon fa-square fas circle-no fusion-text-flow\" style=\"--awb-iconcolor:#ffaa00;--awb-iconcolor-hover:#ffaa00;--awb-font-size:10px;--awb-margin-right:5px;\"><\/i>\u00a0<span style=\"color: #000000\">B\u00e4uerin mit <strong>Fachausweis<\/strong> oder <strong>diplomierte B\u00e4uerin<\/strong>.<\/span><\/span><\/p>\n<p><\/div><\/div><\/div><\/div><\/div>\n<\/div><\/div><\/div><div class=\"fusion-layout-column fusion_builder_column fusion-builder-column-2 fusion_builder_column_2_5 2_5 fusion-flex-column\" style=\"--awb-padding-top:6%;--awb-padding-right:6%;--awb-padding-bottom:6%;--awb-padding-left:6%;--awb-bg-size:cover;--awb-border-color:rgba(255,170,0,0.61);--awb-border-top:2px;--awb-border-right:2px;--awb-border-bottom:2px;--awb-border-left:2px;--awb-border-style:solid;--awb-width-large:40%;--awb-margin-top-large:0px;--awb-spacing-right-large:4.8%;--awb-margin-bottom-large:20px;--awb-spacing-left-large:4.8%;--awb-width-medium:40%;--awb-order-medium:0;--awb-spacing-right-medium:4.8%;--awb-spacing-left-medium:4.8%;--awb-width-small:100%;--awb-order-small:0;--awb-spacing-right-small:1.92%;--awb-spacing-left-small:1.92%;\"><div class=\"fusion-column-wrapper fusion-column-has-shadow fusion-flex-justify-content-flex-start fusion-content-layout-column\"><div class=\"fusion-text fusion-text-4\"><h5><span style=\"color: #4d4a4a\">N\u00fctzliche Dokumente und Links<\/span><\/h5>\n<div class=\"fusion-separator fusion-full-width-sep agri-separator\" style=\"align-self: center;margin-left: auto;margin-right: auto;width:100%;\"><\/div>\n<p><span style=\"color: #ffaa00\"><i class=\"fb-icon-element-5 fb-icon-element fontawesome-icon fa-square fas circle-no fusion-text-flow\" style=\"--awb-iconcolor:#ffaa00;--awb-iconcolor-hover:#ffaa00;--awb-font-size:10px;--awb-margin-right:5px;\"><\/i> <span style=\"color: #000000\">Bundesgesetz \u00fcber das b\u00e4uerliche Bodenrecht (BGBB)<br \/>\n<a href=\"https:\/\/www.admin.ch\/opc\/de\/classified-compilation\/19910253\/index.html\" target=\"_blank\" rel=\"noopener noreferrer\"><span style=\"color: #ffaa00\"><strong>Link<\/strong><\/span><\/a><br \/>\n<\/span><\/span><\/p>\n<p><span style=\"color: #ffaa00\"><i class=\"fb-icon-element-6 fb-icon-element fontawesome-icon fa-square fas circle-no fusion-text-flow\" style=\"--awb-iconcolor:#ffaa00;--awb-iconcolor-hover:#ffaa00;--awb-font-size:10px;--awb-margin-right:5px;\"><\/i> <span style=\"color: #000000\">Verordnung \u00fcber die Direktzahlungen an die Landwirtschaft (DZV)<br \/>\n<a href=\"https:\/\/www.admin.ch\/opc\/de\/classified-compilation\/20130216\/index.html\" target=\"_blank\" rel=\"noopener noreferrer\"><span style=\"color: #ffaa00\"><strong>Link<\/strong><\/span><\/a><br \/>\n<\/span><\/span><\/p>\n<p><span style=\"color: #ffaa00\"><i class=\"fb-icon-element-7 fb-icon-element fontawesome-icon fa-square fas circle-no fusion-text-flow\" style=\"--awb-iconcolor:#ffaa00;--awb-iconcolor-hover:#ffaa00;--awb-font-size:10px;--awb-margin-right:5px;\"><\/i> <span style=\"color: #000000\">Merkblattserie Bewusst B\u00e4uerin sein, Merkblatt Nr. 5: <em>Tod oder Invalidit\u00e4t auf dem Bauernhof<\/em>. AGRIDEA<br \/>\n<span style=\"color: #ffaa00\"><strong><a style=\"color: #ffaa00\" href=\"https:\/\/agridea.abacuscity.ch\/de\/3~310370~Shop\/Publikationen\/Unternehmen-und-Familie\/Partnerschaft-Familie\" target=\"_blank\" rel=\"noopener noreferrer\">Link<\/a><\/strong><\/span><br \/>\n<\/span><\/span><\/p>\n<p><span style=\"color: #ffaa00\"><i class=\"fb-icon-element-8 fb-icon-element fontawesome-icon fa-square fas circle-no fusion-text-flow\" style=\"--awb-iconcolor:#ffaa00;--awb-iconcolor-hover:#ffaa00;--awb-font-size:10px;--awb-margin-right:5px;\"><\/i> <span style=\"color: #000000\"><em>Betriebs\u00fcbergabe in der Familie<\/em>. Neuauflage 2019. AGRIDEA und agriexpert<br \/>\n<span style=\"color: #ffaa00\"><a style=\"color: #ffaa00\" href=\"https:\/\/agridea.abacuscity.ch\/de\/A~1414~1\/3~310170~Shop\/Publikationen\/Unternehmen-und-Familie\/Zahlen%3A-Betriebs-und-Hauswirtschaft-Rechtsfragen\/Betriebs%C3%BCbergabe-in-der-Familie-Neuauflage-2019%21\/Deutsch\/Print-Papier\" target=\"_blank\" rel=\"noopener noreferrer\"><strong>Link<\/strong><\/a><\/span><br \/>\n<\/span><\/span><\/p>\n<\/div><\/div><\/div><\/div><\/div><div class=\"fusion-fullwidth fullwidth-box fusion-builder-row-3 fusion-flex-container nonhundred-percent-fullwidth non-hundred-percent-height-scrolling\" style=\"--awb-border-radius-top-left:0px;--awb-border-radius-top-right:0px;--awb-border-radius-bottom-right:0px;--awb-border-radius-bottom-left:0px;--awb-flex-wrap:wrap;\" ><div class=\"fusion-builder-row fusion-row fusion-flex-align-items-flex-start fusion-flex-content-wrap\" style=\"max-width:1144px;margin-left: calc(-4% \/ 2 );margin-right: calc(-4% \/ 2 );\"><div class=\"fusion-layout-column fusion_builder_column fusion-builder-column-3 fusion_builder_column_1_1 1_1 fusion-flex-column\" style=\"--awb-bg-size:cover;--awb-width-large:100%;--awb-margin-top-large:0px;--awb-spacing-right-large:1.92%;--awb-margin-bottom-large:20px;--awb-spacing-left-large:1.92%;--awb-width-medium:100%;--awb-spacing-right-medium:1.92%;--awb-spacing-left-medium:1.92%;--awb-width-small:100%;--awb-spacing-right-small:1.92%;--awb-spacing-left-small:1.92%;\"><div class=\"fusion-column-wrapper fusion-column-has-shadow fusion-flex-justify-content-flex-start fusion-content-layout-column\"><div class=\"fusion-separator fusion-full-width-sep agri-separator\" style=\"align-self: center;margin-left: auto;margin-right: auto;width:100%;\"><\/div><\/div><\/div><\/div><\/div><div class=\"fusion-fullwidth fullwidth-box fusion-builder-row-4 fusion-flex-container nonhundred-percent-fullwidth non-hundred-percent-height-scrolling\" style=\"--awb-border-radius-top-left:0px;--awb-border-radius-top-right:0px;--awb-border-radius-bottom-right:0px;--awb-border-radius-bottom-left:0px;--awb-flex-wrap:wrap;\" ><div class=\"fusion-builder-row fusion-row fusion-flex-align-items-flex-start fusion-flex-content-wrap\" style=\"max-width:1144px;margin-left: calc(-4% \/ 2 );margin-right: calc(-4% \/ 2 );\"><div class=\"fusion-layout-column fusion_builder_column fusion-builder-column-4 fusion_builder_column_1_3 1_3 fusion-flex-column\" style=\"--awb-bg-size:cover;--awb-width-large:33.333333333333%;--awb-margin-top-large:0px;--awb-spacing-right-large:5.76%;--awb-margin-bottom-large:20px;--awb-spacing-left-large:5.76%;--awb-width-medium:33.333333333333%;--awb-spacing-right-medium:5.76%;--awb-spacing-left-medium:5.76%;--awb-width-small:100%;--awb-spacing-right-small:1.92%;--awb-spacing-left-small:1.92%;\"><div class=\"fusion-column-wrapper fusion-column-has-shadow fusion-flex-justify-content-flex-start fusion-content-layout-column\"><div ><a class=\"fusion-button button-flat button-large button-custom fusion-button-default button-1 fusion-button-span-yes fusion-button-default-type\" style=\"--button_accent_color:#ffffff;--button_accent_hover_color:#ffffff;--button_border_hover_color:#ffffff;--button_gradient_top_color:#ffaa00;--button_gradient_bottom_color:#ffaa00;--button_gradient_top_color_hover:#ffaa00;--button_gradient_bottom_color_hover:#ffaa00;\" target=\"_self\" href=\"https:\/\/agripedia.ch\/farah\/trennungscheidung\/\"><span class=\"fusion-button-icon-divider button-icon-divider-left\"><i class=\"fa-arrow-left fas awb-button__icon awb-button__icon--default\" aria-hidden=\"true\"><\/i><\/span><span class=\"fusion-button-text awb-button__text awb-button__text--default fusion-button-text-left\">Trennung und Scheidung<\/span><\/a><\/div><\/div><\/div><div class=\"fusion-layout-column fusion_builder_column fusion-builder-column-5 fusion_builder_column_1_3 1_3 fusion-flex-column\" style=\"--awb-bg-size:cover;--awb-width-large:33.333333333333%;--awb-margin-top-large:0px;--awb-spacing-right-large:5.76%;--awb-margin-bottom-large:20px;--awb-spacing-left-large:5.76%;--awb-width-medium:33.333333333333%;--awb-spacing-right-medium:5.76%;--awb-spacing-left-medium:5.76%;--awb-width-small:100%;--awb-spacing-right-small:1.92%;--awb-spacing-left-small:1.92%;\"><div class=\"fusion-column-wrapper fusion-column-has-shadow fusion-flex-justify-content-flex-start fusion-content-layout-column\"><div ><a class=\"fusion-button button-flat button-large button-custom fusion-button-default button-2 fusion-button-span-yes fusion-button-default-type\" style=\"--button_accent_color:#ffffff;--button_accent_hover_color:#ffffff;--button_border_hover_color:#ffffff;--button_gradient_top_color:#4d4a4a;--button_gradient_bottom_color:#4d4a4a;--button_gradient_top_color_hover:#4d4a4a;--button_gradient_bottom_color_hover:#4d4a4a;\" target=\"_self\" href=\"https:\/\/agripedia.ch\/farah\/inhaltsverzeichnis\/\"><span class=\"fusion-button-icon-divider button-icon-divider-left\"><i class=\"fa-list fas awb-button__icon awb-button__icon--default\" aria-hidden=\"true\"><\/i><\/span><span class=\"fusion-button-text awb-button__text awb-button__text--default fusion-button-text-left\">Inhaltsverzeichnis<\/span><\/a><\/div><\/div><\/div><div class=\"fusion-layout-column fusion_builder_column fusion-builder-column-6 fusion_builder_column_1_3 1_3 fusion-flex-column\" style=\"--awb-bg-size:cover;--awb-width-large:33.333333333333%;--awb-margin-top-large:0px;--awb-spacing-right-large:5.76%;--awb-margin-bottom-large:20px;--awb-spacing-left-large:5.76%;--awb-width-medium:33.333333333333%;--awb-spacing-right-medium:5.76%;--awb-spacing-left-medium:5.76%;--awb-width-small:100%;--awb-spacing-right-small:1.92%;--awb-spacing-left-small:1.92%;\"><div class=\"fusion-column-wrapper fusion-column-has-shadow fusion-flex-justify-content-flex-start fusion-content-layout-column\"><div ><a class=\"fusion-button button-flat button-large button-custom fusion-button-default button-3 fusion-button-span-yes fusion-button-default-type\" style=\"--button_accent_color:#ffffff;--button_accent_hover_color:#ffffff;--button_border_hover_color:#ffffff;--button_gradient_top_color:#ffaa00;--button_gradient_bottom_color:#ffaa00;--button_gradient_top_color_hover:#ffaa00;--button_gradient_bottom_color_hover:#ffaa00;\" target=\"_self\" href=\"https:\/\/agripedia.ch\/farah\/hofuebergabe-und-uebernahme\/\"><span class=\"fusion-button-text awb-button__text awb-button__text--default fusion-button-text-right\">Betriebs\u00fcbergabe\/-\u00fcbernahme<\/span><span class=\"fusion-button-icon-divider button-icon-divider-right\"><i class=\"fa-arrow-right fas awb-button__icon awb-button__icon--default\" aria-hidden=\"true\"><\/i><\/span><\/a><\/div><\/div><\/div><\/div><\/div><\/p>\n","protected":false},"excerpt":{"rendered":"","protected":false},"author":192,"featured_media":0,"parent":0,"menu_order":0,"comment_status":"closed","ping_status":"closed","template":"","meta":{"_sb_is_suggestion_mode":false,"_sb_show_suggestion_boards":false,"_sb_show_comment_boards":false,"_sb_suggestion_history":"","_sb_update_block_changes":"","_monsterinsights_skip_tracking":false,"_monsterinsights_sitenote_active":false,"_monsterinsights_sitenote_note":"","_monsterinsights_sitenote_category":0,"footnotes":""},"class_list":["post-111","page","type-page","status-publish","hentry"],"_links":{"self":[{"href":"https:\/\/agripedia.ch\/farah\/wp-json\/wp\/v2\/pages\/111","targetHints":{"allow":["GET"]}}],"collection":[{"href":"https:\/\/agripedia.ch\/farah\/wp-json\/wp\/v2\/pages"}],"about":[{"href":"https:\/\/agripedia.ch\/farah\/wp-json\/wp\/v2\/types\/page"}],"author":[{"embeddable":true,"href":"https:\/\/agripedia.ch\/farah\/wp-json\/wp\/v2\/users\/192"}],"replies":[{"embeddable":true,"href":"https:\/\/agripedia.ch\/farah\/wp-json\/wp\/v2\/comments?post=111"}],"version-history":[{"count":23,"href":"https:\/\/agripedia.ch\/farah\/wp-json\/wp\/v2\/pages\/111\/revisions"}],"predecessor-version":[{"id":591,"href":"https:\/\/agripedia.ch\/farah\/wp-json\/wp\/v2\/pages\/111\/revisions\/591"}],"wp:attachment":[{"href":"https:\/\/agripedia.ch\/farah\/wp-json\/wp\/v2\/media?parent=111"}],"curies":[{"name":"wp","href":"https:\/\/api.w.org\/{rel}","templated":true}]}}