{"id":332,"date":"2020-10-13T07:33:00","date_gmt":"2020-10-13T07:33:00","guid":{"rendered":"https:\/\/agripedia.ch\/farah\/?page_id=332"},"modified":"2020-11-09T16:01:49","modified_gmt":"2020-11-09T16:01:49","slug":"assurances","status":"publish","type":"page","link":"https:\/\/agripedia.ch\/farah\/fr\/assurances\/","title":{"rendered":"Assurances"},"content":{"rendered":"<p><div class=\"fusion-fullwidth fullwidth-box fusion-builder-row-1 fusion-flex-container nonhundred-percent-fullwidth non-hundred-percent-height-scrolling\" style=\"--awb-border-radius-top-left:0px;--awb-border-radius-top-right:0px;--awb-border-radius-bottom-right:0px;--awb-border-radius-bottom-left:0px;--awb-flex-wrap:wrap;\" ><div class=\"fusion-builder-row fusion-row fusion-flex-align-items-flex-start fusion-flex-content-wrap\" style=\"max-width:1144px;margin-left: calc(-4% \/ 2 );margin-right: calc(-4% \/ 2 );\"><div class=\"fusion-layout-column fusion_builder_column fusion-builder-column-0 fusion_builder_column_1_1 1_1 fusion-flex-column\" style=\"--awb-bg-size:cover;--awb-width-large:100%;--awb-margin-top-large:0px;--awb-spacing-right-large:1.92%;--awb-margin-bottom-large:20px;--awb-spacing-left-large:1.92%;--awb-width-medium:100%;--awb-order-medium:0;--awb-spacing-right-medium:1.92%;--awb-spacing-left-medium:1.92%;--awb-width-small:100%;--awb-order-small:0;--awb-spacing-right-small:1.92%;--awb-spacing-left-small:1.92%;\"><div class=\"fusion-column-wrapper fusion-column-has-shadow fusion-flex-justify-content-flex-start fusion-content-layout-column\"><div class=\"fusion-text fusion-text-1\"><h6><span style=\"color: #37913f\"><a style=\"color: #37913f\" href=\"https:\/\/agripedia.ch\/farah\/fr\/\">Page d\u2019accueil<\/a> \u2013 Assurance et pr\u00e9voyance > <a style=\"color: #37913f\" href=\"https:\/\/agripedia.ch\/farah\/fr\/assurances\/\">Assurances<\/a><\/span><\/h6>\n<\/div><div class=\"fusion-separator fusion-full-width-sep\" style=\"align-self: center;margin-left: auto;margin-right: auto;width:100%;\"><div class=\"fusion-separator-border sep-single sep-solid\" style=\"--awb-height:20px;--awb-amount:20px;--awb-sep-color:#37913f;border-color:#37913f;border-top-width:1px;\"><\/div><\/div><\/div><\/div><div class=\"fusion-layout-column fusion_builder_column fusion-builder-column-1 fusion_builder_column_1_1 1_1 fusion-flex-column\" style=\"--awb-bg-size:cover;--awb-width-large:100%;--awb-margin-top-large:0px;--awb-spacing-right-large:1.92%;--awb-margin-bottom-large:20px;--awb-spacing-left-large:1.92%;--awb-width-medium:100%;--awb-spacing-right-medium:1.92%;--awb-spacing-left-medium:1.92%;--awb-width-small:100%;--awb-spacing-right-small:1.92%;--awb-spacing-left-small:1.92%;\"><div class=\"fusion-column-wrapper fusion-column-has-shadow fusion-flex-justify-content-flex-start fusion-content-layout-column\"><div class=\"fusion-separator fusion-full-width-sep agri-separator\" style=\"align-self: center;margin-left: auto;margin-right: auto;width:100%;\"><\/div><div class=\"fusion-text fusion-text-2\"><h2><span style=\"color: #37913f\"><i class=\"fb-icon-element-1 fb-icon-element fontawesome-icon fa-house-damage fas circle-yes fusion-text-flow\" style=\"--awb-circlecolor:#37913f;--awb-circlecolor-hover:#37913f;--awb-circlebordersize:0px;--awb-font-size:33.44px;--awb-width:66.88px;--awb-height:66.88px;--awb-line-height:66.88px;--awb-margin-right:19px;\"><\/i> Assurances<\/span><\/h2>\n<\/div><\/div><\/div><\/div><\/div><div class=\"fusion-fullwidth fullwidth-box fusion-builder-row-2 fusion-flex-container nonhundred-percent-fullwidth non-hundred-percent-height-scrolling\" style=\"--awb-border-radius-top-left:0px;--awb-border-radius-top-right:0px;--awb-border-radius-bottom-right:0px;--awb-border-radius-bottom-left:0px;--awb-flex-wrap:wrap;\" ><div class=\"fusion-builder-row fusion-row fusion-flex-align-items-stretch fusion-flex-content-wrap\" style=\"max-width:1144px;margin-left: calc(-4% \/ 2 );margin-right: calc(-4% \/ 2 );\"><div class=\"fusion-layout-column fusion_builder_column fusion-builder-column-2 fusion_builder_column_3_5 3_5 fusion-flex-column\" style=\"--awb-bg-size:cover;--awb-width-large:60%;--awb-margin-top-large:0px;--awb-spacing-right-large:3.2%;--awb-margin-bottom-large:20px;--awb-spacing-left-large:3.2%;--awb-width-medium:60%;--awb-spacing-right-medium:3.2%;--awb-spacing-left-medium:3.2%;--awb-width-small:100%;--awb-spacing-right-small:1.92%;--awb-spacing-left-small:1.92%;\"><div class=\"fusion-column-wrapper fusion-column-has-shadow fusion-flex-justify-content-flex-start fusion-content-layout-column\"><div class=\"fusion-text fusion-text-3\"><div class=\"accordian fusion-accordian\" style=\"--awb-border-size:2px;--awb-icon-size:20px;--awb-content-font-size:18px;--awb-icon-alignment:left;--awb-hover-color:#f5fcf6;--awb-border-color:#f5fcf6;--awb-background-color:#f7fff8;--awb-divider-color:#e0dede;--awb-divider-hover-color:#e0dede;--awb-icon-color:#37913f;--awb-title-color:#f44336;--awb-content-color:#0f0f0f;--awb-icon-box-color:#37913f;--awb-toggle-hover-accent-color:#37913f;--awb-title-font-family:&quot;Roboto&quot;;--awb-title-font-weight:700;--awb-title-font-style:normal;--awb-title-font-size:22px;--awb-title-line-height:1.5;--awb-content-font-family:&quot;Roboto&quot;;--awb-content-font-style:normal;--awb-content-font-weight:300;\"><div class=\"panel-group fusion-toggle-icon-unboxed\" id=\"accordion-332-1\"><div class=\"fusion-panel panel-default panel-ac9f69d59d41ada76 fusion-toggle-no-divider fusion-toggle-boxed-mode\"><div class=\"panel-heading\"><h4 class=\"panel-title toggle\" id=\"toggle_ac9f69d59d41ada76\"><a aria-expanded=\"false\" aria-controls=\"ac9f69d59d41ada76\" role=\"button\" data-toggle=\"collapse\" data-parent=\"#accordion-332-1\" data-target=\"#ac9f69d59d41ada76\" href=\"#ac9f69d59d41ada76\"><span class=\"fusion-toggle-icon-wrapper\" aria-hidden=\"true\"><i class=\"fa-fusion-box active-icon awb-icon-minus\" aria-hidden=\"true\"><\/i><i class=\"fa-fusion-box inactive-icon awb-icon-plus\" aria-hidden=\"true\"><\/i><\/span><span class=\"fusion-toggle-heading\">Ai-je droit aux prestations de l\u2019assurance ch\u00f4mage?<\/span><\/a><\/h4><\/div><div id=\"ac9f69d59d41ada76\" class=\"panel-collapse collapse \" aria-labelledby=\"toggle_ac9f69d59d41ada76\"><div class=\"panel-body toggle-content fusion-clearfix\"><\/p>\n<p>A moins que vous n\u2019ayez un emploi \u00e0 l\u2019ext\u00e9rieur, il est peu probable que vous puissiez toucher <strong>l\u2019assurance ch\u00f4mage<\/strong>. En effet, une paysanne sans revenu ne cotise pas et n\u2019a donc pas droit aux prestations de l\u2019assurance ch\u00f4mage; une paysanne salari\u00e9e de l\u2019exploitation est consid\u00e9r\u00e9e comme membre de la famille travaillant dans l\u2019exploitation agricole, elle ne cotise pas et n\u2019a pas droit aux prestations; une paysanne avec un statut d\u2019ind\u00e9pendante n\u2019est pas soumise aux contributions et n\u2019a donc pas droit aux prestations.<\/p>\n<p><\/div><\/div><\/div><div class=\"fusion-panel panel-default panel-6826edf65c49ca2be fusion-toggle-no-divider fusion-toggle-boxed-mode\"><div class=\"panel-heading\"><h4 class=\"panel-title toggle\" id=\"toggle_6826edf65c49ca2be\"><a aria-expanded=\"false\" aria-controls=\"6826edf65c49ca2be\" role=\"button\" data-toggle=\"collapse\" data-parent=\"#accordion-332-1\" data-target=\"#6826edf65c49ca2be\" href=\"#6826edf65c49ca2be\"><span class=\"fusion-toggle-icon-wrapper\" aria-hidden=\"true\"><i class=\"fa-fusion-box active-icon awb-icon-minus\" aria-hidden=\"true\"><\/i><i class=\"fa-fusion-box inactive-icon awb-icon-plus\" aria-hidden=\"true\"><\/i><\/span><span class=\"fusion-toggle-heading\">A quoi sert une couverture perte de gain \/ indemnit\u00e9 journali\u00e8re? Est-elle recommand\u00e9e pour la paysanne et dans quels cas?<\/span><\/a><\/h4><\/div><div id=\"6826edf65c49ca2be\" class=\"panel-collapse collapse \" aria-labelledby=\"toggle_6826edf65c49ca2be\"><div class=\"panel-body toggle-content fusion-clearfix\"><\/p>\n<p>Les collaborateurs membres de la famille de l\u2019exploitant ont la possibilit\u00e9 de contracter une assurance d\u2019indemnit\u00e9 journali\u00e8re couvrant une perte de revenu suite \u00e0 une maladie, un accident ou une maternit\u00e9. Son montant devrait permettre de couvrir les frais engendr\u00e9s par la main-d\u2019oeuvre de remplacement. Une telle assurance permet \u00e9galement d\u2019engager une aide pour le m\u00e9nage ou la garde d\u2019enfants.<\/p>\n<p>Si vous d\u00e9clarez un revenu AVS avec un statut de salari\u00e9e ou d\u2019ind\u00e9pendante, vous avez droit \u00e0 un cong\u00e9 maternit\u00e9 pay\u00e9 durant 14 semaines sous forme d\u2019indemnit\u00e9s journali\u00e8res.<\/p>\n<p><\/div><\/div><\/div><div class=\"fusion-panel panel-default panel-dad167f6f08620d83 fusion-toggle-no-divider fusion-toggle-boxed-mode\"><div class=\"panel-heading\"><h4 class=\"panel-title toggle\" id=\"toggle_dad167f6f08620d83\"><a aria-expanded=\"false\" aria-controls=\"dad167f6f08620d83\" role=\"button\" data-toggle=\"collapse\" data-parent=\"#accordion-332-1\" data-target=\"#dad167f6f08620d83\" href=\"#dad167f6f08620d83\"><span class=\"fusion-toggle-icon-wrapper\" aria-hidden=\"true\"><i class=\"fa-fusion-box active-icon awb-icon-minus\" aria-hidden=\"true\"><\/i><i class=\"fa-fusion-box inactive-icon awb-icon-plus\" aria-hidden=\"true\"><\/i><\/span><span class=\"fusion-toggle-heading\">Comment pouvons-nous nous couvrir contre les risques financiers en cas de maladie, accident, d\u00e9c\u00e8s ou invalidit\u00e9 d\u2019un des conjoints-partenaires? Les solutions varient-elles selon mon statut sur l\u2019exploitation?<\/span><\/a><\/h4><\/div><div id=\"dad167f6f08620d83\" class=\"panel-collapse collapse \" aria-labelledby=\"toggle_dad167f6f08620d83\"><div class=\"panel-body toggle-content fusion-clearfix\"><\/p>\n<p>La conclusion d\u2019une assurance risque permet de compl\u00e9ter les prestations de l\u2019AVS et de l\u2019AI en r\u00e9pondant aux besoins de la personne assur\u00e9e. Les deux risques \u2013 maladie et accident \u2013 doivent toujours \u00eatre assur\u00e9s de la m\u00eame fa\u00e7on.<\/p>\n<p>Si vous cotisez \u00e0 l\u2019AVS, vous avez la possibilit\u00e9 de vous assurer aupr\u00e8s de l\u2019institution de pr\u00e9voyance de votre association professionnelle pour les risques d\u00e9c\u00e8s et invalidit\u00e9, dans le cadre du 2e pilier b facultatif. Ces couvertures peuvent s\u2019adapter aux besoins de la famille et elles se distinguent par des <strong>avantages fiscaux<\/strong>.<\/p>\n<p>Si vous n\u2019\u00eates pas d\u00e9clar\u00e9e comme salari\u00e9e, vous pouvez conclure des assurances risques dans le cadre du 3e pilier b facultatif, mais elles seront non d\u00e9ductibles fiscalement.<\/p>\n<p><\/div><\/div><\/div><\/div><\/div>\n<\/div><\/div><\/div><div class=\"fusion-layout-column fusion_builder_column fusion-builder-column-3 fusion_builder_column_2_5 2_5 fusion-flex-column fusion-flex-align-self-stretch\" style=\"--awb-padding-top:6%;--awb-padding-right:6%;--awb-padding-bottom:6%;--awb-padding-left:6%;--awb-bg-size:cover;--awb-border-color:rgba(55,145,63,0.61);--awb-border-top:2px;--awb-border-right:2px;--awb-border-bottom:2px;--awb-border-left:2px;--awb-border-style:solid;--awb-width-large:40%;--awb-margin-top-large:0px;--awb-spacing-right-large:4.8%;--awb-margin-bottom-large:20px;--awb-spacing-left-large:4.8%;--awb-width-medium:40%;--awb-order-medium:0;--awb-spacing-right-medium:4.8%;--awb-spacing-left-medium:4.8%;--awb-width-small:100%;--awb-order-small:0;--awb-spacing-right-small:1.92%;--awb-spacing-left-small:1.92%;\"><div class=\"fusion-column-wrapper fusion-column-has-shadow fusion-flex-justify-content-flex-start fusion-content-layout-column\"><div class=\"fusion-text fusion-text-4\"><h5><span style=\"color: #4d4a4a\">Documents et liens utils<\/span><\/h5>\n<div class=\"fusion-separator fusion-full-width-sep agri-separator\" style=\"align-self: center;margin-left: auto;margin-right: auto;width:100%;\"><\/div>\n<p><span style=\"color: #37913f\"><i class=\"fb-icon-element-2 fb-icon-element fontawesome-icon fa-square fas circle-no fusion-text-flow\" style=\"--awb-iconcolor:#37913f;--awb-iconcolor-hover:#37913f;--awb-font-size:10px;--awb-margin-right:5px;\"><\/i><\/span> <span style=\"color: #000000\">Femmes et hommes dans l\u2019agriculture, Aide-M\u00e9moire 5: <em>D\u00e9c\u00e8s ou invalidit\u00e9 <\/em><em>\u00e0 la ferme<\/em>, AGRIDEA<br \/>\n<span style=\"color: #37913f\"><a style=\"color: #37913f\" href=\"https:\/\/agridea.abacuscity.ch\/fr\/3~310370~Shop\/Publications\/Entreprise-et-Famille\/Partenariat-famille\" target=\"_blank\" rel=\"noopener noreferrer\"><strong>Lien<\/strong><\/a><\/span><\/span><\/span><\/span><\/p>\n<p><span style=\"color: #37913f\"><i class=\"fb-icon-element-3 fb-icon-element fontawesome-icon fa-square fas circle-no fusion-text-flow\" style=\"--awb-iconcolor:#37913f;--awb-iconcolor-hover:#37913f;--awb-font-size:10px;--awb-margin-right:5px;\"><\/i> <\/span><span style=\"color: #1ea686\"><span style=\"color: #4ebf58\"><span style=\"color: #000000\">Femmes et hommes dans l\u2019agriculture, Aide-M\u00e9moire 6: <em>Une pr\u00e9voyance adapt\u00e9e \u00e0 l\u2019agriculture, <\/em>AGRIDEA<br \/>\n<span style=\"color: #37913f\"><a style=\"color: #37913f\" href=\"https:\/\/agridea.abacuscity.ch\/fr\/3~310370~Shop\/Publications\/Entreprise-et-Famille\/Partenariat-famille\" target=\"_blank\" rel=\"noopener noreferrer\"><strong>Lien<\/strong><\/a><\/span><\/span><\/span><\/span><\/p>\n<p><span style=\"color: #37913f\"><i class=\"fb-icon-element-4 fb-icon-element fontawesome-icon fa-square fas circle-no fusion-text-flow\" style=\"--awb-iconcolor:#37913f;--awb-iconcolor-hover:#37913f;--awb-font-size:10px;--awb-margin-right:5px;\"><\/i> <\/span><span style=\"color: #000000\"><span style=\"color: #000000\">K\u00dcNG G., Revue UFA,\u00a0<em>Ce qu\u2019il faut savoir pour \u00eatre bien assur\u00e9<\/em><\/span><em style=\"color: #000000\"><br \/>\n<\/em><span style=\"color: #37913f\"><a style=\"color: #37913f\" href=\"https:\/\/www.agrisano.ch\/fileadmin\/agrisanoch\/02_Angebot\/Bildung_und_Wissen\/Standardwerk_Ufa-Revue_f.pdf\" target=\"_blank\" rel=\"noopener noreferrer\"><b>Lien<\/b><\/a><\/span><\/span><\/span><\/span><\/p>\n<p><span style=\"color: #37913f\"><i class=\"fb-icon-element-5 fb-icon-element fontawesome-icon fa-square fas circle-no fusion-text-flow\" style=\"--awb-iconcolor:#37913f;--awb-iconcolor-hover:#37913f;--awb-font-size:10px;--awb-margin-right:5px;\"><\/i><\/span> <span style=\"color: #000000\">Revue UFA, Cahier sp\u00e9cial,\u00a0<em>Bien assur\u00e9es \u2013 Comment les familles agricoles se prot\u00e8gent<\/em><em style=\"color: #000000\"><br \/>\n<\/em><span style=\"color: #37913f\"><a style=\"color: #37913f\" href=\"https:\/\/www.agriexpert.ch\/fileadmin\/agriexpertch\/04_Services\/Fachartikel\/Treuhand\/Vorsorgeauftrag\/UFA_REVUE_F_Sonderheft_Richtig_versichert.pdf\" target=\"_blank\" rel=\"noopener noreferrer\"><b>Lien<\/b><\/a><\/span><\/span><\/span><\/span><\/p>\n<p><span style=\"color: #37913f\"><i class=\"fb-icon-element-6 fb-icon-element fontawesome-icon fa-square fas circle-no fusion-text-flow\" style=\"--awb-iconcolor:#37913f;--awb-iconcolor-hover:#37913f;--awb-font-size:10px;--awb-margin-right:5px;\"><\/i><\/span> <\/span><\/span>a<span style=\"color: #1ea686\"><span style=\"color: #4ebf58\"><span style=\"color: #000000\">grisano,\u00a0<em>Ouvrage de r\u00e9f\u00e9rence sur les assurances en agriculture<\/em><em style=\"color: #000000\"><br \/>\n<\/em><span style=\"color: #37913f\"><a style=\"color: #37913f\" href=\"https:\/\/www.agrisano.ch\/fr\/offre-2\/formation-et-savoirs\/les-assurances-en-agriculture\/\" target=\"_blank\" rel=\"noopener noreferrer\"><b>Lien<\/b><\/a><\/span><\/span><\/span><\/span><\/p>\n<p><span style=\"color: #37913f\"><i class=\"fb-icon-element-7 fb-icon-element fontawesome-icon fa-square fas circle-no fusion-text-flow\" style=\"--awb-iconcolor:#37913f;--awb-iconcolor-hover:#37913f;--awb-font-size:10px;--awb-margin-right:5px;\"><\/i><\/span> <span style=\"color: #000000\">Site de l\u2019Union suisse des paysannes et femmes rurales<em>,\u00a0<\/em><em>Couverture sociale<\/em><em style=\"color: #000000\"><br \/>\n<\/em><span style=\"color: #37913f\"><a style=\"color: #37913f\" href=\"https:\/\/www.paysannes.ch\/femme-homme\/couverture-sociale\/\" target=\"_blank\" rel=\"noopener noreferrer\"><b>Lien<\/b><\/a><\/span><\/span><\/span><\/span><\/p>\n<\/div><\/div><\/div><\/div><\/div><div class=\"fusion-fullwidth fullwidth-box fusion-builder-row-3 fusion-flex-container nonhundred-percent-fullwidth non-hundred-percent-height-scrolling\" style=\"--awb-border-radius-top-left:0px;--awb-border-radius-top-right:0px;--awb-border-radius-bottom-right:0px;--awb-border-radius-bottom-left:0px;--awb-flex-wrap:wrap;\" ><div class=\"fusion-builder-row fusion-row fusion-flex-align-items-flex-start fusion-flex-content-wrap\" style=\"max-width:1144px;margin-left: calc(-4% \/ 2 );margin-right: calc(-4% \/ 2 );\"><div class=\"fusion-layout-column fusion_builder_column fusion-builder-column-4 fusion_builder_column_1_1 1_1 fusion-flex-column\" style=\"--awb-bg-size:cover;--awb-width-large:100%;--awb-margin-top-large:0px;--awb-spacing-right-large:1.92%;--awb-margin-bottom-large:20px;--awb-spacing-left-large:1.92%;--awb-width-medium:100%;--awb-spacing-right-medium:1.92%;--awb-spacing-left-medium:1.92%;--awb-width-small:100%;--awb-spacing-right-small:1.92%;--awb-spacing-left-small:1.92%;\"><div class=\"fusion-column-wrapper fusion-column-has-shadow fusion-flex-justify-content-flex-start fusion-content-layout-column\"><div class=\"fusion-separator fusion-full-width-sep agri-separator\" style=\"align-self: center;margin-left: auto;margin-right: auto;width:100%;\"><\/div><\/div><\/div><\/div><\/div><div class=\"fusion-fullwidth fullwidth-box fusion-builder-row-4 fusion-flex-container nonhundred-percent-fullwidth non-hundred-percent-height-scrolling\" style=\"--awb-border-radius-top-left:0px;--awb-border-radius-top-right:0px;--awb-border-radius-bottom-right:0px;--awb-border-radius-bottom-left:0px;--awb-flex-wrap:wrap;\" ><div class=\"fusion-builder-row fusion-row fusion-flex-align-items-flex-start fusion-flex-content-wrap\" style=\"max-width:1144px;margin-left: calc(-4% \/ 2 );margin-right: calc(-4% \/ 2 );\"><div class=\"fusion-layout-column fusion_builder_column fusion-builder-column-5 fusion_builder_column_1_3 1_3 fusion-flex-column\" style=\"--awb-bg-size:cover;--awb-width-large:33.333333333333%;--awb-margin-top-large:0px;--awb-spacing-right-large:5.76%;--awb-margin-bottom-large:20px;--awb-spacing-left-large:5.76%;--awb-width-medium:33.333333333333%;--awb-spacing-right-medium:5.76%;--awb-spacing-left-medium:5.76%;--awb-width-small:100%;--awb-spacing-right-small:1.92%;--awb-spacing-left-small:1.92%;\"><div class=\"fusion-column-wrapper fusion-column-has-shadow fusion-flex-justify-content-flex-start fusion-content-layout-column\"><div ><a class=\"fusion-button button-flat button-large button-custom fusion-button-default button-1 fusion-button-span-yes fusion-button-default-type\" style=\"--button_accent_color:#ffffff;--button_accent_hover_color:#ffffff;--button_border_hover_color:#ffffff;--button_gradient_top_color:#0589b5;--button_gradient_bottom_color:#0589b5;--button_gradient_top_color_hover:#0589b5;--button_gradient_bottom_color_hover:#0589b5;\" target=\"_self\" href=\"https:\/\/agripedia.ch\/farah\/fr\/formation\/\"><span class=\"fusion-button-icon-divider button-icon-divider-left\"><i class=\"fa-arrow-left fas awb-button__icon awb-button__icon--default\" aria-hidden=\"true\"><\/i><\/span><span class=\"fusion-button-text awb-button__text awb-button__text--default fusion-button-text-left\">Formation<\/span><\/a><\/div><\/div><\/div><div class=\"fusion-layout-column fusion_builder_column fusion-builder-column-6 fusion_builder_column_1_3 1_3 fusion-flex-column\" style=\"--awb-bg-size:cover;--awb-width-large:33.333333333333%;--awb-margin-top-large:0px;--awb-spacing-right-large:5.76%;--awb-margin-bottom-large:20px;--awb-spacing-left-large:5.76%;--awb-width-medium:33.333333333333%;--awb-spacing-right-medium:5.76%;--awb-spacing-left-medium:5.76%;--awb-width-small:100%;--awb-spacing-right-small:1.92%;--awb-spacing-left-small:1.92%;\"><div class=\"fusion-column-wrapper fusion-column-has-shadow fusion-flex-justify-content-flex-start fusion-content-layout-column\"><div ><a class=\"fusion-button button-flat button-large button-custom fusion-button-default button-2 fusion-button-span-yes fusion-button-default-type\" style=\"--button_accent_color:#ffffff;--button_accent_hover_color:#ffffff;--button_border_hover_color:#ffffff;--button_gradient_top_color:#4d4a4a;--button_gradient_bottom_color:#4d4a4a;--button_gradient_top_color_hover:#4d4a4a;--button_gradient_bottom_color_hover:#4d4a4a;\" target=\"_self\" href=\"https:\/\/agripedia.ch\/farah\/fr\/sommaire\/\"><span class=\"fusion-button-icon-divider button-icon-divider-left\"><i class=\"fa-list fas awb-button__icon awb-button__icon--default\" aria-hidden=\"true\"><\/i><\/span><span class=\"fusion-button-text awb-button__text awb-button__text--default fusion-button-text-left\">Sommaire<\/span><\/a><\/div><\/div><\/div><div class=\"fusion-layout-column fusion_builder_column fusion-builder-column-7 fusion_builder_column_1_3 1_3 fusion-flex-column\" style=\"--awb-bg-size:cover;--awb-width-large:33.333333333333%;--awb-margin-top-large:0px;--awb-spacing-right-large:5.76%;--awb-margin-bottom-large:20px;--awb-spacing-left-large:5.76%;--awb-width-medium:33.333333333333%;--awb-spacing-right-medium:5.76%;--awb-spacing-left-medium:5.76%;--awb-width-small:100%;--awb-spacing-right-small:1.92%;--awb-spacing-left-small:1.92%;\"><div class=\"fusion-column-wrapper fusion-column-has-shadow fusion-flex-justify-content-flex-start fusion-content-layout-column\"><div ><a class=\"fusion-button button-flat button-large button-custom fusion-button-default button-3 fusion-button-span-yes fusion-button-default-type\" style=\"--button_accent_color:#ffffff;--button_accent_hover_color:#ffffff;--button_border_hover_color:#ffffff;--button_gradient_top_color:#37913f;--button_gradient_bottom_color:#37913f;--button_gradient_top_color_hover:#37913f;--button_gradient_bottom_color_hover:#37913f;\" target=\"_self\" href=\"https:\/\/agripedia.ch\/farah\/fr\/retraite\/\"><span class=\"fusion-button-text awb-button__text awb-button__text--default fusion-button-text-right\">Retraite<\/span><span class=\"fusion-button-icon-divider button-icon-divider-right\"><i class=\"fa-arrow-right fas awb-button__icon awb-button__icon--default\" aria-hidden=\"true\"><\/i><\/span><\/a><\/div><\/div><\/div><\/div><\/div><\/p>\n","protected":false},"excerpt":{"rendered":"","protected":false},"author":192,"featured_media":0,"parent":0,"menu_order":0,"comment_status":"closed","ping_status":"closed","template":"","meta":{"_sb_is_suggestion_mode":false,"_sb_show_suggestion_boards":false,"_sb_show_comment_boards":false,"_sb_suggestion_history":"","_sb_update_block_changes":"","_monsterinsights_skip_tracking":false,"_monsterinsights_sitenote_active":false,"_monsterinsights_sitenote_note":"","_monsterinsights_sitenote_category":0,"footnotes":""},"class_list":["post-332","page","type-page","status-publish","hentry"],"_links":{"self":[{"href":"https:\/\/agripedia.ch\/farah\/fr\/wp-json\/wp\/v2\/pages\/332","targetHints":{"allow":["GET"]}}],"collection":[{"href":"https:\/\/agripedia.ch\/farah\/fr\/wp-json\/wp\/v2\/pages"}],"about":[{"href":"https:\/\/agripedia.ch\/farah\/fr\/wp-json\/wp\/v2\/types\/page"}],"author":[{"embeddable":true,"href":"https:\/\/agripedia.ch\/farah\/fr\/wp-json\/wp\/v2\/users\/192"}],"replies":[{"embeddable":true,"href":"https:\/\/agripedia.ch\/farah\/fr\/wp-json\/wp\/v2\/comments?post=332"}],"version-history":[{"count":10,"href":"https:\/\/agripedia.ch\/farah\/fr\/wp-json\/wp\/v2\/pages\/332\/revisions"}],"predecessor-version":[{"id":617,"href":"https:\/\/agripedia.ch\/farah\/fr\/wp-json\/wp\/v2\/pages\/332\/revisions\/617"}],"wp:attachment":[{"href":"https:\/\/agripedia.ch\/farah\/fr\/wp-json\/wp\/v2\/media?parent=332"}],"curies":[{"name":"wp","href":"https:\/\/api.w.org\/{rel}","templated":true}]}}