{"id":329,"date":"2020-10-13T07:11:58","date_gmt":"2020-10-13T07:11:58","guid":{"rendered":"https:\/\/agripedia.ch\/farah\/?page_id=329"},"modified":"2020-11-09T16:00:38","modified_gmt":"2020-11-09T16:00:38","slug":"formation","status":"publish","type":"page","link":"https:\/\/agripedia.ch\/farah\/fr\/formation\/","title":{"rendered":"Formation"},"content":{"rendered":"<p><div class=\"fusion-fullwidth fullwidth-box fusion-builder-row-1 fusion-flex-container nonhundred-percent-fullwidth non-hundred-percent-height-scrolling\" style=\"--awb-border-radius-top-left:0px;--awb-border-radius-top-right:0px;--awb-border-radius-bottom-right:0px;--awb-border-radius-bottom-left:0px;--awb-flex-wrap:wrap;\" ><div class=\"fusion-builder-row fusion-row fusion-flex-align-items-flex-start fusion-flex-content-wrap\" style=\"max-width:1144px;margin-left: calc(-4% \/ 2 );margin-right: calc(-4% \/ 2 );\"><div class=\"fusion-layout-column fusion_builder_column fusion-builder-column-0 fusion_builder_column_1_1 1_1 fusion-flex-column\" style=\"--awb-bg-size:cover;--awb-width-large:100%;--awb-margin-top-large:0px;--awb-spacing-right-large:1.92%;--awb-margin-bottom-large:20px;--awb-spacing-left-large:1.92%;--awb-width-medium:100%;--awb-order-medium:0;--awb-spacing-right-medium:1.92%;--awb-spacing-left-medium:1.92%;--awb-width-small:100%;--awb-order-small:0;--awb-spacing-right-small:1.92%;--awb-spacing-left-small:1.92%;\"><div class=\"fusion-column-wrapper fusion-column-has-shadow fusion-flex-justify-content-flex-start fusion-content-layout-column\"><div class=\"fusion-text fusion-text-1\"><h6><span style=\"color: #0589b5\"><a style=\"color: #0589b5\" href=\"https:\/\/agripedia.ch\/farah\/fr\/\">Page d\u2019accueil<\/a> > Formation > <a style=\"color: #0589b5\" href=\"https:\/\/agripedia.ch\/farah\/fr\/formation\/\">Toutes les informations<\/a><\/span><\/h6>\n<\/div><div class=\"fusion-separator fusion-full-width-sep\" style=\"align-self: center;margin-left: auto;margin-right: auto;width:100%;\"><div class=\"fusion-separator-border sep-single sep-solid\" style=\"--awb-height:20px;--awb-amount:20px;--awb-sep-color:#0589b5;border-color:#0589b5;border-top-width:1px;\"><\/div><\/div><\/div><\/div><div class=\"fusion-layout-column fusion_builder_column fusion-builder-column-1 fusion_builder_column_1_1 1_1 fusion-flex-column\" style=\"--awb-bg-size:cover;--awb-width-large:100%;--awb-margin-top-large:0px;--awb-spacing-right-large:1.92%;--awb-margin-bottom-large:20px;--awb-spacing-left-large:1.92%;--awb-width-medium:100%;--awb-spacing-right-medium:1.92%;--awb-spacing-left-medium:1.92%;--awb-width-small:100%;--awb-spacing-right-small:1.92%;--awb-spacing-left-small:1.92%;\"><div class=\"fusion-column-wrapper fusion-column-has-shadow fusion-flex-justify-content-flex-start fusion-content-layout-column\"><div class=\"fusion-separator fusion-full-width-sep agri-separator\" style=\"align-self: center;margin-left: auto;margin-right: auto;width:100%;\"><\/div><div class=\"fusion-text fusion-text-2\"><h2><span style=\"color: #0589b5\"><a style=\"color: #0589b5\" href=\"https:\/\/agripedia.ch\/farah\/eigentum\/\"><i class=\"fb-icon-element-1 fb-icon-element fontawesome-icon fa fa-graduation-cap circle-yes fusion-text-flow\" style=\"--awb-circlecolor:#0589b5;--awb-circlecolor-hover:#0589b5;--awb-circlebordersize:0px;--awb-font-size:33.44px;--awb-width:66.88px;--awb-height:66.88px;--awb-line-height:66.88px;--awb-margin-right:19px;\"><\/i> Formation<\/a><\/span><\/h2>\n<\/div><\/div><\/div><\/div><\/div><div class=\"fusion-fullwidth fullwidth-box fusion-builder-row-2 fusion-flex-container nonhundred-percent-fullwidth non-hundred-percent-height-scrolling\" style=\"--awb-border-radius-top-left:0px;--awb-border-radius-top-right:0px;--awb-border-radius-bottom-right:0px;--awb-border-radius-bottom-left:0px;--awb-flex-wrap:wrap;\" ><div class=\"fusion-builder-row fusion-row fusion-flex-align-items-stretch fusion-flex-content-wrap\" style=\"max-width:1144px;margin-left: calc(-4% \/ 2 );margin-right: calc(-4% \/ 2 );\"><div class=\"fusion-layout-column fusion_builder_column fusion-builder-column-2 fusion_builder_column_3_5 3_5 fusion-flex-column\" style=\"--awb-bg-size:cover;--awb-width-large:60%;--awb-margin-top-large:0px;--awb-spacing-right-large:3.2%;--awb-margin-bottom-large:20px;--awb-spacing-left-large:3.2%;--awb-width-medium:60%;--awb-spacing-right-medium:3.2%;--awb-spacing-left-medium:3.2%;--awb-width-small:100%;--awb-spacing-right-small:1.92%;--awb-spacing-left-small:1.92%;\"><div class=\"fusion-column-wrapper fusion-column-has-shadow fusion-flex-justify-content-flex-start fusion-content-layout-column\"><div class=\"accordian fusion-accordian\" style=\"--awb-border-size:2px;--awb-icon-size:20px;--awb-content-font-size:18px;--awb-icon-alignment:left;--awb-hover-color:#f2f7f7;--awb-border-color:#f2f7f7;--awb-background-color:#fafcfc;--awb-divider-color:#e0dede;--awb-divider-hover-color:#e0dede;--awb-icon-color:#0589b5;--awb-title-color:#f44336;--awb-content-color:#0f0f0f;--awb-icon-box-color:#7a7a7a;--awb-toggle-hover-accent-color:#0589b5;--awb-title-font-family:&quot;Roboto&quot;;--awb-title-font-weight:700;--awb-title-font-style:normal;--awb-title-font-size:22px;--awb-title-line-height:1.5;--awb-content-font-family:&quot;Roboto&quot;;--awb-content-font-style:normal;--awb-content-font-weight:300;\"><div class=\"panel-group fusion-toggle-icon-unboxed\" id=\"accordion-329-1\"><div class=\"fusion-panel panel-default panel-1252185328513bef8 fusion-toggle-no-divider fusion-toggle-boxed-mode\"><div class=\"panel-heading\"><h4 class=\"panel-title toggle\" id=\"toggle_1252185328513bef8\"><a aria-expanded=\"false\" aria-controls=\"1252185328513bef8\" role=\"button\" data-toggle=\"collapse\" data-parent=\"#accordion-329-1\" data-target=\"#1252185328513bef8\" href=\"#1252185328513bef8\"><span class=\"fusion-toggle-icon-wrapper\" aria-hidden=\"true\"><i class=\"fa-fusion-box active-icon awb-icon-minus\" aria-hidden=\"true\"><\/i><i class=\"fa-fusion-box inactive-icon awb-icon-plus\" aria-hidden=\"true\"><\/i><\/span><span class=\"fusion-toggle-heading\">Je vais me marier \u00e0 un agriculteur. Faut-il que je me forme en agriculture?<\/span><\/a><\/h4><\/div><div id=\"1252185328513bef8\" class=\"panel-collapse collapse \" aria-labelledby=\"toggle_1252185328513bef8\"><div class=\"panel-body toggle-content fusion-clearfix\">\n<p>Il n\u2019y a pas d\u2019obligation de formation pour vivre sur une exploitation. Si vous avez un emploi \u00e0 l\u2019ext\u00e9rieur et que vous ne comptez pas participer \u00e0 l\u2019exploitation, cela n\u2019est pas n\u00e9cessaire.<\/p>\n<p>En revanche si vous d\u00e9sirez \u00eatre impliqu\u00e9e dans le travail de la ferme et participer aux d\u00e9cisions, il est conseill\u00e9 de vous former.<\/p>\n<p>Si vous devenez associ\u00e9e ou coexploitante, la formation devient alors obligatoire, de m\u00eame si vous reprenez l\u2019exploitation suite \u00e0 un \u00e9v\u00e9nement particulier (d\u00e9c\u00e8s, invalidit\u00e9 ou retraite du mari) et si vous voulez obtenir les paiements directs. Plusieurs options de formation s\u2019offrent \u00e0 vous. Il est n\u00e9cessaire de bien choisir celle qui correspondra au mieux \u00e0 votre situation actuelle ou future. Elles sont list\u00e9es dans la r\u00e9ponse ci-dessous.<\/p>\n<\/div><\/div><\/div><div class=\"fusion-panel panel-default panel-2e6a38718844f7de6 fusion-toggle-no-divider fusion-toggle-boxed-mode\"><div class=\"panel-heading\"><h4 class=\"panel-title toggle\" id=\"toggle_2e6a38718844f7de6\"><a aria-expanded=\"false\" aria-controls=\"2e6a38718844f7de6\" role=\"button\" data-toggle=\"collapse\" data-parent=\"#accordion-329-1\" data-target=\"#2e6a38718844f7de6\" href=\"#2e6a38718844f7de6\"><span class=\"fusion-toggle-icon-wrapper\" aria-hidden=\"true\"><i class=\"fa-fusion-box active-icon awb-icon-minus\" aria-hidden=\"true\"><\/i><i class=\"fa-fusion-box inactive-icon awb-icon-plus\" aria-hidden=\"true\"><\/i><\/span><span class=\"fusion-toggle-heading\">Dois-je suivre une formation particuli\u00e8re si je souhaite reprendre l\u2019exploitation familiale?<\/span><\/a><\/h4><\/div><div id=\"2e6a38718844f7de6\" class=\"panel-collapse collapse \" aria-labelledby=\"toggle_2e6a38718844f7de6\"><div class=\"panel-body toggle-content fusion-clearfix\">\n<p>Etre agricultrice et g\u00e9rer une exploitation est un m\u00e9tier qui ne s\u2019improvise pas. Il est indispensable de vous former afin de garantir un fonctionnement optimal de votre exploitation.<\/p>\n<p>Plusieurs formations vous permettent d\u2019\u00eatre reconnue comme exploitante agricole et donnent droit aux paiements directs:<\/p>\n<p><span style=\"color: #3dc7f5\"><span style=\"color: #0589b5\"><i class=\"fb-icon-element-2 fb-icon-element fontawesome-icon fa-square fas circle-no fusion-text-flow\" style=\"--awb-iconcolor:#0589b5;--awb-iconcolor-hover:#0589b5;--awb-font-size:10px;--awb-margin-right:5px;\"><\/i><\/span> <span style=\"color: #000000\">Attestation f\u00e9d\u00e9rale professionnelle (<strong>AFP<\/strong>), Certificat f\u00e9d\u00e9ral de capacit\u00e9 (<strong>CFC<\/strong>) ou <strong>formations sup\u00e9rieures<\/strong> agricoles (Haute \u00e9cole sp\u00e9cialis\u00e9e, Ecole polytechnique f\u00e9d\u00e9rale, etc.).<\/span><\/span><\/p>\n<p><span style=\"color: #3dc7f5\"><span style=\"color: #000000\"><span style=\"color: #0589b5\"><i class=\"fb-icon-element-3 fb-icon-element fontawesome-icon fa-square fas circle-no fusion-text-flow\" style=\"--awb-iconcolor:#0589b5;--awb-iconcolor-hover:#0589b5;--awb-font-size:10px;--awb-margin-right:5px;\"><\/i><\/span> Attestation f\u00e9d\u00e9rale professionnelle (<strong>AFP<\/strong>) ou Certificat f\u00e9d\u00e9ral de capacit\u00e9 (<strong>CFC<\/strong>) non-agricole compl\u00e9t\u00e9 d\u2019une formation continue agricole ou d\u2019une exp\u00e9riencede <strong>3 ans<\/strong> dans une exploitation agricole; les conjoints n\u2019ont pas \u00e0 prouver formellement cette activit\u00e9 pratique (cf Ordonnance sur les paiements directs, commentaire \u00e0 l\u2019article 4, al.2, let.b).<\/span><\/span><\/p>\n<p><span style=\"color: #3dc7f5\"><span style=\"color: #000000\"><span style=\"color: #0589b5\"><i class=\"fb-icon-element-4 fb-icon-element fontawesome-icon fa-square fas circle-no fusion-text-flow\" style=\"--awb-iconcolor:#0589b5;--awb-iconcolor-hover:#0589b5;--awb-font-size:10px;--awb-margin-right:5px;\"><\/i><\/span> <strong>Brevet<\/strong> ou <strong>dipl\u00f4me<\/strong> de paysanne.<br \/>\n<\/span><\/span><\/p>\n<p>Il est important de bien \u00e9tudier les plans de formation pour choisir celle qui correspond le mieux \u00e0 vos attentes et besoins.<\/p>\n<\/div><\/div><\/div><\/div><\/div><\/div><\/div><div class=\"fusion-layout-column fusion_builder_column fusion-builder-column-3 fusion_builder_column_2_5 2_5 fusion-flex-column\" style=\"--awb-padding-top:6%;--awb-padding-right:6%;--awb-padding-bottom:6%;--awb-padding-left:6%;--awb-bg-size:cover;--awb-border-color:rgba(5,137,181,0.61);--awb-border-top:2px;--awb-border-right:2px;--awb-border-bottom:2px;--awb-border-left:2px;--awb-border-style:solid;--awb-width-large:40%;--awb-margin-top-large:0px;--awb-spacing-right-large:4.8%;--awb-margin-bottom-large:20px;--awb-spacing-left-large:4.8%;--awb-width-medium:40%;--awb-order-medium:0;--awb-spacing-right-medium:4.8%;--awb-spacing-left-medium:4.8%;--awb-width-small:100%;--awb-order-small:0;--awb-spacing-right-small:1.92%;--awb-spacing-left-small:1.92%;\"><div class=\"fusion-column-wrapper fusion-column-has-shadow fusion-flex-justify-content-flex-start fusion-content-layout-column\"><div class=\"fusion-text fusion-text-3\"><h5><span style=\"color: #4d4a4a\">Documents et liens utils<\/span><\/h5>\n<div class=\"fusion-separator fusion-full-width-sep agri-separator\" style=\"align-self: center;margin-left: auto;margin-right: auto;width:100%;\"><\/div>\n<p><span style=\"color: #3dc7f5\"><span style=\"color: #0589b5\"><i class=\"fb-icon-element-5 fb-icon-element fontawesome-icon fa-square fas circle-no fusion-text-flow\" style=\"--awb-iconcolor:#0589b5;--awb-iconcolor-hover:#0589b5;--awb-font-size:10px;--awb-margin-right:5px;\"><\/i><\/span> <span style=\"color: #000000\">Ordonnance sur les paiements directs, art. 4<br \/>\n<span style=\"color: #0589b5\"><a style=\"color: #0589b5\" href=\"https:\/\/www.admin.ch\/opc\/fr\/classified-compilation\/20130216\/index.html\" target=\"_blank\" rel=\"noopener noreferrer\"><strong>Lien<\/strong><\/a><\/span><\/span><\/span><\/p>\n<p><span style=\"color: #3dc7f5\"><span style=\"color: #0589b5\"><i class=\"fb-icon-element-6 fb-icon-element fontawesome-icon fa-square fas circle-no fusion-text-flow\" style=\"--awb-iconcolor:#0589b5;--awb-iconcolor-hover:#0589b5;--awb-font-size:10px;--awb-margin-right:5px;\"><\/i><\/span> <span style=\"color: #000000\">Femmes et hommes dans l\u2019agriculture, Aide-M\u00e9moire 10: <em>Paysanne ind\u00e9pendante sur l\u2019exploitation<\/em>. AGRIDEA<br \/>\n<span style=\"color: #0589b5\"><a style=\"color: #0589b5\" href=\"https:\/\/agridea.abacuscity.ch\/fr\/3~310370~Shop\/Publications\/Entreprise-et-Famille\/Partenariat-famille\" target=\"_blank\" rel=\"noopener noreferrer\"><strong>Lien<\/strong><\/a><\/span><br \/>\n<\/span><\/span><\/p>\n<p><span style=\"color: #3dc7f5\"><span style=\"color: #0589b5\"><i class=\"fb-icon-element-7 fb-icon-element fontawesome-icon fa-square fas circle-no fusion-text-flow\" style=\"--awb-iconcolor:#0589b5;--awb-iconcolor-hover:#0589b5;--awb-font-size:10px;--awb-margin-right:5px;\"><\/i><\/span> <span style=\"color: #000000\">Informations sur les diff\u00e9rents cursus de formation sur<br \/>\n<span style=\"color: #0589b5\"><a style=\"color: #0589b5\" href=\"https:\/\/www.paysannes.ch\/formation\/\" target=\"_blank\" rel=\"noopener noreferrer\"><strong>Lien<\/strong><\/a> <\/span>ou <span style=\"color: #0589b5\"><a style=\"color: #0589b5\" href=\"https:\/\/www.agora-romandie.ch\/formation-opd\/\" target=\"_blank\" rel=\"noopener noreferrer\"><strong>Lien<\/strong><\/a><\/span><\/span><\/span><\/p>\n<\/div><\/div><\/div><\/div><\/div><div class=\"fusion-fullwidth fullwidth-box fusion-builder-row-3 fusion-flex-container nonhundred-percent-fullwidth non-hundred-percent-height-scrolling\" style=\"--awb-border-radius-top-left:0px;--awb-border-radius-top-right:0px;--awb-border-radius-bottom-right:0px;--awb-border-radius-bottom-left:0px;--awb-flex-wrap:wrap;\" ><div class=\"fusion-builder-row fusion-row fusion-flex-align-items-flex-start fusion-flex-content-wrap\" style=\"max-width:1144px;margin-left: calc(-4% \/ 2 );margin-right: calc(-4% \/ 2 );\"><div class=\"fusion-layout-column fusion_builder_column fusion-builder-column-4 fusion_builder_column_1_1 1_1 fusion-flex-column\" style=\"--awb-bg-size:cover;--awb-width-large:100%;--awb-margin-top-large:0px;--awb-spacing-right-large:1.92%;--awb-margin-bottom-large:20px;--awb-spacing-left-large:1.92%;--awb-width-medium:100%;--awb-spacing-right-medium:1.92%;--awb-spacing-left-medium:1.92%;--awb-width-small:100%;--awb-spacing-right-small:1.92%;--awb-spacing-left-small:1.92%;\"><div class=\"fusion-column-wrapper fusion-column-has-shadow fusion-flex-justify-content-flex-start fusion-content-layout-column\"><div class=\"fusion-separator fusion-full-width-sep agri-separator\" style=\"align-self: center;margin-left: auto;margin-right: auto;width:100%;\"><\/div><\/div><\/div><\/div><\/div><div class=\"fusion-fullwidth fullwidth-box fusion-builder-row-4 fusion-flex-container nonhundred-percent-fullwidth non-hundred-percent-height-scrolling\" style=\"--awb-border-radius-top-left:0px;--awb-border-radius-top-right:0px;--awb-border-radius-bottom-right:0px;--awb-border-radius-bottom-left:0px;--awb-flex-wrap:wrap;\" ><div class=\"fusion-builder-row fusion-row fusion-flex-align-items-flex-start fusion-flex-content-wrap\" style=\"max-width:1144px;margin-left: calc(-4% \/ 2 );margin-right: calc(-4% \/ 2 );\"><div class=\"fusion-layout-column fusion_builder_column fusion-builder-column-5 fusion_builder_column_1_3 1_3 fusion-flex-column\" style=\"--awb-bg-size:cover;--awb-width-large:33.333333333333%;--awb-margin-top-large:0px;--awb-spacing-right-large:5.76%;--awb-margin-bottom-large:20px;--awb-spacing-left-large:5.76%;--awb-width-medium:33.333333333333%;--awb-spacing-right-medium:5.76%;--awb-spacing-left-medium:5.76%;--awb-width-small:100%;--awb-spacing-right-small:1.92%;--awb-spacing-left-small:1.92%;\"><div class=\"fusion-column-wrapper fusion-column-has-shadow fusion-flex-justify-content-flex-start fusion-content-layout-column\"><div ><a class=\"fusion-button button-flat button-large button-custom fusion-button-default button-1 fusion-button-span-yes fusion-button-default-type\" style=\"--button_accent_color:#ffffff;--button_accent_hover_color:#ffffff;--button_border_hover_color:#ffffff;--button_gradient_top_color:#1ea686;--button_gradient_bottom_color:#1ea686;--button_gradient_top_color_hover:#1ea686;--button_gradient_bottom_color_hover:#1ea686;\" target=\"_self\" href=\"https:\/\/agripedia.ch\/farah\/fr\/propriete\/\"><span class=\"fusion-button-icon-divider button-icon-divider-left\"><i class=\"fa-arrow-left fas awb-button__icon awb-button__icon--default\" aria-hidden=\"true\"><\/i><\/span><span class=\"fusion-button-text awb-button__text awb-button__text--default fusion-button-text-left\">Propri\u00e9t\u00e9<\/span><\/a><\/div><\/div><\/div><div class=\"fusion-layout-column fusion_builder_column fusion-builder-column-6 fusion_builder_column_1_3 1_3 fusion-flex-column\" style=\"--awb-bg-size:cover;--awb-width-large:33.333333333333%;--awb-margin-top-large:0px;--awb-spacing-right-large:5.76%;--awb-margin-bottom-large:20px;--awb-spacing-left-large:5.76%;--awb-width-medium:33.333333333333%;--awb-spacing-right-medium:5.76%;--awb-spacing-left-medium:5.76%;--awb-width-small:100%;--awb-spacing-right-small:1.92%;--awb-spacing-left-small:1.92%;\"><div class=\"fusion-column-wrapper fusion-column-has-shadow fusion-flex-justify-content-flex-start fusion-content-layout-column\"><div ><a class=\"fusion-button button-flat button-large button-custom fusion-button-default button-2 fusion-button-span-yes fusion-button-default-type\" style=\"--button_accent_color:#ffffff;--button_accent_hover_color:#ffffff;--button_border_hover_color:#ffffff;--button_gradient_top_color:#4d4a4a;--button_gradient_bottom_color:#4d4a4a;--button_gradient_top_color_hover:#4d4a4a;--button_gradient_bottom_color_hover:#4d4a4a;\" target=\"_self\" href=\"https:\/\/agripedia.ch\/farah\/fr\/sommaire\/\"><span class=\"fusion-button-icon-divider button-icon-divider-left\"><i class=\"fa-list fas awb-button__icon awb-button__icon--default\" aria-hidden=\"true\"><\/i><\/span><span class=\"fusion-button-text awb-button__text awb-button__text--default fusion-button-text-left\">Sommaire<\/span><\/a><\/div><\/div><\/div><div class=\"fusion-layout-column fusion_builder_column fusion-builder-column-7 fusion_builder_column_1_3 1_3 fusion-flex-column\" style=\"--awb-bg-size:cover;--awb-width-large:33.333333333333%;--awb-margin-top-large:0px;--awb-spacing-right-large:5.76%;--awb-margin-bottom-large:20px;--awb-spacing-left-large:5.76%;--awb-width-medium:33.333333333333%;--awb-spacing-right-medium:5.76%;--awb-spacing-left-medium:5.76%;--awb-width-small:100%;--awb-spacing-right-small:1.92%;--awb-spacing-left-small:1.92%;\"><div class=\"fusion-column-wrapper fusion-column-has-shadow fusion-flex-justify-content-flex-start fusion-content-layout-column\"><div ><a class=\"fusion-button button-flat button-large button-custom fusion-button-default button-3 fusion-button-span-yes fusion-button-default-type\" style=\"--button_accent_color:#ffffff;--button_accent_hover_color:#ffffff;--button_border_hover_color:#ffffff;--button_gradient_top_color:#37913f;--button_gradient_bottom_color:#37913f;--button_gradient_top_color_hover:#37913f;--button_gradient_bottom_color_hover:#37913f;\" target=\"_self\" href=\"https:\/\/agripedia.ch\/farah\/fr\/assurances\/\"><span class=\"fusion-button-text awb-button__text awb-button__text--default fusion-button-text-right\">Assurances<\/span><span class=\"fusion-button-icon-divider button-icon-divider-right\"><i class=\"fa-arrow-right fas awb-button__icon awb-button__icon--default\" aria-hidden=\"true\"><\/i><\/span><\/a><\/div><\/div><\/div><\/div><\/div><\/p>\n","protected":false},"excerpt":{"rendered":"","protected":false},"author":192,"featured_media":0,"parent":0,"menu_order":0,"comment_status":"closed","ping_status":"closed","template":"","meta":{"_sb_is_suggestion_mode":false,"_sb_show_suggestion_boards":false,"_sb_show_comment_boards":false,"_sb_suggestion_history":"","_sb_update_block_changes":"","_monsterinsights_skip_tracking":false,"_monsterinsights_sitenote_active":false,"_monsterinsights_sitenote_note":"","_monsterinsights_sitenote_category":0,"footnotes":""},"class_list":["post-329","page","type-page","status-publish","hentry"],"_links":{"self":[{"href":"https:\/\/agripedia.ch\/farah\/fr\/wp-json\/wp\/v2\/pages\/329","targetHints":{"allow":["GET"]}}],"collection":[{"href":"https:\/\/agripedia.ch\/farah\/fr\/wp-json\/wp\/v2\/pages"}],"about":[{"href":"https:\/\/agripedia.ch\/farah\/fr\/wp-json\/wp\/v2\/types\/page"}],"author":[{"embeddable":true,"href":"https:\/\/agripedia.ch\/farah\/fr\/wp-json\/wp\/v2\/users\/192"}],"replies":[{"embeddable":true,"href":"https:\/\/agripedia.ch\/farah\/fr\/wp-json\/wp\/v2\/comments?post=329"}],"version-history":[{"count":6,"href":"https:\/\/agripedia.ch\/farah\/fr\/wp-json\/wp\/v2\/pages\/329\/revisions"}],"predecessor-version":[{"id":532,"href":"https:\/\/agripedia.ch\/farah\/fr\/wp-json\/wp\/v2\/pages\/329\/revisions\/532"}],"wp:attachment":[{"href":"https:\/\/agripedia.ch\/farah\/fr\/wp-json\/wp\/v2\/media?parent=329"}],"curies":[{"name":"wp","href":"https:\/\/api.w.org\/{rel}","templated":true}]}}