{"id":320,"date":"2020-10-13T06:52:43","date_gmt":"2020-10-13T06:52:43","guid":{"rendered":"https:\/\/agripedia.ch\/farah\/?page_id=320"},"modified":"2020-11-09T15:57:35","modified_gmt":"2020-11-09T15:57:35","slug":"revenu-propre","status":"publish","type":"page","link":"https:\/\/agripedia.ch\/farah\/fr\/revenu-propre\/","title":{"rendered":"Revenu propre"},"content":{"rendered":"<p><div class=\"fusion-fullwidth fullwidth-box fusion-builder-row-1 fusion-flex-container nonhundred-percent-fullwidth non-hundred-percent-height-scrolling\" style=\"--awb-border-radius-top-left:0px;--awb-border-radius-top-right:0px;--awb-border-radius-bottom-right:0px;--awb-border-radius-bottom-left:0px;--awb-flex-wrap:wrap;\" ><div class=\"fusion-builder-row fusion-row fusion-flex-align-items-flex-start fusion-flex-content-wrap\" style=\"max-width:1144px;margin-left: calc(-4% \/ 2 );margin-right: calc(-4% \/ 2 );\"><div class=\"fusion-layout-column fusion_builder_column fusion-builder-column-0 fusion_builder_column_1_1 1_1 fusion-flex-column\" style=\"--awb-bg-size:cover;--awb-width-large:100%;--awb-margin-top-large:0px;--awb-spacing-right-large:1.92%;--awb-margin-bottom-large:20px;--awb-spacing-left-large:1.92%;--awb-width-medium:100%;--awb-order-medium:0;--awb-spacing-right-medium:1.92%;--awb-spacing-left-medium:1.92%;--awb-width-small:100%;--awb-order-small:0;--awb-spacing-right-small:1.92%;--awb-spacing-left-small:1.92%;\"><div class=\"fusion-column-wrapper fusion-column-has-shadow fusion-flex-justify-content-flex-start fusion-content-layout-column\"><div class=\"fusion-text fusion-text-1\"><h6><span style=\"color: #1ea686\"><a style=\"color: #1ea686\" href=\"https:\/\/agripedia.ch\/farah\/fr\/\">Page d\u2019accueil<\/a> > Finances > <a style=\"color: #1ea686\" href=\"https:\/\/agripedia.ch\/farah\/fr\/revenu-propre\/\">Revenu propre<\/a><\/span><\/h6>\n<\/div><div class=\"fusion-separator fusion-full-width-sep\" style=\"align-self: center;margin-left: auto;margin-right: auto;width:100%;\"><div class=\"fusion-separator-border sep-single sep-solid\" style=\"--awb-height:20px;--awb-amount:20px;--awb-sep-color:#1ea686;border-color:#1ea686;border-top-width:1px;\"><\/div><\/div><\/div><\/div><div class=\"fusion-layout-column fusion_builder_column fusion-builder-column-1 fusion_builder_column_1_1 1_1 fusion-flex-column\" style=\"--awb-bg-size:cover;--awb-width-large:100%;--awb-margin-top-large:0px;--awb-spacing-right-large:1.92%;--awb-margin-bottom-large:20px;--awb-spacing-left-large:1.92%;--awb-width-medium:100%;--awb-spacing-right-medium:1.92%;--awb-spacing-left-medium:1.92%;--awb-width-small:100%;--awb-spacing-right-small:1.92%;--awb-spacing-left-small:1.92%;\"><div class=\"fusion-column-wrapper fusion-column-has-shadow fusion-flex-justify-content-flex-start fusion-content-layout-column\"><div class=\"fusion-separator fusion-full-width-sep agri-separator\" style=\"align-self: center;margin-left: auto;margin-right: auto;width:100%;\"><\/div><div class=\"fusion-text fusion-text-2\"><h2><span style=\"color: #1ea686\"><i class=\"fb-icon-element-1 fb-icon-element fontawesome-icon fa fa-piggy-bank circle-yes fusion-text-flow\" style=\"--awb-circlecolor:#1ea686;--awb-circlecolor-hover:#1ea686;--awb-circlebordersize:0px;--awb-font-size:33.44px;--awb-width:66.88px;--awb-height:66.88px;--awb-line-height:66.88px;--awb-margin-right:19px;\"><\/i> Revenu propre<\/span><\/h2>\n<\/div><\/div><\/div><\/div><\/div><div class=\"fusion-fullwidth fullwidth-box fusion-builder-row-2 fusion-flex-container nonhundred-percent-fullwidth non-hundred-percent-height-scrolling\" style=\"--awb-border-radius-top-left:0px;--awb-border-radius-top-right:0px;--awb-border-radius-bottom-right:0px;--awb-border-radius-bottom-left:0px;--awb-flex-wrap:wrap;\" ><div class=\"fusion-builder-row fusion-row fusion-flex-align-items-stretch fusion-flex-content-wrap\" style=\"max-width:1144px;margin-left: calc(-4% \/ 2 );margin-right: calc(-4% \/ 2 );\"><div class=\"fusion-layout-column fusion_builder_column fusion-builder-column-2 fusion_builder_column_3_5 3_5 fusion-flex-column\" style=\"--awb-bg-size:cover;--awb-width-large:60%;--awb-margin-top-large:0px;--awb-spacing-right-large:3.2%;--awb-margin-bottom-large:20px;--awb-spacing-left-large:3.2%;--awb-width-medium:60%;--awb-spacing-right-medium:3.2%;--awb-spacing-left-medium:3.2%;--awb-width-small:100%;--awb-spacing-right-small:1.92%;--awb-spacing-left-small:1.92%;\"><div class=\"fusion-column-wrapper fusion-column-has-shadow fusion-flex-justify-content-flex-start fusion-content-layout-column\"><div class=\"accordian fusion-accordian\" style=\"--awb-border-size:2px;--awb-icon-size:20px;--awb-content-font-size:18px;--awb-icon-alignment:left;--awb-hover-color:#e9f5f1;--awb-border-color:#e9f5f1;--awb-background-color:#f7faf9;--awb-divider-color:#e0dede;--awb-divider-hover-color:#e0dede;--awb-icon-color:#1ea686;--awb-title-color:#f44336;--awb-content-color:#0f0f0f;--awb-icon-box-color:#7a7a7a;--awb-toggle-hover-accent-color:#1ea686;--awb-title-font-family:&quot;Roboto&quot;;--awb-title-font-weight:700;--awb-title-font-style:normal;--awb-title-font-size:22px;--awb-title-line-height:1.5;--awb-content-font-family:&quot;Roboto&quot;;--awb-content-font-style:normal;--awb-content-font-weight:300;\"><div class=\"panel-group fusion-toggle-icon-unboxed\" id=\"accordion-320-1\"><div class=\"fusion-panel panel-default panel-f0fdeac4b530d6be5 fusion-toggle-no-divider fusion-toggle-boxed-mode\"><div class=\"panel-heading\"><h4 class=\"panel-title toggle\" id=\"toggle_f0fdeac4b530d6be5\"><a aria-expanded=\"false\" aria-controls=\"f0fdeac4b530d6be5\" role=\"button\" data-toggle=\"collapse\" data-parent=\"#accordion-320-1\" data-target=\"#f0fdeac4b530d6be5\" href=\"#f0fdeac4b530d6be5\"><span class=\"fusion-toggle-icon-wrapper\" aria-hidden=\"true\"><i class=\"fa-fusion-box active-icon awb-icon-minus\" aria-hidden=\"true\"><\/i><i class=\"fa-fusion-box inactive-icon awb-icon-plus\" aria-hidden=\"true\"><\/i><\/span><span class=\"fusion-toggle-heading\">Je r\u00e9alise un revenu \u00e0 l\u2019ext\u00e9rieur. Y a-t-il une incidence sur les paiements directs de l\u2019exploitation?<\/span><\/a><\/h4><\/div><div id=\"f0fdeac4b530d6be5\" class=\"panel-collapse collapse \" aria-labelledby=\"toggle_f0fdeac4b530d6be5\"><div class=\"panel-body toggle-content fusion-clearfix\">\n<p>Les paiements directs sont d\u00e9finis par rapport \u00e0 l\u2019exploitant d\u00e9sign\u00e9 et ne tiennent pas compte du revenu r\u00e9alis\u00e9 par le couple, sauf pour la <strong>contribution de transition<\/strong> (dont la dur\u00e9e est ind\u00e9termin\u00e9e). Pour cette derni\u00e8re, le revenu d\u00e9terminant correspond au revenu imposable d\u00e9duction faite de CHF 50 000.\u2013 pour les exploitants mari\u00e9s.<\/p>\n<\/div><\/div><\/div><div class=\"fusion-panel panel-default panel-7b8679c1646b5d300 fusion-toggle-no-divider fusion-toggle-boxed-mode\"><div class=\"panel-heading\"><h4 class=\"panel-title toggle\" id=\"toggle_7b8679c1646b5d300\"><a aria-expanded=\"false\" aria-controls=\"7b8679c1646b5d300\" role=\"button\" data-toggle=\"collapse\" data-parent=\"#accordion-320-1\" data-target=\"#7b8679c1646b5d300\" href=\"#7b8679c1646b5d300\"><span class=\"fusion-toggle-icon-wrapper\" aria-hidden=\"true\"><i class=\"fa-fusion-box active-icon awb-icon-minus\" aria-hidden=\"true\"><\/i><i class=\"fa-fusion-box inactive-icon awb-icon-plus\" aria-hidden=\"true\"><\/i><\/span><span class=\"fusion-toggle-heading\">Puis-je toucher \u00e0 mon nom la moiti\u00e9 des paiements directs qui reviennent \u00e0 l\u2019exploitation de mon mari?<\/span><\/a><\/h4><\/div><div id=\"7b8679c1646b5d300\" class=\"panel-collapse collapse \" aria-labelledby=\"toggle_7b8679c1646b5d300\"><div class=\"panel-body toggle-content fusion-clearfix\">\n<p>Ce n\u2019est pas pr\u00e9vu par l\u2019Ordonnance sur les paiements directs, sauf si les conjoints sont reconnus par le Service de l\u2019agriculture en qualit\u00e9 de coexploitants. Si tel n\u2019est pas le cas, une r\u00e9partition en fonction de l\u2019implication de l\u2019\u00e9pouse en tant que collaboratrice pourrait \u00eatre d\u00e9finie, id\u00e9alement par convention \u00e9crite. Une partie du montant pourrait donc \u00eatre vir\u00e9 sur le compte du conjoint.<\/p>\n<\/div><\/div><\/div><div class=\"fusion-panel panel-default panel-ff479fa5a1141bdb0 fusion-toggle-no-divider fusion-toggle-boxed-mode\"><div class=\"panel-heading\"><h4 class=\"panel-title toggle\" id=\"toggle_ff479fa5a1141bdb0\"><a aria-expanded=\"false\" aria-controls=\"ff479fa5a1141bdb0\" role=\"button\" data-toggle=\"collapse\" data-parent=\"#accordion-320-1\" data-target=\"#ff479fa5a1141bdb0\" href=\"#ff479fa5a1141bdb0\"><span class=\"fusion-toggle-icon-wrapper\" aria-hidden=\"true\"><i class=\"fa-fusion-box active-icon awb-icon-minus\" aria-hidden=\"true\"><\/i><i class=\"fa-fusion-box inactive-icon awb-icon-plus\" aria-hidden=\"true\"><\/i><\/span><span class=\"fusion-toggle-heading\">Je gagne ma vie et je vais \u00e9pouser un agriculteur. Qui paie quoi?<\/span><\/a><\/h4><\/div><div id=\"ff479fa5a1141bdb0\" class=\"panel-collapse collapse \" aria-labelledby=\"toggle_ff479fa5a1141bdb0\"><div class=\"panel-body toggle-content fusion-clearfix\">\n<p>Le mariage oblige chacun-e des conjoint-e-s \u00e0 participer \u00e0 l\u2019entretien de la famille \u00e0 la hauteur de ses capacit\u00e9s. L\u2019\u00e9tablissement d\u2019un budget de m\u00e9nage permet de d\u00e9finir les d\u00e9penses du m\u00e9nage familial, telles que les frais fixes (imp\u00f4ts, loyer, assurances, etc.) et les frais variables (alimentation, habits, argent de poche, loisirs, etc.). Chacun y contribuera selon ses moyens financiers, suite \u00e0 une discussion en couple.<\/p>\n<p>Il est judicieux que chaque revenu soit vers\u00e9 sur un compte \u00e0 part et que la participation aux frais de la famille soit bien d\u00e9termin\u00e9e. En cas de divorce, chacun doit apporter la <strong>preuve de sa contribution<\/strong>, qu\u2019elle soit en temps ou en argent et qu\u2019elle provienne de biens propres ou d\u2019acqu\u00eats.<\/p>\n<\/div><\/div><\/div><div class=\"fusion-panel panel-default panel-638531bf06fab911f fusion-toggle-no-divider fusion-toggle-boxed-mode\"><div class=\"panel-heading\"><h4 class=\"panel-title toggle\" id=\"toggle_638531bf06fab911f\"><a aria-expanded=\"false\" aria-controls=\"638531bf06fab911f\" role=\"button\" data-toggle=\"collapse\" data-parent=\"#accordion-320-1\" data-target=\"#638531bf06fab911f\" href=\"#638531bf06fab911f\"><span class=\"fusion-toggle-icon-wrapper\" aria-hidden=\"true\"><i class=\"fa-fusion-box active-icon awb-icon-minus\" aria-hidden=\"true\"><\/i><i class=\"fa-fusion-box inactive-icon awb-icon-plus\" aria-hidden=\"true\"><\/i><\/span><span class=\"fusion-toggle-heading\">J\u2019h\u00e9rite pendant mon mariage. Que dois-je faire pour que mon h\u00e9ritage reste reconnu en tant que bien propre?<\/span><\/a><\/h4><\/div><div id=\"638531bf06fab911f\" class=\"panel-collapse collapse \" aria-labelledby=\"toggle_638531bf06fab911f\"><div class=\"panel-body toggle-content fusion-clearfix\">\n<p>Comme le certificat d\u2019h\u00e9ritier ne pr\u00e9cise pas la nature des biens h\u00e9rit\u00e9s, il est indispensable de r\u00e9diger un document, sign\u00e9 par les deux \u00e9poux, attestant des biens h\u00e9rit\u00e9s et de leur provenance.<\/p>\n<\/div><\/div><\/div><\/div><\/div><\/div><\/div><div class=\"fusion-layout-column fusion_builder_column fusion-builder-column-3 fusion_builder_column_2_5 2_5 fusion-flex-column fusion-flex-align-self-stretch\" style=\"--awb-padding-top:6%;--awb-padding-right:6%;--awb-padding-bottom:6%;--awb-padding-left:6%;--awb-bg-size:cover;--awb-border-color:rgba(30,166,134,0.61);--awb-border-top:2px;--awb-border-right:2px;--awb-border-bottom:2px;--awb-border-left:2px;--awb-border-style:solid;--awb-width-large:40%;--awb-margin-top-large:0px;--awb-spacing-right-large:4.8%;--awb-margin-bottom-large:20px;--awb-spacing-left-large:4.8%;--awb-width-medium:40%;--awb-order-medium:0;--awb-spacing-right-medium:4.8%;--awb-spacing-left-medium:4.8%;--awb-width-small:100%;--awb-order-small:0;--awb-spacing-right-small:1.92%;--awb-spacing-left-small:1.92%;\"><div class=\"fusion-column-wrapper fusion-column-has-shadow fusion-flex-justify-content-flex-start fusion-content-layout-column\"><div class=\"fusion-text fusion-text-3\"><h5><span style=\"color: #4d4a4a\">Documents et liens utils<\/span><\/h5>\n<div class=\"fusion-separator fusion-full-width-sep agri-separator\" style=\"align-self: center;margin-left: auto;margin-right: auto;width:100%;\"><\/div>\n<p><span style=\"color: #1ea686\"><i class=\"fb-icon-element-2 fb-icon-element fontawesome-icon fa-square fas circle-no fusion-text-flow\" style=\"--awb-iconcolor:#1ea686;--awb-iconcolor-hover:#1ea686;--awb-font-size:10px;--awb-margin-right:5px;\"><\/i> <span style=\"color: #000000\">Code civil suisse, <em>Du mariage<\/em>, art. 94 et suivants<br \/>\n<a href=\"https:\/\/www.admin.ch\/opc\/fr\/classified-compilation\/19070042\/index.html\" target=\"_blank\" rel=\"noopener noreferrer\"><span style=\"color: #1ea686\"><strong>Lien<\/strong><\/span><\/a><br \/>\n<\/span><\/span><\/p>\n<p><span style=\"color: #1ea686\"><i class=\"fb-icon-element-3 fb-icon-element fontawesome-icon fa-square fas circle-no fusion-text-flow\" style=\"--awb-iconcolor:#1ea686;--awb-iconcolor-hover:#1ea686;--awb-font-size:10px;--awb-margin-right:5px;\"><\/i>\u00a0<\/span><span style=\"color: #1ea686\"><span style=\"color: #000000\">Ordonnance sur les paiements directs (OPD)<br \/>\n<a href=\"https:\/\/www.admin.ch\/opc\/fr\/classified-compilation\/20130216\/index.html\" target=\"_blank\" rel=\"noopener noreferrer\"><span style=\"color: #1ea686\"><strong>Lien<\/strong><\/span><\/a><br \/>\n<\/span><\/span><\/p>\n<p><span style=\"color: #1ea686\"><i class=\"fb-icon-element-4 fb-icon-element fontawesome-icon fa-square fas circle-no fusion-text-flow\" style=\"--awb-iconcolor:#1ea686;--awb-iconcolor-hover:#1ea686;--awb-font-size:10px;--awb-margin-right:5px;\"><\/i> <span style=\"color: #000000\">Femmes et hommes dans l\u2019agriculture, Aide-M\u00e9moire 2: <em>Travailler hors <\/em><em>de l\u2019exploitation agricole<\/em>. AGRIDEA<br \/>\n<\/span><strong>\u00a0<a href=\"https:\/\/agridea.abacuscity.ch\/fr\/3~310370~Shop\/Publications\/Entreprise-et-Famille\/Partenariat-famille\" target=\"_blank\" rel=\"noopener noreferrer\"><span style=\"color: #1ea686\">Lien<\/span><\/a><\/strong><\/span><\/p>\n<p><span style=\"color: #1ea686\"><i class=\"fb-icon-element-5 fb-icon-element fontawesome-icon fa-square fas circle-no fusion-text-flow\" style=\"--awb-iconcolor:#1ea686;--awb-iconcolor-hover:#1ea686;--awb-font-size:10px;--awb-margin-right:5px;\"><\/i> <span style=\"color: #000000\">Exemples de budget \u00e0 t\u00e9l\u00e9charger<span style=\"color: #1ea686\"><strong><br \/>\n<a style=\"color: #1ea686\" href=\"https:\/\/www.educh.ch\/reponse\/budget-familial-economie-r68.html\" target=\"_blank\" rel=\"noopener noreferrer\">Lien 1<\/a><br \/>\n<a href=\"https:\/\/www.frc.ch\/les-fiches-conseil\/\" target=\"_blank\" rel=\"noopener noreferrer\"><span style=\"color: #1ea686\">Lien<\/span> <span style=\"color: #1ea686\">2<\/span><\/a><\/strong><\/span><\/span><\/span><\/p>\n<p><span style=\"color: #1ea686\"><i class=\"fb-icon-element-6 fb-icon-element fontawesome-icon fa-square fas circle-no fusion-text-flow\" style=\"--awb-iconcolor:#1ea686;--awb-iconcolor-hover:#1ea686;--awb-font-size:10px;--awb-margin-right:5px;\"><\/i> <span style=\"color: #000000\">Site de l\u2019Union suisse des paysannes et femmes rurales, <em>R\u00e9partition des biens dans le couple<br \/>\n<\/em><span style=\"color: #1ea686\"><strong><a href=\"https:\/\/www.paysannes.ch\/femme-homme\/repartition-des-biens-dans-le-couple\/\" target=\"_blank\" rel=\"noopener noreferrer\"><span style=\"color: #1ea686\">Lien<\/span><\/a><\/strong><\/span><\/span><\/span><\/p>\n<\/div><\/div><\/div><\/div><\/div><div class=\"fusion-fullwidth fullwidth-box fusion-builder-row-3 fusion-flex-container nonhundred-percent-fullwidth non-hundred-percent-height-scrolling\" style=\"--awb-border-radius-top-left:0px;--awb-border-radius-top-right:0px;--awb-border-radius-bottom-right:0px;--awb-border-radius-bottom-left:0px;--awb-flex-wrap:wrap;\" ><div class=\"fusion-builder-row fusion-row fusion-flex-align-items-flex-start fusion-flex-content-wrap\" style=\"max-width:1144px;margin-left: calc(-4% \/ 2 );margin-right: calc(-4% \/ 2 );\"><div class=\"fusion-layout-column fusion_builder_column fusion-builder-column-4 fusion_builder_column_1_1 1_1 fusion-flex-column\" style=\"--awb-bg-size:cover;--awb-width-large:100%;--awb-margin-top-large:0px;--awb-spacing-right-large:1.92%;--awb-margin-bottom-large:20px;--awb-spacing-left-large:1.92%;--awb-width-medium:100%;--awb-spacing-right-medium:1.92%;--awb-spacing-left-medium:1.92%;--awb-width-small:100%;--awb-spacing-right-small:1.92%;--awb-spacing-left-small:1.92%;\"><div class=\"fusion-column-wrapper fusion-column-has-shadow fusion-flex-justify-content-flex-start fusion-content-layout-column\"><div class=\"fusion-separator fusion-full-width-sep agri-separator\" style=\"align-self: center;margin-left: auto;margin-right: auto;width:100%;\"><\/div><\/div><\/div><\/div><\/div><div class=\"fusion-fullwidth fullwidth-box fusion-builder-row-4 fusion-flex-container nonhundred-percent-fullwidth non-hundred-percent-height-scrolling\" style=\"--awb-border-radius-top-left:0px;--awb-border-radius-top-right:0px;--awb-border-radius-bottom-right:0px;--awb-border-radius-bottom-left:0px;--awb-flex-wrap:wrap;\" ><div class=\"fusion-builder-row fusion-row fusion-flex-align-items-flex-start fusion-flex-content-wrap\" style=\"max-width:1144px;margin-left: calc(-4% \/ 2 );margin-right: calc(-4% \/ 2 );\"><div class=\"fusion-layout-column fusion_builder_column fusion-builder-column-5 fusion_builder_column_1_3 1_3 fusion-flex-column\" style=\"--awb-bg-size:cover;--awb-width-large:33.333333333333%;--awb-margin-top-large:0px;--awb-spacing-right-large:5.76%;--awb-margin-bottom-large:20px;--awb-spacing-left-large:5.76%;--awb-width-medium:33.333333333333%;--awb-spacing-right-medium:5.76%;--awb-spacing-left-medium:5.76%;--awb-width-small:100%;--awb-spacing-right-small:1.92%;--awb-spacing-left-small:1.92%;\"><div class=\"fusion-column-wrapper fusion-column-has-shadow fusion-flex-justify-content-flex-start fusion-content-layout-column\"><div ><a class=\"fusion-button button-flat button-large button-custom fusion-button-default button-1 fusion-button-span-yes fusion-button-default-type\" style=\"--button_accent_color:#ffffff;--button_accent_hover_color:#ffffff;--button_border_hover_color:#ffffff;--button_gradient_top_color:#1ea686;--button_gradient_bottom_color:#1ea686;--button_gradient_top_color_hover:#1ea686;--button_gradient_bottom_color_hover:#1ea686;\" target=\"_self\" href=\"https:\/\/agripedia.ch\/farah\/fr\/responsabilite-financiere\/\"><span class=\"fusion-button-icon-divider button-icon-divider-left\"><i class=\"fa-arrow-left fas awb-button__icon awb-button__icon--default\" aria-hidden=\"true\"><\/i><\/span><span class=\"fusion-button-text awb-button__text awb-button__text--default fusion-button-text-left\">Responsabilit\u00e9 financi\u00e8re<\/span><\/a><\/div><\/div><\/div><div class=\"fusion-layout-column fusion_builder_column fusion-builder-column-6 fusion_builder_column_1_3 1_3 fusion-flex-column\" style=\"--awb-bg-size:cover;--awb-width-large:33.333333333333%;--awb-margin-top-large:0px;--awb-spacing-right-large:5.76%;--awb-margin-bottom-large:20px;--awb-spacing-left-large:5.76%;--awb-width-medium:33.333333333333%;--awb-spacing-right-medium:5.76%;--awb-spacing-left-medium:5.76%;--awb-width-small:100%;--awb-spacing-right-small:1.92%;--awb-spacing-left-small:1.92%;\"><div class=\"fusion-column-wrapper fusion-column-has-shadow fusion-flex-justify-content-flex-start fusion-content-layout-column\"><div ><a class=\"fusion-button button-flat button-large button-custom fusion-button-default button-2 fusion-button-span-yes fusion-button-default-type\" style=\"--button_accent_color:#ffffff;--button_accent_hover_color:#ffffff;--button_border_hover_color:#ffffff;--button_gradient_top_color:#4d4a4a;--button_gradient_bottom_color:#4d4a4a;--button_gradient_top_color_hover:#4d4a4a;--button_gradient_bottom_color_hover:#4d4a4a;\" target=\"_self\" href=\"https:\/\/agripedia.ch\/farah\/fr\/sommaire\/\"><span class=\"fusion-button-icon-divider button-icon-divider-left\"><i class=\"fa-list fas awb-button__icon awb-button__icon--default\" aria-hidden=\"true\"><\/i><\/span><span class=\"fusion-button-text awb-button__text awb-button__text--default fusion-button-text-left\">Sommaire<\/span><\/a><\/div><\/div><\/div><div class=\"fusion-layout-column fusion_builder_column fusion-builder-column-7 fusion_builder_column_1_3 1_3 fusion-flex-column\" style=\"--awb-bg-size:cover;--awb-width-large:33.333333333333%;--awb-margin-top-large:0px;--awb-spacing-right-large:5.76%;--awb-margin-bottom-large:20px;--awb-spacing-left-large:5.76%;--awb-width-medium:33.333333333333%;--awb-spacing-right-medium:5.76%;--awb-spacing-left-medium:5.76%;--awb-width-small:100%;--awb-spacing-right-small:1.92%;--awb-spacing-left-small:1.92%;\"><div class=\"fusion-column-wrapper fusion-column-has-shadow fusion-flex-justify-content-flex-start fusion-content-layout-column\"><div ><a class=\"fusion-button button-flat button-large button-custom fusion-button-default button-3 fusion-button-span-yes fusion-button-default-type\" style=\"--button_accent_color:#ffffff;--button_accent_hover_color:#ffffff;--button_border_hover_color:#ffffff;--button_gradient_top_color:#1ea686;--button_gradient_bottom_color:#1ea686;--button_gradient_top_color_hover:#1ea686;--button_gradient_bottom_color_hover:#1ea686;\" target=\"_self\" href=\"https:\/\/agripedia.ch\/farah\/fr\/propriete\/\"><span class=\"fusion-button-text awb-button__text awb-button__text--default fusion-button-text-right\">Propri\u00e9t\u00e9<\/span><span class=\"fusion-button-icon-divider button-icon-divider-right\"><i class=\"fa-arrow-right fas awb-button__icon awb-button__icon--default\" aria-hidden=\"true\"><\/i><\/span><\/a><\/div><\/div><\/div><\/div><\/div><\/p>\n","protected":false},"excerpt":{"rendered":"","protected":false},"author":192,"featured_media":0,"parent":0,"menu_order":0,"comment_status":"closed","ping_status":"closed","template":"","meta":{"_sb_is_suggestion_mode":false,"_sb_show_suggestion_boards":false,"_sb_show_comment_boards":false,"_sb_suggestion_history":"","_sb_update_block_changes":"","_monsterinsights_skip_tracking":false,"_monsterinsights_sitenote_active":false,"_monsterinsights_sitenote_note":"","_monsterinsights_sitenote_category":0,"footnotes":""},"class_list":["post-320","page","type-page","status-publish","hentry"],"_links":{"self":[{"href":"https:\/\/agripedia.ch\/farah\/fr\/wp-json\/wp\/v2\/pages\/320","targetHints":{"allow":["GET"]}}],"collection":[{"href":"https:\/\/agripedia.ch\/farah\/fr\/wp-json\/wp\/v2\/pages"}],"about":[{"href":"https:\/\/agripedia.ch\/farah\/fr\/wp-json\/wp\/v2\/types\/page"}],"author":[{"embeddable":true,"href":"https:\/\/agripedia.ch\/farah\/fr\/wp-json\/wp\/v2\/users\/192"}],"replies":[{"embeddable":true,"href":"https:\/\/agripedia.ch\/farah\/fr\/wp-json\/wp\/v2\/comments?post=320"}],"version-history":[{"count":7,"href":"https:\/\/agripedia.ch\/farah\/fr\/wp-json\/wp\/v2\/pages\/320\/revisions"}],"predecessor-version":[{"id":614,"href":"https:\/\/agripedia.ch\/farah\/fr\/wp-json\/wp\/v2\/pages\/320\/revisions\/614"}],"wp:attachment":[{"href":"https:\/\/agripedia.ch\/farah\/fr\/wp-json\/wp\/v2\/media?parent=320"}],"curies":[{"name":"wp","href":"https:\/\/api.w.org\/{rel}","templated":true}]}}