{"id":316,"date":"2020-10-13T06:28:55","date_gmt":"2020-10-13T06:28:55","guid":{"rendered":"https:\/\/agripedia.ch\/farah\/?page_id=316"},"modified":"2021-02-18T16:14:46","modified_gmt":"2021-02-18T16:14:46","slug":"responsabilite-financiere","status":"publish","type":"page","link":"https:\/\/agripedia.ch\/farah\/fr\/responsabilite-financiere\/","title":{"rendered":"Responsabilit\u00e9 financi\u00e8re"},"content":{"rendered":"<p><div class=\"fusion-fullwidth fullwidth-box fusion-builder-row-1 fusion-flex-container nonhundred-percent-fullwidth non-hundred-percent-height-scrolling\" style=\"--awb-border-radius-top-left:0px;--awb-border-radius-top-right:0px;--awb-border-radius-bottom-right:0px;--awb-border-radius-bottom-left:0px;--awb-flex-wrap:wrap;\" ><div class=\"fusion-builder-row fusion-row fusion-flex-align-items-flex-start fusion-flex-content-wrap\" style=\"max-width:1144px;margin-left: calc(-4% \/ 2 );margin-right: calc(-4% \/ 2 );\"><div class=\"fusion-layout-column fusion_builder_column fusion-builder-column-0 fusion_builder_column_1_1 1_1 fusion-flex-column\" style=\"--awb-bg-size:cover;--awb-width-large:100%;--awb-margin-top-large:0px;--awb-spacing-right-large:1.92%;--awb-margin-bottom-large:20px;--awb-spacing-left-large:1.92%;--awb-width-medium:100%;--awb-order-medium:0;--awb-spacing-right-medium:1.92%;--awb-spacing-left-medium:1.92%;--awb-width-small:100%;--awb-order-small:0;--awb-spacing-right-small:1.92%;--awb-spacing-left-small:1.92%;\"><div class=\"fusion-column-wrapper fusion-column-has-shadow fusion-flex-justify-content-flex-start fusion-content-layout-column\"><div class=\"fusion-text fusion-text-1\"><h6><span style=\"color: #1ea686;\"><a style=\"color: #1ea686;\" href=\"https:\/\/agripedia.ch\/farah\/fr\/\">Page d\u2019accueil<\/a> > Finances > <a style=\"color: #1ea686;\" href=\"https:\/\/agripedia.ch\/farah\/fr\/responsabilite-financiere\/\">Responsabilit\u00e9 financi\u00e8re<\/a><\/span><\/h6>\n<\/div><div class=\"fusion-separator fusion-full-width-sep\" style=\"align-self: center;margin-left: auto;margin-right: auto;width:100%;\"><div class=\"fusion-separator-border sep-single sep-solid\" style=\"--awb-height:20px;--awb-amount:20px;--awb-sep-color:#1ea686;border-color:#1ea686;border-top-width:1px;\"><\/div><\/div><\/div><\/div><div class=\"fusion-layout-column fusion_builder_column fusion-builder-column-1 fusion_builder_column_1_1 1_1 fusion-flex-column\" style=\"--awb-bg-size:cover;--awb-width-large:100%;--awb-margin-top-large:0px;--awb-spacing-right-large:1.92%;--awb-margin-bottom-large:20px;--awb-spacing-left-large:1.92%;--awb-width-medium:100%;--awb-spacing-right-medium:1.92%;--awb-spacing-left-medium:1.92%;--awb-width-small:100%;--awb-spacing-right-small:1.92%;--awb-spacing-left-small:1.92%;\"><div class=\"fusion-column-wrapper fusion-column-has-shadow fusion-flex-justify-content-flex-start fusion-content-layout-column\"><div class=\"fusion-separator fusion-full-width-sep agri-separator\" style=\"align-self: center;margin-left: auto;margin-right: auto;width:100%;\"><\/div><div class=\"fusion-text fusion-text-2\"><h2><span style=\"color: #1ea686;\"><i class=\"fb-icon-element-1 fb-icon-element fontawesome-icon fa fa-file-invoice-dollar circle-yes fusion-text-flow\" style=\"--awb-circlecolor:#1ea686;--awb-circlecolor-hover:#1ea686;--awb-circlebordersize:0px;--awb-font-size:33.44px;--awb-width:66.88px;--awb-height:66.88px;--awb-line-height:66.88px;--awb-margin-right:19px;\"><\/i> Responsabilit\u00e9 financi\u00e8re<\/span><\/h2>\n<\/div><\/div><\/div><\/div><\/div><div class=\"fusion-fullwidth fullwidth-box fusion-builder-row-2 fusion-flex-container nonhundred-percent-fullwidth non-hundred-percent-height-scrolling\" style=\"--awb-border-radius-top-left:0px;--awb-border-radius-top-right:0px;--awb-border-radius-bottom-right:0px;--awb-border-radius-bottom-left:0px;--awb-flex-wrap:wrap;\" ><div class=\"fusion-builder-row fusion-row fusion-flex-align-items-stretch fusion-flex-content-wrap\" style=\"max-width:1144px;margin-left: calc(-4% \/ 2 );margin-right: calc(-4% \/ 2 );\"><div class=\"fusion-layout-column fusion_builder_column fusion-builder-column-2 fusion_builder_column_3_5 3_5 fusion-flex-column\" style=\"--awb-bg-size:cover;--awb-width-large:60%;--awb-margin-top-large:0px;--awb-spacing-right-large:3.2%;--awb-margin-bottom-large:20px;--awb-spacing-left-large:3.2%;--awb-width-medium:60%;--awb-spacing-right-medium:3.2%;--awb-spacing-left-medium:3.2%;--awb-width-small:100%;--awb-spacing-right-small:1.92%;--awb-spacing-left-small:1.92%;\"><div class=\"fusion-column-wrapper fusion-column-has-shadow fusion-flex-justify-content-flex-start fusion-content-layout-column\"><div class=\"accordian fusion-accordian\" style=\"--awb-border-size:2px;--awb-icon-size:20px;--awb-content-font-size:18px;--awb-icon-alignment:left;--awb-hover-color:#e9f5f1;--awb-border-color:#e9f5f1;--awb-background-color:#f7faf9;--awb-divider-color:#e0dede;--awb-divider-hover-color:#e0dede;--awb-icon-color:#1ea686;--awb-title-color:#f44336;--awb-content-color:#0f0f0f;--awb-icon-box-color:#1ea686;--awb-toggle-hover-accent-color:#1ea686;--awb-title-font-family:&quot;Roboto&quot;;--awb-title-font-weight:700;--awb-title-font-style:normal;--awb-title-font-size:22px;--awb-title-line-height:1.5;--awb-content-font-family:&quot;Roboto&quot;;--awb-content-font-style:normal;--awb-content-font-weight:300;\"><div class=\"panel-group fusion-toggle-icon-unboxed\" id=\"accordion-316-1\"><div class=\"fusion-panel panel-default panel-ddb2054da12757064 fusion-toggle-no-divider fusion-toggle-boxed-mode\"><div class=\"panel-heading\"><h4 class=\"panel-title toggle\" id=\"toggle_ddb2054da12757064\"><a aria-expanded=\"false\" aria-controls=\"ddb2054da12757064\" role=\"button\" data-toggle=\"collapse\" data-parent=\"#accordion-316-1\" data-target=\"#ddb2054da12757064\" href=\"#ddb2054da12757064\"><span class=\"fusion-toggle-icon-wrapper\" aria-hidden=\"true\"><i class=\"fa-fusion-box active-icon awb-icon-minus\" aria-hidden=\"true\"><\/i><i class=\"fa-fusion-box inactive-icon awb-icon-plus\" aria-hidden=\"true\"><\/i><\/span><span class=\"fusion-toggle-heading\">Suis-je responsable des dettes de l\u2019exploitation et qu\u2019est-ce que cela signifie?<\/span><\/a><\/h4><\/div><div id=\"ddb2054da12757064\" class=\"panel-collapse collapse \" aria-labelledby=\"toggle_ddb2054da12757064\"><div class=\"panel-body toggle-content fusion-clearfix\">\n<p>Si vous n\u2019\u00eates ni propri\u00e9taire, ni coexploitante, ni en communaut\u00e9 de biens, votre conjoint r\u00e9pond seul de ses dettes. Par contre si vous g\u00e9rez une branche d\u2019exploitation \u00e0 votre propre compte, vous \u00eates responsable des engagements li\u00e9s \u00e0 cette branche de production.<\/p>\n<p>Si vous cosignez un contrat avec votre mari (de leasing, d\u2019emprunt bancaire, etc.), vous devenez coresponsables des montants engag\u00e9s. De m\u00eame, certains offices de cr\u00e9dits agricoles ou banques demandent que les \u00e9pouses signent un contrat d\u2019engagement concernant les dettes de l\u2019exploitation en cas de reprise d\u2019exploitation. A vous d\u2019\u00e9valuer les risques avant de signer de tels engagements, vous n\u2019\u00eates en aucun cas oblig\u00e9e de le faire.<\/p>\n<\/div><\/div><\/div><div class=\"fusion-panel panel-default panel-f6c83f3af6068b961 fusion-toggle-no-divider fusion-toggle-boxed-mode\"><div class=\"panel-heading\"><h4 class=\"panel-title toggle\" id=\"toggle_f6c83f3af6068b961\"><a aria-expanded=\"false\" aria-controls=\"f6c83f3af6068b961\" role=\"button\" data-toggle=\"collapse\" data-parent=\"#accordion-316-1\" data-target=\"#f6c83f3af6068b961\" href=\"#f6c83f3af6068b961\"><span class=\"fusion-toggle-icon-wrapper\" aria-hidden=\"true\"><i class=\"fa-fusion-box active-icon awb-icon-minus\" aria-hidden=\"true\"><\/i><i class=\"fa-fusion-box inactive-icon awb-icon-plus\" aria-hidden=\"true\"><\/i><\/span><span class=\"fusion-toggle-heading\">Je ne suis pas propri\u00e9taire et on me demande de signer un contrat de pr\u00eat. Quelles pourraient-\u00eatre les cons\u00e9quences?<\/span><\/a><\/h4><\/div><div id=\"f6c83f3af6068b961\" class=\"panel-collapse collapse \" aria-labelledby=\"toggle_f6c83f3af6068b961\"><div class=\"panel-body toggle-content fusion-clearfix\">\n<p>Si vous signez un contrat de pr\u00eat en qualit\u00e9 de cod\u00e9bitrice, vous engagez la totalit\u00e9 de vos biens (revenu ext\u00e9rieur \u00e0 l\u2019exploitation, h\u00e9ritage, etc.). Si vous n\u2019avez aucun bien, vous ne pouvez pas \u00eatre tenue pour coresponsable des dettes. Avant de signer un contrat de pr\u00eat, il est vivement conseill\u00e9 de bien en \u00e9valuer les risques et de s\u2019informer des alternatives possibles de financement.<\/p>\n<\/div><\/div><\/div><div class=\"fusion-panel panel-default panel-f178f00d4838c2b0d fusion-toggle-no-divider fusion-toggle-boxed-mode\"><div class=\"panel-heading\"><h4 class=\"panel-title toggle\" id=\"toggle_f178f00d4838c2b0d\"><a aria-expanded=\"false\" aria-controls=\"f178f00d4838c2b0d\" role=\"button\" data-toggle=\"collapse\" data-parent=\"#accordion-316-1\" data-target=\"#f178f00d4838c2b0d\" href=\"#f178f00d4838c2b0d\"><span class=\"fusion-toggle-icon-wrapper\" aria-hidden=\"true\"><i class=\"fa-fusion-box active-icon awb-icon-minus\" aria-hidden=\"true\"><\/i><i class=\"fa-fusion-box inactive-icon awb-icon-plus\" aria-hidden=\"true\"><\/i><\/span><span class=\"fusion-toggle-heading\">Je vais apporter des liquidit\u00e9s pour financer des investissements dans l\u2019exploitation de mon mari. Faut-il faire quelque chose de particulier?<\/span><\/a><\/h4><\/div><div id=\"f178f00d4838c2b0d\" class=\"panel-collapse collapse \" aria-labelledby=\"toggle_f178f00d4838c2b0d\"><div class=\"panel-body toggle-content fusion-clearfix\">\n<p>Si vous investissez avec votre capital financier propre dans l\u2019exploitation, il est n\u00e9cessaire de <strong>documenter par \u00e9crit<\/strong> les apports, afin d\u2019en <strong>conserver pr\u00e9cieusement la preuve<\/strong>. Ces documents peuvent \u00eatre importants en cas de d\u00e9c\u00e8s ou de divorce. La liste doit \u00eatre p\u00e9riodiquement mise \u00e0 jour et sign\u00e9e \u00e0 chaque fois par les deux \u00e9poux.<\/p>\n<p>Si vous \u00eates mari\u00e9s sous le r\u00e9gime matrimonial de la participation aux acqu\u00eats, il faudra \u00e9galement pr\u00e9ciser dans les documents de preuve si l\u2019investissement a \u00e9t\u00e9 fait gr\u00e2ce \u00e0 un bien propre ou un acqu\u00eat. En effet, en cas de divorce ou de d\u00e9c\u00e8s, la r\u00e9partition des biens est diff\u00e9rente selon qu\u2019on a \u00e0 faire \u00e0 un bien propre ou un acqu\u00eat. Chacun a droit \u00e0 reprendre l\u2019int\u00e9gralit\u00e9 de ses biens propres, alors que les b\u00e9n\u00e9fices d\u2019acqu\u00eats sont divis\u00e9s par deux.<\/p>\n<\/div><\/div><\/div><\/div><\/div><\/div><\/div><div class=\"fusion-layout-column fusion_builder_column fusion-builder-column-3 fusion_builder_column_2_5 2_5 fusion-flex-column\" style=\"--awb-padding-top:6%;--awb-padding-right:6%;--awb-padding-bottom:6%;--awb-padding-left:6%;--awb-bg-size:cover;--awb-border-color:rgba(30,166,134,0.6);--awb-border-top:2px;--awb-border-right:2px;--awb-border-bottom:2px;--awb-border-left:2px;--awb-border-style:solid;--awb-width-large:40%;--awb-margin-top-large:0px;--awb-spacing-right-large:4.8%;--awb-margin-bottom-large:20px;--awb-spacing-left-large:4.8%;--awb-width-medium:40%;--awb-order-medium:0;--awb-spacing-right-medium:4.8%;--awb-spacing-left-medium:4.8%;--awb-width-small:100%;--awb-order-small:0;--awb-spacing-right-small:1.92%;--awb-spacing-left-small:1.92%;\"><div class=\"fusion-column-wrapper fusion-column-has-shadow fusion-flex-justify-content-flex-start fusion-content-layout-column\"><div class=\"fusion-text fusion-text-3\"><h5><span style=\"color: #4d4a4a;\">Documents et liens utils<\/span><\/h5>\n<div class=\"fusion-separator fusion-full-width-sep agri-separator\" style=\"align-self: center;margin-left: auto;margin-right: auto;width:100%;\"><\/div>\n<p><span style=\"color: #1ea686;\"><i class=\"fb-icon-element-2 fb-icon-element fontawesome-icon fa-square fas circle-no fusion-text-flow\" style=\"--awb-iconcolor:#1ea686;--awb-iconcolor-hover:#1ea686;--awb-font-size:10px;--awb-margin-right:5px;\"><\/i> <span style=\"color: #000000;\">Code civil suisse, art. 166<\/span><em><span style=\"color: #000000;\"><br \/>\n<\/span><\/em><a href=\"https:\/\/www.admin.ch\/opc\/fr\/classified-compilation\/19070042\/index.html\" target=\"_blank\" rel=\"noopener noreferrer\"><span style=\"color: #000000;\"><span style=\"color: #1ea686;\"><strong>Link<\/strong><\/span><\/span><\/a><em><span style=\"color: #000000;\"><br \/>\n<\/span><\/em><\/span><\/p>\n<p><span style=\"color: #1ea686;\"><i class=\"fb-icon-element-3 fb-icon-element fontawesome-icon fa-square fas circle-no fusion-text-flow\" style=\"--awb-iconcolor:#1ea686;--awb-iconcolor-hover:#1ea686;--awb-font-size:10px;--awb-margin-right:5px;\"><\/i>\u00a0<\/span><span style=\"color: #1ea686;\"><span style=\"color: #000000;\">Femmes et hommes dans l\u2019agriculture, Aide-M\u00e9moire 3: <em>Investir de l\u2019argent dans l\u2019exploitation de son conjoint<\/em>. AGRIDEA<\/span><span style=\"color: #000000;\"><br \/>\n<\/span><a style=\"color: #1ea686;\" href=\"https:\/\/agridea.abacuscity.ch\/fr\/3~310370~Shop\/Publications\/Entreprise-et-Famille\/Partenariat-famille\" target=\"_blank\" rel=\"noopener noreferrer\"><strong>Link<\/strong><\/a><\/span><\/p>\n<p><span style=\"color: #1ea686;\"><i class=\"fb-icon-element-4 fb-icon-element fontawesome-icon fa-square fas circle-no fusion-text-flow\" style=\"--awb-iconcolor:#1ea686;--awb-iconcolor-hover:#1ea686;--awb-font-size:10px;--awb-margin-right:5px;\"><\/i> <span style=\"color: #000000;\"><em>Les femmes dans l\u2019agriculture<\/em>, Rapport du Conseil f\u00e9d\u00e9ral<br \/>\n<\/span><\/span><span style=\"color: #1ea686;\"><span style=\"color: #000000;\"><span style=\"color: #1ea686;\"><a style=\"color: #1ea686;\" href=\"https:\/\/www.newsd.admin.ch\/newsd\/message\/attachments\/45383.pdf\" target=\"_blank\" rel=\"noopener noreferrer\"><strong>Link<\/strong><\/a><\/span><br \/>\n<\/span><\/span><\/p>\n<p><i class=\"fb-icon-element-5 fb-icon-element fontawesome-icon fa-square fas circle-no fusion-text-flow\" style=\"--awb-iconcolor:#1ea686;--awb-iconcolor-hover:#1ea686;--awb-font-size:10px;--awb-margin-right:5px;\"><\/i> B\u00dcRKI P., A propos des dettes, responsabilit\u00e9 pour les engagements juridiques de l\u2019autre \u00e9poux. Revue UFA 3 \/ 2014<br \/>\n<a href=\"https:\/\/agripedia.ch\/farah\/wp-content\/uploads\/sites\/32\/2021\/02\/\u00c0-propos-des-dettes-Revue-UFA-03-2014.pdf\" target=\"_blank\" rel=\"noopener noreferrer\"><strong><span style=\"color: #1ea686;\">Link<\/span><\/strong><\/a><\/p>\n<p><span style=\"color: #1ea686;\"><i class=\"fb-icon-element-6 fb-icon-element fontawesome-icon fa-square fas circle-no fusion-text-flow\" style=\"--awb-iconcolor:#1ea686;--awb-iconcolor-hover:#1ea686;--awb-font-size:10px;--awb-margin-right:5px;\"><\/i> <span style=\"color: #000000;\">W\u00dcRSCH M., <em>Investir les \u00e9conomies de l\u2019\u00e9pouse<\/em>. Revue UFA 7-8\/2011<br \/>\n<span style=\"color: #1ea686;\"><a style=\"color: #1ea686;\" href=\"https:\/\/agripedia.ch\/farah\/wp-content\/uploads\/sites\/32\/2021\/02\/Investir-les-\u00e9conomies-de-l\u2019\u00e9pouse-Revue-UFA-07-08-2011.pdf\" target=\"_blank\" rel=\"noopener noreferrer\"><strong>Link<\/strong><\/a><\/span><br \/>\n<\/span><\/span><\/p>\n<p><span style=\"color: #1ea686;\"><i class=\"fb-icon-element-7 fb-icon-element fontawesome-icon fa-square fas circle-no fusion-text-flow\" style=\"--awb-iconcolor:#1ea686;--awb-iconcolor-hover:#1ea686;--awb-font-size:10px;--awb-margin-right:5px;\"><\/i> <span style=\"color: #000000;\">LANGE NAEF E., <em>Revenu accessoire de la paysanne<\/em>. Revue UFA 4\/2012<br \/>\n<span style=\"color: #1ea686;\"><a style=\"color: #1ea686;\" href=\"https:\/\/agripedia.ch\/farah\/wp-content\/uploads\/sites\/32\/2021\/02\/Revenu-accessoire-de-la-paysanne-Revue-UFA-04-2012.pdf\" target=\"_blank\" rel=\"noopener noreferrer\"><strong>Link<\/strong><\/a><\/span><br \/>\n<\/span><\/span><\/p>\n<p><span style=\"color: #1ea686;\"><i class=\"fb-icon-element-8 fb-icon-element fontawesome-icon fa-square fas circle-no fusion-text-flow\" style=\"--awb-iconcolor:#1ea686;--awb-iconcolor-hover:#1ea686;--awb-font-size:10px;--awb-margin-right:5px;\"><\/i> <span style=\"color: #000000;\">Site de l\u2019Union suisse des paysannes et femmes rurales, <em>R\u00e9partition des biens dans le couple<br \/>\n<\/em><span style=\"color: #1ea686;\"><a style=\"color: #1ea686;\" href=\"https:\/\/www.paysannes.ch\/femme-homme\/repartition-des-biens-dans-le-couple\/\" target=\"_blank\" rel=\"noopener noreferrer\"><strong>Link<\/strong><\/a><\/span><em><br \/>\n<\/em><\/span><\/span><\/p>\n<\/div><\/div><\/div><\/div><\/div><div class=\"fusion-fullwidth fullwidth-box fusion-builder-row-3 fusion-flex-container nonhundred-percent-fullwidth non-hundred-percent-height-scrolling\" style=\"--awb-border-radius-top-left:0px;--awb-border-radius-top-right:0px;--awb-border-radius-bottom-right:0px;--awb-border-radius-bottom-left:0px;--awb-flex-wrap:wrap;\" ><div class=\"fusion-builder-row fusion-row fusion-flex-align-items-flex-start fusion-flex-content-wrap\" style=\"max-width:1144px;margin-left: calc(-4% \/ 2 );margin-right: calc(-4% \/ 2 );\"><div class=\"fusion-layout-column fusion_builder_column fusion-builder-column-4 fusion_builder_column_1_1 1_1 fusion-flex-column\" style=\"--awb-bg-size:cover;--awb-width-large:100%;--awb-margin-top-large:0px;--awb-spacing-right-large:1.92%;--awb-margin-bottom-large:20px;--awb-spacing-left-large:1.92%;--awb-width-medium:100%;--awb-spacing-right-medium:1.92%;--awb-spacing-left-medium:1.92%;--awb-width-small:100%;--awb-spacing-right-small:1.92%;--awb-spacing-left-small:1.92%;\"><div class=\"fusion-column-wrapper fusion-column-has-shadow fusion-flex-justify-content-flex-start fusion-content-layout-column\"><div class=\"fusion-separator fusion-full-width-sep agri-separator\" style=\"align-self: center;margin-left: auto;margin-right: auto;width:100%;\"><\/div><\/div><\/div><\/div><\/div><div class=\"fusion-fullwidth fullwidth-box fusion-builder-row-4 fusion-flex-container nonhundred-percent-fullwidth non-hundred-percent-height-scrolling\" style=\"--awb-border-radius-top-left:0px;--awb-border-radius-top-right:0px;--awb-border-radius-bottom-right:0px;--awb-border-radius-bottom-left:0px;--awb-flex-wrap:wrap;\" ><div class=\"fusion-builder-row fusion-row fusion-flex-align-items-flex-start fusion-flex-content-wrap\" style=\"max-width:1144px;margin-left: calc(-4% \/ 2 );margin-right: calc(-4% \/ 2 );\"><div class=\"fusion-layout-column fusion_builder_column fusion-builder-column-5 fusion_builder_column_1_3 1_3 fusion-flex-column\" style=\"--awb-bg-size:cover;--awb-width-large:33.333333333333%;--awb-margin-top-large:0px;--awb-spacing-right-large:5.76%;--awb-margin-bottom-large:20px;--awb-spacing-left-large:5.76%;--awb-width-medium:33.333333333333%;--awb-spacing-right-medium:5.76%;--awb-spacing-left-medium:5.76%;--awb-width-small:100%;--awb-spacing-right-small:1.92%;--awb-spacing-left-small:1.92%;\"><div class=\"fusion-column-wrapper fusion-column-has-shadow fusion-flex-justify-content-flex-start fusion-content-layout-column\"><div ><a class=\"fusion-button button-flat button-large button-custom fusion-button-default button-1 fusion-button-span-yes fusion-button-default-type\" style=\"--button_accent_color:#ffffff;--button_accent_hover_color:#ffffff;--button_border_hover_color:#ffffff;--button_gradient_top_color:#de3131;--button_gradient_bottom_color:#de3131;--button_gradient_top_color_hover:#de3131;--button_gradient_bottom_color_hover:#de3131;\" target=\"_self\" href=\"https:\/\/agripedia.ch\/farah\/fr\/statuts-juridiques-sur-lexploitation\/\"><span class=\"fusion-button-icon-divider button-icon-divider-left\"><i class=\"fa-arrow-left fas awb-button__icon awb-button__icon--default\" aria-hidden=\"true\"><\/i><\/span><span class=\"fusion-button-text awb-button__text awb-button__text--default fusion-button-text-left\">Status juridiques sur l\u2019exploitation<\/span><\/a><\/div><\/div><\/div><div class=\"fusion-layout-column fusion_builder_column fusion-builder-column-6 fusion_builder_column_1_3 1_3 fusion-flex-column\" style=\"--awb-bg-size:cover;--awb-width-large:33.333333333333%;--awb-margin-top-large:0px;--awb-spacing-right-large:5.76%;--awb-margin-bottom-large:20px;--awb-spacing-left-large:5.76%;--awb-width-medium:33.333333333333%;--awb-spacing-right-medium:5.76%;--awb-spacing-left-medium:5.76%;--awb-width-small:100%;--awb-spacing-right-small:1.92%;--awb-spacing-left-small:1.92%;\"><div class=\"fusion-column-wrapper fusion-column-has-shadow fusion-flex-justify-content-flex-start fusion-content-layout-column\"><div ><a class=\"fusion-button button-flat button-large button-custom fusion-button-default button-2 fusion-button-span-yes fusion-button-default-type\" style=\"--button_accent_color:#ffffff;--button_accent_hover_color:#ffffff;--button_border_hover_color:#ffffff;--button_gradient_top_color:#4d4a4a;--button_gradient_bottom_color:#4d4a4a;--button_gradient_top_color_hover:#4d4a4a;--button_gradient_bottom_color_hover:#4d4a4a;\" target=\"_self\" href=\"https:\/\/agripedia.ch\/farah\/fr\/sommaire\/\"><span class=\"fusion-button-icon-divider button-icon-divider-left\"><i class=\"fa-list fas awb-button__icon awb-button__icon--default\" aria-hidden=\"true\"><\/i><\/span><span class=\"fusion-button-text awb-button__text awb-button__text--default fusion-button-text-left\">Sommaire<\/span><\/a><\/div><\/div><\/div><div class=\"fusion-layout-column fusion_builder_column fusion-builder-column-7 fusion_builder_column_1_3 1_3 fusion-flex-column\" style=\"--awb-bg-size:cover;--awb-width-large:33.333333333333%;--awb-margin-top-large:0px;--awb-spacing-right-large:5.76%;--awb-margin-bottom-large:20px;--awb-spacing-left-large:5.76%;--awb-width-medium:33.333333333333%;--awb-spacing-right-medium:5.76%;--awb-spacing-left-medium:5.76%;--awb-width-small:100%;--awb-spacing-right-small:1.92%;--awb-spacing-left-small:1.92%;\"><div class=\"fusion-column-wrapper fusion-column-has-shadow fusion-flex-justify-content-flex-start fusion-content-layout-column\"><div ><a class=\"fusion-button button-flat button-large button-custom fusion-button-default button-3 fusion-button-span-yes fusion-button-default-type\" style=\"--button_accent_color:#ffffff;--button_accent_hover_color:#ffffff;--button_border_hover_color:#ffffff;--button_gradient_top_color:#1ea686;--button_gradient_bottom_color:#1ea686;--button_gradient_top_color_hover:#1ea686;--button_gradient_bottom_color_hover:#1ea686;\" target=\"_self\" href=\"https:\/\/agripedia.ch\/farah\/fr\/revenu-propre\/\"><span class=\"fusion-button-text awb-button__text awb-button__text--default fusion-button-text-right\">Revenu Propre<\/span><span class=\"fusion-button-icon-divider button-icon-divider-right\"><i class=\"fa-arrow-right fas awb-button__icon awb-button__icon--default\" aria-hidden=\"true\"><\/i><\/span><\/a><\/div><\/div><\/div><\/div><\/div><\/p>\n","protected":false},"excerpt":{"rendered":"","protected":false},"author":192,"featured_media":0,"parent":0,"menu_order":0,"comment_status":"closed","ping_status":"closed","template":"","meta":{"_sb_is_suggestion_mode":false,"_sb_show_suggestion_boards":false,"_sb_show_comment_boards":false,"_sb_suggestion_history":"","_sb_update_block_changes":"","_monsterinsights_skip_tracking":false,"_monsterinsights_sitenote_active":false,"_monsterinsights_sitenote_note":"","_monsterinsights_sitenote_category":0,"footnotes":""},"class_list":["post-316","page","type-page","status-publish","hentry"],"_links":{"self":[{"href":"https:\/\/agripedia.ch\/farah\/fr\/wp-json\/wp\/v2\/pages\/316","targetHints":{"allow":["GET"]}}],"collection":[{"href":"https:\/\/agripedia.ch\/farah\/fr\/wp-json\/wp\/v2\/pages"}],"about":[{"href":"https:\/\/agripedia.ch\/farah\/fr\/wp-json\/wp\/v2\/types\/page"}],"author":[{"embeddable":true,"href":"https:\/\/agripedia.ch\/farah\/fr\/wp-json\/wp\/v2\/users\/192"}],"replies":[{"embeddable":true,"href":"https:\/\/agripedia.ch\/farah\/fr\/wp-json\/wp\/v2\/comments?post=316"}],"version-history":[{"count":9,"href":"https:\/\/agripedia.ch\/farah\/fr\/wp-json\/wp\/v2\/pages\/316\/revisions"}],"predecessor-version":[{"id":652,"href":"https:\/\/agripedia.ch\/farah\/fr\/wp-json\/wp\/v2\/pages\/316\/revisions\/652"}],"wp:attachment":[{"href":"https:\/\/agripedia.ch\/farah\/fr\/wp-json\/wp\/v2\/media?parent=316"}],"curies":[{"name":"wp","href":"https:\/\/api.w.org\/{rel}","templated":true}]}}