{"id":292,"date":"2020-10-13T05:26:36","date_gmt":"2020-10-13T05:26:36","guid":{"rendered":"https:\/\/agripedia.ch\/farah\/?page_id=292"},"modified":"2020-11-09T15:52:35","modified_gmt":"2020-11-09T15:52:35","slug":"deces","status":"publish","type":"page","link":"https:\/\/agripedia.ch\/farah\/fr\/deces\/","title":{"rendered":"D\u00e9c\u00e8s"},"content":{"rendered":"<p><div class=\"fusion-fullwidth fullwidth-box fusion-builder-row-1 fusion-flex-container nonhundred-percent-fullwidth non-hundred-percent-height-scrolling\" style=\"--awb-border-radius-top-left:0px;--awb-border-radius-top-right:0px;--awb-border-radius-bottom-right:0px;--awb-border-radius-bottom-left:0px;--awb-flex-wrap:wrap;\" ><div class=\"fusion-builder-row fusion-row fusion-flex-align-items-flex-start fusion-flex-content-wrap\" style=\"max-width:1144px;margin-left: calc(-4% \/ 2 );margin-right: calc(-4% \/ 2 );\"><div class=\"fusion-layout-column fusion_builder_column fusion-builder-column-0 fusion_builder_column_1_1 1_1 fusion-flex-column\" style=\"--awb-bg-size:cover;--awb-width-large:100%;--awb-margin-top-large:0px;--awb-spacing-right-large:1.92%;--awb-margin-bottom-large:20px;--awb-spacing-left-large:1.92%;--awb-width-medium:100%;--awb-order-medium:0;--awb-spacing-right-medium:1.92%;--awb-spacing-left-medium:1.92%;--awb-width-small:100%;--awb-order-small:0;--awb-spacing-right-small:1.92%;--awb-spacing-left-small:1.92%;\"><div class=\"fusion-column-wrapper fusion-column-has-shadow fusion-flex-justify-content-flex-start fusion-content-layout-column\"><div class=\"fusion-text fusion-text-1\"><h6><span style=\"color: #ffaa00\"><a style=\"color: #ffaa00\" href=\"https:\/\/agripedia.ch\/farah\/fr\/\">Page d\u2019accueil<\/a> > Situation familiale ><a style=\"color: #ffaa00\" href=\"https:\/\/agripedia.ch\/farah\/fr\/deces\/\">\u00a0D\u00e9c\u00e8s<\/a><\/span><\/h6>\n<\/div><div class=\"fusion-separator fusion-full-width-sep\" style=\"align-self: center;margin-left: auto;margin-right: auto;width:100%;\"><div class=\"fusion-separator-border sep-single sep-solid\" style=\"--awb-height:20px;--awb-amount:20px;--awb-sep-color:#ffaa00;border-color:#ffaa00;border-top-width:1px;\"><\/div><\/div><\/div><\/div><div class=\"fusion-layout-column fusion_builder_column fusion-builder-column-1 fusion_builder_column_1_1 1_1 fusion-flex-column\" style=\"--awb-bg-size:cover;--awb-width-large:100%;--awb-margin-top-large:0px;--awb-spacing-right-large:1.92%;--awb-margin-bottom-large:20px;--awb-spacing-left-large:1.92%;--awb-width-medium:100%;--awb-spacing-right-medium:1.92%;--awb-spacing-left-medium:1.92%;--awb-width-small:100%;--awb-spacing-right-small:1.92%;--awb-spacing-left-small:1.92%;\"><div class=\"fusion-column-wrapper fusion-column-has-shadow fusion-flex-justify-content-flex-start fusion-content-layout-column\"><div class=\"fusion-separator fusion-full-width-sep agri-separator\" style=\"align-self: center;margin-left: auto;margin-right: auto;width:100%;\"><\/div><div class=\"fusion-text fusion-text-2\"><h2><span style=\"color: #ffaa00\"><i class=\"fb-icon-element-1 fb-icon-element fontawesome-icon fa-cross fas circle-yes fusion-text-flow\" style=\"--awb-circlecolor:#ffaa00;--awb-circlecolor-hover:#ffaa00;--awb-circlebordersize:0px;--awb-font-size:33.44px;--awb-width:66.88px;--awb-height:66.88px;--awb-line-height:66.88px;--awb-margin-right:19px;\"><\/i> <\/span><span style=\"color: #ffaa00\">D\u00e9c\u00e8s<\/span><\/h2>\n<\/div><\/div><\/div><\/div><\/div><div class=\"fusion-fullwidth fullwidth-box fusion-builder-row-2 fusion-flex-container nonhundred-percent-fullwidth non-hundred-percent-height-scrolling\" style=\"--awb-border-radius-top-left:0px;--awb-border-radius-top-right:0px;--awb-border-radius-bottom-right:0px;--awb-border-radius-bottom-left:0px;--awb-flex-wrap:wrap;\" ><div class=\"fusion-builder-row fusion-row fusion-flex-align-items-stretch fusion-flex-content-wrap\" style=\"max-width:1144px;margin-left: calc(-4% \/ 2 );margin-right: calc(-4% \/ 2 );\"><div class=\"fusion-layout-column fusion_builder_column fusion-builder-column-2 fusion_builder_column_3_5 3_5 fusion-flex-column\" style=\"--awb-bg-size:cover;--awb-width-large:60%;--awb-margin-top-large:0px;--awb-spacing-right-large:3.2%;--awb-margin-bottom-large:20px;--awb-spacing-left-large:3.2%;--awb-width-medium:60%;--awb-spacing-right-medium:3.2%;--awb-spacing-left-medium:3.2%;--awb-width-small:100%;--awb-spacing-right-small:1.92%;--awb-spacing-left-small:1.92%;\"><div class=\"fusion-column-wrapper fusion-column-has-shadow fusion-flex-justify-content-flex-start fusion-content-layout-column\"><div class=\"fusion-text fusion-text-3\"><div class=\"accordian fusion-accordian\" style=\"--awb-border-size:2px;--awb-icon-size:20px;--awb-content-font-size:18px;--awb-icon-alignment:left;--awb-hover-color:#ffffd6;--awb-border-color:#ffffd6;--awb-background-color:ffffe3;--awb-divider-color:#e0dede;--awb-divider-hover-color:#e0dede;--awb-icon-color:#ffaa00;--awb-title-color:#f44336;--awb-content-color:#0f0f0f;--awb-icon-box-color:#7a7a7a;--awb-toggle-hover-accent-color:#ffaa00;--awb-title-font-family:&quot;Roboto&quot;;--awb-title-font-weight:700;--awb-title-font-style:normal;--awb-title-font-size:22px;--awb-title-line-height:1.5;--awb-content-font-family:&quot;Roboto&quot;;--awb-content-font-style:normal;--awb-content-font-weight:300;\"><div class=\"panel-group fusion-toggle-icon-unboxed\" id=\"accordion-292-1\"> <div class=\"fusion-panel panel-default panel-b59d80e2c1c648685 fusion-toggle-no-divider fusion-toggle-boxed-mode\"><div class=\"panel-heading\"><h4 class=\"panel-title toggle\" id=\"toggle_b59d80e2c1c648685\"><a aria-expanded=\"false\" aria-controls=\"b59d80e2c1c648685\" role=\"button\" data-toggle=\"collapse\" data-parent=\"#accordion-292-1\" data-target=\"#b59d80e2c1c648685\" href=\"#b59d80e2c1c648685\"><span class=\"fusion-toggle-icon-wrapper\" aria-hidden=\"true\"><i class=\"fa-fusion-box active-icon awb-icon-minus\" aria-hidden=\"true\"><\/i><i class=\"fa-fusion-box inactive-icon awb-icon-plus\" aria-hidden=\"true\"><\/i><\/span><span class=\"fusion-toggle-heading\">Est-ce que je peux reprendre l\u2019exploitation en cas de d\u00e9c\u00e8s de mon conjoint?<\/span><\/a><\/h4><\/div><div id=\"b59d80e2c1c648685\" class=\"panel-collapse collapse \" aria-labelledby=\"toggle_b59d80e2c1c648685\"><div class=\"panel-body toggle-content fusion-clearfix\"><\/p>\n<p>En cas de d\u00e9c\u00e8s d\u2019un propri\u00e9taire-exploitant, son entreprise agricole fait partie de sa succession. Chaque h\u00e9ritier du d\u00e9funt qui a les comp\u00e9tences et qui entend exploiter lui-m\u00eame peut alors <strong>demander l\u2019attribution du domaine<\/strong>.<\/p>\n<p>Afin de faciliter l\u2019attribution du domaine dans le cas de plusieurs h\u00e9ritiers potentiellement int\u00e9ress\u00e9s, notamment conjoint ou enfants, l\u2019exploitant peut d\u00e9signer, de son vivant, celui de ses h\u00e9ritiers qui devra \u00eatre retenu en priorit\u00e9. La veuve peut \u00e9galement reprendre l\u2019exploitation dans l\u2019attente de la reprise par un des enfants, voire continuer d\u2019exploiter en hoirie.<\/p>\n<p>En cas de d\u00e9saccord entre les h\u00e9ritiers, il reviendra au juge de trancher en tenant compte de la situation particuli\u00e8re de chacun.<\/p>\n<p>Si l\u2019exploitation du domaine n\u2019est pas accord\u00e9e \u00e0 la veuve, elle peut demander un <strong>usufruit sur un appartement<\/strong> ou un <strong>droit d\u2019habitation<\/strong>.<\/p>\n<p><\/div><\/div><\/div><div class=\"fusion-panel panel-default panel-12770b739719eed6b fusion-toggle-no-divider fusion-toggle-boxed-mode\"><div class=\"panel-heading\"><h4 class=\"panel-title toggle\" id=\"toggle_12770b739719eed6b\"><a aria-expanded=\"false\" aria-controls=\"12770b739719eed6b\" role=\"button\" data-toggle=\"collapse\" data-parent=\"#accordion-292-1\" data-target=\"#12770b739719eed6b\" href=\"#12770b739719eed6b\"><span class=\"fusion-toggle-icon-wrapper\" aria-hidden=\"true\"><i class=\"fa-fusion-box active-icon awb-icon-minus\" aria-hidden=\"true\"><\/i><i class=\"fa-fusion-box inactive-icon awb-icon-plus\" aria-hidden=\"true\"><\/i><\/span><span class=\"fusion-toggle-heading\">Existe-il un temps d'adaptation pour satisfaireaux exigences pour l'octroi des paiements directs das une telle situation?<\/span><\/a><\/h4><\/div><div id=\"12770b739719eed6b\" class=\"panel-collapse collapse \" aria-labelledby=\"toggle_12770b739719eed6b\"><div class=\"panel-body toggle-content fusion-clearfix\"><\/p>\n<p>Suite au d\u00e9c\u00e8s d\u2019un exploitant agricole, l\u2019h\u00e9ritier qui reprend l\u2019exploitation aura trois ans pour r\u00e9pondre aux exigences d\u2019octroi des paiements directs.<\/p>\n<p>L\u2019Ordonnance sur les paiements directs conditionne leur versement aux seul-e-s exploitant-e-s remplissant les exigences en mati\u00e8re de formation. Les formations suivantes sont notamment reconnues:<\/p>\n<p><span style=\"color: #ffaa00\"><i class=\"fb-icon-element-2 fb-icon-element fontawesome-icon fa-square fas circle-no fusion-text-flow\" style=\"--awb-iconcolor:#ffaa00;--awb-iconcolor-hover:#ffaa00;--awb-font-size:10px;--awb-margin-right:5px;\"><\/i> <span style=\"color: #000000\">Attestation f\u00e9d\u00e9rale professionnelle (<strong>AFP<\/strong>), Certificat f\u00e9d\u00e9ral de capacit\u00e9 <\/span><span style=\"color: #000000\">(<strong>CFC<\/strong>) ou <strong>formations sup\u00e9rieures<\/strong> agricoles (Haute \u00e9cole sp\u00e9cialis\u00e9e, <\/span><span style=\"color: #000000\">Ecole polytechnique f\u00e9d\u00e9rale, etc.).<\/span><\/span><\/p>\n<p><span style=\"color: #ffaa00\"><i class=\"fb-icon-element-3 fb-icon-element fontawesome-icon fa-square fas circle-no fusion-text-flow\" style=\"--awb-iconcolor:#ffaa00;--awb-iconcolor-hover:#ffaa00;--awb-font-size:10px;--awb-margin-right:5px;\"><\/i> <span style=\"color: #000000\">Attestation f\u00e9d\u00e9rale professionnelle <strong>(AFP<\/strong>) ou Certificat f\u00e9d\u00e9ral de capacit\u00e9 (<strong>CFC<\/strong>) non agricole compl\u00e9t\u00e9 d\u2019une <strong>formation continue<\/strong> agricole ou d\u2019une exp\u00e9rience de <strong>3 ans<\/strong> dans une exploitation agricole; les conjoints n\u2019ont pas \u00e0 prouver formellement cette activit\u00e9 pratique (cf Ordonnance sur les paiements directs, commentaire \u00e0 l\u2019article 4, al.2, let.b).<\/span><\/span><\/p>\n<p><span style=\"color: #ffaa00\"><i class=\"fb-icon-element-4 fb-icon-element fontawesome-icon fa-square fas circle-no fusion-text-flow\" style=\"--awb-iconcolor:#ffaa00;--awb-iconcolor-hover:#ffaa00;--awb-font-size:10px;--awb-margin-right:5px;\"><\/i> <span style=\"color: #000000\"><strong>Brevet<\/strong> ou <strong>dipl\u00f4me<\/strong> de paysanne.<\/span><\/span><\/p>\n<p><\/div><\/div><\/div><\/div><\/div>\n<\/div><\/div><\/div><div class=\"fusion-layout-column fusion_builder_column fusion-builder-column-3 fusion_builder_column_2_5 2_5 fusion-flex-column\" style=\"--awb-padding-top:6%;--awb-padding-right:6%;--awb-padding-bottom:6%;--awb-padding-left:6%;--awb-bg-size:cover;--awb-border-color:rgba(255,170,0,0.61);--awb-border-top:2px;--awb-border-right:2px;--awb-border-bottom:2px;--awb-border-left:2px;--awb-border-style:solid;--awb-width-large:40%;--awb-margin-top-large:0px;--awb-spacing-right-large:4.8%;--awb-margin-bottom-large:20px;--awb-spacing-left-large:4.8%;--awb-width-medium:40%;--awb-order-medium:0;--awb-spacing-right-medium:4.8%;--awb-spacing-left-medium:4.8%;--awb-width-small:100%;--awb-order-small:0;--awb-spacing-right-small:1.92%;--awb-spacing-left-small:1.92%;\"><div class=\"fusion-column-wrapper fusion-column-has-shadow fusion-flex-justify-content-flex-start fusion-content-layout-column\"><div class=\"fusion-text fusion-text-4\"><h5><span style=\"color: #4d4a4a\">Documents et liens utils<\/span><\/h5>\n<div class=\"fusion-separator fusion-full-width-sep agri-separator\" style=\"align-self: center;margin-left: auto;margin-right: auto;width:100%;\"><\/div>\n<p><span style=\"color: #ffaa00\"><i class=\"fb-icon-element-5 fb-icon-element fontawesome-icon fa-square fas circle-no fusion-text-flow\" style=\"--awb-iconcolor:#ffaa00;--awb-iconcolor-hover:#ffaa00;--awb-font-size:10px;--awb-margin-right:5px;\"><\/i> <span style=\"color: #000000\">Loi f\u00e9d\u00e9rale sur le droit foncier rural (LDFR)<br \/>\n<span style=\"color: #ffaa00\"><strong><a style=\"color: #ffaa00\" href=\"https:\/\/www.admin.ch\/opc\/fr\/classified-compilation\/19910253\/index.html\" target=\"_blank\" rel=\"noopener noreferrer\">Lie<\/a>n<\/strong><\/span><\/span><\/span><\/p>\n<p><span style=\"color: #ffaa00\"><i class=\"fb-icon-element-6 fb-icon-element fontawesome-icon fa-square fas circle-no fusion-text-flow\" style=\"--awb-iconcolor:#ffaa00;--awb-iconcolor-hover:#ffaa00;--awb-font-size:10px;--awb-margin-right:5px;\"><\/i> <span style=\"color: #000000\">Ordonnance sur les paiements directs (OPD)<br \/>\n<a href=\"https:\/\/www.admin.ch\/opc\/fr\/classified-compilation\/20130216\/index.html\" target=\"_blank\" rel=\"noopener noreferrer\"><span style=\"color: #ffaa00\"><strong>Lien<\/strong><\/span><\/a><\/span><\/span><\/p>\n<p><span style=\"color: #ffaa00\"><i class=\"fb-icon-element-7 fb-icon-element fontawesome-icon fa-square fas circle-no fusion-text-flow\" style=\"--awb-iconcolor:#ffaa00;--awb-iconcolor-hover:#ffaa00;--awb-font-size:10px;--awb-margin-right:5px;\"><\/i> <span style=\"color: #000000\">Femmes et hommes dans l\u2019agriculture, Aide-M\u00e9moire 5 : <em>D\u00e9c\u00e8s ou invalidit\u00e9 \u00e0 la ferme<\/em>. AGRIDEA<br \/>\n<a href=\"https:\/\/agridea.abacuscity.ch\/fr\/3~310370~Shop\/Publications\/Entreprise-et-Famille\/Partenariat-famille\" target=\"_blank\" rel=\"noopener noreferrer\"><span style=\"color: #ffaa00\"><strong>Lien<\/strong><\/span><\/a><\/span><\/span><\/p>\n<p><span style=\"color: #ffaa00\"><i class=\"fb-icon-element-8 fb-icon-element fontawesome-icon fa-square fas circle-no fusion-text-flow\" style=\"--awb-iconcolor:#ffaa00;--awb-iconcolor-hover:#ffaa00;--awb-font-size:10px;--awb-margin-right:5px;\"><\/i> <span style=\"color: #000000\"><em>Remise de l\u2019exploitation agricole.<\/em> 2006. AGRIDEA et USP<br \/>\n<a href=\"https:\/\/agridea.abacuscity.ch\/fr\/3~310370~Shop\/Publications\/Entreprise-et-Famille\/Partenariat-famille\" target=\"_blank\" rel=\"noopener noreferrer\"><span style=\"color: #ffaa00\"><strong>Lien<\/strong><\/span><\/a><\/span><\/span><\/p>\n<p><span style=\"color: #ffaa00\"><i class=\"fb-icon-element-9 fb-icon-element fontawesome-icon fa-square fas circle-no fusion-text-flow\" style=\"--awb-iconcolor:#ffaa00;--awb-iconcolor-hover:#ffaa00;--awb-font-size:10px;--awb-margin-right:5px;\"><\/i> <span style=\"color: #000000\"><em>Plateform d\u2019aide et soutien,\u00a0<\/em>Union suisse des paysannes et des fammes rurales<br \/>\n<span style=\"color: #ffaa00\"><a style=\"color: #ffaa00\" href=\"https:\/\/www.paysannes.ch\/fr\/femme-homme\/aide-et-soutien\/professionnels-specialises\/\" target=\"_blank\" rel=\"noopener noreferrer\"><strong>Lien<\/strong><\/a><\/span><\/span><\/span><\/p>\n<\/div><\/div><\/div><\/div><\/div><div class=\"fusion-fullwidth fullwidth-box fusion-builder-row-3 fusion-flex-container nonhundred-percent-fullwidth non-hundred-percent-height-scrolling\" style=\"--awb-border-radius-top-left:0px;--awb-border-radius-top-right:0px;--awb-border-radius-bottom-right:0px;--awb-border-radius-bottom-left:0px;--awb-flex-wrap:wrap;\" ><div class=\"fusion-builder-row fusion-row fusion-flex-align-items-flex-start fusion-flex-content-wrap\" style=\"max-width:1144px;margin-left: calc(-4% \/ 2 );margin-right: calc(-4% \/ 2 );\"><div class=\"fusion-layout-column fusion_builder_column fusion-builder-column-4 fusion_builder_column_1_1 1_1 fusion-flex-column\" style=\"--awb-bg-size:cover;--awb-width-large:100%;--awb-margin-top-large:0px;--awb-spacing-right-large:1.92%;--awb-margin-bottom-large:20px;--awb-spacing-left-large:1.92%;--awb-width-medium:100%;--awb-spacing-right-medium:1.92%;--awb-spacing-left-medium:1.92%;--awb-width-small:100%;--awb-spacing-right-small:1.92%;--awb-spacing-left-small:1.92%;\"><div class=\"fusion-column-wrapper fusion-column-has-shadow fusion-flex-justify-content-flex-start fusion-content-layout-column\"><div class=\"fusion-separator fusion-full-width-sep agri-separator\" style=\"align-self: center;margin-left: auto;margin-right: auto;width:100%;\"><\/div><\/div><\/div><\/div><\/div><div class=\"fusion-fullwidth fullwidth-box fusion-builder-row-4 fusion-flex-container nonhundred-percent-fullwidth non-hundred-percent-height-scrolling\" style=\"--awb-border-radius-top-left:0px;--awb-border-radius-top-right:0px;--awb-border-radius-bottom-right:0px;--awb-border-radius-bottom-left:0px;--awb-flex-wrap:wrap;\" ><div class=\"fusion-builder-row fusion-row fusion-flex-align-items-flex-start fusion-flex-content-wrap\" style=\"max-width:1144px;margin-left: calc(-4% \/ 2 );margin-right: calc(-4% \/ 2 );\"><div class=\"fusion-layout-column fusion_builder_column fusion-builder-column-5 fusion_builder_column_1_3 1_3 fusion-flex-column\" style=\"--awb-bg-size:cover;--awb-width-large:33.333333333333%;--awb-margin-top-large:0px;--awb-spacing-right-large:5.76%;--awb-margin-bottom-large:20px;--awb-spacing-left-large:5.76%;--awb-width-medium:33.333333333333%;--awb-spacing-right-medium:5.76%;--awb-spacing-left-medium:5.76%;--awb-width-small:100%;--awb-spacing-right-small:1.92%;--awb-spacing-left-small:1.92%;\"><div class=\"fusion-column-wrapper fusion-column-has-shadow fusion-flex-justify-content-flex-start fusion-content-layout-column\"><div ><a class=\"fusion-button button-flat button-large button-custom fusion-button-default button-1 fusion-button-span-yes fusion-button-default-type\" style=\"--button_accent_color:#ffffff;--button_accent_hover_color:#ffffff;--button_border_hover_color:#ffffff;--button_gradient_top_color:#ffaa00;--button_gradient_bottom_color:#ffaa00;--button_gradient_top_color_hover:#ffaa00;--button_gradient_bottom_color_hover:#ffaa00;\" target=\"_self\" href=\"https:\/\/agripedia.ch\/farah\/fr\/separation-et-divorce\/\"><span class=\"fusion-button-icon-divider button-icon-divider-left\"><i class=\"fa-arrow-left fas awb-button__icon awb-button__icon--default\" aria-hidden=\"true\"><\/i><\/span><span class=\"fusion-button-text awb-button__text awb-button__text--default fusion-button-text-left\">S\u00e9paration et divorce<\/span><\/a><\/div><\/div><\/div><div class=\"fusion-layout-column fusion_builder_column fusion-builder-column-6 fusion_builder_column_1_3 1_3 fusion-flex-column\" style=\"--awb-bg-size:cover;--awb-width-large:33.333333333333%;--awb-margin-top-large:0px;--awb-spacing-right-large:5.76%;--awb-margin-bottom-large:20px;--awb-spacing-left-large:5.76%;--awb-width-medium:33.333333333333%;--awb-spacing-right-medium:5.76%;--awb-spacing-left-medium:5.76%;--awb-width-small:100%;--awb-spacing-right-small:1.92%;--awb-spacing-left-small:1.92%;\"><div class=\"fusion-column-wrapper fusion-column-has-shadow fusion-flex-justify-content-flex-start fusion-content-layout-column\"><div ><a class=\"fusion-button button-flat button-large button-custom fusion-button-default button-2 fusion-button-span-yes fusion-button-default-type\" style=\"--button_accent_color:#ffffff;--button_accent_hover_color:#ffffff;--button_border_hover_color:#ffffff;--button_gradient_top_color:#4d4a4a;--button_gradient_bottom_color:#4d4a4a;--button_gradient_top_color_hover:#4d4a4a;--button_gradient_bottom_color_hover:#4d4a4a;\" target=\"_self\" href=\"https:\/\/agripedia.ch\/farah\/fr\/sommaire\/\"><span class=\"fusion-button-icon-divider button-icon-divider-left\"><i class=\"fa-list fas awb-button__icon awb-button__icon--default\" aria-hidden=\"true\"><\/i><\/span><span class=\"fusion-button-text awb-button__text awb-button__text--default fusion-button-text-left\">Sommaire<\/span><\/a><\/div><\/div><\/div><div class=\"fusion-layout-column fusion_builder_column fusion-builder-column-7 fusion_builder_column_1_3 1_3 fusion-flex-column\" style=\"--awb-bg-size:cover;--awb-width-large:33.333333333333%;--awb-margin-top-large:0px;--awb-spacing-right-large:5.76%;--awb-margin-bottom-large:20px;--awb-spacing-left-large:5.76%;--awb-width-medium:33.333333333333%;--awb-spacing-right-medium:5.76%;--awb-spacing-left-medium:5.76%;--awb-width-small:100%;--awb-spacing-right-small:1.92%;--awb-spacing-left-small:1.92%;\"><div class=\"fusion-column-wrapper fusion-column-has-shadow fusion-flex-justify-content-flex-start fusion-content-layout-column\"><div ><a class=\"fusion-button button-flat button-large button-custom fusion-button-default button-3 fusion-button-span-yes fusion-button-default-type\" style=\"--button_accent_color:#ffffff;--button_accent_hover_color:#ffffff;--button_border_hover_color:#ffffff;--button_gradient_top_color:#ffaa00;--button_gradient_bottom_color:#ffaa00;--button_gradient_top_color_hover:#ffaa00;--button_gradient_bottom_color_hover:#ffaa00;\" target=\"_self\" href=\"https:\/\/agripedia.ch\/farah\/fr\/remise-et-reprise-dexploitation\/\"><span class=\"fusion-button-text awb-button__text awb-button__text--default fusion-button-text-right\">Remise et reprise d\u2019exploitation<\/span><span class=\"fusion-button-icon-divider button-icon-divider-right\"><i class=\"fa-arrow-right fas awb-button__icon awb-button__icon--default\" aria-hidden=\"true\"><\/i><\/span><\/a><\/div><\/div><\/div><\/div><\/div><\/p>\n","protected":false},"excerpt":{"rendered":"","protected":false},"author":192,"featured_media":0,"parent":0,"menu_order":0,"comment_status":"closed","ping_status":"closed","template":"","meta":{"_sb_is_suggestion_mode":false,"_sb_show_suggestion_boards":false,"_sb_show_comment_boards":false,"_sb_suggestion_history":"","_sb_update_block_changes":"","_monsterinsights_skip_tracking":false,"_monsterinsights_sitenote_active":false,"_monsterinsights_sitenote_note":"","_monsterinsights_sitenote_category":0,"footnotes":""},"class_list":["post-292","page","type-page","status-publish","hentry"],"_links":{"self":[{"href":"https:\/\/agripedia.ch\/farah\/fr\/wp-json\/wp\/v2\/pages\/292","targetHints":{"allow":["GET"]}}],"collection":[{"href":"https:\/\/agripedia.ch\/farah\/fr\/wp-json\/wp\/v2\/pages"}],"about":[{"href":"https:\/\/agripedia.ch\/farah\/fr\/wp-json\/wp\/v2\/types\/page"}],"author":[{"embeddable":true,"href":"https:\/\/agripedia.ch\/farah\/fr\/wp-json\/wp\/v2\/users\/192"}],"replies":[{"embeddable":true,"href":"https:\/\/agripedia.ch\/farah\/fr\/wp-json\/wp\/v2\/comments?post=292"}],"version-history":[{"count":11,"href":"https:\/\/agripedia.ch\/farah\/fr\/wp-json\/wp\/v2\/pages\/292\/revisions"}],"predecessor-version":[{"id":607,"href":"https:\/\/agripedia.ch\/farah\/fr\/wp-json\/wp\/v2\/pages\/292\/revisions\/607"}],"wp:attachment":[{"href":"https:\/\/agripedia.ch\/farah\/fr\/wp-json\/wp\/v2\/media?parent=292"}],"curies":[{"name":"wp","href":"https:\/\/api.w.org\/{rel}","templated":true}]}}