{"id":287,"date":"2020-10-13T05:09:10","date_gmt":"2020-10-13T05:09:10","guid":{"rendered":"https:\/\/agripedia.ch\/farah\/?page_id=287"},"modified":"2020-11-09T15:53:00","modified_gmt":"2020-11-09T15:53:00","slug":"separation-et-divorce","status":"publish","type":"page","link":"https:\/\/agripedia.ch\/farah\/fr\/separation-et-divorce\/","title":{"rendered":"S\u00e9paration et divorce"},"content":{"rendered":"<p><div class=\"fusion-fullwidth fullwidth-box fusion-builder-row-1 fusion-flex-container nonhundred-percent-fullwidth non-hundred-percent-height-scrolling\" style=\"--awb-border-radius-top-left:0px;--awb-border-radius-top-right:0px;--awb-border-radius-bottom-right:0px;--awb-border-radius-bottom-left:0px;--awb-flex-wrap:wrap;\" ><div class=\"fusion-builder-row fusion-row fusion-flex-align-items-flex-start fusion-flex-content-wrap\" style=\"max-width:1144px;margin-left: calc(-4% \/ 2 );margin-right: calc(-4% \/ 2 );\"><div class=\"fusion-layout-column fusion_builder_column fusion-builder-column-0 fusion_builder_column_1_1 1_1 fusion-flex-column\" style=\"--awb-bg-size:cover;--awb-width-large:100%;--awb-margin-top-large:0px;--awb-spacing-right-large:1.92%;--awb-margin-bottom-large:20px;--awb-spacing-left-large:1.92%;--awb-width-medium:100%;--awb-spacing-right-medium:1.92%;--awb-spacing-left-medium:1.92%;--awb-width-small:100%;--awb-spacing-right-small:1.92%;--awb-spacing-left-small:1.92%;\"><div class=\"fusion-column-wrapper fusion-column-has-shadow fusion-flex-justify-content-flex-start fusion-content-layout-column\"><div class=\"fusion-text fusion-text-1\"><h6><span style=\"color: #ffaa00\"><a style=\"color: #ffaa00\" href=\"https:\/\/agripedia.ch\/farah\/fr\/\">Page d\u2019accueil<\/a> > Situation familiale > <a href=\"https:\/\/agripedia.ch\/farah\/fr\/separation-et-divorce\/\"><span style=\"color: #ffaa00\">S\u00e9paration et divorce<\/span><\/a><\/span><\/h6>\n<\/div><div class=\"fusion-separator fusion-full-width-sep\" style=\"align-self: center;margin-left: auto;margin-right: auto;width:100%;\"><div class=\"fusion-separator-border sep-single sep-solid\" style=\"--awb-height:20px;--awb-amount:20px;--awb-sep-color:#ffaa00;border-color:#ffaa00;border-top-width:1px;\"><\/div><\/div><div class=\"fusion-separator fusion-full-width-sep agri-separator\" style=\"align-self: center;margin-left: auto;margin-right: auto;width:100%;\"><\/div><div class=\"fusion-text fusion-text-2\"><h2><span style=\"color: #ffaa00\"><i class=\"fb-icon-element-1 fb-icon-element fontawesome-icon fa fa-heart-broken circle-yes fusion-text-flow\" style=\"--awb-circlecolor:#ffaa00;--awb-circlecolor-hover:#ffaa00;--awb-circlebordersize:0px;--awb-font-size:33.44px;--awb-width:66.88px;--awb-height:66.88px;--awb-line-height:66.88px;--awb-margin-right:19px;\"><\/i> <\/span><span style=\"color: #ffaa00\">S\u00e9paration et divorce<\/span><\/h2>\n<\/div><\/div><\/div><\/div><\/div><div class=\"fusion-fullwidth fullwidth-box fusion-builder-row-2 fusion-flex-container nonhundred-percent-fullwidth non-hundred-percent-height-scrolling\" style=\"--awb-border-radius-top-left:0px;--awb-border-radius-top-right:0px;--awb-border-radius-bottom-right:0px;--awb-border-radius-bottom-left:0px;--awb-flex-wrap:wrap;\" ><div class=\"fusion-builder-row fusion-row fusion-flex-align-items-stretch fusion-flex-content-wrap\" style=\"max-width:1144px;margin-left: calc(-4% \/ 2 );margin-right: calc(-4% \/ 2 );\"><div class=\"fusion-layout-column fusion_builder_column fusion-builder-column-1 fusion_builder_column_3_5 3_5 fusion-flex-column\" style=\"--awb-bg-size:cover;--awb-width-large:60%;--awb-margin-top-large:0px;--awb-spacing-right-large:3.2%;--awb-margin-bottom-large:20px;--awb-spacing-left-large:3.2%;--awb-width-medium:60%;--awb-spacing-right-medium:3.2%;--awb-spacing-left-medium:3.2%;--awb-width-small:100%;--awb-spacing-right-small:1.92%;--awb-spacing-left-small:1.92%;\"><div class=\"fusion-column-wrapper fusion-column-has-shadow fusion-flex-justify-content-flex-start fusion-content-layout-column\"><div class=\"accordian fusion-accordian\" style=\"--awb-border-size:2px;--awb-icon-size:20px;--awb-content-font-size:18px;--awb-icon-alignment:left;--awb-hover-color:#ffffd6;--awb-border-color:#ffffd6;--awb-background-color:#ffffe3;--awb-divider-color:#e0dede;--awb-divider-hover-color:#e0dede;--awb-icon-color:#ffaa00;--awb-title-color:#f44336;--awb-content-color:#0f0f0f;--awb-icon-box-color:#7a7a7a;--awb-toggle-hover-accent-color:#ffaa00;--awb-title-font-family:&quot;Roboto&quot;;--awb-title-font-weight:700;--awb-title-font-style:normal;--awb-title-font-size:22px;--awb-title-line-height:1.5;--awb-content-font-family:&quot;Roboto&quot;;--awb-content-font-style:normal;--awb-content-font-weight:300;\"><div class=\"panel-group fusion-toggle-icon-unboxed\" id=\"accordion-287-1\"><div class=\"fusion-panel panel-default panel-7b576c5670e2d9075 fusion-toggle-no-divider fusion-toggle-boxed-mode\"><div class=\"panel-heading\"><h4 class=\"panel-title toggle\" id=\"toggle_7b576c5670e2d9075\"><a aria-expanded=\"false\" aria-controls=\"7b576c5670e2d9075\" role=\"button\" data-toggle=\"collapse\" data-parent=\"#accordion-287-1\" data-target=\"#7b576c5670e2d9075\" href=\"#7b576c5670e2d9075\"><span class=\"fusion-toggle-icon-wrapper\" aria-hidden=\"true\"><i class=\"fa-fusion-box active-icon awb-icon-minus\" aria-hidden=\"true\"><\/i><i class=\"fa-fusion-box inactive-icon awb-icon-plus\" aria-hidden=\"true\"><\/i><\/span><span class=\"fusion-toggle-heading\">En cas de divorce, est-ce que le juge pourrait d\u00e9cider de m\u2019attribuer le domaine agricole de mon mari?<\/span><\/a><\/h4><\/div><div id=\"7b576c5670e2d9075\" class=\"panel-collapse collapse \" aria-labelledby=\"toggle_7b576c5670e2d9075\"><div class=\"panel-body toggle-content fusion-clearfix\">\n<p>Celui qui est propri\u00e9taire du domaine, c\u2019est-\u00e0-dire celui qui a son nom inscrit au registre foncier, reprend son bien. S\u2019il y a copropri\u00e9t\u00e9, un \u00e9poux peut demander que <strong>le bien lui soit attribu\u00e9<\/strong> s\u2019il d\u00e9montre un int\u00e9r\u00eat pr\u00e9pond\u00e9rant.<\/p>\n<p>Une fois la propri\u00e9t\u00e9 du bien \u00e9tablie, il s\u2019agit de d\u00e9terminer quellessommes sont \u00e9ventuellement \u00e0 verser au conjoint quittant le domaine, suite par exemple \u00e0 des investissements, \u00e0 un pr\u00eat, \u00e0 une plus-value ou \u00e0 une collaboration.<\/p>\n<p>Cette question est complexe et n\u00e9cessite un examen pr\u00e9cis de chaque cas particulier.<\/p>\n<\/div><\/div><\/div><div class=\"fusion-panel panel-default panel-f8cf2fb797f6a94f1 fusion-toggle-no-divider fusion-toggle-boxed-mode\"><div class=\"panel-heading\"><h4 class=\"panel-title toggle\" id=\"toggle_f8cf2fb797f6a94f1\"><a aria-expanded=\"false\" aria-controls=\"f8cf2fb797f6a94f1\" role=\"button\" data-toggle=\"collapse\" data-parent=\"#accordion-287-1\" data-target=\"#f8cf2fb797f6a94f1\" href=\"#f8cf2fb797f6a94f1\"><span class=\"fusion-toggle-icon-wrapper\" aria-hidden=\"true\"><i class=\"fa-fusion-box active-icon awb-icon-minus\" aria-hidden=\"true\"><\/i><i class=\"fa-fusion-box inactive-icon awb-icon-plus\" aria-hidden=\"true\"><\/i><\/span><span class=\"fusion-toggle-heading\">Je me s\u00e9pare de mon conjoint. Sur quelles ressources financi\u00e8res vais-je pouvoir compter?<\/span><\/a><\/h4><\/div><div id=\"f8cf2fb797f6a94f1\" class=\"panel-collapse collapse \" aria-labelledby=\"toggle_f8cf2fb797f6a94f1\"><div class=\"panel-body toggle-content fusion-clearfix\">\n<p>Lors de la s\u00e9paration, les \u00e9poux fixent eux-m\u00eames une contribution d\u2019entretien pour celui qui n\u2019a pas de revenu ainsi que pour les enfants (des tabelles indicatrices de co\u00fbts d\u2019entretien des enfants existent dans diff\u00e9rents cantons).<\/p>\n<p>C\u2019est au moment du divorce que l\u2019indemnit\u00e9 pour contribution extraordinaire et la participation \u00e0 la moiti\u00e9 des acqu\u00eats du conjoint seront d\u00e9cid\u00e9es. Par ailleurs, chacun reprend ses biens propres Il est essentiel \u00e0 ce moment-l\u00e0 d\u2019avoir des preuves des investissements et contributions de chacun durant le mariage.<\/p>\n<p>La contribution d\u2019entretien pour l\u2019\u00e9pouse d\u00e9pend de plusieurs facteurs: dur\u00e9e du mariage, niveaux de vie respectifs des \u00e9poux pendant le mariage, \u00e2ge de l\u2019\u00e9pouse, prise en charge des enfants, perspectives de gain de l\u2019\u00e9poux et de l\u2019\u00e9pouse, etc.<\/p>\n<\/div><\/div><\/div><div class=\"fusion-panel panel-default panel-cf8a156060e2e667d fusion-toggle-no-divider fusion-toggle-boxed-mode\"><div class=\"panel-heading\"><h4 class=\"panel-title toggle\" id=\"toggle_cf8a156060e2e667d\"><a aria-expanded=\"false\" aria-controls=\"cf8a156060e2e667d\" role=\"button\" data-toggle=\"collapse\" data-parent=\"#accordion-287-1\" data-target=\"#cf8a156060e2e667d\" href=\"#cf8a156060e2e667d\"><span class=\"fusion-toggle-icon-wrapper\" aria-hidden=\"true\"><i class=\"fa-fusion-box active-icon awb-icon-minus\" aria-hidden=\"true\"><\/i><i class=\"fa-fusion-box inactive-icon awb-icon-plus\" aria-hidden=\"true\"><\/i><\/span><span class=\"fusion-toggle-heading\">J\u2019ai un revenu propre avec lequel je contribue \u00e0 l\u2019entretien de ma famille. Que puis-je valoriser en cas de divorce ou de d\u00e9c\u00e8s de mon mari?<\/span><\/a><\/h4><\/div><div id=\"cf8a156060e2e667d\" class=\"panel-collapse collapse \" aria-labelledby=\"toggle_cf8a156060e2e667d\"><div class=\"panel-body toggle-content fusion-clearfix\">\n<p>Pendant le mariage, la participation \u00e0 l\u2019entretien de la famille est une obligation des deux conjoints, que ce soit en temps ou en argent. Au moment du divorce ou du d\u00e9c\u00e8s, les acqu\u00eats (ce qui est obtenu \u00e0 titre on\u00e9reux pendant le mariage: produit du travail, revenu de biens propres, etc.) de chacun sont \u00e9valu\u00e9s et chacun repart avec la moiti\u00e9 de ses acqu\u00eats et la moiti\u00e9 de ceux de son conjoint.<\/p>\n<p>La part du revenu propre consacr\u00e9e \u00e0 l\u2019entretien de la famillen\u2019est plus disponible et ne peut donc \u00eatre ni r\u00e9cup\u00e9r\u00e9e ni partag\u00e9e. Il est donc judicieux que le revenu propre soit vers\u00e9 sur un compte \u00e0 part et que la participation aux frais de la famille soit bien d\u00e9termin\u00e9e.<\/p>\n<p>Chacun devant apporter la <strong>preuve de sa contribution<\/strong>, il est essentiel de garder en lieu s\u00fbr les contrats et extraits de banques concernant ses biens propres.<\/p>\n<\/div><\/div><\/div><\/div><\/div><\/div><\/div><div class=\"fusion-layout-column fusion_builder_column fusion-builder-column-2 fusion_builder_column_2_5 2_5 fusion-flex-column\" style=\"--awb-padding-top:6%;--awb-padding-right:6%;--awb-padding-bottom:6%;--awb-padding-left:6%;--awb-bg-size:cover;--awb-border-color:rgba(255,170,0,0.61);--awb-border-top:2px;--awb-border-right:2px;--awb-border-bottom:2px;--awb-border-left:2px;--awb-border-style:solid;--awb-width-large:40%;--awb-margin-top-large:0px;--awb-spacing-right-large:4.8%;--awb-margin-bottom-large:20px;--awb-spacing-left-large:4.8%;--awb-width-medium:40%;--awb-order-medium:0;--awb-spacing-right-medium:4.8%;--awb-spacing-left-medium:4.8%;--awb-width-small:100%;--awb-order-small:0;--awb-spacing-right-small:1.92%;--awb-spacing-left-small:1.92%;\"><div class=\"fusion-column-wrapper fusion-column-has-shadow fusion-flex-justify-content-flex-start fusion-content-layout-column\"><div class=\"fusion-text fusion-text-3\"><h5><span style=\"color: #4d4a4a\">Documents et liens utils<\/span><\/h5>\n<div class=\"fusion-separator fusion-full-width-sep agri-separator\" style=\"align-self: center;margin-left: auto;margin-right: auto;width:100%;\"><\/div>\n<p><span style=\"color: #ffaa00\"><i class=\"fb-icon-element-2 fb-icon-element fontawesome-icon fa-square fas circle-no fusion-text-flow\" style=\"--awb-iconcolor:#ffaa00;--awb-iconcolor-hover:#ffaa00;--awb-font-size:10px;--awb-margin-right:5px;\"><\/i><\/span> Code civil suisse, <em>Des effets du divorce<\/em>, art. 119 et suivants<br \/>\n<a href=\"https:\/\/www.admin.ch\/opc\/fr\/classified-compilation\/19070042\/index.html\" target=\"_blank\" rel=\"noopener noreferrer\"><span style=\"color: #ffaa00\"><strong>Lien<\/strong><\/span><\/a><\/p>\n<p><span style=\"color: #ffaa00\"><i class=\"fb-icon-element-3 fb-icon-element fontawesome-icon fa-square fas circle-no fusion-text-flow\" style=\"--awb-iconcolor:#ffaa00;--awb-iconcolor-hover:#ffaa00;--awb-font-size:10px;--awb-margin-right:5px;\"><\/i><\/span> Femmes et hommes dans l\u2019agriculture, Aide-M\u00e9moire 4 : <em>S\u00e9paration et divorce dans la famille paysanne<\/em>. AGRIDEA<br \/>\n<span style=\"color: #ffaa00\"><strong><a style=\"color: #ffaa00\" href=\"https:\/\/agridea.abacuscity.ch\/fr\/3~310370~Shop\/Publications\/Entreprise-et-Famille\/Partenariat-famille\" target=\"_blank\" rel=\"noopener noreferrer\">Lien<\/a><\/strong><\/span><\/p>\n<p><span style=\"color: #ffaa00\"><i class=\"fb-icon-element-4 fb-icon-element fontawesome-icon fa-square fas circle-no fusion-text-flow\" style=\"--awb-iconcolor:#ffaa00;--awb-iconcolor-hover:#ffaa00;--awb-font-size:10px;--awb-margin-right:5px;\"><\/i> <span style=\"color: #000000\">Cours AGRIDEA<em>, Le divorce en agriculture. <\/em>2010 (cours n\u00b01599)<\/span><\/span><\/p>\n<p><span style=\"color: #ffaa00\"><i class=\"fb-icon-element-5 fb-icon-element fontawesome-icon fa-square fas circle-no fusion-text-flow\" style=\"--awb-iconcolor:#ffaa00;--awb-iconcolor-hover:#ffaa00;--awb-font-size:10px;--awb-margin-right:5px;\"><\/i> <span style=\"color: #000000\"><em>Le couple dans l\u2019exploitation agricole<\/em>, Questionnaire sur des aspects personnels et relatifs \u00e0 l\u2019exploitation<br \/>\n<a href=\"https:\/\/agridea.abacuscity.ch\/fr\/3~310370~Shop\/Publications\/Entreprise-et-Famille\/Partenariat-famille\" target=\"_blank\" rel=\"noopener noreferrer\"><span style=\"color: #ffaa00\"><strong>Lien<\/strong><\/span><\/a><br \/>\n<\/span><\/span><\/p>\n<p><span style=\"color: #ffaa00\"><i class=\"fb-icon-element-6 fb-icon-element fontawesome-icon fa-square fas circle-no fusion-text-flow\" style=\"--awb-iconcolor:#ffaa00;--awb-iconcolor-hover:#ffaa00;--awb-font-size:10px;--awb-margin-right:5px;\"><\/i> <span style=\"color: #000000\">BAUMANN K., LAUTERBURG M., <em>Divorce, caisse de pension, AVS\/AI, <\/em><em>ce qu\u2019il vous faut savoir<\/em>. Ed. de la Conf\u00e9rence suisse des d\u00e9l\u00e9gu\u00e9es \u00e0 l\u2019\u00e9galit\u00e9, 3e \u00e9dition, Berne, 2007<br \/>\n<a href=\"https:\/\/www.sta.be.ch\/sta\/fr\/index\/gleichstellung\/gleichstellung\/familie_und_beruf\/kinderbetreuung.assetref\/dam\/documents\/STA\/FGS\/fr\/Familie_Vereinbarkeit_Scheidung\/scheidungsbrosch%C3%BCre-fr-07.pdf\" target=\"_blank\" rel=\"noopener noreferrer\"><span style=\"color: #ffaa00\"><strong>Lien<\/strong><\/span><\/a><br \/>\n<\/span><\/span><\/p>\n<p><span style=\"color: #ffaa00\"><i class=\"fb-icon-element-7 fb-icon-element fontawesome-icon fa-square fas circle-no fusion-text-flow\" style=\"--awb-iconcolor:#ffaa00;--awb-iconcolor-hover:#ffaa00;--awb-font-size:10px;--awb-margin-right:5px;\"><\/i> <span style=\"color: #000000\">Exemple de co\u00fbts d\u2019entretien des enfants<br \/>\n<span style=\"color: #ffaa00\"><a style=\"color: #ffaa00\" href=\"http:\/\/www.vaudfamille.ch\/N244259\/un-enfant-ca-coute-combien.html\" target=\"_blank\" rel=\"noopener noreferrer\"><strong>Lien<\/strong><\/a><\/span><\/span><\/span><\/p>\n<\/div><\/div><\/div><\/div><\/div><div class=\"fusion-fullwidth fullwidth-box fusion-builder-row-3 fusion-flex-container nonhundred-percent-fullwidth non-hundred-percent-height-scrolling\" style=\"--awb-border-radius-top-left:0px;--awb-border-radius-top-right:0px;--awb-border-radius-bottom-right:0px;--awb-border-radius-bottom-left:0px;--awb-flex-wrap:wrap;\" ><div class=\"fusion-builder-row fusion-row fusion-flex-align-items-flex-start fusion-flex-content-wrap\" style=\"max-width:1144px;margin-left: calc(-4% \/ 2 );margin-right: calc(-4% \/ 2 );\"><div class=\"fusion-layout-column fusion_builder_column fusion-builder-column-3 fusion_builder_column_1_1 1_1 fusion-flex-column\" style=\"--awb-bg-size:cover;--awb-width-large:100%;--awb-margin-top-large:0px;--awb-spacing-right-large:1.92%;--awb-margin-bottom-large:20px;--awb-spacing-left-large:1.92%;--awb-width-medium:100%;--awb-spacing-right-medium:1.92%;--awb-spacing-left-medium:1.92%;--awb-width-small:100%;--awb-spacing-right-small:1.92%;--awb-spacing-left-small:1.92%;\"><div class=\"fusion-column-wrapper fusion-column-has-shadow fusion-flex-justify-content-flex-start fusion-content-layout-column\"><div class=\"fusion-separator fusion-full-width-sep agri-separator\" style=\"align-self: center;margin-left: auto;margin-right: auto;width:100%;\"><\/div><\/div><\/div><\/div><\/div><div class=\"fusion-fullwidth fullwidth-box fusion-builder-row-4 fusion-flex-container nonhundred-percent-fullwidth non-hundred-percent-height-scrolling\" style=\"--awb-border-radius-top-left:0px;--awb-border-radius-top-right:0px;--awb-border-radius-bottom-right:0px;--awb-border-radius-bottom-left:0px;--awb-flex-wrap:wrap;\" ><div class=\"fusion-builder-row fusion-row fusion-flex-align-items-flex-start fusion-flex-content-wrap\" style=\"max-width:1144px;margin-left: calc(-4% \/ 2 );margin-right: calc(-4% \/ 2 );\"><div class=\"fusion-layout-column fusion_builder_column fusion-builder-column-4 fusion_builder_column_1_3 1_3 fusion-flex-column\" style=\"--awb-bg-size:cover;--awb-width-large:33.333333333333%;--awb-margin-top-large:0px;--awb-spacing-right-large:5.76%;--awb-margin-bottom-large:20px;--awb-spacing-left-large:5.76%;--awb-width-medium:33.333333333333%;--awb-spacing-right-medium:5.76%;--awb-spacing-left-medium:5.76%;--awb-width-small:100%;--awb-spacing-right-small:1.92%;--awb-spacing-left-small:1.92%;\"><div class=\"fusion-column-wrapper fusion-column-has-shadow fusion-flex-justify-content-flex-start fusion-content-layout-column\"><div ><a class=\"fusion-button button-flat button-large button-custom fusion-button-default button-1 fusion-button-span-yes fusion-button-default-type\" style=\"--button_accent_color:#ffffff;--button_accent_hover_color:#ffffff;--button_border_hover_color:#ffffff;--button_gradient_top_color:#ffaa00;--button_gradient_bottom_color:#ffaa00;--button_gradient_top_color_hover:#ffaa00;--button_gradient_bottom_color_hover:#ffaa00;\" target=\"_self\" href=\"https:\/\/agripedia.ch\/farah\/fr\/regimematrimonial\/\"><span class=\"fusion-button-icon-divider button-icon-divider-left\"><i class=\"fa-arrow-left fas awb-button__icon awb-button__icon--default\" aria-hidden=\"true\"><\/i><\/span><span class=\"fusion-button-text awb-button__text awb-button__text--default fusion-button-text-left\">R\u00e9gime matrimonial<\/span><\/a><\/div><\/div><\/div><div class=\"fusion-layout-column fusion_builder_column fusion-builder-column-5 fusion_builder_column_1_3 1_3 fusion-flex-column\" style=\"--awb-bg-size:cover;--awb-width-large:33.333333333333%;--awb-margin-top-large:0px;--awb-spacing-right-large:5.76%;--awb-margin-bottom-large:20px;--awb-spacing-left-large:5.76%;--awb-width-medium:33.333333333333%;--awb-spacing-right-medium:5.76%;--awb-spacing-left-medium:5.76%;--awb-width-small:100%;--awb-spacing-right-small:1.92%;--awb-spacing-left-small:1.92%;\"><div class=\"fusion-column-wrapper fusion-column-has-shadow fusion-flex-justify-content-flex-start fusion-content-layout-column\"><div ><a class=\"fusion-button button-flat button-large button-custom fusion-button-default button-2 fusion-button-span-yes fusion-button-default-type\" style=\"--button_accent_color:#ffffff;--button_accent_hover_color:#ffffff;--button_border_hover_color:#ffffff;--button_gradient_top_color:#4d4a4a;--button_gradient_bottom_color:#4d4a4a;--button_gradient_top_color_hover:#4d4a4a;--button_gradient_bottom_color_hover:#4d4a4a;\" target=\"_self\" href=\"https:\/\/agripedia.ch\/farah\/fr\/sommaire\/\"><span class=\"fusion-button-icon-divider button-icon-divider-left\"><i class=\"fa-list fas awb-button__icon awb-button__icon--default\" aria-hidden=\"true\"><\/i><\/span><span class=\"fusion-button-text awb-button__text awb-button__text--default fusion-button-text-left\">Sommaire<\/span><\/a><\/div><\/div><\/div><div class=\"fusion-layout-column fusion_builder_column fusion-builder-column-6 fusion_builder_column_1_3 1_3 fusion-flex-column\" style=\"--awb-bg-size:cover;--awb-width-large:33.333333333333%;--awb-margin-top-large:0px;--awb-spacing-right-large:5.76%;--awb-margin-bottom-large:20px;--awb-spacing-left-large:5.76%;--awb-width-medium:33.333333333333%;--awb-spacing-right-medium:5.76%;--awb-spacing-left-medium:5.76%;--awb-width-small:100%;--awb-spacing-right-small:1.92%;--awb-spacing-left-small:1.92%;\"><div class=\"fusion-column-wrapper fusion-column-has-shadow fusion-flex-justify-content-flex-start fusion-content-layout-column\"><div ><a class=\"fusion-button button-flat button-large button-custom fusion-button-default button-3 fusion-button-span-yes fusion-button-default-type\" style=\"--button_accent_color:#ffffff;--button_accent_hover_color:#ffffff;--button_border_hover_color:#ffffff;--button_gradient_top_color:#ffaa00;--button_gradient_bottom_color:#ffaa00;--button_gradient_top_color_hover:#ffaa00;--button_gradient_bottom_color_hover:#ffaa00;\" target=\"_self\" href=\"https:\/\/agripedia.ch\/farah\/fr\/deces\/\"><span class=\"fusion-button-text awb-button__text awb-button__text--default fusion-button-text-right\">D\u00e9c\u00e8s<\/span><span class=\"fusion-button-icon-divider button-icon-divider-right\"><i class=\"fa-arrow-right fas awb-button__icon awb-button__icon--default\" aria-hidden=\"true\"><\/i><\/span><\/a><\/div><\/div><\/div><div class=\"fusion-layout-column fusion_builder_column fusion-builder-column-7 fusion_builder_column_1_1 1_1 fusion-flex-column\" style=\"--awb-bg-size:cover;--awb-width-large:100%;--awb-margin-top-large:0px;--awb-spacing-right-large:1.92%;--awb-margin-bottom-large:20px;--awb-spacing-left-large:1.92%;--awb-width-medium:100%;--awb-spacing-right-medium:1.92%;--awb-spacing-left-medium:1.92%;--awb-width-small:100%;--awb-spacing-right-small:1.92%;--awb-spacing-left-small:1.92%;\"><div class=\"fusion-column-wrapper fusion-column-has-shadow fusion-flex-justify-content-flex-start fusion-content-layout-column\"><\/div><\/div><\/div><\/div><\/p>\n","protected":false},"excerpt":{"rendered":"","protected":false},"author":192,"featured_media":0,"parent":0,"menu_order":0,"comment_status":"closed","ping_status":"closed","template":"","meta":{"_sb_is_suggestion_mode":false,"_sb_show_suggestion_boards":false,"_sb_show_comment_boards":false,"_sb_suggestion_history":"","_sb_update_block_changes":"","_monsterinsights_skip_tracking":false,"_monsterinsights_sitenote_active":false,"_monsterinsights_sitenote_note":"","_monsterinsights_sitenote_category":0,"footnotes":""},"class_list":["post-287","page","type-page","status-publish","hentry"],"_links":{"self":[{"href":"https:\/\/agripedia.ch\/farah\/fr\/wp-json\/wp\/v2\/pages\/287","targetHints":{"allow":["GET"]}}],"collection":[{"href":"https:\/\/agripedia.ch\/farah\/fr\/wp-json\/wp\/v2\/pages"}],"about":[{"href":"https:\/\/agripedia.ch\/farah\/fr\/wp-json\/wp\/v2\/types\/page"}],"author":[{"embeddable":true,"href":"https:\/\/agripedia.ch\/farah\/fr\/wp-json\/wp\/v2\/users\/192"}],"replies":[{"embeddable":true,"href":"https:\/\/agripedia.ch\/farah\/fr\/wp-json\/wp\/v2\/comments?post=287"}],"version-history":[{"count":11,"href":"https:\/\/agripedia.ch\/farah\/fr\/wp-json\/wp\/v2\/pages\/287\/revisions"}],"predecessor-version":[{"id":609,"href":"https:\/\/agripedia.ch\/farah\/fr\/wp-json\/wp\/v2\/pages\/287\/revisions\/609"}],"wp:attachment":[{"href":"https:\/\/agripedia.ch\/farah\/fr\/wp-json\/wp\/v2\/media?parent=287"}],"curies":[{"name":"wp","href":"https:\/\/api.w.org\/{rel}","templated":true}]}}