{"id":276,"date":"2020-10-12T14:07:15","date_gmt":"2020-10-12T14:07:15","guid":{"rendered":"https:\/\/agripedia.ch\/farah\/?page_id=276"},"modified":"2025-02-05T15:01:15","modified_gmt":"2025-02-05T15:01:15","slug":"regimematrimonial","status":"publish","type":"page","link":"https:\/\/agripedia.ch\/farah\/fr\/regimematrimonial\/","title":{"rendered":"R\u00e9gime matrimonial"},"content":{"rendered":"<p><div class=\"fusion-fullwidth fullwidth-box fusion-builder-row-1 fusion-flex-container nonhundred-percent-fullwidth non-hundred-percent-height-scrolling\" style=\"--awb-border-radius-top-left:0px;--awb-border-radius-top-right:0px;--awb-border-radius-bottom-right:0px;--awb-border-radius-bottom-left:0px;--awb-flex-wrap:wrap;\" ><div class=\"fusion-builder-row fusion-row fusion-flex-align-items-flex-start fusion-flex-content-wrap\" style=\"max-width:1144px;margin-left: calc(-4% \/ 2 );margin-right: calc(-4% \/ 2 );\"><div class=\"fusion-layout-column fusion_builder_column fusion-builder-column-0 fusion_builder_column_1_1 1_1 fusion-flex-column\" style=\"--awb-bg-size:cover;--awb-width-large:100%;--awb-margin-top-large:0px;--awb-spacing-right-large:1.92%;--awb-margin-bottom-large:20px;--awb-spacing-left-large:1.92%;--awb-width-medium:100%;--awb-order-medium:0;--awb-spacing-right-medium:1.92%;--awb-spacing-left-medium:1.92%;--awb-width-small:100%;--awb-order-small:0;--awb-spacing-right-small:1.92%;--awb-spacing-left-small:1.92%;\"><div class=\"fusion-column-wrapper fusion-column-has-shadow fusion-flex-justify-content-flex-start fusion-content-layout-column\"><div class=\"fusion-text fusion-text-1\"><h6><span style=\"color: #ffaa00;\"><a style=\"color: #ffaa00;\" href=\"https:\/\/agripedia.ch\/farah\/fr\/\">Page d\u2019accueil<\/a> > Situation familiale > <a style=\"color: #ffaa00;\" href=\"https:\/\/agripedia.ch\/farah\/fr\/regimematrimonial\/\">R\u00e9gime matrimonial<\/a><\/span><\/h6>\n<\/div><div class=\"fusion-separator fusion-full-width-sep\" style=\"align-self: center;margin-left: auto;margin-right: auto;width:100%;\"><div class=\"fusion-separator-border sep-single sep-solid\" style=\"--awb-height:20px;--awb-amount:20px;--awb-sep-color:#ffaa00;border-color:#ffaa00;border-top-width:1px;\"><\/div><\/div><\/div><\/div><div class=\"fusion-layout-column fusion_builder_column fusion-builder-column-1 fusion_builder_column_1_1 1_1 fusion-flex-column\" style=\"--awb-bg-size:cover;--awb-width-large:100%;--awb-margin-top-large:0px;--awb-spacing-right-large:1.92%;--awb-margin-bottom-large:20px;--awb-spacing-left-large:1.92%;--awb-width-medium:100%;--awb-spacing-right-medium:1.92%;--awb-spacing-left-medium:1.92%;--awb-width-small:100%;--awb-spacing-right-small:1.92%;--awb-spacing-left-small:1.92%;\"><div class=\"fusion-column-wrapper fusion-column-has-shadow fusion-flex-justify-content-flex-start fusion-content-layout-column\"><div class=\"fusion-separator fusion-full-width-sep agri-separator\" style=\"align-self: center;margin-left: auto;margin-right: auto;width:100%;\"><\/div><div class=\"fusion-text fusion-text-2\"><h2><span style=\"color: #ffaa00;\"><i class=\"fb-icon-element-1 fb-icon-element fontawesome-icon fa-hand-holding-usd fas circle-yes fusion-text-flow\" style=\"--awb-circlecolor:#ffaa00;--awb-circlecolor-hover:#ffaa00;--awb-circlebordersize:0px;--awb-font-size:33.44px;--awb-width:66.88px;--awb-height:66.88px;--awb-line-height:66.88px;--awb-margin-right:19px;\"><\/i> R\u00e9gime matrimonial<\/span><\/h2>\n<\/div><\/div><\/div><\/div><\/div><div class=\"fusion-fullwidth fullwidth-box fusion-builder-row-2 fusion-flex-container nonhundred-percent-fullwidth non-hundred-percent-height-scrolling\" style=\"--awb-border-radius-top-left:0px;--awb-border-radius-top-right:0px;--awb-border-radius-bottom-right:0px;--awb-border-radius-bottom-left:0px;--awb-flex-wrap:wrap;\" ><div class=\"fusion-builder-row fusion-row fusion-flex-align-items-stretch fusion-flex-content-wrap\" style=\"max-width:1144px;margin-left: calc(-4% \/ 2 );margin-right: calc(-4% \/ 2 );\"><div class=\"fusion-layout-column fusion_builder_column fusion-builder-column-2 fusion_builder_column_3_5 3_5 fusion-flex-column\" style=\"--awb-bg-size:cover;--awb-width-large:60%;--awb-margin-top-large:0px;--awb-spacing-right-large:3.2%;--awb-margin-bottom-large:20px;--awb-spacing-left-large:3.2%;--awb-width-medium:60%;--awb-spacing-right-medium:3.2%;--awb-spacing-left-medium:3.2%;--awb-width-small:100%;--awb-spacing-right-small:1.92%;--awb-spacing-left-small:1.92%;\"><div class=\"fusion-column-wrapper fusion-column-has-shadow fusion-flex-justify-content-flex-start fusion-content-layout-column\"><div class=\"accordian fusion-accordian\" style=\"--awb-border-size:2px;--awb-icon-size:20px;--awb-content-font-size:18px;--awb-icon-alignment:left;--awb-hover-color:#ffffd6;--awb-border-color:#ffffd6;--awb-background-color:#ffffe3;--awb-divider-color:#e0dede;--awb-divider-hover-color:#e0dede;--awb-icon-color:#ffaa00;--awb-title-color:#f44336;--awb-content-color:#0f0f0f;--awb-icon-box-color:#7a7a7a;--awb-toggle-hover-accent-color:#ffaa00;--awb-title-font-family:&quot;Roboto&quot;;--awb-title-font-weight:700;--awb-title-font-style:normal;--awb-title-font-size:22px;--awb-title-line-height:1.5;--awb-content-font-family:&quot;Roboto&quot;;--awb-content-font-style:normal;--awb-content-font-weight:300;\"><div class=\"panel-group fusion-toggle-icon-unboxed\" id=\"accordion-276-1\"><div class=\"fusion-panel panel-default panel-f4b26cb59732c7041 fusion-toggle-no-divider fusion-toggle-boxed-mode\" style=\"--awb-title-color:#f44336;--awb-content-color:#0f0f0f;\"><div class=\"panel-heading\"><h4 class=\"panel-title toggle\" id=\"toggle_f4b26cb59732c7041\"><a aria-expanded=\"false\" aria-controls=\"f4b26cb59732c7041\" role=\"button\" data-toggle=\"collapse\" data-parent=\"#accordion-276-1\" data-target=\"#f4b26cb59732c7041\" href=\"#f4b26cb59732c7041\"><span class=\"fusion-toggle-icon-wrapper\" aria-hidden=\"true\"><i class=\"fa-fusion-box active-icon awb-icon-minus\" aria-hidden=\"true\"><\/i><i class=\"fa-fusion-box inactive-icon awb-icon-plus\" aria-hidden=\"true\"><\/i><\/span><span class=\"fusion-toggle-heading\">Comment choisir mon r\u00e9gime matrimonial et quelles en sont les cons\u00e9quences, puis-je en changer?<\/span><\/a><\/h4><\/div><div id=\"f4b26cb59732c7041\" class=\"panel-collapse collapse \" aria-labelledby=\"toggle_f4b26cb59732c7041\"><div class=\"panel-body toggle-content fusion-clearfix\">\n<p>La loi suisse pr\u00e9voit trois r\u00e9gimes matrimoniaux : la <strong>participation aux acqu\u00eats<\/strong>, la <strong>s\u00e9paration de biens<\/strong> et la <strong>communaut\u00e9 de biens<\/strong>.<\/p>\n<p>Le r\u00e9gime r\u00e8gle les rapports financiers pendant le mariage et en cas de dissolution (d\u00e9c\u00e8s, divorce ou changement de r\u00e9gime). La participation aux acqu\u00eats s\u2019applique par d\u00e9faut, tandis que la s\u00e9paration et la communaut\u00e9 de biens sont choisies par contrat de mariage.<\/p>\n<p>Chaque r\u00e9gime matrimonial ayant ses avantages et ses inconv\u00e9nients, il est judicieux d\u2019examiner cette question avec un sp\u00e9cialiste. La participation aux acqu\u00eats est plus \u00e9quitable pour l\u2019\u00e9poux qui n\u2019a pas ou peu de revenu et consacre une partie ou tout son temps au m\u00e9nage et aux enfants. On peut changer de r\u00e9gime matrimonial en tout temps si les deux \u00e9poux sont d\u2019accord en signant un contrat de mariage devant notaire. Cette question doit se poser par exemple en cas de naissance d\u2019enfants ou d\u2019investissement important.<\/p>\n<\/div><\/div><\/div><div class=\"fusion-panel panel-default panel-2dfe97ef2f6d62662 fusion-toggle-no-divider fusion-toggle-boxed-mode\"><div class=\"panel-heading\"><h4 class=\"panel-title toggle\" id=\"toggle_2dfe97ef2f6d62662\"><a aria-expanded=\"false\" aria-controls=\"2dfe97ef2f6d62662\" role=\"button\" data-toggle=\"collapse\" data-parent=\"#accordion-276-1\" data-target=\"#2dfe97ef2f6d62662\" href=\"#2dfe97ef2f6d62662\"><span class=\"fusion-toggle-icon-wrapper\" aria-hidden=\"true\"><i class=\"fa-fusion-box active-icon awb-icon-minus\" aria-hidden=\"true\"><\/i><i class=\"fa-fusion-box inactive-icon awb-icon-plus\" aria-hidden=\"true\"><\/i><\/span><span class=\"fusion-toggle-heading\">Dans quelles situations le r\u00e9gime de la s\u00e9paration de biens est-il favorable?<\/span><\/a><\/h4><\/div><div id=\"2dfe97ef2f6d62662\" class=\"panel-collapse collapse \" aria-labelledby=\"toggle_2dfe97ef2f6d62662\"><div class=\"panel-body toggle-content fusion-clearfix\">\n<p>Avec la s\u00e9paration de biens, chaque \u00e9poux garde la propri\u00e9t\u00e9, l\u2019usage et l\u2019administration de ses biens et en dispose \u00e0 sa convenance. Lors de la dissolution du mariage, ces biens ne sont pas r\u00e9partis. Chacun reprend ses biens et ce qu\u2019il a acquis durant le mariage.<\/p>\n<p>Ce r\u00e9gime matrimonial peut \u00eatre ad\u00e9quat par exemple lorsque l\u2019\u00e9pouse veut conserver son exploitation agricole dans son propre patrimoine, si elle obtient un revenu significativement plus \u00e9lev\u00e9 que son mari en dehors de l\u2019exploitation ou si l\u2019exploitation agricole de son \u00e9poux est fortement endett\u00e9e. Il faut toutefois bien mettre en balance le risque li\u00e9 aux dettes et celui li\u00e9 \u00e0 la perte du droit \u00e0 la moiti\u00e9 des acqu\u00eats du mari.<\/p>\n<\/div><\/div><\/div><div class=\"fusion-panel panel-default panel-e7255d78064fc00ff fusion-toggle-no-divider fusion-toggle-boxed-mode\"><div class=\"panel-heading\"><h4 class=\"panel-title toggle\" id=\"toggle_e7255d78064fc00ff\"><a aria-expanded=\"false\" aria-controls=\"e7255d78064fc00ff\" role=\"button\" data-toggle=\"collapse\" data-parent=\"#accordion-276-1\" data-target=\"#e7255d78064fc00ff\" href=\"#e7255d78064fc00ff\"><span class=\"fusion-toggle-icon-wrapper\" aria-hidden=\"true\"><i class=\"fa-fusion-box active-icon awb-icon-minus\" aria-hidden=\"true\"><\/i><i class=\"fa-fusion-box inactive-icon awb-icon-plus\" aria-hidden=\"true\"><\/i><\/span><span class=\"fusion-toggle-heading\">A quoi dois-je faire attention si je d\u00e9cide de rester en union libre?<\/span><\/a><\/h4><\/div><div id=\"e7255d78064fc00ff\" class=\"panel-collapse collapse \" aria-labelledby=\"toggle_e7255d78064fc00ff\"><div class=\"panel-body toggle-content fusion-clearfix\">\n<p>L\u2019union libre n\u2019est pas r\u00e9gl\u00e9e par la loi. Il est possible de pr\u00e9voir un <strong>contrat de concubinage<\/strong> et un testament qui r\u00e8gleront la propri\u00e9t\u00e9, la r\u00e9partition des biens, la succession entre les conjoints ou la lib\u00e9ration du secret m\u00e9dical.<\/p>\n<p>En agriculture, si les conjoints travaillent ensemble, il est essentiel de pr\u00e9voir un statut juridique pour celui ou celle qui n\u2019est pas chef-fe d\u2019exploitation.<\/p>\n<\/div><\/div><\/div><\/div><\/div><\/div><\/div><div class=\"fusion-layout-column fusion_builder_column fusion-builder-column-3 fusion_builder_column_2_5 2_5 fusion-flex-column\" style=\"--awb-padding-top:6%;--awb-padding-right:6%;--awb-padding-bottom:6%;--awb-padding-left:6%;--awb-bg-size:cover;--awb-border-color:rgba(255,170,0,0.61);--awb-border-top:2px;--awb-border-right:2px;--awb-border-bottom:2px;--awb-border-left:2px;--awb-border-style:solid;--awb-width-large:40%;--awb-margin-top-large:0px;--awb-spacing-right-large:4.8%;--awb-margin-bottom-large:20px;--awb-spacing-left-large:4.8%;--awb-width-medium:40%;--awb-order-medium:0;--awb-spacing-right-medium:4.8%;--awb-spacing-left-medium:4.8%;--awb-width-small:100%;--awb-order-small:0;--awb-spacing-right-small:1.92%;--awb-spacing-left-small:1.92%;\"><div class=\"fusion-column-wrapper fusion-column-has-shadow fusion-flex-justify-content-flex-start fusion-content-layout-column\"><div class=\"fusion-text fusion-text-3\"><h5><span style=\"color: #4d4a4a;\">Documents et liens utiles<\/span><\/h5>\n<div class=\"fusion-separator fusion-full-width-sep agri-separator\" style=\"align-self: center;margin-left: auto;margin-right: auto;width:100%;\"><\/div>\n<p><span style=\"color: #ffaa00;\"><i class=\"fb-icon-element-2 fb-icon-element fontawesome-icon fa-square fas circle-no fusion-text-flow\" style=\"--awb-iconcolor:#ffaa00;--awb-iconcolor-hover:#ffaa00;--awb-font-size:10px;--awb-margin-right:5px;\"><\/i><\/span> Code civil suisse,<br \/>\n<em>Du r\u00e9gime matrimonial<\/em>, art. 181 et suivants<br \/>\n<em>Du r\u00e9gime ordinaire de la participation aux acqu\u00eats<\/em>, art. 196 et suivants<br \/>\n<em>De la communaut\u00e9 de biens<\/em>, art.221 et suivants<br \/>\n<em>De la s\u00e9paration de biens<\/em>, art.247 et suivants<br \/>\n<span style=\"color: #ffaa00;\"><a style=\"color: #ffaa00;\" href=\"https:\/\/www.admin.ch\/opc\/fr\/classified-compilation\/19070042\/index.html\" target=\"_blank\" rel=\"noopener noreferrer\"><strong>Lien<\/strong><\/a><br \/>\n<\/span><\/p>\n<p><span style=\"color: #ffaa00;\"><i class=\"fb-icon-element-3 fb-icon-element fontawesome-icon fa-square fas circle-no fusion-text-flow\" style=\"--awb-iconcolor:#ffaa00;--awb-iconcolor-hover:#ffaa00;--awb-font-size:10px;--awb-margin-right:5px;\"><\/i><\/span><span style=\"color: #000000;\"> Femmes et hommes dans l\u2019agriculture, Aide-M\u00e9moire 1: <em>Mien et tien dans le mariage<\/em>. AGRIDEA<\/span><span style=\"color: #ffaa00;\"><span style=\"color: #000000;\"><br \/>\n<\/span><a style=\"color: #ffaa00;\" href=\"https:\/\/agridea.abacuscity.ch\/fr\/3~310370~Shop\/Publications\/Entreprise-et-Famille\/Partenariat-famille\" target=\"_blank\" rel=\"noopener noreferrer\"><strong>Lien<\/strong><\/a><\/span><\/p>\n<p><span style=\"color: #ffaa00;\"><i class=\"fb-icon-element-4 fb-icon-element fontawesome-icon fa-square fas circle-no fusion-text-flow\" style=\"--awb-iconcolor:#ffaa00;--awb-iconcolor-hover:#ffaa00;--awb-font-size:10px;--awb-margin-right:5px;\"><\/i> <span style=\"color: #000000;\">Femmes et hommes dans l\u2019agriculture, Aide-M\u00e9moire 7 : <em>Union libre, confiance et contrats pour vivre ensemble<\/em>. AGRIDEA<br \/>\n<span style=\"color: #ffaa00;\"><a style=\"color: #ffaa00;\" href=\"https:\/\/agridea.abacuscity.ch\/fr\/3~310370~Shop\/Publications\/Entreprise-et-Famille\/Partenariat-famille\" target=\"_blank\" rel=\"noopener noreferrer\"><strong>Lien<\/strong><\/a><\/span><\/span><\/span><\/p>\n<p><span style=\"color: #ffaa00;\"><i class=\"fb-icon-element-5 fb-icon-element fontawesome-icon fa-square fas circle-no fusion-text-flow\" style=\"--awb-iconcolor:#ffaa00;--awb-iconcolor-hover:#ffaa00;--awb-font-size:10px;--awb-margin-right:5px;\"><\/i><\/span><span style=\"color: #000000;\"><em> Le couple dans l\u2019exploitation agricole<\/em>, Questionnaire sur des aspects personnels et relatifs \u00e0 l\u2019exploitation.<br \/>\n<span style=\"color: #ffaa00;\"><a style=\"color: #ffaa00;\" href=\"https:\/\/agridea.abacuscity.ch\/fr\/3~310370~Shop\/Publications\/Entreprise-et-Famille\/Partenariat-famille\" target=\"_blank\" rel=\"noopener noreferrer\"><strong>Lien<\/strong><\/a><\/span><br \/>\n<\/span><\/p>\n<p><span style=\"color: #ffaa00;\"><i class=\"fb-icon-element-6 fb-icon-element fontawesome-icon fa-square fas circle-no fusion-text-flow\" style=\"--awb-iconcolor:#ffaa00;--awb-iconcolor-hover:#ffaa00;--awb-font-size:10px;--awb-margin-right:5px;\"><\/i> <span style=\"color: #000000;\">ZIRILLI A., <em>Le couple devant la loi, Mariage, union libre, PACS, Divorce<\/em>. Bon \u00e0 Savoir. 2014<br \/>\n<span style=\"color: #ffaa00;\"><a style=\"color: #ffaa00;\" href=\"https:\/\/www.bonasavoir.ch\/5645-le-couple-devant-la-loi-juillet-2014\" target=\"_blank\" rel=\"noopener noreferrer\"><strong>Lien<\/strong><\/a><\/span><br \/>\n<\/span><\/span><\/p>\n<p><span style=\"color: #ffaa00;\"><i class=\"fb-icon-element-7 fb-icon-element fontawesome-icon fa-square fas circle-no fusion-text-flow\" style=\"--awb-iconcolor:#ffaa00;--awb-iconcolor-hover:#ffaa00;--awb-font-size:10px;--awb-margin-right:5px;\"><\/i> <span style=\"color: #000000;\">Guide social romand (GSR)<br \/>\n<a href=\"https:\/\/www.guidesocial.ch\/recherche\/fiche\/union-conjugale-les-effets-generaux-du-mariage-138\" target=\"_blank\" rel=\"noopener noreferrer\"><strong><span style=\"color: #ffaa00;\">Lien<\/span><\/strong><\/a><br \/>\n<\/span><\/span><\/p>\n<p><span style=\"color: #ffaa00;\"><i class=\"fb-icon-element-8 fb-icon-element fontawesome-icon fa-square fas circle-no fusion-text-flow\" style=\"--awb-iconcolor:#ffaa00;--awb-iconcolor-hover:#ffaa00;--awb-font-size:10px;--awb-margin-right:5px;\"><\/i> <span style=\"color: #000000;\">Site de l\u2019Union suisse des paysannes et femmes rurales<br \/>\n<span style=\"color: #ffaa00;\"><a style=\"color: #ffaa00;\" href=\"https:\/\/www.paysannes.ch\/femme-homme\/couverture-sociale\/\" target=\"_blank\" rel=\"noopener noreferrer\"><strong>Lien<\/strong><\/a><\/span><\/span><\/span><\/p>\n<\/div><\/div><\/div><\/div><\/div><div class=\"fusion-fullwidth fullwidth-box fusion-builder-row-3 fusion-flex-container nonhundred-percent-fullwidth non-hundred-percent-height-scrolling\" style=\"--awb-border-radius-top-left:0px;--awb-border-radius-top-right:0px;--awb-border-radius-bottom-right:0px;--awb-border-radius-bottom-left:0px;--awb-flex-wrap:wrap;\" ><div class=\"fusion-builder-row fusion-row fusion-flex-align-items-flex-start fusion-flex-content-wrap\" style=\"max-width:1144px;margin-left: calc(-4% \/ 2 );margin-right: calc(-4% \/ 2 );\"><div class=\"fusion-layout-column fusion_builder_column fusion-builder-column-4 fusion_builder_column_1_1 1_1 fusion-flex-column\" style=\"--awb-bg-size:cover;--awb-width-large:100%;--awb-margin-top-large:0px;--awb-spacing-right-large:1.92%;--awb-margin-bottom-large:20px;--awb-spacing-left-large:1.92%;--awb-width-medium:100%;--awb-spacing-right-medium:1.92%;--awb-spacing-left-medium:1.92%;--awb-width-small:100%;--awb-spacing-right-small:1.92%;--awb-spacing-left-small:1.92%;\"><div class=\"fusion-column-wrapper fusion-column-has-shadow fusion-flex-justify-content-flex-start fusion-content-layout-column\"><div class=\"fusion-separator fusion-full-width-sep agri-separator\" style=\"align-self: center;margin-left: auto;margin-right: auto;width:100%;\"><\/div><\/div><\/div><\/div><\/div><div class=\"fusion-fullwidth fullwidth-box fusion-builder-row-4 fusion-flex-container nonhundred-percent-fullwidth non-hundred-percent-height-scrolling\" style=\"--awb-border-radius-top-left:0px;--awb-border-radius-top-right:0px;--awb-border-radius-bottom-right:0px;--awb-border-radius-bottom-left:0px;--awb-flex-wrap:wrap;\" ><div class=\"fusion-builder-row fusion-row fusion-flex-align-items-flex-start fusion-flex-content-wrap\" style=\"max-width:1144px;margin-left: calc(-4% \/ 2 );margin-right: calc(-4% \/ 2 );\"><div class=\"fusion-layout-column fusion_builder_column fusion-builder-column-5 fusion_builder_column_1_3 1_3 fusion-flex-column\" style=\"--awb-bg-size:cover;--awb-width-large:33.333333333333%;--awb-margin-top-large:0px;--awb-spacing-right-large:5.76%;--awb-margin-bottom-large:20px;--awb-spacing-left-large:5.76%;--awb-width-medium:33.333333333333%;--awb-spacing-right-medium:5.76%;--awb-spacing-left-medium:5.76%;--awb-width-small:100%;--awb-spacing-right-small:1.92%;--awb-spacing-left-small:1.92%;\"><div class=\"fusion-column-wrapper fusion-column-has-shadow fusion-flex-justify-content-flex-start fusion-content-layout-column\"><\/div><\/div><div class=\"fusion-layout-column fusion_builder_column fusion-builder-column-6 fusion_builder_column_1_3 1_3 fusion-flex-column\" style=\"--awb-bg-size:cover;--awb-width-large:33.333333333333%;--awb-margin-top-large:0px;--awb-spacing-right-large:5.76%;--awb-margin-bottom-large:20px;--awb-spacing-left-large:5.76%;--awb-width-medium:33.333333333333%;--awb-spacing-right-medium:5.76%;--awb-spacing-left-medium:5.76%;--awb-width-small:100%;--awb-spacing-right-small:1.92%;--awb-spacing-left-small:1.92%;\"><div class=\"fusion-column-wrapper fusion-column-has-shadow fusion-flex-justify-content-flex-start fusion-content-layout-column\"><div ><a class=\"fusion-button button-flat button-large button-custom fusion-button-default button-1 fusion-button-span-yes fusion-button-default-type button-inhaltsverzeichnis\" style=\"--button_accent_color:#ffffff;--button_accent_hover_color:#ffffff;--button_border_hover_color:#ffffff;--button_gradient_top_color:#4d4a4a;--button_gradient_bottom_color:#4d4a4a;--button_gradient_top_color_hover:#4d4a4a;--button_gradient_bottom_color_hover:#4d4a4a;\" target=\"_self\" href=\"https:\/\/agripedia.ch\/farah\/fr\/sommaire\/\"><span class=\"fusion-button-icon-divider button-icon-divider-left\"><i class=\"fa-list fas awb-button__icon awb-button__icon--default\" aria-hidden=\"true\"><\/i><\/span><span class=\"fusion-button-text awb-button__text awb-button__text--default fusion-button-text-left\">Sommaire<\/span><\/a><\/div><\/div><\/div><div class=\"fusion-layout-column fusion_builder_column fusion-builder-column-7 fusion_builder_column_1_3 1_3 fusion-flex-column\" style=\"--awb-bg-size:cover;--awb-width-large:33.333333333333%;--awb-margin-top-large:0px;--awb-spacing-right-large:5.76%;--awb-margin-bottom-large:20px;--awb-spacing-left-large:5.76%;--awb-width-medium:33.333333333333%;--awb-spacing-right-medium:5.76%;--awb-spacing-left-medium:5.76%;--awb-width-small:100%;--awb-spacing-right-small:1.92%;--awb-spacing-left-small:1.92%;\"><div class=\"fusion-column-wrapper fusion-column-has-shadow fusion-flex-justify-content-flex-start fusion-content-layout-column\"><div ><a class=\"fusion-button button-flat button-large button-custom fusion-button-default button-2 fusion-button-span-yes fusion-button-default-type\" style=\"--button_accent_color:#ffffff;--button_accent_hover_color:#ffffff;--button_border_hover_color:#ffffff;--button_gradient_top_color:#ffaa00;--button_gradient_bottom_color:#ffaa00;--button_gradient_top_color_hover:#ffaa00;--button_gradient_bottom_color_hover:#ffaa00;\" target=\"_self\" href=\"https:\/\/agripedia.ch\/farah\/fr\/separation-et-divorce\/\"><span class=\"fusion-button-text awb-button__text awb-button__text--default fusion-button-text-right\">S\u00e9paration et divorce<\/span><span class=\"fusion-button-icon-divider button-icon-divider-right\"><i class=\"fa-arrow-right fas awb-button__icon awb-button__icon--default\" aria-hidden=\"true\"><\/i><\/span><\/a><\/div><\/div><\/div><\/div><\/div><\/p>\n","protected":false},"excerpt":{"rendered":"","protected":false},"author":192,"featured_media":0,"parent":0,"menu_order":0,"comment_status":"closed","ping_status":"closed","template":"","meta":{"_sb_is_suggestion_mode":false,"_sb_show_suggestion_boards":false,"_sb_show_comment_boards":false,"_sb_suggestion_history":"","_sb_update_block_changes":"","_monsterinsights_skip_tracking":false,"_monsterinsights_sitenote_active":false,"_monsterinsights_sitenote_note":"","_monsterinsights_sitenote_category":0,"footnotes":""},"class_list":["post-276","page","type-page","status-publish","hentry"],"_links":{"self":[{"href":"https:\/\/agripedia.ch\/farah\/fr\/wp-json\/wp\/v2\/pages\/276","targetHints":{"allow":["GET"]}}],"collection":[{"href":"https:\/\/agripedia.ch\/farah\/fr\/wp-json\/wp\/v2\/pages"}],"about":[{"href":"https:\/\/agripedia.ch\/farah\/fr\/wp-json\/wp\/v2\/types\/page"}],"author":[{"embeddable":true,"href":"https:\/\/agripedia.ch\/farah\/fr\/wp-json\/wp\/v2\/users\/192"}],"replies":[{"embeddable":true,"href":"https:\/\/agripedia.ch\/farah\/fr\/wp-json\/wp\/v2\/comments?post=276"}],"version-history":[{"count":19,"href":"https:\/\/agripedia.ch\/farah\/fr\/wp-json\/wp\/v2\/pages\/276\/revisions"}],"predecessor-version":[{"id":675,"href":"https:\/\/agripedia.ch\/farah\/fr\/wp-json\/wp\/v2\/pages\/276\/revisions\/675"}],"wp:attachment":[{"href":"https:\/\/agripedia.ch\/farah\/fr\/wp-json\/wp\/v2\/media?parent=276"}],"curies":[{"name":"wp","href":"https:\/\/api.w.org\/{rel}","templated":true}]}}