{"id":445,"date":"2020-02-26T12:47:43","date_gmt":"2020-02-26T12:47:43","guid":{"rendered":"https:\/\/agripedia.ch\/erosion\/?page_id=445"},"modified":"2020-05-28T14:32:23","modified_gmt":"2020-05-28T14:32:23","slug":"agroforesterie","status":"publish","type":"page","link":"https:\/\/agripedia.ch\/erosion\/menu-principal\/agroforesterie\/","title":{"rendered":"Agroforesterie"},"content":{"rendered":"<p><div class=\"fusion-fullwidth fullwidth-box fusion-builder-row-1 agri-erosion-container nonhundred-percent-fullwidth non-hundred-percent-height-scrolling\" style=\"--awb-border-radius-top-left:0px;--awb-border-radius-top-right:0px;--awb-border-radius-bottom-right:0px;--awb-border-radius-bottom-left:0px;--awb-flex-wrap:wrap;\" ><div class=\"fusion-builder-row fusion-row\"><div class=\"fusion-layout-column fusion_builder_column fusion-builder-column-0 fusion_builder_column_1_1 1_1 fusion-one-full fusion-column-first fusion-column-last agri-erosion-column\" style=\"--awb-bg-size:cover;\"><div class=\"fusion-column-wrapper fusion-flex-column-wrapper-legacy\"><div class=\"fusion-title title fusion-title-1 fusion-sep-none fusion-title-text fusion-title-size-three agri-erosion-boxtitle\"><h3 class=\"fusion-title-heading title-heading-left fusion-responsive-typography-calculated\" style=\"margin:0;--fontSize:30;line-height:1.5;\">Description<\/h3><\/div><div class=\"fusion-text fusion-text-1 agri-erosion-boxtext\"><p>Le terme d\u2019 \u00ab agroforesterie \u00bb d\u00e9signe l\u2019association d\u2019arbres avec des cultures arables ou herbag\u00e8res. Il comprend les syst\u00e8mes traditionnels tels que les vergers haute-tige, les ch\u00e2taigneraies, les p\u00e2turages bois\u00e9s ou encore les syst\u00e8mes modernes \u00ab\u00a0alley cropping\u00a0\u00bb. Les composants arbres et cultures sous-jacentes utilisent les ressources telles que l\u2019eau et les nutriments de fa\u00e7on diff\u00e9renci\u00e9e dans le temps et l\u2019espace. En Suisse, des paysans innovants ont \u00ab\u00a0red\u00e9couvert\u00a0\u00bb et d\u00e9velopp\u00e9 ces derni\u00e8res ann\u00e9es la culture associ\u00e9e d\u2019arbres fruitiers et de cultures basses telles que baies, l\u00e9gumes ou c\u00e9r\u00e9ales comme le <em>alley cropping<\/em>. (Source : <a href=\"http:\/\/www.bff-spb.ch\/fileadmin\/pdfs\/FR\/Plate-forme_OQE\/2015\/02_InformationAGRIDEA_Agroforesterie_JohannaSchoop.pdf\" target=\"_blank\" rel=\"noopener noreferrer\">Pr\u00e9sentation de Johanna Schoop AGRIDEA<\/a>)<\/p>\n<p>Pour la planification et l\u2019installation d\u2019un syst\u00e8me agroforestier il faut (source : <a href=\"https:\/\/www.bioactualites.ch\/cultures\/durabilite\/agroforesterie.html\" target=\"_blank\" rel=\"noopener noreferrer\">Bioactualit\u00e9s<\/a>; <a href=\"https:\/\/agridea.abacuscity.ch\/fr\/A~3048~1\/1~1~Shop\/Publications\/Syst%C3%A8mes-agroforestiers\/Allemand\/Print-papier\" target=\"_blank\" rel=\"noopener noreferrer\">Brochure sur l\u2019agroforesterie<\/a>) :<\/p>\n<ul>\n<li>une densit\u00e9 d\u2019arbres de 50 \u00e0 100 par hectare. La plantation d\u2019arbres fruitiers haute-tige ou de noyers donne droit \u00e0 des paiements directs si les conditions de compensation \u00e9cologique sont respect\u00e9es.<\/li>\n<li>Le choix de la parcelle devrait recevoir relativement beaucoup de pr\u00e9cipitations avec une r\u00e9partition r\u00e9guli\u00e8re sur la p\u00e9riode de v\u00e9g\u00e9tation. La parcelle ne devrait pas pr\u00e9senter de mouilles, si c\u2019est le cas, il faut adapter les esp\u00e8ces en fonction. Elle ne devrait pas \u00eatre menac\u00e9e par des gels pr\u00e9coces ou tardifs dans le cas d\u2019une plantation de fruitiers. Il faut privil\u00e9gier un sol profond, sans couche compact\u00e9e, pour que le racines puissent passer<\/li>\n<li>Le choix des esp\u00e8ces va d\u00e9pendre de la direction que le producteur veut prendre et des conditions p\u00e9doclimatiques locale\u00a0: soit pour faire de la production fruiti\u00e8re extensive, soit pour faire du bois d\u2019\u0153uvre, de qualit\u00e9, de finition ou pour produire du BRF (Bois Ram\u00e9al Fragment\u00e9) en conduisant les arbres en t\u00e9tard. Ces choix vont d\u00e9finir quels vont \u00eatre les distances entre les arbres dans la rang\u00e9 et entre les rang\u00e9es d\u2019arbres. Ces rang\u00e9es sont g\u00e9n\u00e9ralement espac\u00e9es d\u2019une vingtaine de m\u00e8tre \u00e0 plus de 40 m\u00e8tres. La distance entre les lign\u00e9es d\u2019arbres va d\u00e9pendre surtout de la largeur de la plus grande machine agricole utilis\u00e9e sur la parcelle (pour la Qualit\u00e9 II aux contributions \u00e0 la biodiversit\u00e9, la distance ne doit pas d\u00e9passer 30m). Pour les distances sur la rang\u00e9e, cela peut aller jusqu\u2019\u00e0 plus de dix m\u00e8tres si des arbres de for\u00eats sont plant\u00e9s.<\/li>\n<li>L\u2019orientation des rang\u00e9es d\u2019arbres d\u00e9pend du projet. L\u2019orientation id\u00e9ale et \u00e0 privil\u00e9gier pour minimiser l\u2019ombre port\u00e9e sur les cultures est un axe nord-sud. Cependant suivant la topographie, il faut parfois changer l\u2019orientation des rang\u00e9es pour \u00e9viter des probl\u00e8mes. Une bande de minimum 2 m\u00e8tres de largeur ne doit pas subir de travail du sol. Pour une prairie, la plantation des lignes peut tenir compte de la topographie du terrain.<\/li>\n<\/ul>\n<p>Il est \u00e0 noter qu\u2019il n\u2019y a pas de mod\u00e8le unique pour un tel syst\u00e8me. Se renseigner aupr\u00e8s de conseillers sp\u00e9cialis\u00e9 dans ce domaine ainsi que sur des forums ou dans des livres permet de faire les meilleurs choix pour sa situation.<\/p>\n<\/div><div class=\"fusion-clearfix\"><\/div><\/div><\/div><div class=\"fusion-layout-column fusion_builder_column fusion-builder-column-1 fusion_builder_column_1_2 1_2 fusion-one-half fusion-column-first agri-erosion-column\" style=\"--awb-bg-size:cover;width:50%;width:calc(50% - ( ( 4% ) * 0.5 ) );margin-right: 4%;\"><div class=\"fusion-column-wrapper fusion-flex-column-wrapper-legacy\"><div class=\"fusion-video fusion-youtube fusion-aligncenter agri-erosion-linkyoutube\" style=\"--awb-max-width:600px;--awb-max-height:360px;--awb-width:100%;\"><div class=\"video-shortcode\"><div class=\"fluid-width-video-wrapper\" style=\"padding-top:60%;\" ><iframe title=\"YouTube video player 1\" src=\"https:\/\/www.youtube.com\/embed\/NkjS6AaJaI4?wmode=transparent&autoplay=0\" width=\"600\" height=\"360\" allowfullscreen allow=\"autoplay; clipboard-write; encrypted-media; gyroscope; picture-in-picture;\"><\/iframe><\/div><\/div><\/div><div class=\"fusion-clearfix\"><\/div><\/div><\/div><div class=\"fusion-layout-column fusion_builder_column fusion-builder-column-2 fusion_builder_column_1_2 1_2 fusion-one-half fusion-column-last agri-erosion-column\" style=\"--awb-bg-size:cover;width:50%;width:calc(50% - ( ( 4% ) * 0.5 ) );\"><div class=\"fusion-column-wrapper fusion-flex-column-wrapper-legacy\"><div class=\"fusion-video fusion-youtube fusion-aligncenter agri-erosion-linkyoutube\" style=\"--awb-max-width:600px;--awb-max-height:360px;--awb-width:100%;\"><div class=\"video-shortcode\"><div class=\"fluid-width-video-wrapper\" style=\"padding-top:60%;\" ><iframe title=\"YouTube video player 2\" src=\"https:\/\/www.youtube.com\/embed\/PGpWb4185d8?wmode=transparent&autoplay=0\" width=\"600\" height=\"360\" allowfullscreen allow=\"autoplay; clipboard-write; encrypted-media; gyroscope; picture-in-picture;\"><\/iframe><\/div><\/div><\/div><div class=\"fusion-clearfix\"><\/div><\/div><\/div><div class=\"fusion-layout-column fusion_builder_column fusion-builder-column-3 fusion_builder_column_1_2 1_2 fusion-one-half fusion-column-first agri-erosion-column\" style=\"--awb-bg-size:cover;width:50%;width:calc(50% - ( ( 4% ) * 0.5 ) );margin-right: 4%;\"><div class=\"fusion-column-wrapper fusion-flex-column-wrapper-legacy\"><div class=\"fusion-video fusion-youtube fusion-aligncenter agri-erosion-linkyoutube\" style=\"--awb-max-width:600px;--awb-max-height:360px;--awb-width:100%;\"><div class=\"video-shortcode\"><div class=\"fluid-width-video-wrapper\" style=\"padding-top:60%;\" ><iframe title=\"YouTube video player 3\" src=\"https:\/\/www.youtube.com\/embed\/qwVLqQ-zy0s?wmode=transparent&autoplay=0\" width=\"600\" height=\"360\" allowfullscreen allow=\"autoplay; clipboard-write; encrypted-media; gyroscope; picture-in-picture;\"><\/iframe><\/div><\/div><\/div><div class=\"fusion-clearfix\"><\/div><\/div><\/div><div class=\"fusion-layout-column fusion_builder_column fusion-builder-column-4 fusion_builder_column_1_2 1_2 fusion-one-half fusion-column-last agri-erosion-column\" style=\"--awb-bg-size:cover;width:50%;width:calc(50% - ( ( 4% ) * 0.5 ) );\"><div class=\"fusion-column-wrapper fusion-flex-column-wrapper-legacy\"><div class=\"fusion-video fusion-youtube fusion-aligncenter agri-erosion-linkyoutube\" style=\"--awb-max-width:600px;--awb-max-height:360px;--awb-width:100%;\"><div class=\"video-shortcode\"><div class=\"fluid-width-video-wrapper\" style=\"padding-top:60%;\" ><iframe title=\"YouTube video player 4\" src=\"https:\/\/www.youtube.com\/embed\/Ii4-C3x9M6k?wmode=transparent&autoplay=0\" width=\"600\" height=\"360\" allowfullscreen allow=\"autoplay; clipboard-write; encrypted-media; gyroscope; picture-in-picture;\"><\/iframe><\/div><\/div><\/div><div class=\"fusion-clearfix\"><\/div><\/div><\/div><\/div><\/div><div class=\"fusion-fullwidth fullwidth-box fusion-builder-row-2 agri-erosion-container nonhundred-percent-fullwidth non-hundred-percent-height-scrolling\" style=\"--awb-border-radius-top-left:0px;--awb-border-radius-top-right:0px;--awb-border-radius-bottom-right:0px;--awb-border-radius-bottom-left:0px;--awb-flex-wrap:wrap;\" ><div class=\"fusion-builder-row fusion-row\"><div class=\"fusion-layout-column fusion_builder_column fusion-builder-column-5 fusion_builder_column_1_2 1_2 fusion-one-half fusion-column-first agri-erosion-column\" style=\"--awb-bg-size:cover;width:50%;width:calc(50% - ( ( 4% ) * 0.5 ) );margin-right: 4%;\"><div class=\"fusion-column-wrapper fusion-flex-column-wrapper-legacy\"><div class=\"fusion-title title fusion-title-2 fusion-sep-none fusion-title-center fusion-title-text fusion-title-size-three agri-erosion-boxtitle\"><h3 class=\"fusion-title-heading title-heading-center fusion-responsive-typography-calculated\" style=\"margin:0;--fontSize:30;line-height:1.5;\">Avantages<\/h3><\/div>\n<div class=\"table-1 agri-erosion-table\">\n<table width=\"100%\">\n<tbody>\n<tr>\n<td align=\"left\">Protection contre l\u2019\u00e9rosion<\/td>\n<\/tr>\n<tr>\n<td align=\"left\">Diminution des \u00e9missions de nitrate dans les nappes phr\u00e9atiques (\u00ab Filet de s\u00e9curit\u00e9 \u00bb cr\u00e9\u00e9 par les racines des arbres qui retiennent les nutriments)<\/td>\n<\/tr>\n<tr>\n<td align=\"left\">Augmentation de la s\u00e9questration de carbone gr\u00e2ce aux cultures de longue dur\u00e9e.<\/td>\n<\/tr>\n<tr>\n<td align=\"left\">Augmentation de la biodiversit\u00e9 sur les terres agricoles<\/td>\n<\/tr>\n<tr>\n<td align=\"left\">Diminution des intrants<\/td>\n<\/tr>\n<tr>\n<td align=\"left\">Vision \u00e0 court (culture annuelle) et long terme (les arbres)<\/td>\n<\/tr>\n<tr>\n<td align=\"left\">M\u00eame rendement qu\u2019une culture sans agroforesterie malgr\u00e9 une perte de 3% de surfaces par hectare.<\/td>\n<\/tr>\n<tr>\n<td align=\"left\">Microclimat b\u00e9n\u00e9fique pour la culture annuelle gr\u00e2ce aux arbres<\/td>\n<\/tr>\n<\/tbody>\n<\/table>\n<\/div>\n<div class=\"fusion-clearfix\"><\/div><\/div><\/div><div class=\"fusion-layout-column fusion_builder_column fusion-builder-column-6 fusion_builder_column_1_2 1_2 fusion-one-half fusion-column-last agri-erosion-column\" style=\"--awb-bg-size:cover;width:50%;width:calc(50% - ( ( 4% ) * 0.5 ) );\"><div class=\"fusion-column-wrapper fusion-flex-column-wrapper-legacy\"><div class=\"fusion-title title fusion-title-3 fusion-sep-none fusion-title-center fusion-title-text fusion-title-size-three agri-erosion-boxtitle\"><h3 class=\"fusion-title-heading title-heading-center fusion-responsive-typography-calculated\" style=\"margin:0;--fontSize:30;line-height:1.5;\">Risques<\/h3><\/div>\n<div class=\"table-1 agri-erosion-table\">\n<table width=\"100%\">\n<tbody>\n<tr>\n<td align=\"left\">Perte de rendement au d\u00e9but \u00e9galement quand les arbres deviennent grand<\/td>\n<\/tr>\n<tr>\n<td align=\"left\">Mauvais choix dans les esp\u00e8ces d\u2019arbres<\/td>\n<\/tr>\n<\/tbody>\n<\/table>\n<\/div>\n<div class=\"fusion-clearfix\"><\/div><\/div><\/div><\/div><\/div><div class=\"fusion-fullwidth fullwidth-box fusion-builder-row-3 agri-erosion-container nonhundred-percent-fullwidth non-hundred-percent-height-scrolling\" style=\"--awb-border-radius-top-left:0px;--awb-border-radius-top-right:0px;--awb-border-radius-bottom-right:0px;--awb-border-radius-bottom-left:0px;--awb-flex-wrap:wrap;\" ><div class=\"fusion-builder-row fusion-row\"><div class=\"fusion-layout-column fusion_builder_column fusion-builder-column-7 fusion_builder_column_1_2 1_2 fusion-one-half fusion-column-first agri-erosion-column\" style=\"--awb-bg-size:cover;width:50%;width:calc(50% - ( ( 4% ) * 0.5 ) );margin-right: 4%;\"><div class=\"fusion-column-wrapper fusion-flex-column-wrapper-legacy\"><div class=\"fusion-title title fusion-title-4 fusion-sep-none fusion-title-center fusion-title-text fusion-title-size-three agri-erosion-boxtitle\"><h3 class=\"fusion-title-heading title-heading-center fusion-responsive-typography-calculated\" style=\"margin:0;--fontSize:30;line-height:1.5;\">Contributions<\/h3><\/div><div class=\"fusion-text fusion-text-2 agri-erosion-boxtext\"><p>Des contributions sont en discussion dans le cadre du projet 77a pour de plus amples informations se r\u00e9f\u00e9rer au site d\u2019<a href=\"https:\/\/www.agridea.ch\/page\/projet-agroforesterie\/\" target=\"_blank\" rel=\"noopener noreferrer\">AGRIDEA sur l\u2019agroforesterie<\/a>.<\/p>\n<p>Pour des arbres fruitiers haute-tige\u00a0: 13.50 CHF par arbre en QI\u00a0; 31.50 CHF pour QII\u00a0; 5 CHF par arbres pour une mise en r\u00e9seau<\/p>\n<p>Pour des noyers\u00a0: 13.50 CHF par arbres en QI\u00a0; 16.50 CHF par arbres en QII\u00a0; 5 par arbres pour une mise en r\u00e9seau.<\/p>\n<p>Si SPB sp\u00e9cifique \u00e0 la r\u00e9gion dans les bandes herbeuses sous les arbres : 1\u2019000 CHf pour une mise en r\u00e9seau.<\/p>\n<p>Pour conna\u00eetre toute les <a href=\"https:\/\/www.blw.admin.ch\/blw\/fr\/home\/instrumente\/direktzahlungen\/biodiversitaetsbeitraege.html\" target=\"_blank\" rel=\"noopener noreferrer\">Contributions \u00e0 la biodiversit\u00e9<\/a><\/p>\n<\/div><div class=\"fusion-clearfix\"><\/div><\/div><\/div><div class=\"fusion-layout-column fusion_builder_column fusion-builder-column-8 fusion_builder_column_1_2 1_2 fusion-one-half fusion-column-last agri-erosion-column\" style=\"--awb-bg-size:cover;width:50%;width:calc(50% - ( ( 4% ) * 0.5 ) );\"><div class=\"fusion-column-wrapper fusion-flex-column-wrapper-legacy\"><div class=\"fusion-title title fusion-title-5 fusion-sep-none fusion-title-center fusion-title-text fusion-title-size-three agri-erosion-boxtitle\"><h3 class=\"fusion-title-heading title-heading-center fusion-responsive-typography-calculated\" style=\"margin:0;--fontSize:30;line-height:1.5;\">Co\u00fbts<\/h3><\/div><div class=\"fusion-text fusion-text-3 agri-erosion-boxtext\"><p>Achat des arbres (le co\u00fbt varie selon l\u2019\u00e2ge de l\u2019arbre)<\/p>\n<p>Mat\u00e9riel de protection, li\u00e9s au travail suppl\u00e9mentaires (taille, \u00e9lagage, entretien de la bande sous les arbres\u2026)<\/p>\n<\/div><div class=\"fusion-clearfix\"><\/div><\/div><\/div><\/div><\/div><div class=\"fusion-fullwidth fullwidth-box fusion-builder-row-4 agri-erosion-container nonhundred-percent-fullwidth non-hundred-percent-height-scrolling\" style=\"--awb-border-radius-top-left:0px;--awb-border-radius-top-right:0px;--awb-border-radius-bottom-right:0px;--awb-border-radius-bottom-left:0px;--awb-flex-wrap:wrap;\" ><div class=\"fusion-builder-row fusion-row\"><div class=\"fusion-layout-column fusion_builder_column fusion-builder-column-9 fusion_builder_column_1_1 1_1 fusion-one-full fusion-column-first fusion-column-last agri-erosion-column\" style=\"--awb-bg-size:cover;\"><div class=\"fusion-column-wrapper fusion-flex-column-wrapper-legacy\"><div class=\"accordian fusion-accordian agri-erosion-toggles\" style=\"--awb-border-size:1px;--awb-icon-size:13px;--awb-content-font-size:18px;--awb-icon-alignment:left;--awb-hover-color:#f9f9f9;--awb-border-color:#cccccc;--awb-background-color:#ffffff;--awb-divider-color:#e0dede;--awb-divider-hover-color:#e0dede;--awb-icon-color:#ffffff;--awb-title-color:#f44336;--awb-content-color:#0f0f0f;--awb-icon-box-color:#7a7a7a;--awb-toggle-hover-accent-color:#000000;--awb-title-font-family:&quot;Roboto&quot;;--awb-title-font-weight:700;--awb-title-font-style:normal;--awb-title-line-height:1.5;--awb-content-font-family:&quot;Roboto&quot;;--awb-content-font-style:normal;--awb-content-font-weight:300;\"><div class=\"panel-group fusion-toggle-icon-boxed\" id=\"accordion-445-1\"><div class=\"fusion-panel panel-default panel-bf3b02dd4c184f612 fusion-toggle-has-divider\"><div class=\"panel-heading\"><h4 class=\"panel-title toggle\" id=\"toggle_bf3b02dd4c184f612\"><a aria-expanded=\"false\" aria-controls=\"bf3b02dd4c184f612\" role=\"button\" data-toggle=\"collapse\" data-parent=\"#accordion-445-1\" data-target=\"#bf3b02dd4c184f612\" href=\"#bf3b02dd4c184f612\"><span class=\"fusion-toggle-icon-wrapper\" aria-hidden=\"true\"><i class=\"fa-fusion-box active-icon awb-icon-minus\" aria-hidden=\"true\"><\/i><i class=\"fa-fusion-box inactive-icon awb-icon-plus\" aria-hidden=\"true\"><\/i><\/span><span class=\"fusion-toggle-heading\">Liens<\/span><\/a><\/h4><\/div><div id=\"bf3b02dd4c184f612\" class=\"panel-collapse collapse \" aria-labelledby=\"toggle_bf3b02dd4c184f612\"><div class=\"panel-body toggle-content fusion-clearfix\">\n<p><a href=\"http:\/\/outils.craaq.qc.ca\/reseau-de-sites-de-demonstration-en-agroforesterie\" target=\"_blank\" rel=\"noopener noreferrer\">R\u00e9seau de sites de d\u00e9monstrations d\u2019agroforesterie au Qu\u00e9bec<\/a><\/p>\n<p><a href=\"https:\/\/agriculture.gouv.fr\/lagroforesterie-comment-ca-marche\" target=\"_blank\" rel=\"noopener noreferrer\">Article sur l\u2019agroforesterie<\/a> par le minist\u00e8re de l\u2019agriculture et de l\u2019alimentation fran\u00e7aise<\/p>\n<p><a href=\"https:\/\/www.bioactualites.ch\/cultures\/durabilite\/agroforesterie.html\" target=\"_blank\" rel=\"noopener noreferrer\">Article sur l\u2019agroforesterie<\/a> de Bioactualit\u00e9<\/p>\n<p><a href=\"https:\/\/www.agroforesterie.fr\/definition-agroforesterie.php\" target=\"_blank\" rel=\"noopener noreferrer\">Article sur l\u2019agroforesterie<\/a> par l\u2019association fran\u00e7aise d\u2019agroforesterie<\/p>\n<\/div><\/div><\/div><\/div><\/div><div class=\"fusion-clearfix\"><\/div><\/div><\/div><div class=\"fusion-layout-column fusion_builder_column fusion-builder-column-10 fusion_builder_column_1_1 1_1 fusion-one-full fusion-column-first fusion-column-last agri-erosion-column\" style=\"--awb-bg-size:cover;\"><div class=\"fusion-column-wrapper fusion-flex-column-wrapper-legacy\"><div class=\"accordian fusion-accordian agri-erosion-toggles\" style=\"--awb-border-size:1px;--awb-icon-size:13px;--awb-content-font-size:18px;--awb-icon-alignment:left;--awb-hover-color:#f9f9f9;--awb-border-color:#cccccc;--awb-background-color:#ffffff;--awb-divider-color:#e0dede;--awb-divider-hover-color:#e0dede;--awb-icon-color:#ffffff;--awb-title-color:#f44336;--awb-content-color:#0f0f0f;--awb-icon-box-color:#7a7a7a;--awb-toggle-hover-accent-color:#000000;--awb-title-font-family:&quot;Roboto&quot;;--awb-title-font-weight:700;--awb-title-font-style:normal;--awb-title-line-height:1.5;--awb-content-font-family:&quot;Roboto&quot;;--awb-content-font-style:normal;--awb-content-font-weight:300;\"><div class=\"panel-group fusion-toggle-icon-boxed\" id=\"accordion-445-2\"><div class=\"fusion-panel panel-default panel-d0505b35170eb84b3 fusion-toggle-has-divider\"><div class=\"panel-heading\"><h4 class=\"panel-title toggle\" id=\"toggle_d0505b35170eb84b3\"><a aria-expanded=\"false\" aria-controls=\"d0505b35170eb84b3\" role=\"button\" data-toggle=\"collapse\" data-parent=\"#accordion-445-2\" data-target=\"#d0505b35170eb84b3\" href=\"#d0505b35170eb84b3\"><span class=\"fusion-toggle-icon-wrapper\" aria-hidden=\"true\"><i class=\"fa-fusion-box active-icon awb-icon-minus\" aria-hidden=\"true\"><\/i><i class=\"fa-fusion-box inactive-icon awb-icon-plus\" aria-hidden=\"true\"><\/i><\/span><span class=\"fusion-toggle-heading\">Personnes de contact<\/span><\/a><\/h4><\/div><div id=\"d0505b35170eb84b3\" class=\"panel-collapse collapse \" aria-labelledby=\"toggle_d0505b35170eb84b3\"><div class=\"panel-body toggle-content fusion-clearfix\"><a href=\"https:\/\/www.agridea.ch\/page\/projet-agroforesterie\/\" target=\"_blank\" rel=\"noopener noreferrer\">Projet agroforesterie<\/a><\/p>\n<p><a href=\"http:\/\/www.swissagroforestry.com\/topic\/index.html\" target=\"_blank\" rel=\"noopener noreferrer\">Site suisse sur l\u2019agroforesterie<\/a><\/p>\n<p><a href=\"https:\/\/www.agroforesterie.fr\/definition-agroforesterie.php\" target=\"_blank\" rel=\"noopener noreferrer\">Association fran\u00e7aise d\u2019agroforesterie<\/a><\/p>\n<div class=\"table-1\">\n<table width=\"100%\">\n<thead>\n<tr>\n<th align=\"left\">Nom<\/th>\n<th align=\"left\">Contact<\/th>\n<\/tr>\n<\/thead>\n<tbody>\n<tr>\n<td align=\"left\">Johanna Schoop (AGRIDEA)<\/td>\n<td align=\"left\">AGRIDEA, Jordils 1, CP 1080, CH-1001 Lausanne<br \/>\n<a href=\"mailto:johanna.schoop@agridea.ch\">johanna.schoop@agridea.ch<\/a><br \/>\n+41 (0)21 619 44 55 direct<br \/>\n+41 (0)21 619 44 00 centrale<br \/>\n+41 (0)21 617 02 61 Fax<\/td>\n<\/tr>\n<\/tbody>\n<tbody>\n<tr>\n<td align=\"left\">Felix Herzog (agroscope)<\/td>\n<td align=\"left\">Agroscope<b><br \/>\n<\/b>Reckenholzstrasse 191, 8046 Z\u00fcrich<br \/>\nTel. +41 58 468 74 45<br \/>\n<a href=\"mailto:felix.herzog@agroscope.admin.ch\">felix.herzog@agroscope.admin.ch<\/a><br \/>\n<a href=\"http:\/\/www.agroscope.ch\/agroforst\">www.agroscope.ch\/agroforst<\/a><\/td>\n<\/tr>\n<\/tbody>\n<tbody>\n<tr>\n<td align=\"left\">Sonja Kay (agroscope)<\/td>\n<td align=\"left\">Agroscope<b><br \/>\n<\/b>Reckenholzstrasse 191, 8046 Z\u00fcrich<br \/>\nTel. +41 58 468 72 90<br \/>\n<a href=\"mailto:sonja.kay@agroscope.admin.ch\">sonja.kay@agroscope.admin.ch<\/a><br \/>\n<a href=\"http:\/\/www.agroscope.ch\/agroforst\">www.agroscope.ch\/agroforst<\/a><\/td>\n<\/tr>\n<\/tbody>\n<tbody>\n<tr>\n<td align=\"left\">Marieke J\u00e4ger (ZHAW)<\/td>\n<td align=\"left\">Institut f\u00fcr Umwelt und Nat\u00fcrliche Ressourcen<br \/>\nZHAW Z\u00fcrcher Hochschule f\u00fcr Angewandte Wissenschaften<br \/>\nGr\u00fcental, Postfach, CH-8820 W\u00e4denswil<br \/>\nTelefon +41 58 934 58 95<br \/>\n<a href=\"mailto:mareike.jaeger@zhaw.ch\">mareike.jaeger@zhaw.ch<\/a><br \/>\n<a href=\"http:\/\/www.zhaw.ch\/iunr\/hortikultur\">www.zhaw.ch\/iunr\/hortikultur<\/a><\/td>\n<\/tr>\n<\/tbody>\n<\/table>\n<\/div>\n<\/div><\/div><\/div><\/div><\/div><div class=\"fusion-clearfix\"><\/div><\/div><\/div><\/div><\/div><div class=\"fusion-fullwidth fullwidth-box fusion-builder-row-5 agri-erosion-container nonhundred-percent-fullwidth non-hundred-percent-height-scrolling\" style=\"--awb-border-radius-top-left:0px;--awb-border-radius-top-right:0px;--awb-border-radius-bottom-right:0px;--awb-border-radius-bottom-left:0px;--awb-flex-wrap:wrap;\" ><div class=\"fusion-builder-row fusion-row\"><div class=\"fusion-layout-column fusion_builder_column fusion-builder-column-11 fusion_builder_column_1_2 1_2 fusion-one-half fusion-column-first agri-erosion-column\" style=\"--awb-bg-size:cover;width:50%;width:calc(50% - ( ( 4% ) * 0.5 ) );margin-right: 4%;\"><div class=\"fusion-column-wrapper fusion-flex-column-wrapper-legacy\"><div class=\"fusion-alignright\"><a class=\"fusion-button button-flat button-large button-default fusion-button-default button-1 fusion-button-default-span fusion-button-default-type agri-erosion-button-page-mesure\" target=\"_self\" href=\"https:\/\/agripedia.ch\/erosion\/fr\/?page_id=219&amp;preview=true\"><span class=\"fusion-button-text awb-button__text awb-button__text--default\">Pr\u00e9c\u00e9dent<\/span><\/a><\/div><div class=\"fusion-clearfix\"><\/div><\/div><\/div><div class=\"fusion-layout-column fusion_builder_column fusion-builder-column-12 fusion_builder_column_1_2 1_2 fusion-one-half fusion-column-last agri-erosion-column\" style=\"--awb-bg-size:cover;width:50%;width:calc(50% - ( ( 4% ) * 0.5 ) );\"><div class=\"fusion-column-wrapper fusion-flex-column-wrapper-legacy\"><div class=\"fusion-button-wrapper\"><a class=\"fusion-button button-flat fusion-button-default-size button-default fusion-button-default button-2 fusion-button-default-span fusion-button-default-type agri-erosion-button-page-mesure\" target=\"_self\" href=\"https:\/\/agripedia.ch\/erosion\/fr\/?page_id=323&amp;preview=true\"><span class=\"fusion-button-text awb-button__text awb-button__text--default\">Suivant<\/span><\/a><\/div><div class=\"fusion-clearfix\"><\/div><\/div><\/div><\/div><\/div><\/p>\n","protected":false},"excerpt":{"rendered":"","protected":false},"author":44,"featured_media":0,"parent":91,"menu_order":0,"comment_status":"closed","ping_status":"closed","template":"","meta":{"_sb_is_suggestion_mode":false,"_sb_show_suggestion_boards":false,"_sb_show_comment_boards":false,"_sb_suggestion_history":"","_sb_update_block_changes":"","_monsterinsights_skip_tracking":false,"_monsterinsights_sitenote_active":false,"_monsterinsights_sitenote_note":"","_monsterinsights_sitenote_category":0,"footnotes":""},"class_list":["post-445","page","type-page","status-publish","hentry"],"_links":{"self":[{"href":"https:\/\/agripedia.ch\/erosion\/wp-json\/wp\/v2\/pages\/445","targetHints":{"allow":["GET"]}}],"collection":[{"href":"https:\/\/agripedia.ch\/erosion\/wp-json\/wp\/v2\/pages"}],"about":[{"href":"https:\/\/agripedia.ch\/erosion\/wp-json\/wp\/v2\/types\/page"}],"author":[{"embeddable":true,"href":"https:\/\/agripedia.ch\/erosion\/wp-json\/wp\/v2\/users\/44"}],"replies":[{"embeddable":true,"href":"https:\/\/agripedia.ch\/erosion\/wp-json\/wp\/v2\/comments?post=445"}],"version-history":[{"count":26,"href":"https:\/\/agripedia.ch\/erosion\/wp-json\/wp\/v2\/pages\/445\/revisions"}],"predecessor-version":[{"id":1297,"href":"https:\/\/agripedia.ch\/erosion\/wp-json\/wp\/v2\/pages\/445\/revisions\/1297"}],"up":[{"embeddable":true,"href":"https:\/\/agripedia.ch\/erosion\/wp-json\/wp\/v2\/pages\/91"}],"wp:attachment":[{"href":"https:\/\/agripedia.ch\/erosion\/wp-json\/wp\/v2\/media?parent=445"}],"curies":[{"name":"wp","href":"https:\/\/api.w.org\/{rel}","templated":true}]}}