{"id":441,"date":"2020-03-24T07:52:00","date_gmt":"2020-03-24T07:52:00","guid":{"rendered":"https:\/\/agripedia.ch\/erosion\/?page_id=441"},"modified":"2020-05-28T14:39:42","modified_gmt":"2020-05-28T14:39:42","slug":"strip-till","status":"publish","type":"page","link":"https:\/\/agripedia.ch\/erosion\/strip-till\/","title":{"rendered":"Strip till"},"content":{"rendered":"<p><div class=\"fusion-fullwidth fullwidth-box fusion-builder-row-1 agri-erosion-container nonhundred-percent-fullwidth non-hundred-percent-height-scrolling\" style=\"--awb-border-radius-top-left:0px;--awb-border-radius-top-right:0px;--awb-border-radius-bottom-right:0px;--awb-border-radius-bottom-left:0px;--awb-flex-wrap:wrap;\" ><div class=\"fusion-builder-row fusion-row\"><div class=\"fusion-layout-column fusion_builder_column fusion-builder-column-0 fusion_builder_column_1_1 1_1 fusion-one-full fusion-column-first fusion-column-last agri-erosion-column\" style=\"--awb-bg-size:cover;\"><div class=\"fusion-column-wrapper fusion-flex-column-wrapper-legacy\"><div class=\"fusion-title title fusion-title-1 fusion-sep-none fusion-title-center fusion-title-text fusion-title-size-three agri-erosion-boxtitle\"><h3 class=\"fusion-title-heading title-heading-center fusion-responsive-typography-calculated\" style=\"margin:0;--fontSize:30;line-height:1.5;\">Description<\/h3><\/div><div class=\"fusion-text fusion-text-1 agri-erosion-boxtext\"><p>Le sol est travaill\u00e9 en bandes sur une profondeur maximale de 20 cm, le reste du sol \u00e9tant id\u00e9alement couvert par la v\u00e9g\u00e9tation (d\u00e9bris v\u00e9g\u00e9taux). Avec cette technique, la proportion de la surface du sol tra\u00advaill\u00e9e est au maximum de 50 %. La semence est d\u00e9pos\u00e9e dans la bande travaill\u00e9e du sol. Le semis en bandes s\u2019effectue en deux passages de machines au plus (travail en bande et semis ou combin\u00e9), en roulant sur la partie du sol encore couverte.<\/p>\n<p>Les outils utilis\u00e9 pour le strip-till sont des fraises en bandes combin\u00e9s \u00e0 des dents d\u2019ameublissement du sol. Dans le cas des semoirs utilis\u00e9s pour le semis en bande (strip-till), dont l\u2019interligne est inf\u00e9rieur \u00e0 45 cm, la largeur du soc ne doit pas d\u00e9passer 10 % de l\u2019interligne.<\/p>\n<\/div><div class=\"fusion-clearfix\"><\/div><\/div><\/div><div class=\"fusion-layout-column fusion_builder_column fusion-builder-column-1 fusion_builder_column_1_2 1_2 fusion-one-half fusion-column-first agri-erosion-column\" style=\"--awb-bg-size:cover;width:50%;width:calc(50% - ( ( 4% ) * 0.5 ) );margin-right: 4%;\"><div class=\"fusion-column-wrapper fusion-flex-column-wrapper-legacy\"><div class=\"fusion-video fusion-youtube agri-erosion-linkyoutube\" style=\"--awb-max-width:600px;--awb-max-height:360px;\"><div class=\"video-shortcode\"><div class=\"fluid-width-video-wrapper\" style=\"padding-top:60%;\" ><iframe title=\"YouTube video player 1\" src=\"https:\/\/www.youtube.com\/embed\/FC3O-dTwMNU?wmode=transparent&autoplay=0\" width=\"600\" height=\"360\" allowfullscreen allow=\"autoplay; clipboard-write; encrypted-media; gyroscope; picture-in-picture;\"><\/iframe><\/div><\/div><\/div><div class=\"fusion-clearfix\"><\/div><\/div><\/div><div class=\"fusion-layout-column fusion_builder_column fusion-builder-column-2 fusion_builder_column_1_2 1_2 fusion-one-half fusion-column-last agri-erosion-column\" style=\"--awb-bg-size:cover;width:50%;width:calc(50% - ( ( 4% ) * 0.5 ) );\"><div class=\"fusion-column-wrapper fusion-flex-column-wrapper-legacy\"><div class=\"fusion-video fusion-youtube agri-erosion-linkyoutube\" style=\"--awb-max-width:600px;--awb-max-height:360px;\"><div class=\"video-shortcode\"><div class=\"fluid-width-video-wrapper\" style=\"padding-top:60%;\" ><iframe title=\"YouTube video player 2\" src=\"https:\/\/www.youtube.com\/embed\/dwyONlrGVZY?wmode=transparent&autoplay=0\" width=\"600\" height=\"360\" allowfullscreen allow=\"autoplay; clipboard-write; encrypted-media; gyroscope; picture-in-picture;\"><\/iframe><\/div><\/div><\/div><div class=\"fusion-clearfix\"><\/div><\/div><\/div><\/div><\/div><div class=\"fusion-fullwidth fullwidth-box fusion-builder-row-2 agri-erosion-container nonhundred-percent-fullwidth non-hundred-percent-height-scrolling\" style=\"--awb-border-radius-top-left:0px;--awb-border-radius-top-right:0px;--awb-border-radius-bottom-right:0px;--awb-border-radius-bottom-left:0px;--awb-flex-wrap:wrap;\" ><div class=\"fusion-builder-row fusion-row\"><div class=\"fusion-layout-column fusion_builder_column fusion-builder-column-3 fusion_builder_column_1_2 1_2 fusion-one-half fusion-column-first agri-erosion-column\" style=\"--awb-bg-size:cover;width:50%;width:calc(50% - ( ( 4% ) * 0.5 ) );margin-right: 4%;\"><div class=\"fusion-column-wrapper fusion-flex-column-wrapper-legacy\"><div class=\"fusion-title title fusion-title-2 fusion-sep-none fusion-title-center fusion-title-text fusion-title-size-three agri-erosion-boxtitle\"><h3 class=\"fusion-title-heading title-heading-center fusion-responsive-typography-calculated\" style=\"margin:0;--fontSize:30;line-height:1.5;\">Avantages<\/h3><\/div>\n<div class=\"table-1 agri-erosion-table\">\n<table width=\"100%\">\n<tbody>\n<tr>\n<td align=\"left\">Structure du sol stable<\/td>\n<\/tr>\n<tr>\n<td align=\"left\">Bonne infiltration de l\u2019eau<\/td>\n<\/tr>\n<tr>\n<td align=\"left\">Meilleur portance<\/td>\n<\/tr>\n<tr>\n<td align=\"left\">Augmentation MO<\/td>\n<\/tr>\n<tr>\n<td align=\"left\">Apport d\u2019\u00e9l\u00e9ments nutritifs<\/td>\n<\/tr>\n<tr>\n<td align=\"left\">Biodiversit\u00e9<\/td>\n<\/tr>\n<\/tbody>\n<\/table>\n<\/div>\n<div class=\"fusion-clearfix\"><\/div><\/div><\/div><div class=\"fusion-layout-column fusion_builder_column fusion-builder-column-4 fusion_builder_column_1_2 1_2 fusion-one-half fusion-column-last agri-erosion-column\" style=\"--awb-bg-size:cover;width:50%;width:calc(50% - ( ( 4% ) * 0.5 ) );\"><div class=\"fusion-column-wrapper fusion-flex-column-wrapper-legacy\"><div class=\"fusion-title title fusion-title-3 fusion-sep-none fusion-title-center fusion-title-text fusion-title-size-three agri-erosion-boxtitle\"><h3 class=\"fusion-title-heading title-heading-center fusion-responsive-typography-calculated\" style=\"margin:0;--fontSize:30;line-height:1.5;\">Risques<\/h3><\/div>\n<div class=\"table-1 agri-erosion-table\">\n<table width=\"100%\">\n<tbody>\n<tr>\n<td align=\"left\">Travail trop profond du sol par\u00a0 la machine<\/td>\n<\/tr>\n<tr>\n<td align=\"left\">Tassement trop important de la bande de terre travaill\u00e9e<\/td>\n<\/tr>\n<\/tbody>\n<\/table>\n<\/div>\n<div class=\"fusion-clearfix\"><\/div><\/div><\/div><\/div><\/div><div class=\"fusion-fullwidth fullwidth-box fusion-builder-row-3 agri-erosion-container nonhundred-percent-fullwidth non-hundred-percent-height-scrolling\" style=\"--awb-border-radius-top-left:0px;--awb-border-radius-top-right:0px;--awb-border-radius-bottom-right:0px;--awb-border-radius-bottom-left:0px;--awb-flex-wrap:wrap;\" ><div class=\"fusion-builder-row fusion-row\"><div class=\"fusion-layout-column fusion_builder_column fusion-builder-column-5 fusion_builder_column_1_2 1_2 fusion-one-half fusion-column-first agri-erosion-column\" style=\"--awb-bg-size:cover;width:50%;width:calc(50% - ( ( 4% ) * 0.5 ) );margin-right: 4%;\"><div class=\"fusion-column-wrapper fusion-flex-column-wrapper-legacy\"><div class=\"fusion-title title fusion-title-4 fusion-sep-none fusion-title-center fusion-title-text fusion-title-size-three agri-erosion-boxtitle\"><h3 class=\"fusion-title-heading title-heading-center fusion-responsive-typography-calculated\" style=\"margin:0;--fontSize:30;line-height:1.5;\">Contributions<\/h3><\/div><div class=\"fusion-text fusion-text-2 agri-erosion-boxtext\"><p>Subventions de 200 CHF par hectare et culture principale (p\u00e9riode de 2014 \u00e0 2021)<\/p>\n<p>En cas de renoncement \u00e0 l\u2019emploi d\u2019herbicide \u00e0 partir de la r\u00e9colte du pr\u00e9c\u00e9dent cultural jusqu\u2019\u00e0 la r\u00e9colte de la culture principale ayant droit \u00e0 la contribution, un montant suppl\u00e9mentaire de 200 CHF par hectare et culture principale sera vers\u00e9.<\/p>\n<p>Le renoncement aux herbicides ne doit pas \u00eatre forc\u00e9ment fait sur toutes les parcelles sur lesquelles des techniques de travail pr\u00e9servant le sol ont \u00e9t\u00e9 annonc\u00e9es.<\/p>\n<p>Dans le cas du semis sous liti\u00e8re et uniquement dans le cadre des contributions pour le non-recours aux herbicides, l\u2019utilisation de la charrue comme moyen de lutte contre les \u00ab mauvaises herbes \u00bb est tol\u00e9r\u00e9e, \u00e0 condition toutefois de respecter la profondeur de travail de 10 cm au maximum.<\/p>\n<p>Fiche technique AGRIDEA sur les contributions les\u00a0 <a href=\"https:\/\/agripedia.ch\/erosion\/wp-content\/uploads\/sites\/10\/2019\/10\/Schonende-Bodenbearbeitung_FR.pdf\" target=\"_blank\" rel=\"noopener noreferrer\">techniques culturales pr\u00e9servant le sol<\/a><\/p>\n<\/div><div class=\"fusion-clearfix\"><\/div><\/div><\/div><div class=\"fusion-layout-column fusion_builder_column fusion-builder-column-6 fusion_builder_column_1_2 1_2 fusion-one-half fusion-column-last agri-erosion-column\" style=\"--awb-bg-size:cover;width:50%;width:calc(50% - ( ( 4% ) * 0.5 ) );\"><div class=\"fusion-column-wrapper fusion-flex-column-wrapper-legacy\"><div class=\"fusion-title title fusion-title-5 fusion-sep-none fusion-title-center fusion-title-text fusion-title-size-three agri-erosion-boxtitle\"><h3 class=\"fusion-title-heading title-heading-center fusion-responsive-typography-calculated\" style=\"margin:0;--fontSize:30;line-height:1.5;\">Co\u00fbts<\/h3><\/div><div class=\"fusion-text fusion-text-3 agri-erosion-boxtext\"><p>Pas de co\u00fbts suppl\u00e9mentaires (engrais vert de toute fa\u00e7on en place pour l\u2019hiver)<\/p>\n<\/div><div class=\"fusion-clearfix\"><\/div><\/div><\/div><\/div><\/div><div class=\"fusion-fullwidth fullwidth-box fusion-builder-row-4 agri-erosion-container nonhundred-percent-fullwidth non-hundred-percent-height-scrolling\" style=\"--awb-border-radius-top-left:0px;--awb-border-radius-top-right:0px;--awb-border-radius-bottom-right:0px;--awb-border-radius-bottom-left:0px;--awb-flex-wrap:wrap;\" ><div class=\"fusion-builder-row fusion-row\"><div class=\"fusion-layout-column fusion_builder_column fusion-builder-column-7 fusion_builder_column_1_1 1_1 fusion-one-full fusion-column-first fusion-column-last agri-erosion-column\" style=\"--awb-bg-size:cover;\"><div class=\"fusion-column-wrapper fusion-flex-column-wrapper-legacy\"><div class=\"accordian fusion-accordian agri-erosion-toggles\" style=\"--awb-border-size:1px;--awb-icon-size:13px;--awb-content-font-size:18px;--awb-icon-alignment:left;--awb-hover-color:#f9f9f9;--awb-border-color:#cccccc;--awb-background-color:#ffffff;--awb-divider-color:#e0dede;--awb-divider-hover-color:#e0dede;--awb-icon-color:#ffffff;--awb-title-color:#f44336;--awb-content-color:#0f0f0f;--awb-icon-box-color:#7a7a7a;--awb-toggle-hover-accent-color:#000000;--awb-title-font-family:&quot;Roboto&quot;;--awb-title-font-weight:700;--awb-title-font-style:normal;--awb-title-line-height:1.5;--awb-content-font-family:&quot;Roboto&quot;;--awb-content-font-style:normal;--awb-content-font-weight:300;\"><div class=\"panel-group fusion-toggle-icon-boxed\" id=\"accordion-441-1\"><div class=\"fusion-panel panel-default panel-f5de5b992ba585adc fusion-toggle-has-divider\"><div class=\"panel-heading\"><h4 class=\"panel-title toggle\" id=\"toggle_f5de5b992ba585adc\"><a aria-expanded=\"false\" aria-controls=\"f5de5b992ba585adc\" role=\"button\" data-toggle=\"collapse\" data-parent=\"#accordion-441-1\" data-target=\"#f5de5b992ba585adc\" href=\"#f5de5b992ba585adc\"><span class=\"fusion-toggle-icon-wrapper\" aria-hidden=\"true\"><i class=\"fa-fusion-box active-icon awb-icon-minus\" aria-hidden=\"true\"><\/i><i class=\"fa-fusion-box inactive-icon awb-icon-plus\" aria-hidden=\"true\"><\/i><\/span><span class=\"fusion-toggle-heading\">Liens<\/span><\/a><\/h4><\/div><div id=\"f5de5b992ba585adc\" class=\"panel-collapse collapse \" aria-labelledby=\"toggle_f5de5b992ba585adc\"><div class=\"panel-body toggle-content fusion-clearfix\">\n<p>Article de Terre et Nature : <a href=\"https:\/\/www.terrenature.ch\/strip-till-et-semoirs-directs-remplacent-herses-et-charrues\/\" target=\"_blank\" rel=\"noopener noreferrer\">Strip-till et semoirs directs remplacent herses et charrues<\/a><\/p>\n<p>Article sur le site Agriculture de conservation sur <a href=\"http:\/\/agriculture-de-conservation.com\/Strip-till-Une-technique-efficace.html\" target=\"_blank\" rel=\"noopener noreferrer\">le ma\u00efs en strip till<\/a><\/p>\n<p><a href=\"https:\/\/www.arvalisinstitutduvegetal.fr\/_plugins\/WMS_BO_Gallery\/page\/getElementStream.jspz?id=25475&prop=file\" target=\"_blank\" rel=\"noopener noreferrer\">R\u00e9sultat d\u2019essai d\u2019Arvalis sur le strip till<\/a><\/p>\n<\/div><\/div><\/div><\/div><\/div><div class=\"fusion-clearfix\"><\/div><\/div><\/div><\/div><\/div><div class=\"fusion-fullwidth fullwidth-box fusion-builder-row-5 agri-erosion-container nonhundred-percent-fullwidth non-hundred-percent-height-scrolling\" style=\"--awb-border-radius-top-left:0px;--awb-border-radius-top-right:0px;--awb-border-radius-bottom-right:0px;--awb-border-radius-bottom-left:0px;--awb-flex-wrap:wrap;\" ><div class=\"fusion-builder-row fusion-row\"><div class=\"fusion-layout-column fusion_builder_column fusion-builder-column-8 fusion_builder_column_1_2 1_2 fusion-one-half fusion-column-first agri-erosion-column\" style=\"--awb-bg-size:cover;width:50%;width:calc(50% - ( ( 4% ) * 0.5 ) );margin-right: 4%;\"><div class=\"fusion-column-wrapper fusion-flex-column-wrapper-legacy\"><div class=\"fusion-button-wrapper\"><a class=\"fusion-button button-flat fusion-button-default-size button-default fusion-button-default button-1 fusion-button-default-span fusion-button-default-type agri-erosion-button-page-back\" target=\"_self\" href=\"https:\/\/agripedia.ch\/erosion\/fr\/?page_id=301&amp;preview=true\"><span class=\"fusion-button-text awb-button__text awb-button__text--default\">Pr\u00e9c\u00e9dent<\/span><\/a><\/div><div class=\"fusion-clearfix\"><\/div><\/div><\/div><div class=\"fusion-layout-column fusion_builder_column fusion-builder-column-9 fusion_builder_column_1_2 1_2 fusion-one-half fusion-column-last agri-erosion-column\" style=\"--awb-bg-size:cover;width:50%;width:calc(50% - ( ( 4% ) * 0.5 ) );\"><div class=\"fusion-column-wrapper fusion-flex-column-wrapper-legacy\"><div class=\"fusion-button-wrapper\"><a class=\"fusion-button button-flat fusion-button-default-size button-default fusion-button-default button-2 fusion-button-default-span fusion-button-default-type agri-erosion-button-page-next\" target=\"_self\" href=\"https:\/\/agripedia.ch\/erosion\/fr\/?page_id=292&amp;preview=true\"><span class=\"fusion-button-text awb-button__text awb-button__text--default\">Suivant<\/span><\/a><\/div><div class=\"fusion-clearfix\"><\/div><\/div><\/div><\/div><\/div><\/p>\n","protected":false},"excerpt":{"rendered":"","protected":false},"author":44,"featured_media":0,"parent":0,"menu_order":0,"comment_status":"closed","ping_status":"closed","template":"","meta":{"_sb_is_suggestion_mode":false,"_sb_show_suggestion_boards":false,"_sb_show_comment_boards":false,"_sb_suggestion_history":"","_sb_update_block_changes":"","_monsterinsights_skip_tracking":false,"_monsterinsights_sitenote_active":false,"_monsterinsights_sitenote_note":"","_monsterinsights_sitenote_category":0,"footnotes":""},"class_list":["post-441","page","type-page","status-publish","hentry"],"_links":{"self":[{"href":"https:\/\/agripedia.ch\/erosion\/wp-json\/wp\/v2\/pages\/441","targetHints":{"allow":["GET"]}}],"collection":[{"href":"https:\/\/agripedia.ch\/erosion\/wp-json\/wp\/v2\/pages"}],"about":[{"href":"https:\/\/agripedia.ch\/erosion\/wp-json\/wp\/v2\/types\/page"}],"author":[{"embeddable":true,"href":"https:\/\/agripedia.ch\/erosion\/wp-json\/wp\/v2\/users\/44"}],"replies":[{"embeddable":true,"href":"https:\/\/agripedia.ch\/erosion\/wp-json\/wp\/v2\/comments?post=441"}],"version-history":[{"count":13,"href":"https:\/\/agripedia.ch\/erosion\/wp-json\/wp\/v2\/pages\/441\/revisions"}],"predecessor-version":[{"id":1305,"href":"https:\/\/agripedia.ch\/erosion\/wp-json\/wp\/v2\/pages\/441\/revisions\/1305"}],"wp:attachment":[{"href":"https:\/\/agripedia.ch\/erosion\/wp-json\/wp\/v2\/media?parent=441"}],"curies":[{"name":"wp","href":"https:\/\/api.w.org\/{rel}","templated":true}]}}