{"id":341,"date":"2020-03-24T07:48:10","date_gmt":"2020-03-24T07:48:10","guid":{"rendered":"https:\/\/agripedia.ch\/erosion\/?page_id=341"},"modified":"2020-03-24T07:48:10","modified_gmt":"2020-03-24T07:48:10","slug":"drainage","status":"publish","type":"page","link":"https:\/\/agripedia.ch\/erosion\/drainage\/","title":{"rendered":"Drainage"},"content":{"rendered":"<p><div class=\"fusion-fullwidth fullwidth-box fusion-builder-row-1 agri-erosion-container nonhundred-percent-fullwidth non-hundred-percent-height-scrolling\" style=\"--awb-border-radius-top-left:0px;--awb-border-radius-top-right:0px;--awb-border-radius-bottom-right:0px;--awb-border-radius-bottom-left:0px;--awb-flex-wrap:wrap;\" ><div class=\"fusion-builder-row fusion-row\"><div class=\"fusion-layout-column fusion_builder_column fusion-builder-column-0 fusion_builder_column_1_1 1_1 fusion-one-full fusion-column-first fusion-column-last agri-erosion-column\" style=\"--awb-bg-size:cover;\"><div class=\"fusion-column-wrapper fusion-flex-column-wrapper-legacy\"><div class=\"fusion-title title fusion-title-1 fusion-sep-none fusion-title-center fusion-title-text fusion-title-size-three agri-erosion-boxtitle\"><h3 class=\"fusion-title-heading title-heading-center fusion-responsive-typography-calculated\" style=\"margin:0;--fontSize:30;line-height:1.5;\">Description<\/h3><\/div><div class=\"fusion-text fusion-text-1 agri-erosion-boxtext\"><p>Le drainage permet la diminution du volume de ruissellement sur une parcelle agricole et sur les chemins<\/p>\n<p>Cette mesure comprend la mise en place de collecteurs et regards pour collecter les eaux d\u2019\u00e9coulement ou d\u2019infiltration afin d\u2019\u00e9viter la saturation des sols en eau.<\/p>\n<p>Les implantations, les dimensionnements et les principes constructifs font appel \u00e0 des raisonnements sp\u00e9cifiques. Des ouvrages et sp\u00e9cialistes apportent des solutions pour la mise en place d\u2019un r\u00e9seau de drainage efficace.<\/p>\n<p>Quand c\u2019est n\u00e9cessaire, une raie \u00e0 la charrue permet de canaliser d\u2019avantage les eaux en direction d\u2019une bande herbeuse ou une prairie. N\u00e9anmoins, il faut \u00eatre prudent avec cette mesure car les particules fines peuvent \u00e9galement trouver un chemin pr\u00e9f\u00e9rentiel dans cette raie de charrue, augmenter la vitesse d\u2019\u00e9coulement et sortir de la bande ou de la prairie.<\/p>\n<\/div><div class=\"fusion-clearfix\"><\/div><\/div><\/div><\/div><\/div><div class=\"fusion-fullwidth fullwidth-box fusion-builder-row-2 agri-erosion-container nonhundred-percent-fullwidth non-hundred-percent-height-scrolling\" style=\"--awb-border-radius-top-left:0px;--awb-border-radius-top-right:0px;--awb-border-radius-bottom-right:0px;--awb-border-radius-bottom-left:0px;--awb-flex-wrap:wrap;\" ><div class=\"fusion-builder-row fusion-row\"><div class=\"fusion-layout-column fusion_builder_column fusion-builder-column-1 fusion_builder_column_1_2 1_2 fusion-one-half fusion-column-first agri-erosion-column\" style=\"--awb-bg-size:cover;width:50%;width:calc(50% - ( ( 4% ) * 0.5 ) );margin-right: 4%;\"><div class=\"fusion-column-wrapper fusion-flex-column-wrapper-legacy\"><div class=\"fusion-title title fusion-title-2 fusion-sep-none fusion-title-center fusion-title-text fusion-title-size-three agri-erosion-boxtitle\"><h3 class=\"fusion-title-heading title-heading-center fusion-responsive-typography-calculated\" style=\"margin:0;--fontSize:30;line-height:1.5;\">Avantages<\/h3><\/div>\n<div class=\"table-1 agri-erosion-table\">\n<table width=\"100%\">\n<tbody>\n<tr>\n<td align=\"left\">Terrain ressuy\u00e9 plus rapidement pour les terres lourdes<\/td>\n<\/tr>\n<\/tbody>\n<\/table>\n<\/div>\n<div class=\"fusion-clearfix\"><\/div><\/div><\/div><div class=\"fusion-layout-column fusion_builder_column fusion-builder-column-2 fusion_builder_column_1_2 1_2 fusion-one-half fusion-column-last agri-erosion-column\" style=\"--awb-bg-size:cover;width:50%;width:calc(50% - ( ( 4% ) * 0.5 ) );\"><div class=\"fusion-column-wrapper fusion-flex-column-wrapper-legacy\"><div class=\"fusion-title title fusion-title-3 fusion-sep-none fusion-title-center fusion-title-text fusion-title-size-three agri-erosion-boxtitle\"><h3 class=\"fusion-title-heading title-heading-center fusion-responsive-typography-calculated\" style=\"margin:0;--fontSize:30;line-height:1.5;\">Risques<\/h3><\/div>\n<div class=\"table-1 agri-erosion-table\">\n<table width=\"100%\">\n<tbody>\n<tr>\n<td align=\"left\">Drain cass\u00e9 par un labour trop profond<\/td>\n<\/tr>\n<tr>\n<td align=\"left\">Polluant qui passe directement dans les drains<\/td>\n<\/tr>\n<\/tbody>\n<\/table>\n<\/div>\n<div class=\"fusion-clearfix\"><\/div><\/div><\/div><\/div><\/div><div class=\"fusion-fullwidth fullwidth-box fusion-builder-row-3 agri-erosion-container nonhundred-percent-fullwidth non-hundred-percent-height-scrolling\" style=\"--awb-border-radius-top-left:0px;--awb-border-radius-top-right:0px;--awb-border-radius-bottom-right:0px;--awb-border-radius-bottom-left:0px;--awb-flex-wrap:wrap;\" ><div class=\"fusion-builder-row fusion-row\"><div class=\"fusion-layout-column fusion_builder_column fusion-builder-column-3 fusion_builder_column_1_2 1_2 fusion-one-half fusion-column-first agri-erosion-column\" style=\"--awb-bg-size:cover;width:50%;width:calc(50% - ( ( 4% ) * 0.5 ) );margin-right: 4%;\"><div class=\"fusion-column-wrapper fusion-flex-column-wrapper-legacy\"><div class=\"fusion-title title fusion-title-4 fusion-sep-none fusion-title-center fusion-title-text fusion-title-size-three agri-erosion-boxtitle\"><h3 class=\"fusion-title-heading title-heading-center fusion-responsive-typography-calculated\" style=\"margin:0;--fontSize:30;line-height:1.5;\">Contributions<\/h3><\/div><div class=\"fusion-text fusion-text-2 agri-erosion-boxtext\"><p>Aucune<\/p>\n<\/div><div class=\"fusion-clearfix\"><\/div><\/div><\/div><div class=\"fusion-layout-column fusion_builder_column fusion-builder-column-4 fusion_builder_column_1_2 1_2 fusion-one-half fusion-column-last agri-erosion-column\" style=\"--awb-bg-size:cover;width:50%;width:calc(50% - ( ( 4% ) * 0.5 ) );\"><div class=\"fusion-column-wrapper fusion-flex-column-wrapper-legacy\"><div class=\"fusion-title title fusion-title-5 fusion-sep-none fusion-title-center fusion-title-text fusion-title-size-three agri-erosion-boxtitle\"><h3 class=\"fusion-title-heading title-heading-center fusion-responsive-typography-calculated\" style=\"margin:0;--fontSize:30;line-height:1.5;\">Co\u00fbts<\/h3><\/div><div class=\"fusion-text fusion-text-3 agri-erosion-boxtext\"><p>Co\u00fbts \u00e9lev\u00e9s pour une efficacit\u00e9 \u00e9lev\u00e9e<\/p>\n<p>Co\u00fbts tr\u00e8s \u00e9lev\u00e9s, support\u00e9s par les collectivit\u00e9s.<\/p>\n<p>Les co\u00fbts sont tr\u00e8s \u00e9lev\u00e9s, mais la mesure est tr\u00e8s efficace si le r\u00e9seau est parfaitement mis en place<\/p>\n<\/div><div class=\"fusion-clearfix\"><\/div><\/div><\/div><\/div><\/div><div class=\"fusion-fullwidth fullwidth-box fusion-builder-row-4 agri-erosion-container nonhundred-percent-fullwidth non-hundred-percent-height-scrolling\" style=\"--awb-border-radius-top-left:0px;--awb-border-radius-top-right:0px;--awb-border-radius-bottom-right:0px;--awb-border-radius-bottom-left:0px;--awb-flex-wrap:wrap;\" ><div class=\"fusion-builder-row fusion-row\"><div class=\"fusion-layout-column fusion_builder_column fusion-builder-column-5 fusion_builder_column_1_2 1_2 fusion-one-half fusion-column-first agri-erosion-column\" style=\"--awb-bg-size:cover;width:50%;width:calc(50% - ( ( 4% ) * 0.5 ) );margin-right: 4%;\"><div class=\"fusion-column-wrapper fusion-flex-column-wrapper-legacy\"><div class=\"fusion-button-wrapper\"><a class=\"fusion-button button-flat fusion-button-default-size button-default fusion-button-default button-1 fusion-button-default-span fusion-button-default-type agri-erosion-button-page-back\" target=\"_self\" href=\"https:\/\/agripedia.ch\/erosion\/fr\/?page_id=338&amp;preview=true\"><span class=\"fusion-button-text awb-button__text awb-button__text--default\">Pr\u00e9c\u00e9dant<\/span><\/a><\/div><div class=\"fusion-clearfix\"><\/div><\/div><\/div><div class=\"fusion-layout-column fusion_builder_column fusion-builder-column-6 fusion_builder_column_1_2 1_2 fusion-one-half fusion-column-last agri-erosion-column\" style=\"--awb-bg-size:cover;width:50%;width:calc(50% - ( ( 4% ) * 0.5 ) );\"><div class=\"fusion-column-wrapper fusion-flex-column-wrapper-legacy\"><div class=\"fusion-button-wrapper\"><a class=\"fusion-button button-flat fusion-button-default-size button-default fusion-button-default button-2 fusion-button-default-span fusion-button-default-type agri-erosion-button-page-next\" target=\"_self\" href=\"https:\/\/agripedia.ch\/erosion\/fr\/?page_id=91&amp;preview=true\"><span class=\"fusion-button-text awb-button__text awb-button__text--default\">Retour au menu principal<\/span><\/a><\/div><div class=\"fusion-clearfix\"><\/div><\/div><\/div><\/div><\/div><\/p>\n","protected":false},"excerpt":{"rendered":"","protected":false},"author":44,"featured_media":0,"parent":0,"menu_order":0,"comment_status":"closed","ping_status":"closed","template":"","meta":{"_sb_is_suggestion_mode":false,"_sb_show_suggestion_boards":false,"_sb_show_comment_boards":false,"_sb_suggestion_history":"","_sb_update_block_changes":"","_monsterinsights_skip_tracking":false,"_monsterinsights_sitenote_active":false,"_monsterinsights_sitenote_note":"","_monsterinsights_sitenote_category":0,"footnotes":""},"class_list":["post-341","page","type-page","status-publish","hentry"],"_links":{"self":[{"href":"https:\/\/agripedia.ch\/erosion\/wp-json\/wp\/v2\/pages\/341","targetHints":{"allow":["GET"]}}],"collection":[{"href":"https:\/\/agripedia.ch\/erosion\/wp-json\/wp\/v2\/pages"}],"about":[{"href":"https:\/\/agripedia.ch\/erosion\/wp-json\/wp\/v2\/types\/page"}],"author":[{"embeddable":true,"href":"https:\/\/agripedia.ch\/erosion\/wp-json\/wp\/v2\/users\/44"}],"replies":[{"embeddable":true,"href":"https:\/\/agripedia.ch\/erosion\/wp-json\/wp\/v2\/comments?post=341"}],"version-history":[{"count":10,"href":"https:\/\/agripedia.ch\/erosion\/wp-json\/wp\/v2\/pages\/341\/revisions"}],"predecessor-version":[{"id":1119,"href":"https:\/\/agripedia.ch\/erosion\/wp-json\/wp\/v2\/pages\/341\/revisions\/1119"}],"wp:attachment":[{"href":"https:\/\/agripedia.ch\/erosion\/wp-json\/wp\/v2\/media?parent=341"}],"curies":[{"name":"wp","href":"https:\/\/api.w.org\/{rel}","templated":true}]}}