{"id":338,"date":"2020-03-24T07:46:06","date_gmt":"2020-03-24T07:46:06","guid":{"rendered":"https:\/\/agripedia.ch\/erosion\/?page_id=338"},"modified":"2020-05-28T14:29:05","modified_gmt":"2020-05-28T14:29:05","slug":"controle-des-eaux","status":"publish","type":"page","link":"https:\/\/agripedia.ch\/erosion\/controle-des-eaux\/","title":{"rendered":"Contr\u00f4le des eaux"},"content":{"rendered":"<p><div class=\"fusion-fullwidth fullwidth-box fusion-builder-row-1 agri-erosion-container nonhundred-percent-fullwidth non-hundred-percent-height-scrolling\" style=\"--awb-border-radius-top-left:0px;--awb-border-radius-top-right:0px;--awb-border-radius-bottom-right:0px;--awb-border-radius-bottom-left:0px;--awb-flex-wrap:wrap;\" ><div class=\"fusion-builder-row fusion-row\"><div class=\"fusion-layout-column fusion_builder_column fusion-builder-column-0 fusion_builder_column_1_2 1_2 fusion-one-half fusion-column-first agri-erosion-column\" style=\"--awb-bg-size:cover;width:50%;width:calc(50% - ( ( 4% ) * 0.5 ) );margin-right: 4%;\"><div class=\"fusion-column-wrapper fusion-flex-column-wrapper-legacy\"><div class=\"fusion-title title fusion-title-1 fusion-sep-none fusion-title-center fusion-title-text fusion-title-size-three agri-erosion-boxtitle\"><h3 class=\"fusion-title-heading title-heading-center fusion-responsive-typography-calculated\" style=\"margin:0;--fontSize:30;line-height:1.5;\">Description<\/h3><\/div><div class=\"fusion-text fusion-text-1 agri-erosion-boxtext\"><p>Cette mesure est plus ax\u00e9e g\u00e9nie civil car elle comprend un l\u00e9ger terrassement qui contribue \u00e0 l\u2019\u00e9vacuation du surplus d\u2019eau superficielle. Pour une bonne efficacit\u00e9 la mise en place de diff\u00e9rents ouvrages de collecte ou d\u2019interception est obligatoire.<\/p>\n<p>Mise en place\u00a0: R\u00e9gles de contr\u00f4le des eaux :<\/p>\n<ul>\n<li>Types d\u2019ouvrages : foss\u00e9s, petits canaux, cunettes, collecteurs<\/li>\n<\/ul>\n<p>Recommand\u00e9 pour des pentes <strong>jusqu\u2019\u00e0<\/strong> 20 %<\/p>\n<ul>\n<li>Placer les ouvrages perpendiculaires \u00e0 la direction de l\u2019\u00e9coulement en bordure de parcelle, de champs ou de chemin.<\/li>\n<li>Proc\u00e9der \u00e0 un l\u00e9ger terrassement pour cr\u00e9er un couloir pr\u00e9f\u00e9rentiel<\/li>\n<li>Selon le type de foss\u00e9, mettre en place les cunettes<\/li>\n<li>Semis sur toute la surface.<\/li>\n<\/ul>\n<p>Recommand\u00e9 pour des pentes de plus de 20%.<\/p>\n<\/div><div class=\"fusion-clearfix\"><\/div><\/div><\/div><div class=\"fusion-layout-column fusion_builder_column fusion-builder-column-1 fusion_builder_column_1_2 1_2 fusion-one-half fusion-column-last agri-erosion-column\" style=\"--awb-bg-size:cover;width:50%;width:calc(50% - ( ( 4% ) * 0.5 ) );\"><div class=\"fusion-column-wrapper fusion-flex-column-wrapper-legacy\"><div class=\"fusion-image-element in-legacy-container\" style=\"--awb-caption-title-font-family:var(--h2_typography-font-family);--awb-caption-title-font-weight:var(--h2_typography-font-weight);--awb-caption-title-font-style:var(--h2_typography-font-style);--awb-caption-title-size:var(--h2_typography-font-size);--awb-caption-title-transform:var(--h2_typography-text-transform);--awb-caption-title-line-height:var(--h2_typography-line-height);--awb-caption-title-letter-spacing:var(--h2_typography-letter-spacing);\"><span class=\" fusion-imageframe imageframe-none imageframe-1 hover-type-none agri-erosion-image\"><img decoding=\"async\" width=\"250\" height=\"300\" title=\"1_contr\u00f4le_des_eaux\" src=\"https:\/\/agripedia.ch\/erosion\/wp-content\/uploads\/sites\/10\/2020\/02\/1_contr\u00f4le_des_eaux-250x300.jpg\" alt class=\"img-responsive wp-image-418\" srcset=\"https:\/\/agripedia.ch\/erosion\/wp-content\/uploads\/sites\/10\/2020\/02\/1_contr\u00f4le_des_eaux-200x240.jpg 200w, https:\/\/agripedia.ch\/erosion\/wp-content\/uploads\/sites\/10\/2020\/02\/1_contr\u00f4le_des_eaux-400x479.jpg 400w, https:\/\/agripedia.ch\/erosion\/wp-content\/uploads\/sites\/10\/2020\/02\/1_contr\u00f4le_des_eaux.jpg 539w\" sizes=\"(max-width: 800px) 100vw, 250px\" \/><\/span><\/div><div class=\"fusion-clearfix\"><\/div><\/div><\/div><div class=\"fusion-layout-column fusion_builder_column fusion-builder-column-2 fusion_builder_column_1_1 1_1 fusion-one-full fusion-column-first fusion-column-last agri-erosion-column\" style=\"--awb-bg-size:cover;\"><div class=\"fusion-column-wrapper fusion-flex-column-wrapper-legacy\"><div class=\"fusion-image-element in-legacy-container\" style=\"--awb-caption-title-font-family:var(--h2_typography-font-family);--awb-caption-title-font-weight:var(--h2_typography-font-weight);--awb-caption-title-font-style:var(--h2_typography-font-style);--awb-caption-title-size:var(--h2_typography-font-size);--awb-caption-title-transform:var(--h2_typography-text-transform);--awb-caption-title-line-height:var(--h2_typography-line-height);--awb-caption-title-letter-spacing:var(--h2_typography-letter-spacing);\"><span class=\" fusion-imageframe imageframe-none imageframe-2 hover-type-none agri-erosion-image\"><img decoding=\"async\" width=\"300\" height=\"133\" title=\"3_contr\u00f4le_des_eaux\" src=\"https:\/\/agripedia.ch\/erosion\/wp-content\/uploads\/sites\/10\/2020\/02\/3_contr\u00f4le_des_eaux-300x133.jpg\" alt class=\"img-responsive wp-image-416\" srcset=\"https:\/\/agripedia.ch\/erosion\/wp-content\/uploads\/sites\/10\/2020\/02\/3_contr\u00f4le_des_eaux-200x89.jpg 200w, https:\/\/agripedia.ch\/erosion\/wp-content\/uploads\/sites\/10\/2020\/02\/3_contr\u00f4le_des_eaux-400x177.jpg 400w, https:\/\/agripedia.ch\/erosion\/wp-content\/uploads\/sites\/10\/2020\/02\/3_contr\u00f4le_des_eaux-600x266.jpg 600w, https:\/\/agripedia.ch\/erosion\/wp-content\/uploads\/sites\/10\/2020\/02\/3_contr\u00f4le_des_eaux-800x355.jpg 800w, https:\/\/agripedia.ch\/erosion\/wp-content\/uploads\/sites\/10\/2020\/02\/3_contr\u00f4le_des_eaux.jpg 1135w\" sizes=\"(max-width: 800px) 100vw, 300px\" \/><\/span><\/div><div class=\"fusion-image-element in-legacy-container\" style=\"--awb-caption-title-font-family:var(--h2_typography-font-family);--awb-caption-title-font-weight:var(--h2_typography-font-weight);--awb-caption-title-font-style:var(--h2_typography-font-style);--awb-caption-title-size:var(--h2_typography-font-size);--awb-caption-title-transform:var(--h2_typography-text-transform);--awb-caption-title-line-height:var(--h2_typography-line-height);--awb-caption-title-letter-spacing:var(--h2_typography-letter-spacing);\"><span class=\" fusion-imageframe imageframe-none imageframe-3 hover-type-none agri-erosion-image\"><img decoding=\"async\" width=\"300\" height=\"152\" title=\"2_contr\u00f4le_des_eaux\" src=\"https:\/\/agripedia.ch\/erosion\/wp-content\/uploads\/sites\/10\/2020\/02\/2_contr\u00f4le_des_eaux-300x152.jpg\" alt class=\"img-responsive wp-image-414\" srcset=\"https:\/\/agripedia.ch\/erosion\/wp-content\/uploads\/sites\/10\/2020\/02\/2_contr\u00f4le_des_eaux-200x101.jpg 200w, https:\/\/agripedia.ch\/erosion\/wp-content\/uploads\/sites\/10\/2020\/02\/2_contr\u00f4le_des_eaux-400x202.jpg 400w, https:\/\/agripedia.ch\/erosion\/wp-content\/uploads\/sites\/10\/2020\/02\/2_contr\u00f4le_des_eaux-600x304.jpg 600w, https:\/\/agripedia.ch\/erosion\/wp-content\/uploads\/sites\/10\/2020\/02\/2_contr\u00f4le_des_eaux-800x405.jpg 800w, https:\/\/agripedia.ch\/erosion\/wp-content\/uploads\/sites\/10\/2020\/02\/2_contr\u00f4le_des_eaux.jpg 1134w\" sizes=\"(max-width: 800px) 100vw, 300px\" \/><\/span><\/div><div class=\"fusion-clearfix\"><\/div><\/div><\/div><\/div><\/div><div class=\"fusion-fullwidth fullwidth-box fusion-builder-row-2 agri-erosion-container nonhundred-percent-fullwidth non-hundred-percent-height-scrolling\" style=\"--awb-border-radius-top-left:0px;--awb-border-radius-top-right:0px;--awb-border-radius-bottom-right:0px;--awb-border-radius-bottom-left:0px;--awb-flex-wrap:wrap;\" ><div class=\"fusion-builder-row fusion-row\"><div class=\"fusion-layout-column fusion_builder_column fusion-builder-column-3 fusion_builder_column_1_2 1_2 fusion-one-half fusion-column-first agri-erosion-column\" style=\"--awb-bg-size:cover;width:50%;width:calc(50% - ( ( 4% ) * 0.5 ) );margin-right: 4%;\"><div class=\"fusion-column-wrapper fusion-flex-column-wrapper-legacy\"><div class=\"fusion-title title fusion-title-2 fusion-sep-none fusion-title-center fusion-title-text fusion-title-size-three agri-erosion-boxtitle\"><h3 class=\"fusion-title-heading title-heading-center fusion-responsive-typography-calculated\" style=\"margin:0;--fontSize:30;line-height:1.5;\">Avantages<\/h3><\/div>\n<div class=\"table-1 agri-erosion-table\">\n<table width=\"100%\">\n<tbody>\n<tr>\n<td align=\"left\">\u00c9vacue tr\u00e8s vite l\u2019eau de surface sur un terrain disponible pour l\u2019\u00e9coulement<\/td>\n<\/tr>\n<\/tbody>\n<\/table>\n<\/div>\n<div class=\"fusion-clearfix\"><\/div><\/div><\/div><div class=\"fusion-layout-column fusion_builder_column fusion-builder-column-4 fusion_builder_column_1_2 1_2 fusion-one-half fusion-column-last agri-erosion-column\" style=\"--awb-bg-size:cover;width:50%;width:calc(50% - ( ( 4% ) * 0.5 ) );\"><div class=\"fusion-column-wrapper fusion-flex-column-wrapper-legacy\"><div class=\"fusion-title title fusion-title-3 fusion-sep-none fusion-title-center fusion-title-text fusion-title-size-three agri-erosion-boxtitle\"><h3 class=\"fusion-title-heading title-heading-center fusion-responsive-typography-calculated\" style=\"margin:0;--fontSize:30;line-height:1.5;\">Risques<\/h3><\/div>\n<div class=\"table-1 agri-erosion-table\">\n<table width=\"100%\">\n<tbody>\n<tr>\n<td align=\"left\">Mise en \u0153uvre de cunette contraignante pour les passages entre parcelles<\/td>\n<\/tr>\n<tr>\n<td align=\"left\">Risques de ravinement ou de comblement si fortes pr\u00e9cipitations<\/td>\n<\/tr>\n<\/tbody>\n<\/table>\n<\/div>\n<div class=\"fusion-clearfix\"><\/div><\/div><\/div><\/div><\/div><div class=\"fusion-fullwidth fullwidth-box fusion-builder-row-3 agri-erosion-container nonhundred-percent-fullwidth non-hundred-percent-height-scrolling\" style=\"--awb-border-radius-top-left:0px;--awb-border-radius-top-right:0px;--awb-border-radius-bottom-right:0px;--awb-border-radius-bottom-left:0px;--awb-flex-wrap:wrap;\" ><div class=\"fusion-builder-row fusion-row\"><div class=\"fusion-layout-column fusion_builder_column fusion-builder-column-5 fusion_builder_column_1_2 1_2 fusion-one-half fusion-column-first agri-erosion-column\" style=\"--awb-bg-size:cover;width:50%;width:calc(50% - ( ( 4% ) * 0.5 ) );margin-right: 4%;\"><div class=\"fusion-column-wrapper fusion-flex-column-wrapper-legacy\"><div class=\"fusion-title title fusion-title-4 fusion-sep-none fusion-title-center fusion-title-text fusion-title-size-three agri-erosion-boxtitle\"><h3 class=\"fusion-title-heading title-heading-center fusion-responsive-typography-calculated\" style=\"margin:0;--fontSize:30;line-height:1.5;\">Contributions<\/h3><\/div><div class=\"fusion-text fusion-text-2 agri-erosion-boxtext\"><p>Le foss\u00e9 en V peut \u00eatre imputable comme SCE<\/p>\n<\/div><div class=\"fusion-clearfix\"><\/div><\/div><\/div><div class=\"fusion-layout-column fusion_builder_column fusion-builder-column-6 fusion_builder_column_1_2 1_2 fusion-one-half fusion-column-last agri-erosion-column\" style=\"--awb-bg-size:cover;width:50%;width:calc(50% - ( ( 4% ) * 0.5 ) );\"><div class=\"fusion-column-wrapper fusion-flex-column-wrapper-legacy\"><div class=\"fusion-title title fusion-title-5 fusion-sep-none fusion-title-center fusion-title-text fusion-title-size-three agri-erosion-boxtitle\"><h3 class=\"fusion-title-heading title-heading-center fusion-responsive-typography-calculated\" style=\"margin:0;--fontSize:30;line-height:1.5;\">Co\u00fbts<\/h3><\/div><div class=\"fusion-text fusion-text-3 agri-erosion-boxtext\"><p>Co\u00fbts moyens pour une efficacit\u00e9 \u00e9lev\u00e9e<\/p>\n<p>Co\u00fbts pris en charge par les am\u00e9liorations fonci\u00e8res ou projets de renaturation<\/p>\n<p>Subventions f\u00e9d\u00e9rales OAS possibles au cas par cas<\/p>\n<p>Les co\u00fbts sont consid\u00e9r\u00e9s comme moyen puisque dans le plus simple des cas, il suffit jusque de proc\u00e9der \u00e0 un semis. L\u2019efficacit\u00e9 est moyenne puisqu\u2019il s\u2019agit d\u2019une mesure indirecte pour lutter contre le ruissellement<\/p>\n<\/div><div class=\"fusion-clearfix\"><\/div><\/div><\/div><\/div><\/div><div class=\"fusion-fullwidth fullwidth-box fusion-builder-row-4 agri-erosion-container nonhundred-percent-fullwidth non-hundred-percent-height-scrolling\" style=\"--awb-border-radius-top-left:0px;--awb-border-radius-top-right:0px;--awb-border-radius-bottom-right:0px;--awb-border-radius-bottom-left:0px;--awb-flex-wrap:wrap;\" ><div class=\"fusion-builder-row fusion-row\"><div class=\"fusion-layout-column fusion_builder_column fusion-builder-column-7 fusion_builder_column_1_1 1_1 fusion-one-full fusion-column-first fusion-column-last agri-erosion-column\" style=\"--awb-bg-size:cover;\"><div class=\"fusion-column-wrapper fusion-flex-column-wrapper-legacy\"><div class=\"accordian fusion-accordian agri-erosion-toggles\" style=\"--awb-border-size:1px;--awb-icon-size:13px;--awb-content-font-size:18px;--awb-icon-alignment:left;--awb-hover-color:#f9f9f9;--awb-border-color:#cccccc;--awb-background-color:#ffffff;--awb-divider-color:#e0dede;--awb-divider-hover-color:#e0dede;--awb-icon-color:#ffffff;--awb-title-color:#f44336;--awb-content-color:#0f0f0f;--awb-icon-box-color:#7a7a7a;--awb-toggle-hover-accent-color:#000000;--awb-title-font-family:&quot;Roboto&quot;;--awb-title-font-weight:700;--awb-title-font-style:normal;--awb-title-line-height:1.5;--awb-content-font-family:&quot;Roboto&quot;;--awb-content-font-style:normal;--awb-content-font-weight:300;\"><div class=\"panel-group fusion-toggle-icon-boxed\" id=\"accordion-338-1\"><div class=\"fusion-panel panel-default panel-bf69a464e260cb660 fusion-toggle-has-divider\"><div class=\"panel-heading\"><h4 class=\"panel-title toggle\" id=\"toggle_bf69a464e260cb660\"><a aria-expanded=\"false\" aria-controls=\"bf69a464e260cb660\" role=\"button\" data-toggle=\"collapse\" data-parent=\"#accordion-338-1\" data-target=\"#bf69a464e260cb660\" href=\"#bf69a464e260cb660\"><span class=\"fusion-toggle-icon-wrapper\" aria-hidden=\"true\"><i class=\"fa-fusion-box active-icon awb-icon-minus\" aria-hidden=\"true\"><\/i><i class=\"fa-fusion-box inactive-icon awb-icon-plus\" aria-hidden=\"true\"><\/i><\/span><span class=\"fusion-toggle-heading\">Liens<\/span><\/a><\/h4><\/div><div id=\"bf69a464e260cb660\" class=\"panel-collapse collapse \" aria-labelledby=\"toggle_bf69a464e260cb660\"><div class=\"panel-body toggle-content fusion-clearfix\">\n<p>Document belge sur <a href=\"https:\/\/www.giser.be\/wp-content\/uploads\/2016\/10\/Giser-brochure-FINAL-partie2.pdf\" target=\"_blank\" rel=\"noopener noreferrer\">les foss\u00e9s<\/a> (pp. 47 \u2013 50)<\/p>\n<\/div><\/div><\/div><\/div><\/div><div class=\"fusion-clearfix\"><\/div><\/div><\/div><\/div><\/div><div class=\"fusion-fullwidth fullwidth-box fusion-builder-row-5 agri-erosion-container nonhundred-percent-fullwidth non-hundred-percent-height-scrolling\" style=\"--awb-border-radius-top-left:0px;--awb-border-radius-top-right:0px;--awb-border-radius-bottom-right:0px;--awb-border-radius-bottom-left:0px;--awb-flex-wrap:wrap;\" ><div class=\"fusion-builder-row fusion-row\"><div class=\"fusion-layout-column fusion_builder_column fusion-builder-column-8 fusion_builder_column_1_2 1_2 fusion-one-half fusion-column-first agri-erosion-column\" style=\"--awb-bg-size:cover;width:50%;width:calc(50% - ( ( 4% ) * 0.5 ) );margin-right: 4%;\"><div class=\"fusion-column-wrapper fusion-flex-column-wrapper-legacy\"><div class=\"fusion-button-wrapper\"><a class=\"fusion-button button-flat fusion-button-default-size button-default fusion-button-default button-1 fusion-button-default-span fusion-button-default-type agri-erosion-button-page-back\" target=\"_self\" href=\"https:\/\/agripedia.ch\/erosion\/fr\/?page_id=336&amp;preview=true\"><span class=\"fusion-button-text awb-button__text awb-button__text--default\">Pr\u00e9c\u00e9dent<\/span><\/a><\/div><div class=\"fusion-clearfix\"><\/div><\/div><\/div><div class=\"fusion-layout-column fusion_builder_column fusion-builder-column-9 fusion_builder_column_1_2 1_2 fusion-one-half fusion-column-last agri-erosion-column\" style=\"--awb-bg-size:cover;width:50%;width:calc(50% - ( ( 4% ) * 0.5 ) );\"><div class=\"fusion-column-wrapper fusion-flex-column-wrapper-legacy\"><div class=\"fusion-button-wrapper\"><a class=\"fusion-button button-flat fusion-button-default-size button-default fusion-button-default button-2 fusion-button-default-span fusion-button-default-type agri-erosion-button-page-next\" target=\"_self\" href=\"https:\/\/agripedia.ch\/erosion\/fr\/?page_id=341&amp;preview=true\"><span class=\"fusion-button-text awb-button__text awb-button__text--default\">Suivant<\/span><\/a><\/div><div class=\"fusion-clearfix\"><\/div><\/div><\/div><\/div><\/div><\/p>\n","protected":false},"excerpt":{"rendered":"","protected":false},"author":44,"featured_media":0,"parent":0,"menu_order":0,"comment_status":"closed","ping_status":"closed","template":"","meta":{"_sb_is_suggestion_mode":false,"_sb_show_suggestion_boards":false,"_sb_show_comment_boards":false,"_sb_suggestion_history":"","_sb_update_block_changes":"","_monsterinsights_skip_tracking":false,"_monsterinsights_sitenote_active":false,"_monsterinsights_sitenote_note":"","_monsterinsights_sitenote_category":0,"footnotes":""},"class_list":["post-338","page","type-page","status-publish","hentry"],"_links":{"self":[{"href":"https:\/\/agripedia.ch\/erosion\/wp-json\/wp\/v2\/pages\/338","targetHints":{"allow":["GET"]}}],"collection":[{"href":"https:\/\/agripedia.ch\/erosion\/wp-json\/wp\/v2\/pages"}],"about":[{"href":"https:\/\/agripedia.ch\/erosion\/wp-json\/wp\/v2\/types\/page"}],"author":[{"embeddable":true,"href":"https:\/\/agripedia.ch\/erosion\/wp-json\/wp\/v2\/users\/44"}],"replies":[{"embeddable":true,"href":"https:\/\/agripedia.ch\/erosion\/wp-json\/wp\/v2\/comments?post=338"}],"version-history":[{"count":18,"href":"https:\/\/agripedia.ch\/erosion\/wp-json\/wp\/v2\/pages\/338\/revisions"}],"predecessor-version":[{"id":1293,"href":"https:\/\/agripedia.ch\/erosion\/wp-json\/wp\/v2\/pages\/338\/revisions\/1293"}],"wp:attachment":[{"href":"https:\/\/agripedia.ch\/erosion\/wp-json\/wp\/v2\/media?parent=338"}],"curies":[{"name":"wp","href":"https:\/\/api.w.org\/{rel}","templated":true}]}}