{"id":323,"date":"2020-02-25T10:01:25","date_gmt":"2020-02-25T10:01:25","guid":{"rendered":"https:\/\/agripedia.ch\/erosion\/?page_id=323"},"modified":"2020-05-28T14:31:37","modified_gmt":"2020-05-28T14:31:37","slug":"haies","status":"publish","type":"page","link":"https:\/\/agripedia.ch\/erosion\/haies\/","title":{"rendered":"Haies"},"content":{"rendered":"<p><div class=\"fusion-fullwidth fullwidth-box fusion-builder-row-1 agri-erosion-container nonhundred-percent-fullwidth non-hundred-percent-height-scrolling\" style=\"--awb-border-radius-top-left:0px;--awb-border-radius-top-right:0px;--awb-border-radius-bottom-right:0px;--awb-border-radius-bottom-left:0px;--awb-flex-wrap:wrap;\" ><div class=\"fusion-builder-row fusion-row\"><div class=\"fusion-layout-column fusion_builder_column fusion-builder-column-0 fusion_builder_column_1_1 1_1 fusion-one-full fusion-column-first fusion-column-last agri-erosion-column\" style=\"--awb-bg-size:cover;\"><div class=\"fusion-column-wrapper fusion-flex-column-wrapper-legacy\"><div class=\"fusion-title title fusion-title-1 fusion-sep-none fusion-title-center fusion-title-text fusion-title-size-three agri-erosion-boxtitle\"><h3 class=\"fusion-title-heading title-heading-center fusion-responsive-typography-calculated\" style=\"margin:0;--fontSize:30;line-height:1.5;\">Description<\/h3><\/div><div class=\"fusion-text fusion-text-1 agri-erosion-boxtext\"><p>Une haie permet de retenir la terre fine \u00e9rod\u00e9e et de ralentir l\u2019\u00e9rosion \u00e9olienne. Elle permet la lutte contre la diffusion des pollutions agricoles, une augmentation de la biodiversit\u00e9 ainsi qu\u2019une mise en r\u00e9seau des diff\u00e9rents milieux. Pour mettre en place une haie l\u2019alignement d\u2019arbres et arbustes se fait, avec de chaque c\u00f4t\u00e9, une bande herbeuse d\u2019au moins 3 m\u00e8tres.<\/p>\n<p>Localisation<\/p>\n<ul>\n<li>Le long d\u2019une courbe de niveau pour un meilleur effet<\/li>\n<li>En bordure de parcelle<\/li>\n<li>Perpendiculaire \u00e0 la pente<\/li>\n<li>\u00c0 proximit\u00e9 d\u2019un cours d\u2019eau<\/li>\n<\/ul>\n<p>Installation<\/p>\n<ul>\n<li>N\u2019utiliser que des plantes indig\u00e8nes et adapt\u00e9es \u00e0 la r\u00e9gion<\/li>\n<li>Se procurer des plants forestiers dans les p\u00e9pini\u00e8res foresti\u00e8res cantonales de pr\u00e9f\u00e9rence. Prendre des buissons \u00e2g\u00e9s de 2 ans qui ont une croissance tr\u00e8s rapide<\/li>\n<li>Planter durant la p\u00e9riode de d\u00e9but novembre \u00e0 fin avril. La plantation printani\u00e8re est mieux adapt\u00e9e aux sols lourds<\/li>\n<li>Faire un passage \u00e0 la charrue, glisser les plants et recouvrir de terre<\/li>\n<li>Arroser suffisamment, m\u00eame en cas de pluie.<\/li>\n<li>Marquer les jeunes arbres pour \u00e9viter qu\u2019ils ne se fassent couper lors de l\u2019entretien de la strate herbac\u00e9e et \u00e9ventuellement y mettre un grillage pour \u00e9viter qu\u2019ils ne se fassent brouter.<\/li>\n<\/ul>\n<p>Entretien<\/p>\n<ul>\n<li>Entretien entre novembre et mars<\/li>\n<li>Taille moins fr\u00e9quente pour les esp\u00e8ces \u00e0 croissance lente que celle \u00e0 croissance rapide<\/li>\n<li>Proc\u00e9der au rec\u00e9page s\u00e9lectif pour rajeunir les haies de taille modeste. La fr\u00e9quence d\u2019intervention est de 2 \u00e0 3 ans. Le rec\u00e9page par tron\u00e7on est mieux adapt\u00e9 pour les haies de grande taille. Il s\u2019agit l\u00e0 de couper \u00e0 ras sur une distante de maximum un tiers de la haie totale. Dans ce cas-l\u00e0, la fr\u00e9quence est comprise entre 7 et 15 ans.<\/li>\n<\/ul>\n<\/div><div class=\"fusion-clearfix\"><\/div><\/div><\/div><\/div><\/div><div class=\"fusion-fullwidth fullwidth-box fusion-builder-row-2 agri-erosion-container nonhundred-percent-fullwidth non-hundred-percent-height-scrolling\" style=\"--awb-border-radius-top-left:0px;--awb-border-radius-top-right:0px;--awb-border-radius-bottom-right:0px;--awb-border-radius-bottom-left:0px;--awb-flex-wrap:wrap;\" ><div class=\"fusion-builder-row fusion-row\"><div class=\"fusion-layout-column fusion_builder_column fusion-builder-column-1 fusion_builder_column_1_2 1_2 fusion-one-half fusion-column-first agri-erosion-column\" style=\"--awb-bg-size:cover;width:50%;width:calc(50% - ( ( 4% ) * 0.5 ) );margin-right: 4%;\"><div class=\"fusion-column-wrapper fusion-flex-column-wrapper-legacy\"><div class=\"fusion-title title fusion-title-2 fusion-sep-none fusion-title-center fusion-title-text fusion-title-size-three agri-erosion-boxtitle\"><h3 class=\"fusion-title-heading title-heading-center fusion-responsive-typography-calculated\" style=\"margin:0;--fontSize:30;line-height:1.5;\">Avantages<\/h3><\/div>\n<div class=\"table-1 agri-erosion-table\">\n<table width=\"100%\">\n<tbody>\n<tr>\n<td align=\"left\">R\u00e9duction des pentes<\/td>\n<\/tr>\n<tr>\n<td align=\"left\">R\u00e9serve pour les auxiliaires des cultures<\/td>\n<\/tr>\n<tr>\n<td align=\"left\">Pouvoir \u00e9purateur<\/td>\n<\/tr>\n<tr>\n<td align=\"left\">Am\u00e9lioration de la structure du paysage<\/td>\n<\/tr>\n<\/tbody>\n<\/table>\n<\/div>\n<div class=\"fusion-clearfix\"><\/div><\/div><\/div><div class=\"fusion-layout-column fusion_builder_column fusion-builder-column-2 fusion_builder_column_1_2 1_2 fusion-one-half fusion-column-last agri-erosion-column\" style=\"--awb-bg-size:cover;width:50%;width:calc(50% - ( ( 4% ) * 0.5 ) );\"><div class=\"fusion-column-wrapper fusion-flex-column-wrapper-legacy\"><div class=\"fusion-title title fusion-title-3 fusion-sep-none fusion-title-center fusion-title-text fusion-title-size-three agri-erosion-boxtitle\"><h3 class=\"fusion-title-heading title-heading-center fusion-responsive-typography-calculated\" style=\"margin:0;--fontSize:30;line-height:1.5;\">Risques<\/h3><\/div>\n<div class=\"table-1 agri-erosion-table\">\n<table width=\"100%\">\n<tbody>\n<tr>\n<td align=\"left\">Encombrement, terrain perdu<\/td>\n<\/tr>\n<tr>\n<td align=\"left\">Ombre port\u00e9e<\/td>\n<\/tr>\n<tr>\n<td align=\"left\">Comp\u00e9tition hydrique<\/td>\n<\/tr>\n<tr>\n<td align=\"left\">Co\u00fbts pour l\u2019entretien non n\u00e9gligeables<\/td>\n<\/tr>\n<tr>\n<td align=\"left\">Les haies plant\u00e9es ne peuvent plus \u00eatre arrach\u00e9es<\/td>\n<\/tr>\n<\/tbody>\n<\/table>\n<\/div>\n<div class=\"fusion-clearfix\"><\/div><\/div><\/div><\/div><\/div><div class=\"fusion-fullwidth fullwidth-box fusion-builder-row-3 agri-erosion-container nonhundred-percent-fullwidth non-hundred-percent-height-scrolling\" style=\"--awb-border-radius-top-left:0px;--awb-border-radius-top-right:0px;--awb-border-radius-bottom-right:0px;--awb-border-radius-bottom-left:0px;--awb-flex-wrap:wrap;\" ><div class=\"fusion-builder-row fusion-row\"><div class=\"fusion-layout-column fusion_builder_column fusion-builder-column-3 fusion_builder_column_1_2 1_2 fusion-one-half fusion-column-first agri-erosion-column\" style=\"--awb-bg-size:cover;width:50%;width:calc(50% - ( ( 4% ) * 0.5 ) );margin-right: 4%;\"><div class=\"fusion-column-wrapper fusion-flex-column-wrapper-legacy\"><div class=\"fusion-title title fusion-title-4 fusion-sep-none fusion-title-center fusion-title-text fusion-title-size-three agri-erosion-boxtitle\"><h3 class=\"fusion-title-heading title-heading-center fusion-responsive-typography-calculated\" style=\"margin:0;--fontSize:30;line-height:1.5;\">Contributions<\/h3><\/div><div class=\"fusion-text fusion-text-2 agri-erosion-boxtext\"><p>Selon l\u2019OPD les haies, bosquets champ\u00eatres et berges bois\u00e9es (y c. bande herbeuse) : CHF 2\u2019160.-\/ha pour une qualit\u00e9 I et CHF 2\u2019840.-\/ha pour qualit\u00e9 II + CHF 1\u2019000.-\/ha de mise en r\u00e9seau.<\/p>\n<\/div><div class=\"fusion-clearfix\"><\/div><\/div><\/div><div class=\"fusion-layout-column fusion_builder_column fusion-builder-column-4 fusion_builder_column_1_2 1_2 fusion-one-half fusion-column-last agri-erosion-column\" style=\"--awb-bg-size:cover;width:50%;width:calc(50% - ( ( 4% ) * 0.5 ) );\"><div class=\"fusion-column-wrapper fusion-flex-column-wrapper-legacy\"><div class=\"fusion-title title fusion-title-5 fusion-sep-none fusion-title-center fusion-title-text fusion-title-size-three agri-erosion-boxtitle\"><h3 class=\"fusion-title-heading title-heading-center fusion-responsive-typography-calculated\" style=\"margin:0;--fontSize:30;line-height:1.5;\">Co\u00fbts<\/h3><\/div><div class=\"fusion-text fusion-text-3 agri-erosion-boxtext\"><p>Pour la mise en \u0153uvre de cette mesure<\/p>\n<ul>\n<li>main d\u2019\u0153uvre = CHF 20.-\/m\u00e8tre lin\u00e9aire (ml)<\/li>\n<li>mat\u00e9riaux = gratuit (arrangement possible dans le cadre de la gestion de cours d\u2019eau)<\/li>\n<\/ul>\n<p>Pour l\u2019entretien<\/p>\n<ul>\n<li>taille = CHF 50.-\/h<\/li>\n<\/ul>\n<\/div><div class=\"fusion-clearfix\"><\/div><\/div><\/div><\/div><\/div><div class=\"fusion-fullwidth fullwidth-box fusion-builder-row-4 agri-erosion-container nonhundred-percent-fullwidth non-hundred-percent-height-scrolling\" style=\"--awb-border-radius-top-left:0px;--awb-border-radius-top-right:0px;--awb-border-radius-bottom-right:0px;--awb-border-radius-bottom-left:0px;--awb-flex-wrap:wrap;\" ><div class=\"fusion-builder-row fusion-row\"><div class=\"fusion-layout-column fusion_builder_column fusion-builder-column-5 fusion_builder_column_1_1 1_1 fusion-one-full fusion-column-first fusion-column-last agri-erosion-column\" style=\"--awb-bg-size:cover;\"><div class=\"fusion-column-wrapper fusion-flex-column-wrapper-legacy\"><div class=\"accordian fusion-accordian agri-erosion-toggles\" style=\"--awb-border-size:1px;--awb-icon-size:13px;--awb-content-font-size:18px;--awb-icon-alignment:left;--awb-hover-color:#f9f9f9;--awb-border-color:#cccccc;--awb-background-color:#ffffff;--awb-divider-color:#e0dede;--awb-divider-hover-color:#e0dede;--awb-icon-color:#ffffff;--awb-title-color:#f44336;--awb-content-color:#0f0f0f;--awb-icon-box-color:#7a7a7a;--awb-toggle-hover-accent-color:#000000;--awb-title-font-family:&quot;Roboto&quot;;--awb-title-font-weight:700;--awb-title-font-style:normal;--awb-title-line-height:1.5;--awb-content-font-family:&quot;Roboto&quot;;--awb-content-font-style:normal;--awb-content-font-weight:300;\"><div class=\"panel-group fusion-toggle-icon-boxed\" id=\"accordion-323-1\"><div class=\"fusion-panel panel-default panel-310ed81fd8dbf681c fusion-toggle-has-divider\"><div class=\"panel-heading\"><h4 class=\"panel-title toggle\" id=\"toggle_310ed81fd8dbf681c\"><a aria-expanded=\"false\" aria-controls=\"310ed81fd8dbf681c\" role=\"button\" data-toggle=\"collapse\" data-parent=\"#accordion-323-1\" data-target=\"#310ed81fd8dbf681c\" href=\"#310ed81fd8dbf681c\"><span class=\"fusion-toggle-icon-wrapper\" aria-hidden=\"true\"><i class=\"fa-fusion-box active-icon awb-icon-minus\" aria-hidden=\"true\"><\/i><i class=\"fa-fusion-box inactive-icon awb-icon-plus\" aria-hidden=\"true\"><\/i><\/span><span class=\"fusion-toggle-heading\">Liens<\/span><\/a><\/h4><\/div><div id=\"310ed81fd8dbf681c\" class=\"panel-collapse collapse \" aria-labelledby=\"toggle_310ed81fd8dbf681c\"><div class=\"panel-body toggle-content fusion-clearfix\">\n<p><a href=\"https:\/\/www.blw.admin.ch\/blw\/fr\/home\/instrumente\/direktzahlungen\/biodiversitaetsbeitraege.html\" target=\"_blank\" rel=\"noopener noreferrer\">Les contributions f\u00e9d\u00e9rales \u00e0 la biodiversit\u00e9<\/a><\/p>\n<p><a href=\"https:\/\/www.collombey-muraz.ch\/commune\/rideaux-abris-haies-232.html\" target=\"_blank\" rel=\"noopener noreferrer\">Article sur les haies<\/a> en Valais sur le site de la commune de Collombey-Muraz<\/p>\n<p>Documents belge sur les <a href=\"https:\/\/www.giser.be\/wp-content\/uploads\/2016\/10\/Giser-brochure-FINAL-partie2.pdf\" target=\"_blank\" rel=\"noopener noreferrer\">haies et bandes bois\u00e9es<\/a> (pp. 37 \u2013 39)<\/p>\n<\/div><\/div><\/div><\/div><\/div><div class=\"fusion-clearfix\"><\/div><\/div><\/div><\/div><\/div><div class=\"fusion-fullwidth fullwidth-box fusion-builder-row-5 agri-erosion-container nonhundred-percent-fullwidth non-hundred-percent-height-scrolling\" style=\"--awb-border-radius-top-left:0px;--awb-border-radius-top-right:0px;--awb-border-radius-bottom-right:0px;--awb-border-radius-bottom-left:0px;--awb-flex-wrap:wrap;\" ><div class=\"fusion-builder-row fusion-row\"><div class=\"fusion-layout-column fusion_builder_column fusion-builder-column-6 fusion_builder_column_1_2 1_2 fusion-one-half fusion-column-first agri-erosion-column\" style=\"--awb-bg-size:cover;width:50%;width:calc(50% - ( ( 4% ) * 0.5 ) );margin-right: 4%;\"><div class=\"fusion-column-wrapper fusion-flex-column-wrapper-legacy\"><div class=\"fusion-button-wrapper\"><a class=\"fusion-button button-flat fusion-button-default-size button-default fusion-button-default button-1 fusion-button-default-span fusion-button-default-type agri-erosion-button-page-back\" target=\"_self\" href=\"https:\/\/agripedia.ch\/erosion\/fr\/?page_id=445&amp;preview=true\"><span class=\"fusion-button-text awb-button__text awb-button__text--default\">Pr\u00e9c\u00e9dent<\/span><\/a><\/div><div class=\"fusion-clearfix\"><\/div><\/div><\/div><div class=\"fusion-layout-column fusion_builder_column fusion-builder-column-7 fusion_builder_column_1_2 1_2 fusion-one-half fusion-column-last agri-erosion-column\" style=\"--awb-bg-size:cover;width:50%;width:calc(50% - ( ( 4% ) * 0.5 ) );\"><div class=\"fusion-column-wrapper fusion-flex-column-wrapper-legacy\"><div class=\"fusion-button-wrapper\"><a class=\"fusion-button button-flat fusion-button-default-size button-default fusion-button-default button-2 fusion-button-default-span fusion-button-default-type agri-erosion-button-page-next\" target=\"_self\" href=\"https:\/\/agripedia.ch\/erosion\/fr\/?page_id=336&amp;preview=true\"><span class=\"fusion-button-text awb-button__text awb-button__text--default\">Suivant<\/span><\/a><\/div><div class=\"fusion-clearfix\"><\/div><\/div><\/div><\/div><\/div><\/p>\n","protected":false},"excerpt":{"rendered":"","protected":false},"author":44,"featured_media":0,"parent":0,"menu_order":0,"comment_status":"closed","ping_status":"closed","template":"","meta":{"_sb_is_suggestion_mode":false,"_sb_show_suggestion_boards":false,"_sb_show_comment_boards":false,"_sb_suggestion_history":"","_sb_update_block_changes":"","_monsterinsights_skip_tracking":false,"_monsterinsights_sitenote_active":false,"_monsterinsights_sitenote_note":"","_monsterinsights_sitenote_category":0,"footnotes":""},"class_list":["post-323","page","type-page","status-publish","hentry"],"_links":{"self":[{"href":"https:\/\/agripedia.ch\/erosion\/wp-json\/wp\/v2\/pages\/323","targetHints":{"allow":["GET"]}}],"collection":[{"href":"https:\/\/agripedia.ch\/erosion\/wp-json\/wp\/v2\/pages"}],"about":[{"href":"https:\/\/agripedia.ch\/erosion\/wp-json\/wp\/v2\/types\/page"}],"author":[{"embeddable":true,"href":"https:\/\/agripedia.ch\/erosion\/wp-json\/wp\/v2\/users\/44"}],"replies":[{"embeddable":true,"href":"https:\/\/agripedia.ch\/erosion\/wp-json\/wp\/v2\/comments?post=323"}],"version-history":[{"count":14,"href":"https:\/\/agripedia.ch\/erosion\/wp-json\/wp\/v2\/pages\/323\/revisions"}],"predecessor-version":[{"id":1296,"href":"https:\/\/agripedia.ch\/erosion\/wp-json\/wp\/v2\/pages\/323\/revisions\/1296"}],"wp:attachment":[{"href":"https:\/\/agripedia.ch\/erosion\/wp-json\/wp\/v2\/media?parent=323"}],"curies":[{"name":"wp","href":"https:\/\/api.w.org\/{rel}","templated":true}]}}