{"id":316,"date":"2020-03-24T07:45:43","date_gmt":"2020-03-24T07:45:43","guid":{"rendered":"https:\/\/agripedia.ch\/erosion\/?page_id=316"},"modified":"2020-03-24T07:45:43","modified_gmt":"2020-03-24T07:45:43","slug":"chaulage","status":"publish","type":"page","link":"https:\/\/agripedia.ch\/erosion\/chaulage\/","title":{"rendered":"Chaulage"},"content":{"rendered":"<p><div class=\"fusion-fullwidth fullwidth-box fusion-builder-row-1 nonhundred-percent-fullwidth non-hundred-percent-height-scrolling\" style=\"--awb-border-radius-top-left:0px;--awb-border-radius-top-right:0px;--awb-border-radius-bottom-right:0px;--awb-border-radius-bottom-left:0px;--awb-flex-wrap:wrap;\" ><div class=\"fusion-builder-row fusion-row\"><div class=\"fusion-layout-column fusion_builder_column fusion-builder-column-0 fusion_builder_column_1_2 1_2 fusion-one-half fusion-column-first\" style=\"--awb-bg-size:cover;width:50%;width:calc(50% - ( ( 4% ) * 0.5 ) );margin-right: 4%;\"><div class=\"fusion-column-wrapper fusion-flex-column-wrapper-legacy\"><div class=\"fusion-title title fusion-title-1 fusion-sep-none fusion-title-center fusion-title-text fusion-title-size-three agri-erosion-boxtitle\"><h3 class=\"fusion-title-heading title-heading-center fusion-responsive-typography-calculated\" style=\"margin:0;--fontSize:30;line-height:1.5;\">Description<\/h3><\/div><div class=\"fusion-text fusion-text-1 agri-erosion-boxtext\"><p>Le chaulage am\u00e9liore les caract\u00e9ristiques physiques, chimiques et biologiques des sols par un effets indirects sur l\u2019am\u00e9lioration de la stabilit\u00e9 structurale et des capacit\u00e9s d\u2019infiltration de l\u2019eau.<\/p>\n<p>Description\u00a0: Apports de calcium pour favoriser l\u2019activit\u00e9 biologique et augmenter la stabilit\u00e9 structurale du sol.<\/p>\n<p>Principe<\/p>\n<ul>\n<li>Si sympt\u00f4mes de carences r\u00e9currents<\/li>\n<li>Chaulage n\u00e9cessaire sur un sol avec des ph\u00e9nom\u00e8nes de battance chronique.<\/li>\n<li>Avant de proc\u00e9der \u00e0 un chaulage, v\u00e9rifier le pH du sol. Informations compl\u00e8tes cf. Fiches techniques classeur \u00ab Grandes cultures \u00bb, AGRIDEA, pp. <a href=\"https:\/\/agripedia.ch\/erosion\/wp-content\/uploads\/sites\/10\/2019\/10\/FT_GC_19.41-42_Chaulage.pdf\" target=\"_blank\" rel=\"noopener noreferrer\">19.41<\/a> \u2013 <a href=\"https:\/\/agripedia.ch\/erosion\/wp-content\/uploads\/sites\/10\/2019\/10\/FT_GC_19.43-44_Chaulage.pdf\" target=\"_blank\" rel=\"noopener noreferrer\">19.44<\/a><\/li>\n<li>Chaulage sur sol ressuy\u00e9 pour \u00e9viter le tassement<\/li>\n<li>Pour les terres ouvertes, le chaulage se fait avant la mise en culture ou sur les chaumes. Pour les prairies et p\u00e2turages, il faut proc\u00e9der en fin de saison.<\/li>\n<\/ul>\n<p>Remarques<\/p>\n<ul>\n<li>Ne pas chauler avant une culture de tabac et 1 an avant la culture de la pomme de terre<\/li>\n<li>Ne pas chauler sur du fumier ou du lisier ou vice-versa (volatilisation de l\u2019azote ammoniacal).<\/li>\n<li>Si > 2.0 to CaO\/ ha, r\u00e9partir les apports sur minimum 2 \u00e0 4 ans<\/li>\n<li>Si chaulage d\u2019entretien, tous les 4 \u00e0 5 ans<\/li>\n<\/ul>\n<\/div><div class=\"fusion-clearfix\"><\/div><\/div><\/div><div class=\"fusion-layout-column fusion_builder_column fusion-builder-column-1 fusion_builder_column_1_2 1_2 fusion-one-half fusion-column-last\" style=\"--awb-bg-size:cover;width:50%;width:calc(50% - ( ( 4% ) * 0.5 ) );\"><div class=\"fusion-column-wrapper fusion-flex-column-wrapper-legacy\"><div class=\"fusion-video fusion-youtube agri-erosion-linkyoutube\" style=\"--awb-max-width:600px;--awb-max-height:360px;\"><div class=\"video-shortcode\"><div class=\"fluid-width-video-wrapper\" style=\"padding-top:60%;\" ><iframe title=\"YouTube video player 1\" src=\"https:\/\/www.youtube.com\/embed\/6huteuly_uM?wmode=transparent&autoplay=0\" width=\"600\" height=\"360\" allowfullscreen allow=\"autoplay; clipboard-write; encrypted-media; gyroscope; picture-in-picture;\"><\/iframe><\/div><\/div><\/div><div class=\"fusion-video fusion-youtube agri-erosion-linkyoutube\" style=\"--awb-max-width:600px;--awb-max-height:360px;\"><div class=\"video-shortcode\"><div class=\"fluid-width-video-wrapper\" style=\"padding-top:60%;\" ><iframe title=\"YouTube video player 2\" src=\"https:\/\/www.youtube.com\/embed\/wnDV76sjeLo?wmode=transparent&autoplay=0\" width=\"600\" height=\"360\" allowfullscreen allow=\"autoplay; clipboard-write; encrypted-media; gyroscope; picture-in-picture;\"><\/iframe><\/div><\/div><\/div><div class=\"fusion-clearfix\"><\/div><\/div><\/div><\/div><\/div><div class=\"fusion-fullwidth fullwidth-box fusion-builder-row-2 nonhundred-percent-fullwidth non-hundred-percent-height-scrolling\" style=\"--awb-border-radius-top-left:0px;--awb-border-radius-top-right:0px;--awb-border-radius-bottom-right:0px;--awb-border-radius-bottom-left:0px;--awb-flex-wrap:wrap;\" ><div class=\"fusion-builder-row fusion-row\"><div class=\"fusion-layout-column fusion_builder_column fusion-builder-column-2 fusion_builder_column_1_1 1_1 fusion-one-full fusion-column-first fusion-column-last\" style=\"--awb-bg-size:cover;\"><div class=\"fusion-column-wrapper fusion-flex-column-wrapper-legacy\"><div class=\"fusion-image-element fusion-image-align-center in-legacy-container\" style=\"text-align:center;--awb-max-width:700px;--awb-caption-title-font-family:var(--h2_typography-font-family);--awb-caption-title-font-weight:var(--h2_typography-font-weight);--awb-caption-title-font-style:var(--h2_typography-font-style);--awb-caption-title-size:var(--h2_typography-font-size);--awb-caption-title-transform:var(--h2_typography-text-transform);--awb-caption-title-line-height:var(--h2_typography-line-height);--awb-caption-title-letter-spacing:var(--h2_typography-letter-spacing);\"><div class=\"imageframe-align-center\"><span class=\" fusion-imageframe imageframe-none imageframe-1 hover-type-none agri-erosion-image\"><img decoding=\"async\" width=\"300\" height=\"141\" title=\"schema_Chaulage_CAH_CEC\" src=\"https:\/\/agripedia.ch\/erosion\/wp-content\/uploads\/sites\/10\/2020\/02\/schema_Chaulage_CAH_CEC-300x141.png\" alt class=\"img-responsive wp-image-399\" srcset=\"https:\/\/agripedia.ch\/erosion\/wp-content\/uploads\/sites\/10\/2020\/02\/schema_Chaulage_CAH_CEC-200x94.png 200w, https:\/\/agripedia.ch\/erosion\/wp-content\/uploads\/sites\/10\/2020\/02\/schema_Chaulage_CAH_CEC-400x188.png 400w, https:\/\/agripedia.ch\/erosion\/wp-content\/uploads\/sites\/10\/2020\/02\/schema_Chaulage_CAH_CEC-600x282.png 600w, https:\/\/agripedia.ch\/erosion\/wp-content\/uploads\/sites\/10\/2020\/02\/schema_Chaulage_CAH_CEC-800x376.png 800w, https:\/\/agripedia.ch\/erosion\/wp-content\/uploads\/sites\/10\/2020\/02\/schema_Chaulage_CAH_CEC-1200x564.png 1200w\" sizes=\"(max-width: 800px) 100vw, 300px\" \/><\/span><\/div><\/div><div class=\"fusion-clearfix\"><\/div><\/div><\/div><\/div><\/div><div class=\"fusion-fullwidth fullwidth-box fusion-builder-row-3 nonhundred-percent-fullwidth non-hundred-percent-height-scrolling\" style=\"--awb-border-radius-top-left:0px;--awb-border-radius-top-right:0px;--awb-border-radius-bottom-right:0px;--awb-border-radius-bottom-left:0px;--awb-flex-wrap:wrap;\" ><div class=\"fusion-builder-row fusion-row\"><div class=\"fusion-layout-column fusion_builder_column fusion-builder-column-3 fusion_builder_column_1_2 1_2 fusion-one-half fusion-column-first\" style=\"--awb-bg-size:cover;width:50%;width:calc(50% - ( ( 4% ) * 0.5 ) );margin-right: 4%;\"><div class=\"fusion-column-wrapper fusion-flex-column-wrapper-legacy\"><div class=\"fusion-title title fusion-title-2 fusion-sep-none fusion-title-center fusion-title-text fusion-title-size-three agri-erosion-boxtitle\"><h3 class=\"fusion-title-heading title-heading-center fusion-responsive-typography-calculated\" style=\"margin:0;--fontSize:30;line-height:1.5;\">Avantages<\/h3><\/div>\n<div class=\"table-1 agri-erosion-table\">\n<table style=\"height: 266px\" width=\"1137\">\n<tbody>\n<tr>\n<td align=\"left\">Floculation des argiles<\/td>\n<\/tr>\n<tr>\n<td align=\"left\">Augmente la stabilit\u00e9 structurale<\/td>\n<\/tr>\n<tr>\n<td align=\"left\">Meilleur disponibilit\u00e9 des macro et oligo-\u00e9l\u00e9ments<\/td>\n<\/tr>\n<tr>\n<td align=\"left\">Limite la cro\u00fbte de battance dans les sols limoneux<\/td>\n<\/tr>\n<tr>\n<td align=\"left\">Redresse le pH<\/td>\n<\/tr>\n<tr>\n<td align=\"left\">Limite la pr\u00e9sence du cation Al3+ dans le sol (pH inf\u00e9rieur \u00e0 5) qui est nocif pour la vie dans le sol<\/td>\n<\/tr>\n<tr>\n<td align=\"left\">Se compl\u00e8tent avec des nutriments annexes tels que magn\u00e9sium ou autres oligo-\u00e9l\u00e9ments (p.ex.: Bore)<\/td>\n<\/tr>\n<tr>\n<td align=\"left\">L\u2019utilisation de couvert v\u00e9g\u00e9taux pendant l\u2019interculture contribue \u00e0 limiter le ph\u00e9nom\u00e8ne d\u2019acidification du sol<\/td>\n<\/tr>\n<tr>\n<td align=\"left\">Limite la repousse de certaines adventices<\/td>\n<\/tr>\n<\/tbody>\n<\/table>\n<\/div>\n<div class=\"fusion-clearfix\"><\/div><\/div><\/div><div class=\"fusion-layout-column fusion_builder_column fusion-builder-column-4 fusion_builder_column_1_2 1_2 fusion-one-half fusion-column-last\" style=\"--awb-bg-size:cover;width:50%;width:calc(50% - ( ( 4% ) * 0.5 ) );\"><div class=\"fusion-column-wrapper fusion-flex-column-wrapper-legacy\"><div class=\"fusion-title title fusion-title-3 fusion-sep-none fusion-title-center fusion-title-text fusion-title-size-three agri-erosion-boxtitle\"><h3 class=\"fusion-title-heading title-heading-center fusion-responsive-typography-calculated\" style=\"margin:0;--fontSize:30;line-height:1.5;\">Risques<\/h3><\/div>\n<div class=\"table-1 agri-erosion-table\">\n<table width=\"100%\">\n<tbody>\n<tr>\n<td align=\"left\">Co\u00fbts important selon l&rsquo;amendement choisi<\/td>\n<\/tr>\n<tr>\n<td align=\"left\">Ne pas chauler avant une culture de tabac et 1 an avant la culture de la pomme de terre<\/td>\n<\/tr>\n<tr>\n<td align=\"left\">Ne pas chauler sur du fumier ou du lisier ou vice-versa (volatilisation de l\u2019azote ammoniacal).<\/td>\n<\/tr>\n<tr>\n<td align=\"left\">\u00c9viter de chauler chaque ann\u00e9e<\/td>\n<\/tr>\n<tr>\n<td align=\"left\">Augmentation du pH trop important si utilisation de chaux sur un sol qui n\u2019en a pas besoin peut bloquer certains \u00e9l\u00e9ments<\/td>\n<\/tr>\n<\/tbody>\n<\/table>\n<\/div>\n<div class=\"fusion-clearfix\"><\/div><\/div><\/div><\/div><\/div><div class=\"fusion-fullwidth fullwidth-box fusion-builder-row-4 nonhundred-percent-fullwidth non-hundred-percent-height-scrolling\" style=\"--awb-border-radius-top-left:0px;--awb-border-radius-top-right:0px;--awb-border-radius-bottom-right:0px;--awb-border-radius-bottom-left:0px;--awb-flex-wrap:wrap;\" ><div class=\"fusion-builder-row fusion-row\"><div class=\"fusion-layout-column fusion_builder_column fusion-builder-column-5 fusion_builder_column_1_2 1_2 fusion-one-half fusion-column-first\" style=\"--awb-bg-size:cover;width:50%;width:calc(50% - ( ( 4% ) * 0.5 ) );margin-right: 4%;\"><div class=\"fusion-column-wrapper fusion-flex-column-wrapper-legacy\"><div class=\"fusion-title title fusion-title-4 fusion-sep-none fusion-title-center fusion-title-text fusion-title-size-three agri-erosion-boxtitle\"><h3 class=\"fusion-title-heading title-heading-center fusion-responsive-typography-calculated\" style=\"margin:0;--fontSize:30;line-height:1.5;\">Contributions<\/h3><\/div><div class=\"fusion-text fusion-text-2 agri-erosion-boxtext\"><p>Aucune<\/p>\n<\/div><div class=\"fusion-clearfix\"><\/div><\/div><\/div><div class=\"fusion-layout-column fusion_builder_column fusion-builder-column-6 fusion_builder_column_1_2 1_2 fusion-one-half fusion-column-last\" style=\"--awb-bg-size:cover;width:50%;width:calc(50% - ( ( 4% ) * 0.5 ) );\"><div class=\"fusion-column-wrapper fusion-flex-column-wrapper-legacy\"><div class=\"fusion-title title fusion-title-5 fusion-sep-none fusion-title-center fusion-title-text fusion-title-size-three agri-erosion-boxtitle\"><h3 class=\"fusion-title-heading title-heading-center fusion-responsive-typography-calculated\" style=\"margin:0;--fontSize:30;line-height:1.5;\">Co\u00fbts<\/h3><\/div><div class=\"fusion-text fusion-text-3 agri-erosion-boxtext\"><p>Les prix des amendements varient entre CHF 2.70 et CHF 27.- les 100kg<\/p>\n<p>Des co\u00fbts suppl\u00e9mentaires peuvent \u00eatre dus \u00e0 l\u2019\u00e9pandage de chaux granul\u00e9e ou de dolomie dont le prix d\u2019achat est plus \u00e9lev\u00e9<\/p>\n<p>Les co\u00fbts sont consid\u00e9r\u00e9s comme moyens pour une efficacit\u00e9 moyenne<\/p>\n<\/div><div class=\"fusion-clearfix\"><\/div><\/div><\/div><\/div><\/div><div class=\"fusion-fullwidth fullwidth-box fusion-builder-row-5 nonhundred-percent-fullwidth non-hundred-percent-height-scrolling\" style=\"--awb-border-radius-top-left:0px;--awb-border-radius-top-right:0px;--awb-border-radius-bottom-right:0px;--awb-border-radius-bottom-left:0px;--awb-flex-wrap:wrap;\" ><div class=\"fusion-builder-row fusion-row\"><div class=\"fusion-layout-column fusion_builder_column fusion-builder-column-7 fusion_builder_column_1_1 1_1 fusion-one-full fusion-column-first fusion-column-last\" style=\"--awb-bg-size:cover;\"><div class=\"fusion-column-wrapper fusion-flex-column-wrapper-legacy\"><div class=\"accordian fusion-accordian agri-erosion-toggles\" style=\"--awb-border-size:1px;--awb-icon-size:13px;--awb-content-font-size:18px;--awb-icon-alignment:left;--awb-hover-color:#f9f9f9;--awb-border-color:#cccccc;--awb-background-color:#ffffff;--awb-divider-color:#e0dede;--awb-divider-hover-color:#e0dede;--awb-icon-color:#ffffff;--awb-title-color:#f44336;--awb-content-color:#0f0f0f;--awb-icon-box-color:#7a7a7a;--awb-toggle-hover-accent-color:#000000;--awb-title-font-family:&quot;Roboto&quot;;--awb-title-font-weight:700;--awb-title-font-style:normal;--awb-title-line-height:1.5;--awb-content-font-family:&quot;Roboto&quot;;--awb-content-font-style:normal;--awb-content-font-weight:300;\"><div class=\"panel-group fusion-toggle-icon-boxed\" id=\"accordion-316-1\"><div class=\"fusion-panel panel-default panel-ddb2054da12757064 fusion-toggle-has-divider\"><div class=\"panel-heading\"><h4 class=\"panel-title toggle\" id=\"toggle_ddb2054da12757064\"><a aria-expanded=\"false\" aria-controls=\"ddb2054da12757064\" role=\"button\" data-toggle=\"collapse\" data-parent=\"#accordion-316-1\" data-target=\"#ddb2054da12757064\" href=\"#ddb2054da12757064\"><span class=\"fusion-toggle-icon-wrapper\" aria-hidden=\"true\"><i class=\"fa-fusion-box active-icon awb-icon-minus\" aria-hidden=\"true\"><\/i><i class=\"fa-fusion-box inactive-icon awb-icon-plus\" aria-hidden=\"true\"><\/i><\/span><span class=\"fusion-toggle-heading\">Liens<\/span><\/a><\/h4><\/div><div id=\"ddb2054da12757064\" class=\"panel-collapse collapse \" aria-labelledby=\"toggle_ddb2054da12757064\"><div class=\"panel-body toggle-content fusion-clearfix\">\n<p>Document de Landor sur <a href=\"https:\/\/www.landor.ch\/fileadmin\/user_upload\/Dowloads\/Flyer_und_andere_Downloads\/Flyer_A5_Kalk_FR_web.pdf\" target=\"_blank\" rel=\"noopener noreferrer\">le chaulage <\/a><\/p>\n<p>Article d\u2019ARVALIS sur <a href=\"https:\/\/www.arvalis-infos.fr\/le-chaulage-depend-du-besoin-de-corriger-plus-ou-moins-rapidement-le-ph-acide-d-une-parcelle-@\/view-24052-arvarticle.html\" target=\"_blank\" rel=\"noopener noreferrer\">la d\u00e9cision du chaulage<\/a><\/p>\n<p>Fiche technique <a href=\"https:\/\/agripedia.ch\/erosion\/wp-content\/uploads\/sites\/10\/2019\/10\/FT_GC_19.41-42_Chaulage.pdf\" target=\"_blank\" rel=\"noopener noreferrer\">19.41-42 Chaulage<\/a> et <a href=\"https:\/\/agripedia.ch\/erosion\/wp-content\/uploads\/sites\/10\/2019\/10\/FT_GC_19.43-44_Chaulage.pdf\" target=\"_blank\" rel=\"noopener noreferrer\">19.43-44 Chaulage<\/a> du classeur \u00abGrande Culture\u00bb, AGRIDEA<\/p>\n<\/div><\/div><\/div><\/div><\/div><div class=\"fusion-clearfix\"><\/div><\/div><\/div><\/div><\/div><div class=\"fusion-fullwidth fullwidth-box fusion-builder-row-6 nonhundred-percent-fullwidth non-hundred-percent-height-scrolling\" style=\"--awb-border-radius-top-left:0px;--awb-border-radius-top-right:0px;--awb-border-radius-bottom-right:0px;--awb-border-radius-bottom-left:0px;--awb-flex-wrap:wrap;\" ><div class=\"fusion-builder-row fusion-row\"><div class=\"fusion-layout-column fusion_builder_column fusion-builder-column-8 fusion_builder_column_1_2 1_2 fusion-one-half fusion-column-first\" style=\"--awb-bg-size:cover;width:50%;width:calc(50% - ( ( 4% ) * 0.5 ) );margin-right: 4%;\"><div class=\"fusion-column-wrapper fusion-flex-column-wrapper-legacy\"><div class=\"fusion-button-wrapper\"><a class=\"fusion-button button-flat fusion-button-default-size button-default fusion-button-default button-1 fusion-button-default-span fusion-button-default-type agri-erosion-button-page-back\" target=\"_self\" href=\"https:\/\/agripedia.ch\/erosion\/fr\/?page_id=91&amp;preview=true\"><span class=\"fusion-button-text awb-button__text awb-button__text--default\">Retour au menu principal<\/span><\/a><\/div><div class=\"fusion-clearfix\"><\/div><\/div><\/div><div class=\"fusion-layout-column fusion_builder_column fusion-builder-column-9 fusion_builder_column_1_2 1_2 fusion-one-half fusion-column-last\" style=\"--awb-bg-size:cover;width:50%;width:calc(50% - ( ( 4% ) * 0.5 ) );\"><div class=\"fusion-column-wrapper fusion-flex-column-wrapper-legacy\"><div class=\"fusion-button-wrapper\"><a class=\"fusion-button button-flat fusion-button-default-size button-default fusion-button-default button-2 fusion-button-default-span fusion-button-default-type agri-erosion-button-page-next\" target=\"_self\" href=\"https:\/\/agripedia.ch\/erosion\/fr\/?page_id=310&amp;preview=true\"><span class=\"fusion-button-text awb-button__text awb-button__text--default\">Suivant<\/span><\/a><\/div><div class=\"fusion-clearfix\"><\/div><\/div><\/div><\/div><\/div><\/p>\n","protected":false},"excerpt":{"rendered":"","protected":false},"author":44,"featured_media":0,"parent":0,"menu_order":0,"comment_status":"closed","ping_status":"closed","template":"","meta":{"_sb_is_suggestion_mode":false,"_sb_show_suggestion_boards":false,"_sb_show_comment_boards":false,"_sb_suggestion_history":"","_sb_update_block_changes":"","_monsterinsights_skip_tracking":false,"_monsterinsights_sitenote_active":false,"_monsterinsights_sitenote_note":"","_monsterinsights_sitenote_category":0,"footnotes":""},"class_list":["post-316","page","type-page","status-publish","hentry"],"_links":{"self":[{"href":"https:\/\/agripedia.ch\/erosion\/wp-json\/wp\/v2\/pages\/316","targetHints":{"allow":["GET"]}}],"collection":[{"href":"https:\/\/agripedia.ch\/erosion\/wp-json\/wp\/v2\/pages"}],"about":[{"href":"https:\/\/agripedia.ch\/erosion\/wp-json\/wp\/v2\/types\/page"}],"author":[{"embeddable":true,"href":"https:\/\/agripedia.ch\/erosion\/wp-json\/wp\/v2\/users\/44"}],"replies":[{"embeddable":true,"href":"https:\/\/agripedia.ch\/erosion\/wp-json\/wp\/v2\/comments?post=316"}],"version-history":[{"count":31,"href":"https:\/\/agripedia.ch\/erosion\/wp-json\/wp\/v2\/pages\/316\/revisions"}],"predecessor-version":[{"id":1096,"href":"https:\/\/agripedia.ch\/erosion\/wp-json\/wp\/v2\/pages\/316\/revisions\/1096"}],"wp:attachment":[{"href":"https:\/\/agripedia.ch\/erosion\/wp-json\/wp\/v2\/media?parent=316"}],"curies":[{"name":"wp","href":"https:\/\/api.w.org\/{rel}","templated":true}]}}