{"id":310,"date":"2020-03-24T07:44:51","date_gmt":"2020-03-24T07:44:51","guid":{"rendered":"https:\/\/agripedia.ch\/erosion\/?page_id=310"},"modified":"2020-05-28T14:27:52","modified_gmt":"2020-05-28T14:27:52","slug":"amendements-organiques","status":"publish","type":"page","link":"https:\/\/agripedia.ch\/erosion\/amendements-organiques\/","title":{"rendered":"Amendements organiques"},"content":{"rendered":"<p><div class=\"fusion-fullwidth fullwidth-box fusion-builder-row-1 agri-erosion-container nonhundred-percent-fullwidth non-hundred-percent-height-scrolling\" style=\"--awb-border-radius-top-left:0px;--awb-border-radius-top-right:0px;--awb-border-radius-bottom-right:0px;--awb-border-radius-bottom-left:0px;--awb-flex-wrap:wrap;\" ><div class=\"fusion-builder-row fusion-row\"><div class=\"fusion-layout-column fusion_builder_column fusion-builder-column-0 fusion_builder_column_1_1 1_1 fusion-one-full fusion-column-first fusion-column-last agri-erosion-column\" style=\"--awb-bg-size:cover;\"><div class=\"fusion-column-wrapper fusion-flex-column-wrapper-legacy\"><div class=\"fusion-title title fusion-title-1 fusion-sep-none fusion-title-center fusion-title-text fusion-title-size-three agri-erosion-boxtitle\"><h3 class=\"fusion-title-heading title-heading-center fusion-responsive-typography-calculated\" style=\"margin:0;--fontSize:30;line-height:1.5;\">Description<\/h3><\/div><div class=\"fusion-text fusion-text-1 agri-erosion-boxtext\"><p>Les amendements organiques sont d\u2019origine naturelle issue des v\u00e9g\u00e9taux, de d\u00e9jections animales et du compostage de d\u00e9chets. Ils permettent d\u2019augmenter et de renforcer sur le long terme les propri\u00e9t\u00e9s physiques (stabilit\u00e9 structurale, porosit\u00e9s), les propri\u00e9t\u00e9s biologiques (bact\u00e9ries, champignons, vers de terre) et les propri\u00e9t\u00e9s chimiques (mati\u00e8re organique et \u00e9l\u00e9ments min\u00e9raux) du sol. Ils apportent des \u00e9l\u00e9ments nutritifs de mani\u00e8re plus diffuse par rapport \u00e0 un engrais. Les amendements organiques sont apport\u00e9s en grande quantit\u00e9 par \u00e9pandage sur le sol.<\/p>\n<p>L\u2019engrais organique ou min\u00e9rale est un fertilisant amenant des \u00e9l\u00e9ments nutritifs utiles (N, P, K, etc.) \u00e0 une culture pour acc\u00e9l\u00e9rer ou favoriser la pousse d\u2019un v\u00e9g\u00e9tal et pour am\u00e9liorer la floraison. L\u2019effet est plus ou moins rapide suivant son origine organique ou min\u00e9rale.<\/p>\n<p>Quelques amendements organiques, comme le fumier et le compost, vont avoir un r\u00f4le de fertilisant comme les engrais en plus de l\u2019effet sur le long terme.<\/p>\n<\/div>\n<div class=\"table-1 agri-erosion-table\">\n<table width=\"100%\">\n<thead>\n<tr>\n<th align=\"left\">Nom du produit<\/th>\n<th align=\"left\">Mati\u00e8re s\u00e8che %<\/th>\n<th align=\"left\">C\/N*<\/th>\n<th align=\"left\">Type de MO<\/th>\n<\/tr>\n<\/thead>\n<tbody>\n<tr>\n<td align=\"left\">Fumier de bovins bach\u00e9<\/td>\n<td align=\"left\">25<\/td>\n<td align=\"left\">16 \u00e0 20<\/td>\n<td align=\"left\">Stable<\/td>\n<\/tr>\n<\/tbody>\n<tbody>\n<tr>\n<td align=\"left\">Compost de fumier de bovins bach\u00e9<\/td>\n<td align=\"left\">50<\/td>\n<td align=\"left\">16 \u00e0 20<\/td>\n<td align=\"left\">Stable<\/td>\n<\/tr>\n<\/tbody>\n<tbody>\n<tr>\n<td align=\"left\">Compost de fumier de volaille<\/td>\n<td align=\"left\">50<\/td>\n<td align=\"left\">5.6<\/td>\n<td align=\"left\">Labile<\/td>\n<\/tr>\n<\/tbody>\n<tbody>\n<tr>\n<td align=\"left\">Farine d&rsquo;os<\/td>\n<td align=\"left\">90<\/td>\n<td align=\"left\">4<\/td>\n<td align=\"left\">Labile<\/td>\n<\/tr>\n<\/tbody>\n<\/table>\n<p>*nombre de mol\u00e9cules de carbone pour une mol\u00e9cule d&rsquo;azote<br \/>\n(source : <a href=\"https:\/\/pays-de-la-loire.chambres-agriculture.fr\/fileadmin\/user_upload\/Pays_de_la_Loire\/022_Inst-Pays-de-la-loire\/RUBR-RD-innovation\/Productions-vegetales\/2017_ATV49_fiche_ENGRAIS_et_AMENDEMENTS.pdf\">Chambre de l&rsquo;agriculture du pays de la Loire<\/a>)<\/p>\n<\/div>\n<div class=\"fusion-text fusion-text-2 agri-erosion-boxtext\"><p>Pour le choix d\u2019un amendement organique il faut regarder son C\/N afin de d\u00e9terminer lequel choisir en fonction de la situation. Un C\/N bas (inf\u00e9rieur \u00e0 15) apportera de la mati\u00e8re organique labile c\u2019est-\u00e0-dire facilement d\u00e9gradable mais \u00e7a ne permettra pas d\u2019augmenter la MO sur le long terme. Un C\/N haut (sup\u00e9rieur \u00e0 15) apportera de la mati\u00e8re organique stable c\u2019est-\u00e0-dire plus difficilement d\u00e9gradable, elle restera stable sur un plus long terme. Avec un C\/N \u00e9lev\u00e9, il y a un fort risque d\u2019avoir une faim d\u2019azote l\u2019ann\u00e9e de l\u2019\u00e9pandage.<\/p>\n<p>Le taux d\u2019azote est aussi important. L\u2019azote facilement assimilable peut aller de 0 \u00e0 80% suivant les amendements . Le reste de l\u2019azote est pr\u00e9sent sous forme organique qu\u2019il faut min\u00e9raliser pour le rendre assimilable par la plante.<\/p>\n<p>Il faut \u00e9galement conna\u00eetre la dynamique de min\u00e9ralisation de l\u2019amendement afin d\u2019optimiser la gestion de la fertilisation. Seul des analyses permettent de d\u00e9terminer les caract\u00e9ristiques r\u00e9elles du produit. Pour se faire, il existe un indice de stabilit\u00e9 de la mati\u00e8re organique (ISMO) qui permet d\u2019appr\u00e9hender le potentiel humig\u00e8ne des produits organiques. Cet indice est exprim\u00e9 en % de la mati\u00e8re organique. La valeur peut aller de 20 \u00e0 80 %. Si on prend un indice de 20, cela veut dire que pour 100 kg de MO peuvent potentiellement \u00eatre produits 20 kg d\u2019humus stable.<\/p>\n<p>Pour aller plus loin : <a href=\"http:\/\/www.agro-transfert-rt.org\/wp-content\/uploads\/2017\/01\/Fiche-engrais-organiques.pdf\" target=\"_blank\" rel=\"noopener noreferrer\">Article sur engrais organique<\/a> r\u00e9dig\u00e9 par Agro transfert; <a href=\"https:\/\/occitanie.chambre-agriculture.fr\/fileadmin\/user_upload\/National\/FAL_commun\/publications\/Occitanie\/GuidePO_Tome1_chapitre_5.pdf\" target=\"_blank\" rel=\"noopener noreferrer\">Article sur l\u2019indice de stabilit\u00e9 de la mati\u00e8re organique (ISMO)<\/a> (p.69)<\/p>\n<\/div><div class=\"fusion-clearfix\"><\/div><\/div><\/div><div class=\"fusion-layout-column fusion_builder_column fusion-builder-column-1 fusion_builder_column_1_1 1_1 fusion-one-full fusion-column-first fusion-column-last agri-erosion-column\" style=\"--awb-bg-size:cover;\"><div class=\"fusion-column-wrapper fusion-flex-column-wrapper-legacy\"><div class=\"fusion-video fusion-youtube agri-erosion-linkyoutube\" style=\"--awb-max-width:600px;--awb-max-height:360px;\"><div class=\"video-shortcode\"><div class=\"fluid-width-video-wrapper\" style=\"padding-top:60%;\" ><iframe title=\"YouTube video player 1\" src=\"https:\/\/www.youtube.com\/embed\/0WkzORpUh_s?wmode=transparent&autoplay=0\" width=\"600\" height=\"360\" allowfullscreen allow=\"autoplay; clipboard-write; encrypted-media; gyroscope; picture-in-picture;\"><\/iframe><\/div><\/div><\/div><div class=\"fusion-clearfix\"><\/div><\/div><\/div><\/div><\/div><div class=\"fusion-fullwidth fullwidth-box fusion-builder-row-2 agri-erosion-container nonhundred-percent-fullwidth non-hundred-percent-height-scrolling\" style=\"--awb-border-radius-top-left:0px;--awb-border-radius-top-right:0px;--awb-border-radius-bottom-right:0px;--awb-border-radius-bottom-left:0px;--awb-flex-wrap:wrap;\" ><div class=\"fusion-builder-row fusion-row\"><div class=\"fusion-layout-column fusion_builder_column fusion-builder-column-2 fusion_builder_column_1_2 1_2 fusion-one-half fusion-column-first agri-erosion-column\" style=\"--awb-bg-size:cover;width:50%;width:calc(50% - ( ( 4% ) * 0.5 ) );margin-right: 4%;\"><div class=\"fusion-column-wrapper fusion-flex-column-wrapper-legacy\"><div class=\"fusion-title title fusion-title-2 fusion-sep-none fusion-title-center fusion-title-text fusion-title-size-three agri-erosion-boxtitle\"><h3 class=\"fusion-title-heading title-heading-center fusion-responsive-typography-calculated\" style=\"margin:0;--fontSize:30;line-height:1.5;\">Avantages<\/h3><\/div>\n<div class=\"table-1 agri-erosion-table\">\n<table width=\"100%\">\n<tbody>\n<tr>\n<td align=\"left\">Apport de mati\u00e8re organique<\/td>\n<\/tr>\n<tr>\n<td align=\"left\">Augmentation de la vie du sol<\/td>\n<\/tr>\n<tr>\n<td align=\"left\">Augmentation de la porosit\u00e9 du sol<\/td>\n<\/tr>\n<tr>\n<td align=\"left\">Plus grande r\u00e9tention en eau<\/td>\n<\/tr>\n<tr>\n<td align=\"left\">Am\u00e9lioration de la stabilit\u00e9 structurale<\/td>\n<\/tr>\n<\/tbody>\n<\/table>\n<\/div>\n<div class=\"fusion-clearfix\"><\/div><\/div><\/div><div class=\"fusion-layout-column fusion_builder_column fusion-builder-column-3 fusion_builder_column_1_2 1_2 fusion-one-half fusion-column-last agri-erosion-column\" style=\"--awb-bg-size:cover;width:50%;width:calc(50% - ( ( 4% ) * 0.5 ) );\"><div class=\"fusion-column-wrapper fusion-flex-column-wrapper-legacy\"><div class=\"fusion-title title fusion-title-3 fusion-sep-none fusion-title-center fusion-title-text fusion-title-size-three agri-erosion-boxtitle\"><h3 class=\"fusion-title-heading title-heading-center fusion-responsive-typography-calculated\" style=\"margin:0;--fontSize:30;line-height:1.5;\">Risques<\/h3><\/div>\n<div class=\"table-1 agri-erosion-table\">\n<table width=\"100%\">\n<tbody>\n<tr>\n<td align=\"left\">Faim d\u2019azote si le C\/N est trop \u00e9lev\u00e9<\/td>\n<\/tr>\n<tr>\n<td align=\"left\">Suivant la qualit\u00e9 des composts des \u00c9l\u00e9ments Traces M\u00e9talliques (ETM) ou des r\u00e9sidus de plastiques peuvent se retrouver dedans.<\/td>\n<\/tr>\n<tr>\n<td align=\"left\">Le compostage au bord champ convient pour de petite quantit\u00e9 (<a href=\"http:\/\/www.biophyt.ch\/documents\/compostage_en_%20bord_de_%20champ_2005.pdf\" target=\"_blank\" rel=\"noopener noreferrer\">500 \u00e0 600 tonnes par ann\u00e9e selon biophyt SA<\/a>), sous certaines conditions<\/td>\n<\/tr>\n<\/tbody>\n<\/table>\n<p>&nbsp;<\/p>\n<p>&nbsp;<\/p>\n<p>&nbsp;<\/p>\n<\/div>\n<div class=\"fusion-clearfix\"><\/div><\/div><\/div><\/div><\/div><div class=\"fusion-fullwidth fullwidth-box fusion-builder-row-3 agri-erosion-container nonhundred-percent-fullwidth non-hundred-percent-height-scrolling\" style=\"--awb-border-radius-top-left:0px;--awb-border-radius-top-right:0px;--awb-border-radius-bottom-right:0px;--awb-border-radius-bottom-left:0px;--awb-flex-wrap:wrap;\" ><div class=\"fusion-builder-row fusion-row\"><div class=\"fusion-layout-column fusion_builder_column fusion-builder-column-4 fusion_builder_column_1_2 1_2 fusion-one-half fusion-column-first agri-erosion-column\" style=\"--awb-bg-size:cover;width:50%;width:calc(50% - ( ( 4% ) * 0.5 ) );margin-right: 4%;\"><div class=\"fusion-column-wrapper fusion-flex-column-wrapper-legacy\"><div class=\"fusion-title title fusion-title-4 fusion-sep-none fusion-title-center fusion-title-text fusion-title-size-three agri-erosion-boxtitle\"><h3 class=\"fusion-title-heading title-heading-center fusion-responsive-typography-calculated\" style=\"margin:0;--fontSize:30;line-height:1.5;\">Contributions<\/h3><\/div><div class=\"fusion-text fusion-text-3 agri-erosion-boxtext\"><p>Aucune<\/p>\n<\/div><div class=\"fusion-clearfix\"><\/div><\/div><\/div><div class=\"fusion-layout-column fusion_builder_column fusion-builder-column-5 fusion_builder_column_1_2 1_2 fusion-one-half fusion-column-last agri-erosion-column\" style=\"--awb-bg-size:cover;width:50%;width:calc(50% - ( ( 4% ) * 0.5 ) );\"><div class=\"fusion-column-wrapper fusion-flex-column-wrapper-legacy\"><div class=\"fusion-title title fusion-title-5 fusion-sep-none fusion-title-center fusion-title-text fusion-title-size-three agri-erosion-boxtitle\"><h3 class=\"fusion-title-heading title-heading-center fusion-responsive-typography-calculated\" style=\"margin:0;--fontSize:30;line-height:1.5;\">Co\u00fbts<\/h3><\/div><div class=\"fusion-text fusion-text-4 agri-erosion-boxtext\"><p>Co\u00fbts bas pour une efficacit\u00e9 \u00e9lev\u00e9e<\/p>\n<\/div><div class=\"fusion-clearfix\"><\/div><\/div><\/div><\/div><\/div><div class=\"fusion-fullwidth fullwidth-box fusion-builder-row-4 agri-erosion-container nonhundred-percent-fullwidth non-hundred-percent-height-scrolling\" style=\"--awb-border-radius-top-left:0px;--awb-border-radius-top-right:0px;--awb-border-radius-bottom-right:0px;--awb-border-radius-bottom-left:0px;--awb-flex-wrap:wrap;\" ><div class=\"fusion-builder-row fusion-row\"><div class=\"fusion-layout-column fusion_builder_column fusion-builder-column-6 fusion_builder_column_1_1 1_1 fusion-one-full fusion-column-first fusion-column-last agri-erosion-column\" style=\"--awb-bg-size:cover;\"><div class=\"fusion-column-wrapper fusion-flex-column-wrapper-legacy\"><div class=\"accordian fusion-accordian agri-erosion-toggles\" style=\"--awb-border-size:1px;--awb-icon-size:13px;--awb-content-font-size:18px;--awb-icon-alignment:left;--awb-hover-color:#f9f9f9;--awb-border-color:#cccccc;--awb-background-color:#ffffff;--awb-divider-color:#e0dede;--awb-divider-hover-color:#e0dede;--awb-icon-color:#ffffff;--awb-title-color:#f44336;--awb-content-color:#0f0f0f;--awb-icon-box-color:#7a7a7a;--awb-toggle-hover-accent-color:#000000;--awb-title-font-family:&quot;Roboto&quot;;--awb-title-font-weight:700;--awb-title-font-style:normal;--awb-title-line-height:1.5;--awb-content-font-family:&quot;Roboto&quot;;--awb-content-font-style:normal;--awb-content-font-weight:300;\"><div class=\"panel-group fusion-toggle-icon-boxed\" id=\"accordion-310-1\"><div class=\"fusion-panel panel-default panel-14c0c9aee7f86ee04 fusion-toggle-has-divider\"><div class=\"panel-heading\"><h4 class=\"panel-title toggle\" id=\"toggle_14c0c9aee7f86ee04\"><a aria-expanded=\"false\" aria-controls=\"14c0c9aee7f86ee04\" role=\"button\" data-toggle=\"collapse\" data-parent=\"#accordion-310-1\" data-target=\"#14c0c9aee7f86ee04\" href=\"#14c0c9aee7f86ee04\"><span class=\"fusion-toggle-icon-wrapper\" aria-hidden=\"true\"><i class=\"fa-fusion-box active-icon awb-icon-minus\" aria-hidden=\"true\"><\/i><i class=\"fa-fusion-box inactive-icon awb-icon-plus\" aria-hidden=\"true\"><\/i><\/span><span class=\"fusion-toggle-heading\">Liens<\/span><\/a><\/h4><\/div><div id=\"14c0c9aee7f86ee04\" class=\"panel-collapse collapse \" aria-labelledby=\"toggle_14c0c9aee7f86ee04\"><div class=\"panel-body toggle-content fusion-clearfix\">\n<p>Notice de <a href=\"https:\/\/agripedia.ch\/erosion\/wp-content\/uploads\/sites\/10\/2019\/10\/AGR-10_compostage_bord_champ.pdf\" target=\"_blank\" rel=\"noopener noreferrer\">compostage bord champ<\/a> du D\u00e9partement f\u00e9d\u00e9ral de l\u2019environnement, des transports, de l\u2019\u00e9nergie et de la communication DETEC<\/p>\n<p>Se r\u00e9f\u00e9rer aux directives cantonales pour plus de pr\u00e9cision sur les conditions de r\u00e9alisation de compost<\/p>\n<p>La chambre de l\u2019agriculture de l\u2019occitanie a \u00e9dit\u00e9 un <a href=\"https:\/\/occitanie.chambre-agriculture.fr\/fileadmin\/user_upload\/National\/FAL_commun\/publications\/Occitanie\/GuidePO_Tome1_chapitre_5.pdf\" target=\"_blank\" rel=\"noopener noreferrer\">guide sur les produits organiques<\/a>.<\/p>\n<\/div><\/div><\/div><\/div><\/div><div class=\"fusion-clearfix\"><\/div><\/div><\/div><\/div><\/div><div class=\"fusion-fullwidth fullwidth-box fusion-builder-row-5 agri-erosion-container nonhundred-percent-fullwidth non-hundred-percent-height-scrolling\" style=\"--awb-border-radius-top-left:0px;--awb-border-radius-top-right:0px;--awb-border-radius-bottom-right:0px;--awb-border-radius-bottom-left:0px;--awb-flex-wrap:wrap;\" ><div class=\"fusion-builder-row fusion-row\"><div class=\"fusion-layout-column fusion_builder_column fusion-builder-column-7 fusion_builder_column_1_2 1_2 fusion-one-half fusion-column-first agri-erosion-column\" style=\"--awb-bg-size:cover;width:50%;width:calc(50% - ( ( 4% ) * 0.5 ) );margin-right: 4%;\"><div class=\"fusion-column-wrapper fusion-flex-column-wrapper-legacy\"><div class=\"fusion-button-wrapper\"><a class=\"fusion-button button-flat fusion-button-default-size button-default fusion-button-default button-1 fusion-button-default-span fusion-button-default-type agri-erosion-button-page-back\" target=\"_self\" href=\"https:\/\/agripedia.ch\/erosion\/fr\/?page_id=316&amp;preview=true\"><span class=\"fusion-button-text awb-button__text awb-button__text--default\">Pr\u00e9c\u00e9dent<\/span><\/a><\/div><div class=\"fusion-clearfix\"><\/div><\/div><\/div><div class=\"fusion-layout-column fusion_builder_column fusion-builder-column-8 fusion_builder_column_1_2 1_2 fusion-one-half fusion-column-last agri-erosion-column\" style=\"--awb-bg-size:cover;width:50%;width:calc(50% - ( ( 4% ) * 0.5 ) );\"><div class=\"fusion-column-wrapper fusion-flex-column-wrapper-legacy\"><div class=\"fusion-alignright\"><a class=\"fusion-button button-flat fusion-button-default-size button-default fusion-button-default button-2 fusion-button-default-span fusion-button-default-type agri-erosion-button-page-next\" target=\"_self\" href=\"https:\/\/agripedia.ch\/erosion\/fr\/?page_id=91&amp;preview=true\"><span class=\"fusion-button-text awb-button__text awb-button__text--default\">Retour au menu principal<\/span><\/a><\/div><div class=\"fusion-clearfix\"><\/div><\/div><\/div><\/div><\/div><\/p>\n","protected":false},"excerpt":{"rendered":"","protected":false},"author":44,"featured_media":0,"parent":0,"menu_order":0,"comment_status":"closed","ping_status":"closed","template":"","meta":{"_sb_is_suggestion_mode":false,"_sb_show_suggestion_boards":false,"_sb_show_comment_boards":false,"_sb_suggestion_history":"","_sb_update_block_changes":"","_monsterinsights_skip_tracking":false,"_monsterinsights_sitenote_active":false,"_monsterinsights_sitenote_note":"","_monsterinsights_sitenote_category":0,"footnotes":""},"class_list":["post-310","page","type-page","status-publish","hentry"],"_links":{"self":[{"href":"https:\/\/agripedia.ch\/erosion\/wp-json\/wp\/v2\/pages\/310","targetHints":{"allow":["GET"]}}],"collection":[{"href":"https:\/\/agripedia.ch\/erosion\/wp-json\/wp\/v2\/pages"}],"about":[{"href":"https:\/\/agripedia.ch\/erosion\/wp-json\/wp\/v2\/types\/page"}],"author":[{"embeddable":true,"href":"https:\/\/agripedia.ch\/erosion\/wp-json\/wp\/v2\/users\/44"}],"replies":[{"embeddable":true,"href":"https:\/\/agripedia.ch\/erosion\/wp-json\/wp\/v2\/comments?post=310"}],"version-history":[{"count":21,"href":"https:\/\/agripedia.ch\/erosion\/wp-json\/wp\/v2\/pages\/310\/revisions"}],"predecessor-version":[{"id":1291,"href":"https:\/\/agripedia.ch\/erosion\/wp-json\/wp\/v2\/pages\/310\/revisions\/1291"}],"wp:attachment":[{"href":"https:\/\/agripedia.ch\/erosion\/wp-json\/wp\/v2\/media?parent=310"}],"curies":[{"name":"wp","href":"https:\/\/api.w.org\/{rel}","templated":true}]}}