{"id":305,"date":"2020-02-25T10:33:26","date_gmt":"2020-02-25T10:33:26","guid":{"rendered":"https:\/\/agripedia.ch\/erosion\/?page_id=305"},"modified":"2020-05-28T14:36:57","modified_gmt":"2020-05-28T14:36:57","slug":"pailles-et-mulchs","status":"publish","type":"page","link":"https:\/\/agripedia.ch\/erosion\/pailles-et-mulchs\/","title":{"rendered":"Pailles et mulchs"},"content":{"rendered":"<p><div class=\"fusion-fullwidth fullwidth-box fusion-builder-row-1 agri-erosion-container nonhundred-percent-fullwidth non-hundred-percent-height-scrolling\" style=\"--awb-border-radius-top-left:0px;--awb-border-radius-top-right:0px;--awb-border-radius-bottom-right:0px;--awb-border-radius-bottom-left:0px;--awb-flex-wrap:wrap;\" ><div class=\"fusion-builder-row fusion-row\"><div class=\"fusion-layout-column fusion_builder_column fusion-builder-column-0 fusion_builder_column_1_1 1_1 fusion-one-full fusion-column-first fusion-column-last agri-erosion-column\" style=\"--awb-bg-size:cover;\"><div class=\"fusion-column-wrapper fusion-flex-column-wrapper-legacy\"><div class=\"fusion-title title fusion-title-1 fusion-sep-none fusion-title-center fusion-title-text fusion-title-size-three agri-erosion-boxtitle\"><h3 class=\"fusion-title-heading title-heading-center fusion-responsive-typography-calculated\" style=\"margin:0;--fontSize:30;line-height:1.5;\">Description<\/h3><\/div><div class=\"fusion-text fusion-text-1 agri-erosion-boxtext\"><p>Protection de la structure du sol contre les pluies.<\/p>\n<p>Apport d\u2019une couche de mati\u00e8re organique (paille de c\u00e9r\u00e9ales et d\u2019herbes diverses, \u00e9corces, d\u00e9bris v\u00e9g\u00e9taux, fumier de bovins ou \u00e9quid\u00e9s, BRF avant semis\/plantations, apr\u00e8s r\u00e9colte)<\/p>\n<p>Principe<\/p>\n<ul>\n<li>Le paillis permet de r\u00e9guler les \u00e9carts de temp\u00e9rature du sol (jour\/nuit), en favorisant le maintien de la chaleur dans le sol au printemps et en automne, et au contraire en maintenant une certaine fra\u00eecheur et en limitant les \u00e9carts de temp\u00e9rature pendant la saison estivale chaude<\/li>\n<li>Il permet ma\u00eetriser le d\u00e9veloppement des adventices en interceptant le rayonnement solaire n\u00e9cessaire \u00e0 la germination<\/li>\n<li>L\u2019\u00e9vaporation de l\u2019eau est ralentie et l\u2019humidit\u00e9 est maintenue dans le sol, par une barri\u00e8re limitant la d\u00e9shydratation induite par le vent et le soleil qui acc\u00e9l\u00e8rent l\u2019\u00e9vaporation<\/li>\n<li>La structure du sol est am\u00e9lior\u00e9e et permet de limiter la battance du sol (ce qui diminue le besoin de sarclage et binage)<\/li>\n<li>Le paillage am\u00e8ne au sol de la mati\u00e8re organique et en nutriments gr\u00e2ce \u00e0 la d\u00e9gradation du mat\u00e9riau (s\u2019il est biod\u00e9gradable). La d\u00e9gradation va augmenter la pr\u00e9sence de la microfaune utile sol<\/li>\n<li>Pour certaines cultures, les conditions de culture sont am\u00e9lior\u00e9es, en procurant une surface propre et s\u00e8che aux fruits reposant sur le sol comme les courges, les melons ou les fraises<\/li>\n<\/ul>\n<p>Exemples\u00a0:<\/p>\n<ul>\n<li>L\u2019abondance des r\u00e9sidus v\u00e9g\u00e9taux surtout apr\u00e8s ma\u00efs grain g\u00e8ne le passage du semoir et peut alt\u00e9rer la pr\u00e9cision de semis. Il faut donc veiller \u00e0 broyer et r\u00e9partir de mani\u00e8re homog\u00e8ne le reste de culture pr\u00e9c\u00e9dent.<\/li>\n<li>Pour la pomme de terre, les planteuses sont \u00e9quip\u00e9es de disques sp\u00e9ciaux qui d\u00e9coupent le paillis et s\u00e9parent les lignes de pommes de terre. Le paillis prot\u00e8ge le sol de l\u2019\u00e9rosion durant les premi\u00e8res semaines de croissance et s\u2019int\u00e8gre au fur et \u00e0 mesure de la lev\u00e9e des plantes<\/li>\n<li>Une deuxi\u00e8me culture d\u2019engrais verts peut \u00eatre sem\u00e9e vers la fin de la culture de pomme de terre, lorsque les plants s\u2019ass\u00e8chent. La culture de couverture aide \u00e0 ass\u00e9cher les lits, permettant ainsi d\u2019obtenir des tubercules plus sains et de r\u00e9duire le risque de d\u00e9g\u00e2ts durant la r\u00e9colte. L\u2019engrais vert est s\u00e9par\u00e9 de la pomme de terre par une arracheuse m\u00e9canique et est laiss\u00e9 sur le sol apr\u00e8s la r\u00e9colte pour le prot\u00e9ger de l\u2019\u00e9rosion.<\/li>\n<\/ul>\n<\/div><div class=\"fusion-clearfix\"><\/div><\/div><\/div><div class=\"fusion-layout-column fusion_builder_column fusion-builder-column-1 fusion_builder_column_1_2 1_2 fusion-one-half fusion-column-first agri-erosion-column\" style=\"--awb-bg-size:cover;width:50%;width:calc(50% - ( ( 4% ) * 0.5 ) );margin-right: 4%;\"><div class=\"fusion-column-wrapper fusion-flex-column-wrapper-legacy\"><div class=\"fusion-video fusion-youtube agri-erosion-linkyoutube\" style=\"--awb-max-width:600px;--awb-max-height:360px;\"><div class=\"video-shortcode\"><div class=\"fluid-width-video-wrapper\" style=\"padding-top:60%;\" ><iframe title=\"YouTube video player 1\" src=\"https:\/\/www.youtube.com\/embed\/twkfVD28DJQ?wmode=transparent&autoplay=0\" width=\"600\" height=\"360\" allowfullscreen allow=\"autoplay; clipboard-write; encrypted-media; gyroscope; picture-in-picture;\"><\/iframe><\/div><\/div><\/div><div class=\"fusion-clearfix\"><\/div><\/div><\/div><div class=\"fusion-layout-column fusion_builder_column fusion-builder-column-2 fusion_builder_column_1_2 1_2 fusion-one-half fusion-column-last agri-erosion-column\" style=\"--awb-bg-size:cover;width:50%;width:calc(50% - ( ( 4% ) * 0.5 ) );\"><div class=\"fusion-column-wrapper fusion-flex-column-wrapper-legacy\"><div class=\"fusion-video fusion-youtube agri-erosion-linkyoutube\" style=\"--awb-max-width:600px;--awb-max-height:360px;\"><div class=\"video-shortcode\"><div class=\"fluid-width-video-wrapper\" style=\"padding-top:60%;\" ><iframe title=\"YouTube video player 2\" src=\"https:\/\/www.youtube.com\/embed\/Ii4-C3x9M6k?wmode=transparent&autoplay=0\" width=\"600\" height=\"360\" allowfullscreen allow=\"autoplay; clipboard-write; encrypted-media; gyroscope; picture-in-picture;\"><\/iframe><\/div><\/div><\/div><div class=\"fusion-clearfix\"><\/div><\/div><\/div><\/div><\/div><div class=\"fusion-fullwidth fullwidth-box fusion-builder-row-2 agri-erosion-container nonhundred-percent-fullwidth non-hundred-percent-height-scrolling\" style=\"--awb-border-radius-top-left:0px;--awb-border-radius-top-right:0px;--awb-border-radius-bottom-right:0px;--awb-border-radius-bottom-left:0px;--awb-flex-wrap:wrap;\" ><div class=\"fusion-builder-row fusion-row\"><div class=\"fusion-layout-column fusion_builder_column fusion-builder-column-3 fusion_builder_column_1_2 1_2 fusion-one-half fusion-column-first agri-erosion-column\" style=\"--awb-bg-size:cover;width:50%;width:calc(50% - ( ( 4% ) * 0.5 ) );margin-right: 4%;\"><div class=\"fusion-column-wrapper fusion-flex-column-wrapper-legacy\"><div class=\"fusion-title title fusion-title-2 fusion-sep-none fusion-title-center fusion-title-text fusion-title-size-three agri-erosion-boxtitle\"><h3 class=\"fusion-title-heading title-heading-center fusion-responsive-typography-calculated\" style=\"margin:0;--fontSize:30;line-height:1.5;\">Avantages<\/h3><\/div>\n<div class=\"table-1 agri-erosion-table\">\n<table width=\"100%\">\n<tbody>\n<tr>\n<td align=\"left\">Valorisation des restes de pailles (grandes cultures). Ou utilisation des pailles d\u2019une culture de couverture ayant produits beaucoup de biomasse<\/td>\n<\/tr>\n<tr>\n<td align=\"left\">Apport de MO, vie organique<\/td>\n<\/tr>\n<tr>\n<td align=\"left\">Garde le sol frais en \u00e9t\u00e9 et chaud au printemps et en automne<\/td>\n<\/tr>\n<tr>\n<td align=\"left\">Diminue le besoin en eau car plus grande r\u00e9tention<\/td>\n<\/tr>\n<tr>\n<td align=\"left\">Diminue la pression des adventices<\/td>\n<\/tr>\n<tr>\n<td align=\"left\">Augmente la porosit\u00e9<\/td>\n<\/tr>\n<\/tbody>\n<\/table>\n<\/div>\n<div class=\"fusion-clearfix\"><\/div><\/div><\/div><div class=\"fusion-layout-column fusion_builder_column fusion-builder-column-4 fusion_builder_column_1_2 1_2 fusion-one-half fusion-column-last agri-erosion-column\" style=\"--awb-bg-size:cover;width:50%;width:calc(50% - ( ( 4% ) * 0.5 ) );\"><div class=\"fusion-column-wrapper fusion-flex-column-wrapper-legacy\"><div class=\"fusion-title title fusion-title-3 fusion-sep-none fusion-title-center fusion-title-text fusion-title-size-three agri-erosion-boxtitle\"><h3 class=\"fusion-title-heading title-heading-center fusion-responsive-typography-calculated\" style=\"margin:0;--fontSize:30;line-height:1.5;\">Risques<\/h3><\/div>\n<div class=\"table-1 agri-erosion-table\">\n<table width=\"100%\">\n<tbody>\n<tr>\n<td align=\"left\">BRF enfouis cr\u00e9es des probl\u00e8mes, d\u00e9composition ralentie<\/td>\n<\/tr>\n<tr>\n<td align=\"left\">Paillage plastique pas \u00e9cologiques. Difficile \u00e0 mettre en place pour grandes cultures<\/td>\n<\/tr>\n<tr>\n<td align=\"left\">Risque de faim d\u2019azote suivant le rapport C\/N du paillis<\/td>\n<\/tr>\n<\/tbody>\n<\/table>\n<\/div>\n<div class=\"fusion-clearfix\"><\/div><\/div><\/div><\/div><\/div><div class=\"fusion-fullwidth fullwidth-box fusion-builder-row-3 agri-erosion-container nonhundred-percent-fullwidth non-hundred-percent-height-scrolling\" style=\"--awb-border-radius-top-left:0px;--awb-border-radius-top-right:0px;--awb-border-radius-bottom-right:0px;--awb-border-radius-bottom-left:0px;--awb-flex-wrap:wrap;\" ><div class=\"fusion-builder-row fusion-row\"><div class=\"fusion-layout-column fusion_builder_column fusion-builder-column-5 fusion_builder_column_1_2 1_2 fusion-one-half fusion-column-first agri-erosion-column\" style=\"--awb-bg-size:cover;width:50%;width:calc(50% - ( ( 4% ) * 0.5 ) );margin-right: 4%;\"><div class=\"fusion-column-wrapper fusion-flex-column-wrapper-legacy\"><div class=\"fusion-title title fusion-title-4 fusion-sep-none fusion-title-center fusion-title-text fusion-title-size-three agri-erosion-boxtitle\"><h3 class=\"fusion-title-heading title-heading-center fusion-responsive-typography-calculated\" style=\"margin:0;--fontSize:30;line-height:1.5;\">Contributions<\/h3><\/div><div class=\"fusion-text fusion-text-2 agri-erosion-boxtext\"><p>Aucune<\/p>\n<\/div><div class=\"fusion-clearfix\"><\/div><\/div><\/div><div class=\"fusion-layout-column fusion_builder_column fusion-builder-column-6 fusion_builder_column_1_2 1_2 fusion-one-half fusion-column-last agri-erosion-column\" style=\"--awb-bg-size:cover;width:50%;width:calc(50% - ( ( 4% ) * 0.5 ) );\"><div class=\"fusion-column-wrapper fusion-flex-column-wrapper-legacy\"><div class=\"fusion-title title fusion-title-5 fusion-sep-none fusion-title-center fusion-title-text fusion-title-size-three agri-erosion-boxtitle\"><h3 class=\"fusion-title-heading title-heading-center fusion-responsive-typography-calculated\" style=\"margin:0;--fontSize:30;line-height:1.5;\">Co\u00fbts<\/h3><\/div><div class=\"fusion-text fusion-text-3 agri-erosion-boxtext\"><p>Peu de co\u00fbts suppl\u00e9mentaires si mati\u00e8re sur place<\/p>\n<p>Si achat de mati\u00e8re pour faire le paillage cela peut revenir cher suivant les quantit\u00e9s<\/p>\n<p>Passage suppl\u00e9mentaire peut \u00e9galement augmenter les co\u00fbts.<\/p>\n<p>Co\u00fbts moyen pour une efficacit\u00e9 moyenne<\/p>\n<\/div><div class=\"fusion-clearfix\"><\/div><\/div><\/div><\/div><\/div><div class=\"fusion-fullwidth fullwidth-box fusion-builder-row-4 agri-erosion-container nonhundred-percent-fullwidth non-hundred-percent-height-scrolling\" style=\"--awb-border-radius-top-left:0px;--awb-border-radius-top-right:0px;--awb-border-radius-bottom-right:0px;--awb-border-radius-bottom-left:0px;--awb-flex-wrap:wrap;\" ><div class=\"fusion-builder-row fusion-row\"><div class=\"fusion-layout-column fusion_builder_column fusion-builder-column-7 fusion_builder_column_1_1 1_1 fusion-one-full fusion-column-first fusion-column-last agri-erosion-column\" style=\"--awb-bg-size:cover;\"><div class=\"fusion-column-wrapper fusion-flex-column-wrapper-legacy\"><div class=\"accordian fusion-accordian agri-erosion-toggles\" style=\"--awb-border-size:1px;--awb-icon-size:13px;--awb-content-font-size:18px;--awb-icon-alignment:left;--awb-hover-color:#f9f9f9;--awb-border-color:#cccccc;--awb-background-color:#ffffff;--awb-divider-color:#e0dede;--awb-divider-hover-color:#e0dede;--awb-icon-color:#ffffff;--awb-title-color:#f44336;--awb-content-color:#0f0f0f;--awb-icon-box-color:#7a7a7a;--awb-toggle-hover-accent-color:#000000;--awb-title-font-family:&quot;Roboto&quot;;--awb-title-font-weight:700;--awb-title-font-style:normal;--awb-title-line-height:1.5;--awb-content-font-family:&quot;Roboto&quot;;--awb-content-font-style:normal;--awb-content-font-weight:300;\"><div class=\"panel-group fusion-toggle-icon-boxed\" id=\"accordion-305-1\"><div class=\"fusion-panel panel-default panel-df2357b14cd20d07c fusion-toggle-has-divider\"><div class=\"panel-heading\"><h4 class=\"panel-title toggle\" id=\"toggle_df2357b14cd20d07c\"><a aria-expanded=\"false\" aria-controls=\"df2357b14cd20d07c\" role=\"button\" data-toggle=\"collapse\" data-parent=\"#accordion-305-1\" data-target=\"#df2357b14cd20d07c\" href=\"#df2357b14cd20d07c\"><span class=\"fusion-toggle-icon-wrapper\" aria-hidden=\"true\"><i class=\"fa-fusion-box active-icon awb-icon-minus\" aria-hidden=\"true\"><\/i><i class=\"fa-fusion-box inactive-icon awb-icon-plus\" aria-hidden=\"true\"><\/i><\/span><span class=\"fusion-toggle-heading\">Liens<\/span><\/a><\/h4><\/div><div id=\"df2357b14cd20d07c\" class=\"panel-collapse collapse \" aria-labelledby=\"toggle_df2357b14cd20d07c\"><div class=\"panel-body toggle-content fusion-clearfix\">\n<p>Document produit par la chambre d\u2019agriculture occitanie : <a href=\"https:\/\/occitanie.chambre-agriculture.fr\/fileadmin\/user_upload\/National\/FAL_commun\/publications\/Occitanie\/Paillages-Bio-CRAO-2018.pdf\" target=\"_blank\" rel=\"noopener noreferrer\">Valorisation des paillages en mara\u00eechage bio<\/a><\/p>\n<p>Article de Biomarket insights sur l<a href=\"https:\/\/biomarketinsights.com\/expert-view-biodegradable-mulch-films-in-agriculture-and-horticulture\/\" target=\"_blank\" rel=\"noopener noreferrer\">es plastiques biod\u00e9gradable en agriculture et horticulture<\/a> (Article en anglais)<\/p>\n<p>Document qu\u00e9becois d\u2019un essai de ma\u00efs sous paillis plastique en grande culture : <a href=\"https:\/\/www.agrireseau.net\/documents\/Document_88974.pdf\" target=\"_blank\" rel=\"noopener noreferrer\">Grandes cultures le ma\u00efs sous paillis de plastique<\/a><\/p>\n<p>Essai belge de mulch avec du chanvre : <a href=\"http:\/\/www.valbiom.be\/files\/library\/Docs\/Miscanthus\/Rapport-Essai-paillage-2011-2013.pdf\" target=\"_blank\" rel=\"noopener noreferrer\">Essais paillages de chanvre industriel<\/a><\/p>\n<p>Vid\u00e9o sur le BRF (Bois Ram\u00e9al Fragment\u00e9) : <a href=\"https:\/\/www.youtube.com\/watch?v=Ii4-C3x9M6k\" target=\"_blank\" rel=\"noopener noreferrer\">Comprendre le BRF, Interview de Jacky Dup\u00e9ty<\/a><\/p>\n<p>Vid\u00e9o r\u00e9alis\u00e9e par Ver de Terre production : <a href=\"https:\/\/www.youtube.com\/watch?v=SgqhpNWIOPk\" target=\"_blank\" rel=\"noopener noreferrer\">Semis direct et BRF en grandes cultures \u2013 Entretien avec Pierre AUSSANT<\/a><\/p>\n<\/div><\/div><\/div><\/div><\/div><div class=\"fusion-clearfix\"><\/div><\/div><\/div><\/div><\/div><div class=\"fusion-fullwidth fullwidth-box fusion-builder-row-5 agri-erosion-container nonhundred-percent-fullwidth non-hundred-percent-height-scrolling\" style=\"--awb-border-radius-top-left:0px;--awb-border-radius-top-right:0px;--awb-border-radius-bottom-right:0px;--awb-border-radius-bottom-left:0px;--awb-flex-wrap:wrap;\" ><div class=\"fusion-builder-row fusion-row\"><div class=\"fusion-layout-column fusion_builder_column fusion-builder-column-8 fusion_builder_column_1_2 1_2 fusion-one-half fusion-column-first agri-erosion-column\" style=\"--awb-bg-size:cover;width:50%;width:calc(50% - ( ( 4% ) * 0.5 ) );margin-right: 4%;\"><div class=\"fusion-column-wrapper fusion-flex-column-wrapper-legacy\"><div class=\"fusion-button-wrapper\"><a class=\"fusion-button button-flat fusion-button-default-size button-default fusion-button-default button-1 fusion-button-default-span fusion-button-default-type agri-erosion-button-page-mesure\" target=\"_self\" href=\"https:\/\/agripedia.ch\/erosion\/fr\/?page_id=286&amp;preview=true\"><span class=\"fusion-button-text awb-button__text awb-button__text--default\">Pr\u00e9c\u00e9dent<\/span><\/a><\/div><div class=\"fusion-clearfix\"><\/div><\/div><\/div><div class=\"fusion-layout-column fusion_builder_column fusion-builder-column-9 fusion_builder_column_1_2 1_2 fusion-one-half fusion-column-last agri-erosion-column\" style=\"--awb-bg-size:cover;width:50%;width:calc(50% - ( ( 4% ) * 0.5 ) );\"><div class=\"fusion-column-wrapper fusion-flex-column-wrapper-legacy\"><div class=\"fusion-button-wrapper\"><a class=\"fusion-button button-flat fusion-button-default-size button-default fusion-button-default button-2 fusion-button-default-span fusion-button-default-type agri-erosion-button-page-mesure\" target=\"_self\" href=\"https:\/\/agripedia.ch\/erosion\/fr\/?page_id=91&amp;preview=true\"><span class=\"fusion-button-text awb-button__text awb-button__text--default\">Retour au menu principal<\/span><\/a><\/div><div class=\"fusion-clearfix\"><\/div><\/div><\/div><\/div><\/div><\/p>\n","protected":false},"excerpt":{"rendered":"","protected":false},"author":44,"featured_media":0,"parent":0,"menu_order":0,"comment_status":"closed","ping_status":"closed","template":"","meta":{"_sb_is_suggestion_mode":false,"_sb_show_suggestion_boards":false,"_sb_show_comment_boards":false,"_sb_suggestion_history":"","_sb_update_block_changes":"","_monsterinsights_skip_tracking":false,"_monsterinsights_sitenote_active":false,"_monsterinsights_sitenote_note":"","_monsterinsights_sitenote_category":0,"footnotes":""},"class_list":["post-305","page","type-page","status-publish","hentry"],"_links":{"self":[{"href":"https:\/\/agripedia.ch\/erosion\/wp-json\/wp\/v2\/pages\/305","targetHints":{"allow":["GET"]}}],"collection":[{"href":"https:\/\/agripedia.ch\/erosion\/wp-json\/wp\/v2\/pages"}],"about":[{"href":"https:\/\/agripedia.ch\/erosion\/wp-json\/wp\/v2\/types\/page"}],"author":[{"embeddable":true,"href":"https:\/\/agripedia.ch\/erosion\/wp-json\/wp\/v2\/users\/44"}],"replies":[{"embeddable":true,"href":"https:\/\/agripedia.ch\/erosion\/wp-json\/wp\/v2\/comments?post=305"}],"version-history":[{"count":15,"href":"https:\/\/agripedia.ch\/erosion\/wp-json\/wp\/v2\/pages\/305\/revisions"}],"predecessor-version":[{"id":1299,"href":"https:\/\/agripedia.ch\/erosion\/wp-json\/wp\/v2\/pages\/305\/revisions\/1299"}],"wp:attachment":[{"href":"https:\/\/agripedia.ch\/erosion\/wp-json\/wp\/v2\/media?parent=305"}],"curies":[{"name":"wp","href":"https:\/\/api.w.org\/{rel}","templated":true}]}}