{"id":301,"date":"2020-03-24T07:50:31","date_gmt":"2020-03-24T07:50:31","guid":{"rendered":"https:\/\/agripedia.ch\/erosion\/?page_id=301"},"modified":"2020-05-28T14:37:45","modified_gmt":"2020-05-28T14:37:45","slug":"semis-direct","status":"publish","type":"page","link":"https:\/\/agripedia.ch\/erosion\/semis-direct\/","title":{"rendered":"Semis direct"},"content":{"rendered":"<p><div class=\"fusion-fullwidth fullwidth-box fusion-builder-row-1 nonhundred-percent-fullwidth non-hundred-percent-height-scrolling\" style=\"--awb-border-radius-top-left:0px;--awb-border-radius-top-right:0px;--awb-border-radius-bottom-right:0px;--awb-border-radius-bottom-left:0px;--awb-flex-wrap:wrap;\" ><div class=\"fusion-builder-row fusion-row\"><div class=\"fusion-layout-column fusion_builder_column fusion-builder-column-0 fusion_builder_column_1_1 1_1 fusion-one-full fusion-column-first fusion-column-last\" style=\"--awb-bg-size:cover;\"><div class=\"fusion-column-wrapper fusion-flex-column-wrapper-legacy\"><div class=\"fusion-title title fusion-title-1 fusion-sep-none fusion-title-center fusion-title-text fusion-title-size-three agri-erosion-boxtitle\"><h3 class=\"fusion-title-heading title-heading-center fusion-responsive-typography-calculated\" style=\"margin:0;--fontSize:30;line-height:1.5;\">Description<\/h3><\/div><div class=\"fusion-text fusion-text-1 agri-erosion-boxtext\"><p>Le semis direct consiste \u00e0 laisser une couverture permanente au sol pour \u00e9viter le ruissellement et l\u2019impact de gouttes de pluie sur un sol nu. Cela permet de conserver une structure du sol annuellement. C\u2019est technique culturale dans laquelle les semences sont d\u00e9pos\u00e9es dans un sol non travaill\u00e9, recouvert de v\u00e9g\u00e9taux ou de r\u00e9sidus v\u00e9g\u00e9taux. Une fente est pratiqu\u00e9e par des outils sp\u00e9ciaux pour y d\u00e9poser la semence. Pour favoriser la germination de la graine, il faut veiller \u00e0 l\u2019entourer et la recouvrir de terre fine \u00e0 l\u2019aide d\u2019outils adapt\u00e9s.<\/p>\n<p>La rotation de culture doit \u00eatre adapt\u00e9e \u00e0 cette technique. Il faut alterner c\u00e9r\u00e9ales \u00e0 paille et autres cultures, ainsi que cultures d\u2019automne et de printemps afin de r\u00e9duire les risques de fusarioses et concurrencer les adventices<\/p>\n<p>Des machines sp\u00e9cifiques sont \u00e0 acqu\u00e9rir comme un semoir de semis-direct \u00e0 disques, \u00e0 dents ou \u00e0 socs \u00ab cross slot \u00bb (disques avec lames lat\u00e9rales), un rouleau FACA pour d\u00e9truire le couvert v\u00e9g\u00e9tal avant de semer et autres outils cit\u00e9s dans la mesure des couverts v\u00e9g\u00e9taux. Il est possible d\u2019acqu\u00e9rir un cultivateur rotatif \u00e0 axe horizontal et semoir int\u00e9gr\u00e9, cependant le co\u00fbt d\u2019une telle machine reste \u00e9lev\u00e9. En cas de forte pr\u00e9sence de r\u00e9sidus de r\u00e9colte avant semis, il est recommand\u00e9 de monter des roues en \u00e9toiles devant les socs pour \u00e9carter la paille.<\/p>\n<p>La ma\u00eetrise des adventices peut se faire avec un herbicide non s\u00e9lectif avant semis et\/ou herbicide de contact en post-lev\u00e9e. Pour r\u00e9duire l\u2019utilisation de produits de synth\u00e8ses, il est possible d\u2019utiliser des m\u00e9langes de couverts v\u00e9g\u00e9taux g\u00e9lifs.<\/p>\n<\/div><div class=\"fusion-clearfix\"><\/div><\/div><\/div><div class=\"fusion-layout-column fusion_builder_column fusion-builder-column-1 fusion_builder_column_1_2 1_2 fusion-one-half fusion-column-first\" style=\"--awb-bg-size:cover;width:50%;width:calc(50% - ( ( 4% ) * 0.5 ) );margin-right: 4%;\"><div class=\"fusion-column-wrapper fusion-flex-column-wrapper-legacy\"><div class=\"fusion-video fusion-youtube agri-erosion-linkyoutube\" style=\"--awb-max-width:600px;--awb-max-height:360px;\"><div class=\"video-shortcode\"><div class=\"fluid-width-video-wrapper\" style=\"padding-top:60%;\" ><iframe title=\"YouTube video player 1\" src=\"https:\/\/www.youtube.com\/embed\/dECUhx1-oY0?wmode=transparent&autoplay=0\" width=\"600\" height=\"360\" allowfullscreen allow=\"autoplay; clipboard-write; encrypted-media; gyroscope; picture-in-picture;\"><\/iframe><\/div><\/div><\/div><div class=\"fusion-clearfix\"><\/div><\/div><\/div><div class=\"fusion-layout-column fusion_builder_column fusion-builder-column-2 fusion_builder_column_1_2 1_2 fusion-one-half fusion-column-last\" style=\"--awb-bg-size:cover;width:50%;width:calc(50% - ( ( 4% ) * 0.5 ) );\"><div class=\"fusion-column-wrapper fusion-flex-column-wrapper-legacy\"><div class=\"fusion-video fusion-youtube agri-erosion-linkyoutube\" style=\"--awb-max-width:600px;--awb-max-height:360px;\"><div class=\"video-shortcode\"><div class=\"fluid-width-video-wrapper\" style=\"padding-top:60%;\" ><iframe title=\"YouTube video player 2\" src=\"https:\/\/www.youtube.com\/embed\/TztNGW5AMx0?wmode=transparent&autoplay=0\" width=\"600\" height=\"360\" allowfullscreen allow=\"autoplay; clipboard-write; encrypted-media; gyroscope; picture-in-picture;\"><\/iframe><\/div><\/div><\/div><div class=\"fusion-clearfix\"><\/div><\/div><\/div><div class=\"fusion-layout-column fusion_builder_column fusion-builder-column-3 fusion_builder_column_1_2 1_2 fusion-one-half fusion-column-first\" style=\"--awb-bg-size:cover;width:50%;width:calc(50% - ( ( 4% ) * 0.5 ) );margin-right: 4%;\"><div class=\"fusion-column-wrapper fusion-flex-column-wrapper-legacy\"><div class=\"fusion-video fusion-youtube agri-erosion-linkyoutube\" style=\"--awb-max-width:600px;--awb-max-height:360px;\"><div class=\"video-shortcode\"><div class=\"fluid-width-video-wrapper\" style=\"padding-top:60%;\" ><iframe title=\"YouTube video player 3\" src=\"https:\/\/www.youtube.com\/embed\/tynjhR3kK94?wmode=transparent&autoplay=0\" width=\"600\" height=\"360\" allowfullscreen allow=\"autoplay; clipboard-write; encrypted-media; gyroscope; picture-in-picture;\"><\/iframe><\/div><\/div><\/div><div class=\"fusion-clearfix\"><\/div><\/div><\/div><div class=\"fusion-layout-column fusion_builder_column fusion-builder-column-4 fusion_builder_column_1_2 1_2 fusion-one-half fusion-column-last\" style=\"--awb-bg-size:cover;width:50%;width:calc(50% - ( ( 4% ) * 0.5 ) );\"><div class=\"fusion-column-wrapper fusion-flex-column-wrapper-legacy\"><div class=\"fusion-video fusion-youtube fusion-aligncenter agri-erosion-linkyoutube\" style=\"--awb-max-width:600px;--awb-max-height:360px;--awb-width:100%;\"><div class=\"video-shortcode\"><div class=\"fluid-width-video-wrapper\" style=\"padding-top:60%;\" ><iframe title=\"YouTube video player 4\" src=\"https:\/\/www.youtube.com\/embed\/qoxxmagCD_Q?wmode=transparent&autoplay=0\" width=\"600\" height=\"360\" allowfullscreen allow=\"autoplay; clipboard-write; encrypted-media; gyroscope; picture-in-picture;\"><\/iframe><\/div><\/div><\/div><div class=\"fusion-clearfix\"><\/div><\/div><\/div><\/div><\/div><div class=\"fusion-fullwidth fullwidth-box fusion-builder-row-2 nonhundred-percent-fullwidth non-hundred-percent-height-scrolling\" style=\"--awb-border-radius-top-left:0px;--awb-border-radius-top-right:0px;--awb-border-radius-bottom-right:0px;--awb-border-radius-bottom-left:0px;--awb-flex-wrap:wrap;\" ><div class=\"fusion-builder-row fusion-row\"><div class=\"fusion-layout-column fusion_builder_column fusion-builder-column-5 fusion_builder_column_1_2 1_2 fusion-one-half fusion-column-first\" style=\"--awb-bg-size:cover;width:50%;width:calc(50% - ( ( 4% ) * 0.5 ) );margin-right: 4%;\"><div class=\"fusion-column-wrapper fusion-flex-column-wrapper-legacy\"><div class=\"fusion-title title fusion-title-2 fusion-sep-none fusion-title-center fusion-title-text fusion-title-size-three agri-erosion-boxtitle\"><h3 class=\"fusion-title-heading title-heading-center fusion-responsive-typography-calculated\" style=\"margin:0;--fontSize:30;line-height:1.5;\">Avantages<\/h3><\/div>\n<div class=\"table-1 agri-erosion-table\">\n<table width=\"100%\">\n<tbody>\n<tr>\n<td align=\"left\">Augmentation de la teneur en mati\u00e8re organique<\/td>\n<\/tr>\n<tr>\n<td align=\"left\">Gain de temps et r\u00e9duit les consommations de fuel<\/td>\n<\/tr>\n<tr>\n<td align=\"left\">Diminution des charges de m\u00e9canisation<\/td>\n<\/tr>\n<tr>\n<td align=\"left\">Diminution de l\u2019utilisation des pesticides<\/td>\n<\/tr>\n<tr>\n<td align=\"left\">Limitation des pertes de nitrates pendant l\u2019hiver<\/td>\n<\/tr>\n<\/tbody>\n<\/table>\n<\/div>\n<div class=\"fusion-clearfix\"><\/div><\/div><\/div><div class=\"fusion-layout-column fusion_builder_column fusion-builder-column-6 fusion_builder_column_1_2 1_2 fusion-one-half fusion-column-last\" style=\"--awb-bg-size:cover;width:50%;width:calc(50% - ( ( 4% ) * 0.5 ) );\"><div class=\"fusion-column-wrapper fusion-flex-column-wrapper-legacy\"><div class=\"fusion-title title fusion-title-3 fusion-sep-none fusion-title-center fusion-title-text fusion-title-size-three agri-erosion-boxtitle\"><h3 class=\"fusion-title-heading title-heading-center fusion-responsive-typography-calculated\" style=\"margin:0;--fontSize:30;line-height:1.5;\">Risques<\/h3><\/div>\n<div class=\"table-1 agri-erosion-table\">\n<table width=\"100%\">\n<tbody>\n<tr>\n<td align=\"left\">D\u00e9veloppement de certaines populations de mauvaises herbes sp\u00e9cifiques<\/td>\n<\/tr>\n<tr>\n<td align=\"left\">Risque d\u2019augmentation des populations de limaces au moment de l\u2019implantation<\/td>\n<\/tr>\n<tr>\n<td align=\"left\">Augmentation possible de la pression phytosanitaire pour traiter les adventices sp\u00e9cifiques<\/td>\n<\/tr>\n<tr>\n<td align=\"left\">Mauvaise gestion du semis direct peut cr\u00e9er de gros risque d\u2019\u00e9rosion<\/td>\n<\/tr>\n<tr>\n<td align=\"left\">Co\u00fbt \u00e9lev\u00e9 du mat\u00e9riel sp\u00e9cifique<\/td>\n<\/tr>\n<tr>\n<td align=\"left\">Rendements pouvant \u00eatre plus faibles la premi\u00e8re ann\u00e9e<\/td>\n<\/tr>\n<\/tbody>\n<\/table>\n<\/div>\n<div class=\"fusion-clearfix\"><\/div><\/div><\/div><\/div><\/div><div class=\"fusion-fullwidth fullwidth-box fusion-builder-row-3 nonhundred-percent-fullwidth non-hundred-percent-height-scrolling\" style=\"--awb-border-radius-top-left:0px;--awb-border-radius-top-right:0px;--awb-border-radius-bottom-right:0px;--awb-border-radius-bottom-left:0px;--awb-flex-wrap:wrap;\" ><div class=\"fusion-builder-row fusion-row\"><div class=\"fusion-layout-column fusion_builder_column fusion-builder-column-7 fusion_builder_column_1_2 1_2 fusion-one-half fusion-column-first\" style=\"--awb-bg-size:cover;width:50%;width:calc(50% - ( ( 4% ) * 0.5 ) );margin-right: 4%;\"><div class=\"fusion-column-wrapper fusion-flex-column-wrapper-legacy\"><div class=\"fusion-title title fusion-title-4 fusion-sep-none fusion-title-center fusion-title-text fusion-title-size-three agri-erosion-boxtitle\"><h3 class=\"fusion-title-heading title-heading-center fusion-responsive-typography-calculated\" style=\"margin:0;--fontSize:30;line-height:1.5;\">Contributions<\/h3><\/div><div class=\"fusion-text fusion-text-2 agri-erosion-boxtext\"><p>250 CHF\/ha et culture principale (p\u00e9riode de 2014 \u00e0 2021). En cas de renoncement \u00e0 l\u2019emploi d\u2019herbicide \u00e0 partir de la r\u00e9colte du pr\u00e9c\u00e9dent cultural jusqu\u2019\u00e0 la r\u00e9colte de la culture principale ayant droit \u00e0 la contribution, un montant suppl\u00e9mentaire de CHF 200 CHF par hectare et culture principale sera vers\u00e9.<\/p>\n<p>Le renoncement aux herbicides ne doit pas \u00eatre forc\u00e9ment fait sur toutes les parcelles sur lesquelles des techniques de travail pr\u00e9servant le sol ont \u00e9t\u00e9 annonc\u00e9es.<\/p>\n<p>Dans le cas du semis sous liti\u00e8re et uniquement dans le cadre des contributions pour le non-recours aux herbicides, l\u2019utilisation de la charrue comme moyen de lutte contre les \u00ab mauvaises herbes \u00bb est tol\u00e9r\u00e9e, \u00e0 condition toutefois de respecter la pro\u00adfondeur de travail de 10 cm au maximum<\/p>\n<p>Fiche technique AGRIDEA sur les contributions les\u00a0 <a href=\"https:\/\/agripedia.ch\/erosion\/wp-content\/uploads\/sites\/10\/2019\/10\/Schonende-Bodenbearbeitung_FR.pdf\" target=\"_blank\" rel=\"noopener noreferrer\">techniques culturales pr\u00e9servant le sol<\/a><\/p>\n<\/div><div class=\"fusion-clearfix\"><\/div><\/div><\/div><div class=\"fusion-layout-column fusion_builder_column fusion-builder-column-8 fusion_builder_column_1_2 1_2 fusion-one-half fusion-column-last\" style=\"--awb-bg-size:cover;width:50%;width:calc(50% - ( ( 4% ) * 0.5 ) );\"><div class=\"fusion-column-wrapper fusion-flex-column-wrapper-legacy\"><div class=\"fusion-title title fusion-title-5 fusion-sep-none fusion-title-center fusion-title-text fusion-title-size-three agri-erosion-boxtitle\"><h3 class=\"fusion-title-heading title-heading-center fusion-responsive-typography-calculated\" style=\"margin:0;--fontSize:30;line-height:1.5;\">Co\u00fbts<\/h3><\/div><div class=\"fusion-text fusion-text-3 agri-erosion-boxtext\"><p>Les co\u00fbts de mise en place pour cette mesure sont \u00e9lev\u00e9 mais l\u2019efficacit\u00e9 est \u00e9lev\u00e9e<\/p>\n<p>L\u2019achat de mat\u00e9riel sp\u00e9cifique peut \u00eatre tr\u00e8s \u00e9lev\u00e9. Le travail effectu\u00e9 par une entreprise permet de r\u00e9duire les co\u00fbts d\u2019achat d\u2019une machine neuve<\/p>\n<p>Co\u00fbt moyen pour du semis direct : 205.- CHF \/ha (sans traitement et semences)<\/p>\n<\/div><div class=\"fusion-clearfix\"><\/div><\/div><\/div><\/div><\/div><div class=\"fusion-fullwidth fullwidth-box fusion-builder-row-4 nonhundred-percent-fullwidth non-hundred-percent-height-scrolling\" style=\"--awb-border-radius-top-left:0px;--awb-border-radius-top-right:0px;--awb-border-radius-bottom-right:0px;--awb-border-radius-bottom-left:0px;--awb-flex-wrap:wrap;\" ><div class=\"fusion-builder-row fusion-row\"><div class=\"fusion-layout-column fusion_builder_column fusion-builder-column-9 fusion_builder_column_1_2 1_2 fusion-one-half fusion-column-first\" style=\"--awb-bg-size:cover;width:50%;width:calc(50% - ( ( 4% ) * 0.5 ) );margin-right: 4%;\"><div class=\"fusion-column-wrapper fusion-flex-column-wrapper-legacy\"><div class=\"accordian fusion-accordian agri-erosion-toggles\" style=\"--awb-border-size:1px;--awb-icon-size:13px;--awb-content-font-size:18px;--awb-icon-alignment:left;--awb-hover-color:#f9f9f9;--awb-border-color:#cccccc;--awb-background-color:#ffffff;--awb-divider-color:#e0dede;--awb-divider-hover-color:#e0dede;--awb-icon-color:#ffffff;--awb-title-color:#f44336;--awb-content-color:#0f0f0f;--awb-icon-box-color:#7a7a7a;--awb-toggle-hover-accent-color:#000000;--awb-title-font-family:&quot;Roboto&quot;;--awb-title-font-weight:700;--awb-title-font-style:normal;--awb-title-line-height:1.5;--awb-content-font-family:&quot;Roboto&quot;;--awb-content-font-style:normal;--awb-content-font-weight:300;\"><div class=\"panel-group fusion-toggle-icon-boxed\" id=\"accordion-301-1\"><div class=\"fusion-panel panel-default panel-b4034b46876f0ffc0 fusion-toggle-has-divider\"><div class=\"panel-heading\"><h4 class=\"panel-title toggle\" id=\"toggle_b4034b46876f0ffc0\"><a aria-expanded=\"false\" aria-controls=\"b4034b46876f0ffc0\" role=\"button\" data-toggle=\"collapse\" data-parent=\"#accordion-301-1\" data-target=\"#b4034b46876f0ffc0\" href=\"#b4034b46876f0ffc0\"><span class=\"fusion-toggle-icon-wrapper\" aria-hidden=\"true\"><i class=\"fa-fusion-box active-icon awb-icon-minus\" aria-hidden=\"true\"><\/i><i class=\"fa-fusion-box inactive-icon awb-icon-plus\" aria-hidden=\"true\"><\/i><\/span><span class=\"fusion-toggle-heading\">Liens<\/span><\/a><\/h4><\/div><div id=\"b4034b46876f0ffc0\" class=\"panel-collapse collapse \" aria-labelledby=\"toggle_b4034b46876f0ffc0\"><div class=\"panel-body toggle-content fusion-clearfix\">\n<p>Article d\u2019un essai r\u00e9alis\u00e9 \u00e0 Berne : <a href=\"https:\/\/www.vol.be.ch\/vol\/fr\/index\/landwirtschaft\/landwirtschaft\/bodenschutz\/bodenzustand\/dauerbeobachtungsflaecheoberacker.assetref\/dam\/documents\/VOL\/LANAT\/fr\/Landwirtschaft\/Bodenschutz\/LANAT_LW_BS_Direktsaat_und_Pflug_im_10-jaehrigen_Systemvergleich_fr.pdf\" target=\"_blank\" rel=\"noopener noreferrer\">Comparaison du semis direct et du labour pendant 10 ans<\/a><\/p>\n<p>Article de Terre et Nature : <a href=\"https:\/\/www.terrenature.ch\/strip-till-et-semoirs-directs-remplacent-herses-et-charrues\/\" target=\"_blank\" rel=\"noopener noreferrer\">Strip-till et semoirs directs remplacent herses et charrues<\/a><\/p>\n<p>Interview de <a href=\"https:\/\/www.terrenature.ch\/32556-2\/\" target=\"_blank\" rel=\"noopener noreferrer\">Fr\u00e9d\u00e9ric Thomas<\/a> par Terre et Nature<\/p>\n<p>Un site utile pour le semis direct et autre technique de conservation du sol : <a href=\"https:\/\/agriculture-de-conservation.com\/spip.php?page=sommaire\" target=\"_blank\" rel=\"noopener noreferrer\">agriculture de conservation<\/a><\/p>\n<p>Vid\u00e9o r\u00e9alis\u00e9e par Ver de Terre production : <a href=\"https:\/\/www.youtube.com\/watch?v=iIoU_yCMS2k\" target=\"_blank\" rel=\"noopener noreferrer\">Ma\u00efs de 5 m dans la ferme de Christian Abadie<\/a> ; <a href=\"https:\/\/www.youtube.com\/watch?v=SgqhpNWIOPk\" target=\"_blank\" rel=\"noopener noreferrer\">Semis direct et BRF en grandes cultures \u2013 Entretien avec Pierre AUSSANT<\/a><\/p>\n<p>Interview vid\u00e9o de Matthieu Archambeau : <a href=\"https:\/\/www.youtube.com\/watch?v=OjJHCivmphc\" target=\"_blank\" rel=\"noopener noreferrer\">Vid\u00e9o 1<\/a>, <a href=\"https:\/\/www.youtube.com\/watch?v=lB1fqi4Gh3k\" target=\"_blank\" rel=\"noopener noreferrer\">Vid\u00e9o 2<\/a><\/p>\n<p>Interview vid\u00e9o de Fr\u00e9d\u00e9ric Thomas : <a href=\"https:\/\/www.youtube.com\/watch?v=hVB3j94UBlM\" target=\"_blank\" rel=\"noopener noreferrer\">Vid\u00e9o 1<\/a>, <a href=\"https:\/\/www.youtube.com\/watch?v=xFKo757OL2k\" target=\"_blank\" rel=\"noopener noreferrer\">Vid\u00e9o 2<\/a><\/p>\n<\/div><\/div><\/div><\/div><\/div><div class=\"fusion-clearfix\"><\/div><\/div><\/div><div class=\"fusion-layout-column fusion_builder_column fusion-builder-column-10 fusion_builder_column_1_2 1_2 fusion-one-half fusion-column-last\" style=\"--awb-bg-size:cover;width:50%;width:calc(50% - ( ( 4% ) * 0.5 ) );\"><div class=\"fusion-column-wrapper fusion-flex-column-wrapper-legacy\"><div class=\"accordian fusion-accordian agri-erosion-toggles\" style=\"--awb-border-size:1px;--awb-icon-size:13px;--awb-content-font-size:18px;--awb-icon-alignment:left;--awb-hover-color:#f9f9f9;--awb-border-color:#cccccc;--awb-background-color:#ffffff;--awb-divider-color:#e0dede;--awb-divider-hover-color:#e0dede;--awb-icon-color:#ffffff;--awb-title-color:#f44336;--awb-content-color:#0f0f0f;--awb-icon-box-color:#7a7a7a;--awb-toggle-hover-accent-color:#000000;--awb-title-font-family:&quot;Roboto&quot;;--awb-title-font-weight:700;--awb-title-font-style:normal;--awb-title-line-height:1.5;--awb-content-font-family:&quot;Roboto&quot;;--awb-content-font-style:normal;--awb-content-font-weight:300;\"><div class=\"panel-group fusion-toggle-icon-boxed\" id=\"accordion-301-2\"><div class=\"fusion-panel panel-default panel-37f374a542034b392 fusion-toggle-has-divider\"><div class=\"panel-heading\"><h4 class=\"panel-title toggle\" id=\"toggle_37f374a542034b392\"><a aria-expanded=\"false\" aria-controls=\"37f374a542034b392\" role=\"button\" data-toggle=\"collapse\" data-parent=\"#accordion-301-2\" data-target=\"#37f374a542034b392\" href=\"#37f374a542034b392\"><span class=\"fusion-toggle-icon-wrapper\" aria-hidden=\"true\"><i class=\"fa-fusion-box active-icon awb-icon-minus\" aria-hidden=\"true\"><\/i><i class=\"fa-fusion-box inactive-icon awb-icon-plus\" aria-hidden=\"true\"><\/i><\/span><span class=\"fusion-toggle-heading\">Personnes de contact<\/span><\/a><\/h4><\/div><div id=\"37f374a542034b392\" class=\"panel-collapse collapse \" aria-labelledby=\"toggle_37f374a542034b392\"><div class=\"panel-body toggle-content fusion-clearfix\">\n<p>Swiss no-till (Association suisse pour une agriculture respectueuse des sols) <a href=\"http:\/\/www.no-till.ch\/index.php\/home.html\" target=\"_blank\" rel=\"noopener noreferrer\">page en FR<\/a>; <a href=\"http:\/\/www.no-till.ch\/index.php\/grundlagen.html\" target=\"_blank\" rel=\"noopener noreferrer\">page en DE<\/a><\/p>\n<\/div><\/div><\/div><\/div><\/div><div class=\"fusion-clearfix\"><\/div><\/div><\/div><\/div><\/div><div class=\"fusion-fullwidth fullwidth-box fusion-builder-row-5 nonhundred-percent-fullwidth non-hundred-percent-height-scrolling\" style=\"--awb-border-radius-top-left:0px;--awb-border-radius-top-right:0px;--awb-border-radius-bottom-right:0px;--awb-border-radius-bottom-left:0px;--awb-flex-wrap:wrap;\" ><div class=\"fusion-builder-row fusion-row\"><div class=\"fusion-layout-column fusion_builder_column fusion-builder-column-11 fusion_builder_column_1_2 1_2 fusion-one-half fusion-column-first\" style=\"--awb-bg-size:cover;width:50%;width:calc(50% - ( ( 4% ) * 0.5 ) );margin-right: 4%;\"><div class=\"fusion-column-wrapper fusion-flex-column-wrapper-legacy\"><div class=\"fusion-button-wrapper\"><a class=\"fusion-button button-flat fusion-button-default-size button-default fusion-button-default button-1 fusion-button-default-span fusion-button-default-type agri-erosion-button-page-back\" target=\"_self\" href=\"https:\/\/agripedia.ch\/erosion\/fr\/?page_id=284&amp;preview=true\"><span class=\"fusion-button-text awb-button__text awb-button__text--default\">Pr\u00e9c\u00e9dent<\/span><\/a><\/div><div class=\"fusion-clearfix\"><\/div><\/div><\/div><div class=\"fusion-layout-column fusion_builder_column fusion-builder-column-12 fusion_builder_column_1_2 1_2 fusion-one-half fusion-column-last\" style=\"--awb-bg-size:cover;width:50%;width:calc(50% - ( ( 4% ) * 0.5 ) );\"><div class=\"fusion-column-wrapper fusion-flex-column-wrapper-legacy\"><div class=\"fusion-button-wrapper\"><a class=\"fusion-button button-flat fusion-button-default-size button-default fusion-button-default button-2 fusion-button-default-span fusion-button-default-type agri-erosion-button-page-next\" target=\"_self\" href=\"https:\/\/agripedia.ch\/erosion\/fr\/?page_id=441&amp;preview=true\"><span class=\"fusion-button-text awb-button__text awb-button__text--default\">Suivant<\/span><\/a><\/div><div class=\"fusion-clearfix\"><\/div><\/div><\/div><\/div><\/div><\/p>\n","protected":false},"excerpt":{"rendered":"","protected":false},"author":44,"featured_media":0,"parent":0,"menu_order":0,"comment_status":"closed","ping_status":"closed","template":"","meta":{"_sb_is_suggestion_mode":false,"_sb_show_suggestion_boards":false,"_sb_show_comment_boards":false,"_sb_suggestion_history":"","_sb_update_block_changes":"","_monsterinsights_skip_tracking":false,"_monsterinsights_sitenote_active":false,"_monsterinsights_sitenote_note":"","_monsterinsights_sitenote_category":0,"footnotes":""},"class_list":["post-301","page","type-page","status-publish","hentry"],"_links":{"self":[{"href":"https:\/\/agripedia.ch\/erosion\/wp-json\/wp\/v2\/pages\/301","targetHints":{"allow":["GET"]}}],"collection":[{"href":"https:\/\/agripedia.ch\/erosion\/wp-json\/wp\/v2\/pages"}],"about":[{"href":"https:\/\/agripedia.ch\/erosion\/wp-json\/wp\/v2\/types\/page"}],"author":[{"embeddable":true,"href":"https:\/\/agripedia.ch\/erosion\/wp-json\/wp\/v2\/users\/44"}],"replies":[{"embeddable":true,"href":"https:\/\/agripedia.ch\/erosion\/wp-json\/wp\/v2\/comments?post=301"}],"version-history":[{"count":19,"href":"https:\/\/agripedia.ch\/erosion\/wp-json\/wp\/v2\/pages\/301\/revisions"}],"predecessor-version":[{"id":1301,"href":"https:\/\/agripedia.ch\/erosion\/wp-json\/wp\/v2\/pages\/301\/revisions\/1301"}],"wp:attachment":[{"href":"https:\/\/agripedia.ch\/erosion\/wp-json\/wp\/v2\/media?parent=301"}],"curies":[{"name":"wp","href":"https:\/\/api.w.org\/{rel}","templated":true}]}}